{"id":99718,"date":"2022-04-26T14:10:12","date_gmt":"2022-04-26T12:10:12","guid":{"rendered":"https:\/\/www.sestogrado.it\/?post_type=product&#038;p=99718"},"modified":"2022-04-26T14:25:53","modified_gmt":"2022-04-26T12:25:53","slug":"petzl-bolt-hcr-chiodo-espansione-acciaio-anticorrosione-hcr-904l-inox-marino","status":"publish","type":"product","link":"https:\/\/www.sestogrado.it\/it\/prodotto\/petzl-bolt-hcr-chiodo-espansione-acciaio-anticorrosione-hcr-904l-inox-marino\/","title":{"rendered":"Petzl Bolt HCR Chiodo espansione acciaio anticorrosione HCR 904L inox marino"},"content":{"rendered":"<p>Petzl Bolt HCR \u00e8 un chiodo ad espansione in acciaio inossidabile HCR 904L. Il tassello in acciaio inossidabile HCR ad Alta Resistenza alla Corrosione \u00e8 l&#8217;ideale per gli ambienti corrosivi.<\/p>\n<p class=\"productSubtitle\">Con tassello del diametro di<strong> 12mm<\/strong> e un <strong>dado<\/strong>, destinato agli utilizzi in ambienti corrosivi e zone di mare, Petzl bolt HCR dura notevolmente pi\u00f9 a lungo dei corrispettivi in acciaio zincato o inossidabile classici, rendendo cos\u00ec la chiodatura e la relativa manutenzione pi\u00f9 sicure e durature negli anni.<\/p>\n<ul>\n<li>Tassello in acciaio inossidabile <strong>HCR 904L<\/strong> ad Alta Resistenza alla Corrosione per gli ambienti corrosivi.<\/li>\n<\/ul>\n<p><img decoding=\"async\" class=\"size-full wp-image-99720 img-fluid alignleft\" src=\"https:\/\/www.sestogrado.it\/wp-content\/uploads\/2022\/04\/Immagine-2022-04-19-122144.png\" alt=\"coeur bolt\" width=\"146\" height=\"161\" srcset=\"https:\/\/www.sestogrado.it\/wp-content\/uploads\/2022\/04\/Immagine-2022-04-19-122144.png 146w, https:\/\/www.sestogrado.it\/wp-content\/uploads\/2022\/04\/Immagine-2022-04-19-122144-73x80.png 73w, https:\/\/www.sestogrado.it\/wp-content\/uploads\/2022\/04\/Immagine-2022-04-19-122144-54x60.png 54w, https:\/\/www.sestogrado.it\/wp-content\/uploads\/2022\/04\/Immagine-2022-04-19-122144-82x90.png 82w\" sizes=\"(max-width: 146px) 100vw, 146px\" \/><\/p>\n<p>&nbsp;<\/p>\n<p>&nbsp;<\/p>\n<p><strong>HCR 25 kN<\/strong><\/p>\n<p>&nbsp;<\/p>\n<p>&nbsp;<\/p>\n<p style=\"text-align: left;\"><img decoding=\"async\" class=\"size-full wp-image-99721 img-fluid alignleft\" src=\"https:\/\/www.sestogrado.it\/wp-content\/uploads\/2022\/04\/Immagine-2022-04-19-122159.png\" alt=\"coeur bolt\" width=\"144\" height=\"180\" srcset=\"https:\/\/www.sestogrado.it\/wp-content\/uploads\/2022\/04\/Immagine-2022-04-19-122159.png 144w, https:\/\/www.sestogrado.it\/wp-content\/uploads\/2022\/04\/Immagine-2022-04-19-122159-64x80.png 64w, https:\/\/www.sestogrado.it\/wp-content\/uploads\/2022\/04\/Immagine-2022-04-19-122159-48x60.png 48w, https:\/\/www.sestogrado.it\/wp-content\/uploads\/2022\/04\/Immagine-2022-04-19-122159-72x90.png 72w\" sizes=\"(max-width: 144px) 100vw, 144px\" \/><\/p>\n<p>&nbsp;<\/p>\n<p>&nbsp;<\/p>\n<p style=\"text-align: left;\"><strong>HCR 18 kN<\/strong><\/p>\n<p>&nbsp;<\/p>\n<p>&nbsp;<\/p>\n<p>&nbsp;<\/p>\n<p>Da abbinare con <a href=\"https:\/\/www.sestogrado.it\/it\/prodotto\/petzl-coeur-bolt-hcr-placchetta-in-acciaio-inossidabile-hcr-904l\/\" target=\"_blank\" rel=\"noopener\">Petzl Coeur Bolt HCR<\/a> placchetta in acciaio inossidabile HCR.<\/p>\n<p>&nbsp;<\/p>\n<p>L\u2019avventura Petzl \u00e8 iniziata con la passione di Fernand Petzl per la speleologia, passione al servizio della quale ha saputo mettere il suo talento di artigiano. Ne \u00e8 nata una competenza per la progettazione e la realizzazione di soluzioni per salire, calarsi, assicurarsi e avanzare nell\u2019oscurit\u00e0. Nel 1970, i primi prodotti marcati \u201cFernand Petzl\u201d sono realizzati nel laboratorio di Saint-Nazaire-les-Eymes (Is\u00e8re, Francia). Da allora, l\u2019azienda Petzl, creata nel 1975, \u00e8 riuscita a crescere e diventare un gruppo internazionale, conservando una dimensione familiare e la passione che animava Fernand Petzl.<\/p>","protected":false},"excerpt":{"rendered":"<p>Petzl Bolt HCR \u00e8 un chiodo ad espansione in acciaio inossidabile HCR 904L. Il tassello in acciaio inossidabile HCR ad [&hellip;]<\/p>\n","protected":false},"featured_media":99739,"comment_status":"open","ping_status":"closed","template":"","meta":{"_acf_changed":false},"product_brand":[50],"product_cat":[343],"product_tag":[1341,1342,1340,1343,1345,1344],"class_list":{"0":"post-99718","1":"product","2":"type-product","3":"status-publish","4":"has-post-thumbnail","6":"product_brand-petzl","7":"product_cat-chiodi-e-ancoraggi","8":"product_tag-chiodo-da-parete","9":"product_tag-chiodo-hcr","10":"product_tag-vite-da-chiodatura","11":"product_tag-vite-hcr","12":"product_tag-vite-roccia-ambiente-marino","13":"product_tag-vite-roccia-hcr","15":"first","16":"instock","17":"sale","18":"taxable","19":"shipping-taxable","20":"purchasable","21":"product-type-simple"},"acf":[],"yoast_head":"<!-- This site is optimized with the Yoast SEO plugin v26.4 - https:\/\/yoast.com\/wordpress\/plugins\/seo\/ -->\n<title>Petzl Bolt HCR Chiodo espansione acciaio anticorrosione HCR 904L inox marino - Sestogrado<\/title>\n<meta name=\"description\" content=\"Petzl Bolt HCR \u00e8 un chiodo ad espansione in acciaio inossidabile HCR. Il tassello in acciaio inossidabile HCR ad Alta Resistenza alla Corrosione \u00e8 l&#039;ideale per gli ambienti corrosivi. Con tassello del diametro di 12mm e un dado, destinato agli utilizzi in ambienti corrosivi e zone di mare, Petzl bolt HCR dura notevolmente pi\u00f9 a lungo dei corrispettivi in acciaio zincato o inossidabile classici, rendendo cos\u00ec la chiodatura e la relativa manutenzione pi\u00f9 sicure e durature negli anni.\" \/>\n<meta name=\"robots\" content=\"index, follow, max-snippet:-1, max-image-preview:large, max-video-preview:-1\" \/>\n<link rel=\"canonical\" href=\"https:\/\/www.sestogrado.it\/it\/prodotto\/petzl-bolt-hcr-chiodo-espansione-acciaio-anticorrosione-hcr-904l-inox-marino\/\" \/>\n<meta property=\"og:locale\" content=\"it_IT\" \/>\n<meta property=\"og:type\" content=\"article\" \/>\n<meta property=\"og:title\" content=\"Petzl Bolt HCR Chiodo espansione acciaio anticorrosione HCR 904L inox marino - Sestogrado\" \/>\n<meta property=\"og:description\" content=\"Petzl Bolt HCR \u00e8 un chiodo ad espansione in acciaio inossidabile HCR. Il tassello in acciaio inossidabile HCR ad Alta Resistenza alla Corrosione \u00e8 l&#039;ideale per gli ambienti corrosivi. Con tassello del diametro di 12mm e un dado, destinato agli utilizzi in ambienti corrosivi e zone di mare, Petzl bolt HCR dura notevolmente pi\u00f9 a lungo dei corrispettivi in acciaio zincato o inossidabile classici, rendendo cos\u00ec la chiodatura e la relativa manutenzione pi\u00f9 sicure e durature negli anni.\" \/>\n<meta property=\"og:url\" content=\"https:\/\/www.sestogrado.it\/it\/prodotto\/petzl-bolt-hcr-chiodo-espansione-acciaio-anticorrosione-hcr-904l-inox-marino\/\" \/>\n<meta property=\"og:site_name\" content=\"Sestogrado\" \/>\n<meta property=\"article:publisher\" content=\"https:\/\/www.facebook.com\/pages\/Sestogrado\/1542635979353017?ref=bookmarks\" \/>\n<meta property=\"article:modified_time\" content=\"2022-04-26T12:25:53+00:00\" \/>\n<meta property=\"og:image\" content=\"https:\/\/www.sestogrado.it\/wp-content\/uploads\/2022\/04\/bolt-12mm.jpg\" \/>\n\t<meta property=\"og:image:width\" content=\"886\" \/>\n\t<meta property=\"og:image:height\" content=\"886\" \/>\n\t<meta property=\"og:image:type\" content=\"image\/jpeg\" \/>\n<meta name=\"twitter:label1\" content=\"Prezzo\" \/>\n\t<meta name=\"twitter:data1\" content=\"&euro;&nbsp;27,50\" \/>\n\t<meta name=\"twitter:label2\" content=\"Disponibilit\u00e0\" \/>\n\t<meta name=\"twitter:data2\" content=\"In stock\" \/>\n<script type=\"application\/ld+json\" class=\"yoast-schema-graph\">{\"@context\":\"https:\/\/schema.org\",\"@graph\":[{\"@type\":\"WebPage\",\"@id\":\"https:\/\/www.sestogrado.it\/it\/prodotto\/petzl-bolt-hcr-chiodo-espansione-acciaio-anticorrosione-hcr-904l-inox-marino\/\",\"url\":\"https:\/\/www.sestogrado.it\/it\/prodotto\/petzl-bolt-hcr-chiodo-espansione-acciaio-anticorrosione-hcr-904l-inox-marino\/\",\"name\":\"Petzl Bolt HCR Chiodo espansione acciaio anticorrosione HCR 904L inox marino - Sestogrado\",\"isPartOf\":{\"@id\":\"https:\/\/www.sestogrado.it\/it\/#website\"},\"primaryImageOfPage\":{\"@id\":\"https:\/\/www.sestogrado.it\/it\/prodotto\/petzl-bolt-hcr-chiodo-espansione-acciaio-anticorrosione-hcr-904l-inox-marino\/#primaryimage\"},\"image\":{\"@id\":\"https:\/\/www.sestogrado.it\/prodotto\/petzl-bolt-hcr-chiodo-espansione-acciaio-anticorrosione-hcr-904l-inox-marino\/#primaryimage\"},\"thumbnailUrl\":\"https:\/\/www.sestogrado.it\/wp-content\/uploads\/2022\/04\/bolt-12mm.jpg\",\"datePublished\":\"2022-04-26T12:10:12+00:00\",\"dateModified\":\"2022-04-26T12:25:53+00:00\",\"description\":\"Petzl Bolt HCR \u00e8 un chiodo ad espansione in acciaio inossidabile HCR. Il tassello in acciaio inossidabile HCR ad Alta Resistenza alla Corrosione \u00e8 l'ideale per gli ambienti corrosivi. Con tassello del diametro di 12mm e un dado, destinato agli utilizzi in ambienti corrosivi e zone di mare, Petzl bolt HCR dura notevolmente pi\u00f9 a lungo dei corrispettivi in acciaio zincato o inossidabile classici, rendendo cos\u00ec la chiodatura e la relativa manutenzione pi\u00f9 sicure e durature negli anni.\",\"breadcrumb\":{\"@id\":\"https:\/\/www.sestogrado.it\/it\/prodotto\/petzl-bolt-hcr-chiodo-espansione-acciaio-anticorrosione-hcr-904l-inox-marino\/#breadcrumb\"},\"inLanguage\":\"it-IT\",\"potentialAction\":[{\"@type\":\"ReadAction\",\"target\":[[\"https:\/\/www.sestogrado.it\/it\/prodotto\/petzl-bolt-hcr-chiodo-espansione-acciaio-anticorrosione-hcr-904l-inox-marino\/\"]]}]},{\"@type\":\"ImageObject\",\"inLanguage\":\"it-IT\",\"@id\":\"https:\/\/www.sestogrado.it\/it\/prodotto\/petzl-bolt-hcr-chiodo-espansione-acciaio-anticorrosione-hcr-904l-inox-marino\/#primaryimage\",\"url\":\"https:\/\/www.sestogrado.it\/wp-content\/uploads\/2022\/04\/bolt-12mm.jpg\",\"contentUrl\":\"https:\/\/www.sestogrado.it\/wp-content\/uploads\/2022\/04\/bolt-12mm.jpg\",\"width\":886,\"height\":886,\"caption\":\"Petzl tassello vite HCR\"},{\"@type\":\"BreadcrumbList\",\"@id\":\"https:\/\/www.sestogrado.it\/it\/prodotto\/petzl-bolt-hcr-chiodo-espansione-acciaio-anticorrosione-hcr-904l-inox-marino\/#breadcrumb\",\"itemListElement\":[{\"@type\":\"ListItem\",\"position\":1,\"name\":\"Home\",\"item\":\"https:\/\/www.sestogrado.it\/it\/\"},{\"@type\":\"ListItem\",\"position\":2,\"name\":\"Shop\",\"item\":\"https:\/\/www.sestogrado.it\/it\/shop\/\"},{\"@type\":\"ListItem\",\"position\":3,\"name\":\"Petzl Bolt HCR Chiodo espansione acciaio anticorrosione HCR 904L inox marino\"}]},{\"@type\":\"WebSite\",\"@id\":\"https:\/\/www.sestogrado.it\/it\/#website\",\"url\":\"https:\/\/www.sestogrado.it\/it\/\",\"name\":\"Sestogrado\",\"description\":\"yes we climb\",\"publisher\":{\"@id\":\"https:\/\/www.sestogrado.it\/it\/#organization\"},\"potentialAction\":[{\"@type\":\"SearchAction\",\"target\":{\"@type\":\"EntryPoint\",\"urlTemplate\":\"https:\/\/www.sestogrado.it\/it\/?s={search_term_string}\"},\"query-input\":{\"@type\":\"PropertyValueSpecification\",\"valueRequired\":true,\"valueName\":\"search_term_string\"}}],\"inLanguage\":\"it-IT\"},{\"@type\":\"Organization\",\"@id\":\"https:\/\/www.sestogrado.it\/it\/#organization\",\"name\":\"Sestogrado\",\"url\":\"https:\/\/www.sestogrado.it\/it\/\",\"logo\":{\"@type\":\"ImageObject\",\"inLanguage\":\"it-IT\",\"@id\":\"https:\/\/www.sestogrado.it\/it\/#\/schema\/logo\/image\/\",\"url\":\"https:\/\/www.sestogrado.it\/wp-content\/uploads\/2015\/03\/sestogrado-favicon.png\",\"contentUrl\":\"https:\/\/www.sestogrado.it\/wp-content\/uploads\/2015\/03\/sestogrado-favicon.png\",\"width\":260,\"height\":260,\"caption\":\"Sestogrado\"},\"image\":{\"@id\":\"https:\/\/www.sestogrado.it\/it\/#\/schema\/logo\/image\/\"},\"sameAs\":[\"https:\/\/www.facebook.com\/pages\/Sestogrado\/1542635979353017?ref=bookmarks\",\"https:\/\/www.youtube.com\/channel\/UC847kAfTkaJsWpc1jtQwr3Q\"],\"hasMerchantReturnPolicy\":{\"@type\":\"MerchantReturnPolicy\",\"merchantReturnLink\":\"https:\/\/www.sestogrado.it\/it\/termini-e-condizioni\/\"}}]}<\/script>\n<meta property=\"product:brand\" content=\"Petzl\" \/>\n<meta property=\"product:price:amount\" content=\"27.50\" \/>\n<meta property=\"product:price:currency\" content=\"EUR\" \/>\n<meta property=\"og:availability\" content=\"instock\" \/>\n<meta property=\"product:availability\" content=\"instock\" \/>\n<meta property=\"product:condition\" content=\"new\" \/>\n<!-- \/ Yoast SEO plugin. -->","yoast_head_json":{"title":"Petzl Bolt HCR Chiodo espansione acciaio anticorrosione HCR 904L inox marino - Sestogrado","description":"Petzl Bolt HCR \u00e8 un chiodo ad espansione in acciaio inossidabile HCR. Il tassello in acciaio inossidabile HCR ad Alta Resistenza alla Corrosione \u00e8 l'ideale per gli ambienti corrosivi. Con tassello del diametro di 12mm e un dado, destinato agli utilizzi in ambienti corrosivi e zone di mare, Petzl bolt HCR dura notevolmente pi\u00f9 a lungo dei corrispettivi in acciaio zincato o inossidabile classici, rendendo cos\u00ec la chiodatura e la relativa manutenzione pi\u00f9 sicure e durature negli anni.","robots":{"index":"index","follow":"follow","max-snippet":"max-snippet:-1","max-image-preview":"max-image-preview:large","max-video-preview":"max-video-preview:-1"},"canonical":"https:\/\/www.sestogrado.it\/it\/prodotto\/petzl-bolt-hcr-chiodo-espansione-acciaio-anticorrosione-hcr-904l-inox-marino\/","og_locale":"it_IT","og_type":"article","og_title":"Petzl Bolt HCR Chiodo espansione acciaio anticorrosione HCR 904L inox marino - Sestogrado","og_description":"Petzl Bolt HCR \u00e8 un chiodo ad espansione in acciaio inossidabile HCR. Il tassello in acciaio inossidabile HCR ad Alta Resistenza alla Corrosione \u00e8 l'ideale per gli ambienti corrosivi. Con tassello del diametro di 12mm e un dado, destinato agli utilizzi in ambienti corrosivi e zone di mare, Petzl bolt HCR dura notevolmente pi\u00f9 a lungo dei corrispettivi in acciaio zincato o inossidabile classici, rendendo cos\u00ec la chiodatura e la relativa manutenzione pi\u00f9 sicure e durature negli anni.","og_url":"https:\/\/www.sestogrado.it\/it\/prodotto\/petzl-bolt-hcr-chiodo-espansione-acciaio-anticorrosione-hcr-904l-inox-marino\/","og_site_name":"Sestogrado","article_publisher":"https:\/\/www.facebook.com\/pages\/Sestogrado\/1542635979353017?ref=bookmarks","article_modified_time":"2022-04-26T12:25:53+00:00","og_image":[{"width":886,"height":886,"url":"https:\/\/www.sestogrado.it\/wp-content\/uploads\/2022\/04\/bolt-12mm.jpg","type":"image\/jpeg"}],"twitter_misc":{"Prezzo":"&euro;&nbsp;27,50","Disponibilit\u00e0":"In stock"},"schema":{"@context":"https:\/\/schema.org","@graph":[{"@type":"WebPage","@id":"https:\/\/www.sestogrado.it\/it\/prodotto\/petzl-bolt-hcr-chiodo-espansione-acciaio-anticorrosione-hcr-904l-inox-marino\/","url":"https:\/\/www.sestogrado.it\/it\/prodotto\/petzl-bolt-hcr-chiodo-espansione-acciaio-anticorrosione-hcr-904l-inox-marino\/","name":"Petzl Bolt HCR Chiodo espansione acciaio anticorrosione HCR 904L inox marino - Sestogrado","isPartOf":{"@id":"https:\/\/www.sestogrado.it\/it\/#website"},"primaryImageOfPage":{"@id":"https:\/\/www.sestogrado.it\/it\/prodotto\/petzl-bolt-hcr-chiodo-espansione-acciaio-anticorrosione-hcr-904l-inox-marino\/#primaryimage"},"image":{"@id":"https:\/\/www.sestogrado.it\/prodotto\/petzl-bolt-hcr-chiodo-espansione-acciaio-anticorrosione-hcr-904l-inox-marino\/#primaryimage"},"thumbnailUrl":"https:\/\/www.sestogrado.it\/wp-content\/uploads\/2022\/04\/bolt-12mm.jpg","datePublished":"2022-04-26T12:10:12+00:00","dateModified":"2022-04-26T12:25:53+00:00","description":"Petzl Bolt HCR \u00e8 un chiodo ad espansione in acciaio inossidabile HCR. Il tassello in acciaio inossidabile HCR ad Alta Resistenza alla Corrosione \u00e8 l'ideale per gli ambienti corrosivi. Con tassello del diametro di 12mm e un dado, destinato agli utilizzi in ambienti corrosivi e zone di mare, Petzl bolt HCR dura notevolmente pi\u00f9 a lungo dei corrispettivi in acciaio zincato o inossidabile classici, rendendo cos\u00ec la chiodatura e la relativa manutenzione pi\u00f9 sicure e durature negli anni.","breadcrumb":{"@id":"https:\/\/www.sestogrado.it\/it\/prodotto\/petzl-bolt-hcr-chiodo-espansione-acciaio-anticorrosione-hcr-904l-inox-marino\/#breadcrumb"},"inLanguage":"it-IT","potentialAction":[{"@type":"ReadAction","target":[["https:\/\/www.sestogrado.it\/it\/prodotto\/petzl-bolt-hcr-chiodo-espansione-acciaio-anticorrosione-hcr-904l-inox-marino\/"]]}]},{"@type":"ImageObject","inLanguage":"it-IT","@id":"https:\/\/www.sestogrado.it\/it\/prodotto\/petzl-bolt-hcr-chiodo-espansione-acciaio-anticorrosione-hcr-904l-inox-marino\/#primaryimage","url":"https:\/\/www.sestogrado.it\/wp-content\/uploads\/2022\/04\/bolt-12mm.jpg","contentUrl":"https:\/\/www.sestogrado.it\/wp-content\/uploads\/2022\/04\/bolt-12mm.jpg","width":886,"height":886,"caption":"Petzl tassello vite HCR"},{"@type":"BreadcrumbList","@id":"https:\/\/www.sestogrado.it\/it\/prodotto\/petzl-bolt-hcr-chiodo-espansione-acciaio-anticorrosione-hcr-904l-inox-marino\/#breadcrumb","itemListElement":[{"@type":"ListItem","position":1,"name":"Home","item":"https:\/\/www.sestogrado.it\/it\/"},{"@type":"ListItem","position":2,"name":"Shop","item":"https:\/\/www.sestogrado.it\/it\/shop\/"},{"@type":"ListItem","position":3,"name":"Petzl Bolt HCR Chiodo espansione acciaio anticorrosione HCR 904L inox marino"}]},{"@type":"WebSite","@id":"https:\/\/www.sestogrado.it\/it\/#website","url":"https:\/\/www.sestogrado.it\/it\/","name":"Sestogrado","description":"yes we climb","publisher":{"@id":"https:\/\/www.sestogrado.it\/it\/#organization"},"potentialAction":[{"@type":"SearchAction","target":{"@type":"EntryPoint","urlTemplate":"https:\/\/www.sestogrado.it\/it\/?s={search_term_string}"},"query-input":{"@type":"PropertyValueSpecification","valueRequired":true,"valueName":"search_term_string"}}],"inLanguage":"it-IT"},{"@type":"Organization","@id":"https:\/\/www.sestogrado.it\/it\/#organization","name":"Sestogrado","url":"https:\/\/www.sestogrado.it\/it\/","logo":{"@type":"ImageObject","inLanguage":"it-IT","@id":"https:\/\/www.sestogrado.it\/it\/#\/schema\/logo\/image\/","url":"https:\/\/www.sestogrado.it\/wp-content\/uploads\/2015\/03\/sestogrado-favicon.png","contentUrl":"https:\/\/www.sestogrado.it\/wp-content\/uploads\/2015\/03\/sestogrado-favicon.png","width":260,"height":260,"caption":"Sestogrado"},"image":{"@id":"https:\/\/www.sestogrado.it\/it\/#\/schema\/logo\/image\/"},"sameAs":["https:\/\/www.facebook.com\/pages\/Sestogrado\/1542635979353017?ref=bookmarks","https:\/\/www.youtube.com\/channel\/UC847kAfTkaJsWpc1jtQwr3Q"],"hasMerchantReturnPolicy":{"@type":"MerchantReturnPolicy","merchantReturnLink":"https:\/\/www.sestogrado.it\/it\/termini-e-condizioni\/"}}]},"product_brand":"Petzl","product_price_amount":"27.50","product_price_currency":"EUR","og_availability":"instock","product_availability":"instock","product_condition":"new"},"_links":{"self":[{"href":"https:\/\/www.sestogrado.it\/it\/wp-json\/wp\/v2\/product\/99718","targetHints":{"allow":["GET"]}}],"collection":[{"href":"https:\/\/www.sestogrado.it\/it\/wp-json\/wp\/v2\/product"}],"about":[{"href":"https:\/\/www.sestogrado.it\/it\/wp-json\/wp\/v2\/types\/product"}],"replies":[{"embeddable":true,"href":"https:\/\/www.sestogrado.it\/it\/wp-json\/wp\/v2\/comments?post=99718"}],"wp:featuredmedia":[{"embeddable":true,"href":"https:\/\/www.sestogrado.it\/it\/wp-json\/wp\/v2\/media\/99739"}],"wp:attachment":[{"href":"https:\/\/www.sestogrado.it\/it\/wp-json\/wp\/v2\/media?parent=99718"}],"wp:term":[{"taxonomy":"product_brand","embeddable":true,"href":"https:\/\/www.sestogrado.it\/it\/wp-json\/wp\/v2\/product_brand?post=99718"},{"taxonomy":"product_cat","embeddable":true,"href":"https:\/\/www.sestogrado.it\/it\/wp-json\/wp\/v2\/product_cat?post=99718"},{"taxonomy":"product_tag","embeddable":true,"href":"https:\/\/www.sestogrado.it\/it\/wp-json\/wp\/v2\/product_tag?post=99718"}],"curies":[{"name":"wp","href":"https:\/\/api.w.org\/{rel}","templated":true}]}}