{"id":9920,"date":"2017-02-03T15:51:08","date_gmt":"2017-02-03T14:51:08","guid":{"rendered":"http:\/\/www.sestogrado.it\/?post_type=product&#038;p=9920"},"modified":"2026-03-29T17:37:42","modified_gmt":"2026-03-29T15:37:42","slug":"petzl-sumtec-piccozza-arrampicata","status":"publish","type":"product","link":"https:\/\/www.sestogrado.it\/it\/prodotto\/petzl-sumtec-piccozza-arrampicata\/","title":{"rendered":"Petzl Sum&#8217;tec piccozza arrampicata"},"content":{"rendered":"<p>La PETZL SUM&#8217;TEC \u00e8 una piccozza tecnica leggera e polivalente, a met\u00e0 tra le piccozze classiche e le piccozze\u00a0d&#8217;arrampicata su ghiaccio.<\/p>\n<p>La piccozza SUM&#8217;TEC \u00e8 un esempio di polivalenza: si adatta facilmente a tutte le salite dall&#8217;alpinismo classico a quello tecnico. La sua totale modularit\u00e0 consente di ottimizzarla in base agli obiettivi. L&#8217;appoggio TRIGREST regolabile senza attrezzi e la compatibilit\u00e0 con la maggior parte degli accessori Petzl (lama PUR&#8217;ICE e DRY, MASSELOTTES&#8230;) garantiscono l&#8217;efficacia necessaria per i passaggi difficili.<\/p>\n<ul>\n<li>Tecnicit\u00e0:<\/li>\n<li>lama ICE affinata all&#8217;estremit\u00e0 per una facile penetrazione in tutti i tipi di ghiaccio,<br \/>\n&#8211; l&#8217;appoggio TRIGREST consente di regolare, rapidamente e senza attrezzi, la posizione della mano o dell&#8217;indice in posizione di trazione,<br \/>\n&#8211; manico con punta in acciaio per appoggi solidi come piccozza bastone.<\/li>\n<li>Polivalenza:<br \/>\n&#8211; manico curvo che assicura una buona efficacia d&#8217;ancoraggio, proteggendo la mano,<br \/>\n&#8211; manico sufficientemente dritto per piantare la piccozza efficacemente nella neve e restare comodo nella progressione.<\/li>\n<li>Totale modularit\u00e0 della piccozza:<br \/>\n&#8211; intercambiabilit\u00e0 delle lame per adattarsi ai vari obiettivi di salita,<br \/>\n&#8211; paletta e martello intercambiabili,<br \/>\n&#8211; aggiunta di masse di equilibratura (in opzione) per migliorare la qualit\u00e0 d&#8217;ancoraggio,<br \/>\n&#8211; compatibilit\u00e0 degli accessori Petzl con le piccozze QUARK, NOMIC e ERGO.<br \/>\n&#8211; disponibile in due versioni: paletta o martello sempre nella lunghezza del manico di 52cm<\/li>\n<\/ul>\n<p>La Petzl Sum&#8217;Tec in versione martello \u00e8 una\u00a0piccozza estremamente leggera e adatta per l&#8217;alpinismo tecnico. Consente l&#8217;avanzata in\u00a0piolet traction in situazioni di manti nevosi, e al contempo la testa appuntita e dentellata offre un&#8217;ottimo grip quando si tratta di vera e propria arrampicata verticale su ghiaccio. La versione\u00a0con la testa a martello consente inoltre di inserire un chiodo o di stringere un ancoraggio.<\/p>","protected":false},"excerpt":{"rendered":"<p>La PETZL SUM&#8217;TEC \u00e8 una piccozza tecnica leggera e polivalente, a met\u00e0 tra le piccozze classiche e le piccozze\u00a0d&#8217;arrampicata su [&hellip;]<\/p>\n","protected":false},"featured_media":11923,"comment_status":"open","ping_status":"closed","template":"","meta":{"_acf_changed":false},"product_brand":[50],"product_cat":[152],"product_tag":[],"class_list":{"0":"post-9920","1":"product","2":"type-product","3":"status-publish","4":"has-post-thumbnail","6":"product_brand-petzl","7":"product_cat-piccozze","9":"first","10":"instock","11":"sale","12":"taxable","13":"shipping-taxable","14":"purchasable","15":"product-type-variable"},"acf":[],"yoast_head":"<!-- This site is optimized with the Yoast SEO plugin v26.4 - https:\/\/yoast.com\/wordpress\/plugins\/seo\/ -->\n<title>Petzl Sum&#039;tec piccozza arrampicata - Sestogrado<\/title>\n<meta name=\"description\" content=\"La PETZL SUM&#039;TEC \u00e8 una piccozza tecnica leggera e polivalente, a met\u00e0 tra le piccozze classiche e le piccozze d&#039;arrampicata su ghiaccio. La piccozza SUM&#039;TEC \u00e8 un esempio di polivalenza: si adatta facilmente a tutte le salite dall&#039;alpinismo classico a quello tecnico. Martello e paletta.\" \/>\n<meta name=\"robots\" content=\"index, follow, max-snippet:-1, max-image-preview:large, max-video-preview:-1\" \/>\n<link rel=\"canonical\" href=\"https:\/\/www.sestogrado.it\/it\/prodotto\/petzl-sumtec-piccozza-arrampicata\/\" \/>\n<meta property=\"og:locale\" content=\"it_IT\" \/>\n<meta property=\"og:type\" content=\"article\" \/>\n<meta property=\"og:title\" content=\"Petzl Sum&#039;tec piccozza arrampicata - Sestogrado\" \/>\n<meta property=\"og:description\" content=\"La PETZL SUM&#039;TEC \u00e8 una piccozza tecnica leggera e polivalente, a met\u00e0 tra le piccozze classiche e le piccozze d&#039;arrampicata su ghiaccio. La piccozza SUM&#039;TEC \u00e8 un esempio di polivalenza: si adatta facilmente a tutte le salite dall&#039;alpinismo classico a quello tecnico. Martello e paletta.\" \/>\n<meta property=\"og:url\" content=\"https:\/\/www.sestogrado.it\/it\/prodotto\/petzl-sumtec-piccozza-arrampicata\/\" \/>\n<meta property=\"og:site_name\" content=\"Sestogrado\" \/>\n<meta property=\"article:publisher\" content=\"https:\/\/www.facebook.com\/pages\/Sestogrado\/1542635979353017?ref=bookmarks\" \/>\n<meta property=\"article:modified_time\" content=\"2026-03-29T15:37:42+00:00\" \/>\n<meta property=\"og:image\" content=\"https:\/\/www.sestogrado.it\/wp-content\/uploads\/2017\/02\/01-8.jpg\" \/>\n\t<meta property=\"og:image:width\" content=\"1283\" \/>\n\t<meta property=\"og:image:height\" content=\"1710\" \/>\n\t<meta property=\"og:image:type\" content=\"image\/jpeg\" \/>\n<meta name=\"twitter:label1\" content=\"Disponibilit\u00e0\" \/>\n\t<meta name=\"twitter:data1\" content=\"In stock\" \/>\n<script type=\"application\/ld+json\" class=\"yoast-schema-graph\">{\"@context\":\"https:\/\/schema.org\",\"@graph\":[{\"@type\":\"WebPage\",\"@id\":\"https:\/\/www.sestogrado.it\/it\/prodotto\/petzl-sumtec-piccozza-arrampicata\/\",\"url\":\"https:\/\/www.sestogrado.it\/it\/prodotto\/petzl-sumtec-piccozza-arrampicata\/\",\"name\":\"Petzl Sum'tec piccozza arrampicata - Sestogrado\",\"isPartOf\":{\"@id\":\"https:\/\/www.sestogrado.it\/it\/#website\"},\"primaryImageOfPage\":{\"@id\":\"https:\/\/www.sestogrado.it\/it\/prodotto\/petzl-sumtec-piccozza-arrampicata\/#primaryimage\"},\"image\":{\"@id\":\"https:\/\/www.sestogrado.it\/prodotto\/petzl-sumtec-piccozza-arrampicata\/#primaryimage\"},\"thumbnailUrl\":\"https:\/\/www.sestogrado.it\/wp-content\/uploads\/2017\/02\/01-8.jpg\",\"datePublished\":\"2017-02-03T14:51:08+00:00\",\"dateModified\":\"2026-03-29T15:37:42+00:00\",\"description\":\"La PETZL SUM'TEC \u00e8 una piccozza tecnica leggera e polivalente, a met\u00e0 tra le piccozze classiche e le piccozze d'arrampicata su ghiaccio. La piccozza SUM'TEC \u00e8 un esempio di polivalenza: si adatta facilmente a tutte le salite dall'alpinismo classico a quello tecnico. Martello e paletta.\",\"breadcrumb\":{\"@id\":\"https:\/\/www.sestogrado.it\/it\/prodotto\/petzl-sumtec-piccozza-arrampicata\/#breadcrumb\"},\"inLanguage\":\"it-IT\",\"potentialAction\":[{\"@type\":\"ReadAction\",\"target\":[[\"https:\/\/www.sestogrado.it\/it\/prodotto\/petzl-sumtec-piccozza-arrampicata\/\"]]}]},{\"@type\":\"ImageObject\",\"inLanguage\":\"it-IT\",\"@id\":\"https:\/\/www.sestogrado.it\/it\/prodotto\/petzl-sumtec-piccozza-arrampicata\/#primaryimage\",\"url\":\"https:\/\/www.sestogrado.it\/wp-content\/uploads\/2017\/02\/01-8.jpg\",\"contentUrl\":\"https:\/\/www.sestogrado.it\/wp-content\/uploads\/2017\/02\/01-8.jpg\",\"width\":1283,\"height\":1710,\"caption\":\"petzl sum'tec\"},{\"@type\":\"BreadcrumbList\",\"@id\":\"https:\/\/www.sestogrado.it\/it\/prodotto\/petzl-sumtec-piccozza-arrampicata\/#breadcrumb\",\"itemListElement\":[{\"@type\":\"ListItem\",\"position\":1,\"name\":\"Home\",\"item\":\"https:\/\/www.sestogrado.it\/it\/\"},{\"@type\":\"ListItem\",\"position\":2,\"name\":\"Shop\",\"item\":\"https:\/\/www.sestogrado.it\/it\/shop\/\"},{\"@type\":\"ListItem\",\"position\":3,\"name\":\"Petzl Sum&#8217;tec piccozza arrampicata\"}]},{\"@type\":\"WebSite\",\"@id\":\"https:\/\/www.sestogrado.it\/it\/#website\",\"url\":\"https:\/\/www.sestogrado.it\/it\/\",\"name\":\"Sestogrado\",\"description\":\"yes we climb\",\"publisher\":{\"@id\":\"https:\/\/www.sestogrado.it\/it\/#organization\"},\"potentialAction\":[{\"@type\":\"SearchAction\",\"target\":{\"@type\":\"EntryPoint\",\"urlTemplate\":\"https:\/\/www.sestogrado.it\/it\/?s={search_term_string}\"},\"query-input\":{\"@type\":\"PropertyValueSpecification\",\"valueRequired\":true,\"valueName\":\"search_term_string\"}}],\"inLanguage\":\"it-IT\"},{\"@type\":\"Organization\",\"@id\":\"https:\/\/www.sestogrado.it\/it\/#organization\",\"name\":\"Sestogrado\",\"url\":\"https:\/\/www.sestogrado.it\/it\/\",\"logo\":{\"@type\":\"ImageObject\",\"inLanguage\":\"it-IT\",\"@id\":\"https:\/\/www.sestogrado.it\/it\/#\/schema\/logo\/image\/\",\"url\":\"https:\/\/www.sestogrado.it\/wp-content\/uploads\/2015\/03\/sestogrado-favicon.png\",\"contentUrl\":\"https:\/\/www.sestogrado.it\/wp-content\/uploads\/2015\/03\/sestogrado-favicon.png\",\"width\":260,\"height\":260,\"caption\":\"Sestogrado\"},\"image\":{\"@id\":\"https:\/\/www.sestogrado.it\/it\/#\/schema\/logo\/image\/\"},\"sameAs\":[\"https:\/\/www.facebook.com\/pages\/Sestogrado\/1542635979353017?ref=bookmarks\",\"https:\/\/www.youtube.com\/channel\/UC847kAfTkaJsWpc1jtQwr3Q\"],\"hasMerchantReturnPolicy\":{\"@type\":\"MerchantReturnPolicy\",\"merchantReturnLink\":\"https:\/\/www.sestogrado.it\/it\/termini-e-condizioni\/\"}}]}<\/script>\n<meta property=\"product:brand\" content=\"Petzl\" \/>\n<meta property=\"og:availability\" content=\"instock\" \/>\n<meta property=\"product:availability\" content=\"instock\" \/>\n<meta property=\"product:condition\" content=\"new\" \/>\n<!-- \/ Yoast SEO plugin. -->","yoast_head_json":{"title":"Petzl Sum'tec piccozza arrampicata - Sestogrado","description":"La PETZL SUM'TEC \u00e8 una piccozza tecnica leggera e polivalente, a met\u00e0 tra le piccozze classiche e le piccozze d'arrampicata su ghiaccio. La piccozza SUM'TEC \u00e8 un esempio di polivalenza: si adatta facilmente a tutte le salite dall'alpinismo classico a quello tecnico. Martello e paletta.","robots":{"index":"index","follow":"follow","max-snippet":"max-snippet:-1","max-image-preview":"max-image-preview:large","max-video-preview":"max-video-preview:-1"},"canonical":"https:\/\/www.sestogrado.it\/it\/prodotto\/petzl-sumtec-piccozza-arrampicata\/","og_locale":"it_IT","og_type":"article","og_title":"Petzl Sum'tec piccozza arrampicata - Sestogrado","og_description":"La PETZL SUM'TEC \u00e8 una piccozza tecnica leggera e polivalente, a met\u00e0 tra le piccozze classiche e le piccozze d'arrampicata su ghiaccio. La piccozza SUM'TEC \u00e8 un esempio di polivalenza: si adatta facilmente a tutte le salite dall'alpinismo classico a quello tecnico. Martello e paletta.","og_url":"https:\/\/www.sestogrado.it\/it\/prodotto\/petzl-sumtec-piccozza-arrampicata\/","og_site_name":"Sestogrado","article_publisher":"https:\/\/www.facebook.com\/pages\/Sestogrado\/1542635979353017?ref=bookmarks","article_modified_time":"2026-03-29T15:37:42+00:00","og_image":[{"width":1283,"height":1710,"url":"https:\/\/www.sestogrado.it\/wp-content\/uploads\/2017\/02\/01-8.jpg","type":"image\/jpeg"}],"twitter_misc":{"Disponibilit\u00e0":"In stock"},"schema":{"@context":"https:\/\/schema.org","@graph":[{"@type":"WebPage","@id":"https:\/\/www.sestogrado.it\/it\/prodotto\/petzl-sumtec-piccozza-arrampicata\/","url":"https:\/\/www.sestogrado.it\/it\/prodotto\/petzl-sumtec-piccozza-arrampicata\/","name":"Petzl Sum'tec piccozza arrampicata - Sestogrado","isPartOf":{"@id":"https:\/\/www.sestogrado.it\/it\/#website"},"primaryImageOfPage":{"@id":"https:\/\/www.sestogrado.it\/it\/prodotto\/petzl-sumtec-piccozza-arrampicata\/#primaryimage"},"image":{"@id":"https:\/\/www.sestogrado.it\/prodotto\/petzl-sumtec-piccozza-arrampicata\/#primaryimage"},"thumbnailUrl":"https:\/\/www.sestogrado.it\/wp-content\/uploads\/2017\/02\/01-8.jpg","datePublished":"2017-02-03T14:51:08+00:00","dateModified":"2026-03-29T15:37:42+00:00","description":"La PETZL SUM'TEC \u00e8 una piccozza tecnica leggera e polivalente, a met\u00e0 tra le piccozze classiche e le piccozze d'arrampicata su ghiaccio. La piccozza SUM'TEC \u00e8 un esempio di polivalenza: si adatta facilmente a tutte le salite dall'alpinismo classico a quello tecnico. Martello e paletta.","breadcrumb":{"@id":"https:\/\/www.sestogrado.it\/it\/prodotto\/petzl-sumtec-piccozza-arrampicata\/#breadcrumb"},"inLanguage":"it-IT","potentialAction":[{"@type":"ReadAction","target":[["https:\/\/www.sestogrado.it\/it\/prodotto\/petzl-sumtec-piccozza-arrampicata\/"]]}]},{"@type":"ImageObject","inLanguage":"it-IT","@id":"https:\/\/www.sestogrado.it\/it\/prodotto\/petzl-sumtec-piccozza-arrampicata\/#primaryimage","url":"https:\/\/www.sestogrado.it\/wp-content\/uploads\/2017\/02\/01-8.jpg","contentUrl":"https:\/\/www.sestogrado.it\/wp-content\/uploads\/2017\/02\/01-8.jpg","width":1283,"height":1710,"caption":"petzl sum'tec"},{"@type":"BreadcrumbList","@id":"https:\/\/www.sestogrado.it\/it\/prodotto\/petzl-sumtec-piccozza-arrampicata\/#breadcrumb","itemListElement":[{"@type":"ListItem","position":1,"name":"Home","item":"https:\/\/www.sestogrado.it\/it\/"},{"@type":"ListItem","position":2,"name":"Shop","item":"https:\/\/www.sestogrado.it\/it\/shop\/"},{"@type":"ListItem","position":3,"name":"Petzl Sum&#8217;tec piccozza arrampicata"}]},{"@type":"WebSite","@id":"https:\/\/www.sestogrado.it\/it\/#website","url":"https:\/\/www.sestogrado.it\/it\/","name":"Sestogrado","description":"yes we climb","publisher":{"@id":"https:\/\/www.sestogrado.it\/it\/#organization"},"potentialAction":[{"@type":"SearchAction","target":{"@type":"EntryPoint","urlTemplate":"https:\/\/www.sestogrado.it\/it\/?s={search_term_string}"},"query-input":{"@type":"PropertyValueSpecification","valueRequired":true,"valueName":"search_term_string"}}],"inLanguage":"it-IT"},{"@type":"Organization","@id":"https:\/\/www.sestogrado.it\/it\/#organization","name":"Sestogrado","url":"https:\/\/www.sestogrado.it\/it\/","logo":{"@type":"ImageObject","inLanguage":"it-IT","@id":"https:\/\/www.sestogrado.it\/it\/#\/schema\/logo\/image\/","url":"https:\/\/www.sestogrado.it\/wp-content\/uploads\/2015\/03\/sestogrado-favicon.png","contentUrl":"https:\/\/www.sestogrado.it\/wp-content\/uploads\/2015\/03\/sestogrado-favicon.png","width":260,"height":260,"caption":"Sestogrado"},"image":{"@id":"https:\/\/www.sestogrado.it\/it\/#\/schema\/logo\/image\/"},"sameAs":["https:\/\/www.facebook.com\/pages\/Sestogrado\/1542635979353017?ref=bookmarks","https:\/\/www.youtube.com\/channel\/UC847kAfTkaJsWpc1jtQwr3Q"],"hasMerchantReturnPolicy":{"@type":"MerchantReturnPolicy","merchantReturnLink":"https:\/\/www.sestogrado.it\/it\/termini-e-condizioni\/"}}]},"product_brand":"Petzl","og_availability":"instock","product_availability":"instock","product_condition":"new"},"_links":{"self":[{"href":"https:\/\/www.sestogrado.it\/it\/wp-json\/wp\/v2\/product\/9920","targetHints":{"allow":["GET"]}}],"collection":[{"href":"https:\/\/www.sestogrado.it\/it\/wp-json\/wp\/v2\/product"}],"about":[{"href":"https:\/\/www.sestogrado.it\/it\/wp-json\/wp\/v2\/types\/product"}],"replies":[{"embeddable":true,"href":"https:\/\/www.sestogrado.it\/it\/wp-json\/wp\/v2\/comments?post=9920"}],"wp:featuredmedia":[{"embeddable":true,"href":"https:\/\/www.sestogrado.it\/it\/wp-json\/wp\/v2\/media\/11923"}],"wp:attachment":[{"href":"https:\/\/www.sestogrado.it\/it\/wp-json\/wp\/v2\/media?parent=9920"}],"wp:term":[{"taxonomy":"product_brand","embeddable":true,"href":"https:\/\/www.sestogrado.it\/it\/wp-json\/wp\/v2\/product_brand?post=9920"},{"taxonomy":"product_cat","embeddable":true,"href":"https:\/\/www.sestogrado.it\/it\/wp-json\/wp\/v2\/product_cat?post=9920"},{"taxonomy":"product_tag","embeddable":true,"href":"https:\/\/www.sestogrado.it\/it\/wp-json\/wp\/v2\/product_tag?post=9920"}],"curies":[{"name":"wp","href":"https:\/\/api.w.org\/{rel}","templated":true}]}}