{"id":98576,"date":"2022-04-15T12:00:13","date_gmt":"2022-04-15T10:00:13","guid":{"rendered":"https:\/\/www.sestogrado.it\/?post_type=product&#038;p=98576"},"modified":"2026-04-16T09:04:39","modified_gmt":"2026-04-16T07:04:39","slug":"millet-prolighter-22-zaino-arrampicata","status":"publish","type":"product","link":"https:\/\/www.sestogrado.it\/it\/prodotto\/millet-prolighter-22-zaino-arrampicata\/","title":{"rendered":"Millet Prolighter 22 zaino arrampicata vie multipitch"},"content":{"rendered":"<p>Il Millet Prolighter 22 \u00e8 uno zaino alpinistico di basso litraggio, compatto e leggero per attivit\u00e0 in montagna<strong> fast and light<\/strong> o per le gite di una giornata. Nella realizzazione del Prolighter \u00e8 stata posta massima attenzione alla <strong>libert\u00e0 di movimento<\/strong>, e questa libert\u00e0 \u00e8 la linea guida nella realizzazione del suo design.<\/p>\n<p>Dispone di<strong> cinturone e cinghie regolabili<\/strong>, oltre che diversi scompartimenti curati e funzionali per il trasporto dell&#8217;attrezzatura, come sci, piccozza etc.<\/p>\n<p>Il tessuto \u00e8 un bellissimo filato a contrasto. Il Prolighter 22 \u00e8 uno zaino tecnico, dedicato all&#8217;alpinismo estivo e invernale, ed alle gite in cui vuoi stare leggero.<\/p>\n<ul>\n<li>Cinturino regolabile sullo sterno<\/li>\n<li>Cinghia da cintura removibile<\/li>\n<li>Cinghie ergonomiche<\/li>\n<li>4 cinghie di compressione laterali<\/li>\n<li>Cinghie di regolazione del carico<\/li>\n<li>Porta attrezzi<\/li>\n<li>Portasci laterale<\/li>\n<li>Porta piccozza FPP\u2122<\/li>\n<li>Chiusura con zip<\/li>\n<li>1 tasca laterale in rete<\/li>\n<li>1 tasca frontale con cerniera<\/li>\n<li>Scomparto del <a href=\"https:\/\/www.sestogrado.it\/it\/categoria-prodotto\/accessori\/idratazione\/\" target=\"_blank\" rel=\"noopener\">sistema di idratazione<\/a><\/li>\n<li>Con tecnologia Xlighter back traspirante<\/li>\n<li>Senza PFC<\/li>\n<li>Volume 22L<\/li>\n<li>Lunghezza schienale 48cm<\/li>\n<li>Peso 630 g<\/li>\n<\/ul>\n<p><img decoding=\"async\" class=\"alignnone size-full wp-image-98677 img-fluid\" src=\"https:\/\/www.sestogrado.it\/wp-content\/uploads\/2022\/04\/porta-picche.jpg\" alt=\"Ice-pick holder\" width=\"200\" height=\"200\" srcset=\"https:\/\/www.sestogrado.it\/wp-content\/uploads\/2022\/04\/porta-picche.jpg 200w, https:\/\/www.sestogrado.it\/wp-content\/uploads\/2022\/04\/porta-picche-100x100.jpg 100w, https:\/\/www.sestogrado.it\/wp-content\/uploads\/2022\/04\/porta-picche-150x150.jpg 150w, https:\/\/www.sestogrado.it\/wp-content\/uploads\/2022\/04\/porta-picche-45x45.jpg 45w, https:\/\/www.sestogrado.it\/wp-content\/uploads\/2022\/04\/porta-picche-80x80.jpg 80w, https:\/\/www.sestogrado.it\/wp-content\/uploads\/2022\/04\/porta-picche-60x60.jpg 60w, https:\/\/www.sestogrado.it\/wp-content\/uploads\/2022\/04\/porta-picche-90x90.jpg 90w\" sizes=\"(max-width: 200px) 100vw, 200px\" \/><\/p>\n<p><em><strong>Con sistema porta picche FPP\u2122<\/strong><\/em><\/p>\n<p>&nbsp;<\/p>\n<p>Il Millet Prolighter 22 \u00e8 uno zaino funzionale e con un design pi\u00f9 leggero e uno stile pi\u00f9 pulito. Rimane un best seller per l&#8217;arrampicata estiva e le brevi fughe in montagna.<\/p>\n<p>&nbsp;<\/p>\n<p>Nel 1934, venne lanciato sul mercato il primo zaino Millet. L\u2019attrezzatura Millet si distingue per leggerezza, durata e alta qualit\u00e0. L\u2019azienda si basa sull\u2019esperienza dei migliori alpinisti, come ad esempio Reinhold Messner. Nel 1978 l\u2019alpinista altoatesino ha conquistato la vetta pi\u00f9 alta del mondo: senza maschera di ossigeno, ma con l\u00b4attrezzatura Millet.<\/p>","protected":false},"excerpt":{"rendered":"<p>Il Millet Prolighter 22 \u00e8 uno zaino alpinistico di basso litraggio, compatto e leggero per attivit\u00e0 in montagna fast and [&hellip;]<\/p>\n","protected":false},"featured_media":99990,"comment_status":"open","ping_status":"closed","template":"","meta":{"_acf_changed":false},"product_brand":[312],"product_cat":[389],"product_tag":[],"class_list":{"0":"post-98576","1":"product","2":"type-product","3":"status-publish","4":"has-post-thumbnail","6":"product_brand-millet","7":"product_cat-zaini-alpinismo","9":"first","10":"instock","11":"sale","12":"taxable","13":"shipping-taxable","14":"purchasable","15":"product-type-variable"},"acf":[],"yoast_head":"<!-- This site is optimized with the Yoast SEO plugin v26.4 - https:\/\/yoast.com\/wordpress\/plugins\/seo\/ -->\n<title>Millet Prolighter 22 zaino arrampicata vie multipitch - Sestogrado<\/title>\n<meta name=\"description\" content=\"Il Millet Prolighter 22 \u00e8 uno zaino alpinistico di basso litraggio, compatto e leggero per attivit\u00e0 in montagna fast and light o per le gite di una giornata. Nella realizzazione del Prolighter \u00e8 stata posta massima attenzione alla libert\u00e0 di movimento, e questa libert\u00e0 \u00e8 la linea guida nella realizzazione del suo design. Dispone di cinturone e cinghie regolabili, oltre che diversi scompartimenti curati e funzionali per il trasporto dell&#039;attrezzatura, come sci, piccozza etc. Il tessuto \u00e8 un bellissimo filato a contrasto. Il Prolighter 22 \u00e8 uno zaino tecnico, dedicato all&#039;alpinismo estivo e invernale, ed alle gite in cui vuoi stare leggero.\" \/>\n<meta name=\"robots\" content=\"index, follow, max-snippet:-1, max-image-preview:large, max-video-preview:-1\" \/>\n<link rel=\"canonical\" href=\"https:\/\/www.sestogrado.it\/it\/prodotto\/millet-prolighter-22-zaino-arrampicata\/\" \/>\n<meta property=\"og:locale\" content=\"it_IT\" \/>\n<meta property=\"og:type\" content=\"article\" \/>\n<meta property=\"og:title\" content=\"Millet Prolighter 22 zaino arrampicata vie multipitch - Sestogrado\" \/>\n<meta property=\"og:description\" content=\"Il Millet Prolighter 22 \u00e8 uno zaino alpinistico di basso litraggio, compatto e leggero per attivit\u00e0 in montagna fast and light o per le gite di una giornata. Nella realizzazione del Prolighter \u00e8 stata posta massima attenzione alla libert\u00e0 di movimento, e questa libert\u00e0 \u00e8 la linea guida nella realizzazione del suo design. Dispone di cinturone e cinghie regolabili, oltre che diversi scompartimenti curati e funzionali per il trasporto dell&#039;attrezzatura, come sci, piccozza etc. Il tessuto \u00e8 un bellissimo filato a contrasto. Il Prolighter 22 \u00e8 uno zaino tecnico, dedicato all&#039;alpinismo estivo e invernale, ed alle gite in cui vuoi stare leggero.\" \/>\n<meta property=\"og:url\" content=\"https:\/\/www.sestogrado.it\/it\/prodotto\/millet-prolighter-22-zaino-arrampicata\/\" \/>\n<meta property=\"og:site_name\" content=\"Sestogrado\" \/>\n<meta property=\"article:publisher\" content=\"https:\/\/www.facebook.com\/pages\/Sestogrado\/1542635979353017?ref=bookmarks\" \/>\n<meta property=\"article:modified_time\" content=\"2026-04-16T07:04:39+00:00\" \/>\n<meta property=\"og:image\" content=\"https:\/\/www.sestogrado.it\/wp-content\/uploads\/2022\/04\/saphir-1.jpg\" \/>\n\t<meta property=\"og:image:width\" content=\"900\" \/>\n\t<meta property=\"og:image:height\" content=\"900\" \/>\n\t<meta property=\"og:image:type\" content=\"image\/jpeg\" \/>\n<meta name=\"twitter:label1\" content=\"Disponibilit\u00e0\" \/>\n\t<meta name=\"twitter:data1\" content=\"In stock\" \/>\n<script type=\"application\/ld+json\" class=\"yoast-schema-graph\">{\"@context\":\"https:\/\/schema.org\",\"@graph\":[{\"@type\":\"WebPage\",\"@id\":\"https:\/\/www.sestogrado.it\/it\/prodotto\/millet-prolighter-22-zaino-arrampicata\/\",\"url\":\"https:\/\/www.sestogrado.it\/it\/prodotto\/millet-prolighter-22-zaino-arrampicata\/\",\"name\":\"Millet Prolighter 22 zaino arrampicata vie multipitch - Sestogrado\",\"isPartOf\":{\"@id\":\"https:\/\/www.sestogrado.it\/it\/#website\"},\"primaryImageOfPage\":{\"@id\":\"https:\/\/www.sestogrado.it\/it\/prodotto\/millet-prolighter-22-zaino-arrampicata\/#primaryimage\"},\"image\":{\"@id\":\"https:\/\/www.sestogrado.it\/prodotto\/millet-prolighter-22-zaino-arrampicata\/#primaryimage\"},\"thumbnailUrl\":\"https:\/\/www.sestogrado.it\/wp-content\/uploads\/2022\/04\/saphir-1.jpg\",\"datePublished\":\"2022-04-15T10:00:13+00:00\",\"dateModified\":\"2026-04-16T07:04:39+00:00\",\"description\":\"Il Millet Prolighter 22 \u00e8 uno zaino alpinistico di basso litraggio, compatto e leggero per attivit\u00e0 in montagna fast and light o per le gite di una giornata. Nella realizzazione del Prolighter \u00e8 stata posta massima attenzione alla libert\u00e0 di movimento, e questa libert\u00e0 \u00e8 la linea guida nella realizzazione del suo design. Dispone di cinturone e cinghie regolabili, oltre che diversi scompartimenti curati e funzionali per il trasporto dell'attrezzatura, come sci, piccozza etc. Il tessuto \u00e8 un bellissimo filato a contrasto. Il Prolighter 22 \u00e8 uno zaino tecnico, dedicato all'alpinismo estivo e invernale, ed alle gite in cui vuoi stare leggero.\",\"breadcrumb\":{\"@id\":\"https:\/\/www.sestogrado.it\/it\/prodotto\/millet-prolighter-22-zaino-arrampicata\/#breadcrumb\"},\"inLanguage\":\"it-IT\",\"potentialAction\":[{\"@type\":\"ReadAction\",\"target\":[[\"https:\/\/www.sestogrado.it\/it\/prodotto\/millet-prolighter-22-zaino-arrampicata\/\"]]}]},{\"@type\":\"ImageObject\",\"inLanguage\":\"it-IT\",\"@id\":\"https:\/\/www.sestogrado.it\/it\/prodotto\/millet-prolighter-22-zaino-arrampicata\/#primaryimage\",\"url\":\"https:\/\/www.sestogrado.it\/wp-content\/uploads\/2022\/04\/saphir-1.jpg\",\"contentUrl\":\"https:\/\/www.sestogrado.it\/wp-content\/uploads\/2022\/04\/saphir-1.jpg\",\"width\":900,\"height\":900,\"caption\":\"millet prolighter 22 saphir\"},{\"@type\":\"BreadcrumbList\",\"@id\":\"https:\/\/www.sestogrado.it\/it\/prodotto\/millet-prolighter-22-zaino-arrampicata\/#breadcrumb\",\"itemListElement\":[{\"@type\":\"ListItem\",\"position\":1,\"name\":\"Home\",\"item\":\"https:\/\/www.sestogrado.it\/it\/\"},{\"@type\":\"ListItem\",\"position\":2,\"name\":\"Shop\",\"item\":\"https:\/\/www.sestogrado.it\/it\/shop\/\"},{\"@type\":\"ListItem\",\"position\":3,\"name\":\"Millet Prolighter 22 zaino arrampicata vie multipitch\"}]},{\"@type\":\"WebSite\",\"@id\":\"https:\/\/www.sestogrado.it\/it\/#website\",\"url\":\"https:\/\/www.sestogrado.it\/it\/\",\"name\":\"Sestogrado\",\"description\":\"yes we climb\",\"publisher\":{\"@id\":\"https:\/\/www.sestogrado.it\/it\/#organization\"},\"potentialAction\":[{\"@type\":\"SearchAction\",\"target\":{\"@type\":\"EntryPoint\",\"urlTemplate\":\"https:\/\/www.sestogrado.it\/it\/?s={search_term_string}\"},\"query-input\":{\"@type\":\"PropertyValueSpecification\",\"valueRequired\":true,\"valueName\":\"search_term_string\"}}],\"inLanguage\":\"it-IT\"},{\"@type\":\"Organization\",\"@id\":\"https:\/\/www.sestogrado.it\/it\/#organization\",\"name\":\"Sestogrado\",\"url\":\"https:\/\/www.sestogrado.it\/it\/\",\"logo\":{\"@type\":\"ImageObject\",\"inLanguage\":\"it-IT\",\"@id\":\"https:\/\/www.sestogrado.it\/it\/#\/schema\/logo\/image\/\",\"url\":\"https:\/\/www.sestogrado.it\/wp-content\/uploads\/2015\/03\/sestogrado-favicon.png\",\"contentUrl\":\"https:\/\/www.sestogrado.it\/wp-content\/uploads\/2015\/03\/sestogrado-favicon.png\",\"width\":260,\"height\":260,\"caption\":\"Sestogrado\"},\"image\":{\"@id\":\"https:\/\/www.sestogrado.it\/it\/#\/schema\/logo\/image\/\"},\"sameAs\":[\"https:\/\/www.facebook.com\/pages\/Sestogrado\/1542635979353017?ref=bookmarks\",\"https:\/\/www.youtube.com\/channel\/UC847kAfTkaJsWpc1jtQwr3Q\"],\"hasMerchantReturnPolicy\":{\"@type\":\"MerchantReturnPolicy\",\"merchantReturnLink\":\"https:\/\/www.sestogrado.it\/it\/termini-e-condizioni\/\"}}]}<\/script>\n<meta property=\"product:brand\" content=\"Millet\" \/>\n<meta property=\"og:availability\" content=\"instock\" \/>\n<meta property=\"product:availability\" content=\"instock\" \/>\n<meta property=\"product:condition\" content=\"new\" \/>\n<!-- \/ Yoast SEO plugin. -->","yoast_head_json":{"title":"Millet Prolighter 22 zaino arrampicata vie multipitch - Sestogrado","description":"Il Millet Prolighter 22 \u00e8 uno zaino alpinistico di basso litraggio, compatto e leggero per attivit\u00e0 in montagna fast and light o per le gite di una giornata. Nella realizzazione del Prolighter \u00e8 stata posta massima attenzione alla libert\u00e0 di movimento, e questa libert\u00e0 \u00e8 la linea guida nella realizzazione del suo design. Dispone di cinturone e cinghie regolabili, oltre che diversi scompartimenti curati e funzionali per il trasporto dell'attrezzatura, come sci, piccozza etc. Il tessuto \u00e8 un bellissimo filato a contrasto. Il Prolighter 22 \u00e8 uno zaino tecnico, dedicato all'alpinismo estivo e invernale, ed alle gite in cui vuoi stare leggero.","robots":{"index":"index","follow":"follow","max-snippet":"max-snippet:-1","max-image-preview":"max-image-preview:large","max-video-preview":"max-video-preview:-1"},"canonical":"https:\/\/www.sestogrado.it\/it\/prodotto\/millet-prolighter-22-zaino-arrampicata\/","og_locale":"it_IT","og_type":"article","og_title":"Millet Prolighter 22 zaino arrampicata vie multipitch - Sestogrado","og_description":"Il Millet Prolighter 22 \u00e8 uno zaino alpinistico di basso litraggio, compatto e leggero per attivit\u00e0 in montagna fast and light o per le gite di una giornata. Nella realizzazione del Prolighter \u00e8 stata posta massima attenzione alla libert\u00e0 di movimento, e questa libert\u00e0 \u00e8 la linea guida nella realizzazione del suo design. Dispone di cinturone e cinghie regolabili, oltre che diversi scompartimenti curati e funzionali per il trasporto dell'attrezzatura, come sci, piccozza etc. Il tessuto \u00e8 un bellissimo filato a contrasto. Il Prolighter 22 \u00e8 uno zaino tecnico, dedicato all'alpinismo estivo e invernale, ed alle gite in cui vuoi stare leggero.","og_url":"https:\/\/www.sestogrado.it\/it\/prodotto\/millet-prolighter-22-zaino-arrampicata\/","og_site_name":"Sestogrado","article_publisher":"https:\/\/www.facebook.com\/pages\/Sestogrado\/1542635979353017?ref=bookmarks","article_modified_time":"2026-04-16T07:04:39+00:00","og_image":[{"width":900,"height":900,"url":"https:\/\/www.sestogrado.it\/wp-content\/uploads\/2022\/04\/saphir-1.jpg","type":"image\/jpeg"}],"twitter_misc":{"Disponibilit\u00e0":"In stock"},"schema":{"@context":"https:\/\/schema.org","@graph":[{"@type":"WebPage","@id":"https:\/\/www.sestogrado.it\/it\/prodotto\/millet-prolighter-22-zaino-arrampicata\/","url":"https:\/\/www.sestogrado.it\/it\/prodotto\/millet-prolighter-22-zaino-arrampicata\/","name":"Millet Prolighter 22 zaino arrampicata vie multipitch - Sestogrado","isPartOf":{"@id":"https:\/\/www.sestogrado.it\/it\/#website"},"primaryImageOfPage":{"@id":"https:\/\/www.sestogrado.it\/it\/prodotto\/millet-prolighter-22-zaino-arrampicata\/#primaryimage"},"image":{"@id":"https:\/\/www.sestogrado.it\/prodotto\/millet-prolighter-22-zaino-arrampicata\/#primaryimage"},"thumbnailUrl":"https:\/\/www.sestogrado.it\/wp-content\/uploads\/2022\/04\/saphir-1.jpg","datePublished":"2022-04-15T10:00:13+00:00","dateModified":"2026-04-16T07:04:39+00:00","description":"Il Millet Prolighter 22 \u00e8 uno zaino alpinistico di basso litraggio, compatto e leggero per attivit\u00e0 in montagna fast and light o per le gite di una giornata. Nella realizzazione del Prolighter \u00e8 stata posta massima attenzione alla libert\u00e0 di movimento, e questa libert\u00e0 \u00e8 la linea guida nella realizzazione del suo design. Dispone di cinturone e cinghie regolabili, oltre che diversi scompartimenti curati e funzionali per il trasporto dell'attrezzatura, come sci, piccozza etc. Il tessuto \u00e8 un bellissimo filato a contrasto. Il Prolighter 22 \u00e8 uno zaino tecnico, dedicato all'alpinismo estivo e invernale, ed alle gite in cui vuoi stare leggero.","breadcrumb":{"@id":"https:\/\/www.sestogrado.it\/it\/prodotto\/millet-prolighter-22-zaino-arrampicata\/#breadcrumb"},"inLanguage":"it-IT","potentialAction":[{"@type":"ReadAction","target":[["https:\/\/www.sestogrado.it\/it\/prodotto\/millet-prolighter-22-zaino-arrampicata\/"]]}]},{"@type":"ImageObject","inLanguage":"it-IT","@id":"https:\/\/www.sestogrado.it\/it\/prodotto\/millet-prolighter-22-zaino-arrampicata\/#primaryimage","url":"https:\/\/www.sestogrado.it\/wp-content\/uploads\/2022\/04\/saphir-1.jpg","contentUrl":"https:\/\/www.sestogrado.it\/wp-content\/uploads\/2022\/04\/saphir-1.jpg","width":900,"height":900,"caption":"millet prolighter 22 saphir"},{"@type":"BreadcrumbList","@id":"https:\/\/www.sestogrado.it\/it\/prodotto\/millet-prolighter-22-zaino-arrampicata\/#breadcrumb","itemListElement":[{"@type":"ListItem","position":1,"name":"Home","item":"https:\/\/www.sestogrado.it\/it\/"},{"@type":"ListItem","position":2,"name":"Shop","item":"https:\/\/www.sestogrado.it\/it\/shop\/"},{"@type":"ListItem","position":3,"name":"Millet Prolighter 22 zaino arrampicata vie multipitch"}]},{"@type":"WebSite","@id":"https:\/\/www.sestogrado.it\/it\/#website","url":"https:\/\/www.sestogrado.it\/it\/","name":"Sestogrado","description":"yes we climb","publisher":{"@id":"https:\/\/www.sestogrado.it\/it\/#organization"},"potentialAction":[{"@type":"SearchAction","target":{"@type":"EntryPoint","urlTemplate":"https:\/\/www.sestogrado.it\/it\/?s={search_term_string}"},"query-input":{"@type":"PropertyValueSpecification","valueRequired":true,"valueName":"search_term_string"}}],"inLanguage":"it-IT"},{"@type":"Organization","@id":"https:\/\/www.sestogrado.it\/it\/#organization","name":"Sestogrado","url":"https:\/\/www.sestogrado.it\/it\/","logo":{"@type":"ImageObject","inLanguage":"it-IT","@id":"https:\/\/www.sestogrado.it\/it\/#\/schema\/logo\/image\/","url":"https:\/\/www.sestogrado.it\/wp-content\/uploads\/2015\/03\/sestogrado-favicon.png","contentUrl":"https:\/\/www.sestogrado.it\/wp-content\/uploads\/2015\/03\/sestogrado-favicon.png","width":260,"height":260,"caption":"Sestogrado"},"image":{"@id":"https:\/\/www.sestogrado.it\/it\/#\/schema\/logo\/image\/"},"sameAs":["https:\/\/www.facebook.com\/pages\/Sestogrado\/1542635979353017?ref=bookmarks","https:\/\/www.youtube.com\/channel\/UC847kAfTkaJsWpc1jtQwr3Q"],"hasMerchantReturnPolicy":{"@type":"MerchantReturnPolicy","merchantReturnLink":"https:\/\/www.sestogrado.it\/it\/termini-e-condizioni\/"}}]},"product_brand":"Millet","og_availability":"instock","product_availability":"instock","product_condition":"new"},"_links":{"self":[{"href":"https:\/\/www.sestogrado.it\/it\/wp-json\/wp\/v2\/product\/98576","targetHints":{"allow":["GET"]}}],"collection":[{"href":"https:\/\/www.sestogrado.it\/it\/wp-json\/wp\/v2\/product"}],"about":[{"href":"https:\/\/www.sestogrado.it\/it\/wp-json\/wp\/v2\/types\/product"}],"replies":[{"embeddable":true,"href":"https:\/\/www.sestogrado.it\/it\/wp-json\/wp\/v2\/comments?post=98576"}],"wp:featuredmedia":[{"embeddable":true,"href":"https:\/\/www.sestogrado.it\/it\/wp-json\/wp\/v2\/media\/99990"}],"wp:attachment":[{"href":"https:\/\/www.sestogrado.it\/it\/wp-json\/wp\/v2\/media?parent=98576"}],"wp:term":[{"taxonomy":"product_brand","embeddable":true,"href":"https:\/\/www.sestogrado.it\/it\/wp-json\/wp\/v2\/product_brand?post=98576"},{"taxonomy":"product_cat","embeddable":true,"href":"https:\/\/www.sestogrado.it\/it\/wp-json\/wp\/v2\/product_cat?post=98576"},{"taxonomy":"product_tag","embeddable":true,"href":"https:\/\/www.sestogrado.it\/it\/wp-json\/wp\/v2\/product_tag?post=98576"}],"curies":[{"name":"wp","href":"https:\/\/api.w.org\/{rel}","templated":true}]}}