{"id":9713,"date":"2017-01-10T15:56:13","date_gmt":"2017-01-10T14:56:13","guid":{"rendered":"http:\/\/www.sestogrado.it\/?post_type=product&#038;p=9713"},"modified":"2026-04-13T08:33:23","modified_gmt":"2026-04-13T06:33:23","slug":"ct-climbing-technology-finger-save-nastro-dita","status":"publish","type":"product","link":"https:\/\/www.sestogrado.it\/it\/prodotto\/ct-climbing-technology-finger-save-nastro-dita\/","title":{"rendered":"CT Climbing Technology Finger Save nastro per dita"},"content":{"rendered":"<p>Il CT Climbing Technology Finger Save \u00e8 un nastro per dita robusto, duraturo ed appositamente studiato per le mani degli arrampicatori.<\/p>\n<p>Ci sono due buone ragioni per utilizzare il nastro per le dita in arrampicata: protezione della pelle e supporto strutturale.<\/p>\n<p>La <strong>protezione della pelle<\/strong> \u00e8 un aspetto particolarmente indicato in arrampicata outdoor in fessura, ma c&#8217;\u00e8 anche chi usa il nastro per proteggersi le dita in palestra indoor. Alla fine di una lunga sessione di arrampicata, quando le tue dita hanno subito sfregamenti, proteggile con il nastro per continuare ad arrampicare senza dolore.<\/p>\n<p><strong>Supporto strutturale<\/strong>: le dita sono un intricata rete di ossa, muscoli, tendini, articolazioni che lavorano insieme in modo specifico per far compiere alla mano dei precisi movimenti. L&#8217;arrampicata pu\u00f2 stressare e danneggiare le dita della mano, avvolgere parte delle dita e le articolazioni fornisce un supporto strutturale in grado di prevenire gli infortuni.<\/p>\n<p>Il CT Climbing Technology Finger Save \u00e8 disponibile in due misure:<\/p>\n<p>taglia S &#8211; largo 1,5cm, la dimensione pi\u00f9 utilizzata per la protezione delle dita (10m di lunghezza)<\/p>\n<p>taglia L &#8211; largo 5cm, formato che pu\u00f2 essere personalizzato con misure di varia larghezza (10m di lunghezza)<\/p>\n<p>Climbing Technology \u00e8 il marchio dell\u2019azienda bergamasca Aludesign, specializzata nella produzione di fornitura per arrampicata, alpinismo e sicurezza sul lavoro a livello internazionale. Ci\u00f2 che rende vincente questa realt\u00e0 italiana, \u00e8 la grande esperienza e la predisposizione alla continua innovazione dei prodotti, tramite un\u2019approfondita ricerca dei materiali e un attento studio delle tecnologie pi\u00f9 evolute, in pieno rispetto delle direttive europee sulla tutela dell\u2019ambiente.<\/p>","protected":false},"excerpt":{"rendered":"<p>Il CT Climbing Technology Finger Save \u00e8 un nastro per dita robusto, duraturo ed appositamente studiato per le mani degli [&hellip;]<\/p>\n","protected":false},"featured_media":9714,"comment_status":"open","ping_status":"closed","template":"","meta":{"_acf_changed":false},"product_brand":[55],"product_cat":[303,141],"product_tag":[434],"class_list":{"0":"post-9713","1":"product","2":"type-product","3":"status-publish","4":"has-post-thumbnail","6":"product_brand-ct-climbing-technology","7":"product_cat-allenamento","8":"product_cat-accessori-accessori","9":"product_tag-nastro-dita","11":"first","12":"instock","13":"sale","14":"taxable","15":"shipping-taxable","16":"purchasable","17":"product-type-variable"},"acf":[],"yoast_head":"<!-- This site is optimized with the Yoast SEO plugin v26.4 - https:\/\/yoast.com\/wordpress\/plugins\/seo\/ -->\n<title>CT Climbing Technology Finger Save nastro per dita - Sestogrado<\/title>\n<meta name=\"description\" content=\"CT Climbing Technology Finger Save nastro per dita. Nastro per dita di due formati per proteggere la pelle e le dita di chi arrampica.\" \/>\n<meta name=\"robots\" content=\"index, follow, max-snippet:-1, max-image-preview:large, max-video-preview:-1\" \/>\n<link rel=\"canonical\" href=\"https:\/\/www.sestogrado.it\/it\/prodotto\/ct-climbing-technology-finger-save-nastro-dita\/\" \/>\n<meta property=\"og:locale\" content=\"it_IT\" \/>\n<meta property=\"og:type\" content=\"article\" \/>\n<meta property=\"og:title\" content=\"CT Climbing Technology Finger Save nastro per dita - Sestogrado\" \/>\n<meta property=\"og:description\" content=\"CT Climbing Technology Finger Save nastro per dita. Nastro per dita di due formati per proteggere la pelle e le dita di chi arrampica.\" \/>\n<meta property=\"og:url\" content=\"https:\/\/www.sestogrado.it\/it\/prodotto\/ct-climbing-technology-finger-save-nastro-dita\/\" \/>\n<meta property=\"og:site_name\" content=\"Sestogrado\" \/>\n<meta property=\"article:publisher\" content=\"https:\/\/www.facebook.com\/pages\/Sestogrado\/1542635979353017?ref=bookmarks\" \/>\n<meta property=\"article:modified_time\" content=\"2026-04-13T06:33:23+00:00\" \/>\n<meta property=\"og:image\" content=\"https:\/\/www.sestogrado.it\/wp-content\/uploads\/2017\/01\/S1.jpg\" \/>\n\t<meta property=\"og:image:width\" content=\"895\" \/>\n\t<meta property=\"og:image:height\" content=\"1193\" \/>\n\t<meta property=\"og:image:type\" content=\"image\/jpeg\" \/>\n<meta name=\"twitter:label1\" content=\"Disponibilit\u00e0\" \/>\n\t<meta name=\"twitter:data1\" content=\"In stock\" \/>\n<script type=\"application\/ld+json\" class=\"yoast-schema-graph\">{\"@context\":\"https:\/\/schema.org\",\"@graph\":[{\"@type\":\"WebPage\",\"@id\":\"https:\/\/www.sestogrado.it\/it\/prodotto\/ct-climbing-technology-finger-save-nastro-dita\/\",\"url\":\"https:\/\/www.sestogrado.it\/it\/prodotto\/ct-climbing-technology-finger-save-nastro-dita\/\",\"name\":\"CT Climbing Technology Finger Save nastro per dita - Sestogrado\",\"isPartOf\":{\"@id\":\"https:\/\/www.sestogrado.it\/it\/#website\"},\"primaryImageOfPage\":{\"@id\":\"https:\/\/www.sestogrado.it\/it\/prodotto\/ct-climbing-technology-finger-save-nastro-dita\/#primaryimage\"},\"image\":{\"@id\":\"https:\/\/www.sestogrado.it\/prodotto\/ct-climbing-technology-finger-save-nastro-dita\/#primaryimage\"},\"thumbnailUrl\":\"https:\/\/www.sestogrado.it\/wp-content\/uploads\/2017\/01\/S1.jpg\",\"datePublished\":\"2017-01-10T14:56:13+00:00\",\"dateModified\":\"2026-04-13T06:33:23+00:00\",\"description\":\"CT Climbing Technology Finger Save nastro per dita. Nastro per dita di due formati per proteggere la pelle e le dita di chi arrampica.\",\"breadcrumb\":{\"@id\":\"https:\/\/www.sestogrado.it\/it\/prodotto\/ct-climbing-technology-finger-save-nastro-dita\/#breadcrumb\"},\"inLanguage\":\"it-IT\",\"potentialAction\":[{\"@type\":\"ReadAction\",\"target\":[[\"https:\/\/www.sestogrado.it\/it\/prodotto\/ct-climbing-technology-finger-save-nastro-dita\/\"]]}]},{\"@type\":\"ImageObject\",\"inLanguage\":\"it-IT\",\"@id\":\"https:\/\/www.sestogrado.it\/it\/prodotto\/ct-climbing-technology-finger-save-nastro-dita\/#primaryimage\",\"url\":\"https:\/\/www.sestogrado.it\/wp-content\/uploads\/2017\/01\/S1.jpg\",\"contentUrl\":\"https:\/\/www.sestogrado.it\/wp-content\/uploads\/2017\/01\/S1.jpg\",\"width\":895,\"height\":1193,\"caption\":\"finger save\"},{\"@type\":\"BreadcrumbList\",\"@id\":\"https:\/\/www.sestogrado.it\/it\/prodotto\/ct-climbing-technology-finger-save-nastro-dita\/#breadcrumb\",\"itemListElement\":[{\"@type\":\"ListItem\",\"position\":1,\"name\":\"Home\",\"item\":\"https:\/\/www.sestogrado.it\/it\/\"},{\"@type\":\"ListItem\",\"position\":2,\"name\":\"Shop\",\"item\":\"https:\/\/www.sestogrado.it\/it\/shop\/\"},{\"@type\":\"ListItem\",\"position\":3,\"name\":\"CT Climbing Technology Finger Save nastro per dita\"}]},{\"@type\":\"WebSite\",\"@id\":\"https:\/\/www.sestogrado.it\/it\/#website\",\"url\":\"https:\/\/www.sestogrado.it\/it\/\",\"name\":\"Sestogrado\",\"description\":\"yes we climb\",\"publisher\":{\"@id\":\"https:\/\/www.sestogrado.it\/it\/#organization\"},\"potentialAction\":[{\"@type\":\"SearchAction\",\"target\":{\"@type\":\"EntryPoint\",\"urlTemplate\":\"https:\/\/www.sestogrado.it\/it\/?s={search_term_string}\"},\"query-input\":{\"@type\":\"PropertyValueSpecification\",\"valueRequired\":true,\"valueName\":\"search_term_string\"}}],\"inLanguage\":\"it-IT\"},{\"@type\":\"Organization\",\"@id\":\"https:\/\/www.sestogrado.it\/it\/#organization\",\"name\":\"Sestogrado\",\"url\":\"https:\/\/www.sestogrado.it\/it\/\",\"logo\":{\"@type\":\"ImageObject\",\"inLanguage\":\"it-IT\",\"@id\":\"https:\/\/www.sestogrado.it\/it\/#\/schema\/logo\/image\/\",\"url\":\"https:\/\/www.sestogrado.it\/wp-content\/uploads\/2015\/03\/sestogrado-favicon.png\",\"contentUrl\":\"https:\/\/www.sestogrado.it\/wp-content\/uploads\/2015\/03\/sestogrado-favicon.png\",\"width\":260,\"height\":260,\"caption\":\"Sestogrado\"},\"image\":{\"@id\":\"https:\/\/www.sestogrado.it\/it\/#\/schema\/logo\/image\/\"},\"sameAs\":[\"https:\/\/www.facebook.com\/pages\/Sestogrado\/1542635979353017?ref=bookmarks\",\"https:\/\/www.youtube.com\/channel\/UC847kAfTkaJsWpc1jtQwr3Q\"],\"hasMerchantReturnPolicy\":{\"@type\":\"MerchantReturnPolicy\",\"merchantReturnLink\":\"https:\/\/www.sestogrado.it\/it\/termini-e-condizioni\/\"}}]}<\/script>\n<meta property=\"product:brand\" content=\"CT Climbing Technlogy\" \/>\n<meta property=\"og:availability\" content=\"instock\" \/>\n<meta property=\"product:availability\" content=\"instock\" \/>\n<meta property=\"product:condition\" content=\"new\" \/>\n<!-- \/ Yoast SEO plugin. -->","yoast_head_json":{"title":"CT Climbing Technology Finger Save nastro per dita - Sestogrado","description":"CT Climbing Technology Finger Save nastro per dita. Nastro per dita di due formati per proteggere la pelle e le dita di chi arrampica.","robots":{"index":"index","follow":"follow","max-snippet":"max-snippet:-1","max-image-preview":"max-image-preview:large","max-video-preview":"max-video-preview:-1"},"canonical":"https:\/\/www.sestogrado.it\/it\/prodotto\/ct-climbing-technology-finger-save-nastro-dita\/","og_locale":"it_IT","og_type":"article","og_title":"CT Climbing Technology Finger Save nastro per dita - Sestogrado","og_description":"CT Climbing Technology Finger Save nastro per dita. Nastro per dita di due formati per proteggere la pelle e le dita di chi arrampica.","og_url":"https:\/\/www.sestogrado.it\/it\/prodotto\/ct-climbing-technology-finger-save-nastro-dita\/","og_site_name":"Sestogrado","article_publisher":"https:\/\/www.facebook.com\/pages\/Sestogrado\/1542635979353017?ref=bookmarks","article_modified_time":"2026-04-13T06:33:23+00:00","og_image":[{"width":895,"height":1193,"url":"https:\/\/www.sestogrado.it\/wp-content\/uploads\/2017\/01\/S1.jpg","type":"image\/jpeg"}],"twitter_misc":{"Disponibilit\u00e0":"In stock"},"schema":{"@context":"https:\/\/schema.org","@graph":[{"@type":"WebPage","@id":"https:\/\/www.sestogrado.it\/it\/prodotto\/ct-climbing-technology-finger-save-nastro-dita\/","url":"https:\/\/www.sestogrado.it\/it\/prodotto\/ct-climbing-technology-finger-save-nastro-dita\/","name":"CT Climbing Technology Finger Save nastro per dita - Sestogrado","isPartOf":{"@id":"https:\/\/www.sestogrado.it\/it\/#website"},"primaryImageOfPage":{"@id":"https:\/\/www.sestogrado.it\/it\/prodotto\/ct-climbing-technology-finger-save-nastro-dita\/#primaryimage"},"image":{"@id":"https:\/\/www.sestogrado.it\/prodotto\/ct-climbing-technology-finger-save-nastro-dita\/#primaryimage"},"thumbnailUrl":"https:\/\/www.sestogrado.it\/wp-content\/uploads\/2017\/01\/S1.jpg","datePublished":"2017-01-10T14:56:13+00:00","dateModified":"2026-04-13T06:33:23+00:00","description":"CT Climbing Technology Finger Save nastro per dita. Nastro per dita di due formati per proteggere la pelle e le dita di chi arrampica.","breadcrumb":{"@id":"https:\/\/www.sestogrado.it\/it\/prodotto\/ct-climbing-technology-finger-save-nastro-dita\/#breadcrumb"},"inLanguage":"it-IT","potentialAction":[{"@type":"ReadAction","target":[["https:\/\/www.sestogrado.it\/it\/prodotto\/ct-climbing-technology-finger-save-nastro-dita\/"]]}]},{"@type":"ImageObject","inLanguage":"it-IT","@id":"https:\/\/www.sestogrado.it\/it\/prodotto\/ct-climbing-technology-finger-save-nastro-dita\/#primaryimage","url":"https:\/\/www.sestogrado.it\/wp-content\/uploads\/2017\/01\/S1.jpg","contentUrl":"https:\/\/www.sestogrado.it\/wp-content\/uploads\/2017\/01\/S1.jpg","width":895,"height":1193,"caption":"finger save"},{"@type":"BreadcrumbList","@id":"https:\/\/www.sestogrado.it\/it\/prodotto\/ct-climbing-technology-finger-save-nastro-dita\/#breadcrumb","itemListElement":[{"@type":"ListItem","position":1,"name":"Home","item":"https:\/\/www.sestogrado.it\/it\/"},{"@type":"ListItem","position":2,"name":"Shop","item":"https:\/\/www.sestogrado.it\/it\/shop\/"},{"@type":"ListItem","position":3,"name":"CT Climbing Technology Finger Save nastro per dita"}]},{"@type":"WebSite","@id":"https:\/\/www.sestogrado.it\/it\/#website","url":"https:\/\/www.sestogrado.it\/it\/","name":"Sestogrado","description":"yes we climb","publisher":{"@id":"https:\/\/www.sestogrado.it\/it\/#organization"},"potentialAction":[{"@type":"SearchAction","target":{"@type":"EntryPoint","urlTemplate":"https:\/\/www.sestogrado.it\/it\/?s={search_term_string}"},"query-input":{"@type":"PropertyValueSpecification","valueRequired":true,"valueName":"search_term_string"}}],"inLanguage":"it-IT"},{"@type":"Organization","@id":"https:\/\/www.sestogrado.it\/it\/#organization","name":"Sestogrado","url":"https:\/\/www.sestogrado.it\/it\/","logo":{"@type":"ImageObject","inLanguage":"it-IT","@id":"https:\/\/www.sestogrado.it\/it\/#\/schema\/logo\/image\/","url":"https:\/\/www.sestogrado.it\/wp-content\/uploads\/2015\/03\/sestogrado-favicon.png","contentUrl":"https:\/\/www.sestogrado.it\/wp-content\/uploads\/2015\/03\/sestogrado-favicon.png","width":260,"height":260,"caption":"Sestogrado"},"image":{"@id":"https:\/\/www.sestogrado.it\/it\/#\/schema\/logo\/image\/"},"sameAs":["https:\/\/www.facebook.com\/pages\/Sestogrado\/1542635979353017?ref=bookmarks","https:\/\/www.youtube.com\/channel\/UC847kAfTkaJsWpc1jtQwr3Q"],"hasMerchantReturnPolicy":{"@type":"MerchantReturnPolicy","merchantReturnLink":"https:\/\/www.sestogrado.it\/it\/termini-e-condizioni\/"}}]},"product_brand":"CT Climbing Technlogy","og_availability":"instock","product_availability":"instock","product_condition":"new"},"_links":{"self":[{"href":"https:\/\/www.sestogrado.it\/it\/wp-json\/wp\/v2\/product\/9713","targetHints":{"allow":["GET"]}}],"collection":[{"href":"https:\/\/www.sestogrado.it\/it\/wp-json\/wp\/v2\/product"}],"about":[{"href":"https:\/\/www.sestogrado.it\/it\/wp-json\/wp\/v2\/types\/product"}],"replies":[{"embeddable":true,"href":"https:\/\/www.sestogrado.it\/it\/wp-json\/wp\/v2\/comments?post=9713"}],"wp:featuredmedia":[{"embeddable":true,"href":"https:\/\/www.sestogrado.it\/it\/wp-json\/wp\/v2\/media\/9714"}],"wp:attachment":[{"href":"https:\/\/www.sestogrado.it\/it\/wp-json\/wp\/v2\/media?parent=9713"}],"wp:term":[{"taxonomy":"product_brand","embeddable":true,"href":"https:\/\/www.sestogrado.it\/it\/wp-json\/wp\/v2\/product_brand?post=9713"},{"taxonomy":"product_cat","embeddable":true,"href":"https:\/\/www.sestogrado.it\/it\/wp-json\/wp\/v2\/product_cat?post=9713"},{"taxonomy":"product_tag","embeddable":true,"href":"https:\/\/www.sestogrado.it\/it\/wp-json\/wp\/v2\/product_tag?post=9713"}],"curies":[{"name":"wp","href":"https:\/\/api.w.org\/{rel}","templated":true}]}}