{"id":97103,"date":"2022-03-14T14:22:27","date_gmt":"2022-03-14T13:22:27","guid":{"rendered":"https:\/\/www.sestogrado.it\/?post_type=product&#038;p=97103"},"modified":"2022-10-17T12:13:20","modified_gmt":"2022-10-17T10:13:20","slug":"lifesystems-traveller-first-aid-kit-di-primo-soccorso-con-39-prodotti","status":"publish","type":"product","link":"https:\/\/www.sestogrado.it\/it\/prodotto\/lifesystems-traveller-first-aid-kit-di-primo-soccorso-con-39-prodotti\/","title":{"rendered":"Lifesystems Traveller first aid kit di primo soccorso da viaggio"},"content":{"rendered":"<p>Lifesystems Traveller first aid kit di primo soccorso con 39 prodotti \u00e8 il kit di pronto soccorso progettato per lunghe spedizioni su strada.<\/p>\n<p>Che tu stia partendo per un anno sabbatico, un viaggio all&#8217;estero o qualsiasi altro tipo di avventura con lo zaino in spalla. Il kit include anche gli elementi essenziali per il trattamento di una serie di lesioni da lievi a moderate.<\/p>\n<h3>Generale<\/h3>\n<ul>\n<li>1 x opuscolo per le cure primarie<\/li>\n<li>6 spille da balia<\/li>\n<li>1 x forbici Lama da 5,5 cm<\/li>\n<li>1 pinzetta<\/li>\n<li>1 termometro<\/li>\n<li>2 paia di guanti in vinile<\/li>\n<\/ul>\n<h3>Bende<\/h3>\n<ul>\n<li>1x benda tessuta aperta 7,5 cm x 5 m<\/li>\n<li>1x benda in crepe 5 x 4,5 m<\/li>\n<\/ul>\n<h3>Preparativi, Monouso e Nastri<\/h3>\n<ul>\n<li>10 tamponi di garza a 8 strati<\/li>\n<li>1 x nastro in micropori 1,25 x 5 m<\/li>\n<li>1 nastro all&#8217;ossido di zinco 1,25 x 5 m<\/li>\n<li>6 salviette detergenti analcoliche<\/li>\n<li>1 rotolo di nastro adesivo da 2 m<\/li>\n<\/ul>\n<h3>Altro<\/h3>\n<ul>\n<li>2 x medicazioni medie<\/li>\n<li>2 x medicazioni a bassa aderenza 5 x 5 cm<\/li>\n<li>2 confezioni di gesso<\/li>\n<li>3 strisce di chiusura per ferite<\/li>\n<li>2 x cerotti in blister sterili<\/li>\n<\/ul>\n<h3>Ideale per:<\/h3>\n<p>-viaggi nazionali<\/p>\n<p>-viaggi internazionali<\/p>\n<div class=\"embed-responsive embed-responsive-16by9\"><iframe title=\"Lifesystems Travel First Aid Kits\" width=\"500\" height=\"281\" src=\"https:\/\/www.youtube.com\/embed\/88PcjJnnQSU?feature=oembed\" frameborder=\"0\" allow=\"accelerometer; autoplay; clipboard-write; encrypted-media; gyroscope; picture-in-picture; web-share\" referrerpolicy=\"strict-origin-when-cross-origin\" allowfullscreen><\/iframe><\/div>\n<p>&nbsp;<\/p>\n<p>Lifesystems \u00e8 un&#8217;azienda inglese che sviluppa e produce kit di pronto soccorso per outdoor, trekking e viaggio, con materiali e tecniche di alta qualit\u00e0. E&#8217; formata da un team di pi\u00f9 di 50 persone esperte di viaggi e trekking e fornisce materiale da spedizione in pi\u00f9 di 40 paesi al mondo.<\/p>","protected":false},"excerpt":{"rendered":"<p>Lifesystems Traveller first aid kit di primo soccorso con 39 prodotti \u00e8 il kit di pronto soccorso progettato per lunghe [&hellip;]<\/p>\n","protected":false},"featured_media":97105,"comment_status":"open","ping_status":"closed","template":"","meta":{"_acf_changed":false},"product_brand":[584],"product_cat":[1320],"product_tag":[],"class_list":{"0":"post-97103","1":"product","2":"type-product","3":"status-publish","4":"has-post-thumbnail","6":"product_brand-lifesystems","7":"product_cat-kit-soccorso","9":"first","10":"instock","11":"sale","12":"taxable","13":"shipping-taxable","14":"purchasable","15":"product-type-simple"},"acf":[],"yoast_head":"<!-- This site is optimized with the Yoast SEO plugin v26.4 - https:\/\/yoast.com\/wordpress\/plugins\/seo\/ -->\n<title>Lifesystems Traveller first aid kit di primo soccorso da viaggio - Sestogrado<\/title>\n<meta name=\"description\" content=\"Lifesystems Traveller first aid kit di primo soccorso con 39 prodotti \u00e8 il kit di pronto soccorso progettato per lunghe spedizioni su strada. Che tu stia partendo per un anno sabbatico, un viaggio all&#039;estero o qualsiasi altro tipo di avventura con lo zaino in spalla. Il kit include anche gli elementi essenziali per il trattamento di una serie di lesioni da lievi a moderate. Questo kit non contiene la raccolta di apparecchiature mediche sterili.\" \/>\n<meta name=\"robots\" content=\"index, follow, max-snippet:-1, max-image-preview:large, max-video-preview:-1\" \/>\n<link rel=\"canonical\" href=\"https:\/\/www.sestogrado.it\/it\/prodotto\/lifesystems-traveller-first-aid-kit-di-primo-soccorso-con-39-prodotti\/\" \/>\n<meta property=\"og:locale\" content=\"it_IT\" \/>\n<meta property=\"og:type\" content=\"article\" \/>\n<meta property=\"og:title\" content=\"Lifesystems Traveller first aid kit di primo soccorso da viaggio - Sestogrado\" \/>\n<meta property=\"og:description\" content=\"Lifesystems Traveller first aid kit di primo soccorso con 39 prodotti \u00e8 il kit di pronto soccorso progettato per lunghe spedizioni su strada. Che tu stia partendo per un anno sabbatico, un viaggio all&#039;estero o qualsiasi altro tipo di avventura con lo zaino in spalla. Il kit include anche gli elementi essenziali per il trattamento di una serie di lesioni da lievi a moderate. Questo kit non contiene la raccolta di apparecchiature mediche sterili.\" \/>\n<meta property=\"og:url\" content=\"https:\/\/www.sestogrado.it\/it\/prodotto\/lifesystems-traveller-first-aid-kit-di-primo-soccorso-con-39-prodotti\/\" \/>\n<meta property=\"og:site_name\" content=\"Sestogrado\" \/>\n<meta property=\"article:publisher\" content=\"https:\/\/www.facebook.com\/pages\/Sestogrado\/1542635979353017?ref=bookmarks\" \/>\n<meta property=\"article:modified_time\" content=\"2022-10-17T10:13:20+00:00\" \/>\n<meta property=\"og:image\" content=\"https:\/\/www.sestogrado.it\/wp-content\/uploads\/2022\/03\/1060_traveller-first-aid-kit-1.jpg\" \/>\n\t<meta property=\"og:image:width\" content=\"1092\" \/>\n\t<meta property=\"og:image:height\" content=\"1092\" \/>\n\t<meta property=\"og:image:type\" content=\"image\/jpeg\" \/>\n<meta name=\"twitter:label1\" content=\"Prezzo\" \/>\n\t<meta name=\"twitter:data1\" content=\"&euro;&nbsp;59,00\" \/>\n\t<meta name=\"twitter:label2\" content=\"Disponibilit\u00e0\" \/>\n\t<meta name=\"twitter:data2\" content=\"In stock\" \/>\n<script type=\"application\/ld+json\" class=\"yoast-schema-graph\">{\"@context\":\"https:\/\/schema.org\",\"@graph\":[{\"@type\":\"WebPage\",\"@id\":\"https:\/\/www.sestogrado.it\/it\/prodotto\/lifesystems-traveller-first-aid-kit-di-primo-soccorso-con-39-prodotti\/\",\"url\":\"https:\/\/www.sestogrado.it\/it\/prodotto\/lifesystems-traveller-first-aid-kit-di-primo-soccorso-con-39-prodotti\/\",\"name\":\"Lifesystems Traveller first aid kit di primo soccorso da viaggio - Sestogrado\",\"isPartOf\":{\"@id\":\"https:\/\/www.sestogrado.it\/it\/#website\"},\"primaryImageOfPage\":{\"@id\":\"https:\/\/www.sestogrado.it\/it\/prodotto\/lifesystems-traveller-first-aid-kit-di-primo-soccorso-con-39-prodotti\/#primaryimage\"},\"image\":{\"@id\":\"https:\/\/www.sestogrado.it\/prodotto\/lifesystems-traveller-first-aid-kit-di-primo-soccorso-con-39-prodotti\/#primaryimage\"},\"thumbnailUrl\":\"https:\/\/www.sestogrado.it\/wp-content\/uploads\/2022\/03\/1060_traveller-first-aid-kit-1.jpg\",\"datePublished\":\"2022-03-14T13:22:27+00:00\",\"dateModified\":\"2022-10-17T10:13:20+00:00\",\"description\":\"Lifesystems Traveller first aid kit di primo soccorso con 39 prodotti \u00e8 il kit di pronto soccorso progettato per lunghe spedizioni su strada. Che tu stia partendo per un anno sabbatico, un viaggio all'estero o qualsiasi altro tipo di avventura con lo zaino in spalla. Il kit include anche gli elementi essenziali per il trattamento di una serie di lesioni da lievi a moderate. Questo kit non contiene la raccolta di apparecchiature mediche sterili.\",\"breadcrumb\":{\"@id\":\"https:\/\/www.sestogrado.it\/it\/prodotto\/lifesystems-traveller-first-aid-kit-di-primo-soccorso-con-39-prodotti\/#breadcrumb\"},\"inLanguage\":\"it-IT\",\"potentialAction\":[{\"@type\":\"ReadAction\",\"target\":[[\"https:\/\/www.sestogrado.it\/it\/prodotto\/lifesystems-traveller-first-aid-kit-di-primo-soccorso-con-39-prodotti\/\"]]}]},{\"@type\":\"ImageObject\",\"inLanguage\":\"it-IT\",\"@id\":\"https:\/\/www.sestogrado.it\/it\/prodotto\/lifesystems-traveller-first-aid-kit-di-primo-soccorso-con-39-prodotti\/#primaryimage\",\"url\":\"https:\/\/www.sestogrado.it\/wp-content\/uploads\/2022\/03\/1060_traveller-first-aid-kit-1.jpg\",\"contentUrl\":\"https:\/\/www.sestogrado.it\/wp-content\/uploads\/2022\/03\/1060_traveller-first-aid-kit-1.jpg\",\"width\":1092,\"height\":1092,\"caption\":\"LIFESYSTEMS TRAVELLER FIRST AID KIT\"},{\"@type\":\"BreadcrumbList\",\"@id\":\"https:\/\/www.sestogrado.it\/it\/prodotto\/lifesystems-traveller-first-aid-kit-di-primo-soccorso-con-39-prodotti\/#breadcrumb\",\"itemListElement\":[{\"@type\":\"ListItem\",\"position\":1,\"name\":\"Home\",\"item\":\"https:\/\/www.sestogrado.it\/it\/\"},{\"@type\":\"ListItem\",\"position\":2,\"name\":\"Shop\",\"item\":\"https:\/\/www.sestogrado.it\/it\/shop\/\"},{\"@type\":\"ListItem\",\"position\":3,\"name\":\"Lifesystems Traveller first aid kit di primo soccorso da viaggio\"}]},{\"@type\":\"WebSite\",\"@id\":\"https:\/\/www.sestogrado.it\/it\/#website\",\"url\":\"https:\/\/www.sestogrado.it\/it\/\",\"name\":\"Sestogrado\",\"description\":\"yes we climb\",\"publisher\":{\"@id\":\"https:\/\/www.sestogrado.it\/it\/#organization\"},\"potentialAction\":[{\"@type\":\"SearchAction\",\"target\":{\"@type\":\"EntryPoint\",\"urlTemplate\":\"https:\/\/www.sestogrado.it\/it\/?s={search_term_string}\"},\"query-input\":{\"@type\":\"PropertyValueSpecification\",\"valueRequired\":true,\"valueName\":\"search_term_string\"}}],\"inLanguage\":\"it-IT\"},{\"@type\":\"Organization\",\"@id\":\"https:\/\/www.sestogrado.it\/it\/#organization\",\"name\":\"Sestogrado\",\"url\":\"https:\/\/www.sestogrado.it\/it\/\",\"logo\":{\"@type\":\"ImageObject\",\"inLanguage\":\"it-IT\",\"@id\":\"https:\/\/www.sestogrado.it\/it\/#\/schema\/logo\/image\/\",\"url\":\"https:\/\/www.sestogrado.it\/wp-content\/uploads\/2015\/03\/sestogrado-favicon.png\",\"contentUrl\":\"https:\/\/www.sestogrado.it\/wp-content\/uploads\/2015\/03\/sestogrado-favicon.png\",\"width\":260,\"height\":260,\"caption\":\"Sestogrado\"},\"image\":{\"@id\":\"https:\/\/www.sestogrado.it\/it\/#\/schema\/logo\/image\/\"},\"sameAs\":[\"https:\/\/www.facebook.com\/pages\/Sestogrado\/1542635979353017?ref=bookmarks\",\"https:\/\/www.youtube.com\/channel\/UC847kAfTkaJsWpc1jtQwr3Q\"],\"hasMerchantReturnPolicy\":{\"@type\":\"MerchantReturnPolicy\",\"merchantReturnLink\":\"https:\/\/www.sestogrado.it\/it\/termini-e-condizioni\/\"}}]}<\/script>\n<meta property=\"product:brand\" content=\"Lifesystems\" \/>\n<meta property=\"product:price:amount\" content=\"59.00\" \/>\n<meta property=\"product:price:currency\" content=\"EUR\" \/>\n<meta property=\"og:availability\" content=\"instock\" \/>\n<meta property=\"product:availability\" content=\"instock\" \/>\n<meta property=\"product:condition\" content=\"new\" \/>\n<!-- \/ Yoast SEO plugin. -->","yoast_head_json":{"title":"Lifesystems Traveller first aid kit di primo soccorso da viaggio - Sestogrado","description":"Lifesystems Traveller first aid kit di primo soccorso con 39 prodotti \u00e8 il kit di pronto soccorso progettato per lunghe spedizioni su strada. Che tu stia partendo per un anno sabbatico, un viaggio all'estero o qualsiasi altro tipo di avventura con lo zaino in spalla. Il kit include anche gli elementi essenziali per il trattamento di una serie di lesioni da lievi a moderate. Questo kit non contiene la raccolta di apparecchiature mediche sterili.","robots":{"index":"index","follow":"follow","max-snippet":"max-snippet:-1","max-image-preview":"max-image-preview:large","max-video-preview":"max-video-preview:-1"},"canonical":"https:\/\/www.sestogrado.it\/it\/prodotto\/lifesystems-traveller-first-aid-kit-di-primo-soccorso-con-39-prodotti\/","og_locale":"it_IT","og_type":"article","og_title":"Lifesystems Traveller first aid kit di primo soccorso da viaggio - Sestogrado","og_description":"Lifesystems Traveller first aid kit di primo soccorso con 39 prodotti \u00e8 il kit di pronto soccorso progettato per lunghe spedizioni su strada. Che tu stia partendo per un anno sabbatico, un viaggio all'estero o qualsiasi altro tipo di avventura con lo zaino in spalla. Il kit include anche gli elementi essenziali per il trattamento di una serie di lesioni da lievi a moderate. Questo kit non contiene la raccolta di apparecchiature mediche sterili.","og_url":"https:\/\/www.sestogrado.it\/it\/prodotto\/lifesystems-traveller-first-aid-kit-di-primo-soccorso-con-39-prodotti\/","og_site_name":"Sestogrado","article_publisher":"https:\/\/www.facebook.com\/pages\/Sestogrado\/1542635979353017?ref=bookmarks","article_modified_time":"2022-10-17T10:13:20+00:00","og_image":[{"width":1092,"height":1092,"url":"https:\/\/www.sestogrado.it\/wp-content\/uploads\/2022\/03\/1060_traveller-first-aid-kit-1.jpg","type":"image\/jpeg"}],"twitter_misc":{"Prezzo":"&euro;&nbsp;59,00","Disponibilit\u00e0":"In stock"},"schema":{"@context":"https:\/\/schema.org","@graph":[{"@type":"WebPage","@id":"https:\/\/www.sestogrado.it\/it\/prodotto\/lifesystems-traveller-first-aid-kit-di-primo-soccorso-con-39-prodotti\/","url":"https:\/\/www.sestogrado.it\/it\/prodotto\/lifesystems-traveller-first-aid-kit-di-primo-soccorso-con-39-prodotti\/","name":"Lifesystems Traveller first aid kit di primo soccorso da viaggio - Sestogrado","isPartOf":{"@id":"https:\/\/www.sestogrado.it\/it\/#website"},"primaryImageOfPage":{"@id":"https:\/\/www.sestogrado.it\/it\/prodotto\/lifesystems-traveller-first-aid-kit-di-primo-soccorso-con-39-prodotti\/#primaryimage"},"image":{"@id":"https:\/\/www.sestogrado.it\/prodotto\/lifesystems-traveller-first-aid-kit-di-primo-soccorso-con-39-prodotti\/#primaryimage"},"thumbnailUrl":"https:\/\/www.sestogrado.it\/wp-content\/uploads\/2022\/03\/1060_traveller-first-aid-kit-1.jpg","datePublished":"2022-03-14T13:22:27+00:00","dateModified":"2022-10-17T10:13:20+00:00","description":"Lifesystems Traveller first aid kit di primo soccorso con 39 prodotti \u00e8 il kit di pronto soccorso progettato per lunghe spedizioni su strada. Che tu stia partendo per un anno sabbatico, un viaggio all'estero o qualsiasi altro tipo di avventura con lo zaino in spalla. Il kit include anche gli elementi essenziali per il trattamento di una serie di lesioni da lievi a moderate. Questo kit non contiene la raccolta di apparecchiature mediche sterili.","breadcrumb":{"@id":"https:\/\/www.sestogrado.it\/it\/prodotto\/lifesystems-traveller-first-aid-kit-di-primo-soccorso-con-39-prodotti\/#breadcrumb"},"inLanguage":"it-IT","potentialAction":[{"@type":"ReadAction","target":[["https:\/\/www.sestogrado.it\/it\/prodotto\/lifesystems-traveller-first-aid-kit-di-primo-soccorso-con-39-prodotti\/"]]}]},{"@type":"ImageObject","inLanguage":"it-IT","@id":"https:\/\/www.sestogrado.it\/it\/prodotto\/lifesystems-traveller-first-aid-kit-di-primo-soccorso-con-39-prodotti\/#primaryimage","url":"https:\/\/www.sestogrado.it\/wp-content\/uploads\/2022\/03\/1060_traveller-first-aid-kit-1.jpg","contentUrl":"https:\/\/www.sestogrado.it\/wp-content\/uploads\/2022\/03\/1060_traveller-first-aid-kit-1.jpg","width":1092,"height":1092,"caption":"LIFESYSTEMS TRAVELLER FIRST AID KIT"},{"@type":"BreadcrumbList","@id":"https:\/\/www.sestogrado.it\/it\/prodotto\/lifesystems-traveller-first-aid-kit-di-primo-soccorso-con-39-prodotti\/#breadcrumb","itemListElement":[{"@type":"ListItem","position":1,"name":"Home","item":"https:\/\/www.sestogrado.it\/it\/"},{"@type":"ListItem","position":2,"name":"Shop","item":"https:\/\/www.sestogrado.it\/it\/shop\/"},{"@type":"ListItem","position":3,"name":"Lifesystems Traveller first aid kit di primo soccorso da viaggio"}]},{"@type":"WebSite","@id":"https:\/\/www.sestogrado.it\/it\/#website","url":"https:\/\/www.sestogrado.it\/it\/","name":"Sestogrado","description":"yes we climb","publisher":{"@id":"https:\/\/www.sestogrado.it\/it\/#organization"},"potentialAction":[{"@type":"SearchAction","target":{"@type":"EntryPoint","urlTemplate":"https:\/\/www.sestogrado.it\/it\/?s={search_term_string}"},"query-input":{"@type":"PropertyValueSpecification","valueRequired":true,"valueName":"search_term_string"}}],"inLanguage":"it-IT"},{"@type":"Organization","@id":"https:\/\/www.sestogrado.it\/it\/#organization","name":"Sestogrado","url":"https:\/\/www.sestogrado.it\/it\/","logo":{"@type":"ImageObject","inLanguage":"it-IT","@id":"https:\/\/www.sestogrado.it\/it\/#\/schema\/logo\/image\/","url":"https:\/\/www.sestogrado.it\/wp-content\/uploads\/2015\/03\/sestogrado-favicon.png","contentUrl":"https:\/\/www.sestogrado.it\/wp-content\/uploads\/2015\/03\/sestogrado-favicon.png","width":260,"height":260,"caption":"Sestogrado"},"image":{"@id":"https:\/\/www.sestogrado.it\/it\/#\/schema\/logo\/image\/"},"sameAs":["https:\/\/www.facebook.com\/pages\/Sestogrado\/1542635979353017?ref=bookmarks","https:\/\/www.youtube.com\/channel\/UC847kAfTkaJsWpc1jtQwr3Q"],"hasMerchantReturnPolicy":{"@type":"MerchantReturnPolicy","merchantReturnLink":"https:\/\/www.sestogrado.it\/it\/termini-e-condizioni\/"}}]},"product_brand":"Lifesystems","product_price_amount":"59.00","product_price_currency":"EUR","og_availability":"instock","product_availability":"instock","product_condition":"new"},"_links":{"self":[{"href":"https:\/\/www.sestogrado.it\/it\/wp-json\/wp\/v2\/product\/97103","targetHints":{"allow":["GET"]}}],"collection":[{"href":"https:\/\/www.sestogrado.it\/it\/wp-json\/wp\/v2\/product"}],"about":[{"href":"https:\/\/www.sestogrado.it\/it\/wp-json\/wp\/v2\/types\/product"}],"replies":[{"embeddable":true,"href":"https:\/\/www.sestogrado.it\/it\/wp-json\/wp\/v2\/comments?post=97103"}],"wp:featuredmedia":[{"embeddable":true,"href":"https:\/\/www.sestogrado.it\/it\/wp-json\/wp\/v2\/media\/97105"}],"wp:attachment":[{"href":"https:\/\/www.sestogrado.it\/it\/wp-json\/wp\/v2\/media?parent=97103"}],"wp:term":[{"taxonomy":"product_brand","embeddable":true,"href":"https:\/\/www.sestogrado.it\/it\/wp-json\/wp\/v2\/product_brand?post=97103"},{"taxonomy":"product_cat","embeddable":true,"href":"https:\/\/www.sestogrado.it\/it\/wp-json\/wp\/v2\/product_cat?post=97103"},{"taxonomy":"product_tag","embeddable":true,"href":"https:\/\/www.sestogrado.it\/it\/wp-json\/wp\/v2\/product_tag?post=97103"}],"curies":[{"name":"wp","href":"https:\/\/api.w.org\/{rel}","templated":true}]}}