{"id":96557,"date":"2022-03-07T10:10:36","date_gmt":"2022-03-07T09:10:36","guid":{"rendered":"https:\/\/www.sestogrado.it\/?post_type=product&#038;p=96557"},"modified":"2026-05-11T16:15:16","modified_gmt":"2026-05-11T14:15:16","slug":"totem-cam-friend-serie-completa-7-misure","status":"publish","type":"product","link":"https:\/\/www.sestogrado.it\/it\/prodotto\/totem-cam-friend-serie-completa-7-misure\/","title":{"rendered":"Totem Cam friend serie completa 7 misure"},"content":{"rendered":"<p>Vuoi farti il set completo di Totem Cam con tutte le 7 misure?<\/p>\n<p>Ecco il set definitivo per ogni tipo di arrampicata trad, su qualsiasi terreno. <strong>Il set comprende le 7 misure di Totem Cam<\/strong>:<\/p>\n<div class=\"table-responsive\"><table class=\"table\" id=\"tablepress-10\" class=\"tablepress tablepress-id-10 dataTable no-footer\">\n<thead>\n<tr class=\"row-1 odd\">\n<th class=\"column-1 sorting_disabled\" colspan=\"1\" rowspan=\"1\">REFERENZA<\/th>\n<th class=\"column-2 sorting_disabled\" colspan=\"1\" rowspan=\"1\">COLORE<\/th>\n<th class=\"column-3 sorting_disabled\" colspan=\"1\" rowspan=\"1\">RESISTENZA<\/th>\n<th class=\"column-4 sorting_disabled\" colspan=\"1\" rowspan=\"1\">ESPANSIONE<br \/>\nMIN<\/th>\n<th class=\"column-5 sorting_disabled\" colspan=\"1\" rowspan=\"1\">ESPANSIONE<br \/>\nMAX<\/th>\n<th class=\"column-6 sorting_disabled\" colspan=\"1\" rowspan=\"1\">PESO<\/th>\n<\/tr>\n<\/thead>\n<tbody class=\"row-hover\">\n<tr class=\"row-2 even\">\n<td class=\"column-1\">TOTEM CAM 0.50<\/td>\n<td class=\"column-2\">nero<\/td>\n<td class=\"column-3\">6kN<\/td>\n<td class=\"column-4\">11,7mm<\/td>\n<td class=\"column-5\">18,9mm<\/td>\n<td class=\"column-6\">69g<\/td>\n<\/tr>\n<tr class=\"row-3 odd\">\n<td class=\"column-1\">TOTEM CAM 0.65<\/td>\n<td class=\"column-2\">blu<\/td>\n<td class=\"column-3\">8kN<\/td>\n<td class=\"column-4\">13,8mm<\/td>\n<td class=\"column-5\">22,5mm<\/td>\n<td class=\"column-6\">75g<\/td>\n<\/tr>\n<tr class=\"row-4 even\">\n<td class=\"column-1\">TOTEM CAM 0.80<\/td>\n<td class=\"column-2\">giallo<\/td>\n<td class=\"column-3\">9kN<\/td>\n<td class=\"column-4\">17mm<\/td>\n<td class=\"column-5\">27,7mm<\/td>\n<td class=\"column-6\">83g<\/td>\n<\/tr>\n<tr class=\"row-5 odd\">\n<td class=\"column-1\">TOTEM CAM 1.00<\/td>\n<td class=\"column-2\">porpora<\/td>\n<td class=\"column-3\">10kN<\/td>\n<td class=\"column-4\">20,9mm<\/td>\n<td class=\"column-5\">34,2mm<\/td>\n<td class=\"column-6\">95g<\/td>\n<\/tr>\n<tr class=\"row-6 even\">\n<td class=\"column-1\">TOTEM CAM 1.25<\/td>\n<td class=\"column-2\">verde<\/td>\n<td class=\"column-3\">13kN<\/td>\n<td class=\"column-4\">25,7mm<\/td>\n<td class=\"column-5\">42,3mm<\/td>\n<td class=\"column-6\">109g<\/td>\n<\/tr>\n<tr class=\"row-7 odd\">\n<td class=\"column-1\">TOTEM CAM 1.50<\/td>\n<td class=\"column-2\">rosso<\/td>\n<td class=\"column-3\">13kN<\/td>\n<td class=\"column-4\">31,6mm<\/td>\n<td class=\"column-5\">52,2mm<\/td>\n<td class=\"column-6\">132g<\/td>\n<\/tr>\n<tr class=\"row-8 even\">\n<td class=\"column-1\">TOTEM CAM 1.80<\/td>\n<td class=\"column-2\">arancione<\/td>\n<td class=\"column-3\">13kN<\/td>\n<td class=\"column-4\">39,7mm<\/td>\n<td class=\"column-5\">64,2mm<\/td>\n<td class=\"column-6\">144g<\/td>\n<\/tr>\n<\/tbody>\n<\/table><\/div>\n<p>&nbsp;<\/p>\n<p>Se invece desideri acquistare i Totem singolarmente, puoi farlo <a href=\"https:\/\/www.sestogrado.it\/it\/prodotto\/totem-totem-cam-friend-set-arrampicata-tutte-le-misure\/\" target=\"_blank\" rel=\"noopener\">qui<\/a>.<\/p>\n<p>I Totem Cam sono dei friend da arrampicata che hanno introdotto una innovazione nel mercato delle protezioni veloci. Sviluppati e prodotti dalla Totem, un&#8217;azienda situata nei Paesi Baschi spagnoli i Totem Cam offrono\u00a0un\u2019eccezionale capacit\u00e0 di presa e versatilit\u00e0 di utilizzo grazie al suo brevettato sistema \u201cDirect Loading Camming Device:<\/p>\n<ul>\n<li>il friend pu\u00f2 essere piazzato anche solo su due camme, sfruttando fessure dove il friend non entrerebbe completamente con le tre camme<\/li>\n<\/ul>\n<p><img decoding=\"async\" class=\" wp-image-18612 alignnone\" src=\"https:\/\/www.sestogrado.it\/wp-content\/uploads\/2018\/11\/totem.jpg\" alt=\"totem cam\" width=\"605\" height=\"404\" srcset=\"https:\/\/www.sestogrado.it\/wp-content\/uploads\/2018\/11\/totem.jpg 900w, https:\/\/www.sestogrado.it\/wp-content\/uploads\/2018\/11\/totem-750x500.jpg 750w, https:\/\/www.sestogrado.it\/wp-content\/uploads\/2018\/11\/totem-300x200.jpg 300w, https:\/\/www.sestogrado.it\/wp-content\/uploads\/2018\/11\/totem-768x512.jpg 768w, https:\/\/www.sestogrado.it\/wp-content\/uploads\/2018\/11\/totem-635x423.jpg 635w, https:\/\/www.sestogrado.it\/wp-content\/uploads\/2018\/11\/totem-96x64.jpg 96w\" sizes=\"(max-width: 605px) 100vw, 605px\" \/><\/p>\n<p>Questa caratteristica conferisce al Totem Cam un&#8217;ampia gamma di piazzamenti, rendendolo il pi\u00f9 appropriato per i trad climbers pi\u00f9 esigenti.<\/p>\n<p>Il design esclusivo dei Totem Cam permette di creare una protezione all-round, da utilizzare in qualsiasi tipo di arrampicata. Le camme hanno una <strong>forma schiacciata<\/strong> e questo permette di posizionarle con maggiore facilit\u00e0 nelle tasche o nelle fessure meno profonde. Le camme sono collegate alla fettuccia tramite cavetti di acciaio, secondo la metodologia costruttiva tipica dei <a href=\"https:\/\/www.sestogrado.it\/it\/prodotto\/black-diamond-camalot-z4-friend-arrampicata-tutte-le-misure\/\" target=\"_blank\" rel=\"noopener\">Camalot Z4<\/a>, per cui il corpo dei Totem Cam \u00e8 <strong>molto flessibile<\/strong> per prevenire che il friend si muova da dove \u00e8 stato piazzato. La tenuta \u00e8 ottima anche se la protezione \u00e8 posizionata su due sole camme. Totem \u00e8 rinomata per la sua magnifica tenuta su calcare e su tutti i tipi di roccia che non offrono posizionamenti ideali.<\/p>\n<ul>\n<li><strong>Direct Loading Camming Device system (US patent 7,014,156)<\/strong>\u00a0permette di generare una forza perfettamente distribuita\u00a0 su ogni camma, eliminando la possibilit\u00e1 di avere camme non cariche\u00a0 e quindi forze mal distribuite\u00a0 che possano compromettere la stabilit\u00e1 del piazzamento. Quando piazzare correttamente tutte e quattro le camme a contatto con la roccia non \u00e9 possibile, Totem Cam permette comunque di piazzare la protezione con solo due camme sotto carico.<strong>Grande capacit\u00e1 di tenuta<\/strong>. Confrontato con i classici sistemi Spring Loaded Camming Device (sistema usato da molte delle altre marche), Totem Cam \u00e9 simile ad un\u00a0 SLCD con un angolo approssimativo di\u00a0 13 gradi in combinazione con\u00a0 camme in aluminio 7075-T6.<\/li>\n<\/ul>\n<ul>\n<li><strong>Caricabili anche solo su una camma<\/strong>, per l\u00b4utilizzo in fessure poco profonde od irregolari dove una o due camme non sono in grado di prendere contatto con la roccia. Per l\u00b4 utilizzo in questione, collegare il moschettone al punto\u00a0 dove la fettuccia e\u00b4 inserita (Vedi figura). Non utilizzare Totem in questa configurazione per proteggere una caduta. Questo tipo di piazzamento riduce la tenuta e dimezza la forza di rottura. Questo tipo di piazzamenti pu\u00f3 essere utilizzato per supportare il peso del corpo in alcune situazioni di arrampicata artificiale.<\/li>\n<li><strong>Migliori performances in fessure che si allargano verso il basso<\/strong>. In generale questo tipo di piazzamenti dovrebbe essere evitato perch\u00e9 le forze generate sui componenti delle camme e sulla roccia sono estremamente alte conducendo spesso alla fuoriuscita della protezione oppure alla rottura della stessa. Tuttavia, Totem Cam pu\u00f2 essere piazzato in fessure verticali che si allargano verso il basso con un angolo fino a 40 gradi.<\/li>\n<li>Facili da maneggiare anche con i <strong>guanti<\/strong><\/li>\n<\/ul>\n<p>&nbsp;<\/p>\n<p>Il Totem Cam \u00e9 un prodotto innovativo nel design meccanico delle componenti e nei dettagli. Un passo avanti nel mondo delle protezioni attive.<\/p>\n<p>&nbsp;<\/p>\n<p>La produzione dei Totem Cam \u00e8 interamente realizzata a Hernani (Gipuzkoa) con l&#8217;obiettivo di fornire alla comunit\u00e0 degli arrampicatori materiali di protezione mobili di qualit\u00e0.<\/p>","protected":false},"excerpt":{"rendered":"<p>Vuoi farti il set completo di Totem Cam con tutte le 7 misure? Ecco il set definitivo per ogni tipo [&hellip;]<\/p>\n","protected":false},"featured_media":96563,"comment_status":"open","ping_status":"closed","template":"","meta":{"_acf_changed":false},"product_brand":[556],"product_cat":[135],"product_tag":[],"class_list":{"0":"post-96557","1":"product","2":"type-product","3":"status-publish","4":"has-post-thumbnail","6":"product_brand-totem","7":"product_cat-friends-e-nuts","9":"first","10":"instock","11":"sale","12":"taxable","13":"shipping-taxable","14":"purchasable","15":"product-type-simple"},"acf":[],"yoast_head":"<!-- This site is optimized with the Yoast SEO plugin v26.4 - https:\/\/yoast.com\/wordpress\/plugins\/seo\/ -->\n<title>Totem Cam friend serie completa 7 misure - Sestogrado<\/title>\n<meta name=\"description\" content=\"Vuoi farti il set completo di Totem Cam con tutte le 7 misure ad un super prezzo?Ecco il set definitivo per ogni tipo di arrampicata trad, su qualsiasi terreno. Il set comprende le 7 misure di Totem Cam. I Totem Cam sono dei friend da arrampicata che hanno introdotto una innovazione nel mercato delle protezioni veloci. Sviluppati e prodotti dalla Totem, un&#039;azienda situata nei Paesi Baschi spagnoli i Totem Cam offrono\u00a0un\u2019eccezionale capacit\u00e0 di presa e versatilit\u00e0 di utilizzo grazie al suo brevettato sistema \u201cDirect Loading Camming Device:il friend pu\u00f2 essere piazzato anche solo su due camme, sfruttando fessure dove il friend non entrerebbe completamente con le tre camme\" \/>\n<meta name=\"robots\" content=\"index, follow, max-snippet:-1, max-image-preview:large, max-video-preview:-1\" \/>\n<link rel=\"canonical\" href=\"https:\/\/www.sestogrado.it\/it\/prodotto\/totem-cam-friend-serie-completa-7-misure\/\" \/>\n<meta property=\"og:locale\" content=\"it_IT\" \/>\n<meta property=\"og:type\" content=\"article\" \/>\n<meta property=\"og:title\" content=\"Totem Cam friend serie completa 7 misure - Sestogrado\" \/>\n<meta property=\"og:description\" content=\"Vuoi farti il set completo di Totem Cam con tutte le 7 misure ad un super prezzo?Ecco il set definitivo per ogni tipo di arrampicata trad, su qualsiasi terreno. Il set comprende le 7 misure di Totem Cam. I Totem Cam sono dei friend da arrampicata che hanno introdotto una innovazione nel mercato delle protezioni veloci. Sviluppati e prodotti dalla Totem, un&#039;azienda situata nei Paesi Baschi spagnoli i Totem Cam offrono\u00a0un\u2019eccezionale capacit\u00e0 di presa e versatilit\u00e0 di utilizzo grazie al suo brevettato sistema \u201cDirect Loading Camming Device:il friend pu\u00f2 essere piazzato anche solo su due camme, sfruttando fessure dove il friend non entrerebbe completamente con le tre camme\" \/>\n<meta property=\"og:url\" content=\"https:\/\/www.sestogrado.it\/it\/prodotto\/totem-cam-friend-serie-completa-7-misure\/\" \/>\n<meta property=\"og:site_name\" content=\"Sestogrado\" \/>\n<meta property=\"article:publisher\" content=\"https:\/\/www.facebook.com\/pages\/Sestogrado\/1542635979353017?ref=bookmarks\" \/>\n<meta property=\"article:modified_time\" content=\"2026-05-11T14:15:16+00:00\" \/>\n<meta property=\"og:image\" content=\"https:\/\/www.sestogrado.it\/wp-content\/uploads\/2022\/03\/Totem-tutti.jpg\" \/>\n\t<meta property=\"og:image:width\" content=\"1200\" \/>\n\t<meta property=\"og:image:height\" content=\"1200\" \/>\n\t<meta property=\"og:image:type\" content=\"image\/jpeg\" \/>\n<meta name=\"twitter:label1\" content=\"Prezzo\" \/>\n\t<meta name=\"twitter:data1\" content=\"&euro;&nbsp;699,00\" \/>\n\t<meta name=\"twitter:label2\" content=\"Disponibilit\u00e0\" \/>\n\t<meta name=\"twitter:data2\" content=\"In stock\" \/>\n<script type=\"application\/ld+json\" class=\"yoast-schema-graph\">{\"@context\":\"https:\/\/schema.org\",\"@graph\":[{\"@type\":\"WebPage\",\"@id\":\"https:\/\/www.sestogrado.it\/it\/prodotto\/totem-cam-friend-serie-completa-7-misure\/\",\"url\":\"https:\/\/www.sestogrado.it\/it\/prodotto\/totem-cam-friend-serie-completa-7-misure\/\",\"name\":\"Totem Cam friend serie completa 7 misure - Sestogrado\",\"isPartOf\":{\"@id\":\"https:\/\/www.sestogrado.it\/it\/#website\"},\"primaryImageOfPage\":{\"@id\":\"https:\/\/www.sestogrado.it\/it\/prodotto\/totem-cam-friend-serie-completa-7-misure\/#primaryimage\"},\"image\":{\"@id\":\"https:\/\/www.sestogrado.it\/prodotto\/totem-cam-friend-serie-completa-7-misure\/#primaryimage\"},\"thumbnailUrl\":\"https:\/\/www.sestogrado.it\/wp-content\/uploads\/2022\/03\/Totem-tutti.jpg\",\"datePublished\":\"2022-03-07T09:10:36+00:00\",\"dateModified\":\"2026-05-11T14:15:16+00:00\",\"description\":\"Vuoi farti il set completo di Totem Cam con tutte le 7 misure ad un super prezzo?Ecco il set definitivo per ogni tipo di arrampicata trad, su qualsiasi terreno. Il set comprende le 7 misure di Totem Cam. I Totem Cam sono dei friend da arrampicata che hanno introdotto una innovazione nel mercato delle protezioni veloci. Sviluppati e prodotti dalla Totem, un'azienda situata nei Paesi Baschi spagnoli i Totem Cam offrono\u00a0un\u2019eccezionale capacit\u00e0 di presa e versatilit\u00e0 di utilizzo grazie al suo brevettato sistema \u201cDirect Loading Camming Device:il friend pu\u00f2 essere piazzato anche solo su due camme, sfruttando fessure dove il friend non entrerebbe completamente con le tre camme\",\"breadcrumb\":{\"@id\":\"https:\/\/www.sestogrado.it\/it\/prodotto\/totem-cam-friend-serie-completa-7-misure\/#breadcrumb\"},\"inLanguage\":\"it-IT\",\"potentialAction\":[{\"@type\":\"ReadAction\",\"target\":[[\"https:\/\/www.sestogrado.it\/it\/prodotto\/totem-cam-friend-serie-completa-7-misure\/\"]]}]},{\"@type\":\"ImageObject\",\"inLanguage\":\"it-IT\",\"@id\":\"https:\/\/www.sestogrado.it\/it\/prodotto\/totem-cam-friend-serie-completa-7-misure\/#primaryimage\",\"url\":\"https:\/\/www.sestogrado.it\/wp-content\/uploads\/2022\/03\/Totem-tutti.jpg\",\"contentUrl\":\"https:\/\/www.sestogrado.it\/wp-content\/uploads\/2022\/03\/Totem-tutti.jpg\",\"width\":1200,\"height\":1200,\"caption\":\"totem serie completa\"},{\"@type\":\"BreadcrumbList\",\"@id\":\"https:\/\/www.sestogrado.it\/it\/prodotto\/totem-cam-friend-serie-completa-7-misure\/#breadcrumb\",\"itemListElement\":[{\"@type\":\"ListItem\",\"position\":1,\"name\":\"Home\",\"item\":\"https:\/\/www.sestogrado.it\/it\/\"},{\"@type\":\"ListItem\",\"position\":2,\"name\":\"Shop\",\"item\":\"https:\/\/www.sestogrado.it\/it\/shop\/\"},{\"@type\":\"ListItem\",\"position\":3,\"name\":\"Totem Cam friend serie completa 7 misure\"}]},{\"@type\":\"WebSite\",\"@id\":\"https:\/\/www.sestogrado.it\/it\/#website\",\"url\":\"https:\/\/www.sestogrado.it\/it\/\",\"name\":\"Sestogrado\",\"description\":\"yes we climb\",\"publisher\":{\"@id\":\"https:\/\/www.sestogrado.it\/it\/#organization\"},\"potentialAction\":[{\"@type\":\"SearchAction\",\"target\":{\"@type\":\"EntryPoint\",\"urlTemplate\":\"https:\/\/www.sestogrado.it\/it\/?s={search_term_string}\"},\"query-input\":{\"@type\":\"PropertyValueSpecification\",\"valueRequired\":true,\"valueName\":\"search_term_string\"}}],\"inLanguage\":\"it-IT\"},{\"@type\":\"Organization\",\"@id\":\"https:\/\/www.sestogrado.it\/it\/#organization\",\"name\":\"Sestogrado\",\"url\":\"https:\/\/www.sestogrado.it\/it\/\",\"logo\":{\"@type\":\"ImageObject\",\"inLanguage\":\"it-IT\",\"@id\":\"https:\/\/www.sestogrado.it\/it\/#\/schema\/logo\/image\/\",\"url\":\"https:\/\/www.sestogrado.it\/wp-content\/uploads\/2015\/03\/sestogrado-favicon.png\",\"contentUrl\":\"https:\/\/www.sestogrado.it\/wp-content\/uploads\/2015\/03\/sestogrado-favicon.png\",\"width\":260,\"height\":260,\"caption\":\"Sestogrado\"},\"image\":{\"@id\":\"https:\/\/www.sestogrado.it\/it\/#\/schema\/logo\/image\/\"},\"sameAs\":[\"https:\/\/www.facebook.com\/pages\/Sestogrado\/1542635979353017?ref=bookmarks\",\"https:\/\/www.youtube.com\/channel\/UC847kAfTkaJsWpc1jtQwr3Q\"],\"hasMerchantReturnPolicy\":{\"@type\":\"MerchantReturnPolicy\",\"merchantReturnLink\":\"https:\/\/www.sestogrado.it\/it\/termini-e-condizioni\/\"}}]}<\/script>\n<meta property=\"product:brand\" content=\"Totem\" \/>\n<meta property=\"product:price:amount\" content=\"699.00\" \/>\n<meta property=\"product:price:currency\" content=\"EUR\" \/>\n<meta property=\"og:availability\" content=\"instock\" \/>\n<meta property=\"product:availability\" content=\"instock\" \/>\n<meta property=\"product:condition\" content=\"new\" \/>\n<!-- \/ Yoast SEO plugin. -->","yoast_head_json":{"title":"Totem Cam friend serie completa 7 misure - Sestogrado","description":"Vuoi farti il set completo di Totem Cam con tutte le 7 misure ad un super prezzo?Ecco il set definitivo per ogni tipo di arrampicata trad, su qualsiasi terreno. Il set comprende le 7 misure di Totem Cam. I Totem Cam sono dei friend da arrampicata che hanno introdotto una innovazione nel mercato delle protezioni veloci. Sviluppati e prodotti dalla Totem, un'azienda situata nei Paesi Baschi spagnoli i Totem Cam offrono\u00a0un\u2019eccezionale capacit\u00e0 di presa e versatilit\u00e0 di utilizzo grazie al suo brevettato sistema \u201cDirect Loading Camming Device:il friend pu\u00f2 essere piazzato anche solo su due camme, sfruttando fessure dove il friend non entrerebbe completamente con le tre camme","robots":{"index":"index","follow":"follow","max-snippet":"max-snippet:-1","max-image-preview":"max-image-preview:large","max-video-preview":"max-video-preview:-1"},"canonical":"https:\/\/www.sestogrado.it\/it\/prodotto\/totem-cam-friend-serie-completa-7-misure\/","og_locale":"it_IT","og_type":"article","og_title":"Totem Cam friend serie completa 7 misure - Sestogrado","og_description":"Vuoi farti il set completo di Totem Cam con tutte le 7 misure ad un super prezzo?Ecco il set definitivo per ogni tipo di arrampicata trad, su qualsiasi terreno. Il set comprende le 7 misure di Totem Cam. I Totem Cam sono dei friend da arrampicata che hanno introdotto una innovazione nel mercato delle protezioni veloci. Sviluppati e prodotti dalla Totem, un'azienda situata nei Paesi Baschi spagnoli i Totem Cam offrono\u00a0un\u2019eccezionale capacit\u00e0 di presa e versatilit\u00e0 di utilizzo grazie al suo brevettato sistema \u201cDirect Loading Camming Device:il friend pu\u00f2 essere piazzato anche solo su due camme, sfruttando fessure dove il friend non entrerebbe completamente con le tre camme","og_url":"https:\/\/www.sestogrado.it\/it\/prodotto\/totem-cam-friend-serie-completa-7-misure\/","og_site_name":"Sestogrado","article_publisher":"https:\/\/www.facebook.com\/pages\/Sestogrado\/1542635979353017?ref=bookmarks","article_modified_time":"2026-05-11T14:15:16+00:00","og_image":[{"width":1200,"height":1200,"url":"https:\/\/www.sestogrado.it\/wp-content\/uploads\/2022\/03\/Totem-tutti.jpg","type":"image\/jpeg"}],"twitter_misc":{"Prezzo":"&euro;&nbsp;699,00","Disponibilit\u00e0":"In stock"},"schema":{"@context":"https:\/\/schema.org","@graph":[{"@type":"WebPage","@id":"https:\/\/www.sestogrado.it\/it\/prodotto\/totem-cam-friend-serie-completa-7-misure\/","url":"https:\/\/www.sestogrado.it\/it\/prodotto\/totem-cam-friend-serie-completa-7-misure\/","name":"Totem Cam friend serie completa 7 misure - Sestogrado","isPartOf":{"@id":"https:\/\/www.sestogrado.it\/it\/#website"},"primaryImageOfPage":{"@id":"https:\/\/www.sestogrado.it\/it\/prodotto\/totem-cam-friend-serie-completa-7-misure\/#primaryimage"},"image":{"@id":"https:\/\/www.sestogrado.it\/prodotto\/totem-cam-friend-serie-completa-7-misure\/#primaryimage"},"thumbnailUrl":"https:\/\/www.sestogrado.it\/wp-content\/uploads\/2022\/03\/Totem-tutti.jpg","datePublished":"2022-03-07T09:10:36+00:00","dateModified":"2026-05-11T14:15:16+00:00","description":"Vuoi farti il set completo di Totem Cam con tutte le 7 misure ad un super prezzo?Ecco il set definitivo per ogni tipo di arrampicata trad, su qualsiasi terreno. Il set comprende le 7 misure di Totem Cam. I Totem Cam sono dei friend da arrampicata che hanno introdotto una innovazione nel mercato delle protezioni veloci. Sviluppati e prodotti dalla Totem, un'azienda situata nei Paesi Baschi spagnoli i Totem Cam offrono\u00a0un\u2019eccezionale capacit\u00e0 di presa e versatilit\u00e0 di utilizzo grazie al suo brevettato sistema \u201cDirect Loading Camming Device:il friend pu\u00f2 essere piazzato anche solo su due camme, sfruttando fessure dove il friend non entrerebbe completamente con le tre camme","breadcrumb":{"@id":"https:\/\/www.sestogrado.it\/it\/prodotto\/totem-cam-friend-serie-completa-7-misure\/#breadcrumb"},"inLanguage":"it-IT","potentialAction":[{"@type":"ReadAction","target":[["https:\/\/www.sestogrado.it\/it\/prodotto\/totem-cam-friend-serie-completa-7-misure\/"]]}]},{"@type":"ImageObject","inLanguage":"it-IT","@id":"https:\/\/www.sestogrado.it\/it\/prodotto\/totem-cam-friend-serie-completa-7-misure\/#primaryimage","url":"https:\/\/www.sestogrado.it\/wp-content\/uploads\/2022\/03\/Totem-tutti.jpg","contentUrl":"https:\/\/www.sestogrado.it\/wp-content\/uploads\/2022\/03\/Totem-tutti.jpg","width":1200,"height":1200,"caption":"totem serie completa"},{"@type":"BreadcrumbList","@id":"https:\/\/www.sestogrado.it\/it\/prodotto\/totem-cam-friend-serie-completa-7-misure\/#breadcrumb","itemListElement":[{"@type":"ListItem","position":1,"name":"Home","item":"https:\/\/www.sestogrado.it\/it\/"},{"@type":"ListItem","position":2,"name":"Shop","item":"https:\/\/www.sestogrado.it\/it\/shop\/"},{"@type":"ListItem","position":3,"name":"Totem Cam friend serie completa 7 misure"}]},{"@type":"WebSite","@id":"https:\/\/www.sestogrado.it\/it\/#website","url":"https:\/\/www.sestogrado.it\/it\/","name":"Sestogrado","description":"yes we climb","publisher":{"@id":"https:\/\/www.sestogrado.it\/it\/#organization"},"potentialAction":[{"@type":"SearchAction","target":{"@type":"EntryPoint","urlTemplate":"https:\/\/www.sestogrado.it\/it\/?s={search_term_string}"},"query-input":{"@type":"PropertyValueSpecification","valueRequired":true,"valueName":"search_term_string"}}],"inLanguage":"it-IT"},{"@type":"Organization","@id":"https:\/\/www.sestogrado.it\/it\/#organization","name":"Sestogrado","url":"https:\/\/www.sestogrado.it\/it\/","logo":{"@type":"ImageObject","inLanguage":"it-IT","@id":"https:\/\/www.sestogrado.it\/it\/#\/schema\/logo\/image\/","url":"https:\/\/www.sestogrado.it\/wp-content\/uploads\/2015\/03\/sestogrado-favicon.png","contentUrl":"https:\/\/www.sestogrado.it\/wp-content\/uploads\/2015\/03\/sestogrado-favicon.png","width":260,"height":260,"caption":"Sestogrado"},"image":{"@id":"https:\/\/www.sestogrado.it\/it\/#\/schema\/logo\/image\/"},"sameAs":["https:\/\/www.facebook.com\/pages\/Sestogrado\/1542635979353017?ref=bookmarks","https:\/\/www.youtube.com\/channel\/UC847kAfTkaJsWpc1jtQwr3Q"],"hasMerchantReturnPolicy":{"@type":"MerchantReturnPolicy","merchantReturnLink":"https:\/\/www.sestogrado.it\/it\/termini-e-condizioni\/"}}]},"product_brand":"Totem","product_price_amount":"699.00","product_price_currency":"EUR","og_availability":"instock","product_availability":"instock","product_condition":"new"},"_links":{"self":[{"href":"https:\/\/www.sestogrado.it\/it\/wp-json\/wp\/v2\/product\/96557","targetHints":{"allow":["GET"]}}],"collection":[{"href":"https:\/\/www.sestogrado.it\/it\/wp-json\/wp\/v2\/product"}],"about":[{"href":"https:\/\/www.sestogrado.it\/it\/wp-json\/wp\/v2\/types\/product"}],"replies":[{"embeddable":true,"href":"https:\/\/www.sestogrado.it\/it\/wp-json\/wp\/v2\/comments?post=96557"}],"wp:featuredmedia":[{"embeddable":true,"href":"https:\/\/www.sestogrado.it\/it\/wp-json\/wp\/v2\/media\/96563"}],"wp:attachment":[{"href":"https:\/\/www.sestogrado.it\/it\/wp-json\/wp\/v2\/media?parent=96557"}],"wp:term":[{"taxonomy":"product_brand","embeddable":true,"href":"https:\/\/www.sestogrado.it\/it\/wp-json\/wp\/v2\/product_brand?post=96557"},{"taxonomy":"product_cat","embeddable":true,"href":"https:\/\/www.sestogrado.it\/it\/wp-json\/wp\/v2\/product_cat?post=96557"},{"taxonomy":"product_tag","embeddable":true,"href":"https:\/\/www.sestogrado.it\/it\/wp-json\/wp\/v2\/product_tag?post=96557"}],"curies":[{"name":"wp","href":"https:\/\/api.w.org\/{rel}","templated":true}]}}