{"id":96057,"date":"2022-06-22T11:33:40","date_gmt":"2022-06-22T09:33:40","guid":{"rendered":"https:\/\/www.sestogrado.it\/?post_type=product&#038;p=96057"},"modified":"2026-04-24T15:19:40","modified_gmt":"2026-04-24T13:19:40","slug":"leki-ultratrail-fx-one-bastoncini-da-trail-running","status":"publish","type":"product","link":"https:\/\/www.sestogrado.it\/it\/prodotto\/leki-ultratrail-fx-one-bastoncini-da-trail-running\/","title":{"rendered":"Leki Ultratrail FX.ONE Bastoncini da trail running"},"content":{"rendered":"<p>Leki Ultratrail FX.ONE Bastoncini da trail running sono dei bastoncini composti da 4 sezioni e pieghevoli in 3 corti rami, che racchiusi raggiungono <strong>solo 36 cm di ingombro in lunghezza<\/strong>.<\/p>\n<p>Sono stati progettati per tutti i trail runner che si muovono su terreni difficili e vogliono essere sostenuti al top, grazie a bastoni <strong>molto leggeri in carbonio,<\/strong>\u00a0che aiutano e supportano il movimento in salita e discesa.<\/p>\n<p>Sono dotati dell&#8217;<strong>impugnatura Trail Shark<\/strong> che da comodit\u00e0 e presa solida e dragonne regolabile e rimuovibile in <strong>Shark frame strap mesh<\/strong>, e classiche\u00a0classiche rondelle da trail.<\/p>\n<p>Grazie alla super leggerezza dovuta alla costruzione in carbonio, i Leki Ultratrail FX.ONE <strong>pesano 182 grammi al bastone<\/strong>, il che li rende il compromesso tra due top modelli come i Neotrail FX.ONE Superlite e gli Evotrail FX:ONE TA.<\/p>\n<p>&nbsp;<\/p>\n<ul>\n<li>Tipologia:\u00a0Bastoncino pieghevole<\/li>\n<li>Ambito d\u2019uso:\u00a0Trail running<\/li>\n<li>Corsa di regolazione: <strong>105-135 cm<\/strong><\/li>\n<li>Tipo di materiale:<strong> Carbonio (HRC)<\/strong><\/li>\n<li><strong>4 sezioni<\/strong><\/li>\n<li>Sistema pieghevole con Push-botton<\/li>\n<li>Diametri per sezione: 16, 14, 14, 14 mm<\/li>\n<li>Impugnatura: <strong>Trail Shark con sughero<\/strong><\/li>\n<li>Dragonne: rimovibile, regolabile con tecnologia\u00a0<strong>Shark frame strap mesh<\/strong><\/li>\n<li>Rondella:\u00a0con rondella da<strong> trail running\u00a0<\/strong><\/li>\n<li>Puntale:\u00a0<strong>Puntale in carburo\u00a0<\/strong><\/li>\n<li>Lunghezza bastoncini piegati: <strong>36 cm <\/strong>(120 cm)<\/li>\n<li>Peso: <strong>364\u00a0g<\/strong> (al paio)<\/li>\n<\/ul>\n<p>&nbsp;<\/p>\n<div class=\"product-highlight-headline\">\n<h3><img decoding=\"async\" class=\"img-fluid alignnone wp-image-138955 \" src=\"https:\/\/www.sestogrado.it\/wp-content\/uploads\/2023\/08\/Trail-Shark_Icon.jpg\" alt=\"trail shark\" width=\"333\" height=\"333\" srcset=\"https:\/\/www.sestogrado.it\/wp-content\/uploads\/2023\/08\/Trail-Shark_Icon.jpg 600w, https:\/\/www.sestogrado.it\/wp-content\/uploads\/2023\/08\/Trail-Shark_Icon-300x300.jpg 300w, https:\/\/www.sestogrado.it\/wp-content\/uploads\/2023\/08\/Trail-Shark_Icon-100x100.jpg 100w, https:\/\/www.sestogrado.it\/wp-content\/uploads\/2023\/08\/Trail-Shark_Icon-150x150.jpg 150w, https:\/\/www.sestogrado.it\/wp-content\/uploads\/2023\/08\/Trail-Shark_Icon-45x45.jpg 45w, https:\/\/www.sestogrado.it\/wp-content\/uploads\/2023\/08\/Trail-Shark_Icon-220x220.jpg 220w, https:\/\/www.sestogrado.it\/wp-content\/uploads\/2023\/08\/Trail-Shark_Icon-80x80.jpg 80w, https:\/\/www.sestogrado.it\/wp-content\/uploads\/2023\/08\/Trail-Shark_Icon-60x60.jpg 60w, https:\/\/www.sestogrado.it\/wp-content\/uploads\/2023\/08\/Trail-Shark_Icon-90x90.jpg 90w\" sizes=\"(max-width: 333px) 100vw, 333px\" \/><\/h3>\n<h3 class=\"product-headline\">Trail Shark<\/h3>\n<\/div>\n<div class=\"product-highlight-content\">\n<p>Questa impugnatura sviluppata appositamente per il trail running, grazie alla struttura Air Channel, combina un peso leggerissimo con la massima stabilit\u00e0. Il sistema Shark consente di agganciare e sganciare rapidamente l\u2019impugnatura facendo clic con un dito.<\/p>\n<\/div>\n<p>&nbsp;<\/p>\n<p><img decoding=\"async\" class=\"img-fluid alignnone wp-image-138956 \" src=\"https:\/\/www.sestogrado.it\/wp-content\/uploads\/2023\/08\/Shark-Frame-Strap_Icon.jpg\" alt=\"Shark-Frame-Strap_Icon\" width=\"355\" height=\"355\" srcset=\"https:\/\/www.sestogrado.it\/wp-content\/uploads\/2023\/08\/Shark-Frame-Strap_Icon.jpg 600w, https:\/\/www.sestogrado.it\/wp-content\/uploads\/2023\/08\/Shark-Frame-Strap_Icon-300x300.jpg 300w, https:\/\/www.sestogrado.it\/wp-content\/uploads\/2023\/08\/Shark-Frame-Strap_Icon-100x100.jpg 100w, https:\/\/www.sestogrado.it\/wp-content\/uploads\/2023\/08\/Shark-Frame-Strap_Icon-150x150.jpg 150w, https:\/\/www.sestogrado.it\/wp-content\/uploads\/2023\/08\/Shark-Frame-Strap_Icon-45x45.jpg 45w, https:\/\/www.sestogrado.it\/wp-content\/uploads\/2023\/08\/Shark-Frame-Strap_Icon-220x220.jpg 220w, https:\/\/www.sestogrado.it\/wp-content\/uploads\/2023\/08\/Shark-Frame-Strap_Icon-80x80.jpg 80w, https:\/\/www.sestogrado.it\/wp-content\/uploads\/2023\/08\/Shark-Frame-Strap_Icon-60x60.jpg 60w, https:\/\/www.sestogrado.it\/wp-content\/uploads\/2023\/08\/Shark-Frame-Strap_Icon-90x90.jpg 90w\" sizes=\"(max-width: 355px) 100vw, 355px\" \/><\/p>\n<div class=\"product-highlight-headline\">\n<h3 class=\"product-headline\">Shark Frame Strap Mesh<\/h3>\n<\/div>\n<div class=\"product-highlight-content\">\n<p>Cinturino adattabile all\u2019infinito, regolabile individualmente. Consente di agganciare e sganciare rapidamente e in tutta semplicit\u00e0 il bastone ed \u00e8 compatibile con tutti i bastoni Shark.<\/p>\n<\/div>\n<p>&nbsp;<\/p>\n<p><img decoding=\"async\" class=\"img-fluid alignnone wp-image-138957 \" src=\"https:\/\/www.sestogrado.it\/wp-content\/uploads\/2023\/08\/PB_Icon.jpg\" alt=\"push button\" width=\"375\" height=\"375\" srcset=\"https:\/\/www.sestogrado.it\/wp-content\/uploads\/2023\/08\/PB_Icon.jpg 600w, https:\/\/www.sestogrado.it\/wp-content\/uploads\/2023\/08\/PB_Icon-300x300.jpg 300w, https:\/\/www.sestogrado.it\/wp-content\/uploads\/2023\/08\/PB_Icon-100x100.jpg 100w, https:\/\/www.sestogrado.it\/wp-content\/uploads\/2023\/08\/PB_Icon-150x150.jpg 150w, https:\/\/www.sestogrado.it\/wp-content\/uploads\/2023\/08\/PB_Icon-45x45.jpg 45w, https:\/\/www.sestogrado.it\/wp-content\/uploads\/2023\/08\/PB_Icon-220x220.jpg 220w, https:\/\/www.sestogrado.it\/wp-content\/uploads\/2023\/08\/PB_Icon-80x80.jpg 80w, https:\/\/www.sestogrado.it\/wp-content\/uploads\/2023\/08\/PB_Icon-60x60.jpg 60w, https:\/\/www.sestogrado.it\/wp-content\/uploads\/2023\/08\/PB_Icon-90x90.jpg 90w\" sizes=\"(max-width: 375px) 100vw, 375px\" \/><\/p>\n<div class=\"product-highlight-headline\">\n<h3 class=\"product-headline\">Push-Button<\/h3>\n<\/div>\n<div class=\"product-highlight-content\">\n<p>Il sistema Push Button consente di aprire e chiudere rapidamente i bastoni pieghevoli, premendo semplicemente un pulsante.<\/p>\n<\/div>\n<p>&nbsp;<\/p>\n<p>Leki Ultratrail FX.ONE \u00e8 il compromesso tra super leggerezza e resistenza, per chi cerca una via di mezzo tra i <a href=\"https:\/\/www.sestogrado.it\/it\/prodotto\/leki-ultratrail-fx-one-superlite-bastoncini-da-trail-running\/\" target=\"_blank\" rel=\"noopener\">Leki Ultratrail FX.ONE Superlite<\/a> e i <a href=\"https:\/\/www.sestogrado.it\/it\/prodotto\/leki-neotrail-fx-one-superlite-bastoncini-da-trail-running\/\" target=\"_blank\" rel=\"noopener\">Leki Neotrail FX.ONE Superlite<\/a>.<\/p>\n<p>&nbsp;<\/p>\n<p>La LEKI ha le sue origini nell&#8217;impresa di tornitura fondata da Karl Lenhart a Dettingen\/Teck nel 1948. Karl Lenhart era una appassionato sciatore, tuttavia non era minimamente soddisfatto della qualit\u00e0 e della funzionalit\u00e0 dei bastoni da sci di allora. Cos\u00ec cominci\u00f2 a produrre impugnature e rotelle per bastoni da sci per conto proprio, con il parco macchine della propria officina. Gi\u00e0 negli anni &#8217;60 inizi\u00f2 la produzione in serie. Dato che Lenhart aveva maturato anche esperienze nella costruzione di aerei, sapeva come lavorare l&#8217;alluminio e i materiali compositi. Dal 1970 LEKI \u00e8 un nome di riferimento in tutto il mondo per la produzione di bastoncini da sci, trekking ed alpinismo.<\/p>","protected":false},"excerpt":{"rendered":"<p>Leki Ultratrail FX.ONE Bastoncini da trail running sono dei bastoncini composti da 4 sezioni e pieghevoli in 3 corti rami, [&hellip;]<\/p>\n","protected":false},"featured_media":96364,"comment_status":"open","ping_status":"closed","template":"","meta":{"_acf_changed":false},"product_brand":[735],"product_cat":[572],"product_tag":[],"class_list":{"0":"post-96057","1":"product","2":"type-product","3":"status-publish","4":"has-post-thumbnail","6":"product_brand-leki","7":"product_cat-bastoncini","9":"first","10":"instock","11":"sale","12":"taxable","13":"shipping-taxable","14":"purchasable","15":"product-type-variable"},"acf":[],"yoast_head":"<!-- This site is optimized with the Yoast SEO plugin v26.4 - https:\/\/yoast.com\/wordpress\/plugins\/seo\/ -->\n<title>Leki Ultratrail FX.ONE Bastoncini da trail running - Sestogrado<\/title>\n<meta name=\"description\" content=\"Leki Ultratrail FX.ONE Bastoncini da trail running sono dei bastoncini composti da 4 sezioni e pieghevoli in 3 corti rami, che racchiusi raggiungono solo 36 cm di ingombro in lunghezza.Sono stati progettati per tutti i trail runner che si muovono su terreni difficili e vogliono essere sostenuti al top, grazie a bastoni molto leggeri in carbonio,\u00a0che aiutano e supportano il movimento in salita e discesa.Sono dotati dell&#039;impugnatura Trail Shark che da comodit\u00e0 e presa solida e dragonne regolabile e rimuovibile in Shark frame strap mesh, e classiche\u00a0classiche rondelle da trail.Grazie alla super leggerezza dovuta alla costruzione in carbonio, i Leki Ultratrail FX.ONE pesano 182 grammi al bastone, il che li rende il compromesso tra due top modelli come i Neotrail FX.ONE Superlite e gli Evotrail FX:ONE TA.\" \/>\n<meta name=\"robots\" content=\"index, follow, max-snippet:-1, max-image-preview:large, max-video-preview:-1\" \/>\n<link rel=\"canonical\" href=\"https:\/\/www.sestogrado.it\/it\/prodotto\/leki-ultratrail-fx-one-bastoncini-da-trail-running\/\" \/>\n<meta property=\"og:locale\" content=\"it_IT\" \/>\n<meta property=\"og:type\" content=\"article\" \/>\n<meta property=\"og:title\" content=\"Leki Ultratrail FX.ONE Bastoncini da trail running - Sestogrado\" \/>\n<meta property=\"og:description\" content=\"Leki Ultratrail FX.ONE Bastoncini da trail running sono dei bastoncini composti da 4 sezioni e pieghevoli in 3 corti rami, che racchiusi raggiungono solo 36 cm di ingombro in lunghezza.Sono stati progettati per tutti i trail runner che si muovono su terreni difficili e vogliono essere sostenuti al top, grazie a bastoni molto leggeri in carbonio,\u00a0che aiutano e supportano il movimento in salita e discesa.Sono dotati dell&#039;impugnatura Trail Shark che da comodit\u00e0 e presa solida e dragonne regolabile e rimuovibile in Shark frame strap mesh, e classiche\u00a0classiche rondelle da trail.Grazie alla super leggerezza dovuta alla costruzione in carbonio, i Leki Ultratrail FX.ONE pesano 182 grammi al bastone, il che li rende il compromesso tra due top modelli come i Neotrail FX.ONE Superlite e gli Evotrail FX:ONE TA.\" \/>\n<meta property=\"og:url\" content=\"https:\/\/www.sestogrado.it\/it\/prodotto\/leki-ultratrail-fx-one-bastoncini-da-trail-running\/\" \/>\n<meta property=\"og:site_name\" content=\"Sestogrado\" \/>\n<meta property=\"article:publisher\" content=\"https:\/\/www.facebook.com\/pages\/Sestogrado\/1542635979353017?ref=bookmarks\" \/>\n<meta property=\"article:modified_time\" content=\"2026-04-24T13:19:40+00:00\" \/>\n<meta property=\"og:image\" content=\"https:\/\/www.sestogrado.it\/wp-content\/uploads\/2022\/03\/leki-ultratrail-fxone-bastoncini-per-trail-running-detail-7.jpg\" \/>\n\t<meta property=\"og:image:width\" content=\"1200\" \/>\n\t<meta property=\"og:image:height\" content=\"1200\" \/>\n\t<meta property=\"og:image:type\" content=\"image\/jpeg\" \/>\n<meta name=\"twitter:label1\" content=\"Disponibilit\u00e0\" \/>\n\t<meta name=\"twitter:data1\" content=\"In stock\" \/>\n<script type=\"application\/ld+json\" class=\"yoast-schema-graph\">{\"@context\":\"https:\/\/schema.org\",\"@graph\":[{\"@type\":\"WebPage\",\"@id\":\"https:\/\/www.sestogrado.it\/it\/prodotto\/leki-ultratrail-fx-one-bastoncini-da-trail-running\/\",\"url\":\"https:\/\/www.sestogrado.it\/it\/prodotto\/leki-ultratrail-fx-one-bastoncini-da-trail-running\/\",\"name\":\"Leki Ultratrail FX.ONE Bastoncini da trail running - Sestogrado\",\"isPartOf\":{\"@id\":\"https:\/\/www.sestogrado.it\/it\/#website\"},\"primaryImageOfPage\":{\"@id\":\"https:\/\/www.sestogrado.it\/it\/prodotto\/leki-ultratrail-fx-one-bastoncini-da-trail-running\/#primaryimage\"},\"image\":{\"@id\":\"https:\/\/www.sestogrado.it\/prodotto\/leki-ultratrail-fx-one-bastoncini-da-trail-running\/#primaryimage\"},\"thumbnailUrl\":\"https:\/\/www.sestogrado.it\/wp-content\/uploads\/2022\/03\/leki-ultratrail-fxone-bastoncini-per-trail-running-detail-7.jpg\",\"datePublished\":\"2022-06-22T09:33:40+00:00\",\"dateModified\":\"2026-04-24T13:19:40+00:00\",\"description\":\"Leki Ultratrail FX.ONE Bastoncini da trail running sono dei bastoncini composti da 4 sezioni e pieghevoli in 3 corti rami, che racchiusi raggiungono solo 36 cm di ingombro in lunghezza.Sono stati progettati per tutti i trail runner che si muovono su terreni difficili e vogliono essere sostenuti al top, grazie a bastoni molto leggeri in carbonio,\u00a0che aiutano e supportano il movimento in salita e discesa.Sono dotati dell'impugnatura Trail Shark che da comodit\u00e0 e presa solida e dragonne regolabile e rimuovibile in Shark frame strap mesh, e classiche\u00a0classiche rondelle da trail.Grazie alla super leggerezza dovuta alla costruzione in carbonio, i Leki Ultratrail FX.ONE pesano 182 grammi al bastone, il che li rende il compromesso tra due top modelli come i Neotrail FX.ONE Superlite e gli Evotrail FX:ONE TA.\",\"breadcrumb\":{\"@id\":\"https:\/\/www.sestogrado.it\/it\/prodotto\/leki-ultratrail-fx-one-bastoncini-da-trail-running\/#breadcrumb\"},\"inLanguage\":\"it-IT\",\"potentialAction\":[{\"@type\":\"ReadAction\",\"target\":[[\"https:\/\/www.sestogrado.it\/it\/prodotto\/leki-ultratrail-fx-one-bastoncini-da-trail-running\/\"]]}]},{\"@type\":\"ImageObject\",\"inLanguage\":\"it-IT\",\"@id\":\"https:\/\/www.sestogrado.it\/it\/prodotto\/leki-ultratrail-fx-one-bastoncini-da-trail-running\/#primaryimage\",\"url\":\"https:\/\/www.sestogrado.it\/wp-content\/uploads\/2022\/03\/leki-ultratrail-fxone-bastoncini-per-trail-running-detail-7.jpg\",\"contentUrl\":\"https:\/\/www.sestogrado.it\/wp-content\/uploads\/2022\/03\/leki-ultratrail-fxone-bastoncini-per-trail-running-detail-7.jpg\",\"width\":1200,\"height\":1200,\"caption\":\"LEKI ULTRATRAIL FX.ONE\"},{\"@type\":\"BreadcrumbList\",\"@id\":\"https:\/\/www.sestogrado.it\/it\/prodotto\/leki-ultratrail-fx-one-bastoncini-da-trail-running\/#breadcrumb\",\"itemListElement\":[{\"@type\":\"ListItem\",\"position\":1,\"name\":\"Home\",\"item\":\"https:\/\/www.sestogrado.it\/it\/\"},{\"@type\":\"ListItem\",\"position\":2,\"name\":\"Shop\",\"item\":\"https:\/\/www.sestogrado.it\/it\/shop\/\"},{\"@type\":\"ListItem\",\"position\":3,\"name\":\"Leki Ultratrail FX.ONE Bastoncini da trail running\"}]},{\"@type\":\"WebSite\",\"@id\":\"https:\/\/www.sestogrado.it\/it\/#website\",\"url\":\"https:\/\/www.sestogrado.it\/it\/\",\"name\":\"Sestogrado\",\"description\":\"yes we climb\",\"publisher\":{\"@id\":\"https:\/\/www.sestogrado.it\/it\/#organization\"},\"potentialAction\":[{\"@type\":\"SearchAction\",\"target\":{\"@type\":\"EntryPoint\",\"urlTemplate\":\"https:\/\/www.sestogrado.it\/it\/?s={search_term_string}\"},\"query-input\":{\"@type\":\"PropertyValueSpecification\",\"valueRequired\":true,\"valueName\":\"search_term_string\"}}],\"inLanguage\":\"it-IT\"},{\"@type\":\"Organization\",\"@id\":\"https:\/\/www.sestogrado.it\/it\/#organization\",\"name\":\"Sestogrado\",\"url\":\"https:\/\/www.sestogrado.it\/it\/\",\"logo\":{\"@type\":\"ImageObject\",\"inLanguage\":\"it-IT\",\"@id\":\"https:\/\/www.sestogrado.it\/it\/#\/schema\/logo\/image\/\",\"url\":\"https:\/\/www.sestogrado.it\/wp-content\/uploads\/2015\/03\/sestogrado-favicon.png\",\"contentUrl\":\"https:\/\/www.sestogrado.it\/wp-content\/uploads\/2015\/03\/sestogrado-favicon.png\",\"width\":260,\"height\":260,\"caption\":\"Sestogrado\"},\"image\":{\"@id\":\"https:\/\/www.sestogrado.it\/it\/#\/schema\/logo\/image\/\"},\"sameAs\":[\"https:\/\/www.facebook.com\/pages\/Sestogrado\/1542635979353017?ref=bookmarks\",\"https:\/\/www.youtube.com\/channel\/UC847kAfTkaJsWpc1jtQwr3Q\"],\"hasMerchantReturnPolicy\":{\"@type\":\"MerchantReturnPolicy\",\"merchantReturnLink\":\"https:\/\/www.sestogrado.it\/it\/termini-e-condizioni\/\"}}]}<\/script>\n<meta property=\"product:brand\" content=\"Leki\" \/>\n<meta property=\"og:availability\" content=\"instock\" \/>\n<meta property=\"product:availability\" content=\"instock\" \/>\n<meta property=\"product:condition\" content=\"new\" \/>\n<!-- \/ Yoast SEO plugin. -->","yoast_head_json":{"title":"Leki Ultratrail FX.ONE Bastoncini da trail running - Sestogrado","description":"Leki Ultratrail FX.ONE Bastoncini da trail running sono dei bastoncini composti da 4 sezioni e pieghevoli in 3 corti rami, che racchiusi raggiungono solo 36 cm di ingombro in lunghezza.Sono stati progettati per tutti i trail runner che si muovono su terreni difficili e vogliono essere sostenuti al top, grazie a bastoni molto leggeri in carbonio,\u00a0che aiutano e supportano il movimento in salita e discesa.Sono dotati dell'impugnatura Trail Shark che da comodit\u00e0 e presa solida e dragonne regolabile e rimuovibile in Shark frame strap mesh, e classiche\u00a0classiche rondelle da trail.Grazie alla super leggerezza dovuta alla costruzione in carbonio, i Leki Ultratrail FX.ONE pesano 182 grammi al bastone, il che li rende il compromesso tra due top modelli come i Neotrail FX.ONE Superlite e gli Evotrail FX:ONE TA.","robots":{"index":"index","follow":"follow","max-snippet":"max-snippet:-1","max-image-preview":"max-image-preview:large","max-video-preview":"max-video-preview:-1"},"canonical":"https:\/\/www.sestogrado.it\/it\/prodotto\/leki-ultratrail-fx-one-bastoncini-da-trail-running\/","og_locale":"it_IT","og_type":"article","og_title":"Leki Ultratrail FX.ONE Bastoncini da trail running - Sestogrado","og_description":"Leki Ultratrail FX.ONE Bastoncini da trail running sono dei bastoncini composti da 4 sezioni e pieghevoli in 3 corti rami, che racchiusi raggiungono solo 36 cm di ingombro in lunghezza.Sono stati progettati per tutti i trail runner che si muovono su terreni difficili e vogliono essere sostenuti al top, grazie a bastoni molto leggeri in carbonio,\u00a0che aiutano e supportano il movimento in salita e discesa.Sono dotati dell'impugnatura Trail Shark che da comodit\u00e0 e presa solida e dragonne regolabile e rimuovibile in Shark frame strap mesh, e classiche\u00a0classiche rondelle da trail.Grazie alla super leggerezza dovuta alla costruzione in carbonio, i Leki Ultratrail FX.ONE pesano 182 grammi al bastone, il che li rende il compromesso tra due top modelli come i Neotrail FX.ONE Superlite e gli Evotrail FX:ONE TA.","og_url":"https:\/\/www.sestogrado.it\/it\/prodotto\/leki-ultratrail-fx-one-bastoncini-da-trail-running\/","og_site_name":"Sestogrado","article_publisher":"https:\/\/www.facebook.com\/pages\/Sestogrado\/1542635979353017?ref=bookmarks","article_modified_time":"2026-04-24T13:19:40+00:00","og_image":[{"width":1200,"height":1200,"url":"https:\/\/www.sestogrado.it\/wp-content\/uploads\/2022\/03\/leki-ultratrail-fxone-bastoncini-per-trail-running-detail-7.jpg","type":"image\/jpeg"}],"twitter_misc":{"Disponibilit\u00e0":"In stock"},"schema":{"@context":"https:\/\/schema.org","@graph":[{"@type":"WebPage","@id":"https:\/\/www.sestogrado.it\/it\/prodotto\/leki-ultratrail-fx-one-bastoncini-da-trail-running\/","url":"https:\/\/www.sestogrado.it\/it\/prodotto\/leki-ultratrail-fx-one-bastoncini-da-trail-running\/","name":"Leki Ultratrail FX.ONE Bastoncini da trail running - Sestogrado","isPartOf":{"@id":"https:\/\/www.sestogrado.it\/it\/#website"},"primaryImageOfPage":{"@id":"https:\/\/www.sestogrado.it\/it\/prodotto\/leki-ultratrail-fx-one-bastoncini-da-trail-running\/#primaryimage"},"image":{"@id":"https:\/\/www.sestogrado.it\/prodotto\/leki-ultratrail-fx-one-bastoncini-da-trail-running\/#primaryimage"},"thumbnailUrl":"https:\/\/www.sestogrado.it\/wp-content\/uploads\/2022\/03\/leki-ultratrail-fxone-bastoncini-per-trail-running-detail-7.jpg","datePublished":"2022-06-22T09:33:40+00:00","dateModified":"2026-04-24T13:19:40+00:00","description":"Leki Ultratrail FX.ONE Bastoncini da trail running sono dei bastoncini composti da 4 sezioni e pieghevoli in 3 corti rami, che racchiusi raggiungono solo 36 cm di ingombro in lunghezza.Sono stati progettati per tutti i trail runner che si muovono su terreni difficili e vogliono essere sostenuti al top, grazie a bastoni molto leggeri in carbonio,\u00a0che aiutano e supportano il movimento in salita e discesa.Sono dotati dell'impugnatura Trail Shark che da comodit\u00e0 e presa solida e dragonne regolabile e rimuovibile in Shark frame strap mesh, e classiche\u00a0classiche rondelle da trail.Grazie alla super leggerezza dovuta alla costruzione in carbonio, i Leki Ultratrail FX.ONE pesano 182 grammi al bastone, il che li rende il compromesso tra due top modelli come i Neotrail FX.ONE Superlite e gli Evotrail FX:ONE TA.","breadcrumb":{"@id":"https:\/\/www.sestogrado.it\/it\/prodotto\/leki-ultratrail-fx-one-bastoncini-da-trail-running\/#breadcrumb"},"inLanguage":"it-IT","potentialAction":[{"@type":"ReadAction","target":[["https:\/\/www.sestogrado.it\/it\/prodotto\/leki-ultratrail-fx-one-bastoncini-da-trail-running\/"]]}]},{"@type":"ImageObject","inLanguage":"it-IT","@id":"https:\/\/www.sestogrado.it\/it\/prodotto\/leki-ultratrail-fx-one-bastoncini-da-trail-running\/#primaryimage","url":"https:\/\/www.sestogrado.it\/wp-content\/uploads\/2022\/03\/leki-ultratrail-fxone-bastoncini-per-trail-running-detail-7.jpg","contentUrl":"https:\/\/www.sestogrado.it\/wp-content\/uploads\/2022\/03\/leki-ultratrail-fxone-bastoncini-per-trail-running-detail-7.jpg","width":1200,"height":1200,"caption":"LEKI ULTRATRAIL FX.ONE"},{"@type":"BreadcrumbList","@id":"https:\/\/www.sestogrado.it\/it\/prodotto\/leki-ultratrail-fx-one-bastoncini-da-trail-running\/#breadcrumb","itemListElement":[{"@type":"ListItem","position":1,"name":"Home","item":"https:\/\/www.sestogrado.it\/it\/"},{"@type":"ListItem","position":2,"name":"Shop","item":"https:\/\/www.sestogrado.it\/it\/shop\/"},{"@type":"ListItem","position":3,"name":"Leki Ultratrail FX.ONE Bastoncini da trail running"}]},{"@type":"WebSite","@id":"https:\/\/www.sestogrado.it\/it\/#website","url":"https:\/\/www.sestogrado.it\/it\/","name":"Sestogrado","description":"yes we climb","publisher":{"@id":"https:\/\/www.sestogrado.it\/it\/#organization"},"potentialAction":[{"@type":"SearchAction","target":{"@type":"EntryPoint","urlTemplate":"https:\/\/www.sestogrado.it\/it\/?s={search_term_string}"},"query-input":{"@type":"PropertyValueSpecification","valueRequired":true,"valueName":"search_term_string"}}],"inLanguage":"it-IT"},{"@type":"Organization","@id":"https:\/\/www.sestogrado.it\/it\/#organization","name":"Sestogrado","url":"https:\/\/www.sestogrado.it\/it\/","logo":{"@type":"ImageObject","inLanguage":"it-IT","@id":"https:\/\/www.sestogrado.it\/it\/#\/schema\/logo\/image\/","url":"https:\/\/www.sestogrado.it\/wp-content\/uploads\/2015\/03\/sestogrado-favicon.png","contentUrl":"https:\/\/www.sestogrado.it\/wp-content\/uploads\/2015\/03\/sestogrado-favicon.png","width":260,"height":260,"caption":"Sestogrado"},"image":{"@id":"https:\/\/www.sestogrado.it\/it\/#\/schema\/logo\/image\/"},"sameAs":["https:\/\/www.facebook.com\/pages\/Sestogrado\/1542635979353017?ref=bookmarks","https:\/\/www.youtube.com\/channel\/UC847kAfTkaJsWpc1jtQwr3Q"],"hasMerchantReturnPolicy":{"@type":"MerchantReturnPolicy","merchantReturnLink":"https:\/\/www.sestogrado.it\/it\/termini-e-condizioni\/"}}]},"product_brand":"Leki","og_availability":"instock","product_availability":"instock","product_condition":"new"},"_links":{"self":[{"href":"https:\/\/www.sestogrado.it\/it\/wp-json\/wp\/v2\/product\/96057","targetHints":{"allow":["GET"]}}],"collection":[{"href":"https:\/\/www.sestogrado.it\/it\/wp-json\/wp\/v2\/product"}],"about":[{"href":"https:\/\/www.sestogrado.it\/it\/wp-json\/wp\/v2\/types\/product"}],"replies":[{"embeddable":true,"href":"https:\/\/www.sestogrado.it\/it\/wp-json\/wp\/v2\/comments?post=96057"}],"wp:featuredmedia":[{"embeddable":true,"href":"https:\/\/www.sestogrado.it\/it\/wp-json\/wp\/v2\/media\/96364"}],"wp:attachment":[{"href":"https:\/\/www.sestogrado.it\/it\/wp-json\/wp\/v2\/media?parent=96057"}],"wp:term":[{"taxonomy":"product_brand","embeddable":true,"href":"https:\/\/www.sestogrado.it\/it\/wp-json\/wp\/v2\/product_brand?post=96057"},{"taxonomy":"product_cat","embeddable":true,"href":"https:\/\/www.sestogrado.it\/it\/wp-json\/wp\/v2\/product_cat?post=96057"},{"taxonomy":"product_tag","embeddable":true,"href":"https:\/\/www.sestogrado.it\/it\/wp-json\/wp\/v2\/product_tag?post=96057"}],"curies":[{"name":"wp","href":"https:\/\/api.w.org\/{rel}","templated":true}]}}