{"id":96055,"date":"2022-03-15T11:36:35","date_gmt":"2022-03-15T10:36:35","guid":{"rendered":"https:\/\/www.sestogrado.it\/?post_type=product&#038;p=96055"},"modified":"2026-04-22T20:38:28","modified_gmt":"2026-04-22T18:38:28","slug":"leki-makalu-lite-bastoncini-da-trekking","status":"publish","type":"product","link":"https:\/\/www.sestogrado.it\/it\/prodotto\/leki-makalu-lite-bastoncini-da-trekking\/","title":{"rendered":"Leki Makalu Lite bastoncini da trekking"},"content":{"rendered":"<p>Leki Makalu Lite bastoncini da trekking e nordic walking sono dei bastoncini con struttura in <strong>alluminio alleggerita<\/strong>, in quanto pi\u00f9 sottili dei cugini Leki Makalu FX TA.<\/p>\n<p>Comodi da ripiegare e disporre nello zaino quando non occorrono pi\u00f9, i Makalu Lite dispongono di 3 sezioni con lunghezza massima (da chiusi) di 67 cm.<\/p>\n<p>Grazie all&#8217;impugnatura in <strong>schiuma Aergon<\/strong> estremamente confortevole, i bastoncini garantiscono una posizione di presa ottimale ed ergonomica.<\/p>\n<p>Progettati per persone fino a 1,80 m di altezza e un peso massimo per l&#8217;utente di 75 kg, i Leki Makalu Lite risultano pi\u00f9 corti e offrono un&#8217;eccellente regolabilit\u00e0 con due morsetti Speed Lock +.<\/p>\n<p>Anche il diametro del tubo \u00e8 stato leggermente ridotto per risparmiare pi\u00f9 peso e semplificare la camminata.<\/p>\n<ul>\n<li>Tipologia:\u00a0Bastoncino telescopico<\/li>\n<li>Ambito d\u2019uso: Trekking, Nordic Walking<\/li>\n<li>Tipo di materiale: <strong>Alluminio (HTS 6.5)<\/strong><\/li>\n<li><strong>3 sezioni ripiegabili<\/strong><\/li>\n<li><strong>Diametro sezioni: 16, 14, 12 mm<\/strong><\/li>\n<li>Bastoni con regolazione altezza precisa<\/li>\n<li>Sistema di blocco: Speed Lock +<\/li>\n<li>Impugnatura: in <strong>schiuma Aergon<\/strong><\/li>\n<li>Dragonne: s\u00ec, con sistema Lock security strap skin 4.0<\/li>\n<li>Rondella: con rondella da Nordic Walking<\/li>\n<li>Puntale:\u00a0<strong>Puntale in carburo\u00a0<\/strong><\/li>\n<li>Corsa di regolazione:<strong>\u00a0100-135 cm\u00a0<\/strong><\/li>\n<li><strong>Dimensioni bastoni da ripiegati: 67 cm <\/strong><\/li>\n<li><strong>Peso: 500 g <\/strong>(al paio)<\/li>\n<\/ul>\n<p>&nbsp;<\/p>\n<p><em>Sistema di blocco Speed Lock +<\/em><\/p>\n<p><img decoding=\"async\" class=\"alignnone size-medium wp-image-96327 img-fluid\" src=\"https:\/\/www.sestogrado.it\/wp-content\/uploads\/2021\/03\/Leki-spped-lock--300x300.jpg\" alt=\"LEKI SPEED LOCK +\" width=\"300\" height=\"300\" srcset=\"https:\/\/www.sestogrado.it\/wp-content\/uploads\/2021\/03\/Leki-spped-lock--300x300.jpg 300w, https:\/\/www.sestogrado.it\/wp-content\/uploads\/2021\/03\/Leki-spped-lock--100x100.jpg 100w, https:\/\/www.sestogrado.it\/wp-content\/uploads\/2021\/03\/Leki-spped-lock--750x750.jpg 750w, https:\/\/www.sestogrado.it\/wp-content\/uploads\/2021\/03\/Leki-spped-lock--150x150.jpg 150w, https:\/\/www.sestogrado.it\/wp-content\/uploads\/2021\/03\/Leki-spped-lock--768x768.jpg 768w, https:\/\/www.sestogrado.it\/wp-content\/uploads\/2021\/03\/Leki-spped-lock--45x45.jpg 45w, https:\/\/www.sestogrado.it\/wp-content\/uploads\/2021\/03\/Leki-spped-lock--220x220.jpg 220w, https:\/\/www.sestogrado.it\/wp-content\/uploads\/2021\/03\/Leki-spped-lock--635x635.jpg 635w, https:\/\/www.sestogrado.it\/wp-content\/uploads\/2021\/03\/Leki-spped-lock--80x80.jpg 80w, https:\/\/www.sestogrado.it\/wp-content\/uploads\/2021\/03\/Leki-spped-lock--60x60.jpg 60w, https:\/\/www.sestogrado.it\/wp-content\/uploads\/2021\/03\/Leki-spped-lock--90x90.jpg 90w, https:\/\/www.sestogrado.it\/wp-content\/uploads\/2021\/03\/Leki-spped-lock-.jpg 800w\" sizes=\"(max-width: 300px) 100vw, 300px\" \/><\/p>\n<p>&nbsp;<\/p>\n<p><em>Impugnatura: in schiuma Aergon<\/em><\/p>\n<p><img decoding=\"async\" class=\"alignnone size-medium wp-image-96335 img-fluid\" src=\"https:\/\/www.sestogrado.it\/wp-content\/uploads\/2022\/03\/impugnatura-schiuma-AERGON-300x300.jpg\" alt=\"LEKI IMPUGNATURA SCHIUMA AERGON\" width=\"300\" height=\"300\" srcset=\"https:\/\/www.sestogrado.it\/wp-content\/uploads\/2022\/03\/impugnatura-schiuma-AERGON-300x300.jpg 300w, https:\/\/www.sestogrado.it\/wp-content\/uploads\/2022\/03\/impugnatura-schiuma-AERGON-100x100.jpg 100w, https:\/\/www.sestogrado.it\/wp-content\/uploads\/2022\/03\/impugnatura-schiuma-AERGON-750x750.jpg 750w, https:\/\/www.sestogrado.it\/wp-content\/uploads\/2022\/03\/impugnatura-schiuma-AERGON-150x150.jpg 150w, https:\/\/www.sestogrado.it\/wp-content\/uploads\/2022\/03\/impugnatura-schiuma-AERGON-768x768.jpg 768w, https:\/\/www.sestogrado.it\/wp-content\/uploads\/2022\/03\/impugnatura-schiuma-AERGON-45x45.jpg 45w, https:\/\/www.sestogrado.it\/wp-content\/uploads\/2022\/03\/impugnatura-schiuma-AERGON-220x220.jpg 220w, https:\/\/www.sestogrado.it\/wp-content\/uploads\/2022\/03\/impugnatura-schiuma-AERGON-635x635.jpg 635w, https:\/\/www.sestogrado.it\/wp-content\/uploads\/2022\/03\/impugnatura-schiuma-AERGON-80x80.jpg 80w, https:\/\/www.sestogrado.it\/wp-content\/uploads\/2022\/03\/impugnatura-schiuma-AERGON-60x60.jpg 60w, https:\/\/www.sestogrado.it\/wp-content\/uploads\/2022\/03\/impugnatura-schiuma-AERGON-90x90.jpg 90w, https:\/\/www.sestogrado.it\/wp-content\/uploads\/2022\/03\/impugnatura-schiuma-AERGON.jpg 800w\" sizes=\"(max-width: 300px) 100vw, 300px\" \/><\/p>\n<p>&nbsp;<\/p>\n<p><em>Lock security strap skin 4.0<\/em><\/p>\n<p><img decoding=\"async\" class=\"alignnone size-medium wp-image-96324 img-fluid\" src=\"https:\/\/www.sestogrado.it\/wp-content\/uploads\/2021\/03\/Leki-lock-security-strap-300x300.jpg\" alt=\"LEKI LOCK SECURITY STRAP\" width=\"300\" height=\"300\" srcset=\"https:\/\/www.sestogrado.it\/wp-content\/uploads\/2021\/03\/Leki-lock-security-strap-300x300.jpg 300w, https:\/\/www.sestogrado.it\/wp-content\/uploads\/2021\/03\/Leki-lock-security-strap-100x100.jpg 100w, https:\/\/www.sestogrado.it\/wp-content\/uploads\/2021\/03\/Leki-lock-security-strap-750x750.jpg 750w, https:\/\/www.sestogrado.it\/wp-content\/uploads\/2021\/03\/Leki-lock-security-strap-150x150.jpg 150w, https:\/\/www.sestogrado.it\/wp-content\/uploads\/2021\/03\/Leki-lock-security-strap-768x768.jpg 768w, https:\/\/www.sestogrado.it\/wp-content\/uploads\/2021\/03\/Leki-lock-security-strap-45x45.jpg 45w, https:\/\/www.sestogrado.it\/wp-content\/uploads\/2021\/03\/Leki-lock-security-strap-220x220.jpg 220w, https:\/\/www.sestogrado.it\/wp-content\/uploads\/2021\/03\/Leki-lock-security-strap-635x635.jpg 635w, https:\/\/www.sestogrado.it\/wp-content\/uploads\/2021\/03\/Leki-lock-security-strap-80x80.jpg 80w, https:\/\/www.sestogrado.it\/wp-content\/uploads\/2021\/03\/Leki-lock-security-strap-60x60.jpg 60w, https:\/\/www.sestogrado.it\/wp-content\/uploads\/2021\/03\/Leki-lock-security-strap-90x90.jpg 90w, https:\/\/www.sestogrado.it\/wp-content\/uploads\/2021\/03\/Leki-lock-security-strap.jpg 800w\" sizes=\"(max-width: 300px) 100vw, 300px\" \/><\/p>\n<p>&nbsp;<\/p>\n<p><em>Rondella da nordic walking<\/em><\/p>\n<p><img decoding=\"async\" class=\"alignnone size-medium wp-image-96338 img-fluid\" src=\"https:\/\/www.sestogrado.it\/wp-content\/uploads\/2022\/03\/rondella-da-nordic-walking-300x300.jpg\" alt=\"LEKI RONDELLA DA NORDIC\" width=\"300\" height=\"300\" srcset=\"https:\/\/www.sestogrado.it\/wp-content\/uploads\/2022\/03\/rondella-da-nordic-walking-300x300.jpg 300w, https:\/\/www.sestogrado.it\/wp-content\/uploads\/2022\/03\/rondella-da-nordic-walking-100x100.jpg 100w, https:\/\/www.sestogrado.it\/wp-content\/uploads\/2022\/03\/rondella-da-nordic-walking-750x750.jpg 750w, https:\/\/www.sestogrado.it\/wp-content\/uploads\/2022\/03\/rondella-da-nordic-walking-150x150.jpg 150w, https:\/\/www.sestogrado.it\/wp-content\/uploads\/2022\/03\/rondella-da-nordic-walking-768x768.jpg 768w, https:\/\/www.sestogrado.it\/wp-content\/uploads\/2022\/03\/rondella-da-nordic-walking-45x45.jpg 45w, https:\/\/www.sestogrado.it\/wp-content\/uploads\/2022\/03\/rondella-da-nordic-walking-220x220.jpg 220w, https:\/\/www.sestogrado.it\/wp-content\/uploads\/2022\/03\/rondella-da-nordic-walking-635x635.jpg 635w, https:\/\/www.sestogrado.it\/wp-content\/uploads\/2022\/03\/rondella-da-nordic-walking-80x80.jpg 80w, https:\/\/www.sestogrado.it\/wp-content\/uploads\/2022\/03\/rondella-da-nordic-walking-60x60.jpg 60w, https:\/\/www.sestogrado.it\/wp-content\/uploads\/2022\/03\/rondella-da-nordic-walking-90x90.jpg 90w, https:\/\/www.sestogrado.it\/wp-content\/uploads\/2022\/03\/rondella-da-nordic-walking.jpg 800w\" sizes=\"(max-width: 300px) 100vw, 300px\" \/><\/p>\n<p>Compatibili con tutti gli zaini da trekking ed alpinistici in commercio, i Makalu Lite bastoncini da trekking e nordic walking rappresentano il punto di riferimento per la montagna vissuta in sicurezza, comodit\u00e0 e leggerezza.<\/p>\n<p>La LEKI ha le sue origini nell&#8217;impresa di tornitura fondata da Karl Lenhart a Dettingen\/Teck nel 1948. Karl Lenhart era una appassionato sciatore, tuttavia non era minimamente soddisfatto della qualit\u00e0 e della funzionalit\u00e0 dei bastoni da sci di allora. Cos\u00ec cominci\u00f2 a produrre impugnature e rotelle per bastoni da sci per conto proprio, con il parco macchine della propria officina. Gi\u00e0 negli anni &#8217;60 inizi\u00f2 la produzione in serie. Dato che Lenhart aveva maturato anche esperienze nella costruzione di aerei, sapeva come lavorare l&#8217;alluminio e i materiali compositi. Dal 1970 LEKI \u00e8 un nome di riferimento in tutto il mondo per la produzione di bastoncini da sci, trekking ed alpinismo.<\/p>","protected":false},"excerpt":{"rendered":"<p>Leki Makalu Lite bastoncini da trekking e nordic walking sono dei bastoncini con struttura in alluminio alleggerita, in quanto pi\u00f9 [&hellip;]<\/p>\n","protected":false},"featured_media":96085,"comment_status":"open","ping_status":"closed","template":"","meta":{"_acf_changed":false},"product_brand":[735],"product_cat":[572],"product_tag":[],"class_list":{"0":"post-96055","1":"product","2":"type-product","3":"status-publish","4":"has-post-thumbnail","6":"product_brand-leki","7":"product_cat-bastoncini","9":"first","10":"instock","11":"sale","12":"taxable","13":"shipping-taxable","14":"purchasable","15":"product-type-simple"},"acf":[],"yoast_head":"<!-- This site is optimized with the Yoast SEO plugin v26.4 - https:\/\/yoast.com\/wordpress\/plugins\/seo\/ -->\n<title>Leki Makalu Lite bastoncini da trekking - Sestogrado<\/title>\n<meta name=\"description\" content=\"Leki Makalu Lite bastoncini da trekking e nordic walking sono dei bastoncini con struttura in alluminio alleggerita, in quanto pi\u00f9 sottili dei cugini Leki Makalu FX TA. Comodi da ripiegare e disporre nello zaino quando non occorrono pi\u00f9, i Makalu Lite dispongono di 3 sezioni con lunghezza massima (da chiusi) di 67 cm. Grazie all&#039;impugnatura in schiuma Aergon estremamente confortevole, i bastoncini garantiscono una posizione di presa ottimale ed ergonomica. Progettati per persone fino a 1,80 m di altezza e un peso massimo per l&#039;utente di 75 kg, i Leki Makalu Lite risultano pi\u00f9 corti e offrono un&#039;eccellente regolabilit\u00e0 con due morsetti Speed Lock +.Anche il diametro del tubo \u00e8 stato leggermente ridotto per risparmiare pi\u00f9 peso e semplificare la camminata.\" \/>\n<meta name=\"robots\" content=\"index, follow, max-snippet:-1, max-image-preview:large, max-video-preview:-1\" \/>\n<link rel=\"canonical\" href=\"https:\/\/www.sestogrado.it\/it\/prodotto\/leki-makalu-lite-bastoncini-da-trekking\/\" \/>\n<meta property=\"og:locale\" content=\"it_IT\" \/>\n<meta property=\"og:type\" content=\"article\" \/>\n<meta property=\"og:title\" content=\"Leki Makalu Lite bastoncini da trekking - Sestogrado\" \/>\n<meta property=\"og:description\" content=\"Leki Makalu Lite bastoncini da trekking e nordic walking sono dei bastoncini con struttura in alluminio alleggerita, in quanto pi\u00f9 sottili dei cugini Leki Makalu FX TA. Comodi da ripiegare e disporre nello zaino quando non occorrono pi\u00f9, i Makalu Lite dispongono di 3 sezioni con lunghezza massima (da chiusi) di 67 cm. Grazie all&#039;impugnatura in schiuma Aergon estremamente confortevole, i bastoncini garantiscono una posizione di presa ottimale ed ergonomica. Progettati per persone fino a 1,80 m di altezza e un peso massimo per l&#039;utente di 75 kg, i Leki Makalu Lite risultano pi\u00f9 corti e offrono un&#039;eccellente regolabilit\u00e0 con due morsetti Speed Lock +.Anche il diametro del tubo \u00e8 stato leggermente ridotto per risparmiare pi\u00f9 peso e semplificare la camminata.\" \/>\n<meta property=\"og:url\" content=\"https:\/\/www.sestogrado.it\/it\/prodotto\/leki-makalu-lite-bastoncini-da-trekking\/\" \/>\n<meta property=\"og:site_name\" content=\"Sestogrado\" \/>\n<meta property=\"article:publisher\" content=\"https:\/\/www.facebook.com\/pages\/Sestogrado\/1542635979353017?ref=bookmarks\" \/>\n<meta property=\"article:modified_time\" content=\"2026-04-22T18:38:28+00:00\" \/>\n<meta property=\"og:image\" content=\"https:\/\/www.sestogrado.it\/wp-content\/uploads\/2022\/02\/leki-makalu-lite-bastoncini-da-trekking-detail-6-rotated.jpg\" \/>\n\t<meta property=\"og:image:width\" content=\"1200\" \/>\n\t<meta property=\"og:image:height\" content=\"1200\" \/>\n\t<meta property=\"og:image:type\" content=\"image\/jpeg\" \/>\n<meta name=\"twitter:label1\" content=\"Prezzo\" \/>\n\t<meta name=\"twitter:data1\" content=\"&euro;&nbsp;89,00\" \/>\n\t<meta name=\"twitter:label2\" content=\"Disponibilit\u00e0\" \/>\n\t<meta name=\"twitter:data2\" content=\"In stock\" \/>\n<script type=\"application\/ld+json\" class=\"yoast-schema-graph\">{\"@context\":\"https:\/\/schema.org\",\"@graph\":[{\"@type\":\"WebPage\",\"@id\":\"https:\/\/www.sestogrado.it\/it\/prodotto\/leki-makalu-lite-bastoncini-da-trekking\/\",\"url\":\"https:\/\/www.sestogrado.it\/it\/prodotto\/leki-makalu-lite-bastoncini-da-trekking\/\",\"name\":\"Leki Makalu Lite bastoncini da trekking - Sestogrado\",\"isPartOf\":{\"@id\":\"https:\/\/www.sestogrado.it\/it\/#website\"},\"primaryImageOfPage\":{\"@id\":\"https:\/\/www.sestogrado.it\/it\/prodotto\/leki-makalu-lite-bastoncini-da-trekking\/#primaryimage\"},\"image\":{\"@id\":\"https:\/\/www.sestogrado.it\/prodotto\/leki-makalu-lite-bastoncini-da-trekking\/#primaryimage\"},\"thumbnailUrl\":\"https:\/\/www.sestogrado.it\/wp-content\/uploads\/2022\/02\/leki-makalu-lite-bastoncini-da-trekking-detail-6-rotated.jpg\",\"datePublished\":\"2022-03-15T10:36:35+00:00\",\"dateModified\":\"2026-04-22T18:38:28+00:00\",\"description\":\"Leki Makalu Lite bastoncini da trekking e nordic walking sono dei bastoncini con struttura in alluminio alleggerita, in quanto pi\u00f9 sottili dei cugini Leki Makalu FX TA. Comodi da ripiegare e disporre nello zaino quando non occorrono pi\u00f9, i Makalu Lite dispongono di 3 sezioni con lunghezza massima (da chiusi) di 67 cm. Grazie all'impugnatura in schiuma Aergon estremamente confortevole, i bastoncini garantiscono una posizione di presa ottimale ed ergonomica. Progettati per persone fino a 1,80 m di altezza e un peso massimo per l'utente di 75 kg, i Leki Makalu Lite risultano pi\u00f9 corti e offrono un'eccellente regolabilit\u00e0 con due morsetti Speed Lock +.Anche il diametro del tubo \u00e8 stato leggermente ridotto per risparmiare pi\u00f9 peso e semplificare la camminata.\",\"breadcrumb\":{\"@id\":\"https:\/\/www.sestogrado.it\/it\/prodotto\/leki-makalu-lite-bastoncini-da-trekking\/#breadcrumb\"},\"inLanguage\":\"it-IT\",\"potentialAction\":[{\"@type\":\"ReadAction\",\"target\":[[\"https:\/\/www.sestogrado.it\/it\/prodotto\/leki-makalu-lite-bastoncini-da-trekking\/\"]]}]},{\"@type\":\"ImageObject\",\"inLanguage\":\"it-IT\",\"@id\":\"https:\/\/www.sestogrado.it\/it\/prodotto\/leki-makalu-lite-bastoncini-da-trekking\/#primaryimage\",\"url\":\"https:\/\/www.sestogrado.it\/wp-content\/uploads\/2022\/02\/leki-makalu-lite-bastoncini-da-trekking-detail-6-rotated.jpg\",\"contentUrl\":\"https:\/\/www.sestogrado.it\/wp-content\/uploads\/2022\/02\/leki-makalu-lite-bastoncini-da-trekking-detail-6-rotated.jpg\",\"width\":1200,\"height\":1200,\"caption\":\"LEKI - Makalu Lite\"},{\"@type\":\"BreadcrumbList\",\"@id\":\"https:\/\/www.sestogrado.it\/it\/prodotto\/leki-makalu-lite-bastoncini-da-trekking\/#breadcrumb\",\"itemListElement\":[{\"@type\":\"ListItem\",\"position\":1,\"name\":\"Home\",\"item\":\"https:\/\/www.sestogrado.it\/it\/\"},{\"@type\":\"ListItem\",\"position\":2,\"name\":\"Shop\",\"item\":\"https:\/\/www.sestogrado.it\/it\/shop\/\"},{\"@type\":\"ListItem\",\"position\":3,\"name\":\"Leki Makalu Lite bastoncini da trekking\"}]},{\"@type\":\"WebSite\",\"@id\":\"https:\/\/www.sestogrado.it\/it\/#website\",\"url\":\"https:\/\/www.sestogrado.it\/it\/\",\"name\":\"Sestogrado\",\"description\":\"yes we climb\",\"publisher\":{\"@id\":\"https:\/\/www.sestogrado.it\/it\/#organization\"},\"potentialAction\":[{\"@type\":\"SearchAction\",\"target\":{\"@type\":\"EntryPoint\",\"urlTemplate\":\"https:\/\/www.sestogrado.it\/it\/?s={search_term_string}\"},\"query-input\":{\"@type\":\"PropertyValueSpecification\",\"valueRequired\":true,\"valueName\":\"search_term_string\"}}],\"inLanguage\":\"it-IT\"},{\"@type\":\"Organization\",\"@id\":\"https:\/\/www.sestogrado.it\/it\/#organization\",\"name\":\"Sestogrado\",\"url\":\"https:\/\/www.sestogrado.it\/it\/\",\"logo\":{\"@type\":\"ImageObject\",\"inLanguage\":\"it-IT\",\"@id\":\"https:\/\/www.sestogrado.it\/it\/#\/schema\/logo\/image\/\",\"url\":\"https:\/\/www.sestogrado.it\/wp-content\/uploads\/2015\/03\/sestogrado-favicon.png\",\"contentUrl\":\"https:\/\/www.sestogrado.it\/wp-content\/uploads\/2015\/03\/sestogrado-favicon.png\",\"width\":260,\"height\":260,\"caption\":\"Sestogrado\"},\"image\":{\"@id\":\"https:\/\/www.sestogrado.it\/it\/#\/schema\/logo\/image\/\"},\"sameAs\":[\"https:\/\/www.facebook.com\/pages\/Sestogrado\/1542635979353017?ref=bookmarks\",\"https:\/\/www.youtube.com\/channel\/UC847kAfTkaJsWpc1jtQwr3Q\"],\"hasMerchantReturnPolicy\":{\"@type\":\"MerchantReturnPolicy\",\"merchantReturnLink\":\"https:\/\/www.sestogrado.it\/it\/termini-e-condizioni\/\"}}]}<\/script>\n<meta property=\"product:brand\" content=\"Leki\" \/>\n<meta property=\"product:price:amount\" content=\"89.00\" \/>\n<meta property=\"product:price:currency\" content=\"EUR\" \/>\n<meta property=\"og:availability\" content=\"instock\" \/>\n<meta property=\"product:availability\" content=\"instock\" \/>\n<meta property=\"product:condition\" content=\"new\" \/>\n<!-- \/ Yoast SEO plugin. -->","yoast_head_json":{"title":"Leki Makalu Lite bastoncini da trekking - Sestogrado","description":"Leki Makalu Lite bastoncini da trekking e nordic walking sono dei bastoncini con struttura in alluminio alleggerita, in quanto pi\u00f9 sottili dei cugini Leki Makalu FX TA. Comodi da ripiegare e disporre nello zaino quando non occorrono pi\u00f9, i Makalu Lite dispongono di 3 sezioni con lunghezza massima (da chiusi) di 67 cm. Grazie all'impugnatura in schiuma Aergon estremamente confortevole, i bastoncini garantiscono una posizione di presa ottimale ed ergonomica. Progettati per persone fino a 1,80 m di altezza e un peso massimo per l'utente di 75 kg, i Leki Makalu Lite risultano pi\u00f9 corti e offrono un'eccellente regolabilit\u00e0 con due morsetti Speed Lock +.Anche il diametro del tubo \u00e8 stato leggermente ridotto per risparmiare pi\u00f9 peso e semplificare la camminata.","robots":{"index":"index","follow":"follow","max-snippet":"max-snippet:-1","max-image-preview":"max-image-preview:large","max-video-preview":"max-video-preview:-1"},"canonical":"https:\/\/www.sestogrado.it\/it\/prodotto\/leki-makalu-lite-bastoncini-da-trekking\/","og_locale":"it_IT","og_type":"article","og_title":"Leki Makalu Lite bastoncini da trekking - Sestogrado","og_description":"Leki Makalu Lite bastoncini da trekking e nordic walking sono dei bastoncini con struttura in alluminio alleggerita, in quanto pi\u00f9 sottili dei cugini Leki Makalu FX TA. Comodi da ripiegare e disporre nello zaino quando non occorrono pi\u00f9, i Makalu Lite dispongono di 3 sezioni con lunghezza massima (da chiusi) di 67 cm. Grazie all'impugnatura in schiuma Aergon estremamente confortevole, i bastoncini garantiscono una posizione di presa ottimale ed ergonomica. Progettati per persone fino a 1,80 m di altezza e un peso massimo per l'utente di 75 kg, i Leki Makalu Lite risultano pi\u00f9 corti e offrono un'eccellente regolabilit\u00e0 con due morsetti Speed Lock +.Anche il diametro del tubo \u00e8 stato leggermente ridotto per risparmiare pi\u00f9 peso e semplificare la camminata.","og_url":"https:\/\/www.sestogrado.it\/it\/prodotto\/leki-makalu-lite-bastoncini-da-trekking\/","og_site_name":"Sestogrado","article_publisher":"https:\/\/www.facebook.com\/pages\/Sestogrado\/1542635979353017?ref=bookmarks","article_modified_time":"2026-04-22T18:38:28+00:00","og_image":[{"width":1200,"height":1200,"url":"https:\/\/www.sestogrado.it\/wp-content\/uploads\/2022\/02\/leki-makalu-lite-bastoncini-da-trekking-detail-6-rotated.jpg","type":"image\/jpeg"}],"twitter_misc":{"Prezzo":"&euro;&nbsp;89,00","Disponibilit\u00e0":"In stock"},"schema":{"@context":"https:\/\/schema.org","@graph":[{"@type":"WebPage","@id":"https:\/\/www.sestogrado.it\/it\/prodotto\/leki-makalu-lite-bastoncini-da-trekking\/","url":"https:\/\/www.sestogrado.it\/it\/prodotto\/leki-makalu-lite-bastoncini-da-trekking\/","name":"Leki Makalu Lite bastoncini da trekking - Sestogrado","isPartOf":{"@id":"https:\/\/www.sestogrado.it\/it\/#website"},"primaryImageOfPage":{"@id":"https:\/\/www.sestogrado.it\/it\/prodotto\/leki-makalu-lite-bastoncini-da-trekking\/#primaryimage"},"image":{"@id":"https:\/\/www.sestogrado.it\/prodotto\/leki-makalu-lite-bastoncini-da-trekking\/#primaryimage"},"thumbnailUrl":"https:\/\/www.sestogrado.it\/wp-content\/uploads\/2022\/02\/leki-makalu-lite-bastoncini-da-trekking-detail-6-rotated.jpg","datePublished":"2022-03-15T10:36:35+00:00","dateModified":"2026-04-22T18:38:28+00:00","description":"Leki Makalu Lite bastoncini da trekking e nordic walking sono dei bastoncini con struttura in alluminio alleggerita, in quanto pi\u00f9 sottili dei cugini Leki Makalu FX TA. Comodi da ripiegare e disporre nello zaino quando non occorrono pi\u00f9, i Makalu Lite dispongono di 3 sezioni con lunghezza massima (da chiusi) di 67 cm. Grazie all'impugnatura in schiuma Aergon estremamente confortevole, i bastoncini garantiscono una posizione di presa ottimale ed ergonomica. Progettati per persone fino a 1,80 m di altezza e un peso massimo per l'utente di 75 kg, i Leki Makalu Lite risultano pi\u00f9 corti e offrono un'eccellente regolabilit\u00e0 con due morsetti Speed Lock +.Anche il diametro del tubo \u00e8 stato leggermente ridotto per risparmiare pi\u00f9 peso e semplificare la camminata.","breadcrumb":{"@id":"https:\/\/www.sestogrado.it\/it\/prodotto\/leki-makalu-lite-bastoncini-da-trekking\/#breadcrumb"},"inLanguage":"it-IT","potentialAction":[{"@type":"ReadAction","target":[["https:\/\/www.sestogrado.it\/it\/prodotto\/leki-makalu-lite-bastoncini-da-trekking\/"]]}]},{"@type":"ImageObject","inLanguage":"it-IT","@id":"https:\/\/www.sestogrado.it\/it\/prodotto\/leki-makalu-lite-bastoncini-da-trekking\/#primaryimage","url":"https:\/\/www.sestogrado.it\/wp-content\/uploads\/2022\/02\/leki-makalu-lite-bastoncini-da-trekking-detail-6-rotated.jpg","contentUrl":"https:\/\/www.sestogrado.it\/wp-content\/uploads\/2022\/02\/leki-makalu-lite-bastoncini-da-trekking-detail-6-rotated.jpg","width":1200,"height":1200,"caption":"LEKI - Makalu Lite"},{"@type":"BreadcrumbList","@id":"https:\/\/www.sestogrado.it\/it\/prodotto\/leki-makalu-lite-bastoncini-da-trekking\/#breadcrumb","itemListElement":[{"@type":"ListItem","position":1,"name":"Home","item":"https:\/\/www.sestogrado.it\/it\/"},{"@type":"ListItem","position":2,"name":"Shop","item":"https:\/\/www.sestogrado.it\/it\/shop\/"},{"@type":"ListItem","position":3,"name":"Leki Makalu Lite bastoncini da trekking"}]},{"@type":"WebSite","@id":"https:\/\/www.sestogrado.it\/it\/#website","url":"https:\/\/www.sestogrado.it\/it\/","name":"Sestogrado","description":"yes we climb","publisher":{"@id":"https:\/\/www.sestogrado.it\/it\/#organization"},"potentialAction":[{"@type":"SearchAction","target":{"@type":"EntryPoint","urlTemplate":"https:\/\/www.sestogrado.it\/it\/?s={search_term_string}"},"query-input":{"@type":"PropertyValueSpecification","valueRequired":true,"valueName":"search_term_string"}}],"inLanguage":"it-IT"},{"@type":"Organization","@id":"https:\/\/www.sestogrado.it\/it\/#organization","name":"Sestogrado","url":"https:\/\/www.sestogrado.it\/it\/","logo":{"@type":"ImageObject","inLanguage":"it-IT","@id":"https:\/\/www.sestogrado.it\/it\/#\/schema\/logo\/image\/","url":"https:\/\/www.sestogrado.it\/wp-content\/uploads\/2015\/03\/sestogrado-favicon.png","contentUrl":"https:\/\/www.sestogrado.it\/wp-content\/uploads\/2015\/03\/sestogrado-favicon.png","width":260,"height":260,"caption":"Sestogrado"},"image":{"@id":"https:\/\/www.sestogrado.it\/it\/#\/schema\/logo\/image\/"},"sameAs":["https:\/\/www.facebook.com\/pages\/Sestogrado\/1542635979353017?ref=bookmarks","https:\/\/www.youtube.com\/channel\/UC847kAfTkaJsWpc1jtQwr3Q"],"hasMerchantReturnPolicy":{"@type":"MerchantReturnPolicy","merchantReturnLink":"https:\/\/www.sestogrado.it\/it\/termini-e-condizioni\/"}}]},"product_brand":"Leki","product_price_amount":"89.00","product_price_currency":"EUR","og_availability":"instock","product_availability":"instock","product_condition":"new"},"_links":{"self":[{"href":"https:\/\/www.sestogrado.it\/it\/wp-json\/wp\/v2\/product\/96055","targetHints":{"allow":["GET"]}}],"collection":[{"href":"https:\/\/www.sestogrado.it\/it\/wp-json\/wp\/v2\/product"}],"about":[{"href":"https:\/\/www.sestogrado.it\/it\/wp-json\/wp\/v2\/types\/product"}],"replies":[{"embeddable":true,"href":"https:\/\/www.sestogrado.it\/it\/wp-json\/wp\/v2\/comments?post=96055"}],"wp:featuredmedia":[{"embeddable":true,"href":"https:\/\/www.sestogrado.it\/it\/wp-json\/wp\/v2\/media\/96085"}],"wp:attachment":[{"href":"https:\/\/www.sestogrado.it\/it\/wp-json\/wp\/v2\/media?parent=96055"}],"wp:term":[{"taxonomy":"product_brand","embeddable":true,"href":"https:\/\/www.sestogrado.it\/it\/wp-json\/wp\/v2\/product_brand?post=96055"},{"taxonomy":"product_cat","embeddable":true,"href":"https:\/\/www.sestogrado.it\/it\/wp-json\/wp\/v2\/product_cat?post=96055"},{"taxonomy":"product_tag","embeddable":true,"href":"https:\/\/www.sestogrado.it\/it\/wp-json\/wp\/v2\/product_tag?post=96055"}],"curies":[{"name":"wp","href":"https:\/\/api.w.org\/{rel}","templated":true}]}}