{"id":96053,"date":"2022-03-15T11:32:01","date_gmt":"2022-03-15T10:32:01","guid":{"rendered":"https:\/\/www.sestogrado.it\/?post_type=product&#038;p=96053"},"modified":"2025-09-03T18:20:05","modified_gmt":"2025-09-03T16:20:05","slug":"leki-makalu-fx-carbon-bastoncini-da-trekking","status":"publish","type":"product","link":"https:\/\/www.sestogrado.it\/it\/prodotto\/leki-makalu-fx-carbon-bastoncini-da-trekking\/","title":{"rendered":"Leki Makalu FX Carbon bastoncini da trekking"},"content":{"rendered":"<p>Leki Makalu FX Carbon bastoncini da trekking sono il non plus ultra per trekking interessanti, intensi, in paesaggi da sogno. Alleggeriti dalla struttura in carbonio (PRC 1000), i Leki Makalu FX Carbon ti accompagnano in tutte le spedizioni in cui camminare, ripiegare bastoncini, infilarli facilmente nello zaino e ritirarli fuori all&#8217;occasione \u00e8 parte cruciale dell&#8217;avventura.<\/p>\n<p>Con soli 508 grammi al paio, lunghezza regolabile tra 110 e 130 cm e raccolti in 5 sezioni con lunghezza massima di 40cm, i Makalu FC Carbon sostengono il tuo peso passo dopo passo, senza appesantirti.<\/p>\n<p>Dragonne per il polso e rondelle da trekking incluse.<\/p>\n<ul>\n<li>Tipo di materiale: <strong>Carbonio PRC 1000<\/strong><\/li>\n<li>Sistema di blocco: Speed Lock 2 plus<\/li>\n<li><strong>5 sezioni<\/strong><\/li>\n<li>Diametri per sezione: 18, 16, 14, 14, 14 mm<\/li>\n<li>Impugnatura: in <strong>schiuma Aergon<\/strong><\/li>\n<li>Sistema di chiusura: ELD<\/li>\n<li>Dragonne: s\u00ec<\/li>\n<li><strong>Rondelle: da trekking\u00a0<\/strong><\/li>\n<li>Puntale:\u00a0<strong>Puntale in carburo\u00a0<\/strong><\/li>\n<li>Corsa di regolazione: <strong>110-130 cm<\/strong><\/li>\n<li>Lunghezza bastoncini piegati: <strong>40 cm<\/strong><\/li>\n<li><strong>Peso: 508 g (al paio)<\/strong><\/li>\n<\/ul>\n<p>&nbsp;<\/p>\n<p><em>Impugnatura in schiuma AERGON<\/em><\/p>\n<p><img decoding=\"async\" class=\"alignnone size-medium wp-image-96335 img-fluid\" src=\"https:\/\/www.sestogrado.it\/wp-content\/uploads\/2022\/03\/impugnatura-schiuma-AERGON-300x300.jpg\" alt=\"LEKI IMPUGNATURA SCHIUMA AERGON\" width=\"300\" height=\"300\" srcset=\"https:\/\/www.sestogrado.it\/wp-content\/uploads\/2022\/03\/impugnatura-schiuma-AERGON-300x300.jpg 300w, https:\/\/www.sestogrado.it\/wp-content\/uploads\/2022\/03\/impugnatura-schiuma-AERGON-100x100.jpg 100w, https:\/\/www.sestogrado.it\/wp-content\/uploads\/2022\/03\/impugnatura-schiuma-AERGON-750x750.jpg 750w, https:\/\/www.sestogrado.it\/wp-content\/uploads\/2022\/03\/impugnatura-schiuma-AERGON-150x150.jpg 150w, https:\/\/www.sestogrado.it\/wp-content\/uploads\/2022\/03\/impugnatura-schiuma-AERGON-768x768.jpg 768w, https:\/\/www.sestogrado.it\/wp-content\/uploads\/2022\/03\/impugnatura-schiuma-AERGON-45x45.jpg 45w, https:\/\/www.sestogrado.it\/wp-content\/uploads\/2022\/03\/impugnatura-schiuma-AERGON-220x220.jpg 220w, https:\/\/www.sestogrado.it\/wp-content\/uploads\/2022\/03\/impugnatura-schiuma-AERGON-635x635.jpg 635w, https:\/\/www.sestogrado.it\/wp-content\/uploads\/2022\/03\/impugnatura-schiuma-AERGON-80x80.jpg 80w, https:\/\/www.sestogrado.it\/wp-content\/uploads\/2022\/03\/impugnatura-schiuma-AERGON-60x60.jpg 60w, https:\/\/www.sestogrado.it\/wp-content\/uploads\/2022\/03\/impugnatura-schiuma-AERGON-90x90.jpg 90w, https:\/\/www.sestogrado.it\/wp-content\/uploads\/2022\/03\/impugnatura-schiuma-AERGON.jpg 800w\" sizes=\"(max-width: 300px) 100vw, 300px\" \/><\/p>\n<p>&nbsp;<\/p>\n<p><em>Rondelle da trekking<\/em><\/p>\n<p><img decoding=\"async\" class=\"alignnone size-medium wp-image-96326 img-fluid\" src=\"https:\/\/www.sestogrado.it\/wp-content\/uploads\/2021\/03\/Leki-rondella-da-trekking-300x300.jpg\" alt=\"LEKI RONDELLA TREKKING\" width=\"300\" height=\"300\" srcset=\"https:\/\/www.sestogrado.it\/wp-content\/uploads\/2021\/03\/Leki-rondella-da-trekking-300x300.jpg 300w, https:\/\/www.sestogrado.it\/wp-content\/uploads\/2021\/03\/Leki-rondella-da-trekking-100x100.jpg 100w, https:\/\/www.sestogrado.it\/wp-content\/uploads\/2021\/03\/Leki-rondella-da-trekking-750x750.jpg 750w, https:\/\/www.sestogrado.it\/wp-content\/uploads\/2021\/03\/Leki-rondella-da-trekking-150x150.jpg 150w, https:\/\/www.sestogrado.it\/wp-content\/uploads\/2021\/03\/Leki-rondella-da-trekking-768x768.jpg 768w, https:\/\/www.sestogrado.it\/wp-content\/uploads\/2021\/03\/Leki-rondella-da-trekking-45x45.jpg 45w, https:\/\/www.sestogrado.it\/wp-content\/uploads\/2021\/03\/Leki-rondella-da-trekking-220x220.jpg 220w, https:\/\/www.sestogrado.it\/wp-content\/uploads\/2021\/03\/Leki-rondella-da-trekking-635x635.jpg 635w, https:\/\/www.sestogrado.it\/wp-content\/uploads\/2021\/03\/Leki-rondella-da-trekking-80x80.jpg 80w, https:\/\/www.sestogrado.it\/wp-content\/uploads\/2021\/03\/Leki-rondella-da-trekking-60x60.jpg 60w, https:\/\/www.sestogrado.it\/wp-content\/uploads\/2021\/03\/Leki-rondella-da-trekking-90x90.jpg 90w, https:\/\/www.sestogrado.it\/wp-content\/uploads\/2021\/03\/Leki-rondella-da-trekking.jpg 800w\" sizes=\"(max-width: 300px) 100vw, 300px\" \/><\/p>\n<p>&nbsp;<\/p>\n<p>Il miglior sostegno per le tue ginocchia, per consentire la postura ideale e per raggiungere passo dopo passo la tua meta sono i Leki Makalu FX Carbon.<\/p>\n<p>La LEKI ha le sue origini nell&#8217;impresa di tornitura fondata da Karl Lenhart a Dettingen\/Teck nel 1948. Karl Lenhart era una appassionato sciatore, tuttavia non era minimamente soddisfatto della qualit\u00e0 e della funzionalit\u00e0 dei bastoni da sci di allora. Cos\u00ec cominci\u00f2 a produrre impugnature e rotelle per bastoni da sci per conto proprio, con il parco macchine della propria officina. Gi\u00e0 negli anni &#8217;60 inizi\u00f2 la produzione in serie. Dato che Lenhart aveva maturato anche esperienze nella costruzione di aerei, sapeva come lavorare l&#8217;alluminio e i materiali compositi. Dal 1970 LEKI \u00e8 un nome di riferimento in tutto il mondo per la produzione di bastoncini da sci, trekking ed alpinismo.<\/p>","protected":false},"excerpt":{"rendered":"<p>Leki Makalu FX Carbon bastoncini da trekking sono il non plus ultra per trekking interessanti, intensi, in paesaggi da sogno. [&hellip;]<\/p>\n","protected":false},"featured_media":96070,"comment_status":"open","ping_status":"closed","template":"","meta":{"_acf_changed":false},"product_brand":[735],"product_cat":[572],"product_tag":[],"class_list":{"0":"post-96053","1":"product","2":"type-product","3":"status-publish","4":"has-post-thumbnail","6":"product_brand-leki","7":"product_cat-bastoncini","9":"first","10":"instock","11":"sale","12":"taxable","13":"shipping-taxable","14":"purchasable","15":"product-type-simple"},"acf":[],"yoast_head":"<!-- This site is optimized with the Yoast SEO plugin v26.4 - https:\/\/yoast.com\/wordpress\/plugins\/seo\/ -->\n<title>Leki Makalu FX Carbon bastoncini da trekking - Sestogrado<\/title>\n<meta name=\"description\" content=\"Leki Makalu FX Carbon bastoncini da trekking sono il non plus ultra per trekking interessanti, intensi, in paesaggi da sogno. Alleggeriti dalla struttura in carbonio (PRC 1000), i Leki Makalu FX Carbon ti accompagnano in tutte le spedizioni in cui camminare, ripiegare bastoncini, infilarli facilmente nello zaino e ritirarli fuori all&#039;occasione \u00e8 parte cruciale dell&#039;avventura. Con soli 508 grammi al paio, lunghezza regolabile tra 110 e 130 cm e raccolti in 5 sezioni con lunghezza massima di 40cm, i Makalu FC Carbon sostengono il tuo peso passo dopo passo, senza appesantirti. Dragonne per il polso e rondelle da trekking incluse.\" \/>\n<meta name=\"robots\" content=\"index, follow, max-snippet:-1, max-image-preview:large, max-video-preview:-1\" \/>\n<link rel=\"canonical\" href=\"https:\/\/www.sestogrado.it\/it\/prodotto\/leki-makalu-fx-carbon-bastoncini-da-trekking\/\" \/>\n<meta property=\"og:locale\" content=\"it_IT\" \/>\n<meta property=\"og:type\" content=\"article\" \/>\n<meta property=\"og:title\" content=\"Leki Makalu FX Carbon bastoncini da trekking - Sestogrado\" \/>\n<meta property=\"og:description\" content=\"Leki Makalu FX Carbon bastoncini da trekking sono il non plus ultra per trekking interessanti, intensi, in paesaggi da sogno. Alleggeriti dalla struttura in carbonio (PRC 1000), i Leki Makalu FX Carbon ti accompagnano in tutte le spedizioni in cui camminare, ripiegare bastoncini, infilarli facilmente nello zaino e ritirarli fuori all&#039;occasione \u00e8 parte cruciale dell&#039;avventura. Con soli 508 grammi al paio, lunghezza regolabile tra 110 e 130 cm e raccolti in 5 sezioni con lunghezza massima di 40cm, i Makalu FC Carbon sostengono il tuo peso passo dopo passo, senza appesantirti. Dragonne per il polso e rondelle da trekking incluse.\" \/>\n<meta property=\"og:url\" content=\"https:\/\/www.sestogrado.it\/it\/prodotto\/leki-makalu-fx-carbon-bastoncini-da-trekking\/\" \/>\n<meta property=\"og:site_name\" content=\"Sestogrado\" \/>\n<meta property=\"article:publisher\" content=\"https:\/\/www.facebook.com\/pages\/Sestogrado\/1542635979353017?ref=bookmarks\" \/>\n<meta property=\"article:modified_time\" content=\"2025-09-03T16:20:05+00:00\" \/>\n<meta property=\"og:image\" content=\"https:\/\/www.sestogrado.it\/wp-content\/uploads\/2022\/02\/leki-makalu-fx-carbon-bastoncini-da-trekking-detail-9-1-rotated.jpg\" \/>\n\t<meta property=\"og:image:width\" content=\"1200\" \/>\n\t<meta property=\"og:image:height\" content=\"1200\" \/>\n\t<meta property=\"og:image:type\" content=\"image\/jpeg\" \/>\n<meta name=\"twitter:label1\" content=\"Prezzo\" \/>\n\t<meta name=\"twitter:data1\" content=\"&euro;&nbsp;169,00\" \/>\n\t<meta name=\"twitter:label2\" content=\"Disponibilit\u00e0\" \/>\n\t<meta name=\"twitter:data2\" content=\"In stock\" \/>\n<script type=\"application\/ld+json\" class=\"yoast-schema-graph\">{\"@context\":\"https:\/\/schema.org\",\"@graph\":[{\"@type\":\"WebPage\",\"@id\":\"https:\/\/www.sestogrado.it\/it\/prodotto\/leki-makalu-fx-carbon-bastoncini-da-trekking\/\",\"url\":\"https:\/\/www.sestogrado.it\/it\/prodotto\/leki-makalu-fx-carbon-bastoncini-da-trekking\/\",\"name\":\"Leki Makalu FX Carbon bastoncini da trekking - Sestogrado\",\"isPartOf\":{\"@id\":\"https:\/\/www.sestogrado.it\/it\/#website\"},\"primaryImageOfPage\":{\"@id\":\"https:\/\/www.sestogrado.it\/it\/prodotto\/leki-makalu-fx-carbon-bastoncini-da-trekking\/#primaryimage\"},\"image\":{\"@id\":\"https:\/\/www.sestogrado.it\/prodotto\/leki-makalu-fx-carbon-bastoncini-da-trekking\/#primaryimage\"},\"thumbnailUrl\":\"https:\/\/www.sestogrado.it\/wp-content\/uploads\/2022\/02\/leki-makalu-fx-carbon-bastoncini-da-trekking-detail-9-1-rotated.jpg\",\"datePublished\":\"2022-03-15T10:32:01+00:00\",\"dateModified\":\"2025-09-03T16:20:05+00:00\",\"description\":\"Leki Makalu FX Carbon bastoncini da trekking sono il non plus ultra per trekking interessanti, intensi, in paesaggi da sogno. Alleggeriti dalla struttura in carbonio (PRC 1000), i Leki Makalu FX Carbon ti accompagnano in tutte le spedizioni in cui camminare, ripiegare bastoncini, infilarli facilmente nello zaino e ritirarli fuori all'occasione \u00e8 parte cruciale dell'avventura. Con soli 508 grammi al paio, lunghezza regolabile tra 110 e 130 cm e raccolti in 5 sezioni con lunghezza massima di 40cm, i Makalu FC Carbon sostengono il tuo peso passo dopo passo, senza appesantirti. Dragonne per il polso e rondelle da trekking incluse.\",\"breadcrumb\":{\"@id\":\"https:\/\/www.sestogrado.it\/it\/prodotto\/leki-makalu-fx-carbon-bastoncini-da-trekking\/#breadcrumb\"},\"inLanguage\":\"it-IT\",\"potentialAction\":[{\"@type\":\"ReadAction\",\"target\":[[\"https:\/\/www.sestogrado.it\/it\/prodotto\/leki-makalu-fx-carbon-bastoncini-da-trekking\/\"]]}]},{\"@type\":\"ImageObject\",\"inLanguage\":\"it-IT\",\"@id\":\"https:\/\/www.sestogrado.it\/it\/prodotto\/leki-makalu-fx-carbon-bastoncini-da-trekking\/#primaryimage\",\"url\":\"https:\/\/www.sestogrado.it\/wp-content\/uploads\/2022\/02\/leki-makalu-fx-carbon-bastoncini-da-trekking-detail-9-1-rotated.jpg\",\"contentUrl\":\"https:\/\/www.sestogrado.it\/wp-content\/uploads\/2022\/02\/leki-makalu-fx-carbon-bastoncini-da-trekking-detail-9-1-rotated.jpg\",\"width\":1200,\"height\":1200,\"caption\":\"LEKI - Makalu FX Carbon\"},{\"@type\":\"BreadcrumbList\",\"@id\":\"https:\/\/www.sestogrado.it\/it\/prodotto\/leki-makalu-fx-carbon-bastoncini-da-trekking\/#breadcrumb\",\"itemListElement\":[{\"@type\":\"ListItem\",\"position\":1,\"name\":\"Home\",\"item\":\"https:\/\/www.sestogrado.it\/it\/\"},{\"@type\":\"ListItem\",\"position\":2,\"name\":\"Shop\",\"item\":\"https:\/\/www.sestogrado.it\/it\/shop\/\"},{\"@type\":\"ListItem\",\"position\":3,\"name\":\"Leki Makalu FX Carbon bastoncini da trekking\"}]},{\"@type\":\"WebSite\",\"@id\":\"https:\/\/www.sestogrado.it\/it\/#website\",\"url\":\"https:\/\/www.sestogrado.it\/it\/\",\"name\":\"Sestogrado\",\"description\":\"yes we climb\",\"publisher\":{\"@id\":\"https:\/\/www.sestogrado.it\/it\/#organization\"},\"potentialAction\":[{\"@type\":\"SearchAction\",\"target\":{\"@type\":\"EntryPoint\",\"urlTemplate\":\"https:\/\/www.sestogrado.it\/it\/?s={search_term_string}\"},\"query-input\":{\"@type\":\"PropertyValueSpecification\",\"valueRequired\":true,\"valueName\":\"search_term_string\"}}],\"inLanguage\":\"it-IT\"},{\"@type\":\"Organization\",\"@id\":\"https:\/\/www.sestogrado.it\/it\/#organization\",\"name\":\"Sestogrado\",\"url\":\"https:\/\/www.sestogrado.it\/it\/\",\"logo\":{\"@type\":\"ImageObject\",\"inLanguage\":\"it-IT\",\"@id\":\"https:\/\/www.sestogrado.it\/it\/#\/schema\/logo\/image\/\",\"url\":\"https:\/\/www.sestogrado.it\/wp-content\/uploads\/2015\/03\/sestogrado-favicon.png\",\"contentUrl\":\"https:\/\/www.sestogrado.it\/wp-content\/uploads\/2015\/03\/sestogrado-favicon.png\",\"width\":260,\"height\":260,\"caption\":\"Sestogrado\"},\"image\":{\"@id\":\"https:\/\/www.sestogrado.it\/it\/#\/schema\/logo\/image\/\"},\"sameAs\":[\"https:\/\/www.facebook.com\/pages\/Sestogrado\/1542635979353017?ref=bookmarks\",\"https:\/\/www.youtube.com\/channel\/UC847kAfTkaJsWpc1jtQwr3Q\"],\"hasMerchantReturnPolicy\":{\"@type\":\"MerchantReturnPolicy\",\"merchantReturnLink\":\"https:\/\/www.sestogrado.it\/it\/termini-e-condizioni\/\"}}]}<\/script>\n<meta property=\"product:brand\" content=\"Leki\" \/>\n<meta property=\"product:price:amount\" content=\"169.00\" \/>\n<meta property=\"product:price:currency\" content=\"EUR\" \/>\n<meta property=\"og:availability\" content=\"instock\" \/>\n<meta property=\"product:availability\" content=\"instock\" \/>\n<meta property=\"product:condition\" content=\"new\" \/>\n<!-- \/ Yoast SEO plugin. -->","yoast_head_json":{"title":"Leki Makalu FX Carbon bastoncini da trekking - Sestogrado","description":"Leki Makalu FX Carbon bastoncini da trekking sono il non plus ultra per trekking interessanti, intensi, in paesaggi da sogno. Alleggeriti dalla struttura in carbonio (PRC 1000), i Leki Makalu FX Carbon ti accompagnano in tutte le spedizioni in cui camminare, ripiegare bastoncini, infilarli facilmente nello zaino e ritirarli fuori all'occasione \u00e8 parte cruciale dell'avventura. Con soli 508 grammi al paio, lunghezza regolabile tra 110 e 130 cm e raccolti in 5 sezioni con lunghezza massima di 40cm, i Makalu FC Carbon sostengono il tuo peso passo dopo passo, senza appesantirti. Dragonne per il polso e rondelle da trekking incluse.","robots":{"index":"index","follow":"follow","max-snippet":"max-snippet:-1","max-image-preview":"max-image-preview:large","max-video-preview":"max-video-preview:-1"},"canonical":"https:\/\/www.sestogrado.it\/it\/prodotto\/leki-makalu-fx-carbon-bastoncini-da-trekking\/","og_locale":"it_IT","og_type":"article","og_title":"Leki Makalu FX Carbon bastoncini da trekking - Sestogrado","og_description":"Leki Makalu FX Carbon bastoncini da trekking sono il non plus ultra per trekking interessanti, intensi, in paesaggi da sogno. Alleggeriti dalla struttura in carbonio (PRC 1000), i Leki Makalu FX Carbon ti accompagnano in tutte le spedizioni in cui camminare, ripiegare bastoncini, infilarli facilmente nello zaino e ritirarli fuori all'occasione \u00e8 parte cruciale dell'avventura. Con soli 508 grammi al paio, lunghezza regolabile tra 110 e 130 cm e raccolti in 5 sezioni con lunghezza massima di 40cm, i Makalu FC Carbon sostengono il tuo peso passo dopo passo, senza appesantirti. Dragonne per il polso e rondelle da trekking incluse.","og_url":"https:\/\/www.sestogrado.it\/it\/prodotto\/leki-makalu-fx-carbon-bastoncini-da-trekking\/","og_site_name":"Sestogrado","article_publisher":"https:\/\/www.facebook.com\/pages\/Sestogrado\/1542635979353017?ref=bookmarks","article_modified_time":"2025-09-03T16:20:05+00:00","og_image":[{"width":1200,"height":1200,"url":"https:\/\/www.sestogrado.it\/wp-content\/uploads\/2022\/02\/leki-makalu-fx-carbon-bastoncini-da-trekking-detail-9-1-rotated.jpg","type":"image\/jpeg"}],"twitter_misc":{"Prezzo":"&euro;&nbsp;169,00","Disponibilit\u00e0":"In stock"},"schema":{"@context":"https:\/\/schema.org","@graph":[{"@type":"WebPage","@id":"https:\/\/www.sestogrado.it\/it\/prodotto\/leki-makalu-fx-carbon-bastoncini-da-trekking\/","url":"https:\/\/www.sestogrado.it\/it\/prodotto\/leki-makalu-fx-carbon-bastoncini-da-trekking\/","name":"Leki Makalu FX Carbon bastoncini da trekking - Sestogrado","isPartOf":{"@id":"https:\/\/www.sestogrado.it\/it\/#website"},"primaryImageOfPage":{"@id":"https:\/\/www.sestogrado.it\/it\/prodotto\/leki-makalu-fx-carbon-bastoncini-da-trekking\/#primaryimage"},"image":{"@id":"https:\/\/www.sestogrado.it\/prodotto\/leki-makalu-fx-carbon-bastoncini-da-trekking\/#primaryimage"},"thumbnailUrl":"https:\/\/www.sestogrado.it\/wp-content\/uploads\/2022\/02\/leki-makalu-fx-carbon-bastoncini-da-trekking-detail-9-1-rotated.jpg","datePublished":"2022-03-15T10:32:01+00:00","dateModified":"2025-09-03T16:20:05+00:00","description":"Leki Makalu FX Carbon bastoncini da trekking sono il non plus ultra per trekking interessanti, intensi, in paesaggi da sogno. Alleggeriti dalla struttura in carbonio (PRC 1000), i Leki Makalu FX Carbon ti accompagnano in tutte le spedizioni in cui camminare, ripiegare bastoncini, infilarli facilmente nello zaino e ritirarli fuori all'occasione \u00e8 parte cruciale dell'avventura. Con soli 508 grammi al paio, lunghezza regolabile tra 110 e 130 cm e raccolti in 5 sezioni con lunghezza massima di 40cm, i Makalu FC Carbon sostengono il tuo peso passo dopo passo, senza appesantirti. Dragonne per il polso e rondelle da trekking incluse.","breadcrumb":{"@id":"https:\/\/www.sestogrado.it\/it\/prodotto\/leki-makalu-fx-carbon-bastoncini-da-trekking\/#breadcrumb"},"inLanguage":"it-IT","potentialAction":[{"@type":"ReadAction","target":[["https:\/\/www.sestogrado.it\/it\/prodotto\/leki-makalu-fx-carbon-bastoncini-da-trekking\/"]]}]},{"@type":"ImageObject","inLanguage":"it-IT","@id":"https:\/\/www.sestogrado.it\/it\/prodotto\/leki-makalu-fx-carbon-bastoncini-da-trekking\/#primaryimage","url":"https:\/\/www.sestogrado.it\/wp-content\/uploads\/2022\/02\/leki-makalu-fx-carbon-bastoncini-da-trekking-detail-9-1-rotated.jpg","contentUrl":"https:\/\/www.sestogrado.it\/wp-content\/uploads\/2022\/02\/leki-makalu-fx-carbon-bastoncini-da-trekking-detail-9-1-rotated.jpg","width":1200,"height":1200,"caption":"LEKI - Makalu FX Carbon"},{"@type":"BreadcrumbList","@id":"https:\/\/www.sestogrado.it\/it\/prodotto\/leki-makalu-fx-carbon-bastoncini-da-trekking\/#breadcrumb","itemListElement":[{"@type":"ListItem","position":1,"name":"Home","item":"https:\/\/www.sestogrado.it\/it\/"},{"@type":"ListItem","position":2,"name":"Shop","item":"https:\/\/www.sestogrado.it\/it\/shop\/"},{"@type":"ListItem","position":3,"name":"Leki Makalu FX Carbon bastoncini da trekking"}]},{"@type":"WebSite","@id":"https:\/\/www.sestogrado.it\/it\/#website","url":"https:\/\/www.sestogrado.it\/it\/","name":"Sestogrado","description":"yes we climb","publisher":{"@id":"https:\/\/www.sestogrado.it\/it\/#organization"},"potentialAction":[{"@type":"SearchAction","target":{"@type":"EntryPoint","urlTemplate":"https:\/\/www.sestogrado.it\/it\/?s={search_term_string}"},"query-input":{"@type":"PropertyValueSpecification","valueRequired":true,"valueName":"search_term_string"}}],"inLanguage":"it-IT"},{"@type":"Organization","@id":"https:\/\/www.sestogrado.it\/it\/#organization","name":"Sestogrado","url":"https:\/\/www.sestogrado.it\/it\/","logo":{"@type":"ImageObject","inLanguage":"it-IT","@id":"https:\/\/www.sestogrado.it\/it\/#\/schema\/logo\/image\/","url":"https:\/\/www.sestogrado.it\/wp-content\/uploads\/2015\/03\/sestogrado-favicon.png","contentUrl":"https:\/\/www.sestogrado.it\/wp-content\/uploads\/2015\/03\/sestogrado-favicon.png","width":260,"height":260,"caption":"Sestogrado"},"image":{"@id":"https:\/\/www.sestogrado.it\/it\/#\/schema\/logo\/image\/"},"sameAs":["https:\/\/www.facebook.com\/pages\/Sestogrado\/1542635979353017?ref=bookmarks","https:\/\/www.youtube.com\/channel\/UC847kAfTkaJsWpc1jtQwr3Q"],"hasMerchantReturnPolicy":{"@type":"MerchantReturnPolicy","merchantReturnLink":"https:\/\/www.sestogrado.it\/it\/termini-e-condizioni\/"}}]},"product_brand":"Leki","product_price_amount":"169.00","product_price_currency":"EUR","og_availability":"instock","product_availability":"instock","product_condition":"new"},"_links":{"self":[{"href":"https:\/\/www.sestogrado.it\/it\/wp-json\/wp\/v2\/product\/96053","targetHints":{"allow":["GET"]}}],"collection":[{"href":"https:\/\/www.sestogrado.it\/it\/wp-json\/wp\/v2\/product"}],"about":[{"href":"https:\/\/www.sestogrado.it\/it\/wp-json\/wp\/v2\/types\/product"}],"replies":[{"embeddable":true,"href":"https:\/\/www.sestogrado.it\/it\/wp-json\/wp\/v2\/comments?post=96053"}],"wp:featuredmedia":[{"embeddable":true,"href":"https:\/\/www.sestogrado.it\/it\/wp-json\/wp\/v2\/media\/96070"}],"wp:attachment":[{"href":"https:\/\/www.sestogrado.it\/it\/wp-json\/wp\/v2\/media?parent=96053"}],"wp:term":[{"taxonomy":"product_brand","embeddable":true,"href":"https:\/\/www.sestogrado.it\/it\/wp-json\/wp\/v2\/product_brand?post=96053"},{"taxonomy":"product_cat","embeddable":true,"href":"https:\/\/www.sestogrado.it\/it\/wp-json\/wp\/v2\/product_cat?post=96053"},{"taxonomy":"product_tag","embeddable":true,"href":"https:\/\/www.sestogrado.it\/it\/wp-json\/wp\/v2\/product_tag?post=96053"}],"curies":[{"name":"wp","href":"https:\/\/api.w.org\/{rel}","templated":true}]}}