{"id":9562,"date":"2016-12-18T18:40:32","date_gmt":"2016-12-18T17:40:32","guid":{"rendered":"http:\/\/www.sestogrado.it\/prodotto\/petzl-rumba-8-0-60m-mezza-corda-arrampicata\/"},"modified":"2026-03-25T12:40:23","modified_gmt":"2026-03-25T11:40:23","slug":"petzl-rumba-8-0-mezza-corda-arrampicata","status":"publish","type":"product","link":"https:\/\/www.sestogrado.it\/it\/prodotto\/petzl-rumba-8-0-mezza-corda-arrampicata\/","title":{"rendered":"Petzl Rumba 8.0 mezza corda arrampicata"},"content":{"rendered":"<p>La PETZL RUMBA 8.0 \u00e8 la mezza corda di riferimento di Petzl che ha messo a frutto il know how acquisito con la pensionata Salsa 8.2 per realizzare una mezza corda ancora pi\u00f9 resistente e performante.<\/p>\n<p>La\u00a0PETZL\u00a0RUMBA 8,0 mm \u00e8 una mezza corda con eccezionale polivalenza, ideale su vie lunghe su roccia, in alpinismo o su ghiaccio. Dotata di una calza rinforzata per una grande resistenza, beneficia anche del trattamento idrofobo Duratec Dry che ne accresce le performance, in qualsiasi condizione.<\/p>\n<ul>\n<li>Il miglior compromesso per l&#8217;utilizzo in tutte le stagioni:<br \/>\n&#8211; utilizzo su roccia, misto, neve o ghiaccio.<br \/>\n&#8211; pu\u00f2 essere utilizzata come mezza corda o corda gemella.<\/li>\n<li>Maggiore longevit\u00e0 e facilit\u00e0 di utilizzo in qualsiasi condizione:<br \/>\n&#8211; trattamento idrofobo Duratec Dry: la corda \u00e8 pi\u00f9 resistente all&#8217;acqua, alla sporcizia e all&#8217;abrasione; la maneggevolezza, la prensilit\u00e0 e le caratteristiche si conservano pi\u00f9 a lungo in condizioni di freddo e umidit\u00e0.<\/li>\n<li>Manovre di corda pi\u00f9 confortevoli:<br \/>\n&#8211; marcatura Middle Mark: distinzione della met\u00e0-corda per facilitare le manovre,<br \/>\n&#8211; trattamento EverFlex: trattamento termico specifico che stabilizza i fili e rende la corda pi\u00f9 omogenea; garantisce un&#8217;eccellente prensilit\u00e0 e una maneggevolezza costante nel tempo.<\/li>\n<\/ul>\n<p>La Petzl Rumba 8.0 \u00e8 omologato per ha un elevato numero di cadute sia come mezza corda sia come corda gemella e rappresenta il giusto compromesso per un utilizzo alpinistico a 360 gradi. Con una percentuale di calza del 41% possiede una elevata resistenza all&#8217;abrasione ed \u00e8 ideale per essere utilizzata su terreni aspri ed irregolari.<\/p>","protected":false},"excerpt":{"rendered":"<p>La PETZL RUMBA 8.0 \u00e8 la mezza corda di riferimento di Petzl che ha messo a frutto il know how [&hellip;]<\/p>\n","protected":false},"featured_media":9570,"comment_status":"open","ping_status":"closed","template":"","meta":{"_acf_changed":false},"product_brand":[50],"product_cat":[1357],"product_tag":[],"class_list":{"0":"post-9562","1":"product","2":"type-product","3":"status-publish","4":"has-post-thumbnail","6":"product_brand-petzl","7":"product_cat-mezze-corde","9":"first","10":"instock","11":"sale","12":"taxable","13":"shipping-taxable","14":"purchasable","15":"product-type-variable"},"acf":[],"yoast_head":"<!-- This site is optimized with the Yoast SEO plugin v26.4 - https:\/\/yoast.com\/wordpress\/plugins\/seo\/ -->\n<title>Petzl Rumba 8.0 mezza corda arrampicata - Sestogrado<\/title>\n<meta name=\"description\" content=\"Con il suo diametro da 8,0 mm e la sua leggerezza, la Petzl Rumba \u00e8 ideale per arrampicata su ghiaccio, vie lunghe o alpinismo tecnico.\" \/>\n<meta name=\"robots\" content=\"index, follow, max-snippet:-1, max-image-preview:large, max-video-preview:-1\" \/>\n<link rel=\"canonical\" href=\"https:\/\/www.sestogrado.it\/it\/prodotto\/petzl-rumba-8-0-mezza-corda-arrampicata\/\" \/>\n<meta property=\"og:locale\" content=\"it_IT\" \/>\n<meta property=\"og:type\" content=\"article\" \/>\n<meta property=\"og:title\" content=\"Petzl Rumba 8.0 mezza corda arrampicata - Sestogrado\" \/>\n<meta property=\"og:description\" content=\"Con il suo diametro da 8,0 mm e la sua leggerezza, la Petzl Rumba \u00e8 ideale per arrampicata su ghiaccio, vie lunghe o alpinismo tecnico.\" \/>\n<meta property=\"og:url\" content=\"https:\/\/www.sestogrado.it\/it\/prodotto\/petzl-rumba-8-0-mezza-corda-arrampicata\/\" \/>\n<meta property=\"og:site_name\" content=\"Sestogrado\" \/>\n<meta property=\"article:publisher\" content=\"https:\/\/www.facebook.com\/pages\/Sestogrado\/1542635979353017?ref=bookmarks\" \/>\n<meta property=\"article:modified_time\" content=\"2026-03-25T11:40:23+00:00\" \/>\n<meta property=\"og:image\" content=\"https:\/\/www.sestogrado.it\/wp-content\/uploads\/2016\/12\/petzl-rumba-1.jpg\" \/>\n\t<meta property=\"og:image:width\" content=\"972\" \/>\n\t<meta property=\"og:image:height\" content=\"1458\" \/>\n\t<meta property=\"og:image:type\" content=\"image\/jpeg\" \/>\n<meta name=\"twitter:label1\" content=\"Disponibilit\u00e0\" \/>\n\t<meta name=\"twitter:data1\" content=\"In stock\" \/>\n<script type=\"application\/ld+json\" class=\"yoast-schema-graph\">{\"@context\":\"https:\/\/schema.org\",\"@graph\":[{\"@type\":\"WebPage\",\"@id\":\"https:\/\/www.sestogrado.it\/it\/prodotto\/petzl-rumba-8-0-mezza-corda-arrampicata\/\",\"url\":\"https:\/\/www.sestogrado.it\/it\/prodotto\/petzl-rumba-8-0-mezza-corda-arrampicata\/\",\"name\":\"Petzl Rumba 8.0 mezza corda arrampicata - Sestogrado\",\"isPartOf\":{\"@id\":\"https:\/\/www.sestogrado.it\/it\/#website\"},\"primaryImageOfPage\":{\"@id\":\"https:\/\/www.sestogrado.it\/it\/prodotto\/petzl-rumba-8-0-mezza-corda-arrampicata\/#primaryimage\"},\"image\":{\"@id\":\"https:\/\/www.sestogrado.it\/prodotto\/petzl-rumba-8-0-mezza-corda-arrampicata\/#primaryimage\"},\"thumbnailUrl\":\"https:\/\/www.sestogrado.it\/wp-content\/uploads\/2016\/12\/petzl-rumba-1.jpg\",\"datePublished\":\"2016-12-18T17:40:32+00:00\",\"dateModified\":\"2026-03-25T11:40:23+00:00\",\"description\":\"Con il suo diametro da 8,0 mm e la sua leggerezza, la Petzl Rumba \u00e8 ideale per arrampicata su ghiaccio, vie lunghe o alpinismo tecnico.\",\"breadcrumb\":{\"@id\":\"https:\/\/www.sestogrado.it\/it\/prodotto\/petzl-rumba-8-0-mezza-corda-arrampicata\/#breadcrumb\"},\"inLanguage\":\"it-IT\",\"potentialAction\":[{\"@type\":\"ReadAction\",\"target\":[[\"https:\/\/www.sestogrado.it\/it\/prodotto\/petzl-rumba-8-0-mezza-corda-arrampicata\/\"]]}]},{\"@type\":\"ImageObject\",\"inLanguage\":\"it-IT\",\"@id\":\"https:\/\/www.sestogrado.it\/it\/prodotto\/petzl-rumba-8-0-mezza-corda-arrampicata\/#primaryimage\",\"url\":\"https:\/\/www.sestogrado.it\/wp-content\/uploads\/2016\/12\/petzl-rumba-1.jpg\",\"contentUrl\":\"https:\/\/www.sestogrado.it\/wp-content\/uploads\/2016\/12\/petzl-rumba-1.jpg\",\"width\":972,\"height\":1458,\"caption\":\"petzl-rumba\"},{\"@type\":\"BreadcrumbList\",\"@id\":\"https:\/\/www.sestogrado.it\/it\/prodotto\/petzl-rumba-8-0-mezza-corda-arrampicata\/#breadcrumb\",\"itemListElement\":[{\"@type\":\"ListItem\",\"position\":1,\"name\":\"Home\",\"item\":\"https:\/\/www.sestogrado.it\/it\/\"},{\"@type\":\"ListItem\",\"position\":2,\"name\":\"Shop\",\"item\":\"https:\/\/www.sestogrado.it\/it\/shop\/\"},{\"@type\":\"ListItem\",\"position\":3,\"name\":\"Petzl Rumba 8.0 mezza corda arrampicata\"}]},{\"@type\":\"WebSite\",\"@id\":\"https:\/\/www.sestogrado.it\/it\/#website\",\"url\":\"https:\/\/www.sestogrado.it\/it\/\",\"name\":\"Sestogrado\",\"description\":\"yes we climb\",\"publisher\":{\"@id\":\"https:\/\/www.sestogrado.it\/it\/#organization\"},\"potentialAction\":[{\"@type\":\"SearchAction\",\"target\":{\"@type\":\"EntryPoint\",\"urlTemplate\":\"https:\/\/www.sestogrado.it\/it\/?s={search_term_string}\"},\"query-input\":{\"@type\":\"PropertyValueSpecification\",\"valueRequired\":true,\"valueName\":\"search_term_string\"}}],\"inLanguage\":\"it-IT\"},{\"@type\":\"Organization\",\"@id\":\"https:\/\/www.sestogrado.it\/it\/#organization\",\"name\":\"Sestogrado\",\"url\":\"https:\/\/www.sestogrado.it\/it\/\",\"logo\":{\"@type\":\"ImageObject\",\"inLanguage\":\"it-IT\",\"@id\":\"https:\/\/www.sestogrado.it\/it\/#\/schema\/logo\/image\/\",\"url\":\"https:\/\/www.sestogrado.it\/wp-content\/uploads\/2015\/03\/sestogrado-favicon.png\",\"contentUrl\":\"https:\/\/www.sestogrado.it\/wp-content\/uploads\/2015\/03\/sestogrado-favicon.png\",\"width\":260,\"height\":260,\"caption\":\"Sestogrado\"},\"image\":{\"@id\":\"https:\/\/www.sestogrado.it\/it\/#\/schema\/logo\/image\/\"},\"sameAs\":[\"https:\/\/www.facebook.com\/pages\/Sestogrado\/1542635979353017?ref=bookmarks\",\"https:\/\/www.youtube.com\/channel\/UC847kAfTkaJsWpc1jtQwr3Q\"],\"hasMerchantReturnPolicy\":{\"@type\":\"MerchantReturnPolicy\",\"merchantReturnLink\":\"https:\/\/www.sestogrado.it\/it\/termini-e-condizioni\/\"}}]}<\/script>\n<meta property=\"product:brand\" content=\"Petzl\" \/>\n<meta property=\"og:availability\" content=\"instock\" \/>\n<meta property=\"product:availability\" content=\"instock\" \/>\n<meta property=\"product:condition\" content=\"new\" \/>\n<!-- \/ Yoast SEO plugin. -->","yoast_head_json":{"title":"Petzl Rumba 8.0 mezza corda arrampicata - Sestogrado","description":"Con il suo diametro da 8,0 mm e la sua leggerezza, la Petzl Rumba \u00e8 ideale per arrampicata su ghiaccio, vie lunghe o alpinismo tecnico.","robots":{"index":"index","follow":"follow","max-snippet":"max-snippet:-1","max-image-preview":"max-image-preview:large","max-video-preview":"max-video-preview:-1"},"canonical":"https:\/\/www.sestogrado.it\/it\/prodotto\/petzl-rumba-8-0-mezza-corda-arrampicata\/","og_locale":"it_IT","og_type":"article","og_title":"Petzl Rumba 8.0 mezza corda arrampicata - Sestogrado","og_description":"Con il suo diametro da 8,0 mm e la sua leggerezza, la Petzl Rumba \u00e8 ideale per arrampicata su ghiaccio, vie lunghe o alpinismo tecnico.","og_url":"https:\/\/www.sestogrado.it\/it\/prodotto\/petzl-rumba-8-0-mezza-corda-arrampicata\/","og_site_name":"Sestogrado","article_publisher":"https:\/\/www.facebook.com\/pages\/Sestogrado\/1542635979353017?ref=bookmarks","article_modified_time":"2026-03-25T11:40:23+00:00","og_image":[{"width":972,"height":1458,"url":"https:\/\/www.sestogrado.it\/wp-content\/uploads\/2016\/12\/petzl-rumba-1.jpg","type":"image\/jpeg"}],"twitter_misc":{"Disponibilit\u00e0":"In stock"},"schema":{"@context":"https:\/\/schema.org","@graph":[{"@type":"WebPage","@id":"https:\/\/www.sestogrado.it\/it\/prodotto\/petzl-rumba-8-0-mezza-corda-arrampicata\/","url":"https:\/\/www.sestogrado.it\/it\/prodotto\/petzl-rumba-8-0-mezza-corda-arrampicata\/","name":"Petzl Rumba 8.0 mezza corda arrampicata - Sestogrado","isPartOf":{"@id":"https:\/\/www.sestogrado.it\/it\/#website"},"primaryImageOfPage":{"@id":"https:\/\/www.sestogrado.it\/it\/prodotto\/petzl-rumba-8-0-mezza-corda-arrampicata\/#primaryimage"},"image":{"@id":"https:\/\/www.sestogrado.it\/prodotto\/petzl-rumba-8-0-mezza-corda-arrampicata\/#primaryimage"},"thumbnailUrl":"https:\/\/www.sestogrado.it\/wp-content\/uploads\/2016\/12\/petzl-rumba-1.jpg","datePublished":"2016-12-18T17:40:32+00:00","dateModified":"2026-03-25T11:40:23+00:00","description":"Con il suo diametro da 8,0 mm e la sua leggerezza, la Petzl Rumba \u00e8 ideale per arrampicata su ghiaccio, vie lunghe o alpinismo tecnico.","breadcrumb":{"@id":"https:\/\/www.sestogrado.it\/it\/prodotto\/petzl-rumba-8-0-mezza-corda-arrampicata\/#breadcrumb"},"inLanguage":"it-IT","potentialAction":[{"@type":"ReadAction","target":[["https:\/\/www.sestogrado.it\/it\/prodotto\/petzl-rumba-8-0-mezza-corda-arrampicata\/"]]}]},{"@type":"ImageObject","inLanguage":"it-IT","@id":"https:\/\/www.sestogrado.it\/it\/prodotto\/petzl-rumba-8-0-mezza-corda-arrampicata\/#primaryimage","url":"https:\/\/www.sestogrado.it\/wp-content\/uploads\/2016\/12\/petzl-rumba-1.jpg","contentUrl":"https:\/\/www.sestogrado.it\/wp-content\/uploads\/2016\/12\/petzl-rumba-1.jpg","width":972,"height":1458,"caption":"petzl-rumba"},{"@type":"BreadcrumbList","@id":"https:\/\/www.sestogrado.it\/it\/prodotto\/petzl-rumba-8-0-mezza-corda-arrampicata\/#breadcrumb","itemListElement":[{"@type":"ListItem","position":1,"name":"Home","item":"https:\/\/www.sestogrado.it\/it\/"},{"@type":"ListItem","position":2,"name":"Shop","item":"https:\/\/www.sestogrado.it\/it\/shop\/"},{"@type":"ListItem","position":3,"name":"Petzl Rumba 8.0 mezza corda arrampicata"}]},{"@type":"WebSite","@id":"https:\/\/www.sestogrado.it\/it\/#website","url":"https:\/\/www.sestogrado.it\/it\/","name":"Sestogrado","description":"yes we climb","publisher":{"@id":"https:\/\/www.sestogrado.it\/it\/#organization"},"potentialAction":[{"@type":"SearchAction","target":{"@type":"EntryPoint","urlTemplate":"https:\/\/www.sestogrado.it\/it\/?s={search_term_string}"},"query-input":{"@type":"PropertyValueSpecification","valueRequired":true,"valueName":"search_term_string"}}],"inLanguage":"it-IT"},{"@type":"Organization","@id":"https:\/\/www.sestogrado.it\/it\/#organization","name":"Sestogrado","url":"https:\/\/www.sestogrado.it\/it\/","logo":{"@type":"ImageObject","inLanguage":"it-IT","@id":"https:\/\/www.sestogrado.it\/it\/#\/schema\/logo\/image\/","url":"https:\/\/www.sestogrado.it\/wp-content\/uploads\/2015\/03\/sestogrado-favicon.png","contentUrl":"https:\/\/www.sestogrado.it\/wp-content\/uploads\/2015\/03\/sestogrado-favicon.png","width":260,"height":260,"caption":"Sestogrado"},"image":{"@id":"https:\/\/www.sestogrado.it\/it\/#\/schema\/logo\/image\/"},"sameAs":["https:\/\/www.facebook.com\/pages\/Sestogrado\/1542635979353017?ref=bookmarks","https:\/\/www.youtube.com\/channel\/UC847kAfTkaJsWpc1jtQwr3Q"],"hasMerchantReturnPolicy":{"@type":"MerchantReturnPolicy","merchantReturnLink":"https:\/\/www.sestogrado.it\/it\/termini-e-condizioni\/"}}]},"product_brand":"Petzl","og_availability":"instock","product_availability":"instock","product_condition":"new"},"_links":{"self":[{"href":"https:\/\/www.sestogrado.it\/it\/wp-json\/wp\/v2\/product\/9562","targetHints":{"allow":["GET"]}}],"collection":[{"href":"https:\/\/www.sestogrado.it\/it\/wp-json\/wp\/v2\/product"}],"about":[{"href":"https:\/\/www.sestogrado.it\/it\/wp-json\/wp\/v2\/types\/product"}],"replies":[{"embeddable":true,"href":"https:\/\/www.sestogrado.it\/it\/wp-json\/wp\/v2\/comments?post=9562"}],"wp:featuredmedia":[{"embeddable":true,"href":"https:\/\/www.sestogrado.it\/it\/wp-json\/wp\/v2\/media\/9570"}],"wp:attachment":[{"href":"https:\/\/www.sestogrado.it\/it\/wp-json\/wp\/v2\/media?parent=9562"}],"wp:term":[{"taxonomy":"product_brand","embeddable":true,"href":"https:\/\/www.sestogrado.it\/it\/wp-json\/wp\/v2\/product_brand?post=9562"},{"taxonomy":"product_cat","embeddable":true,"href":"https:\/\/www.sestogrado.it\/it\/wp-json\/wp\/v2\/product_cat?post=9562"},{"taxonomy":"product_tag","embeddable":true,"href":"https:\/\/www.sestogrado.it\/it\/wp-json\/wp\/v2\/product_tag?post=9562"}],"curies":[{"name":"wp","href":"https:\/\/api.w.org\/{rel}","templated":true}]}}