{"id":95467,"date":"2022-02-21T12:18:40","date_gmt":"2022-02-21T11:18:40","guid":{"rendered":"https:\/\/www.sestogrado.it\/?post_type=product&#038;p=95467"},"modified":"2025-05-09T09:15:15","modified_gmt":"2025-05-09T07:15:15","slug":"black-diamond-stonehauler-90l-duffel-zaino-borsone-arrampicata-e-viaggi","status":"publish","type":"product","link":"https:\/\/www.sestogrado.it\/it\/prodotto\/black-diamond-stonehauler-90l-duffel-zaino-borsone-arrampicata-e-viaggi\/","title":{"rendered":"Black Diamond Stonehauler 90L Duffel zaino borsone arrampicata e viaggi"},"content":{"rendered":"<p>Lo <strong>StoneHauler 90L Duffel<\/strong> \u00e8 lo zaino borsone che desideri per i tuoi spostamenti in treno o per pendolarismo tra citt\u00e0, come anche per la palestra e per fine settimana in viaggio.<\/p>\n<p>Con una capacit\u00e0 di 90 litri, questo borsone protegge la tua attrezzatura e l&#8217;abbigliamento, grazie alla struttura del corpo imbottita, in schiuma da 5mm a cellule chiuse, che garantisce resistenza alla perforazione e all&#8217;abrasione del tessuto. Ideale quindi <strong>per viaggi frequenti e con trasporti di materiale o attrezzatura pesante<\/strong>, come rinvii, moschettoni, corda, bastoncini da trekking o kit di friends e dadi.<\/p>\n<p>Lo Stonehauler \u00e8 anche zaino in base all&#8217;occasione, grazie agli spallacci (rimovibili) in <strong>schiuma EVA<\/strong>, con tutte le funzionalit\u00e0 e alla cinghia regolabile sullo sterno. Due tasche interne con cerniera e una tasca esterna con cerniera ti consentono di tenere in ordine gli oggetti di valore e la tasca porta documenti in rete unica ti aiuta a reperire velocemente ci\u00f2 di cui hai bisogno in viaggio. Ad avvolgere l&#8217;interno ed esterno di ogni borsone Black Diamond \u00e8 il sistema di trasporto Haul-loop; un anello di fettuccia tubolare bombardiere continuo <strong>testato a 2kN dalle stesse macchine che testano i moschettoni e Camalots<\/strong> Black Diamond. Questo fornisce una soluzione sicura per agganciare e trasportare materiali, con viaggi affidabili senza pensieri.<\/p>\n<p>&nbsp;<\/p>\n<ul>\n<li>Materiale del corpo SuperGrid 100% riciclato 600d x 1500d<\/li>\n<li>Processo di tintura approvato Blue Sign abbinato a tessuto in poliestere 1640d per una maggiore durata sui cappucci terminali del borsone<\/li>\n<li>Sistema di trasporto HaulLoop valutato a 2kN per un trasporto sicuro del carico e agganciato al punto<\/li>\n<li>Spallacci in schiuma EVA con funzionalit\u00e0 complete rimovibili\/regolabili<\/li>\n<li>La costruzione del corpo imbottita da lato a lato aggiunge resistenza alla perforazione e all&#8217;abrasione per un ulteriore livello di sicurezza<\/li>\n<li>Due tasche interne in rete con cerniera<\/li>\n<li>Tasca singola esterna con cerniera per accessori<\/li>\n<li>Tasca porta documenti in rete<\/li>\n<li>Serigrafie delle info tecniche per un rapido riferimento ai pesi e ai materiali dei prodotti<\/li>\n<li>Tiretti per cerniere stampati personalizzati Black Diamond<\/li>\n<li>Cerniera #10 YKK<\/li>\n<li>Peso 1,54 kg<\/li>\n<li>Dimensioni [cm] 76L x 40W x 36H<\/li>\n<li>Materiale CD600DxP1500D &#8211; 100% riciclato<\/li>\n<li>Volume <strong>90L<\/strong><\/li>\n<\/ul>\n<p>&nbsp;<\/p>\n<p>Con lo Stonehauler puoi viaggiare comodamente in totale sicurezza, senza doverti preoccupare di cercare qualcosa grazie alle diverse tasche portaoggetti e senza preoccuparti minimamente di usura o peso. Che tu stia andando nel deserto per un fine settimana di arrampicata o volando a casa per una visita di famiglia lo <strong>StoneHauler 90L Duffel<\/strong>\u00a0 \u00e8 lo zaino e borsone che ti accompagner\u00e0 in ogni spostamento.<\/p>\n<p>&nbsp;<\/p>\n<p>Black Diamond dal 1957 rappresenta un punto di riferimento mondiale per l&#8217;attrezzatura da arrampicata. Ci\u00f2 che all&#8217;inizio era una attivit\u00e0 artigianale con incudine e martello oggi si \u00e8 trasformata in una societ\u00e0 globale con uffici in tre continenti. Il segreto di Black Diamond \u00e8 sempre lo stesso: essere una societ\u00e0 formata da appassionati climber. In Black Diamond si continua a sognare su ci\u00f2 che potrebbe essere e si continua ad essere critici su ci\u00f2 che esiste. E&#8217; cos\u00ec che il processo creativo per la realizzazione della migliore attrezzatura da arrampicata non avr\u00e0 mai fine.<\/p>","protected":false},"excerpt":{"rendered":"<p>Lo StoneHauler 90L Duffel \u00e8 lo zaino borsone che desideri per i tuoi spostamenti in treno o per pendolarismo tra [&hellip;]<\/p>\n","protected":false},"featured_media":95480,"comment_status":"open","ping_status":"closed","template":"","meta":{"_acf_changed":false},"product_brand":[121],"product_cat":[390],"product_tag":[1304,1305,1302,1308,1303,464,1307,1306],"class_list":{"0":"post-95467","1":"product","2":"type-product","3":"status-publish","4":"has-post-thumbnail","6":"product_brand-black-diamond","7":"product_cat-zaini-e-borse-portacorda","8":"product_tag-borsa-arrampicata","9":"product_tag-borsa-viaggi","10":"product_tag-borsone-arrampicata","11":"product_tag-borsone-per-viaggi","12":"product_tag-borsone-viaggi","13":"product_tag-zaino-arrampicata","14":"product_tag-zaino-borsone","15":"product_tag-zaino-viaggi","17":"first","18":"instock","19":"sale","20":"taxable","21":"shipping-taxable","22":"purchasable","23":"product-type-variable"},"acf":[],"yoast_head":"<!-- This site is optimized with the Yoast SEO plugin v26.4 - https:\/\/yoast.com\/wordpress\/plugins\/seo\/ -->\n<title>Black Diamond Stonehauler 90L Duffel zaino borsone arrampicata e viaggi - Sestogrado<\/title>\n<meta name=\"description\" content=\"Lo StoneHauler 90L Duffel \u00e8 lo zaino borsone che desideri per i tuoi spostamenti in treno o per pendolarismo tra citt\u00e0, come anche per la palestra e per fine settimana in viaggio. Con una capacit\u00e0 di 90 litri, questo borsone protegge la tua attrezzatura e l&#039;abbigliamento, grazie alla struttura del corpo imbottita, in schiuma da 5mm a cellule chiuse, che garantisce resistenza alla perforazione e all&#039;abrasione del tessuto. Ideale quindi per viaggi frequenti e con trasporti di materiale o attrezzatura pesante, come rinvii, moschettoni, corda, bastoncini da trekking o kit di friends e dadi. Lo Stonehauler \u00e8 anche zaino in base all&#039;occasione, grazie agli spallacci (rimovibili) in schiuma EVA, con tutte le funzionalit\u00e0 e alla cinghia regolabile sullo sterno. Due tasche interne con cerniera e una tasca esterna con cerniera ti consentono di tenere in ordine gli oggetti di valore e la tasca porta documenti in rete unica ti aiuta a reperire velocemente ci\u00f2 di cui hai bisogno in viaggio. Ad avvolgere l&#039;interno ed esterno di ogni borsone Black Diamond \u00e8 il sistema di trasporto Haul-loop; un anello di fettuccia tubolare bombardiere continuo testato a 2kN dalle stesse macchine che testano i moschettoni e Camalots Black Diamond. Questo fornisce una soluzione sicura per agganciare e trasportare materiali, con viaggi affidabili senza pensieri.\" \/>\n<meta name=\"robots\" content=\"index, follow, max-snippet:-1, max-image-preview:large, max-video-preview:-1\" \/>\n<link rel=\"canonical\" href=\"https:\/\/www.sestogrado.it\/it\/prodotto\/black-diamond-stonehauler-90l-duffel-zaino-borsone-arrampicata-e-viaggi\/\" \/>\n<meta property=\"og:locale\" content=\"it_IT\" \/>\n<meta property=\"og:type\" content=\"article\" \/>\n<meta property=\"og:title\" content=\"Black Diamond Stonehauler 90L Duffel zaino borsone arrampicata e viaggi - Sestogrado\" \/>\n<meta property=\"og:description\" content=\"Lo StoneHauler 90L Duffel \u00e8 lo zaino borsone che desideri per i tuoi spostamenti in treno o per pendolarismo tra citt\u00e0, come anche per la palestra e per fine settimana in viaggio. Con una capacit\u00e0 di 90 litri, questo borsone protegge la tua attrezzatura e l&#039;abbigliamento, grazie alla struttura del corpo imbottita, in schiuma da 5mm a cellule chiuse, che garantisce resistenza alla perforazione e all&#039;abrasione del tessuto. Ideale quindi per viaggi frequenti e con trasporti di materiale o attrezzatura pesante, come rinvii, moschettoni, corda, bastoncini da trekking o kit di friends e dadi. Lo Stonehauler \u00e8 anche zaino in base all&#039;occasione, grazie agli spallacci (rimovibili) in schiuma EVA, con tutte le funzionalit\u00e0 e alla cinghia regolabile sullo sterno. Due tasche interne con cerniera e una tasca esterna con cerniera ti consentono di tenere in ordine gli oggetti di valore e la tasca porta documenti in rete unica ti aiuta a reperire velocemente ci\u00f2 di cui hai bisogno in viaggio. Ad avvolgere l&#039;interno ed esterno di ogni borsone Black Diamond \u00e8 il sistema di trasporto Haul-loop; un anello di fettuccia tubolare bombardiere continuo testato a 2kN dalle stesse macchine che testano i moschettoni e Camalots Black Diamond. Questo fornisce una soluzione sicura per agganciare e trasportare materiali, con viaggi affidabili senza pensieri.\" \/>\n<meta property=\"og:url\" content=\"https:\/\/www.sestogrado.it\/it\/prodotto\/black-diamond-stonehauler-90l-duffel-zaino-borsone-arrampicata-e-viaggi\/\" \/>\n<meta property=\"og:site_name\" content=\"Sestogrado\" \/>\n<meta property=\"article:publisher\" content=\"https:\/\/www.facebook.com\/pages\/Sestogrado\/1542635979353017?ref=bookmarks\" \/>\n<meta property=\"article:modified_time\" content=\"2025-05-09T07:15:15+00:00\" \/>\n<meta property=\"og:image\" content=\"https:\/\/www.sestogrado.it\/wp-content\/uploads\/2022\/02\/cd7a2c003230cd2b7d79276cce248997158eeec6__07074.1615560188.386.jpg\" \/>\n\t<meta property=\"og:image:width\" content=\"1200\" \/>\n\t<meta property=\"og:image:height\" content=\"1200\" \/>\n\t<meta property=\"og:image:type\" content=\"image\/jpeg\" \/>\n<meta name=\"twitter:label1\" content=\"Disponibilit\u00e0\" \/>\n\t<meta name=\"twitter:data1\" content=\"In stock\" \/>\n<script type=\"application\/ld+json\" class=\"yoast-schema-graph\">{\"@context\":\"https:\/\/schema.org\",\"@graph\":[{\"@type\":\"WebPage\",\"@id\":\"https:\/\/www.sestogrado.it\/it\/prodotto\/black-diamond-stonehauler-90l-duffel-zaino-borsone-arrampicata-e-viaggi\/\",\"url\":\"https:\/\/www.sestogrado.it\/it\/prodotto\/black-diamond-stonehauler-90l-duffel-zaino-borsone-arrampicata-e-viaggi\/\",\"name\":\"Black Diamond Stonehauler 90L Duffel zaino borsone arrampicata e viaggi - Sestogrado\",\"isPartOf\":{\"@id\":\"https:\/\/www.sestogrado.it\/it\/#website\"},\"primaryImageOfPage\":{\"@id\":\"https:\/\/www.sestogrado.it\/it\/prodotto\/black-diamond-stonehauler-90l-duffel-zaino-borsone-arrampicata-e-viaggi\/#primaryimage\"},\"image\":{\"@id\":\"https:\/\/www.sestogrado.it\/prodotto\/black-diamond-stonehauler-90l-duffel-zaino-borsone-arrampicata-e-viaggi\/#primaryimage\"},\"thumbnailUrl\":\"https:\/\/www.sestogrado.it\/wp-content\/uploads\/2022\/02\/cd7a2c003230cd2b7d79276cce248997158eeec6__07074.1615560188.386.jpg\",\"datePublished\":\"2022-02-21T11:18:40+00:00\",\"dateModified\":\"2025-05-09T07:15:15+00:00\",\"description\":\"Lo StoneHauler 90L Duffel \u00e8 lo zaino borsone che desideri per i tuoi spostamenti in treno o per pendolarismo tra citt\u00e0, come anche per la palestra e per fine settimana in viaggio. Con una capacit\u00e0 di 90 litri, questo borsone protegge la tua attrezzatura e l'abbigliamento, grazie alla struttura del corpo imbottita, in schiuma da 5mm a cellule chiuse, che garantisce resistenza alla perforazione e all'abrasione del tessuto. Ideale quindi per viaggi frequenti e con trasporti di materiale o attrezzatura pesante, come rinvii, moschettoni, corda, bastoncini da trekking o kit di friends e dadi. Lo Stonehauler \u00e8 anche zaino in base all'occasione, grazie agli spallacci (rimovibili) in schiuma EVA, con tutte le funzionalit\u00e0 e alla cinghia regolabile sullo sterno. Due tasche interne con cerniera e una tasca esterna con cerniera ti consentono di tenere in ordine gli oggetti di valore e la tasca porta documenti in rete unica ti aiuta a reperire velocemente ci\u00f2 di cui hai bisogno in viaggio. Ad avvolgere l'interno ed esterno di ogni borsone Black Diamond \u00e8 il sistema di trasporto Haul-loop; un anello di fettuccia tubolare bombardiere continuo testato a 2kN dalle stesse macchine che testano i moschettoni e Camalots Black Diamond. Questo fornisce una soluzione sicura per agganciare e trasportare materiali, con viaggi affidabili senza pensieri.\",\"breadcrumb\":{\"@id\":\"https:\/\/www.sestogrado.it\/it\/prodotto\/black-diamond-stonehauler-90l-duffel-zaino-borsone-arrampicata-e-viaggi\/#breadcrumb\"},\"inLanguage\":\"it-IT\",\"potentialAction\":[{\"@type\":\"ReadAction\",\"target\":[[\"https:\/\/www.sestogrado.it\/it\/prodotto\/black-diamond-stonehauler-90l-duffel-zaino-borsone-arrampicata-e-viaggi\/\"]]}]},{\"@type\":\"ImageObject\",\"inLanguage\":\"it-IT\",\"@id\":\"https:\/\/www.sestogrado.it\/it\/prodotto\/black-diamond-stonehauler-90l-duffel-zaino-borsone-arrampicata-e-viaggi\/#primaryimage\",\"url\":\"https:\/\/www.sestogrado.it\/wp-content\/uploads\/2022\/02\/cd7a2c003230cd2b7d79276cce248997158eeec6__07074.1615560188.386.jpg\",\"contentUrl\":\"https:\/\/www.sestogrado.it\/wp-content\/uploads\/2022\/02\/cd7a2c003230cd2b7d79276cce248997158eeec6__07074.1615560188.386.jpg\",\"width\":1200,\"height\":1200,\"caption\":\"STONEHAULER 90L DUFFEL\"},{\"@type\":\"BreadcrumbList\",\"@id\":\"https:\/\/www.sestogrado.it\/it\/prodotto\/black-diamond-stonehauler-90l-duffel-zaino-borsone-arrampicata-e-viaggi\/#breadcrumb\",\"itemListElement\":[{\"@type\":\"ListItem\",\"position\":1,\"name\":\"Home\",\"item\":\"https:\/\/www.sestogrado.it\/it\/\"},{\"@type\":\"ListItem\",\"position\":2,\"name\":\"Shop\",\"item\":\"https:\/\/www.sestogrado.it\/it\/shop\/\"},{\"@type\":\"ListItem\",\"position\":3,\"name\":\"Black Diamond Stonehauler 90L Duffel zaino borsone arrampicata e viaggi\"}]},{\"@type\":\"WebSite\",\"@id\":\"https:\/\/www.sestogrado.it\/it\/#website\",\"url\":\"https:\/\/www.sestogrado.it\/it\/\",\"name\":\"Sestogrado\",\"description\":\"yes we climb\",\"publisher\":{\"@id\":\"https:\/\/www.sestogrado.it\/it\/#organization\"},\"potentialAction\":[{\"@type\":\"SearchAction\",\"target\":{\"@type\":\"EntryPoint\",\"urlTemplate\":\"https:\/\/www.sestogrado.it\/it\/?s={search_term_string}\"},\"query-input\":{\"@type\":\"PropertyValueSpecification\",\"valueRequired\":true,\"valueName\":\"search_term_string\"}}],\"inLanguage\":\"it-IT\"},{\"@type\":\"Organization\",\"@id\":\"https:\/\/www.sestogrado.it\/it\/#organization\",\"name\":\"Sestogrado\",\"url\":\"https:\/\/www.sestogrado.it\/it\/\",\"logo\":{\"@type\":\"ImageObject\",\"inLanguage\":\"it-IT\",\"@id\":\"https:\/\/www.sestogrado.it\/it\/#\/schema\/logo\/image\/\",\"url\":\"https:\/\/www.sestogrado.it\/wp-content\/uploads\/2015\/03\/sestogrado-favicon.png\",\"contentUrl\":\"https:\/\/www.sestogrado.it\/wp-content\/uploads\/2015\/03\/sestogrado-favicon.png\",\"width\":260,\"height\":260,\"caption\":\"Sestogrado\"},\"image\":{\"@id\":\"https:\/\/www.sestogrado.it\/it\/#\/schema\/logo\/image\/\"},\"sameAs\":[\"https:\/\/www.facebook.com\/pages\/Sestogrado\/1542635979353017?ref=bookmarks\",\"https:\/\/www.youtube.com\/channel\/UC847kAfTkaJsWpc1jtQwr3Q\"],\"hasMerchantReturnPolicy\":{\"@type\":\"MerchantReturnPolicy\",\"merchantReturnLink\":\"https:\/\/www.sestogrado.it\/it\/termini-e-condizioni\/\"}}]}<\/script>\n<meta property=\"product:brand\" content=\"Black Diamond\" \/>\n<meta property=\"og:availability\" content=\"instock\" \/>\n<meta property=\"product:availability\" content=\"instock\" \/>\n<meta property=\"product:condition\" content=\"new\" \/>\n<!-- \/ Yoast SEO plugin. -->","yoast_head_json":{"title":"Black Diamond Stonehauler 90L Duffel zaino borsone arrampicata e viaggi - Sestogrado","description":"Lo StoneHauler 90L Duffel \u00e8 lo zaino borsone che desideri per i tuoi spostamenti in treno o per pendolarismo tra citt\u00e0, come anche per la palestra e per fine settimana in viaggio. Con una capacit\u00e0 di 90 litri, questo borsone protegge la tua attrezzatura e l'abbigliamento, grazie alla struttura del corpo imbottita, in schiuma da 5mm a cellule chiuse, che garantisce resistenza alla perforazione e all'abrasione del tessuto. Ideale quindi per viaggi frequenti e con trasporti di materiale o attrezzatura pesante, come rinvii, moschettoni, corda, bastoncini da trekking o kit di friends e dadi. Lo Stonehauler \u00e8 anche zaino in base all'occasione, grazie agli spallacci (rimovibili) in schiuma EVA, con tutte le funzionalit\u00e0 e alla cinghia regolabile sullo sterno. Due tasche interne con cerniera e una tasca esterna con cerniera ti consentono di tenere in ordine gli oggetti di valore e la tasca porta documenti in rete unica ti aiuta a reperire velocemente ci\u00f2 di cui hai bisogno in viaggio. Ad avvolgere l'interno ed esterno di ogni borsone Black Diamond \u00e8 il sistema di trasporto Haul-loop; un anello di fettuccia tubolare bombardiere continuo testato a 2kN dalle stesse macchine che testano i moschettoni e Camalots Black Diamond. Questo fornisce una soluzione sicura per agganciare e trasportare materiali, con viaggi affidabili senza pensieri.","robots":{"index":"index","follow":"follow","max-snippet":"max-snippet:-1","max-image-preview":"max-image-preview:large","max-video-preview":"max-video-preview:-1"},"canonical":"https:\/\/www.sestogrado.it\/it\/prodotto\/black-diamond-stonehauler-90l-duffel-zaino-borsone-arrampicata-e-viaggi\/","og_locale":"it_IT","og_type":"article","og_title":"Black Diamond Stonehauler 90L Duffel zaino borsone arrampicata e viaggi - Sestogrado","og_description":"Lo StoneHauler 90L Duffel \u00e8 lo zaino borsone che desideri per i tuoi spostamenti in treno o per pendolarismo tra citt\u00e0, come anche per la palestra e per fine settimana in viaggio. Con una capacit\u00e0 di 90 litri, questo borsone protegge la tua attrezzatura e l'abbigliamento, grazie alla struttura del corpo imbottita, in schiuma da 5mm a cellule chiuse, che garantisce resistenza alla perforazione e all'abrasione del tessuto. Ideale quindi per viaggi frequenti e con trasporti di materiale o attrezzatura pesante, come rinvii, moschettoni, corda, bastoncini da trekking o kit di friends e dadi. Lo Stonehauler \u00e8 anche zaino in base all'occasione, grazie agli spallacci (rimovibili) in schiuma EVA, con tutte le funzionalit\u00e0 e alla cinghia regolabile sullo sterno. Due tasche interne con cerniera e una tasca esterna con cerniera ti consentono di tenere in ordine gli oggetti di valore e la tasca porta documenti in rete unica ti aiuta a reperire velocemente ci\u00f2 di cui hai bisogno in viaggio. Ad avvolgere l'interno ed esterno di ogni borsone Black Diamond \u00e8 il sistema di trasporto Haul-loop; un anello di fettuccia tubolare bombardiere continuo testato a 2kN dalle stesse macchine che testano i moschettoni e Camalots Black Diamond. Questo fornisce una soluzione sicura per agganciare e trasportare materiali, con viaggi affidabili senza pensieri.","og_url":"https:\/\/www.sestogrado.it\/it\/prodotto\/black-diamond-stonehauler-90l-duffel-zaino-borsone-arrampicata-e-viaggi\/","og_site_name":"Sestogrado","article_publisher":"https:\/\/www.facebook.com\/pages\/Sestogrado\/1542635979353017?ref=bookmarks","article_modified_time":"2025-05-09T07:15:15+00:00","og_image":[{"width":1200,"height":1200,"url":"https:\/\/www.sestogrado.it\/wp-content\/uploads\/2022\/02\/cd7a2c003230cd2b7d79276cce248997158eeec6__07074.1615560188.386.jpg","type":"image\/jpeg"}],"twitter_misc":{"Disponibilit\u00e0":"In stock"},"schema":{"@context":"https:\/\/schema.org","@graph":[{"@type":"WebPage","@id":"https:\/\/www.sestogrado.it\/it\/prodotto\/black-diamond-stonehauler-90l-duffel-zaino-borsone-arrampicata-e-viaggi\/","url":"https:\/\/www.sestogrado.it\/it\/prodotto\/black-diamond-stonehauler-90l-duffel-zaino-borsone-arrampicata-e-viaggi\/","name":"Black Diamond Stonehauler 90L Duffel zaino borsone arrampicata e viaggi - Sestogrado","isPartOf":{"@id":"https:\/\/www.sestogrado.it\/it\/#website"},"primaryImageOfPage":{"@id":"https:\/\/www.sestogrado.it\/it\/prodotto\/black-diamond-stonehauler-90l-duffel-zaino-borsone-arrampicata-e-viaggi\/#primaryimage"},"image":{"@id":"https:\/\/www.sestogrado.it\/prodotto\/black-diamond-stonehauler-90l-duffel-zaino-borsone-arrampicata-e-viaggi\/#primaryimage"},"thumbnailUrl":"https:\/\/www.sestogrado.it\/wp-content\/uploads\/2022\/02\/cd7a2c003230cd2b7d79276cce248997158eeec6__07074.1615560188.386.jpg","datePublished":"2022-02-21T11:18:40+00:00","dateModified":"2025-05-09T07:15:15+00:00","description":"Lo StoneHauler 90L Duffel \u00e8 lo zaino borsone che desideri per i tuoi spostamenti in treno o per pendolarismo tra citt\u00e0, come anche per la palestra e per fine settimana in viaggio. Con una capacit\u00e0 di 90 litri, questo borsone protegge la tua attrezzatura e l'abbigliamento, grazie alla struttura del corpo imbottita, in schiuma da 5mm a cellule chiuse, che garantisce resistenza alla perforazione e all'abrasione del tessuto. Ideale quindi per viaggi frequenti e con trasporti di materiale o attrezzatura pesante, come rinvii, moschettoni, corda, bastoncini da trekking o kit di friends e dadi. Lo Stonehauler \u00e8 anche zaino in base all'occasione, grazie agli spallacci (rimovibili) in schiuma EVA, con tutte le funzionalit\u00e0 e alla cinghia regolabile sullo sterno. Due tasche interne con cerniera e una tasca esterna con cerniera ti consentono di tenere in ordine gli oggetti di valore e la tasca porta documenti in rete unica ti aiuta a reperire velocemente ci\u00f2 di cui hai bisogno in viaggio. Ad avvolgere l'interno ed esterno di ogni borsone Black Diamond \u00e8 il sistema di trasporto Haul-loop; un anello di fettuccia tubolare bombardiere continuo testato a 2kN dalle stesse macchine che testano i moschettoni e Camalots Black Diamond. Questo fornisce una soluzione sicura per agganciare e trasportare materiali, con viaggi affidabili senza pensieri.","breadcrumb":{"@id":"https:\/\/www.sestogrado.it\/it\/prodotto\/black-diamond-stonehauler-90l-duffel-zaino-borsone-arrampicata-e-viaggi\/#breadcrumb"},"inLanguage":"it-IT","potentialAction":[{"@type":"ReadAction","target":[["https:\/\/www.sestogrado.it\/it\/prodotto\/black-diamond-stonehauler-90l-duffel-zaino-borsone-arrampicata-e-viaggi\/"]]}]},{"@type":"ImageObject","inLanguage":"it-IT","@id":"https:\/\/www.sestogrado.it\/it\/prodotto\/black-diamond-stonehauler-90l-duffel-zaino-borsone-arrampicata-e-viaggi\/#primaryimage","url":"https:\/\/www.sestogrado.it\/wp-content\/uploads\/2022\/02\/cd7a2c003230cd2b7d79276cce248997158eeec6__07074.1615560188.386.jpg","contentUrl":"https:\/\/www.sestogrado.it\/wp-content\/uploads\/2022\/02\/cd7a2c003230cd2b7d79276cce248997158eeec6__07074.1615560188.386.jpg","width":1200,"height":1200,"caption":"STONEHAULER 90L DUFFEL"},{"@type":"BreadcrumbList","@id":"https:\/\/www.sestogrado.it\/it\/prodotto\/black-diamond-stonehauler-90l-duffel-zaino-borsone-arrampicata-e-viaggi\/#breadcrumb","itemListElement":[{"@type":"ListItem","position":1,"name":"Home","item":"https:\/\/www.sestogrado.it\/it\/"},{"@type":"ListItem","position":2,"name":"Shop","item":"https:\/\/www.sestogrado.it\/it\/shop\/"},{"@type":"ListItem","position":3,"name":"Black Diamond Stonehauler 90L Duffel zaino borsone arrampicata e viaggi"}]},{"@type":"WebSite","@id":"https:\/\/www.sestogrado.it\/it\/#website","url":"https:\/\/www.sestogrado.it\/it\/","name":"Sestogrado","description":"yes we climb","publisher":{"@id":"https:\/\/www.sestogrado.it\/it\/#organization"},"potentialAction":[{"@type":"SearchAction","target":{"@type":"EntryPoint","urlTemplate":"https:\/\/www.sestogrado.it\/it\/?s={search_term_string}"},"query-input":{"@type":"PropertyValueSpecification","valueRequired":true,"valueName":"search_term_string"}}],"inLanguage":"it-IT"},{"@type":"Organization","@id":"https:\/\/www.sestogrado.it\/it\/#organization","name":"Sestogrado","url":"https:\/\/www.sestogrado.it\/it\/","logo":{"@type":"ImageObject","inLanguage":"it-IT","@id":"https:\/\/www.sestogrado.it\/it\/#\/schema\/logo\/image\/","url":"https:\/\/www.sestogrado.it\/wp-content\/uploads\/2015\/03\/sestogrado-favicon.png","contentUrl":"https:\/\/www.sestogrado.it\/wp-content\/uploads\/2015\/03\/sestogrado-favicon.png","width":260,"height":260,"caption":"Sestogrado"},"image":{"@id":"https:\/\/www.sestogrado.it\/it\/#\/schema\/logo\/image\/"},"sameAs":["https:\/\/www.facebook.com\/pages\/Sestogrado\/1542635979353017?ref=bookmarks","https:\/\/www.youtube.com\/channel\/UC847kAfTkaJsWpc1jtQwr3Q"],"hasMerchantReturnPolicy":{"@type":"MerchantReturnPolicy","merchantReturnLink":"https:\/\/www.sestogrado.it\/it\/termini-e-condizioni\/"}}]},"product_brand":"Black Diamond","og_availability":"instock","product_availability":"instock","product_condition":"new"},"_links":{"self":[{"href":"https:\/\/www.sestogrado.it\/it\/wp-json\/wp\/v2\/product\/95467","targetHints":{"allow":["GET"]}}],"collection":[{"href":"https:\/\/www.sestogrado.it\/it\/wp-json\/wp\/v2\/product"}],"about":[{"href":"https:\/\/www.sestogrado.it\/it\/wp-json\/wp\/v2\/types\/product"}],"replies":[{"embeddable":true,"href":"https:\/\/www.sestogrado.it\/it\/wp-json\/wp\/v2\/comments?post=95467"}],"wp:featuredmedia":[{"embeddable":true,"href":"https:\/\/www.sestogrado.it\/it\/wp-json\/wp\/v2\/media\/95480"}],"wp:attachment":[{"href":"https:\/\/www.sestogrado.it\/it\/wp-json\/wp\/v2\/media?parent=95467"}],"wp:term":[{"taxonomy":"product_brand","embeddable":true,"href":"https:\/\/www.sestogrado.it\/it\/wp-json\/wp\/v2\/product_brand?post=95467"},{"taxonomy":"product_cat","embeddable":true,"href":"https:\/\/www.sestogrado.it\/it\/wp-json\/wp\/v2\/product_cat?post=95467"},{"taxonomy":"product_tag","embeddable":true,"href":"https:\/\/www.sestogrado.it\/it\/wp-json\/wp\/v2\/product_tag?post=95467"}],"curies":[{"name":"wp","href":"https:\/\/api.w.org\/{rel}","templated":true}]}}