{"id":94969,"date":"2022-02-17T08:47:50","date_gmt":"2022-02-17T07:47:50","guid":{"rendered":"https:\/\/www.sestogrado.it\/?post_type=product&#038;p=94969"},"modified":"2026-04-01T07:56:26","modified_gmt":"2026-04-01T05:56:26","slug":"opinel-tradition-n08-inox-coltello-da-outdoor","status":"publish","type":"product","link":"https:\/\/www.sestogrado.it\/it\/prodotto\/opinel-tradition-n08-inox-coltello-da-outdoor\/","title":{"rendered":"Opinel Tradition n\u00b008 INOX coltello da outdoor"},"content":{"rendered":"<p>Classico tra i classici, questo coltello non cessa di piacere da pi\u00f9 di 120 anni. Il N\u00b008 \u00e8 il pi\u00f9 popolare della collezione, molto versatile, \u00e8 un utensile indispensabile per l&#8217;uso quotidiano. \u00c8 dotato di lama in acciaio inox. Il suo manico in faggio verniciato assicura una presa sicura e confortevole. La ghiera di sicurezza Virobloc permette all&#8217;utilizzatore di lavorare e spostarsi senza rischi.<\/p>\n<p>L&#8217;acciaio inossidabile martensitico utilizzato nelle lame OPINEL \u00e8 ottimizzato per garantire un&#8217;elevata resistenza alla corrosione e alte prestazioni meccaniche. La lama ha un eccellente tagliente e un&#8217;elevata resistenza all&#8217;abrasione (usura) che le consente di resistere al contatto regolare con materiali duri, come la ceramica, prima di dover essere riaffilata. A differenza dell&#8217;acciaio al carbonio, l&#8217;acciaio inox ha il vantaggio di non richiedere manutenzione in condizioni d&#8217;uso ordinarie. Tuttavia, pu\u00f2 raggiungere i suoi limiti quando viene messo a contatto prolungato con un ambiente aggressivo (acido, acqua salata, detergenti, ecc.). Durezza 55-57 HRC. Origine europea.<\/p>\n<p>Il faggio \u00e8 il legno pi\u00f9 usato per la fabbricazione dei manici Opinel. Proveniente da coltivazioni francesi, \u00e8 duro, resistente e facile da lavorare. Di un aspetto omogeneo, il suo colore chiaro varia dal giallo al rosato. \u00c8 riconoscibile per la presenza di numerosi trattini scuri. Il manico \u00e8 verniciato per essere protetto efficacemente da sporco e umidit\u00e0.<\/p>\n<p>&nbsp;<\/p>\n<ul>\n<li>Lunghezza lama: 8,5cm<\/li>\n<li>Acciaio inossidabile 12C27 Sandvik<\/li>\n<li>Percentuale di carbonio: 0,40%<\/li>\n<li>Durezza lama: 57-58 HRC<\/li>\n<li>Manico in legno di faggio<\/li>\n<li>Presenza anello di sicurezza Virobloc<\/li>\n<\/ul>\n<p>&nbsp;<\/p>\n<p>La pulizia del legno di faggio fa del Opinel 08 un classico per tutti gli amanti del outdoor.<\/p>\n<p>&nbsp;<\/p>\n<p class=\"font-claude-response-body break-words whitespace-normal leading-[1.7]\"><strong>\u26a0 AVVISO \u2014 Vendita riservata ai maggiorenni<\/strong><\/p>\n<p class=\"font-claude-response-body break-words whitespace-normal leading-[1.7]\">Ai sensi della normativa vigente in materia di vendita di coltelli e oggetti da taglio, la vendita \u00e8 <strong>riservata esclusivamente ai maggiorenni<\/strong>.<\/p>\n<p class=\"font-claude-response-body break-words whitespace-normal leading-[1.7]\">Per procedere con la spedizione dell&#8217;ordine, sar\u00e0 necessario inviare copia di un documento di identit\u00e0 valido che attesti il raggiungimento della maggiore et\u00e0.<\/p>\n<p class=\"font-claude-response-body break-words whitespace-normal leading-[1.7]\">Le istruzioni per l&#8217;invio del documento ti saranno comunicate via email al completamento dell&#8217;acquisto. Gli ordini privi di documento valido non potranno essere evasi.<\/p>\n<p>&nbsp;<\/p>\n<p>Oltre 130 anni di azienda a conduzione familiare ha portato Opinel ad essere oggi il punto di riferimento per coltelli da tasca e utensili per il bricolage, lo sport, le attivit\u00e0 all\u2019aria aperta, il giardinaggio, oltre a coltelli da cucina e da tavola.<\/p>","protected":false},"excerpt":{"rendered":"<p>Classico tra i classici, questo coltello non cessa di piacere da pi\u00f9 di 120 anni. Il N\u00b008 \u00e8 il pi\u00f9 [&hellip;]<\/p>\n","protected":false},"featured_media":144614,"comment_status":"open","ping_status":"closed","template":"","meta":{"_acf_changed":false},"product_brand":[1286],"product_cat":[141],"product_tag":[],"class_list":{"0":"post-94969","1":"product","2":"type-product","3":"status-publish","4":"has-post-thumbnail","6":"product_brand-opinel","7":"product_cat-accessori-accessori","9":"first","10":"instock","11":"sale","12":"taxable","13":"shipping-taxable","14":"purchasable","15":"product-type-simple"},"acf":[],"yoast_head":"<!-- This site is optimized with the Yoast SEO plugin v26.4 - https:\/\/yoast.com\/wordpress\/plugins\/seo\/ -->\n<title>Opinel Tradition n\u00b008 INOX coltello da outdoor - Sestogrado<\/title>\n<meta name=\"description\" content=\"Classico tra i classici, questo coltello non cessa di piacere da pi\u00f9 di 120 anni. Il N\u00b008 \u00e8 il pi\u00f9 popolare della collezione, molto versatile, \u00e8 un utensile indispensabile per l&#039;uso quotidiano. \u00c8 dotato di lama in acciaio inox. Il suo manico in faggio verniciato assicura una presa sicura e confortevole. La ghiera di sicurezza Virobloc permette all&#039;utilizzatore di lavorare e spostarsi senza rischi.L&#039;acciaio inossidabile martensitico utilizzato nelle lame OPINEL \u00e8 ottimizzato per garantire un&#039;elevata resistenza alla corrosione e alte prestazioni meccaniche. La lama ha un eccellente tagliente e un&#039;elevata resistenza all&#039;abrasione (usura) che le consente di resistere al contatto regolare con materiali duri, come la ceramica, prima di dover essere riaffilata. A differenza dell&#039;acciaio al carbonio, l&#039;acciaio inox ha il vantaggio di non richiedere manutenzione in condizioni d&#039;uso ordinarie. Tuttavia, pu\u00f2 raggiungere i suoi limiti quando viene messo a contatto prolungato con un ambiente aggressivo (acido, acqua salata, detergenti, ecc.). Durezza 55-57 HRC. Origine europea.Il faggio \u00e8 il legno pi\u00f9 usato per la fabbricazione dei manici Opinel. Proveniente da coltivazioni francesi, \u00e8 duro, resistente e facile da lavorare. Di un aspetto omogeneo, il suo colore chiaro varia dal giallo al rosato. \u00c8 riconoscibile per la presenza di numerosi trattini scuri. Il manico \u00e8 verniciato per essere protetto efficacemente da sporco e umidit\u00e0.\" \/>\n<meta name=\"robots\" content=\"index, follow, max-snippet:-1, max-image-preview:large, max-video-preview:-1\" \/>\n<link rel=\"canonical\" href=\"https:\/\/www.sestogrado.it\/it\/prodotto\/opinel-tradition-n08-inox-coltello-da-outdoor\/\" \/>\n<meta property=\"og:locale\" content=\"it_IT\" \/>\n<meta property=\"og:type\" content=\"article\" \/>\n<meta property=\"og:title\" content=\"Opinel Tradition n\u00b008 INOX coltello da outdoor - Sestogrado\" \/>\n<meta property=\"og:description\" content=\"Classico tra i classici, questo coltello non cessa di piacere da pi\u00f9 di 120 anni. Il N\u00b008 \u00e8 il pi\u00f9 popolare della collezione, molto versatile, \u00e8 un utensile indispensabile per l&#039;uso quotidiano. \u00c8 dotato di lama in acciaio inox. Il suo manico in faggio verniciato assicura una presa sicura e confortevole. La ghiera di sicurezza Virobloc permette all&#039;utilizzatore di lavorare e spostarsi senza rischi.L&#039;acciaio inossidabile martensitico utilizzato nelle lame OPINEL \u00e8 ottimizzato per garantire un&#039;elevata resistenza alla corrosione e alte prestazioni meccaniche. La lama ha un eccellente tagliente e un&#039;elevata resistenza all&#039;abrasione (usura) che le consente di resistere al contatto regolare con materiali duri, come la ceramica, prima di dover essere riaffilata. A differenza dell&#039;acciaio al carbonio, l&#039;acciaio inox ha il vantaggio di non richiedere manutenzione in condizioni d&#039;uso ordinarie. Tuttavia, pu\u00f2 raggiungere i suoi limiti quando viene messo a contatto prolungato con un ambiente aggressivo (acido, acqua salata, detergenti, ecc.). Durezza 55-57 HRC. Origine europea.Il faggio \u00e8 il legno pi\u00f9 usato per la fabbricazione dei manici Opinel. Proveniente da coltivazioni francesi, \u00e8 duro, resistente e facile da lavorare. Di un aspetto omogeneo, il suo colore chiaro varia dal giallo al rosato. \u00c8 riconoscibile per la presenza di numerosi trattini scuri. Il manico \u00e8 verniciato per essere protetto efficacemente da sporco e umidit\u00e0.\" \/>\n<meta property=\"og:url\" content=\"https:\/\/www.sestogrado.it\/it\/prodotto\/opinel-tradition-n08-inox-coltello-da-outdoor\/\" \/>\n<meta property=\"og:site_name\" content=\"Sestogrado\" \/>\n<meta property=\"article:publisher\" content=\"https:\/\/www.facebook.com\/pages\/Sestogrado\/1542635979353017?ref=bookmarks\" \/>\n<meta property=\"article:modified_time\" content=\"2026-04-01T05:56:26+00:00\" \/>\n<meta property=\"og:image\" content=\"https:\/\/www.sestogrado.it\/wp-content\/uploads\/2022\/02\/08-2.jpg\" \/>\n\t<meta property=\"og:image:width\" content=\"1200\" \/>\n\t<meta property=\"og:image:height\" content=\"1200\" \/>\n\t<meta property=\"og:image:type\" content=\"image\/jpeg\" \/>\n<meta name=\"twitter:label1\" content=\"Prezzo\" \/>\n\t<meta name=\"twitter:data1\" content=\"&euro;&nbsp;16,00\" \/>\n\t<meta name=\"twitter:label2\" content=\"Disponibilit\u00e0\" \/>\n\t<meta name=\"twitter:data2\" content=\"In stock\" \/>\n<script type=\"application\/ld+json\" class=\"yoast-schema-graph\">{\"@context\":\"https:\/\/schema.org\",\"@graph\":[{\"@type\":\"WebPage\",\"@id\":\"https:\/\/www.sestogrado.it\/it\/prodotto\/opinel-tradition-n08-inox-coltello-da-outdoor\/\",\"url\":\"https:\/\/www.sestogrado.it\/it\/prodotto\/opinel-tradition-n08-inox-coltello-da-outdoor\/\",\"name\":\"Opinel Tradition n\u00b008 INOX coltello da outdoor - Sestogrado\",\"isPartOf\":{\"@id\":\"https:\/\/www.sestogrado.it\/it\/#website\"},\"primaryImageOfPage\":{\"@id\":\"https:\/\/www.sestogrado.it\/it\/prodotto\/opinel-tradition-n08-inox-coltello-da-outdoor\/#primaryimage\"},\"image\":{\"@id\":\"https:\/\/www.sestogrado.it\/prodotto\/opinel-tradition-n08-inox-coltello-da-outdoor\/#primaryimage\"},\"thumbnailUrl\":\"https:\/\/www.sestogrado.it\/wp-content\/uploads\/2022\/02\/08-2.jpg\",\"datePublished\":\"2022-02-17T07:47:50+00:00\",\"dateModified\":\"2026-04-01T05:56:26+00:00\",\"description\":\"Classico tra i classici, questo coltello non cessa di piacere da pi\u00f9 di 120 anni. Il N\u00b008 \u00e8 il pi\u00f9 popolare della collezione, molto versatile, \u00e8 un utensile indispensabile per l'uso quotidiano. \u00c8 dotato di lama in acciaio inox. Il suo manico in faggio verniciato assicura una presa sicura e confortevole. La ghiera di sicurezza Virobloc permette all'utilizzatore di lavorare e spostarsi senza rischi.L'acciaio inossidabile martensitico utilizzato nelle lame OPINEL \u00e8 ottimizzato per garantire un'elevata resistenza alla corrosione e alte prestazioni meccaniche. La lama ha un eccellente tagliente e un'elevata resistenza all'abrasione (usura) che le consente di resistere al contatto regolare con materiali duri, come la ceramica, prima di dover essere riaffilata. A differenza dell'acciaio al carbonio, l'acciaio inox ha il vantaggio di non richiedere manutenzione in condizioni d'uso ordinarie. Tuttavia, pu\u00f2 raggiungere i suoi limiti quando viene messo a contatto prolungato con un ambiente aggressivo (acido, acqua salata, detergenti, ecc.). Durezza 55-57 HRC. Origine europea.Il faggio \u00e8 il legno pi\u00f9 usato per la fabbricazione dei manici Opinel. Proveniente da coltivazioni francesi, \u00e8 duro, resistente e facile da lavorare. Di un aspetto omogeneo, il suo colore chiaro varia dal giallo al rosato. \u00c8 riconoscibile per la presenza di numerosi trattini scuri. Il manico \u00e8 verniciato per essere protetto efficacemente da sporco e umidit\u00e0.\",\"breadcrumb\":{\"@id\":\"https:\/\/www.sestogrado.it\/it\/prodotto\/opinel-tradition-n08-inox-coltello-da-outdoor\/#breadcrumb\"},\"inLanguage\":\"it-IT\",\"potentialAction\":[{\"@type\":\"ReadAction\",\"target\":[[\"https:\/\/www.sestogrado.it\/it\/prodotto\/opinel-tradition-n08-inox-coltello-da-outdoor\/\"]]}]},{\"@type\":\"ImageObject\",\"inLanguage\":\"it-IT\",\"@id\":\"https:\/\/www.sestogrado.it\/it\/prodotto\/opinel-tradition-n08-inox-coltello-da-outdoor\/#primaryimage\",\"url\":\"https:\/\/www.sestogrado.it\/wp-content\/uploads\/2022\/02\/08-2.jpg\",\"contentUrl\":\"https:\/\/www.sestogrado.it\/wp-content\/uploads\/2022\/02\/08-2.jpg\",\"width\":1200,\"height\":1200,\"caption\":\"opinel 08\"},{\"@type\":\"BreadcrumbList\",\"@id\":\"https:\/\/www.sestogrado.it\/it\/prodotto\/opinel-tradition-n08-inox-coltello-da-outdoor\/#breadcrumb\",\"itemListElement\":[{\"@type\":\"ListItem\",\"position\":1,\"name\":\"Home\",\"item\":\"https:\/\/www.sestogrado.it\/it\/\"},{\"@type\":\"ListItem\",\"position\":2,\"name\":\"Shop\",\"item\":\"https:\/\/www.sestogrado.it\/it\/shop\/\"},{\"@type\":\"ListItem\",\"position\":3,\"name\":\"Opinel Tradition n\u00b008 INOX coltello da outdoor\"}]},{\"@type\":\"WebSite\",\"@id\":\"https:\/\/www.sestogrado.it\/it\/#website\",\"url\":\"https:\/\/www.sestogrado.it\/it\/\",\"name\":\"Sestogrado\",\"description\":\"yes we climb\",\"publisher\":{\"@id\":\"https:\/\/www.sestogrado.it\/it\/#organization\"},\"potentialAction\":[{\"@type\":\"SearchAction\",\"target\":{\"@type\":\"EntryPoint\",\"urlTemplate\":\"https:\/\/www.sestogrado.it\/it\/?s={search_term_string}\"},\"query-input\":{\"@type\":\"PropertyValueSpecification\",\"valueRequired\":true,\"valueName\":\"search_term_string\"}}],\"inLanguage\":\"it-IT\"},{\"@type\":\"Organization\",\"@id\":\"https:\/\/www.sestogrado.it\/it\/#organization\",\"name\":\"Sestogrado\",\"url\":\"https:\/\/www.sestogrado.it\/it\/\",\"logo\":{\"@type\":\"ImageObject\",\"inLanguage\":\"it-IT\",\"@id\":\"https:\/\/www.sestogrado.it\/it\/#\/schema\/logo\/image\/\",\"url\":\"https:\/\/www.sestogrado.it\/wp-content\/uploads\/2015\/03\/sestogrado-favicon.png\",\"contentUrl\":\"https:\/\/www.sestogrado.it\/wp-content\/uploads\/2015\/03\/sestogrado-favicon.png\",\"width\":260,\"height\":260,\"caption\":\"Sestogrado\"},\"image\":{\"@id\":\"https:\/\/www.sestogrado.it\/it\/#\/schema\/logo\/image\/\"},\"sameAs\":[\"https:\/\/www.facebook.com\/pages\/Sestogrado\/1542635979353017?ref=bookmarks\",\"https:\/\/www.youtube.com\/channel\/UC847kAfTkaJsWpc1jtQwr3Q\"],\"hasMerchantReturnPolicy\":{\"@type\":\"MerchantReturnPolicy\",\"merchantReturnLink\":\"https:\/\/www.sestogrado.it\/it\/termini-e-condizioni\/\"}}]}<\/script>\n<meta property=\"product:brand\" content=\"Opinel\" \/>\n<meta property=\"product:price:amount\" content=\"16.00\" \/>\n<meta property=\"product:price:currency\" content=\"EUR\" \/>\n<meta property=\"og:availability\" content=\"instock\" \/>\n<meta property=\"product:availability\" content=\"instock\" \/>\n<meta property=\"product:condition\" content=\"new\" \/>\n<!-- \/ Yoast SEO plugin. -->","yoast_head_json":{"title":"Opinel Tradition n\u00b008 INOX coltello da outdoor - Sestogrado","description":"Classico tra i classici, questo coltello non cessa di piacere da pi\u00f9 di 120 anni. Il N\u00b008 \u00e8 il pi\u00f9 popolare della collezione, molto versatile, \u00e8 un utensile indispensabile per l'uso quotidiano. \u00c8 dotato di lama in acciaio inox. Il suo manico in faggio verniciato assicura una presa sicura e confortevole. La ghiera di sicurezza Virobloc permette all'utilizzatore di lavorare e spostarsi senza rischi.L'acciaio inossidabile martensitico utilizzato nelle lame OPINEL \u00e8 ottimizzato per garantire un'elevata resistenza alla corrosione e alte prestazioni meccaniche. La lama ha un eccellente tagliente e un'elevata resistenza all'abrasione (usura) che le consente di resistere al contatto regolare con materiali duri, come la ceramica, prima di dover essere riaffilata. A differenza dell'acciaio al carbonio, l'acciaio inox ha il vantaggio di non richiedere manutenzione in condizioni d'uso ordinarie. Tuttavia, pu\u00f2 raggiungere i suoi limiti quando viene messo a contatto prolungato con un ambiente aggressivo (acido, acqua salata, detergenti, ecc.). Durezza 55-57 HRC. Origine europea.Il faggio \u00e8 il legno pi\u00f9 usato per la fabbricazione dei manici Opinel. Proveniente da coltivazioni francesi, \u00e8 duro, resistente e facile da lavorare. Di un aspetto omogeneo, il suo colore chiaro varia dal giallo al rosato. \u00c8 riconoscibile per la presenza di numerosi trattini scuri. Il manico \u00e8 verniciato per essere protetto efficacemente da sporco e umidit\u00e0.","robots":{"index":"index","follow":"follow","max-snippet":"max-snippet:-1","max-image-preview":"max-image-preview:large","max-video-preview":"max-video-preview:-1"},"canonical":"https:\/\/www.sestogrado.it\/it\/prodotto\/opinel-tradition-n08-inox-coltello-da-outdoor\/","og_locale":"it_IT","og_type":"article","og_title":"Opinel Tradition n\u00b008 INOX coltello da outdoor - Sestogrado","og_description":"Classico tra i classici, questo coltello non cessa di piacere da pi\u00f9 di 120 anni. Il N\u00b008 \u00e8 il pi\u00f9 popolare della collezione, molto versatile, \u00e8 un utensile indispensabile per l'uso quotidiano. \u00c8 dotato di lama in acciaio inox. Il suo manico in faggio verniciato assicura una presa sicura e confortevole. La ghiera di sicurezza Virobloc permette all'utilizzatore di lavorare e spostarsi senza rischi.L'acciaio inossidabile martensitico utilizzato nelle lame OPINEL \u00e8 ottimizzato per garantire un'elevata resistenza alla corrosione e alte prestazioni meccaniche. La lama ha un eccellente tagliente e un'elevata resistenza all'abrasione (usura) che le consente di resistere al contatto regolare con materiali duri, come la ceramica, prima di dover essere riaffilata. A differenza dell'acciaio al carbonio, l'acciaio inox ha il vantaggio di non richiedere manutenzione in condizioni d'uso ordinarie. Tuttavia, pu\u00f2 raggiungere i suoi limiti quando viene messo a contatto prolungato con un ambiente aggressivo (acido, acqua salata, detergenti, ecc.). Durezza 55-57 HRC. Origine europea.Il faggio \u00e8 il legno pi\u00f9 usato per la fabbricazione dei manici Opinel. Proveniente da coltivazioni francesi, \u00e8 duro, resistente e facile da lavorare. Di un aspetto omogeneo, il suo colore chiaro varia dal giallo al rosato. \u00c8 riconoscibile per la presenza di numerosi trattini scuri. Il manico \u00e8 verniciato per essere protetto efficacemente da sporco e umidit\u00e0.","og_url":"https:\/\/www.sestogrado.it\/it\/prodotto\/opinel-tradition-n08-inox-coltello-da-outdoor\/","og_site_name":"Sestogrado","article_publisher":"https:\/\/www.facebook.com\/pages\/Sestogrado\/1542635979353017?ref=bookmarks","article_modified_time":"2026-04-01T05:56:26+00:00","og_image":[{"width":1200,"height":1200,"url":"https:\/\/www.sestogrado.it\/wp-content\/uploads\/2022\/02\/08-2.jpg","type":"image\/jpeg"}],"twitter_misc":{"Prezzo":"&euro;&nbsp;16,00","Disponibilit\u00e0":"In stock"},"schema":{"@context":"https:\/\/schema.org","@graph":[{"@type":"WebPage","@id":"https:\/\/www.sestogrado.it\/it\/prodotto\/opinel-tradition-n08-inox-coltello-da-outdoor\/","url":"https:\/\/www.sestogrado.it\/it\/prodotto\/opinel-tradition-n08-inox-coltello-da-outdoor\/","name":"Opinel Tradition n\u00b008 INOX coltello da outdoor - Sestogrado","isPartOf":{"@id":"https:\/\/www.sestogrado.it\/it\/#website"},"primaryImageOfPage":{"@id":"https:\/\/www.sestogrado.it\/it\/prodotto\/opinel-tradition-n08-inox-coltello-da-outdoor\/#primaryimage"},"image":{"@id":"https:\/\/www.sestogrado.it\/prodotto\/opinel-tradition-n08-inox-coltello-da-outdoor\/#primaryimage"},"thumbnailUrl":"https:\/\/www.sestogrado.it\/wp-content\/uploads\/2022\/02\/08-2.jpg","datePublished":"2022-02-17T07:47:50+00:00","dateModified":"2026-04-01T05:56:26+00:00","description":"Classico tra i classici, questo coltello non cessa di piacere da pi\u00f9 di 120 anni. Il N\u00b008 \u00e8 il pi\u00f9 popolare della collezione, molto versatile, \u00e8 un utensile indispensabile per l'uso quotidiano. \u00c8 dotato di lama in acciaio inox. Il suo manico in faggio verniciato assicura una presa sicura e confortevole. La ghiera di sicurezza Virobloc permette all'utilizzatore di lavorare e spostarsi senza rischi.L'acciaio inossidabile martensitico utilizzato nelle lame OPINEL \u00e8 ottimizzato per garantire un'elevata resistenza alla corrosione e alte prestazioni meccaniche. La lama ha un eccellente tagliente e un'elevata resistenza all'abrasione (usura) che le consente di resistere al contatto regolare con materiali duri, come la ceramica, prima di dover essere riaffilata. A differenza dell'acciaio al carbonio, l'acciaio inox ha il vantaggio di non richiedere manutenzione in condizioni d'uso ordinarie. Tuttavia, pu\u00f2 raggiungere i suoi limiti quando viene messo a contatto prolungato con un ambiente aggressivo (acido, acqua salata, detergenti, ecc.). Durezza 55-57 HRC. Origine europea.Il faggio \u00e8 il legno pi\u00f9 usato per la fabbricazione dei manici Opinel. Proveniente da coltivazioni francesi, \u00e8 duro, resistente e facile da lavorare. Di un aspetto omogeneo, il suo colore chiaro varia dal giallo al rosato. \u00c8 riconoscibile per la presenza di numerosi trattini scuri. Il manico \u00e8 verniciato per essere protetto efficacemente da sporco e umidit\u00e0.","breadcrumb":{"@id":"https:\/\/www.sestogrado.it\/it\/prodotto\/opinel-tradition-n08-inox-coltello-da-outdoor\/#breadcrumb"},"inLanguage":"it-IT","potentialAction":[{"@type":"ReadAction","target":[["https:\/\/www.sestogrado.it\/it\/prodotto\/opinel-tradition-n08-inox-coltello-da-outdoor\/"]]}]},{"@type":"ImageObject","inLanguage":"it-IT","@id":"https:\/\/www.sestogrado.it\/it\/prodotto\/opinel-tradition-n08-inox-coltello-da-outdoor\/#primaryimage","url":"https:\/\/www.sestogrado.it\/wp-content\/uploads\/2022\/02\/08-2.jpg","contentUrl":"https:\/\/www.sestogrado.it\/wp-content\/uploads\/2022\/02\/08-2.jpg","width":1200,"height":1200,"caption":"opinel 08"},{"@type":"BreadcrumbList","@id":"https:\/\/www.sestogrado.it\/it\/prodotto\/opinel-tradition-n08-inox-coltello-da-outdoor\/#breadcrumb","itemListElement":[{"@type":"ListItem","position":1,"name":"Home","item":"https:\/\/www.sestogrado.it\/it\/"},{"@type":"ListItem","position":2,"name":"Shop","item":"https:\/\/www.sestogrado.it\/it\/shop\/"},{"@type":"ListItem","position":3,"name":"Opinel Tradition n\u00b008 INOX coltello da outdoor"}]},{"@type":"WebSite","@id":"https:\/\/www.sestogrado.it\/it\/#website","url":"https:\/\/www.sestogrado.it\/it\/","name":"Sestogrado","description":"yes we climb","publisher":{"@id":"https:\/\/www.sestogrado.it\/it\/#organization"},"potentialAction":[{"@type":"SearchAction","target":{"@type":"EntryPoint","urlTemplate":"https:\/\/www.sestogrado.it\/it\/?s={search_term_string}"},"query-input":{"@type":"PropertyValueSpecification","valueRequired":true,"valueName":"search_term_string"}}],"inLanguage":"it-IT"},{"@type":"Organization","@id":"https:\/\/www.sestogrado.it\/it\/#organization","name":"Sestogrado","url":"https:\/\/www.sestogrado.it\/it\/","logo":{"@type":"ImageObject","inLanguage":"it-IT","@id":"https:\/\/www.sestogrado.it\/it\/#\/schema\/logo\/image\/","url":"https:\/\/www.sestogrado.it\/wp-content\/uploads\/2015\/03\/sestogrado-favicon.png","contentUrl":"https:\/\/www.sestogrado.it\/wp-content\/uploads\/2015\/03\/sestogrado-favicon.png","width":260,"height":260,"caption":"Sestogrado"},"image":{"@id":"https:\/\/www.sestogrado.it\/it\/#\/schema\/logo\/image\/"},"sameAs":["https:\/\/www.facebook.com\/pages\/Sestogrado\/1542635979353017?ref=bookmarks","https:\/\/www.youtube.com\/channel\/UC847kAfTkaJsWpc1jtQwr3Q"],"hasMerchantReturnPolicy":{"@type":"MerchantReturnPolicy","merchantReturnLink":"https:\/\/www.sestogrado.it\/it\/termini-e-condizioni\/"}}]},"product_brand":"Opinel","product_price_amount":"16.00","product_price_currency":"EUR","og_availability":"instock","product_availability":"instock","product_condition":"new"},"_links":{"self":[{"href":"https:\/\/www.sestogrado.it\/it\/wp-json\/wp\/v2\/product\/94969","targetHints":{"allow":["GET"]}}],"collection":[{"href":"https:\/\/www.sestogrado.it\/it\/wp-json\/wp\/v2\/product"}],"about":[{"href":"https:\/\/www.sestogrado.it\/it\/wp-json\/wp\/v2\/types\/product"}],"replies":[{"embeddable":true,"href":"https:\/\/www.sestogrado.it\/it\/wp-json\/wp\/v2\/comments?post=94969"}],"wp:featuredmedia":[{"embeddable":true,"href":"https:\/\/www.sestogrado.it\/it\/wp-json\/wp\/v2\/media\/144614"}],"wp:attachment":[{"href":"https:\/\/www.sestogrado.it\/it\/wp-json\/wp\/v2\/media?parent=94969"}],"wp:term":[{"taxonomy":"product_brand","embeddable":true,"href":"https:\/\/www.sestogrado.it\/it\/wp-json\/wp\/v2\/product_brand?post=94969"},{"taxonomy":"product_cat","embeddable":true,"href":"https:\/\/www.sestogrado.it\/it\/wp-json\/wp\/v2\/product_cat?post=94969"},{"taxonomy":"product_tag","embeddable":true,"href":"https:\/\/www.sestogrado.it\/it\/wp-json\/wp\/v2\/product_tag?post=94969"}],"curies":[{"name":"wp","href":"https:\/\/api.w.org\/{rel}","templated":true}]}}