{"id":94460,"date":"2022-02-10T16:58:07","date_gmt":"2022-02-10T15:58:07","guid":{"rendered":"https:\/\/www.sestogrado.it\/?post_type=product&#038;p=94460"},"modified":"2026-05-04T09:37:03","modified_gmt":"2026-05-04T07:37:03","slug":"edelweiss-pitchlight-9-5-corda-arrampicata","status":"publish","type":"product","link":"https:\/\/www.sestogrado.it\/it\/prodotto\/edelweiss-pitchlight-9-5-corda-arrampicata\/","title":{"rendered":"Edelweiss Pitchlight 9.5 corda arrampicata"},"content":{"rendered":"<p>La <strong>Edelweiss Pitchlight 9.5<\/strong> \u00e8 la novit\u00e0 Edelweiss ideale per l&#8217;arrampicata sportiva su roccia, indoor e per vie lunghe.<\/p>\n<p>Questa novit\u00e0 Edelweiss \u00e8 ideale per lavorare vie, ripetere passaggi difficili all&#8217;infinito e trovarsi legati ad un&#8217;imbrago con una corda sicura, durevole e super maneggevole.<\/p>\n<p>Con un rapporto peso e spessore ottimale di soli 61g\/m con 9,5mm, la <strong>Pitchlight 9.5<\/strong> \u00e8 comoda per avvicinamenti medio-lunghi e compatibile con qualsiasi tipo di zaino, telo o <a href=\"https:\/\/www.sestogrado.it\/it\/categoria-prodotto\/zaini\/zaini-e-borse-portacorda\/\" target=\"_blank\" rel=\"noopener\">portacorda<\/a> da falesia\/indoor.<\/p>\n<ul>\n<li><strong>Peso<\/strong>: 61 g\/m<\/li>\n<li><strong>Standard<\/strong>: UIAA CE EN892<\/li>\n<li><strong>Numero di cadute<\/strong> fattore 1,77: 6<\/li>\n<li><strong>Materiale<\/strong>: Polyamide<\/li>\n<li><strong>Scorrimento calza<\/strong>: 0 mm<\/li>\n<li><strong>Forza d\u2019arresto molto bassa <\/strong>8,5 kN<\/li>\n<li><strong>Diametro<\/strong>: 9,5 mm<\/li>\n<li><strong>Allungamento statico<\/strong>: 10%<\/li>\n<li><strong>Allungamento dinamico<\/strong>: 32%<\/li>\n<li><strong>Segno di met\u00e0 corda<\/strong>: s\u00ec, per rendere le calate pi\u00f9 sicure<\/li>\n<\/ul>\n<p>&nbsp;<\/p>\n<p><strong>Edelweiss Pitchlight 9.5<\/strong> \u00e8 una corda versatile, con un ottimo rapporto scorrevolezza\/leggerezza, che la rende <em>maneggevole<\/em> con tutti i dispositivi di assicurazione.<\/p>\n<p>&nbsp;<\/p>\n<p>La Edelweiss \u00e8 una azienda francese parte del gruppo Beal con cui condivide, oltre alla sede a Vienne, anche il know how tecnologico su alcuni brevetti come il trattamento Unicore. I prodotti Edelweiss sono fedeli alla loro reputazione di solidit\u00e0 e affidabilit\u00e0, in una gamma che va dall\u2019alpinismo, al torrentismo, al climbing in cui la sicurezza e la libert\u00e0 di divertimento sono tutto.<\/p>","protected":false},"excerpt":{"rendered":"<p>La Edelweiss Pitchlight 9.5 \u00e8 la novit\u00e0 Edelweiss ideale per l&#8217;arrampicata sportiva su roccia, indoor e per vie lunghe. Questa [&hellip;]<\/p>\n","protected":false},"featured_media":99971,"comment_status":"open","ping_status":"closed","template":"","meta":{"_acf_changed":false},"product_brand":[52],"product_cat":[136],"product_tag":[936,1284,1282,1283],"class_list":{"0":"post-94460","1":"product","2":"type-product","3":"status-publish","4":"has-post-thumbnail","6":"product_brand-edelweiss","7":"product_cat-corde-corde","8":"product_tag-corda-arrampicata","9":"product_tag-corda-durevole","10":"product_tag-corda-edelweiss","11":"product_tag-corda-falesia","13":"first","14":"instock","15":"sale","16":"taxable","17":"shipping-taxable","18":"purchasable","19":"product-type-variable"},"acf":[],"yoast_head":"<!-- This site is optimized with the Yoast SEO plugin v26.4 - https:\/\/yoast.com\/wordpress\/plugins\/seo\/ -->\n<title>Edelweiss Pitchlight 9.5 corda arrampicata - Sestogrado<\/title>\n<meta name=\"description\" content=\"La Edelweiss Pitchlight 9,5 \u00e8 la novit\u00e0 Edelweiss ideale per l&#039;arrampicata sportiva su roccia e indoor e per vie lunghe. Questa novit\u00e0 Edelweiss \u00e8 ideale per lavorare vie, ripetere passaggi difficili all&#039;infinito e trovarsi legati ad un&#039;imbrago con una corda sicura, durevole e super maneggevole. Con un rapporto peso e spessore ottimale di soli 61g\/m con 9,5mm, la Pitchlight 9,5 \u00e8 comoda per avvicinamenti medio-lunghi e per qualsiasi tipo di zaino, telo o portacorda da falesia\/indoor.\" \/>\n<meta name=\"robots\" content=\"index, follow, max-snippet:-1, max-image-preview:large, max-video-preview:-1\" \/>\n<link rel=\"canonical\" href=\"https:\/\/www.sestogrado.it\/it\/prodotto\/edelweiss-pitchlight-9-5-corda-arrampicata\/\" \/>\n<meta property=\"og:locale\" content=\"it_IT\" \/>\n<meta property=\"og:type\" content=\"article\" \/>\n<meta property=\"og:title\" content=\"Edelweiss Pitchlight 9.5 corda arrampicata - Sestogrado\" \/>\n<meta property=\"og:description\" content=\"La Edelweiss Pitchlight 9,5 \u00e8 la novit\u00e0 Edelweiss ideale per l&#039;arrampicata sportiva su roccia e indoor e per vie lunghe. Questa novit\u00e0 Edelweiss \u00e8 ideale per lavorare vie, ripetere passaggi difficili all&#039;infinito e trovarsi legati ad un&#039;imbrago con una corda sicura, durevole e super maneggevole. Con un rapporto peso e spessore ottimale di soli 61g\/m con 9,5mm, la Pitchlight 9,5 \u00e8 comoda per avvicinamenti medio-lunghi e per qualsiasi tipo di zaino, telo o portacorda da falesia\/indoor.\" \/>\n<meta property=\"og:url\" content=\"https:\/\/www.sestogrado.it\/it\/prodotto\/edelweiss-pitchlight-9-5-corda-arrampicata\/\" \/>\n<meta property=\"og:site_name\" content=\"Sestogrado\" \/>\n<meta property=\"article:publisher\" content=\"https:\/\/www.facebook.com\/pages\/Sestogrado\/1542635979353017?ref=bookmarks\" \/>\n<meta property=\"article:modified_time\" content=\"2026-05-04T07:37:03+00:00\" \/>\n<meta property=\"og:image\" content=\"https:\/\/www.sestogrado.it\/wp-content\/uploads\/2022\/02\/803537-1.jpg\" \/>\n\t<meta property=\"og:image:width\" content=\"900\" \/>\n\t<meta property=\"og:image:height\" content=\"899\" \/>\n\t<meta property=\"og:image:type\" content=\"image\/jpeg\" \/>\n<meta name=\"twitter:label1\" content=\"Disponibilit\u00e0\" \/>\n\t<meta name=\"twitter:data1\" content=\"In stock\" \/>\n<script type=\"application\/ld+json\" class=\"yoast-schema-graph\">{\"@context\":\"https:\/\/schema.org\",\"@graph\":[{\"@type\":\"WebPage\",\"@id\":\"https:\/\/www.sestogrado.it\/it\/prodotto\/edelweiss-pitchlight-9-5-corda-arrampicata\/\",\"url\":\"https:\/\/www.sestogrado.it\/it\/prodotto\/edelweiss-pitchlight-9-5-corda-arrampicata\/\",\"name\":\"Edelweiss Pitchlight 9.5 corda arrampicata - Sestogrado\",\"isPartOf\":{\"@id\":\"https:\/\/www.sestogrado.it\/it\/#website\"},\"primaryImageOfPage\":{\"@id\":\"https:\/\/www.sestogrado.it\/it\/prodotto\/edelweiss-pitchlight-9-5-corda-arrampicata\/#primaryimage\"},\"image\":{\"@id\":\"https:\/\/www.sestogrado.it\/prodotto\/edelweiss-pitchlight-9-5-corda-arrampicata\/#primaryimage\"},\"thumbnailUrl\":\"https:\/\/www.sestogrado.it\/wp-content\/uploads\/2022\/02\/803537-1.jpg\",\"datePublished\":\"2022-02-10T15:58:07+00:00\",\"dateModified\":\"2026-05-04T07:37:03+00:00\",\"description\":\"La Edelweiss Pitchlight 9,5 \u00e8 la novit\u00e0 Edelweiss ideale per l'arrampicata sportiva su roccia e indoor e per vie lunghe. Questa novit\u00e0 Edelweiss \u00e8 ideale per lavorare vie, ripetere passaggi difficili all'infinito e trovarsi legati ad un'imbrago con una corda sicura, durevole e super maneggevole. Con un rapporto peso e spessore ottimale di soli 61g\/m con 9,5mm, la Pitchlight 9,5 \u00e8 comoda per avvicinamenti medio-lunghi e per qualsiasi tipo di zaino, telo o portacorda da falesia\/indoor.\",\"breadcrumb\":{\"@id\":\"https:\/\/www.sestogrado.it\/it\/prodotto\/edelweiss-pitchlight-9-5-corda-arrampicata\/#breadcrumb\"},\"inLanguage\":\"it-IT\",\"potentialAction\":[{\"@type\":\"ReadAction\",\"target\":[[\"https:\/\/www.sestogrado.it\/it\/prodotto\/edelweiss-pitchlight-9-5-corda-arrampicata\/\"]]}]},{\"@type\":\"ImageObject\",\"inLanguage\":\"it-IT\",\"@id\":\"https:\/\/www.sestogrado.it\/it\/prodotto\/edelweiss-pitchlight-9-5-corda-arrampicata\/#primaryimage\",\"url\":\"https:\/\/www.sestogrado.it\/wp-content\/uploads\/2022\/02\/803537-1.jpg\",\"contentUrl\":\"https:\/\/www.sestogrado.it\/wp-content\/uploads\/2022\/02\/803537-1.jpg\",\"width\":900,\"height\":899,\"caption\":\"Edelweiss pitchlight 9,5\"},{\"@type\":\"BreadcrumbList\",\"@id\":\"https:\/\/www.sestogrado.it\/it\/prodotto\/edelweiss-pitchlight-9-5-corda-arrampicata\/#breadcrumb\",\"itemListElement\":[{\"@type\":\"ListItem\",\"position\":1,\"name\":\"Home\",\"item\":\"https:\/\/www.sestogrado.it\/it\/\"},{\"@type\":\"ListItem\",\"position\":2,\"name\":\"Shop\",\"item\":\"https:\/\/www.sestogrado.it\/it\/shop\/\"},{\"@type\":\"ListItem\",\"position\":3,\"name\":\"Edelweiss Pitchlight 9.5 corda arrampicata\"}]},{\"@type\":\"WebSite\",\"@id\":\"https:\/\/www.sestogrado.it\/it\/#website\",\"url\":\"https:\/\/www.sestogrado.it\/it\/\",\"name\":\"Sestogrado\",\"description\":\"yes we climb\",\"publisher\":{\"@id\":\"https:\/\/www.sestogrado.it\/it\/#organization\"},\"potentialAction\":[{\"@type\":\"SearchAction\",\"target\":{\"@type\":\"EntryPoint\",\"urlTemplate\":\"https:\/\/www.sestogrado.it\/it\/?s={search_term_string}\"},\"query-input\":{\"@type\":\"PropertyValueSpecification\",\"valueRequired\":true,\"valueName\":\"search_term_string\"}}],\"inLanguage\":\"it-IT\"},{\"@type\":\"Organization\",\"@id\":\"https:\/\/www.sestogrado.it\/it\/#organization\",\"name\":\"Sestogrado\",\"url\":\"https:\/\/www.sestogrado.it\/it\/\",\"logo\":{\"@type\":\"ImageObject\",\"inLanguage\":\"it-IT\",\"@id\":\"https:\/\/www.sestogrado.it\/it\/#\/schema\/logo\/image\/\",\"url\":\"https:\/\/www.sestogrado.it\/wp-content\/uploads\/2015\/03\/sestogrado-favicon.png\",\"contentUrl\":\"https:\/\/www.sestogrado.it\/wp-content\/uploads\/2015\/03\/sestogrado-favicon.png\",\"width\":260,\"height\":260,\"caption\":\"Sestogrado\"},\"image\":{\"@id\":\"https:\/\/www.sestogrado.it\/it\/#\/schema\/logo\/image\/\"},\"sameAs\":[\"https:\/\/www.facebook.com\/pages\/Sestogrado\/1542635979353017?ref=bookmarks\",\"https:\/\/www.youtube.com\/channel\/UC847kAfTkaJsWpc1jtQwr3Q\"],\"hasMerchantReturnPolicy\":{\"@type\":\"MerchantReturnPolicy\",\"merchantReturnLink\":\"https:\/\/www.sestogrado.it\/it\/termini-e-condizioni\/\"}}]}<\/script>\n<meta property=\"product:brand\" content=\"Edelweiss\" \/>\n<meta property=\"og:availability\" content=\"instock\" \/>\n<meta property=\"product:availability\" content=\"instock\" \/>\n<meta property=\"product:condition\" content=\"new\" \/>\n<!-- \/ Yoast SEO plugin. -->","yoast_head_json":{"title":"Edelweiss Pitchlight 9.5 corda arrampicata - Sestogrado","description":"La Edelweiss Pitchlight 9,5 \u00e8 la novit\u00e0 Edelweiss ideale per l'arrampicata sportiva su roccia e indoor e per vie lunghe. Questa novit\u00e0 Edelweiss \u00e8 ideale per lavorare vie, ripetere passaggi difficili all'infinito e trovarsi legati ad un'imbrago con una corda sicura, durevole e super maneggevole. Con un rapporto peso e spessore ottimale di soli 61g\/m con 9,5mm, la Pitchlight 9,5 \u00e8 comoda per avvicinamenti medio-lunghi e per qualsiasi tipo di zaino, telo o portacorda da falesia\/indoor.","robots":{"index":"index","follow":"follow","max-snippet":"max-snippet:-1","max-image-preview":"max-image-preview:large","max-video-preview":"max-video-preview:-1"},"canonical":"https:\/\/www.sestogrado.it\/it\/prodotto\/edelweiss-pitchlight-9-5-corda-arrampicata\/","og_locale":"it_IT","og_type":"article","og_title":"Edelweiss Pitchlight 9.5 corda arrampicata - Sestogrado","og_description":"La Edelweiss Pitchlight 9,5 \u00e8 la novit\u00e0 Edelweiss ideale per l'arrampicata sportiva su roccia e indoor e per vie lunghe. Questa novit\u00e0 Edelweiss \u00e8 ideale per lavorare vie, ripetere passaggi difficili all'infinito e trovarsi legati ad un'imbrago con una corda sicura, durevole e super maneggevole. Con un rapporto peso e spessore ottimale di soli 61g\/m con 9,5mm, la Pitchlight 9,5 \u00e8 comoda per avvicinamenti medio-lunghi e per qualsiasi tipo di zaino, telo o portacorda da falesia\/indoor.","og_url":"https:\/\/www.sestogrado.it\/it\/prodotto\/edelweiss-pitchlight-9-5-corda-arrampicata\/","og_site_name":"Sestogrado","article_publisher":"https:\/\/www.facebook.com\/pages\/Sestogrado\/1542635979353017?ref=bookmarks","article_modified_time":"2026-05-04T07:37:03+00:00","og_image":[{"width":900,"height":899,"url":"https:\/\/www.sestogrado.it\/wp-content\/uploads\/2022\/02\/803537-1.jpg","type":"image\/jpeg"}],"twitter_misc":{"Disponibilit\u00e0":"In stock"},"schema":{"@context":"https:\/\/schema.org","@graph":[{"@type":"WebPage","@id":"https:\/\/www.sestogrado.it\/it\/prodotto\/edelweiss-pitchlight-9-5-corda-arrampicata\/","url":"https:\/\/www.sestogrado.it\/it\/prodotto\/edelweiss-pitchlight-9-5-corda-arrampicata\/","name":"Edelweiss Pitchlight 9.5 corda arrampicata - Sestogrado","isPartOf":{"@id":"https:\/\/www.sestogrado.it\/it\/#website"},"primaryImageOfPage":{"@id":"https:\/\/www.sestogrado.it\/it\/prodotto\/edelweiss-pitchlight-9-5-corda-arrampicata\/#primaryimage"},"image":{"@id":"https:\/\/www.sestogrado.it\/prodotto\/edelweiss-pitchlight-9-5-corda-arrampicata\/#primaryimage"},"thumbnailUrl":"https:\/\/www.sestogrado.it\/wp-content\/uploads\/2022\/02\/803537-1.jpg","datePublished":"2022-02-10T15:58:07+00:00","dateModified":"2026-05-04T07:37:03+00:00","description":"La Edelweiss Pitchlight 9,5 \u00e8 la novit\u00e0 Edelweiss ideale per l'arrampicata sportiva su roccia e indoor e per vie lunghe. Questa novit\u00e0 Edelweiss \u00e8 ideale per lavorare vie, ripetere passaggi difficili all'infinito e trovarsi legati ad un'imbrago con una corda sicura, durevole e super maneggevole. Con un rapporto peso e spessore ottimale di soli 61g\/m con 9,5mm, la Pitchlight 9,5 \u00e8 comoda per avvicinamenti medio-lunghi e per qualsiasi tipo di zaino, telo o portacorda da falesia\/indoor.","breadcrumb":{"@id":"https:\/\/www.sestogrado.it\/it\/prodotto\/edelweiss-pitchlight-9-5-corda-arrampicata\/#breadcrumb"},"inLanguage":"it-IT","potentialAction":[{"@type":"ReadAction","target":[["https:\/\/www.sestogrado.it\/it\/prodotto\/edelweiss-pitchlight-9-5-corda-arrampicata\/"]]}]},{"@type":"ImageObject","inLanguage":"it-IT","@id":"https:\/\/www.sestogrado.it\/it\/prodotto\/edelweiss-pitchlight-9-5-corda-arrampicata\/#primaryimage","url":"https:\/\/www.sestogrado.it\/wp-content\/uploads\/2022\/02\/803537-1.jpg","contentUrl":"https:\/\/www.sestogrado.it\/wp-content\/uploads\/2022\/02\/803537-1.jpg","width":900,"height":899,"caption":"Edelweiss pitchlight 9,5"},{"@type":"BreadcrumbList","@id":"https:\/\/www.sestogrado.it\/it\/prodotto\/edelweiss-pitchlight-9-5-corda-arrampicata\/#breadcrumb","itemListElement":[{"@type":"ListItem","position":1,"name":"Home","item":"https:\/\/www.sestogrado.it\/it\/"},{"@type":"ListItem","position":2,"name":"Shop","item":"https:\/\/www.sestogrado.it\/it\/shop\/"},{"@type":"ListItem","position":3,"name":"Edelweiss Pitchlight 9.5 corda arrampicata"}]},{"@type":"WebSite","@id":"https:\/\/www.sestogrado.it\/it\/#website","url":"https:\/\/www.sestogrado.it\/it\/","name":"Sestogrado","description":"yes we climb","publisher":{"@id":"https:\/\/www.sestogrado.it\/it\/#organization"},"potentialAction":[{"@type":"SearchAction","target":{"@type":"EntryPoint","urlTemplate":"https:\/\/www.sestogrado.it\/it\/?s={search_term_string}"},"query-input":{"@type":"PropertyValueSpecification","valueRequired":true,"valueName":"search_term_string"}}],"inLanguage":"it-IT"},{"@type":"Organization","@id":"https:\/\/www.sestogrado.it\/it\/#organization","name":"Sestogrado","url":"https:\/\/www.sestogrado.it\/it\/","logo":{"@type":"ImageObject","inLanguage":"it-IT","@id":"https:\/\/www.sestogrado.it\/it\/#\/schema\/logo\/image\/","url":"https:\/\/www.sestogrado.it\/wp-content\/uploads\/2015\/03\/sestogrado-favicon.png","contentUrl":"https:\/\/www.sestogrado.it\/wp-content\/uploads\/2015\/03\/sestogrado-favicon.png","width":260,"height":260,"caption":"Sestogrado"},"image":{"@id":"https:\/\/www.sestogrado.it\/it\/#\/schema\/logo\/image\/"},"sameAs":["https:\/\/www.facebook.com\/pages\/Sestogrado\/1542635979353017?ref=bookmarks","https:\/\/www.youtube.com\/channel\/UC847kAfTkaJsWpc1jtQwr3Q"],"hasMerchantReturnPolicy":{"@type":"MerchantReturnPolicy","merchantReturnLink":"https:\/\/www.sestogrado.it\/it\/termini-e-condizioni\/"}}]},"product_brand":"Edelweiss","og_availability":"instock","product_availability":"instock","product_condition":"new"},"_links":{"self":[{"href":"https:\/\/www.sestogrado.it\/it\/wp-json\/wp\/v2\/product\/94460","targetHints":{"allow":["GET"]}}],"collection":[{"href":"https:\/\/www.sestogrado.it\/it\/wp-json\/wp\/v2\/product"}],"about":[{"href":"https:\/\/www.sestogrado.it\/it\/wp-json\/wp\/v2\/types\/product"}],"replies":[{"embeddable":true,"href":"https:\/\/www.sestogrado.it\/it\/wp-json\/wp\/v2\/comments?post=94460"}],"wp:featuredmedia":[{"embeddable":true,"href":"https:\/\/www.sestogrado.it\/it\/wp-json\/wp\/v2\/media\/99971"}],"wp:attachment":[{"href":"https:\/\/www.sestogrado.it\/it\/wp-json\/wp\/v2\/media?parent=94460"}],"wp:term":[{"taxonomy":"product_brand","embeddable":true,"href":"https:\/\/www.sestogrado.it\/it\/wp-json\/wp\/v2\/product_brand?post=94460"},{"taxonomy":"product_cat","embeddable":true,"href":"https:\/\/www.sestogrado.it\/it\/wp-json\/wp\/v2\/product_cat?post=94460"},{"taxonomy":"product_tag","embeddable":true,"href":"https:\/\/www.sestogrado.it\/it\/wp-json\/wp\/v2\/product_tag?post=94460"}],"curies":[{"name":"wp","href":"https:\/\/api.w.org\/{rel}","templated":true}]}}