{"id":93463,"date":"2022-02-02T12:12:22","date_gmt":"2022-02-02T11:12:22","guid":{"rendered":"https:\/\/www.sestogrado.it\/?post_type=product&#038;p=93463"},"modified":"2024-12-08T14:15:43","modified_gmt":"2024-12-08T13:15:43","slug":"camelbak-camp-mug-sst-vacuum-insulated-035l","status":"publish","type":"product","link":"https:\/\/www.sestogrado.it\/it\/prodotto\/camelbak-camp-mug-sst-vacuum-insulated-035l\/","title":{"rendered":"Camelbak Camp mug SST Vacuum Insulated 0,35L tazza isolata termica sottovuoto"},"content":{"rendered":"<p>La robusta e durevole <strong>tazza da campeggio Camelbak Camp mug SST Vacuum Insulated 0.35l<\/strong> con isolamento sottovuoto \u00e8 realizzata in <em>acciaio inossidabile a doppia parete<\/em>, isolato sottovuoto con <strong>finitura verniciata a polvere<\/strong>, che mantiene un aspetto elegante che si fa notare all&#8217;esterno e bollente all&#8217;interno.<\/p>\n<p>Il coperchio del bicchiere a <strong>tre modalit\u00e0<\/strong> si apre per il controllo del flusso ed \u00e8 resistente alle fuoriuscite.<\/p>\n<p>Un pad in <strong>silicone antiscivolo sulla base<\/strong> fornisce un atterraggio morbido sulle superfici per evitare graffi e fuoriuscite. Lavabile in lavastoviglie e privo di BPA, BPS e BPF.<\/p>\n<ul>\n<li>Isolamento sottovuoto &#8211; isolamento sottovuoto a doppia parete per mantenere la temperatura<\/li>\n<li>Resistente agli schizzi: coperchio a tre modalit\u00e0 per il controllo del flusso<\/li>\n<li>Base in silicone antiscivolo<\/li>\n<li>Durevole: acciaio inossidabile 18\/8 con finitura completamente verniciata a polvere. Lavabile in lavastoviglie<\/li>\n<li>Senza BPA, BPS e BPF<\/li>\n<li>350ml<\/li>\n<li>4 ore caldo, 6 ore freddo<\/li>\n<\/ul>\n<div class=\"embed-responsive embed-responsive-16by9\"><iframe title=\"CamelBak Horizon Collection Drinkware\" width=\"500\" height=\"281\" src=\"https:\/\/www.youtube.com\/embed\/Lgn5c_jHMII?feature=oembed\" frameborder=\"0\" allow=\"accelerometer; autoplay; clipboard-write; encrypted-media; gyroscope; picture-in-picture; web-share\" referrerpolicy=\"strict-origin-when-cross-origin\" allowfullscreen><\/iframe><\/div>\n<p>&nbsp;<\/p>\n<p>Camelbak \u00e8 il marchio leader per lo sviluppo di sistemi di idratazione per l&#8217;outdoor in grado di combinare perfettamente capacit\u00e0, protezione, comodit\u00e0 e stabilit\u00e0. Da quando ha inventato nel 1989 il Camelbak per l&#8217;idratazione senza mani, l&#8217;azienda americana fornisce dispositivi per l&#8217;idratazione ad atleti e sportivi in tutto il mondo.<\/p>","protected":false},"excerpt":{"rendered":"<p>La robusta e durevole tazza da campeggio Camelbak Camp mug SST Vacuum Insulated 0.35l con isolamento sottovuoto \u00e8 realizzata in [&hellip;]<\/p>\n","protected":false},"featured_media":93465,"comment_status":"open","ping_status":"closed","template":"","meta":{"_acf_changed":false},"product_brand":[645],"product_cat":[1233],"product_tag":[1228,1229,1230,1231,1232],"class_list":{"0":"post-93463","1":"product","2":"type-product","3":"status-publish","4":"has-post-thumbnail","6":"product_brand-camelbak","7":"product_cat-idratazione","8":"product_tag-camelbak-mug","9":"product_tag-tazza-campeggio","10":"product_tag-tazza-falesia","11":"product_tag-tazza-isolata","12":"product_tag-tazza-termica","14":"first","15":"instock","16":"sale","17":"taxable","18":"shipping-taxable","19":"purchasable","20":"product-type-variable"},"acf":[],"yoast_head":"<!-- This site is optimized with the Yoast SEO plugin v26.4 - https:\/\/yoast.com\/wordpress\/plugins\/seo\/ -->\n<title>Camelbak Camp mug SST Vacuum Insulated 0,35L tazza isolata termica sottovuoto - Sestogrado<\/title>\n<meta name=\"description\" content=\"La robusta e durevole tazza da campeggio Camelbak Camp mug SST Vacuum Insulated 0.35l con isolamento sottovuoto \u00e8 realizzata in acciaio inossidabile a doppia parete, isolato sottovuoto con finitura verniciata a polvere, che mantiene un aspetto elegante che si fa notare all&#039;esterno e bollente all&#039;interno. Il coperchio del bicchiere a tre modalit\u00e0 si apre per il controllo del flusso ed \u00e8 resistente alle fuoriuscite. Un pad in silicone antiscivolo sulla base fornisce un atterraggio morbido sulle superfici per evitare graffi e fuoriuscite. Lavabile in lavastoviglie e privo di BPA, BPS e BPF. Isolamento sottovuoto - isolamento sottovuoto a doppia parete per mantenere la temperatura Resistente agli schizzi: coperchio a tre modalit\u00e0 per il controllo del flusso Base in silicone antiscivolo Durevole: acciaio inossidabile 18\/8 con finitura completamente verniciata a polvere. Lavabile in lavastoviglie. Senza BPA, BPS e BPF. 350ml. 4 ore caldo, 6 ore freddo\" \/>\n<meta name=\"robots\" content=\"index, follow, max-snippet:-1, max-image-preview:large, max-video-preview:-1\" \/>\n<link rel=\"canonical\" href=\"https:\/\/www.sestogrado.it\/it\/prodotto\/camelbak-camp-mug-sst-vacuum-insulated-035l\/\" \/>\n<meta property=\"og:locale\" content=\"it_IT\" \/>\n<meta property=\"og:type\" content=\"article\" \/>\n<meta property=\"og:title\" content=\"Camelbak Camp mug SST Vacuum Insulated 0,35L tazza isolata termica sottovuoto - Sestogrado\" \/>\n<meta property=\"og:description\" content=\"La robusta e durevole tazza da campeggio Camelbak Camp mug SST Vacuum Insulated 0.35l con isolamento sottovuoto \u00e8 realizzata in acciaio inossidabile a doppia parete, isolato sottovuoto con finitura verniciata a polvere, che mantiene un aspetto elegante che si fa notare all&#039;esterno e bollente all&#039;interno. Il coperchio del bicchiere a tre modalit\u00e0 si apre per il controllo del flusso ed \u00e8 resistente alle fuoriuscite. Un pad in silicone antiscivolo sulla base fornisce un atterraggio morbido sulle superfici per evitare graffi e fuoriuscite. Lavabile in lavastoviglie e privo di BPA, BPS e BPF. Isolamento sottovuoto - isolamento sottovuoto a doppia parete per mantenere la temperatura Resistente agli schizzi: coperchio a tre modalit\u00e0 per il controllo del flusso Base in silicone antiscivolo Durevole: acciaio inossidabile 18\/8 con finitura completamente verniciata a polvere. Lavabile in lavastoviglie. Senza BPA, BPS e BPF. 350ml. 4 ore caldo, 6 ore freddo\" \/>\n<meta property=\"og:url\" content=\"https:\/\/www.sestogrado.it\/it\/prodotto\/camelbak-camp-mug-sst-vacuum-insulated-035l\/\" \/>\n<meta property=\"og:site_name\" content=\"Sestogrado\" \/>\n<meta property=\"article:publisher\" content=\"https:\/\/www.facebook.com\/pages\/Sestogrado\/1542635979353017?ref=bookmarks\" \/>\n<meta property=\"article:modified_time\" content=\"2024-12-08T13:15:43+00:00\" \/>\n<meta property=\"og:image\" content=\"https:\/\/www.sestogrado.it\/wp-content\/uploads\/2022\/02\/2393301035_E8C7EA90-A904-5592-872F-6495503EDC8E.jpg\" \/>\n\t<meta property=\"og:image:width\" content=\"1200\" \/>\n\t<meta property=\"og:image:height\" content=\"1200\" \/>\n\t<meta property=\"og:image:type\" content=\"image\/jpeg\" \/>\n<meta name=\"twitter:label1\" content=\"Disponibilit\u00e0\" \/>\n\t<meta name=\"twitter:data1\" content=\"In stock\" \/>\n<script type=\"application\/ld+json\" class=\"yoast-schema-graph\">{\"@context\":\"https:\/\/schema.org\",\"@graph\":[{\"@type\":\"WebPage\",\"@id\":\"https:\/\/www.sestogrado.it\/it\/prodotto\/camelbak-camp-mug-sst-vacuum-insulated-035l\/\",\"url\":\"https:\/\/www.sestogrado.it\/it\/prodotto\/camelbak-camp-mug-sst-vacuum-insulated-035l\/\",\"name\":\"Camelbak Camp mug SST Vacuum Insulated 0,35L tazza isolata termica sottovuoto - Sestogrado\",\"isPartOf\":{\"@id\":\"https:\/\/www.sestogrado.it\/it\/#website\"},\"primaryImageOfPage\":{\"@id\":\"https:\/\/www.sestogrado.it\/it\/prodotto\/camelbak-camp-mug-sst-vacuum-insulated-035l\/#primaryimage\"},\"image\":{\"@id\":\"https:\/\/www.sestogrado.it\/prodotto\/camelbak-camp-mug-sst-vacuum-insulated-035l\/#primaryimage\"},\"thumbnailUrl\":\"https:\/\/www.sestogrado.it\/wp-content\/uploads\/2022\/02\/2393301035_E8C7EA90-A904-5592-872F-6495503EDC8E.jpg\",\"datePublished\":\"2022-02-02T11:12:22+00:00\",\"dateModified\":\"2024-12-08T13:15:43+00:00\",\"description\":\"La robusta e durevole tazza da campeggio Camelbak Camp mug SST Vacuum Insulated 0.35l con isolamento sottovuoto \u00e8 realizzata in acciaio inossidabile a doppia parete, isolato sottovuoto con finitura verniciata a polvere, che mantiene un aspetto elegante che si fa notare all'esterno e bollente all'interno. Il coperchio del bicchiere a tre modalit\u00e0 si apre per il controllo del flusso ed \u00e8 resistente alle fuoriuscite. Un pad in silicone antiscivolo sulla base fornisce un atterraggio morbido sulle superfici per evitare graffi e fuoriuscite. Lavabile in lavastoviglie e privo di BPA, BPS e BPF. Isolamento sottovuoto - isolamento sottovuoto a doppia parete per mantenere la temperatura Resistente agli schizzi: coperchio a tre modalit\u00e0 per il controllo del flusso Base in silicone antiscivolo Durevole: acciaio inossidabile 18\/8 con finitura completamente verniciata a polvere. Lavabile in lavastoviglie. Senza BPA, BPS e BPF. 350ml. 4 ore caldo, 6 ore freddo\",\"breadcrumb\":{\"@id\":\"https:\/\/www.sestogrado.it\/it\/prodotto\/camelbak-camp-mug-sst-vacuum-insulated-035l\/#breadcrumb\"},\"inLanguage\":\"it-IT\",\"potentialAction\":[{\"@type\":\"ReadAction\",\"target\":[[\"https:\/\/www.sestogrado.it\/it\/prodotto\/camelbak-camp-mug-sst-vacuum-insulated-035l\/\"]]}]},{\"@type\":\"ImageObject\",\"inLanguage\":\"it-IT\",\"@id\":\"https:\/\/www.sestogrado.it\/it\/prodotto\/camelbak-camp-mug-sst-vacuum-insulated-035l\/#primaryimage\",\"url\":\"https:\/\/www.sestogrado.it\/wp-content\/uploads\/2022\/02\/2393301035_E8C7EA90-A904-5592-872F-6495503EDC8E.jpg\",\"contentUrl\":\"https:\/\/www.sestogrado.it\/wp-content\/uploads\/2022\/02\/2393301035_E8C7EA90-A904-5592-872F-6495503EDC8E.jpg\",\"width\":1200,\"height\":1200,\"caption\":\"HORIZON\u2122 VACUUM INSULATED STAINLESS STEEL CAMP MUG 350ML\/12OZ\"},{\"@type\":\"BreadcrumbList\",\"@id\":\"https:\/\/www.sestogrado.it\/it\/prodotto\/camelbak-camp-mug-sst-vacuum-insulated-035l\/#breadcrumb\",\"itemListElement\":[{\"@type\":\"ListItem\",\"position\":1,\"name\":\"Home\",\"item\":\"https:\/\/www.sestogrado.it\/it\/\"},{\"@type\":\"ListItem\",\"position\":2,\"name\":\"Shop\",\"item\":\"https:\/\/www.sestogrado.it\/it\/shop\/\"},{\"@type\":\"ListItem\",\"position\":3,\"name\":\"Camelbak Camp mug SST Vacuum Insulated 0,35L tazza isolata termica sottovuoto\"}]},{\"@type\":\"WebSite\",\"@id\":\"https:\/\/www.sestogrado.it\/it\/#website\",\"url\":\"https:\/\/www.sestogrado.it\/it\/\",\"name\":\"Sestogrado\",\"description\":\"yes we climb\",\"publisher\":{\"@id\":\"https:\/\/www.sestogrado.it\/it\/#organization\"},\"potentialAction\":[{\"@type\":\"SearchAction\",\"target\":{\"@type\":\"EntryPoint\",\"urlTemplate\":\"https:\/\/www.sestogrado.it\/it\/?s={search_term_string}\"},\"query-input\":{\"@type\":\"PropertyValueSpecification\",\"valueRequired\":true,\"valueName\":\"search_term_string\"}}],\"inLanguage\":\"it-IT\"},{\"@type\":\"Organization\",\"@id\":\"https:\/\/www.sestogrado.it\/it\/#organization\",\"name\":\"Sestogrado\",\"url\":\"https:\/\/www.sestogrado.it\/it\/\",\"logo\":{\"@type\":\"ImageObject\",\"inLanguage\":\"it-IT\",\"@id\":\"https:\/\/www.sestogrado.it\/it\/#\/schema\/logo\/image\/\",\"url\":\"https:\/\/www.sestogrado.it\/wp-content\/uploads\/2015\/03\/sestogrado-favicon.png\",\"contentUrl\":\"https:\/\/www.sestogrado.it\/wp-content\/uploads\/2015\/03\/sestogrado-favicon.png\",\"width\":260,\"height\":260,\"caption\":\"Sestogrado\"},\"image\":{\"@id\":\"https:\/\/www.sestogrado.it\/it\/#\/schema\/logo\/image\/\"},\"sameAs\":[\"https:\/\/www.facebook.com\/pages\/Sestogrado\/1542635979353017?ref=bookmarks\",\"https:\/\/www.youtube.com\/channel\/UC847kAfTkaJsWpc1jtQwr3Q\"],\"hasMerchantReturnPolicy\":{\"@type\":\"MerchantReturnPolicy\",\"merchantReturnLink\":\"https:\/\/www.sestogrado.it\/it\/termini-e-condizioni\/\"}}]}<\/script>\n<meta property=\"product:brand\" content=\"Camelbak\" \/>\n<meta property=\"og:availability\" content=\"instock\" \/>\n<meta property=\"product:availability\" content=\"instock\" \/>\n<meta property=\"product:condition\" content=\"new\" \/>\n<!-- \/ Yoast SEO plugin. -->","yoast_head_json":{"title":"Camelbak Camp mug SST Vacuum Insulated 0,35L tazza isolata termica sottovuoto - Sestogrado","description":"La robusta e durevole tazza da campeggio Camelbak Camp mug SST Vacuum Insulated 0.35l con isolamento sottovuoto \u00e8 realizzata in acciaio inossidabile a doppia parete, isolato sottovuoto con finitura verniciata a polvere, che mantiene un aspetto elegante che si fa notare all'esterno e bollente all'interno. Il coperchio del bicchiere a tre modalit\u00e0 si apre per il controllo del flusso ed \u00e8 resistente alle fuoriuscite. Un pad in silicone antiscivolo sulla base fornisce un atterraggio morbido sulle superfici per evitare graffi e fuoriuscite. Lavabile in lavastoviglie e privo di BPA, BPS e BPF. Isolamento sottovuoto - isolamento sottovuoto a doppia parete per mantenere la temperatura Resistente agli schizzi: coperchio a tre modalit\u00e0 per il controllo del flusso Base in silicone antiscivolo Durevole: acciaio inossidabile 18\/8 con finitura completamente verniciata a polvere. Lavabile in lavastoviglie. Senza BPA, BPS e BPF. 350ml. 4 ore caldo, 6 ore freddo","robots":{"index":"index","follow":"follow","max-snippet":"max-snippet:-1","max-image-preview":"max-image-preview:large","max-video-preview":"max-video-preview:-1"},"canonical":"https:\/\/www.sestogrado.it\/it\/prodotto\/camelbak-camp-mug-sst-vacuum-insulated-035l\/","og_locale":"it_IT","og_type":"article","og_title":"Camelbak Camp mug SST Vacuum Insulated 0,35L tazza isolata termica sottovuoto - Sestogrado","og_description":"La robusta e durevole tazza da campeggio Camelbak Camp mug SST Vacuum Insulated 0.35l con isolamento sottovuoto \u00e8 realizzata in acciaio inossidabile a doppia parete, isolato sottovuoto con finitura verniciata a polvere, che mantiene un aspetto elegante che si fa notare all'esterno e bollente all'interno. Il coperchio del bicchiere a tre modalit\u00e0 si apre per il controllo del flusso ed \u00e8 resistente alle fuoriuscite. Un pad in silicone antiscivolo sulla base fornisce un atterraggio morbido sulle superfici per evitare graffi e fuoriuscite. Lavabile in lavastoviglie e privo di BPA, BPS e BPF. Isolamento sottovuoto - isolamento sottovuoto a doppia parete per mantenere la temperatura Resistente agli schizzi: coperchio a tre modalit\u00e0 per il controllo del flusso Base in silicone antiscivolo Durevole: acciaio inossidabile 18\/8 con finitura completamente verniciata a polvere. Lavabile in lavastoviglie. Senza BPA, BPS e BPF. 350ml. 4 ore caldo, 6 ore freddo","og_url":"https:\/\/www.sestogrado.it\/it\/prodotto\/camelbak-camp-mug-sst-vacuum-insulated-035l\/","og_site_name":"Sestogrado","article_publisher":"https:\/\/www.facebook.com\/pages\/Sestogrado\/1542635979353017?ref=bookmarks","article_modified_time":"2024-12-08T13:15:43+00:00","og_image":[{"width":1200,"height":1200,"url":"https:\/\/www.sestogrado.it\/wp-content\/uploads\/2022\/02\/2393301035_E8C7EA90-A904-5592-872F-6495503EDC8E.jpg","type":"image\/jpeg"}],"twitter_misc":{"Disponibilit\u00e0":"In stock"},"schema":{"@context":"https:\/\/schema.org","@graph":[{"@type":"WebPage","@id":"https:\/\/www.sestogrado.it\/it\/prodotto\/camelbak-camp-mug-sst-vacuum-insulated-035l\/","url":"https:\/\/www.sestogrado.it\/it\/prodotto\/camelbak-camp-mug-sst-vacuum-insulated-035l\/","name":"Camelbak Camp mug SST Vacuum Insulated 0,35L tazza isolata termica sottovuoto - Sestogrado","isPartOf":{"@id":"https:\/\/www.sestogrado.it\/it\/#website"},"primaryImageOfPage":{"@id":"https:\/\/www.sestogrado.it\/it\/prodotto\/camelbak-camp-mug-sst-vacuum-insulated-035l\/#primaryimage"},"image":{"@id":"https:\/\/www.sestogrado.it\/prodotto\/camelbak-camp-mug-sst-vacuum-insulated-035l\/#primaryimage"},"thumbnailUrl":"https:\/\/www.sestogrado.it\/wp-content\/uploads\/2022\/02\/2393301035_E8C7EA90-A904-5592-872F-6495503EDC8E.jpg","datePublished":"2022-02-02T11:12:22+00:00","dateModified":"2024-12-08T13:15:43+00:00","description":"La robusta e durevole tazza da campeggio Camelbak Camp mug SST Vacuum Insulated 0.35l con isolamento sottovuoto \u00e8 realizzata in acciaio inossidabile a doppia parete, isolato sottovuoto con finitura verniciata a polvere, che mantiene un aspetto elegante che si fa notare all'esterno e bollente all'interno. Il coperchio del bicchiere a tre modalit\u00e0 si apre per il controllo del flusso ed \u00e8 resistente alle fuoriuscite. Un pad in silicone antiscivolo sulla base fornisce un atterraggio morbido sulle superfici per evitare graffi e fuoriuscite. Lavabile in lavastoviglie e privo di BPA, BPS e BPF. Isolamento sottovuoto - isolamento sottovuoto a doppia parete per mantenere la temperatura Resistente agli schizzi: coperchio a tre modalit\u00e0 per il controllo del flusso Base in silicone antiscivolo Durevole: acciaio inossidabile 18\/8 con finitura completamente verniciata a polvere. Lavabile in lavastoviglie. Senza BPA, BPS e BPF. 350ml. 4 ore caldo, 6 ore freddo","breadcrumb":{"@id":"https:\/\/www.sestogrado.it\/it\/prodotto\/camelbak-camp-mug-sst-vacuum-insulated-035l\/#breadcrumb"},"inLanguage":"it-IT","potentialAction":[{"@type":"ReadAction","target":[["https:\/\/www.sestogrado.it\/it\/prodotto\/camelbak-camp-mug-sst-vacuum-insulated-035l\/"]]}]},{"@type":"ImageObject","inLanguage":"it-IT","@id":"https:\/\/www.sestogrado.it\/it\/prodotto\/camelbak-camp-mug-sst-vacuum-insulated-035l\/#primaryimage","url":"https:\/\/www.sestogrado.it\/wp-content\/uploads\/2022\/02\/2393301035_E8C7EA90-A904-5592-872F-6495503EDC8E.jpg","contentUrl":"https:\/\/www.sestogrado.it\/wp-content\/uploads\/2022\/02\/2393301035_E8C7EA90-A904-5592-872F-6495503EDC8E.jpg","width":1200,"height":1200,"caption":"HORIZON\u2122 VACUUM INSULATED STAINLESS STEEL CAMP MUG 350ML\/12OZ"},{"@type":"BreadcrumbList","@id":"https:\/\/www.sestogrado.it\/it\/prodotto\/camelbak-camp-mug-sst-vacuum-insulated-035l\/#breadcrumb","itemListElement":[{"@type":"ListItem","position":1,"name":"Home","item":"https:\/\/www.sestogrado.it\/it\/"},{"@type":"ListItem","position":2,"name":"Shop","item":"https:\/\/www.sestogrado.it\/it\/shop\/"},{"@type":"ListItem","position":3,"name":"Camelbak Camp mug SST Vacuum Insulated 0,35L tazza isolata termica sottovuoto"}]},{"@type":"WebSite","@id":"https:\/\/www.sestogrado.it\/it\/#website","url":"https:\/\/www.sestogrado.it\/it\/","name":"Sestogrado","description":"yes we climb","publisher":{"@id":"https:\/\/www.sestogrado.it\/it\/#organization"},"potentialAction":[{"@type":"SearchAction","target":{"@type":"EntryPoint","urlTemplate":"https:\/\/www.sestogrado.it\/it\/?s={search_term_string}"},"query-input":{"@type":"PropertyValueSpecification","valueRequired":true,"valueName":"search_term_string"}}],"inLanguage":"it-IT"},{"@type":"Organization","@id":"https:\/\/www.sestogrado.it\/it\/#organization","name":"Sestogrado","url":"https:\/\/www.sestogrado.it\/it\/","logo":{"@type":"ImageObject","inLanguage":"it-IT","@id":"https:\/\/www.sestogrado.it\/it\/#\/schema\/logo\/image\/","url":"https:\/\/www.sestogrado.it\/wp-content\/uploads\/2015\/03\/sestogrado-favicon.png","contentUrl":"https:\/\/www.sestogrado.it\/wp-content\/uploads\/2015\/03\/sestogrado-favicon.png","width":260,"height":260,"caption":"Sestogrado"},"image":{"@id":"https:\/\/www.sestogrado.it\/it\/#\/schema\/logo\/image\/"},"sameAs":["https:\/\/www.facebook.com\/pages\/Sestogrado\/1542635979353017?ref=bookmarks","https:\/\/www.youtube.com\/channel\/UC847kAfTkaJsWpc1jtQwr3Q"],"hasMerchantReturnPolicy":{"@type":"MerchantReturnPolicy","merchantReturnLink":"https:\/\/www.sestogrado.it\/it\/termini-e-condizioni\/"}}]},"product_brand":"Camelbak","og_availability":"instock","product_availability":"instock","product_condition":"new"},"_links":{"self":[{"href":"https:\/\/www.sestogrado.it\/it\/wp-json\/wp\/v2\/product\/93463","targetHints":{"allow":["GET"]}}],"collection":[{"href":"https:\/\/www.sestogrado.it\/it\/wp-json\/wp\/v2\/product"}],"about":[{"href":"https:\/\/www.sestogrado.it\/it\/wp-json\/wp\/v2\/types\/product"}],"replies":[{"embeddable":true,"href":"https:\/\/www.sestogrado.it\/it\/wp-json\/wp\/v2\/comments?post=93463"}],"wp:featuredmedia":[{"embeddable":true,"href":"https:\/\/www.sestogrado.it\/it\/wp-json\/wp\/v2\/media\/93465"}],"wp:attachment":[{"href":"https:\/\/www.sestogrado.it\/it\/wp-json\/wp\/v2\/media?parent=93463"}],"wp:term":[{"taxonomy":"product_brand","embeddable":true,"href":"https:\/\/www.sestogrado.it\/it\/wp-json\/wp\/v2\/product_brand?post=93463"},{"taxonomy":"product_cat","embeddable":true,"href":"https:\/\/www.sestogrado.it\/it\/wp-json\/wp\/v2\/product_cat?post=93463"},{"taxonomy":"product_tag","embeddable":true,"href":"https:\/\/www.sestogrado.it\/it\/wp-json\/wp\/v2\/product_tag?post=93463"}],"curies":[{"name":"wp","href":"https:\/\/api.w.org\/{rel}","templated":true}]}}