{"id":93456,"date":"2022-02-01T16:28:02","date_gmt":"2022-02-01T15:28:02","guid":{"rendered":"https:\/\/www.sestogrado.it\/?post_type=product&#038;p=93456"},"modified":"2022-04-18T21:23:06","modified_gmt":"2022-04-18T19:23:06","slug":"camelbak-bottle-sst-vacuum-insulated-075l","status":"publish","type":"product","link":"https:\/\/www.sestogrado.it\/it\/prodotto\/camelbak-bottle-sst-vacuum-insulated-075l\/","title":{"rendered":"Camelbak Bottle SST Vacuum Insulated 0,75L bottiglia termica in acciaio"},"content":{"rendered":"<p>Camelbak Bottle SST Vacuum Insulated 0,75L \u00e8 la bottiglia termica discreta ed elegante da portare con te ovunque.<\/p>\n<p>Dal lavoro alla falesia, dalla gita di poche ore alla vetta preferita, Camelbak Bottle SST Vacuum Insulated ti accompagna e ti scalda quando ci sono le <strong>temperature pi\u00f9 rigide<\/strong>.<\/p>\n<p>Il sottovuoto mantiene la temperatura ideale ed <strong>elimina la condensa<\/strong> sulla finitura esterna del rivestimento in polvere.<\/p>\n<p>Contiene 750 ml e il <strong>cuscinetto in silicone antiscivolo<\/strong> sulla base fornisce un atterraggio morbido sulle superfici per evitare graffi e fuoriuscite.<\/p>\n<p><strong>Lavabile in lavastoviglie<\/strong> e privo di BPA, BPS e BPF.<\/p>\n<ul>\n<li>Bottiglia in acciaio inossidabile isolata sottovuoto Horizon\u2122 750ml<\/li>\n<li>Isolamento sottovuoto a doppia parete per mantenere la temperatura<\/li>\n<li>Facile da versare ampia apertura<\/li>\n<li>Base in silicone antiscivolo<\/li>\n<li>Durevole: acciaio inossidabile 18\/8 con finitura completamente verniciata a polvere<\/li>\n<li>Lavabile in lavastoviglie<\/li>\n<li>Senza BPA, BPS e BPF<\/li>\n<li>25 ore caldo, 35 ore freddo<\/li>\n<\/ul>\n<p>&nbsp;<\/p>\n<div class=\"embed-responsive embed-responsive-16by9\"><iframe title=\"CamelBak Horizon Collection Drinkware\" width=\"500\" height=\"281\" src=\"https:\/\/www.youtube.com\/embed\/Lgn5c_jHMII?feature=oembed\" frameborder=\"0\" allow=\"accelerometer; autoplay; clipboard-write; encrypted-media; gyroscope; picture-in-picture; web-share\" referrerpolicy=\"strict-origin-when-cross-origin\" allowfullscreen><\/iframe><\/div>\n<p>&nbsp;<\/p>\n<p>Camelbak \u00e8 il marchio leader per lo sviluppo di sistemi di idratazione per l&#8217;outdoor in grado di combinare perfettamente capacit\u00e0, protezione, comodit\u00e0 e stabilit\u00e0. Da quando ha inventato nel 1989 il Camelbak per l&#8217;idratazione senza mani, l&#8217;azienda americana fornisce dispositivi per l&#8217;idratazione ad atleti e sportivi in tutto il mondo.<\/p>","protected":false},"excerpt":{"rendered":"<p>Camelbak Bottle SST Vacuum Insulated 0,75L \u00e8 la bottiglia termica discreta ed elegante da portare con te ovunque. Dal lavoro [&hellip;]<\/p>\n","protected":false},"featured_media":93457,"comment_status":"open","ping_status":"closed","template":"","meta":{"_acf_changed":false},"product_brand":[645],"product_cat":[1233],"product_tag":[1223,1224,1225,1205],"class_list":{"0":"post-93456","1":"product","2":"type-product","3":"status-publish","4":"has-post-thumbnail","6":"product_brand-camelbak","7":"product_cat-idratazione","8":"product_tag-bottiglia","9":"product_tag-bottiglia-camelbak","10":"product_tag-bottiglia-termica","11":"product_tag-camelbak","13":"first","14":"outofstock","15":"sale","16":"taxable","17":"shipping-taxable","18":"purchasable","19":"product-type-simple"},"acf":[],"yoast_head":"<!-- This site is optimized with the Yoast SEO plugin v26.4 - https:\/\/yoast.com\/wordpress\/plugins\/seo\/ -->\n<title>Camelbak Bottle SST Vacuum Insulated 0,75L bottiglia termica in acciaio - Sestogrado<\/title>\n<meta name=\"description\" content=\"Camelbak Bottle SST Vacuum Insulated 0,75L \u00e8 la bottiglia termica discreta ed elegante da portare con te ovunque.Dal lavoro alla falesia, dalla gita di poche ore alla vetta preferita, Camelbak Bottle SST Vacuum Insulated ti accompagna e ti scalda quando ci sono le temperature pi\u00f9 rigide.Il sottovuoto mantiene la temperatura ideale ed elimina la condensa sulla finitura esterna del rivestimento in polvere.Contiene 750 ml e il cuscinetto in silicone antiscivolo sulla base fornisce un atterraggio morbido sulle superfici per evitare graffi e fuoriuscite.Lavabile in lavastoviglie e privo di BPA, BPS e BPF.\" \/>\n<meta name=\"robots\" content=\"index, follow, max-snippet:-1, max-image-preview:large, max-video-preview:-1\" \/>\n<link rel=\"canonical\" href=\"https:\/\/www.sestogrado.it\/it\/prodotto\/camelbak-bottle-sst-vacuum-insulated-075l\/\" \/>\n<meta property=\"og:locale\" content=\"it_IT\" \/>\n<meta property=\"og:type\" content=\"article\" \/>\n<meta property=\"og:title\" content=\"Camelbak Bottle SST Vacuum Insulated 0,75L bottiglia termica in acciaio - Sestogrado\" \/>\n<meta property=\"og:description\" content=\"Camelbak Bottle SST Vacuum Insulated 0,75L \u00e8 la bottiglia termica discreta ed elegante da portare con te ovunque.Dal lavoro alla falesia, dalla gita di poche ore alla vetta preferita, Camelbak Bottle SST Vacuum Insulated ti accompagna e ti scalda quando ci sono le temperature pi\u00f9 rigide.Il sottovuoto mantiene la temperatura ideale ed elimina la condensa sulla finitura esterna del rivestimento in polvere.Contiene 750 ml e il cuscinetto in silicone antiscivolo sulla base fornisce un atterraggio morbido sulle superfici per evitare graffi e fuoriuscite.Lavabile in lavastoviglie e privo di BPA, BPS e BPF.\" \/>\n<meta property=\"og:url\" content=\"https:\/\/www.sestogrado.it\/it\/prodotto\/camelbak-bottle-sst-vacuum-insulated-075l\/\" \/>\n<meta property=\"og:site_name\" content=\"Sestogrado\" \/>\n<meta property=\"article:publisher\" content=\"https:\/\/www.facebook.com\/pages\/Sestogrado\/1542635979353017?ref=bookmarks\" \/>\n<meta property=\"article:modified_time\" content=\"2022-04-18T19:23:06+00:00\" \/>\n<meta property=\"og:image\" content=\"https:\/\/www.sestogrado.it\/wp-content\/uploads\/2022\/02\/2518001075_CAB3D907-B2F1-5A46-873D-8F6750457781.jpg\" \/>\n\t<meta property=\"og:image:width\" content=\"1200\" \/>\n\t<meta property=\"og:image:height\" content=\"1200\" \/>\n\t<meta property=\"og:image:type\" content=\"image\/jpeg\" \/>\n<meta name=\"twitter:label1\" content=\"Prezzo\" \/>\n\t<meta name=\"twitter:data1\" content=\"&euro;&nbsp;35,00\" \/>\n\t<meta name=\"twitter:label2\" content=\"Disponibilit\u00e0\" \/>\n\t<meta name=\"twitter:data2\" content=\"Esaurito\" \/>\n<script type=\"application\/ld+json\" class=\"yoast-schema-graph\">{\"@context\":\"https:\/\/schema.org\",\"@graph\":[{\"@type\":\"WebPage\",\"@id\":\"https:\/\/www.sestogrado.it\/it\/prodotto\/camelbak-bottle-sst-vacuum-insulated-075l\/\",\"url\":\"https:\/\/www.sestogrado.it\/it\/prodotto\/camelbak-bottle-sst-vacuum-insulated-075l\/\",\"name\":\"Camelbak Bottle SST Vacuum Insulated 0,75L bottiglia termica in acciaio - Sestogrado\",\"isPartOf\":{\"@id\":\"https:\/\/www.sestogrado.it\/it\/#website\"},\"primaryImageOfPage\":{\"@id\":\"https:\/\/www.sestogrado.it\/it\/prodotto\/camelbak-bottle-sst-vacuum-insulated-075l\/#primaryimage\"},\"image\":{\"@id\":\"https:\/\/www.sestogrado.it\/prodotto\/camelbak-bottle-sst-vacuum-insulated-075l\/#primaryimage\"},\"thumbnailUrl\":\"https:\/\/www.sestogrado.it\/wp-content\/uploads\/2022\/02\/2518001075_CAB3D907-B2F1-5A46-873D-8F6750457781.jpg\",\"datePublished\":\"2022-02-01T15:28:02+00:00\",\"dateModified\":\"2022-04-18T19:23:06+00:00\",\"description\":\"Camelbak Bottle SST Vacuum Insulated 0,75L \u00e8 la bottiglia termica discreta ed elegante da portare con te ovunque.Dal lavoro alla falesia, dalla gita di poche ore alla vetta preferita, Camelbak Bottle SST Vacuum Insulated ti accompagna e ti scalda quando ci sono le temperature pi\u00f9 rigide.Il sottovuoto mantiene la temperatura ideale ed elimina la condensa sulla finitura esterna del rivestimento in polvere.Contiene 750 ml e il cuscinetto in silicone antiscivolo sulla base fornisce un atterraggio morbido sulle superfici per evitare graffi e fuoriuscite.Lavabile in lavastoviglie e privo di BPA, BPS e BPF.\",\"breadcrumb\":{\"@id\":\"https:\/\/www.sestogrado.it\/it\/prodotto\/camelbak-bottle-sst-vacuum-insulated-075l\/#breadcrumb\"},\"inLanguage\":\"it-IT\",\"potentialAction\":[{\"@type\":\"ReadAction\",\"target\":[[\"https:\/\/www.sestogrado.it\/it\/prodotto\/camelbak-bottle-sst-vacuum-insulated-075l\/\"]]}]},{\"@type\":\"ImageObject\",\"inLanguage\":\"it-IT\",\"@id\":\"https:\/\/www.sestogrado.it\/it\/prodotto\/camelbak-bottle-sst-vacuum-insulated-075l\/#primaryimage\",\"url\":\"https:\/\/www.sestogrado.it\/wp-content\/uploads\/2022\/02\/2518001075_CAB3D907-B2F1-5A46-873D-8F6750457781.jpg\",\"contentUrl\":\"https:\/\/www.sestogrado.it\/wp-content\/uploads\/2022\/02\/2518001075_CAB3D907-B2F1-5A46-873D-8F6750457781.jpg\",\"width\":1200,\"height\":1200,\"caption\":\"sst vacuum insulated 0,75L\"},{\"@type\":\"BreadcrumbList\",\"@id\":\"https:\/\/www.sestogrado.it\/it\/prodotto\/camelbak-bottle-sst-vacuum-insulated-075l\/#breadcrumb\",\"itemListElement\":[{\"@type\":\"ListItem\",\"position\":1,\"name\":\"Home\",\"item\":\"https:\/\/www.sestogrado.it\/it\/\"},{\"@type\":\"ListItem\",\"position\":2,\"name\":\"Shop\",\"item\":\"https:\/\/www.sestogrado.it\/it\/shop\/\"},{\"@type\":\"ListItem\",\"position\":3,\"name\":\"Camelbak Bottle SST Vacuum Insulated 0,75L bottiglia termica in acciaio\"}]},{\"@type\":\"WebSite\",\"@id\":\"https:\/\/www.sestogrado.it\/it\/#website\",\"url\":\"https:\/\/www.sestogrado.it\/it\/\",\"name\":\"Sestogrado\",\"description\":\"yes we climb\",\"publisher\":{\"@id\":\"https:\/\/www.sestogrado.it\/it\/#organization\"},\"potentialAction\":[{\"@type\":\"SearchAction\",\"target\":{\"@type\":\"EntryPoint\",\"urlTemplate\":\"https:\/\/www.sestogrado.it\/it\/?s={search_term_string}\"},\"query-input\":{\"@type\":\"PropertyValueSpecification\",\"valueRequired\":true,\"valueName\":\"search_term_string\"}}],\"inLanguage\":\"it-IT\"},{\"@type\":\"Organization\",\"@id\":\"https:\/\/www.sestogrado.it\/it\/#organization\",\"name\":\"Sestogrado\",\"url\":\"https:\/\/www.sestogrado.it\/it\/\",\"logo\":{\"@type\":\"ImageObject\",\"inLanguage\":\"it-IT\",\"@id\":\"https:\/\/www.sestogrado.it\/it\/#\/schema\/logo\/image\/\",\"url\":\"https:\/\/www.sestogrado.it\/wp-content\/uploads\/2015\/03\/sestogrado-favicon.png\",\"contentUrl\":\"https:\/\/www.sestogrado.it\/wp-content\/uploads\/2015\/03\/sestogrado-favicon.png\",\"width\":260,\"height\":260,\"caption\":\"Sestogrado\"},\"image\":{\"@id\":\"https:\/\/www.sestogrado.it\/it\/#\/schema\/logo\/image\/\"},\"sameAs\":[\"https:\/\/www.facebook.com\/pages\/Sestogrado\/1542635979353017?ref=bookmarks\",\"https:\/\/www.youtube.com\/channel\/UC847kAfTkaJsWpc1jtQwr3Q\"],\"hasMerchantReturnPolicy\":{\"@type\":\"MerchantReturnPolicy\",\"merchantReturnLink\":\"https:\/\/www.sestogrado.it\/it\/termini-e-condizioni\/\"}}]}<\/script>\n<meta property=\"product:brand\" content=\"Camelbak\" \/>\n<meta property=\"product:price:amount\" content=\"35.00\" \/>\n<meta property=\"product:price:currency\" content=\"EUR\" \/>\n<meta property=\"og:availability\" content=\"out of stock\" \/>\n<meta property=\"product:availability\" content=\"out of stock\" \/>\n<meta property=\"product:condition\" content=\"new\" \/>\n<!-- \/ Yoast SEO plugin. -->","yoast_head_json":{"title":"Camelbak Bottle SST Vacuum Insulated 0,75L bottiglia termica in acciaio - Sestogrado","description":"Camelbak Bottle SST Vacuum Insulated 0,75L \u00e8 la bottiglia termica discreta ed elegante da portare con te ovunque.Dal lavoro alla falesia, dalla gita di poche ore alla vetta preferita, Camelbak Bottle SST Vacuum Insulated ti accompagna e ti scalda quando ci sono le temperature pi\u00f9 rigide.Il sottovuoto mantiene la temperatura ideale ed elimina la condensa sulla finitura esterna del rivestimento in polvere.Contiene 750 ml e il cuscinetto in silicone antiscivolo sulla base fornisce un atterraggio morbido sulle superfici per evitare graffi e fuoriuscite.Lavabile in lavastoviglie e privo di BPA, BPS e BPF.","robots":{"index":"index","follow":"follow","max-snippet":"max-snippet:-1","max-image-preview":"max-image-preview:large","max-video-preview":"max-video-preview:-1"},"canonical":"https:\/\/www.sestogrado.it\/it\/prodotto\/camelbak-bottle-sst-vacuum-insulated-075l\/","og_locale":"it_IT","og_type":"article","og_title":"Camelbak Bottle SST Vacuum Insulated 0,75L bottiglia termica in acciaio - Sestogrado","og_description":"Camelbak Bottle SST Vacuum Insulated 0,75L \u00e8 la bottiglia termica discreta ed elegante da portare con te ovunque.Dal lavoro alla falesia, dalla gita di poche ore alla vetta preferita, Camelbak Bottle SST Vacuum Insulated ti accompagna e ti scalda quando ci sono le temperature pi\u00f9 rigide.Il sottovuoto mantiene la temperatura ideale ed elimina la condensa sulla finitura esterna del rivestimento in polvere.Contiene 750 ml e il cuscinetto in silicone antiscivolo sulla base fornisce un atterraggio morbido sulle superfici per evitare graffi e fuoriuscite.Lavabile in lavastoviglie e privo di BPA, BPS e BPF.","og_url":"https:\/\/www.sestogrado.it\/it\/prodotto\/camelbak-bottle-sst-vacuum-insulated-075l\/","og_site_name":"Sestogrado","article_publisher":"https:\/\/www.facebook.com\/pages\/Sestogrado\/1542635979353017?ref=bookmarks","article_modified_time":"2022-04-18T19:23:06+00:00","og_image":[{"width":1200,"height":1200,"url":"https:\/\/www.sestogrado.it\/wp-content\/uploads\/2022\/02\/2518001075_CAB3D907-B2F1-5A46-873D-8F6750457781.jpg","type":"image\/jpeg"}],"twitter_misc":{"Prezzo":"&euro;&nbsp;35,00","Disponibilit\u00e0":"Esaurito"},"schema":{"@context":"https:\/\/schema.org","@graph":[{"@type":"WebPage","@id":"https:\/\/www.sestogrado.it\/it\/prodotto\/camelbak-bottle-sst-vacuum-insulated-075l\/","url":"https:\/\/www.sestogrado.it\/it\/prodotto\/camelbak-bottle-sst-vacuum-insulated-075l\/","name":"Camelbak Bottle SST Vacuum Insulated 0,75L bottiglia termica in acciaio - Sestogrado","isPartOf":{"@id":"https:\/\/www.sestogrado.it\/it\/#website"},"primaryImageOfPage":{"@id":"https:\/\/www.sestogrado.it\/it\/prodotto\/camelbak-bottle-sst-vacuum-insulated-075l\/#primaryimage"},"image":{"@id":"https:\/\/www.sestogrado.it\/prodotto\/camelbak-bottle-sst-vacuum-insulated-075l\/#primaryimage"},"thumbnailUrl":"https:\/\/www.sestogrado.it\/wp-content\/uploads\/2022\/02\/2518001075_CAB3D907-B2F1-5A46-873D-8F6750457781.jpg","datePublished":"2022-02-01T15:28:02+00:00","dateModified":"2022-04-18T19:23:06+00:00","description":"Camelbak Bottle SST Vacuum Insulated 0,75L \u00e8 la bottiglia termica discreta ed elegante da portare con te ovunque.Dal lavoro alla falesia, dalla gita di poche ore alla vetta preferita, Camelbak Bottle SST Vacuum Insulated ti accompagna e ti scalda quando ci sono le temperature pi\u00f9 rigide.Il sottovuoto mantiene la temperatura ideale ed elimina la condensa sulla finitura esterna del rivestimento in polvere.Contiene 750 ml e il cuscinetto in silicone antiscivolo sulla base fornisce un atterraggio morbido sulle superfici per evitare graffi e fuoriuscite.Lavabile in lavastoviglie e privo di BPA, BPS e BPF.","breadcrumb":{"@id":"https:\/\/www.sestogrado.it\/it\/prodotto\/camelbak-bottle-sst-vacuum-insulated-075l\/#breadcrumb"},"inLanguage":"it-IT","potentialAction":[{"@type":"ReadAction","target":[["https:\/\/www.sestogrado.it\/it\/prodotto\/camelbak-bottle-sst-vacuum-insulated-075l\/"]]}]},{"@type":"ImageObject","inLanguage":"it-IT","@id":"https:\/\/www.sestogrado.it\/it\/prodotto\/camelbak-bottle-sst-vacuum-insulated-075l\/#primaryimage","url":"https:\/\/www.sestogrado.it\/wp-content\/uploads\/2022\/02\/2518001075_CAB3D907-B2F1-5A46-873D-8F6750457781.jpg","contentUrl":"https:\/\/www.sestogrado.it\/wp-content\/uploads\/2022\/02\/2518001075_CAB3D907-B2F1-5A46-873D-8F6750457781.jpg","width":1200,"height":1200,"caption":"sst vacuum insulated 0,75L"},{"@type":"BreadcrumbList","@id":"https:\/\/www.sestogrado.it\/it\/prodotto\/camelbak-bottle-sst-vacuum-insulated-075l\/#breadcrumb","itemListElement":[{"@type":"ListItem","position":1,"name":"Home","item":"https:\/\/www.sestogrado.it\/it\/"},{"@type":"ListItem","position":2,"name":"Shop","item":"https:\/\/www.sestogrado.it\/it\/shop\/"},{"@type":"ListItem","position":3,"name":"Camelbak Bottle SST Vacuum Insulated 0,75L bottiglia termica in acciaio"}]},{"@type":"WebSite","@id":"https:\/\/www.sestogrado.it\/it\/#website","url":"https:\/\/www.sestogrado.it\/it\/","name":"Sestogrado","description":"yes we climb","publisher":{"@id":"https:\/\/www.sestogrado.it\/it\/#organization"},"potentialAction":[{"@type":"SearchAction","target":{"@type":"EntryPoint","urlTemplate":"https:\/\/www.sestogrado.it\/it\/?s={search_term_string}"},"query-input":{"@type":"PropertyValueSpecification","valueRequired":true,"valueName":"search_term_string"}}],"inLanguage":"it-IT"},{"@type":"Organization","@id":"https:\/\/www.sestogrado.it\/it\/#organization","name":"Sestogrado","url":"https:\/\/www.sestogrado.it\/it\/","logo":{"@type":"ImageObject","inLanguage":"it-IT","@id":"https:\/\/www.sestogrado.it\/it\/#\/schema\/logo\/image\/","url":"https:\/\/www.sestogrado.it\/wp-content\/uploads\/2015\/03\/sestogrado-favicon.png","contentUrl":"https:\/\/www.sestogrado.it\/wp-content\/uploads\/2015\/03\/sestogrado-favicon.png","width":260,"height":260,"caption":"Sestogrado"},"image":{"@id":"https:\/\/www.sestogrado.it\/it\/#\/schema\/logo\/image\/"},"sameAs":["https:\/\/www.facebook.com\/pages\/Sestogrado\/1542635979353017?ref=bookmarks","https:\/\/www.youtube.com\/channel\/UC847kAfTkaJsWpc1jtQwr3Q"],"hasMerchantReturnPolicy":{"@type":"MerchantReturnPolicy","merchantReturnLink":"https:\/\/www.sestogrado.it\/it\/termini-e-condizioni\/"}}]},"product_brand":"Camelbak","product_price_amount":"35.00","product_price_currency":"EUR","og_availability":"out of stock","product_availability":"out of stock","product_condition":"new"},"_links":{"self":[{"href":"https:\/\/www.sestogrado.it\/it\/wp-json\/wp\/v2\/product\/93456","targetHints":{"allow":["GET"]}}],"collection":[{"href":"https:\/\/www.sestogrado.it\/it\/wp-json\/wp\/v2\/product"}],"about":[{"href":"https:\/\/www.sestogrado.it\/it\/wp-json\/wp\/v2\/types\/product"}],"replies":[{"embeddable":true,"href":"https:\/\/www.sestogrado.it\/it\/wp-json\/wp\/v2\/comments?post=93456"}],"wp:featuredmedia":[{"embeddable":true,"href":"https:\/\/www.sestogrado.it\/it\/wp-json\/wp\/v2\/media\/93457"}],"wp:attachment":[{"href":"https:\/\/www.sestogrado.it\/it\/wp-json\/wp\/v2\/media?parent=93456"}],"wp:term":[{"taxonomy":"product_brand","embeddable":true,"href":"https:\/\/www.sestogrado.it\/it\/wp-json\/wp\/v2\/product_brand?post=93456"},{"taxonomy":"product_cat","embeddable":true,"href":"https:\/\/www.sestogrado.it\/it\/wp-json\/wp\/v2\/product_cat?post=93456"},{"taxonomy":"product_tag","embeddable":true,"href":"https:\/\/www.sestogrado.it\/it\/wp-json\/wp\/v2\/product_tag?post=93456"}],"curies":[{"name":"wp","href":"https:\/\/api.w.org\/{rel}","templated":true}]}}