{"id":93442,"date":"2022-02-01T15:30:07","date_gmt":"2022-02-01T14:30:07","guid":{"rendered":"https:\/\/www.sestogrado.it\/?post_type=product&#038;p=93442"},"modified":"2025-10-18T23:00:32","modified_gmt":"2025-10-18T21:00:32","slug":"camelbak-multibev-sst-vacuum-stainless-05l-bottiglia-termica-2-in-1","status":"publish","type":"product","link":"https:\/\/www.sestogrado.it\/it\/prodotto\/camelbak-multibev-sst-vacuum-stainless-05l-bottiglia-termica-2-in-1\/","title":{"rendered":"Camelbak MultiBev SST Vacuum stainless 0,5L bottiglia termica 2 in 1"},"content":{"rendered":"<p><strong>Camelbak MultiBev SST Vacuum stainless 0,5L<\/strong> \u00e8 un recipiente <strong>2 in 1<\/strong> che <strong>funge sia da borraccia termica sia da tazza staccabile<\/strong>.<\/p>\n<p>Puoi riempirlo con il caff\u00e8 al mattino, l&#8217;acqua durante il giorno e le birre da campeggio con gli amici la sera. L&#8217;acciaio inossidabile con <strong>isolamento sottovuoto a doppia parete<\/strong> mantiene le bevande calde o fredde per ore!<br \/>\nUna finitura con rivestimento a polvere e una base in silicone antiscivolo creano un esterno altamente resistente.<br \/>\nIl <strong>tappo Pak a tenuta stagna<\/strong> conserva ordinatamente il rotolo di silicone e il <strong>coperchio pieghevole<\/strong> in modo ordinato e nascosto fino a quando non viene accoppiato con la tazza rimovibile. Pu\u00f2 anche essere utilizzato per riporre piccoli oggetti essenziali come una bustina di t\u00e8 o snack.<br \/>\nDesign facile da pulire, lavabile in lavastoviglie e privo di BPA, BPS e BPF. Sentiti bene nella scelta di una soluzione sostenibile per i rifiuti usa e getta.<\/p>\n<ul>\n<li>Coperchio arrotolabile e pieghevole &#8211; silicone alimentare, resistente agli schizzi<\/li>\n<li>Tappo Pak\u2122: conserva il coperchio arrotolabile e pieghevole, a prova di perdite<\/li>\n<li>Bottiglia e tazza <strong>termica sottovuoto<\/strong> &#8211; Acciaio inossidabile 18\/8<\/li>\n<li>Base in silicone antiscivolo<\/li>\n<li>Durevole: <strong>finitura con verniciatura a polvere<\/strong><\/li>\n<li>Rimane asciutto &#8211; isolamento a prova di sudore<\/li>\n<li>Facile da trasportare: comoda maniglia per il trasporto<\/li>\n<li>Facile da pulire: tappo, coperchio e recipienti <strong>lavabili in lavastoviglie<\/strong><\/li>\n<li>Senza BPA, BPS e BPF<\/li>\n<li><strong>Tappo universale<\/strong> &#8211; compatibile con contenitori Chute\u00ae Mag, Eddy\u00ae+, Carry Cap e Hot Cap<\/li>\n<li>Flacone da 500 ml &#8211; <strong>14 ore caldo, 20 ore freddo<\/strong><\/li>\n<\/ul>\n<div class=\"embed-responsive embed-responsive-16by9\"><iframe title=\"CamelBak MultiBev\u2122 - A Water Bottle and Travel Cup, All-in-One\" width=\"500\" height=\"281\" src=\"https:\/\/www.youtube.com\/embed\/NAZLi1gpj-4?start=1&#038;feature=oembed\" frameborder=\"0\" allow=\"accelerometer; autoplay; clipboard-write; encrypted-media; gyroscope; picture-in-picture; web-share\" referrerpolicy=\"strict-origin-when-cross-origin\" allowfullscreen><\/iframe><\/div>\n<p>Bevi. Condividi. Risciacqua. Ripeti.<\/p>\n<p>Camelbak \u00e8 il marchio leader per lo sviluppo di sistemi di idratazione per l&#8217;outdoor in grado di combinare perfettamente capacit\u00e0, protezione, comodit\u00e0 e stabilit\u00e0. Da quando ha inventato nel 1989 il Camelbak per l&#8217;idratazione senza mani, l&#8217;azienda americana fornisce dispositivi per l&#8217;idratazione ad atleti e sportivi in tutto il mondo.","protected":false},"excerpt":{"rendered":"<p>Camelbak MultiBev SST Vacuum stainless 0,5L \u00e8 un recipiente 2 in 1 che funge sia da borraccia termica sia da [&hellip;]<\/p>\n","protected":false},"featured_media":93443,"comment_status":"open","ping_status":"closed","template":"","meta":{"_acf_changed":false},"product_brand":[645],"product_cat":[1233],"product_tag":[1222,1220,1221],"class_list":{"0":"post-93442","1":"product","2":"type-product","3":"status-publish","4":"has-post-thumbnail","6":"product_brand-camelbak","7":"product_cat-idratazione","8":"product_tag-camelbak-multibev","9":"product_tag-multibev","10":"product_tag-multibevanda","12":"first","13":"outofstock","14":"sale","15":"taxable","16":"shipping-taxable","17":"purchasable","18":"product-type-simple"},"acf":[],"yoast_head":"<!-- This site is optimized with the Yoast SEO plugin v26.4 - https:\/\/yoast.com\/wordpress\/plugins\/seo\/ -->\n<title>Camelbak MultiBev SST Vacuum stainless 0,5L bottiglia termica 2 in 1 - Sestogrado<\/title>\n<meta name=\"description\" content=\"Camelbak MultiBev SST Vacuum stainless 0,5L \u00e8 un recipiente 2 in 1 che funge sia da borraccia termica sia da tazza staccabile.Puoi riempirlo con il caff\u00e8 al mattino, l&#039;acqua durante il giorno e le birre da campeggio con gli amici la sera. L&#039;acciaio inossidabile con isolamento sottovuoto a doppia parete mantiene le bevande calde o fredde per ore!Una finitura con rivestimento a polvere e una base in silicone antiscivolo creano un esterno altamente resistente.Il tappo Pak a tenuta stagna conserva ordinatamente il rotolo di silicone e il coperchio pieghevole in modo ordinato e nascosto fino a quando non viene accoppiato con la tazza rimovibile. Pu\u00f2 anche essere utilizzato per riporre piccoli oggetti essenziali come una bustina di t\u00e8 o snack.Design facile da pulire, lavabile in lavastoviglie e privo di BPA, BPS e BPF. Sentiti bene nella scelta di una soluzione sostenibile per i rifiuti usa e getta.\" \/>\n<meta name=\"robots\" content=\"index, follow, max-snippet:-1, max-image-preview:large, max-video-preview:-1\" \/>\n<link rel=\"canonical\" href=\"https:\/\/www.sestogrado.it\/it\/prodotto\/camelbak-multibev-sst-vacuum-stainless-05l-bottiglia-termica-2-in-1\/\" \/>\n<meta property=\"og:locale\" content=\"it_IT\" \/>\n<meta property=\"og:type\" content=\"article\" \/>\n<meta property=\"og:title\" content=\"Camelbak MultiBev SST Vacuum stainless 0,5L bottiglia termica 2 in 1 - Sestogrado\" \/>\n<meta property=\"og:description\" content=\"Camelbak MultiBev SST Vacuum stainless 0,5L \u00e8 un recipiente 2 in 1 che funge sia da borraccia termica sia da tazza staccabile.Puoi riempirlo con il caff\u00e8 al mattino, l&#039;acqua durante il giorno e le birre da campeggio con gli amici la sera. L&#039;acciaio inossidabile con isolamento sottovuoto a doppia parete mantiene le bevande calde o fredde per ore!Una finitura con rivestimento a polvere e una base in silicone antiscivolo creano un esterno altamente resistente.Il tappo Pak a tenuta stagna conserva ordinatamente il rotolo di silicone e il coperchio pieghevole in modo ordinato e nascosto fino a quando non viene accoppiato con la tazza rimovibile. Pu\u00f2 anche essere utilizzato per riporre piccoli oggetti essenziali come una bustina di t\u00e8 o snack.Design facile da pulire, lavabile in lavastoviglie e privo di BPA, BPS e BPF. Sentiti bene nella scelta di una soluzione sostenibile per i rifiuti usa e getta.\" \/>\n<meta property=\"og:url\" content=\"https:\/\/www.sestogrado.it\/it\/prodotto\/camelbak-multibev-sst-vacuum-stainless-05l-bottiglia-termica-2-in-1\/\" \/>\n<meta property=\"og:site_name\" content=\"Sestogrado\" \/>\n<meta property=\"article:publisher\" content=\"https:\/\/www.facebook.com\/pages\/Sestogrado\/1542635979353017?ref=bookmarks\" \/>\n<meta property=\"article:modified_time\" content=\"2025-10-18T21:00:32+00:00\" \/>\n<meta property=\"og:image\" content=\"https:\/\/www.sestogrado.it\/wp-content\/uploads\/2022\/02\/2412101051_C567AD19-9CE1-51A3-9900-BC481B159E09.jpg\" \/>\n\t<meta property=\"og:image:width\" content=\"1200\" \/>\n\t<meta property=\"og:image:height\" content=\"1200\" \/>\n\t<meta property=\"og:image:type\" content=\"image\/jpeg\" \/>\n<meta name=\"twitter:label1\" content=\"Prezzo\" \/>\n\t<meta name=\"twitter:data1\" content=\"&euro;&nbsp;44,90\" \/>\n\t<meta name=\"twitter:label2\" content=\"Disponibilit\u00e0\" \/>\n\t<meta name=\"twitter:data2\" content=\"Esaurito\" \/>\n<script type=\"application\/ld+json\" class=\"yoast-schema-graph\">{\"@context\":\"https:\/\/schema.org\",\"@graph\":[{\"@type\":\"WebPage\",\"@id\":\"https:\/\/www.sestogrado.it\/it\/prodotto\/camelbak-multibev-sst-vacuum-stainless-05l-bottiglia-termica-2-in-1\/\",\"url\":\"https:\/\/www.sestogrado.it\/it\/prodotto\/camelbak-multibev-sst-vacuum-stainless-05l-bottiglia-termica-2-in-1\/\",\"name\":\"Camelbak MultiBev SST Vacuum stainless 0,5L bottiglia termica 2 in 1 - Sestogrado\",\"isPartOf\":{\"@id\":\"https:\/\/www.sestogrado.it\/it\/#website\"},\"primaryImageOfPage\":{\"@id\":\"https:\/\/www.sestogrado.it\/it\/prodotto\/camelbak-multibev-sst-vacuum-stainless-05l-bottiglia-termica-2-in-1\/#primaryimage\"},\"image\":{\"@id\":\"https:\/\/www.sestogrado.it\/prodotto\/camelbak-multibev-sst-vacuum-stainless-05l-bottiglia-termica-2-in-1\/#primaryimage\"},\"thumbnailUrl\":\"https:\/\/www.sestogrado.it\/wp-content\/uploads\/2022\/02\/2412101051_C567AD19-9CE1-51A3-9900-BC481B159E09.jpg\",\"datePublished\":\"2022-02-01T14:30:07+00:00\",\"dateModified\":\"2025-10-18T21:00:32+00:00\",\"description\":\"Camelbak MultiBev SST Vacuum stainless 0,5L \u00e8 un recipiente 2 in 1 che funge sia da borraccia termica sia da tazza staccabile.Puoi riempirlo con il caff\u00e8 al mattino, l'acqua durante il giorno e le birre da campeggio con gli amici la sera. L'acciaio inossidabile con isolamento sottovuoto a doppia parete mantiene le bevande calde o fredde per ore!Una finitura con rivestimento a polvere e una base in silicone antiscivolo creano un esterno altamente resistente.Il tappo Pak a tenuta stagna conserva ordinatamente il rotolo di silicone e il coperchio pieghevole in modo ordinato e nascosto fino a quando non viene accoppiato con la tazza rimovibile. Pu\u00f2 anche essere utilizzato per riporre piccoli oggetti essenziali come una bustina di t\u00e8 o snack.Design facile da pulire, lavabile in lavastoviglie e privo di BPA, BPS e BPF. Sentiti bene nella scelta di una soluzione sostenibile per i rifiuti usa e getta.\",\"breadcrumb\":{\"@id\":\"https:\/\/www.sestogrado.it\/it\/prodotto\/camelbak-multibev-sst-vacuum-stainless-05l-bottiglia-termica-2-in-1\/#breadcrumb\"},\"inLanguage\":\"it-IT\",\"potentialAction\":[{\"@type\":\"ReadAction\",\"target\":[[\"https:\/\/www.sestogrado.it\/it\/prodotto\/camelbak-multibev-sst-vacuum-stainless-05l-bottiglia-termica-2-in-1\/\"]]}]},{\"@type\":\"ImageObject\",\"inLanguage\":\"it-IT\",\"@id\":\"https:\/\/www.sestogrado.it\/it\/prodotto\/camelbak-multibev-sst-vacuum-stainless-05l-bottiglia-termica-2-in-1\/#primaryimage\",\"url\":\"https:\/\/www.sestogrado.it\/wp-content\/uploads\/2022\/02\/2412101051_C567AD19-9CE1-51A3-9900-BC481B159E09.jpg\",\"contentUrl\":\"https:\/\/www.sestogrado.it\/wp-content\/uploads\/2022\/02\/2412101051_C567AD19-9CE1-51A3-9900-BC481B159E09.jpg\",\"width\":1200,\"height\":1200,\"caption\":\"multibev SST vacuum insulated 0,5L\"},{\"@type\":\"BreadcrumbList\",\"@id\":\"https:\/\/www.sestogrado.it\/it\/prodotto\/camelbak-multibev-sst-vacuum-stainless-05l-bottiglia-termica-2-in-1\/#breadcrumb\",\"itemListElement\":[{\"@type\":\"ListItem\",\"position\":1,\"name\":\"Home\",\"item\":\"https:\/\/www.sestogrado.it\/it\/\"},{\"@type\":\"ListItem\",\"position\":2,\"name\":\"Shop\",\"item\":\"https:\/\/www.sestogrado.it\/it\/shop\/\"},{\"@type\":\"ListItem\",\"position\":3,\"name\":\"Camelbak MultiBev SST Vacuum stainless 0,5L bottiglia termica 2 in 1\"}]},{\"@type\":\"WebSite\",\"@id\":\"https:\/\/www.sestogrado.it\/it\/#website\",\"url\":\"https:\/\/www.sestogrado.it\/it\/\",\"name\":\"Sestogrado\",\"description\":\"yes we climb\",\"publisher\":{\"@id\":\"https:\/\/www.sestogrado.it\/it\/#organization\"},\"potentialAction\":[{\"@type\":\"SearchAction\",\"target\":{\"@type\":\"EntryPoint\",\"urlTemplate\":\"https:\/\/www.sestogrado.it\/it\/?s={search_term_string}\"},\"query-input\":{\"@type\":\"PropertyValueSpecification\",\"valueRequired\":true,\"valueName\":\"search_term_string\"}}],\"inLanguage\":\"it-IT\"},{\"@type\":\"Organization\",\"@id\":\"https:\/\/www.sestogrado.it\/it\/#organization\",\"name\":\"Sestogrado\",\"url\":\"https:\/\/www.sestogrado.it\/it\/\",\"logo\":{\"@type\":\"ImageObject\",\"inLanguage\":\"it-IT\",\"@id\":\"https:\/\/www.sestogrado.it\/it\/#\/schema\/logo\/image\/\",\"url\":\"https:\/\/www.sestogrado.it\/wp-content\/uploads\/2015\/03\/sestogrado-favicon.png\",\"contentUrl\":\"https:\/\/www.sestogrado.it\/wp-content\/uploads\/2015\/03\/sestogrado-favicon.png\",\"width\":260,\"height\":260,\"caption\":\"Sestogrado\"},\"image\":{\"@id\":\"https:\/\/www.sestogrado.it\/it\/#\/schema\/logo\/image\/\"},\"sameAs\":[\"https:\/\/www.facebook.com\/pages\/Sestogrado\/1542635979353017?ref=bookmarks\",\"https:\/\/www.youtube.com\/channel\/UC847kAfTkaJsWpc1jtQwr3Q\"],\"hasMerchantReturnPolicy\":{\"@type\":\"MerchantReturnPolicy\",\"merchantReturnLink\":\"https:\/\/www.sestogrado.it\/it\/termini-e-condizioni\/\"}}]}<\/script>\n<meta property=\"product:brand\" content=\"Camelbak\" \/>\n<meta property=\"product:price:amount\" content=\"44.90\" \/>\n<meta property=\"product:price:currency\" content=\"EUR\" \/>\n<meta property=\"og:availability\" content=\"out of stock\" \/>\n<meta property=\"product:availability\" content=\"out of stock\" \/>\n<meta property=\"product:condition\" content=\"new\" \/>\n<!-- \/ Yoast SEO plugin. -->","yoast_head_json":{"title":"Camelbak MultiBev SST Vacuum stainless 0,5L bottiglia termica 2 in 1 - Sestogrado","description":"Camelbak MultiBev SST Vacuum stainless 0,5L \u00e8 un recipiente 2 in 1 che funge sia da borraccia termica sia da tazza staccabile.Puoi riempirlo con il caff\u00e8 al mattino, l'acqua durante il giorno e le birre da campeggio con gli amici la sera. L'acciaio inossidabile con isolamento sottovuoto a doppia parete mantiene le bevande calde o fredde per ore!Una finitura con rivestimento a polvere e una base in silicone antiscivolo creano un esterno altamente resistente.Il tappo Pak a tenuta stagna conserva ordinatamente il rotolo di silicone e il coperchio pieghevole in modo ordinato e nascosto fino a quando non viene accoppiato con la tazza rimovibile. Pu\u00f2 anche essere utilizzato per riporre piccoli oggetti essenziali come una bustina di t\u00e8 o snack.Design facile da pulire, lavabile in lavastoviglie e privo di BPA, BPS e BPF. Sentiti bene nella scelta di una soluzione sostenibile per i rifiuti usa e getta.","robots":{"index":"index","follow":"follow","max-snippet":"max-snippet:-1","max-image-preview":"max-image-preview:large","max-video-preview":"max-video-preview:-1"},"canonical":"https:\/\/www.sestogrado.it\/it\/prodotto\/camelbak-multibev-sst-vacuum-stainless-05l-bottiglia-termica-2-in-1\/","og_locale":"it_IT","og_type":"article","og_title":"Camelbak MultiBev SST Vacuum stainless 0,5L bottiglia termica 2 in 1 - Sestogrado","og_description":"Camelbak MultiBev SST Vacuum stainless 0,5L \u00e8 un recipiente 2 in 1 che funge sia da borraccia termica sia da tazza staccabile.Puoi riempirlo con il caff\u00e8 al mattino, l'acqua durante il giorno e le birre da campeggio con gli amici la sera. L'acciaio inossidabile con isolamento sottovuoto a doppia parete mantiene le bevande calde o fredde per ore!Una finitura con rivestimento a polvere e una base in silicone antiscivolo creano un esterno altamente resistente.Il tappo Pak a tenuta stagna conserva ordinatamente il rotolo di silicone e il coperchio pieghevole in modo ordinato e nascosto fino a quando non viene accoppiato con la tazza rimovibile. Pu\u00f2 anche essere utilizzato per riporre piccoli oggetti essenziali come una bustina di t\u00e8 o snack.Design facile da pulire, lavabile in lavastoviglie e privo di BPA, BPS e BPF. Sentiti bene nella scelta di una soluzione sostenibile per i rifiuti usa e getta.","og_url":"https:\/\/www.sestogrado.it\/it\/prodotto\/camelbak-multibev-sst-vacuum-stainless-05l-bottiglia-termica-2-in-1\/","og_site_name":"Sestogrado","article_publisher":"https:\/\/www.facebook.com\/pages\/Sestogrado\/1542635979353017?ref=bookmarks","article_modified_time":"2025-10-18T21:00:32+00:00","og_image":[{"width":1200,"height":1200,"url":"https:\/\/www.sestogrado.it\/wp-content\/uploads\/2022\/02\/2412101051_C567AD19-9CE1-51A3-9900-BC481B159E09.jpg","type":"image\/jpeg"}],"twitter_misc":{"Prezzo":"&euro;&nbsp;44,90","Disponibilit\u00e0":"Esaurito"},"schema":{"@context":"https:\/\/schema.org","@graph":[{"@type":"WebPage","@id":"https:\/\/www.sestogrado.it\/it\/prodotto\/camelbak-multibev-sst-vacuum-stainless-05l-bottiglia-termica-2-in-1\/","url":"https:\/\/www.sestogrado.it\/it\/prodotto\/camelbak-multibev-sst-vacuum-stainless-05l-bottiglia-termica-2-in-1\/","name":"Camelbak MultiBev SST Vacuum stainless 0,5L bottiglia termica 2 in 1 - Sestogrado","isPartOf":{"@id":"https:\/\/www.sestogrado.it\/it\/#website"},"primaryImageOfPage":{"@id":"https:\/\/www.sestogrado.it\/it\/prodotto\/camelbak-multibev-sst-vacuum-stainless-05l-bottiglia-termica-2-in-1\/#primaryimage"},"image":{"@id":"https:\/\/www.sestogrado.it\/prodotto\/camelbak-multibev-sst-vacuum-stainless-05l-bottiglia-termica-2-in-1\/#primaryimage"},"thumbnailUrl":"https:\/\/www.sestogrado.it\/wp-content\/uploads\/2022\/02\/2412101051_C567AD19-9CE1-51A3-9900-BC481B159E09.jpg","datePublished":"2022-02-01T14:30:07+00:00","dateModified":"2025-10-18T21:00:32+00:00","description":"Camelbak MultiBev SST Vacuum stainless 0,5L \u00e8 un recipiente 2 in 1 che funge sia da borraccia termica sia da tazza staccabile.Puoi riempirlo con il caff\u00e8 al mattino, l'acqua durante il giorno e le birre da campeggio con gli amici la sera. L'acciaio inossidabile con isolamento sottovuoto a doppia parete mantiene le bevande calde o fredde per ore!Una finitura con rivestimento a polvere e una base in silicone antiscivolo creano un esterno altamente resistente.Il tappo Pak a tenuta stagna conserva ordinatamente il rotolo di silicone e il coperchio pieghevole in modo ordinato e nascosto fino a quando non viene accoppiato con la tazza rimovibile. Pu\u00f2 anche essere utilizzato per riporre piccoli oggetti essenziali come una bustina di t\u00e8 o snack.Design facile da pulire, lavabile in lavastoviglie e privo di BPA, BPS e BPF. Sentiti bene nella scelta di una soluzione sostenibile per i rifiuti usa e getta.","breadcrumb":{"@id":"https:\/\/www.sestogrado.it\/it\/prodotto\/camelbak-multibev-sst-vacuum-stainless-05l-bottiglia-termica-2-in-1\/#breadcrumb"},"inLanguage":"it-IT","potentialAction":[{"@type":"ReadAction","target":[["https:\/\/www.sestogrado.it\/it\/prodotto\/camelbak-multibev-sst-vacuum-stainless-05l-bottiglia-termica-2-in-1\/"]]}]},{"@type":"ImageObject","inLanguage":"it-IT","@id":"https:\/\/www.sestogrado.it\/it\/prodotto\/camelbak-multibev-sst-vacuum-stainless-05l-bottiglia-termica-2-in-1\/#primaryimage","url":"https:\/\/www.sestogrado.it\/wp-content\/uploads\/2022\/02\/2412101051_C567AD19-9CE1-51A3-9900-BC481B159E09.jpg","contentUrl":"https:\/\/www.sestogrado.it\/wp-content\/uploads\/2022\/02\/2412101051_C567AD19-9CE1-51A3-9900-BC481B159E09.jpg","width":1200,"height":1200,"caption":"multibev SST vacuum insulated 0,5L"},{"@type":"BreadcrumbList","@id":"https:\/\/www.sestogrado.it\/it\/prodotto\/camelbak-multibev-sst-vacuum-stainless-05l-bottiglia-termica-2-in-1\/#breadcrumb","itemListElement":[{"@type":"ListItem","position":1,"name":"Home","item":"https:\/\/www.sestogrado.it\/it\/"},{"@type":"ListItem","position":2,"name":"Shop","item":"https:\/\/www.sestogrado.it\/it\/shop\/"},{"@type":"ListItem","position":3,"name":"Camelbak MultiBev SST Vacuum stainless 0,5L bottiglia termica 2 in 1"}]},{"@type":"WebSite","@id":"https:\/\/www.sestogrado.it\/it\/#website","url":"https:\/\/www.sestogrado.it\/it\/","name":"Sestogrado","description":"yes we climb","publisher":{"@id":"https:\/\/www.sestogrado.it\/it\/#organization"},"potentialAction":[{"@type":"SearchAction","target":{"@type":"EntryPoint","urlTemplate":"https:\/\/www.sestogrado.it\/it\/?s={search_term_string}"},"query-input":{"@type":"PropertyValueSpecification","valueRequired":true,"valueName":"search_term_string"}}],"inLanguage":"it-IT"},{"@type":"Organization","@id":"https:\/\/www.sestogrado.it\/it\/#organization","name":"Sestogrado","url":"https:\/\/www.sestogrado.it\/it\/","logo":{"@type":"ImageObject","inLanguage":"it-IT","@id":"https:\/\/www.sestogrado.it\/it\/#\/schema\/logo\/image\/","url":"https:\/\/www.sestogrado.it\/wp-content\/uploads\/2015\/03\/sestogrado-favicon.png","contentUrl":"https:\/\/www.sestogrado.it\/wp-content\/uploads\/2015\/03\/sestogrado-favicon.png","width":260,"height":260,"caption":"Sestogrado"},"image":{"@id":"https:\/\/www.sestogrado.it\/it\/#\/schema\/logo\/image\/"},"sameAs":["https:\/\/www.facebook.com\/pages\/Sestogrado\/1542635979353017?ref=bookmarks","https:\/\/www.youtube.com\/channel\/UC847kAfTkaJsWpc1jtQwr3Q"],"hasMerchantReturnPolicy":{"@type":"MerchantReturnPolicy","merchantReturnLink":"https:\/\/www.sestogrado.it\/it\/termini-e-condizioni\/"}}]},"product_brand":"Camelbak","product_price_amount":"44.90","product_price_currency":"EUR","og_availability":"out of stock","product_availability":"out of stock","product_condition":"new"},"_links":{"self":[{"href":"https:\/\/www.sestogrado.it\/it\/wp-json\/wp\/v2\/product\/93442","targetHints":{"allow":["GET"]}}],"collection":[{"href":"https:\/\/www.sestogrado.it\/it\/wp-json\/wp\/v2\/product"}],"about":[{"href":"https:\/\/www.sestogrado.it\/it\/wp-json\/wp\/v2\/types\/product"}],"replies":[{"embeddable":true,"href":"https:\/\/www.sestogrado.it\/it\/wp-json\/wp\/v2\/comments?post=93442"}],"wp:featuredmedia":[{"embeddable":true,"href":"https:\/\/www.sestogrado.it\/it\/wp-json\/wp\/v2\/media\/93443"}],"wp:attachment":[{"href":"https:\/\/www.sestogrado.it\/it\/wp-json\/wp\/v2\/media?parent=93442"}],"wp:term":[{"taxonomy":"product_brand","embeddable":true,"href":"https:\/\/www.sestogrado.it\/it\/wp-json\/wp\/v2\/product_brand?post=93442"},{"taxonomy":"product_cat","embeddable":true,"href":"https:\/\/www.sestogrado.it\/it\/wp-json\/wp\/v2\/product_cat?post=93442"},{"taxonomy":"product_tag","embeddable":true,"href":"https:\/\/www.sestogrado.it\/it\/wp-json\/wp\/v2\/product_tag?post=93442"}],"curies":[{"name":"wp","href":"https:\/\/api.w.org\/{rel}","templated":true}]}}