{"id":93313,"date":"2022-01-31T17:01:33","date_gmt":"2022-01-31T16:01:33","guid":{"rendered":"https:\/\/www.sestogrado.it\/?post_type=product&#038;p=93313"},"modified":"2024-10-09T05:20:25","modified_gmt":"2024-10-09T03:20:25","slug":"camelbak-eddy-1l-borraccia","status":"publish","type":"product","link":"https:\/\/www.sestogrado.it\/it\/prodotto\/camelbak-eddy-1l-borraccia\/","title":{"rendered":"Camelbak Eddy+ 1L borraccia"},"content":{"rendered":"<p>La <strong>Camebak Eddy+ 1L<\/strong> \u00e8 una borraccia classica, valida per tutte le occasioni. <strong>Eddy+ \u00e8 a prova di perdite<\/strong>, con la cannuccia interna collegata al boccaglio (bite valve), asola per il trasporto o il fissaggio.<\/p>\n<ul>\n<li>reclina la valvola, mordi e bevi, il liquido sale attraverso la cannuccia<\/li>\n<li>nessuna perdita a valvola aperta, tenuta stagna a valvola chiusa<\/li>\n<li>lavabile in lavastoviglie<\/li>\n<li>materiale privo di odore e di sapore<\/li>\n<li>senza BPA e BPS<\/li>\n<li>materiale: Tritan<\/li>\n<li>tappo universale con altri prodotti Camelbak<\/li>\n<\/ul>\n<p><strong>Camelbak Eddy+ 1L<\/strong> \u00e8 una borraccia essenziale e comoda che pu\u00f2 essere riposta in qualsiasi zaino, anche nella tua borsa da lavoro di tutti i giorni.<\/p>\n<div class=\"embed-responsive embed-responsive-16by9\"><iframe title=\"CamelBak Tritan Renew Eddy+ Cap Water Bottle\" width=\"500\" height=\"281\" src=\"https:\/\/www.youtube.com\/embed\/qjhjuJ_hkJk?feature=oembed\" frameborder=\"0\" allow=\"accelerometer; autoplay; clipboard-write; encrypted-media; gyroscope; picture-in-picture; web-share\" referrerpolicy=\"strict-origin-when-cross-origin\" allowfullscreen><\/iframe><\/div>\n<p>&nbsp;<\/p>\n<p>Camelbak \u00e8 il marchio leader per lo sviluppo di sistemi di idratazione per l&#8217;outdoor in grado di combinare perfettamente capacit\u00e0, protezione, comodit\u00e0 e stabilit\u00e0. Da quando ha inventato nel 1989 il Camelbak per l&#8217;idratazione senza mani, l&#8217;azienda americana fornisce dispositivi per l&#8217;idratazione ad atleti e sportivi in tutto il mondo.<\/p>","protected":false},"excerpt":{"rendered":"<p>La Camebak Eddy+ 1L \u00e8 una borraccia classica, valida per tutte le occasioni. Eddy+ \u00e8 a prova di perdite, con [&hellip;]<\/p>\n","protected":false},"featured_media":93314,"comment_status":"open","ping_status":"closed","template":"","meta":{"_acf_changed":false},"product_brand":[645],"product_cat":[1233],"product_tag":[1215,1216,1211,1205],"class_list":{"0":"post-93313","1":"product","2":"type-product","3":"status-publish","4":"has-post-thumbnail","6":"product_brand-camelbak","7":"product_cat-idratazione","8":"product_tag-1l-borraccia","9":"product_tag-1litro-borraccia","10":"product_tag-borraccia-camelbak","11":"product_tag-camelbak","13":"first","14":"instock","15":"sale","16":"taxable","17":"shipping-taxable","18":"purchasable","19":"product-type-simple"},"acf":[],"yoast_head":"<!-- This site is optimized with the Yoast SEO plugin v26.4 - https:\/\/yoast.com\/wordpress\/plugins\/seo\/ -->\n<title>Camelbak Eddy+ 1L borraccia - Sestogrado<\/title>\n<meta name=\"description\" content=\"La Camebak Eddy+ 1L \u00e8 una borraccia classica, valida per tutte le occasioni. Eddy+ \u00e8 a prova di perdite, con la cannuccia interna collegata al boccaglio (bite valve), asola per il trasporto o il fissaggio. reclina la valvola, mordi e bevi, il liquido sale attraverso la cannuccia. nessuna perdita a valvola aperta, tenuta stagna a valvola chiusa. lavabile in lavastoviglie. materiale privo di odore e di sapore. senza BPA e BPS. materiale: Tritantappo universale con altri prodotti Camelbak. Camelbak Eddy+ 1L \u00e8 una borraccia essenziale e comoda che pu\u00f2 essere riposta in qualsiasi zaino, anche nella tua borsa da lavoro di tutti i giorni.\" \/>\n<meta name=\"robots\" content=\"index, follow, max-snippet:-1, max-image-preview:large, max-video-preview:-1\" \/>\n<link rel=\"canonical\" href=\"https:\/\/www.sestogrado.it\/it\/prodotto\/camelbak-eddy-1l-borraccia\/\" \/>\n<meta property=\"og:locale\" content=\"it_IT\" \/>\n<meta property=\"og:type\" content=\"article\" \/>\n<meta property=\"og:title\" content=\"Camelbak Eddy+ 1L borraccia - Sestogrado\" \/>\n<meta property=\"og:description\" content=\"La Camebak Eddy+ 1L \u00e8 una borraccia classica, valida per tutte le occasioni. Eddy+ \u00e8 a prova di perdite, con la cannuccia interna collegata al boccaglio (bite valve), asola per il trasporto o il fissaggio. reclina la valvola, mordi e bevi, il liquido sale attraverso la cannuccia. nessuna perdita a valvola aperta, tenuta stagna a valvola chiusa. lavabile in lavastoviglie. materiale privo di odore e di sapore. senza BPA e BPS. materiale: Tritantappo universale con altri prodotti Camelbak. Camelbak Eddy+ 1L \u00e8 una borraccia essenziale e comoda che pu\u00f2 essere riposta in qualsiasi zaino, anche nella tua borsa da lavoro di tutti i giorni.\" \/>\n<meta property=\"og:url\" content=\"https:\/\/www.sestogrado.it\/it\/prodotto\/camelbak-eddy-1l-borraccia\/\" \/>\n<meta property=\"og:site_name\" content=\"Sestogrado\" \/>\n<meta property=\"article:publisher\" content=\"https:\/\/www.facebook.com\/pages\/Sestogrado\/1542635979353017?ref=bookmarks\" \/>\n<meta property=\"article:modified_time\" content=\"2024-10-09T03:20:25+00:00\" \/>\n<meta property=\"og:image\" content=\"https:\/\/www.sestogrado.it\/wp-content\/uploads\/2022\/01\/2464402001_DD6FF61A-C872-5EEC-97E3-E1621F949B11.jpg\" \/>\n\t<meta property=\"og:image:width\" content=\"1200\" \/>\n\t<meta property=\"og:image:height\" content=\"1200\" \/>\n\t<meta property=\"og:image:type\" content=\"image\/jpeg\" \/>\n<meta name=\"twitter:label1\" content=\"Prezzo\" \/>\n\t<meta name=\"twitter:data1\" content=\"&euro;&nbsp;19,90\" \/>\n\t<meta name=\"twitter:label2\" content=\"Disponibilit\u00e0\" \/>\n\t<meta name=\"twitter:data2\" content=\"In stock\" \/>\n<script type=\"application\/ld+json\" class=\"yoast-schema-graph\">{\"@context\":\"https:\/\/schema.org\",\"@graph\":[{\"@type\":\"WebPage\",\"@id\":\"https:\/\/www.sestogrado.it\/it\/prodotto\/camelbak-eddy-1l-borraccia\/\",\"url\":\"https:\/\/www.sestogrado.it\/it\/prodotto\/camelbak-eddy-1l-borraccia\/\",\"name\":\"Camelbak Eddy+ 1L borraccia - Sestogrado\",\"isPartOf\":{\"@id\":\"https:\/\/www.sestogrado.it\/it\/#website\"},\"primaryImageOfPage\":{\"@id\":\"https:\/\/www.sestogrado.it\/it\/prodotto\/camelbak-eddy-1l-borraccia\/#primaryimage\"},\"image\":{\"@id\":\"https:\/\/www.sestogrado.it\/prodotto\/camelbak-eddy-1l-borraccia\/#primaryimage\"},\"thumbnailUrl\":\"https:\/\/www.sestogrado.it\/wp-content\/uploads\/2022\/01\/2464402001_DD6FF61A-C872-5EEC-97E3-E1621F949B11.jpg\",\"datePublished\":\"2022-01-31T16:01:33+00:00\",\"dateModified\":\"2024-10-09T03:20:25+00:00\",\"description\":\"La Camebak Eddy+ 1L \u00e8 una borraccia classica, valida per tutte le occasioni. Eddy+ \u00e8 a prova di perdite, con la cannuccia interna collegata al boccaglio (bite valve), asola per il trasporto o il fissaggio. reclina la valvola, mordi e bevi, il liquido sale attraverso la cannuccia. nessuna perdita a valvola aperta, tenuta stagna a valvola chiusa. lavabile in lavastoviglie. materiale privo di odore e di sapore. senza BPA e BPS. materiale: Tritantappo universale con altri prodotti Camelbak. Camelbak Eddy+ 1L \u00e8 una borraccia essenziale e comoda che pu\u00f2 essere riposta in qualsiasi zaino, anche nella tua borsa da lavoro di tutti i giorni.\",\"breadcrumb\":{\"@id\":\"https:\/\/www.sestogrado.it\/it\/prodotto\/camelbak-eddy-1l-borraccia\/#breadcrumb\"},\"inLanguage\":\"it-IT\",\"potentialAction\":[{\"@type\":\"ReadAction\",\"target\":[[\"https:\/\/www.sestogrado.it\/it\/prodotto\/camelbak-eddy-1l-borraccia\/\"]]}]},{\"@type\":\"ImageObject\",\"inLanguage\":\"it-IT\",\"@id\":\"https:\/\/www.sestogrado.it\/it\/prodotto\/camelbak-eddy-1l-borraccia\/#primaryimage\",\"url\":\"https:\/\/www.sestogrado.it\/wp-content\/uploads\/2022\/01\/2464402001_DD6FF61A-C872-5EEC-97E3-E1621F949B11.jpg\",\"contentUrl\":\"https:\/\/www.sestogrado.it\/wp-content\/uploads\/2022\/01\/2464402001_DD6FF61A-C872-5EEC-97E3-E1621F949B11.jpg\",\"width\":1200,\"height\":1200,\"caption\":\"eddy+ 1L camelbak\"},{\"@type\":\"BreadcrumbList\",\"@id\":\"https:\/\/www.sestogrado.it\/it\/prodotto\/camelbak-eddy-1l-borraccia\/#breadcrumb\",\"itemListElement\":[{\"@type\":\"ListItem\",\"position\":1,\"name\":\"Home\",\"item\":\"https:\/\/www.sestogrado.it\/it\/\"},{\"@type\":\"ListItem\",\"position\":2,\"name\":\"Shop\",\"item\":\"https:\/\/www.sestogrado.it\/it\/shop\/\"},{\"@type\":\"ListItem\",\"position\":3,\"name\":\"Camelbak Eddy+ 1L borraccia\"}]},{\"@type\":\"WebSite\",\"@id\":\"https:\/\/www.sestogrado.it\/it\/#website\",\"url\":\"https:\/\/www.sestogrado.it\/it\/\",\"name\":\"Sestogrado\",\"description\":\"yes we climb\",\"publisher\":{\"@id\":\"https:\/\/www.sestogrado.it\/it\/#organization\"},\"potentialAction\":[{\"@type\":\"SearchAction\",\"target\":{\"@type\":\"EntryPoint\",\"urlTemplate\":\"https:\/\/www.sestogrado.it\/it\/?s={search_term_string}\"},\"query-input\":{\"@type\":\"PropertyValueSpecification\",\"valueRequired\":true,\"valueName\":\"search_term_string\"}}],\"inLanguage\":\"it-IT\"},{\"@type\":\"Organization\",\"@id\":\"https:\/\/www.sestogrado.it\/it\/#organization\",\"name\":\"Sestogrado\",\"url\":\"https:\/\/www.sestogrado.it\/it\/\",\"logo\":{\"@type\":\"ImageObject\",\"inLanguage\":\"it-IT\",\"@id\":\"https:\/\/www.sestogrado.it\/it\/#\/schema\/logo\/image\/\",\"url\":\"https:\/\/www.sestogrado.it\/wp-content\/uploads\/2015\/03\/sestogrado-favicon.png\",\"contentUrl\":\"https:\/\/www.sestogrado.it\/wp-content\/uploads\/2015\/03\/sestogrado-favicon.png\",\"width\":260,\"height\":260,\"caption\":\"Sestogrado\"},\"image\":{\"@id\":\"https:\/\/www.sestogrado.it\/it\/#\/schema\/logo\/image\/\"},\"sameAs\":[\"https:\/\/www.facebook.com\/pages\/Sestogrado\/1542635979353017?ref=bookmarks\",\"https:\/\/www.youtube.com\/channel\/UC847kAfTkaJsWpc1jtQwr3Q\"],\"hasMerchantReturnPolicy\":{\"@type\":\"MerchantReturnPolicy\",\"merchantReturnLink\":\"https:\/\/www.sestogrado.it\/it\/termini-e-condizioni\/\"}}]}<\/script>\n<meta property=\"product:brand\" content=\"Camelbak\" \/>\n<meta property=\"product:price:amount\" content=\"19.90\" \/>\n<meta property=\"product:price:currency\" content=\"EUR\" \/>\n<meta property=\"og:availability\" content=\"instock\" \/>\n<meta property=\"product:availability\" content=\"instock\" \/>\n<meta property=\"product:condition\" content=\"new\" \/>\n<!-- \/ Yoast SEO plugin. -->","yoast_head_json":{"title":"Camelbak Eddy+ 1L borraccia - Sestogrado","description":"La Camebak Eddy+ 1L \u00e8 una borraccia classica, valida per tutte le occasioni. Eddy+ \u00e8 a prova di perdite, con la cannuccia interna collegata al boccaglio (bite valve), asola per il trasporto o il fissaggio. reclina la valvola, mordi e bevi, il liquido sale attraverso la cannuccia. nessuna perdita a valvola aperta, tenuta stagna a valvola chiusa. lavabile in lavastoviglie. materiale privo di odore e di sapore. senza BPA e BPS. materiale: Tritantappo universale con altri prodotti Camelbak. Camelbak Eddy+ 1L \u00e8 una borraccia essenziale e comoda che pu\u00f2 essere riposta in qualsiasi zaino, anche nella tua borsa da lavoro di tutti i giorni.","robots":{"index":"index","follow":"follow","max-snippet":"max-snippet:-1","max-image-preview":"max-image-preview:large","max-video-preview":"max-video-preview:-1"},"canonical":"https:\/\/www.sestogrado.it\/it\/prodotto\/camelbak-eddy-1l-borraccia\/","og_locale":"it_IT","og_type":"article","og_title":"Camelbak Eddy+ 1L borraccia - Sestogrado","og_description":"La Camebak Eddy+ 1L \u00e8 una borraccia classica, valida per tutte le occasioni. Eddy+ \u00e8 a prova di perdite, con la cannuccia interna collegata al boccaglio (bite valve), asola per il trasporto o il fissaggio. reclina la valvola, mordi e bevi, il liquido sale attraverso la cannuccia. nessuna perdita a valvola aperta, tenuta stagna a valvola chiusa. lavabile in lavastoviglie. materiale privo di odore e di sapore. senza BPA e BPS. materiale: Tritantappo universale con altri prodotti Camelbak. Camelbak Eddy+ 1L \u00e8 una borraccia essenziale e comoda che pu\u00f2 essere riposta in qualsiasi zaino, anche nella tua borsa da lavoro di tutti i giorni.","og_url":"https:\/\/www.sestogrado.it\/it\/prodotto\/camelbak-eddy-1l-borraccia\/","og_site_name":"Sestogrado","article_publisher":"https:\/\/www.facebook.com\/pages\/Sestogrado\/1542635979353017?ref=bookmarks","article_modified_time":"2024-10-09T03:20:25+00:00","og_image":[{"width":1200,"height":1200,"url":"https:\/\/www.sestogrado.it\/wp-content\/uploads\/2022\/01\/2464402001_DD6FF61A-C872-5EEC-97E3-E1621F949B11.jpg","type":"image\/jpeg"}],"twitter_misc":{"Prezzo":"&euro;&nbsp;19,90","Disponibilit\u00e0":"In stock"},"schema":{"@context":"https:\/\/schema.org","@graph":[{"@type":"WebPage","@id":"https:\/\/www.sestogrado.it\/it\/prodotto\/camelbak-eddy-1l-borraccia\/","url":"https:\/\/www.sestogrado.it\/it\/prodotto\/camelbak-eddy-1l-borraccia\/","name":"Camelbak Eddy+ 1L borraccia - Sestogrado","isPartOf":{"@id":"https:\/\/www.sestogrado.it\/it\/#website"},"primaryImageOfPage":{"@id":"https:\/\/www.sestogrado.it\/it\/prodotto\/camelbak-eddy-1l-borraccia\/#primaryimage"},"image":{"@id":"https:\/\/www.sestogrado.it\/prodotto\/camelbak-eddy-1l-borraccia\/#primaryimage"},"thumbnailUrl":"https:\/\/www.sestogrado.it\/wp-content\/uploads\/2022\/01\/2464402001_DD6FF61A-C872-5EEC-97E3-E1621F949B11.jpg","datePublished":"2022-01-31T16:01:33+00:00","dateModified":"2024-10-09T03:20:25+00:00","description":"La Camebak Eddy+ 1L \u00e8 una borraccia classica, valida per tutte le occasioni. Eddy+ \u00e8 a prova di perdite, con la cannuccia interna collegata al boccaglio (bite valve), asola per il trasporto o il fissaggio. reclina la valvola, mordi e bevi, il liquido sale attraverso la cannuccia. nessuna perdita a valvola aperta, tenuta stagna a valvola chiusa. lavabile in lavastoviglie. materiale privo di odore e di sapore. senza BPA e BPS. materiale: Tritantappo universale con altri prodotti Camelbak. Camelbak Eddy+ 1L \u00e8 una borraccia essenziale e comoda che pu\u00f2 essere riposta in qualsiasi zaino, anche nella tua borsa da lavoro di tutti i giorni.","breadcrumb":{"@id":"https:\/\/www.sestogrado.it\/it\/prodotto\/camelbak-eddy-1l-borraccia\/#breadcrumb"},"inLanguage":"it-IT","potentialAction":[{"@type":"ReadAction","target":[["https:\/\/www.sestogrado.it\/it\/prodotto\/camelbak-eddy-1l-borraccia\/"]]}]},{"@type":"ImageObject","inLanguage":"it-IT","@id":"https:\/\/www.sestogrado.it\/it\/prodotto\/camelbak-eddy-1l-borraccia\/#primaryimage","url":"https:\/\/www.sestogrado.it\/wp-content\/uploads\/2022\/01\/2464402001_DD6FF61A-C872-5EEC-97E3-E1621F949B11.jpg","contentUrl":"https:\/\/www.sestogrado.it\/wp-content\/uploads\/2022\/01\/2464402001_DD6FF61A-C872-5EEC-97E3-E1621F949B11.jpg","width":1200,"height":1200,"caption":"eddy+ 1L camelbak"},{"@type":"BreadcrumbList","@id":"https:\/\/www.sestogrado.it\/it\/prodotto\/camelbak-eddy-1l-borraccia\/#breadcrumb","itemListElement":[{"@type":"ListItem","position":1,"name":"Home","item":"https:\/\/www.sestogrado.it\/it\/"},{"@type":"ListItem","position":2,"name":"Shop","item":"https:\/\/www.sestogrado.it\/it\/shop\/"},{"@type":"ListItem","position":3,"name":"Camelbak Eddy+ 1L borraccia"}]},{"@type":"WebSite","@id":"https:\/\/www.sestogrado.it\/it\/#website","url":"https:\/\/www.sestogrado.it\/it\/","name":"Sestogrado","description":"yes we climb","publisher":{"@id":"https:\/\/www.sestogrado.it\/it\/#organization"},"potentialAction":[{"@type":"SearchAction","target":{"@type":"EntryPoint","urlTemplate":"https:\/\/www.sestogrado.it\/it\/?s={search_term_string}"},"query-input":{"@type":"PropertyValueSpecification","valueRequired":true,"valueName":"search_term_string"}}],"inLanguage":"it-IT"},{"@type":"Organization","@id":"https:\/\/www.sestogrado.it\/it\/#organization","name":"Sestogrado","url":"https:\/\/www.sestogrado.it\/it\/","logo":{"@type":"ImageObject","inLanguage":"it-IT","@id":"https:\/\/www.sestogrado.it\/it\/#\/schema\/logo\/image\/","url":"https:\/\/www.sestogrado.it\/wp-content\/uploads\/2015\/03\/sestogrado-favicon.png","contentUrl":"https:\/\/www.sestogrado.it\/wp-content\/uploads\/2015\/03\/sestogrado-favicon.png","width":260,"height":260,"caption":"Sestogrado"},"image":{"@id":"https:\/\/www.sestogrado.it\/it\/#\/schema\/logo\/image\/"},"sameAs":["https:\/\/www.facebook.com\/pages\/Sestogrado\/1542635979353017?ref=bookmarks","https:\/\/www.youtube.com\/channel\/UC847kAfTkaJsWpc1jtQwr3Q"],"hasMerchantReturnPolicy":{"@type":"MerchantReturnPolicy","merchantReturnLink":"https:\/\/www.sestogrado.it\/it\/termini-e-condizioni\/"}}]},"product_brand":"Camelbak","product_price_amount":"19.90","product_price_currency":"EUR","og_availability":"instock","product_availability":"instock","product_condition":"new"},"_links":{"self":[{"href":"https:\/\/www.sestogrado.it\/it\/wp-json\/wp\/v2\/product\/93313","targetHints":{"allow":["GET"]}}],"collection":[{"href":"https:\/\/www.sestogrado.it\/it\/wp-json\/wp\/v2\/product"}],"about":[{"href":"https:\/\/www.sestogrado.it\/it\/wp-json\/wp\/v2\/types\/product"}],"replies":[{"embeddable":true,"href":"https:\/\/www.sestogrado.it\/it\/wp-json\/wp\/v2\/comments?post=93313"}],"wp:featuredmedia":[{"embeddable":true,"href":"https:\/\/www.sestogrado.it\/it\/wp-json\/wp\/v2\/media\/93314"}],"wp:attachment":[{"href":"https:\/\/www.sestogrado.it\/it\/wp-json\/wp\/v2\/media?parent=93313"}],"wp:term":[{"taxonomy":"product_brand","embeddable":true,"href":"https:\/\/www.sestogrado.it\/it\/wp-json\/wp\/v2\/product_brand?post=93313"},{"taxonomy":"product_cat","embeddable":true,"href":"https:\/\/www.sestogrado.it\/it\/wp-json\/wp\/v2\/product_cat?post=93313"},{"taxonomy":"product_tag","embeddable":true,"href":"https:\/\/www.sestogrado.it\/it\/wp-json\/wp\/v2\/product_tag?post=93313"}],"curies":[{"name":"wp","href":"https:\/\/api.w.org\/{rel}","templated":true}]}}