{"id":93311,"date":"2022-01-31T16:53:25","date_gmt":"2022-01-31T15:53:25","guid":{"rendered":"https:\/\/www.sestogrado.it\/?post_type=product&#038;p=93311"},"modified":"2022-02-02T16:48:33","modified_gmt":"2022-02-02T15:48:33","slug":"camelbak-eddy-06l-borraccia","status":"publish","type":"product","link":"https:\/\/www.sestogrado.it\/it\/prodotto\/camelbak-eddy-06l-borraccia\/","title":{"rendered":"Camelbak Eddy+ 0,6L borraccia"},"content":{"rendered":"<p>La <strong>Camebak Eddy+ 0,6L<\/strong> \u00e8 una borraccia classica, valida per tutte le occasioni. <strong>Eddy+ 0,6L \u00e8 a prova di perdite<\/strong>, con la cannuccia interna collegata al boccaglio (bite valve), asola per il trasporto o il fissaggio.<\/p>\n<ul>\n<li>reclina la valvola, mordi e bevi, il liquido sale attraverso la cannuccia<\/li>\n<li>nessuna perdita a valvola aperta, tenuta stagna a valvola chiusa<\/li>\n<li>lavabile in lavastoviglie<\/li>\n<li>materiale privo di odore e di sapore<\/li>\n<li>senza BPA e BPS<\/li>\n<li>materiale: Tritan<\/li>\n<li>tappo universale con altri prodotti Camelbak<\/li>\n<\/ul>\n<p><strong>Camelbak Eddy+ 0,6L<\/strong> \u00e8 una borraccia semplice e pratica, che pu\u00f2 essere riposta in qualsiasi zaino.<\/p>\n<p>&nbsp;<\/p>\n<p>&nbsp;<\/p>\n<p>Camelbak \u00e8 il marchio leader per lo sviluppo di sistemi di idratazione per l&#8217;outdoor in grado di combinare perfettamente capacit\u00e0, protezione, comodit\u00e0 e stabilit\u00e0. Da quando ha inventato nel 1989 il Camelbak per l&#8217;idratazione senza mani, l&#8217;azienda americana fornisce dispositivi per l&#8217;idratazione ad atleti e sportivi in tutto il mondo.<\/p>","protected":false},"excerpt":{"rendered":"<p>La Camebak Eddy+ 0,6L \u00e8 una borraccia classica, valida per tutte le occasioni. Eddy+ 0,6L \u00e8 a prova di perdite, [&hellip;]<\/p>\n","protected":false},"featured_media":93312,"comment_status":"open","ping_status":"closed","template":"","meta":{"_acf_changed":false},"product_brand":[645],"product_cat":[1233],"product_tag":[1206,1208,1214],"class_list":{"0":"post-93311","1":"product","2":"type-product","3":"status-publish","4":"has-post-thumbnail","6":"product_brand-camelbak","7":"product_cat-idratazione","8":"product_tag-6l","9":"product_tag-borraccia-0","10":"product_tag-borraccia-eddy","12":"first","13":"instock","14":"sale","15":"taxable","16":"shipping-taxable","17":"purchasable","18":"product-type-simple"},"acf":[],"yoast_head":"<!-- This site is optimized with the Yoast SEO plugin v26.4 - https:\/\/yoast.com\/wordpress\/plugins\/seo\/ -->\n<title>Camelbak Eddy+ 0,6L borraccia - Sestogrado<\/title>\n<meta name=\"description\" content=\"La Camebak Eddy+ 0,6L \u00e8 una borraccia classica, valida per tutte le occasioni. Eddy+ 0,6L \u00e8 a prova di perdite, con la cannuccia interna collegata al boccaglio (bite valve), asola per il trasporto o il fissaggio. reclina la valvola, mordi e bevi, il liquido sale attraverso la cannuccia. nessuna perdita a valvola aperta, tenuta stagna a valvola chiusa. lavabile in lavastoviglie. materiale privo di odore e di sapore. senza BPA e BPS. materiale: Tritan. tappo universale con altri prodotti Camelbak. Camelbak Eddy+ 0,6L \u00e8 una borraccia semplice e pratica, che pu\u00f2 essere riposta in qualsiasi zaino.\" \/>\n<meta name=\"robots\" content=\"index, follow, max-snippet:-1, max-image-preview:large, max-video-preview:-1\" \/>\n<link rel=\"canonical\" href=\"https:\/\/www.sestogrado.it\/it\/prodotto\/camelbak-eddy-06l-borraccia\/\" \/>\n<meta property=\"og:locale\" content=\"it_IT\" \/>\n<meta property=\"og:type\" content=\"article\" \/>\n<meta property=\"og:title\" content=\"Camelbak Eddy+ 0,6L borraccia - Sestogrado\" \/>\n<meta property=\"og:description\" content=\"La Camebak Eddy+ 0,6L \u00e8 una borraccia classica, valida per tutte le occasioni. Eddy+ 0,6L \u00e8 a prova di perdite, con la cannuccia interna collegata al boccaglio (bite valve), asola per il trasporto o il fissaggio. reclina la valvola, mordi e bevi, il liquido sale attraverso la cannuccia. nessuna perdita a valvola aperta, tenuta stagna a valvola chiusa. lavabile in lavastoviglie. materiale privo di odore e di sapore. senza BPA e BPS. materiale: Tritan. tappo universale con altri prodotti Camelbak. Camelbak Eddy+ 0,6L \u00e8 una borraccia semplice e pratica, che pu\u00f2 essere riposta in qualsiasi zaino.\" \/>\n<meta property=\"og:url\" content=\"https:\/\/www.sestogrado.it\/it\/prodotto\/camelbak-eddy-06l-borraccia\/\" \/>\n<meta property=\"og:site_name\" content=\"Sestogrado\" \/>\n<meta property=\"article:publisher\" content=\"https:\/\/www.facebook.com\/pages\/Sestogrado\/1542635979353017?ref=bookmarks\" \/>\n<meta property=\"article:modified_time\" content=\"2022-02-02T15:48:33+00:00\" \/>\n<meta property=\"og:image\" content=\"https:\/\/www.sestogrado.it\/wp-content\/uploads\/2022\/01\/2466301060_59BCCA05-548A-59AD-B58A-3F8931F2270A.jpg\" \/>\n\t<meta property=\"og:image:width\" content=\"1200\" \/>\n\t<meta property=\"og:image:height\" content=\"1200\" \/>\n\t<meta property=\"og:image:type\" content=\"image\/jpeg\" \/>\n<meta name=\"twitter:label1\" content=\"Prezzo\" \/>\n\t<meta name=\"twitter:data1\" content=\"&euro;&nbsp;17,70\" \/>\n\t<meta name=\"twitter:label2\" content=\"Disponibilit\u00e0\" \/>\n\t<meta name=\"twitter:data2\" content=\"In stock\" \/>\n<script type=\"application\/ld+json\" class=\"yoast-schema-graph\">{\"@context\":\"https:\/\/schema.org\",\"@graph\":[{\"@type\":\"WebPage\",\"@id\":\"https:\/\/www.sestogrado.it\/it\/prodotto\/camelbak-eddy-06l-borraccia\/\",\"url\":\"https:\/\/www.sestogrado.it\/it\/prodotto\/camelbak-eddy-06l-borraccia\/\",\"name\":\"Camelbak Eddy+ 0,6L borraccia - Sestogrado\",\"isPartOf\":{\"@id\":\"https:\/\/www.sestogrado.it\/it\/#website\"},\"primaryImageOfPage\":{\"@id\":\"https:\/\/www.sestogrado.it\/it\/prodotto\/camelbak-eddy-06l-borraccia\/#primaryimage\"},\"image\":{\"@id\":\"https:\/\/www.sestogrado.it\/prodotto\/camelbak-eddy-06l-borraccia\/#primaryimage\"},\"thumbnailUrl\":\"https:\/\/www.sestogrado.it\/wp-content\/uploads\/2022\/01\/2466301060_59BCCA05-548A-59AD-B58A-3F8931F2270A.jpg\",\"datePublished\":\"2022-01-31T15:53:25+00:00\",\"dateModified\":\"2022-02-02T15:48:33+00:00\",\"description\":\"La Camebak Eddy+ 0,6L \u00e8 una borraccia classica, valida per tutte le occasioni. Eddy+ 0,6L \u00e8 a prova di perdite, con la cannuccia interna collegata al boccaglio (bite valve), asola per il trasporto o il fissaggio. reclina la valvola, mordi e bevi, il liquido sale attraverso la cannuccia. nessuna perdita a valvola aperta, tenuta stagna a valvola chiusa. lavabile in lavastoviglie. materiale privo di odore e di sapore. senza BPA e BPS. materiale: Tritan. tappo universale con altri prodotti Camelbak. Camelbak Eddy+ 0,6L \u00e8 una borraccia semplice e pratica, che pu\u00f2 essere riposta in qualsiasi zaino.\",\"breadcrumb\":{\"@id\":\"https:\/\/www.sestogrado.it\/it\/prodotto\/camelbak-eddy-06l-borraccia\/#breadcrumb\"},\"inLanguage\":\"it-IT\",\"potentialAction\":[{\"@type\":\"ReadAction\",\"target\":[[\"https:\/\/www.sestogrado.it\/it\/prodotto\/camelbak-eddy-06l-borraccia\/\"]]}]},{\"@type\":\"ImageObject\",\"inLanguage\":\"it-IT\",\"@id\":\"https:\/\/www.sestogrado.it\/it\/prodotto\/camelbak-eddy-06l-borraccia\/#primaryimage\",\"url\":\"https:\/\/www.sestogrado.it\/wp-content\/uploads\/2022\/01\/2466301060_59BCCA05-548A-59AD-B58A-3F8931F2270A.jpg\",\"contentUrl\":\"https:\/\/www.sestogrado.it\/wp-content\/uploads\/2022\/01\/2466301060_59BCCA05-548A-59AD-B58A-3F8931F2270A.jpg\",\"width\":1200,\"height\":1200,\"caption\":\"eddy+ 0,6L camelbak\"},{\"@type\":\"BreadcrumbList\",\"@id\":\"https:\/\/www.sestogrado.it\/it\/prodotto\/camelbak-eddy-06l-borraccia\/#breadcrumb\",\"itemListElement\":[{\"@type\":\"ListItem\",\"position\":1,\"name\":\"Home\",\"item\":\"https:\/\/www.sestogrado.it\/it\/\"},{\"@type\":\"ListItem\",\"position\":2,\"name\":\"Shop\",\"item\":\"https:\/\/www.sestogrado.it\/it\/shop\/\"},{\"@type\":\"ListItem\",\"position\":3,\"name\":\"Camelbak Eddy+ 0,6L borraccia\"}]},{\"@type\":\"WebSite\",\"@id\":\"https:\/\/www.sestogrado.it\/it\/#website\",\"url\":\"https:\/\/www.sestogrado.it\/it\/\",\"name\":\"Sestogrado\",\"description\":\"yes we climb\",\"publisher\":{\"@id\":\"https:\/\/www.sestogrado.it\/it\/#organization\"},\"potentialAction\":[{\"@type\":\"SearchAction\",\"target\":{\"@type\":\"EntryPoint\",\"urlTemplate\":\"https:\/\/www.sestogrado.it\/it\/?s={search_term_string}\"},\"query-input\":{\"@type\":\"PropertyValueSpecification\",\"valueRequired\":true,\"valueName\":\"search_term_string\"}}],\"inLanguage\":\"it-IT\"},{\"@type\":\"Organization\",\"@id\":\"https:\/\/www.sestogrado.it\/it\/#organization\",\"name\":\"Sestogrado\",\"url\":\"https:\/\/www.sestogrado.it\/it\/\",\"logo\":{\"@type\":\"ImageObject\",\"inLanguage\":\"it-IT\",\"@id\":\"https:\/\/www.sestogrado.it\/it\/#\/schema\/logo\/image\/\",\"url\":\"https:\/\/www.sestogrado.it\/wp-content\/uploads\/2015\/03\/sestogrado-favicon.png\",\"contentUrl\":\"https:\/\/www.sestogrado.it\/wp-content\/uploads\/2015\/03\/sestogrado-favicon.png\",\"width\":260,\"height\":260,\"caption\":\"Sestogrado\"},\"image\":{\"@id\":\"https:\/\/www.sestogrado.it\/it\/#\/schema\/logo\/image\/\"},\"sameAs\":[\"https:\/\/www.facebook.com\/pages\/Sestogrado\/1542635979353017?ref=bookmarks\",\"https:\/\/www.youtube.com\/channel\/UC847kAfTkaJsWpc1jtQwr3Q\"],\"hasMerchantReturnPolicy\":{\"@type\":\"MerchantReturnPolicy\",\"merchantReturnLink\":\"https:\/\/www.sestogrado.it\/it\/termini-e-condizioni\/\"}}]}<\/script>\n<meta property=\"product:brand\" content=\"Camelbak\" \/>\n<meta property=\"product:price:amount\" content=\"17.70\" \/>\n<meta property=\"product:price:currency\" content=\"EUR\" \/>\n<meta property=\"og:availability\" content=\"instock\" \/>\n<meta property=\"product:availability\" content=\"instock\" \/>\n<meta property=\"product:condition\" content=\"new\" \/>\n<!-- \/ Yoast SEO plugin. -->","yoast_head_json":{"title":"Camelbak Eddy+ 0,6L borraccia - Sestogrado","description":"La Camebak Eddy+ 0,6L \u00e8 una borraccia classica, valida per tutte le occasioni. Eddy+ 0,6L \u00e8 a prova di perdite, con la cannuccia interna collegata al boccaglio (bite valve), asola per il trasporto o il fissaggio. reclina la valvola, mordi e bevi, il liquido sale attraverso la cannuccia. nessuna perdita a valvola aperta, tenuta stagna a valvola chiusa. lavabile in lavastoviglie. materiale privo di odore e di sapore. senza BPA e BPS. materiale: Tritan. tappo universale con altri prodotti Camelbak. Camelbak Eddy+ 0,6L \u00e8 una borraccia semplice e pratica, che pu\u00f2 essere riposta in qualsiasi zaino.","robots":{"index":"index","follow":"follow","max-snippet":"max-snippet:-1","max-image-preview":"max-image-preview:large","max-video-preview":"max-video-preview:-1"},"canonical":"https:\/\/www.sestogrado.it\/it\/prodotto\/camelbak-eddy-06l-borraccia\/","og_locale":"it_IT","og_type":"article","og_title":"Camelbak Eddy+ 0,6L borraccia - Sestogrado","og_description":"La Camebak Eddy+ 0,6L \u00e8 una borraccia classica, valida per tutte le occasioni. Eddy+ 0,6L \u00e8 a prova di perdite, con la cannuccia interna collegata al boccaglio (bite valve), asola per il trasporto o il fissaggio. reclina la valvola, mordi e bevi, il liquido sale attraverso la cannuccia. nessuna perdita a valvola aperta, tenuta stagna a valvola chiusa. lavabile in lavastoviglie. materiale privo di odore e di sapore. senza BPA e BPS. materiale: Tritan. tappo universale con altri prodotti Camelbak. Camelbak Eddy+ 0,6L \u00e8 una borraccia semplice e pratica, che pu\u00f2 essere riposta in qualsiasi zaino.","og_url":"https:\/\/www.sestogrado.it\/it\/prodotto\/camelbak-eddy-06l-borraccia\/","og_site_name":"Sestogrado","article_publisher":"https:\/\/www.facebook.com\/pages\/Sestogrado\/1542635979353017?ref=bookmarks","article_modified_time":"2022-02-02T15:48:33+00:00","og_image":[{"width":1200,"height":1200,"url":"https:\/\/www.sestogrado.it\/wp-content\/uploads\/2022\/01\/2466301060_59BCCA05-548A-59AD-B58A-3F8931F2270A.jpg","type":"image\/jpeg"}],"twitter_misc":{"Prezzo":"&euro;&nbsp;17,70","Disponibilit\u00e0":"In stock"},"schema":{"@context":"https:\/\/schema.org","@graph":[{"@type":"WebPage","@id":"https:\/\/www.sestogrado.it\/it\/prodotto\/camelbak-eddy-06l-borraccia\/","url":"https:\/\/www.sestogrado.it\/it\/prodotto\/camelbak-eddy-06l-borraccia\/","name":"Camelbak Eddy+ 0,6L borraccia - Sestogrado","isPartOf":{"@id":"https:\/\/www.sestogrado.it\/it\/#website"},"primaryImageOfPage":{"@id":"https:\/\/www.sestogrado.it\/it\/prodotto\/camelbak-eddy-06l-borraccia\/#primaryimage"},"image":{"@id":"https:\/\/www.sestogrado.it\/prodotto\/camelbak-eddy-06l-borraccia\/#primaryimage"},"thumbnailUrl":"https:\/\/www.sestogrado.it\/wp-content\/uploads\/2022\/01\/2466301060_59BCCA05-548A-59AD-B58A-3F8931F2270A.jpg","datePublished":"2022-01-31T15:53:25+00:00","dateModified":"2022-02-02T15:48:33+00:00","description":"La Camebak Eddy+ 0,6L \u00e8 una borraccia classica, valida per tutte le occasioni. Eddy+ 0,6L \u00e8 a prova di perdite, con la cannuccia interna collegata al boccaglio (bite valve), asola per il trasporto o il fissaggio. reclina la valvola, mordi e bevi, il liquido sale attraverso la cannuccia. nessuna perdita a valvola aperta, tenuta stagna a valvola chiusa. lavabile in lavastoviglie. materiale privo di odore e di sapore. senza BPA e BPS. materiale: Tritan. tappo universale con altri prodotti Camelbak. Camelbak Eddy+ 0,6L \u00e8 una borraccia semplice e pratica, che pu\u00f2 essere riposta in qualsiasi zaino.","breadcrumb":{"@id":"https:\/\/www.sestogrado.it\/it\/prodotto\/camelbak-eddy-06l-borraccia\/#breadcrumb"},"inLanguage":"it-IT","potentialAction":[{"@type":"ReadAction","target":[["https:\/\/www.sestogrado.it\/it\/prodotto\/camelbak-eddy-06l-borraccia\/"]]}]},{"@type":"ImageObject","inLanguage":"it-IT","@id":"https:\/\/www.sestogrado.it\/it\/prodotto\/camelbak-eddy-06l-borraccia\/#primaryimage","url":"https:\/\/www.sestogrado.it\/wp-content\/uploads\/2022\/01\/2466301060_59BCCA05-548A-59AD-B58A-3F8931F2270A.jpg","contentUrl":"https:\/\/www.sestogrado.it\/wp-content\/uploads\/2022\/01\/2466301060_59BCCA05-548A-59AD-B58A-3F8931F2270A.jpg","width":1200,"height":1200,"caption":"eddy+ 0,6L camelbak"},{"@type":"BreadcrumbList","@id":"https:\/\/www.sestogrado.it\/it\/prodotto\/camelbak-eddy-06l-borraccia\/#breadcrumb","itemListElement":[{"@type":"ListItem","position":1,"name":"Home","item":"https:\/\/www.sestogrado.it\/it\/"},{"@type":"ListItem","position":2,"name":"Shop","item":"https:\/\/www.sestogrado.it\/it\/shop\/"},{"@type":"ListItem","position":3,"name":"Camelbak Eddy+ 0,6L borraccia"}]},{"@type":"WebSite","@id":"https:\/\/www.sestogrado.it\/it\/#website","url":"https:\/\/www.sestogrado.it\/it\/","name":"Sestogrado","description":"yes we climb","publisher":{"@id":"https:\/\/www.sestogrado.it\/it\/#organization"},"potentialAction":[{"@type":"SearchAction","target":{"@type":"EntryPoint","urlTemplate":"https:\/\/www.sestogrado.it\/it\/?s={search_term_string}"},"query-input":{"@type":"PropertyValueSpecification","valueRequired":true,"valueName":"search_term_string"}}],"inLanguage":"it-IT"},{"@type":"Organization","@id":"https:\/\/www.sestogrado.it\/it\/#organization","name":"Sestogrado","url":"https:\/\/www.sestogrado.it\/it\/","logo":{"@type":"ImageObject","inLanguage":"it-IT","@id":"https:\/\/www.sestogrado.it\/it\/#\/schema\/logo\/image\/","url":"https:\/\/www.sestogrado.it\/wp-content\/uploads\/2015\/03\/sestogrado-favicon.png","contentUrl":"https:\/\/www.sestogrado.it\/wp-content\/uploads\/2015\/03\/sestogrado-favicon.png","width":260,"height":260,"caption":"Sestogrado"},"image":{"@id":"https:\/\/www.sestogrado.it\/it\/#\/schema\/logo\/image\/"},"sameAs":["https:\/\/www.facebook.com\/pages\/Sestogrado\/1542635979353017?ref=bookmarks","https:\/\/www.youtube.com\/channel\/UC847kAfTkaJsWpc1jtQwr3Q"],"hasMerchantReturnPolicy":{"@type":"MerchantReturnPolicy","merchantReturnLink":"https:\/\/www.sestogrado.it\/it\/termini-e-condizioni\/"}}]},"product_brand":"Camelbak","product_price_amount":"17.70","product_price_currency":"EUR","og_availability":"instock","product_availability":"instock","product_condition":"new"},"_links":{"self":[{"href":"https:\/\/www.sestogrado.it\/it\/wp-json\/wp\/v2\/product\/93311","targetHints":{"allow":["GET"]}}],"collection":[{"href":"https:\/\/www.sestogrado.it\/it\/wp-json\/wp\/v2\/product"}],"about":[{"href":"https:\/\/www.sestogrado.it\/it\/wp-json\/wp\/v2\/types\/product"}],"replies":[{"embeddable":true,"href":"https:\/\/www.sestogrado.it\/it\/wp-json\/wp\/v2\/comments?post=93311"}],"wp:featuredmedia":[{"embeddable":true,"href":"https:\/\/www.sestogrado.it\/it\/wp-json\/wp\/v2\/media\/93312"}],"wp:attachment":[{"href":"https:\/\/www.sestogrado.it\/it\/wp-json\/wp\/v2\/media?parent=93311"}],"wp:term":[{"taxonomy":"product_brand","embeddable":true,"href":"https:\/\/www.sestogrado.it\/it\/wp-json\/wp\/v2\/product_brand?post=93311"},{"taxonomy":"product_cat","embeddable":true,"href":"https:\/\/www.sestogrado.it\/it\/wp-json\/wp\/v2\/product_cat?post=93311"},{"taxonomy":"product_tag","embeddable":true,"href":"https:\/\/www.sestogrado.it\/it\/wp-json\/wp\/v2\/product_tag?post=93311"}],"curies":[{"name":"wp","href":"https:\/\/api.w.org\/{rel}","templated":true}]}}