{"id":93289,"date":"2022-01-31T16:25:21","date_gmt":"2022-01-31T15:25:21","guid":{"rendered":"https:\/\/www.sestogrado.it\/?post_type=product&#038;p=93289"},"modified":"2026-04-27T07:06:58","modified_gmt":"2026-04-27T05:06:58","slug":"camelbak-chute-mag-borraccia-075l","status":"publish","type":"product","link":"https:\/\/www.sestogrado.it\/it\/prodotto\/camelbak-chute-mag-borraccia-075l\/","title":{"rendered":"Camelbak Chute Mag borraccia 0,75L"},"content":{"rendered":"<p>Il <strong>Camelbak Chute Mag borraccia 0,75L<\/strong>\u00a0\u00e8 la borraccia firmata Camelbak che ti accompagner\u00e0 nelle tue avventure sportive e non solo.<\/p>\n<p>L&#8217;idratazione resa semplice, <strong>Chute Mag 0,75L<\/strong>\u00a0offre un flusso elevato senza problemi. Il cappuccio universale presenta una <strong>parte superiore magnetica<\/strong> che si ripone in modo sicuro quando \u00e8 aperta, \u00e8 a <strong>tenuta stagna<\/strong> quando \u00e8 chiusa, ha una maniglia di trasporto facile ed \u00e8 compatibile con i contenitori Eddy + e Hot Cap. Leggera, resistente e <strong>lavabile in lavastoviglie<\/strong>. Senza BPA, BPS e BPF.<\/p>\n<ul>\n<li>Il tappo rimane reclinato grazie al magnete e permettere di bere agevolmente<\/li>\n<li>Impugnatura confortevole<\/li>\n<li>Anti perdite, tenuta stagna<\/li>\n<li>Leggera e resistente<\/li>\n<li>Resistente agli odori e alle macchie<\/li>\n<li>Lavabile in lavastoviglie<\/li>\n<li>Tappo universale compatibile con i prodotti Camelbak<\/li>\n<li>Senza BPA, BPS, &amp; BPF<\/li>\n<\/ul>\n<p>Il Camelbak Chute Mag borraccia \u00e8 disponibile nel formato da <a href=\"https:\/\/www.sestogrado.it\/it\/prodotto\/camelbak-chute-mag-borraccia-06l\/\" target=\"_blank\" rel=\"noopener\">0.6L<\/a>, 0.75L, <a href=\"https:\/\/www.sestogrado.it\/it\/prodotto\/camelbak-chute-mag-borraccia\/\" target=\"_blank\" rel=\"noopener\">1L<\/a>.<\/p>\n<p>&nbsp;<\/p>\n<p>Camelbak \u00e8 il marchio leader per lo sviluppo di sistemi di idratazione per l&#8217;outdoor in grado di combinare perfettamente capacit\u00e0, protezione, comodit\u00e0 e stabilit\u00e0. Da quando ha inventato nel 1989 il Camelbak per l&#8217;idratazione senza mani, l&#8217;azienda americana fornisce dispositivi per l&#8217;idratazione ad atleti e sportivi in tutto il mondo.<\/p>","protected":false},"excerpt":{"rendered":"<p>Il Camelbak Chute Mag borraccia 0,75L\u00a0\u00e8 la borraccia firmata Camelbak che ti accompagner\u00e0 nelle tue avventure sportive e non solo. [&hellip;]<\/p>\n","protected":false},"featured_media":93292,"comment_status":"open","ping_status":"closed","template":"","meta":{"_acf_changed":false},"product_brand":[645],"product_cat":[1233],"product_tag":[1212,1208,1211,1205,1204],"class_list":{"0":"post-93289","1":"product","2":"type-product","3":"status-publish","4":"has-post-thumbnail","6":"product_brand-camelbak","7":"product_cat-idratazione","8":"product_tag-75l","9":"product_tag-borraccia-0","10":"product_tag-borraccia-camelbak","11":"product_tag-camelbak","12":"product_tag-chute-mag","14":"first","15":"instock","16":"sale","17":"taxable","18":"shipping-taxable","19":"purchasable","20":"product-type-variable"},"acf":[],"yoast_head":"<!-- This site is optimized with the Yoast SEO plugin v26.4 - https:\/\/yoast.com\/wordpress\/plugins\/seo\/ -->\n<title>Camelbak Chute Mag borraccia 0,75L - Sestogrado<\/title>\n<meta name=\"description\" content=\"Il Camelbak Chute Mag borraccia 0,75L\u00a0\u00e8 la borraccia firmata Camelbak che ti accompagner\u00e0 nelle tue avventure sportive e non solo. L&#039;idratazione resa semplice, Chute Mag 0,75L\u00a0offre un flusso elevato senza problemi. Il cappuccio universale presenta una parte superiore magnetica che si ripone in modo sicuro quando \u00e8 aperta, \u00e8 a tenuta stagna quando \u00e8 chiusa, ha una maniglia di trasporto facile ed \u00e8 compatibile con i contenitori Eddy + e Hot Cap. Leggera, resistente e lavabile in lavastoviglie. Senza BPA, BPS e BPF. Il tappo rimane reclinato grazie al magnete e permettere di bere agevolmente. Impugnatura confortevole. Anti perdite, tenuta stagna. Leggera e resistente. Resistente agli odori e alle macchie. Lavabile in lavastoviglie. Tappo universale compatibile con i prodotti Camelbak. Senza BPA, BPS, &amp; BPF. Il Camelbak Chute Mag borraccia \u00e8 disponibile nel formato da 0.6L, 0.75L, 1L.\" \/>\n<meta name=\"robots\" content=\"index, follow, max-snippet:-1, max-image-preview:large, max-video-preview:-1\" \/>\n<link rel=\"canonical\" href=\"https:\/\/www.sestogrado.it\/it\/prodotto\/camelbak-chute-mag-borraccia-075l\/\" \/>\n<meta property=\"og:locale\" content=\"it_IT\" \/>\n<meta property=\"og:type\" content=\"article\" \/>\n<meta property=\"og:title\" content=\"Camelbak Chute Mag borraccia 0,75L - Sestogrado\" \/>\n<meta property=\"og:description\" content=\"Il Camelbak Chute Mag borraccia 0,75L\u00a0\u00e8 la borraccia firmata Camelbak che ti accompagner\u00e0 nelle tue avventure sportive e non solo. L&#039;idratazione resa semplice, Chute Mag 0,75L\u00a0offre un flusso elevato senza problemi. Il cappuccio universale presenta una parte superiore magnetica che si ripone in modo sicuro quando \u00e8 aperta, \u00e8 a tenuta stagna quando \u00e8 chiusa, ha una maniglia di trasporto facile ed \u00e8 compatibile con i contenitori Eddy + e Hot Cap. Leggera, resistente e lavabile in lavastoviglie. Senza BPA, BPS e BPF. Il tappo rimane reclinato grazie al magnete e permettere di bere agevolmente. Impugnatura confortevole. Anti perdite, tenuta stagna. Leggera e resistente. Resistente agli odori e alle macchie. Lavabile in lavastoviglie. Tappo universale compatibile con i prodotti Camelbak. Senza BPA, BPS, &amp; BPF. Il Camelbak Chute Mag borraccia \u00e8 disponibile nel formato da 0.6L, 0.75L, 1L.\" \/>\n<meta property=\"og:url\" content=\"https:\/\/www.sestogrado.it\/it\/prodotto\/camelbak-chute-mag-borraccia-075l\/\" \/>\n<meta property=\"og:site_name\" content=\"Sestogrado\" \/>\n<meta property=\"article:publisher\" content=\"https:\/\/www.facebook.com\/pages\/Sestogrado\/1542635979353017?ref=bookmarks\" \/>\n<meta property=\"article:modified_time\" content=\"2026-04-27T05:06:58+00:00\" \/>\n<meta property=\"og:image\" content=\"https:\/\/www.sestogrado.it\/wp-content\/uploads\/2022\/01\/0.75L-oxford.jpg\" \/>\n\t<meta property=\"og:image:width\" content=\"1200\" \/>\n\t<meta property=\"og:image:height\" content=\"1200\" \/>\n\t<meta property=\"og:image:type\" content=\"image\/jpeg\" \/>\n<meta name=\"twitter:label1\" content=\"Disponibilit\u00e0\" \/>\n\t<meta name=\"twitter:data1\" content=\"In stock\" \/>\n<script type=\"application\/ld+json\" class=\"yoast-schema-graph\">{\"@context\":\"https:\/\/schema.org\",\"@graph\":[{\"@type\":\"WebPage\",\"@id\":\"https:\/\/www.sestogrado.it\/it\/prodotto\/camelbak-chute-mag-borraccia-075l\/\",\"url\":\"https:\/\/www.sestogrado.it\/it\/prodotto\/camelbak-chute-mag-borraccia-075l\/\",\"name\":\"Camelbak Chute Mag borraccia 0,75L - Sestogrado\",\"isPartOf\":{\"@id\":\"https:\/\/www.sestogrado.it\/it\/#website\"},\"primaryImageOfPage\":{\"@id\":\"https:\/\/www.sestogrado.it\/it\/prodotto\/camelbak-chute-mag-borraccia-075l\/#primaryimage\"},\"image\":{\"@id\":\"https:\/\/www.sestogrado.it\/prodotto\/camelbak-chute-mag-borraccia-075l\/#primaryimage\"},\"thumbnailUrl\":\"https:\/\/www.sestogrado.it\/wp-content\/uploads\/2022\/01\/0.75L-oxford.jpg\",\"datePublished\":\"2022-01-31T15:25:21+00:00\",\"dateModified\":\"2026-04-27T05:06:58+00:00\",\"description\":\"Il Camelbak Chute Mag borraccia 0,75L\u00a0\u00e8 la borraccia firmata Camelbak che ti accompagner\u00e0 nelle tue avventure sportive e non solo. L'idratazione resa semplice, Chute Mag 0,75L\u00a0offre un flusso elevato senza problemi. Il cappuccio universale presenta una parte superiore magnetica che si ripone in modo sicuro quando \u00e8 aperta, \u00e8 a tenuta stagna quando \u00e8 chiusa, ha una maniglia di trasporto facile ed \u00e8 compatibile con i contenitori Eddy + e Hot Cap. Leggera, resistente e lavabile in lavastoviglie. Senza BPA, BPS e BPF. Il tappo rimane reclinato grazie al magnete e permettere di bere agevolmente. Impugnatura confortevole. Anti perdite, tenuta stagna. Leggera e resistente. Resistente agli odori e alle macchie. Lavabile in lavastoviglie. Tappo universale compatibile con i prodotti Camelbak. Senza BPA, BPS, & BPF. Il Camelbak Chute Mag borraccia \u00e8 disponibile nel formato da 0.6L, 0.75L, 1L.\",\"breadcrumb\":{\"@id\":\"https:\/\/www.sestogrado.it\/it\/prodotto\/camelbak-chute-mag-borraccia-075l\/#breadcrumb\"},\"inLanguage\":\"it-IT\",\"potentialAction\":[{\"@type\":\"ReadAction\",\"target\":[[\"https:\/\/www.sestogrado.it\/it\/prodotto\/camelbak-chute-mag-borraccia-075l\/\"]]}]},{\"@type\":\"ImageObject\",\"inLanguage\":\"it-IT\",\"@id\":\"https:\/\/www.sestogrado.it\/it\/prodotto\/camelbak-chute-mag-borraccia-075l\/#primaryimage\",\"url\":\"https:\/\/www.sestogrado.it\/wp-content\/uploads\/2022\/01\/0.75L-oxford.jpg\",\"contentUrl\":\"https:\/\/www.sestogrado.it\/wp-content\/uploads\/2022\/01\/0.75L-oxford.jpg\",\"width\":1200,\"height\":1200,\"caption\":\"chute mag camelbak 0,75L\"},{\"@type\":\"BreadcrumbList\",\"@id\":\"https:\/\/www.sestogrado.it\/it\/prodotto\/camelbak-chute-mag-borraccia-075l\/#breadcrumb\",\"itemListElement\":[{\"@type\":\"ListItem\",\"position\":1,\"name\":\"Home\",\"item\":\"https:\/\/www.sestogrado.it\/it\/\"},{\"@type\":\"ListItem\",\"position\":2,\"name\":\"Shop\",\"item\":\"https:\/\/www.sestogrado.it\/it\/shop\/\"},{\"@type\":\"ListItem\",\"position\":3,\"name\":\"Camelbak Chute Mag borraccia 0,75L\"}]},{\"@type\":\"WebSite\",\"@id\":\"https:\/\/www.sestogrado.it\/it\/#website\",\"url\":\"https:\/\/www.sestogrado.it\/it\/\",\"name\":\"Sestogrado\",\"description\":\"yes we climb\",\"publisher\":{\"@id\":\"https:\/\/www.sestogrado.it\/it\/#organization\"},\"potentialAction\":[{\"@type\":\"SearchAction\",\"target\":{\"@type\":\"EntryPoint\",\"urlTemplate\":\"https:\/\/www.sestogrado.it\/it\/?s={search_term_string}\"},\"query-input\":{\"@type\":\"PropertyValueSpecification\",\"valueRequired\":true,\"valueName\":\"search_term_string\"}}],\"inLanguage\":\"it-IT\"},{\"@type\":\"Organization\",\"@id\":\"https:\/\/www.sestogrado.it\/it\/#organization\",\"name\":\"Sestogrado\",\"url\":\"https:\/\/www.sestogrado.it\/it\/\",\"logo\":{\"@type\":\"ImageObject\",\"inLanguage\":\"it-IT\",\"@id\":\"https:\/\/www.sestogrado.it\/it\/#\/schema\/logo\/image\/\",\"url\":\"https:\/\/www.sestogrado.it\/wp-content\/uploads\/2015\/03\/sestogrado-favicon.png\",\"contentUrl\":\"https:\/\/www.sestogrado.it\/wp-content\/uploads\/2015\/03\/sestogrado-favicon.png\",\"width\":260,\"height\":260,\"caption\":\"Sestogrado\"},\"image\":{\"@id\":\"https:\/\/www.sestogrado.it\/it\/#\/schema\/logo\/image\/\"},\"sameAs\":[\"https:\/\/www.facebook.com\/pages\/Sestogrado\/1542635979353017?ref=bookmarks\",\"https:\/\/www.youtube.com\/channel\/UC847kAfTkaJsWpc1jtQwr3Q\"],\"hasMerchantReturnPolicy\":{\"@type\":\"MerchantReturnPolicy\",\"merchantReturnLink\":\"https:\/\/www.sestogrado.it\/it\/termini-e-condizioni\/\"}}]}<\/script>\n<meta property=\"product:brand\" content=\"Camelbak\" \/>\n<meta property=\"og:availability\" content=\"instock\" \/>\n<meta property=\"product:availability\" content=\"instock\" \/>\n<meta property=\"product:condition\" content=\"new\" \/>\n<!-- \/ Yoast SEO plugin. -->","yoast_head_json":{"title":"Camelbak Chute Mag borraccia 0,75L - Sestogrado","description":"Il Camelbak Chute Mag borraccia 0,75L\u00a0\u00e8 la borraccia firmata Camelbak che ti accompagner\u00e0 nelle tue avventure sportive e non solo. L'idratazione resa semplice, Chute Mag 0,75L\u00a0offre un flusso elevato senza problemi. Il cappuccio universale presenta una parte superiore magnetica che si ripone in modo sicuro quando \u00e8 aperta, \u00e8 a tenuta stagna quando \u00e8 chiusa, ha una maniglia di trasporto facile ed \u00e8 compatibile con i contenitori Eddy + e Hot Cap. Leggera, resistente e lavabile in lavastoviglie. Senza BPA, BPS e BPF. Il tappo rimane reclinato grazie al magnete e permettere di bere agevolmente. Impugnatura confortevole. Anti perdite, tenuta stagna. Leggera e resistente. Resistente agli odori e alle macchie. Lavabile in lavastoviglie. Tappo universale compatibile con i prodotti Camelbak. Senza BPA, BPS, & BPF. Il Camelbak Chute Mag borraccia \u00e8 disponibile nel formato da 0.6L, 0.75L, 1L.","robots":{"index":"index","follow":"follow","max-snippet":"max-snippet:-1","max-image-preview":"max-image-preview:large","max-video-preview":"max-video-preview:-1"},"canonical":"https:\/\/www.sestogrado.it\/it\/prodotto\/camelbak-chute-mag-borraccia-075l\/","og_locale":"it_IT","og_type":"article","og_title":"Camelbak Chute Mag borraccia 0,75L - Sestogrado","og_description":"Il Camelbak Chute Mag borraccia 0,75L\u00a0\u00e8 la borraccia firmata Camelbak che ti accompagner\u00e0 nelle tue avventure sportive e non solo. L'idratazione resa semplice, Chute Mag 0,75L\u00a0offre un flusso elevato senza problemi. Il cappuccio universale presenta una parte superiore magnetica che si ripone in modo sicuro quando \u00e8 aperta, \u00e8 a tenuta stagna quando \u00e8 chiusa, ha una maniglia di trasporto facile ed \u00e8 compatibile con i contenitori Eddy + e Hot Cap. Leggera, resistente e lavabile in lavastoviglie. Senza BPA, BPS e BPF. Il tappo rimane reclinato grazie al magnete e permettere di bere agevolmente. Impugnatura confortevole. Anti perdite, tenuta stagna. Leggera e resistente. Resistente agli odori e alle macchie. Lavabile in lavastoviglie. Tappo universale compatibile con i prodotti Camelbak. Senza BPA, BPS, & BPF. Il Camelbak Chute Mag borraccia \u00e8 disponibile nel formato da 0.6L, 0.75L, 1L.","og_url":"https:\/\/www.sestogrado.it\/it\/prodotto\/camelbak-chute-mag-borraccia-075l\/","og_site_name":"Sestogrado","article_publisher":"https:\/\/www.facebook.com\/pages\/Sestogrado\/1542635979353017?ref=bookmarks","article_modified_time":"2026-04-27T05:06:58+00:00","og_image":[{"width":1200,"height":1200,"url":"https:\/\/www.sestogrado.it\/wp-content\/uploads\/2022\/01\/0.75L-oxford.jpg","type":"image\/jpeg"}],"twitter_misc":{"Disponibilit\u00e0":"In stock"},"schema":{"@context":"https:\/\/schema.org","@graph":[{"@type":"WebPage","@id":"https:\/\/www.sestogrado.it\/it\/prodotto\/camelbak-chute-mag-borraccia-075l\/","url":"https:\/\/www.sestogrado.it\/it\/prodotto\/camelbak-chute-mag-borraccia-075l\/","name":"Camelbak Chute Mag borraccia 0,75L - Sestogrado","isPartOf":{"@id":"https:\/\/www.sestogrado.it\/it\/#website"},"primaryImageOfPage":{"@id":"https:\/\/www.sestogrado.it\/it\/prodotto\/camelbak-chute-mag-borraccia-075l\/#primaryimage"},"image":{"@id":"https:\/\/www.sestogrado.it\/prodotto\/camelbak-chute-mag-borraccia-075l\/#primaryimage"},"thumbnailUrl":"https:\/\/www.sestogrado.it\/wp-content\/uploads\/2022\/01\/0.75L-oxford.jpg","datePublished":"2022-01-31T15:25:21+00:00","dateModified":"2026-04-27T05:06:58+00:00","description":"Il Camelbak Chute Mag borraccia 0,75L\u00a0\u00e8 la borraccia firmata Camelbak che ti accompagner\u00e0 nelle tue avventure sportive e non solo. L'idratazione resa semplice, Chute Mag 0,75L\u00a0offre un flusso elevato senza problemi. Il cappuccio universale presenta una parte superiore magnetica che si ripone in modo sicuro quando \u00e8 aperta, \u00e8 a tenuta stagna quando \u00e8 chiusa, ha una maniglia di trasporto facile ed \u00e8 compatibile con i contenitori Eddy + e Hot Cap. Leggera, resistente e lavabile in lavastoviglie. Senza BPA, BPS e BPF. Il tappo rimane reclinato grazie al magnete e permettere di bere agevolmente. Impugnatura confortevole. Anti perdite, tenuta stagna. Leggera e resistente. Resistente agli odori e alle macchie. Lavabile in lavastoviglie. Tappo universale compatibile con i prodotti Camelbak. Senza BPA, BPS, & BPF. Il Camelbak Chute Mag borraccia \u00e8 disponibile nel formato da 0.6L, 0.75L, 1L.","breadcrumb":{"@id":"https:\/\/www.sestogrado.it\/it\/prodotto\/camelbak-chute-mag-borraccia-075l\/#breadcrumb"},"inLanguage":"it-IT","potentialAction":[{"@type":"ReadAction","target":[["https:\/\/www.sestogrado.it\/it\/prodotto\/camelbak-chute-mag-borraccia-075l\/"]]}]},{"@type":"ImageObject","inLanguage":"it-IT","@id":"https:\/\/www.sestogrado.it\/it\/prodotto\/camelbak-chute-mag-borraccia-075l\/#primaryimage","url":"https:\/\/www.sestogrado.it\/wp-content\/uploads\/2022\/01\/0.75L-oxford.jpg","contentUrl":"https:\/\/www.sestogrado.it\/wp-content\/uploads\/2022\/01\/0.75L-oxford.jpg","width":1200,"height":1200,"caption":"chute mag camelbak 0,75L"},{"@type":"BreadcrumbList","@id":"https:\/\/www.sestogrado.it\/it\/prodotto\/camelbak-chute-mag-borraccia-075l\/#breadcrumb","itemListElement":[{"@type":"ListItem","position":1,"name":"Home","item":"https:\/\/www.sestogrado.it\/it\/"},{"@type":"ListItem","position":2,"name":"Shop","item":"https:\/\/www.sestogrado.it\/it\/shop\/"},{"@type":"ListItem","position":3,"name":"Camelbak Chute Mag borraccia 0,75L"}]},{"@type":"WebSite","@id":"https:\/\/www.sestogrado.it\/it\/#website","url":"https:\/\/www.sestogrado.it\/it\/","name":"Sestogrado","description":"yes we climb","publisher":{"@id":"https:\/\/www.sestogrado.it\/it\/#organization"},"potentialAction":[{"@type":"SearchAction","target":{"@type":"EntryPoint","urlTemplate":"https:\/\/www.sestogrado.it\/it\/?s={search_term_string}"},"query-input":{"@type":"PropertyValueSpecification","valueRequired":true,"valueName":"search_term_string"}}],"inLanguage":"it-IT"},{"@type":"Organization","@id":"https:\/\/www.sestogrado.it\/it\/#organization","name":"Sestogrado","url":"https:\/\/www.sestogrado.it\/it\/","logo":{"@type":"ImageObject","inLanguage":"it-IT","@id":"https:\/\/www.sestogrado.it\/it\/#\/schema\/logo\/image\/","url":"https:\/\/www.sestogrado.it\/wp-content\/uploads\/2015\/03\/sestogrado-favicon.png","contentUrl":"https:\/\/www.sestogrado.it\/wp-content\/uploads\/2015\/03\/sestogrado-favicon.png","width":260,"height":260,"caption":"Sestogrado"},"image":{"@id":"https:\/\/www.sestogrado.it\/it\/#\/schema\/logo\/image\/"},"sameAs":["https:\/\/www.facebook.com\/pages\/Sestogrado\/1542635979353017?ref=bookmarks","https:\/\/www.youtube.com\/channel\/UC847kAfTkaJsWpc1jtQwr3Q"],"hasMerchantReturnPolicy":{"@type":"MerchantReturnPolicy","merchantReturnLink":"https:\/\/www.sestogrado.it\/it\/termini-e-condizioni\/"}}]},"product_brand":"Camelbak","og_availability":"instock","product_availability":"instock","product_condition":"new"},"_links":{"self":[{"href":"https:\/\/www.sestogrado.it\/it\/wp-json\/wp\/v2\/product\/93289","targetHints":{"allow":["GET"]}}],"collection":[{"href":"https:\/\/www.sestogrado.it\/it\/wp-json\/wp\/v2\/product"}],"about":[{"href":"https:\/\/www.sestogrado.it\/it\/wp-json\/wp\/v2\/types\/product"}],"replies":[{"embeddable":true,"href":"https:\/\/www.sestogrado.it\/it\/wp-json\/wp\/v2\/comments?post=93289"}],"wp:featuredmedia":[{"embeddable":true,"href":"https:\/\/www.sestogrado.it\/it\/wp-json\/wp\/v2\/media\/93292"}],"wp:attachment":[{"href":"https:\/\/www.sestogrado.it\/it\/wp-json\/wp\/v2\/media?parent=93289"}],"wp:term":[{"taxonomy":"product_brand","embeddable":true,"href":"https:\/\/www.sestogrado.it\/it\/wp-json\/wp\/v2\/product_brand?post=93289"},{"taxonomy":"product_cat","embeddable":true,"href":"https:\/\/www.sestogrado.it\/it\/wp-json\/wp\/v2\/product_cat?post=93289"},{"taxonomy":"product_tag","embeddable":true,"href":"https:\/\/www.sestogrado.it\/it\/wp-json\/wp\/v2\/product_tag?post=93289"}],"curies":[{"name":"wp","href":"https:\/\/api.w.org\/{rel}","templated":true}]}}