{"id":9170,"date":"2025-06-05T06:00:56","date_gmt":"2025-06-05T04:00:56","guid":{"rendered":"http:\/\/www.sestogrado.it\/prodotto\/3000-delle-dolomiti\/"},"modified":"2025-09-10T22:51:12","modified_gmt":"2025-09-10T20:51:12","slug":"idea-montagna-3000-delle-dolomiti","status":"publish","type":"product","link":"https:\/\/www.sestogrado.it\/it\/prodotto\/idea-montagna-3000-delle-dolomiti\/","title":{"rendered":"Idea Montagna 3000 delle Dolomiti 5a ed"},"content":{"rendered":"<p><\/p>\n<div id=\"slidedescr\">\n<div id=\"slidedescr-dx\">\n<div class=\"scrollervertdescrlibro\">\n<div>I 3000 delle Dolomiti si ergono come isolati colossi fra le splendide valli e cime dolomitiche del Trentino Alto Adige e del Veneto. Se alcune vette sono alla portata di ogni escursionista, altre costituiscono degli impegnativi itinerari alpinistici riservati a escursionisti esperti con le necessarie conoscenze di arrampicata in cordata ed esperienza su terreni e pareti rocciose.<br \/>\nIl grande successo decretato dagli amanti delle Dolomiti ha costretto autori ed editore a pubblicare la quinta edizione del volume \u201c3000 delle Dolomiti\u201d. Un successo certamente non casuale, visto l\u2019approfondimento delle relazioni di tutte le elevazioni dolomitiche che superano i tremila metri di altezza.<br \/>\nQuesta quinta edizione raccoglie ulteriori aggiornamenti e correzioni che alcuni componenti del Gruppo 3000 Dolomiti hanno, negli ultimi anni, puntualmente fornito agli autori, o da verifiche da essi stessi compiute.<\/div>\n<div><\/div>\n<div>\u2022 immagini delle cime a colori con il tracciato delle vie di salita<br \/>\n\u2022 schizzi di salita per le vie in roccia<br \/>\n\u2022 cartine topografiche dei percorsi<br \/>\n\u2022 foto panoramiche dei gruppi montuosi con i nomi delle cime<br \/>\n\u2022 note tecniche<br \/>\n\u2022 punti di appoggio<br \/>\n\u2022 attrezzatura necessaria<br \/>\n\u2022 cenni storici<br \/>\n\u2022 curiosit\u00e0 da vedere in zona<br \/>\n\u2022 elenchi riassuntivi<\/div>\n<\/div>\n<\/div>\n<\/div>\n<div class=\"normaltextcenter\"><\/div>\n<div>Autore: Roberto Ciri<\/div>\n<div>Nato nel 1968 a Foligno (PG), vive in provincia di Brescia. Dopo aver conseguito la laurea in Astrofisica presso l\u2019Universit\u00e0 di Padova si \u00e8 trasferito a Brescia dove svolge l\u2019attivit\u00e0 professionale di Guida Ambientale Escursionistica (AIGAE). La frequentazione dei corsi di roccia e di arrampicata sportiva con la Scuola di Alpinismo F. Piovan del CAI di Padova e la permanenza come ufficiale istruttore presso la Scuola Militare Alpina di Aosta, dove ha frequentato il 159\u00b0 Corso AUC, hanno rappresentato l\u2019inizio dell\u2019attivit\u00e0 alpinistica. La passione per la storia dell\u2019alpinismo e i percorsi poco frequentati lo hanno portato a interessarsi alle vie normali delle cime, salendo fino a oggi centinaia di vette dell\u2019arco alpino, dal Monte Bianco alle Dolomiti Friulane. Dal 2005 gestisce il sito web vienormali.it dedicato alle vie normali alle cime dell\u2019arco alpino e dal 2012 il sito 3000dolomiti.it dedicato alle cime dolomitiche di oltre i 3000 m di altezza. Nel 2007 ha pubblicato con Nordpress Edizioni la sua prima guida Vie Normali delle Dolomiti \u2013 Marmolada su 102 cime nel gruppo della Marmolada e nel 2012 i primi libri 3000 delle Dolomiti e 111 Cime attorno a Cortina con Idea Montagna Editoria e Alpinismo, seguiti da altre guide delle collane \u201cVia normali\u201d e \u201cSentieri d\u2019autore\u201d. Dal 2014 \u00e8 Socio Accademico del GISM (Gruppo Italiano Scrittori di Montagna). In qualit\u00e0 di Guida Ambientale Escursionistica, oltre a proporre escursioni e attivit\u00e0 naturalistiche per adulti e bambini, si occupa di astrofotografia e divulgazione astronomica.<\/div>\n<p><\/p>","protected":false},"excerpt":{"rendered":"<p>I 3000 delle Dolomiti si ergono come isolati colossi fra le splendide valli e cime dolomitiche del Trentino Alto Adige [&hellip;]<\/p>\n","protected":false},"featured_media":193129,"comment_status":"open","ping_status":"closed","template":"","meta":{"_acf_changed":false},"product_brand":[331],"product_cat":[98],"product_tag":[],"class_list":{"0":"post-9170","1":"product","2":"type-product","3":"status-publish","4":"has-post-thumbnail","6":"product_brand-idea-montagna","7":"product_cat-libri","9":"first","10":"instock","11":"taxable","12":"shipping-taxable","13":"purchasable","14":"product-type-simple"},"acf":[],"yoast_head":"<!-- This site is optimized with the Yoast SEO plugin v26.4 - https:\/\/yoast.com\/wordpress\/plugins\/seo\/ -->\n<title>Idea Montagna 3000 delle Dolomiti 5a ed - Sestogrado<\/title>\n<meta name=\"description\" content=\"I 3000 delle Dolomiti si ergono come isolati colossi fra le splendide valli e cime dolomitiche del Trentino Alto Adige e del Veneto. Se alcune vette sono alla portata di ogni escursionista, altre costituiscono degli impegnativi itinerari alpinistici riservati a escursionisti esperti con le necessarie conoscenze di arrampicata in cordata ed esperienza su terreni e pareti rocciose.\" \/>\n<meta name=\"robots\" content=\"index, follow, max-snippet:-1, max-image-preview:large, max-video-preview:-1\" \/>\n<link rel=\"canonical\" href=\"https:\/\/www.sestogrado.it\/it\/prodotto\/idea-montagna-3000-delle-dolomiti\/\" \/>\n<meta property=\"og:locale\" content=\"it_IT\" \/>\n<meta property=\"og:type\" content=\"article\" \/>\n<meta property=\"og:title\" content=\"Idea Montagna 3000 delle Dolomiti 5a ed - Sestogrado\" \/>\n<meta property=\"og:description\" content=\"I 3000 delle Dolomiti si ergono come isolati colossi fra le splendide valli e cime dolomitiche del Trentino Alto Adige e del Veneto. Se alcune vette sono alla portata di ogni escursionista, altre costituiscono degli impegnativi itinerari alpinistici riservati a escursionisti esperti con le necessarie conoscenze di arrampicata in cordata ed esperienza su terreni e pareti rocciose.\" \/>\n<meta property=\"og:url\" content=\"https:\/\/www.sestogrado.it\/it\/prodotto\/idea-montagna-3000-delle-dolomiti\/\" \/>\n<meta property=\"og:site_name\" content=\"Sestogrado\" \/>\n<meta property=\"article:publisher\" content=\"https:\/\/www.facebook.com\/pages\/Sestogrado\/1542635979353017?ref=bookmarks\" \/>\n<meta property=\"article:modified_time\" content=\"2025-09-10T20:51:12+00:00\" \/>\n<meta property=\"og:image\" content=\"https:\/\/www.sestogrado.it\/wp-content\/uploads\/2018\/10\/3000.jpg\" \/>\n\t<meta property=\"og:image:width\" content=\"900\" \/>\n\t<meta property=\"og:image:height\" content=\"900\" \/>\n\t<meta property=\"og:image:type\" content=\"image\/jpeg\" \/>\n<meta name=\"twitter:label1\" content=\"Prezzo\" \/>\n\t<meta name=\"twitter:data1\" content=\"&euro;&nbsp;36,00\" \/>\n\t<meta name=\"twitter:label2\" content=\"Disponibilit\u00e0\" \/>\n\t<meta name=\"twitter:data2\" content=\"In stock\" \/>\n<script type=\"application\/ld+json\" class=\"yoast-schema-graph\">{\"@context\":\"https:\/\/schema.org\",\"@graph\":[{\"@type\":\"WebPage\",\"@id\":\"https:\/\/www.sestogrado.it\/it\/prodotto\/idea-montagna-3000-delle-dolomiti\/\",\"url\":\"https:\/\/www.sestogrado.it\/it\/prodotto\/idea-montagna-3000-delle-dolomiti\/\",\"name\":\"Idea Montagna 3000 delle Dolomiti 5a ed - Sestogrado\",\"isPartOf\":{\"@id\":\"https:\/\/www.sestogrado.it\/it\/#website\"},\"primaryImageOfPage\":{\"@id\":\"https:\/\/www.sestogrado.it\/it\/prodotto\/idea-montagna-3000-delle-dolomiti\/#primaryimage\"},\"image\":{\"@id\":\"https:\/\/www.sestogrado.it\/prodotto\/idea-montagna-3000-delle-dolomiti\/#primaryimage\"},\"thumbnailUrl\":\"https:\/\/www.sestogrado.it\/wp-content\/uploads\/2018\/10\/3000.jpg\",\"datePublished\":\"2025-06-05T04:00:56+00:00\",\"dateModified\":\"2025-09-10T20:51:12+00:00\",\"description\":\"I 3000 delle Dolomiti si ergono come isolati colossi fra le splendide valli e cime dolomitiche del Trentino Alto Adige e del Veneto. Se alcune vette sono alla portata di ogni escursionista, altre costituiscono degli impegnativi itinerari alpinistici riservati a escursionisti esperti con le necessarie conoscenze di arrampicata in cordata ed esperienza su terreni e pareti rocciose.\",\"breadcrumb\":{\"@id\":\"https:\/\/www.sestogrado.it\/it\/prodotto\/idea-montagna-3000-delle-dolomiti\/#breadcrumb\"},\"inLanguage\":\"it-IT\",\"potentialAction\":[{\"@type\":\"ReadAction\",\"target\":[[\"https:\/\/www.sestogrado.it\/it\/prodotto\/idea-montagna-3000-delle-dolomiti\/\"]]}]},{\"@type\":\"ImageObject\",\"inLanguage\":\"it-IT\",\"@id\":\"https:\/\/www.sestogrado.it\/it\/prodotto\/idea-montagna-3000-delle-dolomiti\/#primaryimage\",\"url\":\"https:\/\/www.sestogrado.it\/wp-content\/uploads\/2018\/10\/3000.jpg\",\"contentUrl\":\"https:\/\/www.sestogrado.it\/wp-content\/uploads\/2018\/10\/3000.jpg\",\"width\":900,\"height\":900,\"caption\":\"3000 delle Dolomiti\"},{\"@type\":\"BreadcrumbList\",\"@id\":\"https:\/\/www.sestogrado.it\/it\/prodotto\/idea-montagna-3000-delle-dolomiti\/#breadcrumb\",\"itemListElement\":[{\"@type\":\"ListItem\",\"position\":1,\"name\":\"Home\",\"item\":\"https:\/\/www.sestogrado.it\/it\/\"},{\"@type\":\"ListItem\",\"position\":2,\"name\":\"Shop\",\"item\":\"https:\/\/www.sestogrado.it\/it\/shop\/\"},{\"@type\":\"ListItem\",\"position\":3,\"name\":\"Idea Montagna 3000 delle Dolomiti 5a ed\"}]},{\"@type\":\"WebSite\",\"@id\":\"https:\/\/www.sestogrado.it\/it\/#website\",\"url\":\"https:\/\/www.sestogrado.it\/it\/\",\"name\":\"Sestogrado\",\"description\":\"yes we climb\",\"publisher\":{\"@id\":\"https:\/\/www.sestogrado.it\/it\/#organization\"},\"potentialAction\":[{\"@type\":\"SearchAction\",\"target\":{\"@type\":\"EntryPoint\",\"urlTemplate\":\"https:\/\/www.sestogrado.it\/it\/?s={search_term_string}\"},\"query-input\":{\"@type\":\"PropertyValueSpecification\",\"valueRequired\":true,\"valueName\":\"search_term_string\"}}],\"inLanguage\":\"it-IT\"},{\"@type\":\"Organization\",\"@id\":\"https:\/\/www.sestogrado.it\/it\/#organization\",\"name\":\"Sestogrado\",\"url\":\"https:\/\/www.sestogrado.it\/it\/\",\"logo\":{\"@type\":\"ImageObject\",\"inLanguage\":\"it-IT\",\"@id\":\"https:\/\/www.sestogrado.it\/it\/#\/schema\/logo\/image\/\",\"url\":\"https:\/\/www.sestogrado.it\/wp-content\/uploads\/2015\/03\/sestogrado-favicon.png\",\"contentUrl\":\"https:\/\/www.sestogrado.it\/wp-content\/uploads\/2015\/03\/sestogrado-favicon.png\",\"width\":260,\"height\":260,\"caption\":\"Sestogrado\"},\"image\":{\"@id\":\"https:\/\/www.sestogrado.it\/it\/#\/schema\/logo\/image\/\"},\"sameAs\":[\"https:\/\/www.facebook.com\/pages\/Sestogrado\/1542635979353017?ref=bookmarks\",\"https:\/\/www.youtube.com\/channel\/UC847kAfTkaJsWpc1jtQwr3Q\"],\"hasMerchantReturnPolicy\":{\"@type\":\"MerchantReturnPolicy\",\"merchantReturnLink\":\"https:\/\/www.sestogrado.it\/it\/termini-e-condizioni\/\"}}]}<\/script>\n<meta property=\"product:brand\" content=\"Idea Montagna\" \/>\n<meta property=\"product:price:amount\" content=\"36.00\" \/>\n<meta property=\"product:price:currency\" content=\"EUR\" \/>\n<meta property=\"og:availability\" content=\"instock\" \/>\n<meta property=\"product:availability\" content=\"instock\" \/>\n<meta property=\"product:condition\" content=\"new\" \/>\n<!-- \/ Yoast SEO plugin. -->","yoast_head_json":{"title":"Idea Montagna 3000 delle Dolomiti 5a ed - Sestogrado","description":"I 3000 delle Dolomiti si ergono come isolati colossi fra le splendide valli e cime dolomitiche del Trentino Alto Adige e del Veneto. Se alcune vette sono alla portata di ogni escursionista, altre costituiscono degli impegnativi itinerari alpinistici riservati a escursionisti esperti con le necessarie conoscenze di arrampicata in cordata ed esperienza su terreni e pareti rocciose.","robots":{"index":"index","follow":"follow","max-snippet":"max-snippet:-1","max-image-preview":"max-image-preview:large","max-video-preview":"max-video-preview:-1"},"canonical":"https:\/\/www.sestogrado.it\/it\/prodotto\/idea-montagna-3000-delle-dolomiti\/","og_locale":"it_IT","og_type":"article","og_title":"Idea Montagna 3000 delle Dolomiti 5a ed - Sestogrado","og_description":"I 3000 delle Dolomiti si ergono come isolati colossi fra le splendide valli e cime dolomitiche del Trentino Alto Adige e del Veneto. Se alcune vette sono alla portata di ogni escursionista, altre costituiscono degli impegnativi itinerari alpinistici riservati a escursionisti esperti con le necessarie conoscenze di arrampicata in cordata ed esperienza su terreni e pareti rocciose.","og_url":"https:\/\/www.sestogrado.it\/it\/prodotto\/idea-montagna-3000-delle-dolomiti\/","og_site_name":"Sestogrado","article_publisher":"https:\/\/www.facebook.com\/pages\/Sestogrado\/1542635979353017?ref=bookmarks","article_modified_time":"2025-09-10T20:51:12+00:00","og_image":[{"width":900,"height":900,"url":"https:\/\/www.sestogrado.it\/wp-content\/uploads\/2018\/10\/3000.jpg","type":"image\/jpeg"}],"twitter_misc":{"Prezzo":"&euro;&nbsp;36,00","Disponibilit\u00e0":"In stock"},"schema":{"@context":"https:\/\/schema.org","@graph":[{"@type":"WebPage","@id":"https:\/\/www.sestogrado.it\/it\/prodotto\/idea-montagna-3000-delle-dolomiti\/","url":"https:\/\/www.sestogrado.it\/it\/prodotto\/idea-montagna-3000-delle-dolomiti\/","name":"Idea Montagna 3000 delle Dolomiti 5a ed - Sestogrado","isPartOf":{"@id":"https:\/\/www.sestogrado.it\/it\/#website"},"primaryImageOfPage":{"@id":"https:\/\/www.sestogrado.it\/it\/prodotto\/idea-montagna-3000-delle-dolomiti\/#primaryimage"},"image":{"@id":"https:\/\/www.sestogrado.it\/prodotto\/idea-montagna-3000-delle-dolomiti\/#primaryimage"},"thumbnailUrl":"https:\/\/www.sestogrado.it\/wp-content\/uploads\/2018\/10\/3000.jpg","datePublished":"2025-06-05T04:00:56+00:00","dateModified":"2025-09-10T20:51:12+00:00","description":"I 3000 delle Dolomiti si ergono come isolati colossi fra le splendide valli e cime dolomitiche del Trentino Alto Adige e del Veneto. Se alcune vette sono alla portata di ogni escursionista, altre costituiscono degli impegnativi itinerari alpinistici riservati a escursionisti esperti con le necessarie conoscenze di arrampicata in cordata ed esperienza su terreni e pareti rocciose.","breadcrumb":{"@id":"https:\/\/www.sestogrado.it\/it\/prodotto\/idea-montagna-3000-delle-dolomiti\/#breadcrumb"},"inLanguage":"it-IT","potentialAction":[{"@type":"ReadAction","target":[["https:\/\/www.sestogrado.it\/it\/prodotto\/idea-montagna-3000-delle-dolomiti\/"]]}]},{"@type":"ImageObject","inLanguage":"it-IT","@id":"https:\/\/www.sestogrado.it\/it\/prodotto\/idea-montagna-3000-delle-dolomiti\/#primaryimage","url":"https:\/\/www.sestogrado.it\/wp-content\/uploads\/2018\/10\/3000.jpg","contentUrl":"https:\/\/www.sestogrado.it\/wp-content\/uploads\/2018\/10\/3000.jpg","width":900,"height":900,"caption":"3000 delle Dolomiti"},{"@type":"BreadcrumbList","@id":"https:\/\/www.sestogrado.it\/it\/prodotto\/idea-montagna-3000-delle-dolomiti\/#breadcrumb","itemListElement":[{"@type":"ListItem","position":1,"name":"Home","item":"https:\/\/www.sestogrado.it\/it\/"},{"@type":"ListItem","position":2,"name":"Shop","item":"https:\/\/www.sestogrado.it\/it\/shop\/"},{"@type":"ListItem","position":3,"name":"Idea Montagna 3000 delle Dolomiti 5a ed"}]},{"@type":"WebSite","@id":"https:\/\/www.sestogrado.it\/it\/#website","url":"https:\/\/www.sestogrado.it\/it\/","name":"Sestogrado","description":"yes we climb","publisher":{"@id":"https:\/\/www.sestogrado.it\/it\/#organization"},"potentialAction":[{"@type":"SearchAction","target":{"@type":"EntryPoint","urlTemplate":"https:\/\/www.sestogrado.it\/it\/?s={search_term_string}"},"query-input":{"@type":"PropertyValueSpecification","valueRequired":true,"valueName":"search_term_string"}}],"inLanguage":"it-IT"},{"@type":"Organization","@id":"https:\/\/www.sestogrado.it\/it\/#organization","name":"Sestogrado","url":"https:\/\/www.sestogrado.it\/it\/","logo":{"@type":"ImageObject","inLanguage":"it-IT","@id":"https:\/\/www.sestogrado.it\/it\/#\/schema\/logo\/image\/","url":"https:\/\/www.sestogrado.it\/wp-content\/uploads\/2015\/03\/sestogrado-favicon.png","contentUrl":"https:\/\/www.sestogrado.it\/wp-content\/uploads\/2015\/03\/sestogrado-favicon.png","width":260,"height":260,"caption":"Sestogrado"},"image":{"@id":"https:\/\/www.sestogrado.it\/it\/#\/schema\/logo\/image\/"},"sameAs":["https:\/\/www.facebook.com\/pages\/Sestogrado\/1542635979353017?ref=bookmarks","https:\/\/www.youtube.com\/channel\/UC847kAfTkaJsWpc1jtQwr3Q"],"hasMerchantReturnPolicy":{"@type":"MerchantReturnPolicy","merchantReturnLink":"https:\/\/www.sestogrado.it\/it\/termini-e-condizioni\/"}}]},"product_brand":"Idea Montagna","product_price_amount":"36.00","product_price_currency":"EUR","og_availability":"instock","product_availability":"instock","product_condition":"new"},"_links":{"self":[{"href":"https:\/\/www.sestogrado.it\/it\/wp-json\/wp\/v2\/product\/9170","targetHints":{"allow":["GET"]}}],"collection":[{"href":"https:\/\/www.sestogrado.it\/it\/wp-json\/wp\/v2\/product"}],"about":[{"href":"https:\/\/www.sestogrado.it\/it\/wp-json\/wp\/v2\/types\/product"}],"replies":[{"embeddable":true,"href":"https:\/\/www.sestogrado.it\/it\/wp-json\/wp\/v2\/comments?post=9170"}],"wp:featuredmedia":[{"embeddable":true,"href":"https:\/\/www.sestogrado.it\/it\/wp-json\/wp\/v2\/media\/193129"}],"wp:attachment":[{"href":"https:\/\/www.sestogrado.it\/it\/wp-json\/wp\/v2\/media?parent=9170"}],"wp:term":[{"taxonomy":"product_brand","embeddable":true,"href":"https:\/\/www.sestogrado.it\/it\/wp-json\/wp\/v2\/product_brand?post=9170"},{"taxonomy":"product_cat","embeddable":true,"href":"https:\/\/www.sestogrado.it\/it\/wp-json\/wp\/v2\/product_cat?post=9170"},{"taxonomy":"product_tag","embeddable":true,"href":"https:\/\/www.sestogrado.it\/it\/wp-json\/wp\/v2\/product_tag?post=9170"}],"curies":[{"name":"wp","href":"https:\/\/api.w.org\/{rel}","templated":true}]}}