{"id":9165,"date":"2026-04-14T10:00:48","date_gmt":"2026-04-14T08:00:48","guid":{"rendered":"http:\/\/www.sestogrado.it\/prodotto\/il-grande-libro-dei-4000\/"},"modified":"2026-04-14T14:56:35","modified_gmt":"2026-04-14T12:56:35","slug":"idea-montagna-il-grande-libro-dei-4000","status":"publish","type":"product","link":"https:\/\/www.sestogrado.it\/it\/prodotto\/idea-montagna-il-grande-libro-dei-4000\/","title":{"rendered":"Idea Montagna Il Grande Libro dei 4000"},"content":{"rendered":"<p><\/p>\n<div id=\"slidedescr\">\n<div id=\"slidedescr-dx\">\n<div class=\"scrollervertdescrlibro\">\n<div>La grande bellezza di questo libro, le relazioni dettagliate alle vie normali e alle classiche di tutti i 4000 delle Alpi, ne hanno decretato il successo, riconosciuto anche in Gran Bretagna, Germania e Francia, dove \u00e8 stato tradotto e apprezzato.<br \/>\n\u201cIl grande libro dei 4000\u201d ritorna con una grafica rinnovata ma soprattutto con gli indispensabili aggiornamenti e le doverose correzioni.<br \/>\nIl libro pi\u00f9 venduto di Idea Montagna \u00e8 un volume che ogni appassionato dell\u2019alta quota \u00e8 giusto abbia nella propria libreria.<\/div>\n<div><\/div>\n<div class=\"normaltextcenter\">Il Grande Libro dei 4000 contiene le relazioni\u00a0di 82 vie normali e 42 vie classiche in 9 gruppi montuosi, con foto, tracciati, relazioni dettagliate, schizzi delle vie e notizie storiche.<\/div>\n<div class=\"normaltextcenter\">Se vuoi salire le cime dei 4000 delle Alpi di cui non riesci a trovare una dettagliata descrizione, Il Grande Libro dei 4000\u00a0\u00e8 la tua guida di riferimento con\u00a0416 pagine con dettagliate descrizioni delle vie normali e vie classiche alle cime di tutte le 82 cime alpine oltre i 4000 metri di altezza in 9 gruppi montuosi dal Monte Bianco al Piz Bernina.<\/div>\n<div class=\"normaltextleft\"><\/div>\n<div class=\"normaltextleft\">La guida prende in considerazione tutte le vette alpine oltre i 4000 metri in 9 gruppi montuosi fra Val d&#8217;Aosta e Svizzera: Massiccio degli \u00c9crins, Massiccio del Gran Paradiso, Massiccio del Monte Bianco, Gruppo del Gran Combin, Alpi del Weisshorn e del Cervino, Massiccio del Monte Rosa, Alpi del Mischabel e del Weissmies, Alpi Bernesi, Massiccio del Bernina.<\/div>\n<p>Le cime delle Alpi oltre i 4000 metri di altezza si innalzano per la maggior parte nel Massiccio del Monte Bianco, nel Massiccio del Monte Rosa, nelle Alpi del Weisshorn e del Cervino e nelle Alpi del Mischabel e del Weissmies.<\/p>\n<p>Si tratta di un vasto territorio che copre numerose valli, ricoperto da ghiacciai e fornito di numerosi rifugi alpini e bivacchi di alta quota. Anche le sole vie normali di salita costituiscono un serio banco di prova per ogni alpinista, sia per le elevate quote, sia per le difficolt\u00e0 e i pericoli dei ghiacciai da risalire e attraversare, sia per le vie di roccia e ghiaccio che devono essere affrontate per raggiungere le cime.<\/p>\n<p>Un numero limitato di cime raggiunge i 4000 metri, tra le quali solo alcune superano i 4500 metri e una singola, il Monte Bianco, sfiora i 5000. Paragonate alla maggior parte delle altre sommit\u00e0 della catena, le cime alpine di 4000 metri assumono quindi proporzioni rilevanti. Malgrado la loro altezza sia, in valore assoluto, la met\u00e0 di quella dei massimi picchi himalayani, i Quattromila sono i veri e propri \u201cGiganti delle Alpi\u201d: montagne maestose, celebri e, soprattutto, ricche di storia.<\/p>\n<\/div>\n<\/div>\n<\/div>\n<div id=\"col-news-list\">\n<div><\/div>\n<div><strong>Gli Autori:<\/strong><\/div>\n<div id=\"col-news-list-img\"><\/div>\n<div id=\"col-news-list-txt\">\n<p><em><b>Marco Romelli<\/b><\/em><\/p>\n<p>Di origini lombarde, pratica l\u00b4alpinismo da un ventennio, concentrandosi principalmente sul massiccio del Monte Bianco, su cui ha pubblicato la guida &#8220;Monte Bianco Classico &amp; Plaisir&#8221; in due edizioni successive. Illustratore di testi tecnici e relazioni, la sua passione per la montagna non si esaurisce con l\u00b4arrampicata, a cui affianca il disegno e la fotografia nella ricerca costante di un\u00b4esperienza estetica completa. E&#8217; anche autore del Grande libro dei 4000, la guida alpinistica a tutti i 4000 delle Alpi.<\/p>\n<\/div>\n<\/div>\n<div class=\"break\"><\/div>\n<div id=\"col-news-list\">\n<div id=\"col-news-list-txt\">\n<p><em><b>Valentino Cividini<\/b><\/em><\/p>\n<p>Alpinista appassionato, frequenta la montagna assiduamente nonostante il lavoro in fabbrica e la famiglia. Ha realizzato numerose scalate in tutto l&#8217;arco alpino, dalle vie classiche alle moderne, sia su ghiaccio che su roccia. \u00c8 anche un grande appassionato di scialpinismo, disciplina per la quale \u00e8 istruttore nella scuola del C.A.I. Valle Seriana. \u00c8 autore, sempre con Marco Romelli, della guida \u201cGhiaccio delle Orobie\u201d. La collezione dei Quattromila, intrapresa quasi per scherzo, \u00e8 stata per lui fonte di grandi soddisfazioni e soprattutto uno stimolo ad esplorare gli angoli pi\u00f9 belli delle Alpi.<\/p>\n<p>&nbsp;<\/p>\n<\/div>\n<\/div>\n<div><strong>Sfoglia qui l&#8217;anteprima:<\/strong><\/div>\n<div><a href=\"https:\/\/ideamontagna.it\/wp-content\/uploads\/2026\/01\/PDF-INDICE.pdf\" target=\"_blank\" rel=\"noopener\">Il-grande-libro-dei-4000<\/a><\/div>\n<p><\/p>","protected":false},"excerpt":{"rendered":"<p>La grande bellezza di questo libro, le relazioni dettagliate alle vie normali e alle classiche di tutti i 4000 delle [&hellip;]<\/p>\n","protected":false},"featured_media":215475,"comment_status":"open","ping_status":"closed","template":"","meta":{"_acf_changed":false},"product_brand":[331],"product_cat":[98],"product_tag":[],"class_list":{"0":"post-9165","1":"product","2":"type-product","3":"status-publish","4":"has-post-thumbnail","6":"product_brand-idea-montagna","7":"product_cat-libri","9":"first","10":"instock","11":"taxable","12":"shipping-taxable","13":"purchasable","14":"product-type-simple"},"acf":[],"yoast_head":"<!-- This site is optimized with the Yoast SEO plugin v26.4 - https:\/\/yoast.com\/wordpress\/plugins\/seo\/ -->\n<title>Idea Montagna Il Grande Libro dei 4000 - Sestogrado<\/title>\n<meta name=\"description\" content=\"Relazioni di 82 vie normali e 42 vie classiche in 9 gruppi montuosi, con foto, tracciati, relazioni dettagliate, schizzi delle vie e notizie storiche.\" \/>\n<meta name=\"robots\" content=\"index, follow, max-snippet:-1, max-image-preview:large, max-video-preview:-1\" \/>\n<link rel=\"canonical\" href=\"https:\/\/www.sestogrado.it\/it\/prodotto\/idea-montagna-il-grande-libro-dei-4000\/\" \/>\n<meta property=\"og:locale\" content=\"it_IT\" \/>\n<meta property=\"og:type\" content=\"article\" \/>\n<meta property=\"og:title\" content=\"Idea Montagna Il Grande Libro dei 4000 - Sestogrado\" \/>\n<meta property=\"og:description\" content=\"Relazioni di 82 vie normali e 42 vie classiche in 9 gruppi montuosi, con foto, tracciati, relazioni dettagliate, schizzi delle vie e notizie storiche.\" \/>\n<meta property=\"og:url\" content=\"https:\/\/www.sestogrado.it\/it\/prodotto\/idea-montagna-il-grande-libro-dei-4000\/\" \/>\n<meta property=\"og:site_name\" content=\"Sestogrado\" \/>\n<meta property=\"article:publisher\" content=\"https:\/\/www.facebook.com\/pages\/Sestogrado\/1542635979353017?ref=bookmarks\" \/>\n<meta property=\"article:modified_time\" content=\"2026-04-14T12:56:35+00:00\" \/>\n<meta property=\"og:image\" content=\"https:\/\/www.sestogrado.it\/wp-content\/uploads\/2016\/11\/4000.jpg\" \/>\n\t<meta property=\"og:image:width\" content=\"900\" \/>\n\t<meta property=\"og:image:height\" content=\"900\" \/>\n\t<meta property=\"og:image:type\" content=\"image\/jpeg\" \/>\n<meta name=\"twitter:label1\" content=\"Prezzo\" \/>\n\t<meta name=\"twitter:data1\" content=\"&euro;&nbsp;36,00\" \/>\n\t<meta name=\"twitter:label2\" content=\"Disponibilit\u00e0\" \/>\n\t<meta name=\"twitter:data2\" content=\"In stock\" \/>\n<script type=\"application\/ld+json\" class=\"yoast-schema-graph\">{\"@context\":\"https:\/\/schema.org\",\"@graph\":[{\"@type\":\"WebPage\",\"@id\":\"https:\/\/www.sestogrado.it\/it\/prodotto\/idea-montagna-il-grande-libro-dei-4000\/\",\"url\":\"https:\/\/www.sestogrado.it\/it\/prodotto\/idea-montagna-il-grande-libro-dei-4000\/\",\"name\":\"Idea Montagna Il Grande Libro dei 4000 - Sestogrado\",\"isPartOf\":{\"@id\":\"https:\/\/www.sestogrado.it\/it\/#website\"},\"primaryImageOfPage\":{\"@id\":\"https:\/\/www.sestogrado.it\/it\/prodotto\/idea-montagna-il-grande-libro-dei-4000\/#primaryimage\"},\"image\":{\"@id\":\"https:\/\/www.sestogrado.it\/prodotto\/idea-montagna-il-grande-libro-dei-4000\/#primaryimage\"},\"thumbnailUrl\":\"https:\/\/www.sestogrado.it\/wp-content\/uploads\/2016\/11\/4000.jpg\",\"datePublished\":\"2026-04-14T08:00:48+00:00\",\"dateModified\":\"2026-04-14T12:56:35+00:00\",\"description\":\"Relazioni di 82 vie normali e 42 vie classiche in 9 gruppi montuosi, con foto, tracciati, relazioni dettagliate, schizzi delle vie e notizie storiche.\",\"breadcrumb\":{\"@id\":\"https:\/\/www.sestogrado.it\/it\/prodotto\/idea-montagna-il-grande-libro-dei-4000\/#breadcrumb\"},\"inLanguage\":\"it-IT\",\"potentialAction\":[{\"@type\":\"ReadAction\",\"target\":[[\"https:\/\/www.sestogrado.it\/it\/prodotto\/idea-montagna-il-grande-libro-dei-4000\/\"]]}]},{\"@type\":\"ImageObject\",\"inLanguage\":\"it-IT\",\"@id\":\"https:\/\/www.sestogrado.it\/it\/prodotto\/idea-montagna-il-grande-libro-dei-4000\/#primaryimage\",\"url\":\"https:\/\/www.sestogrado.it\/wp-content\/uploads\/2016\/11\/4000.jpg\",\"contentUrl\":\"https:\/\/www.sestogrado.it\/wp-content\/uploads\/2016\/11\/4000.jpg\",\"width\":900,\"height\":900,\"caption\":\"4000\"},{\"@type\":\"BreadcrumbList\",\"@id\":\"https:\/\/www.sestogrado.it\/it\/prodotto\/idea-montagna-il-grande-libro-dei-4000\/#breadcrumb\",\"itemListElement\":[{\"@type\":\"ListItem\",\"position\":1,\"name\":\"Home\",\"item\":\"https:\/\/www.sestogrado.it\/it\/\"},{\"@type\":\"ListItem\",\"position\":2,\"name\":\"Shop\",\"item\":\"https:\/\/www.sestogrado.it\/it\/shop\/\"},{\"@type\":\"ListItem\",\"position\":3,\"name\":\"Idea Montagna Il Grande Libro dei 4000\"}]},{\"@type\":\"WebSite\",\"@id\":\"https:\/\/www.sestogrado.it\/it\/#website\",\"url\":\"https:\/\/www.sestogrado.it\/it\/\",\"name\":\"Sestogrado\",\"description\":\"yes we climb\",\"publisher\":{\"@id\":\"https:\/\/www.sestogrado.it\/it\/#organization\"},\"potentialAction\":[{\"@type\":\"SearchAction\",\"target\":{\"@type\":\"EntryPoint\",\"urlTemplate\":\"https:\/\/www.sestogrado.it\/it\/?s={search_term_string}\"},\"query-input\":{\"@type\":\"PropertyValueSpecification\",\"valueRequired\":true,\"valueName\":\"search_term_string\"}}],\"inLanguage\":\"it-IT\"},{\"@type\":\"Organization\",\"@id\":\"https:\/\/www.sestogrado.it\/it\/#organization\",\"name\":\"Sestogrado\",\"url\":\"https:\/\/www.sestogrado.it\/it\/\",\"logo\":{\"@type\":\"ImageObject\",\"inLanguage\":\"it-IT\",\"@id\":\"https:\/\/www.sestogrado.it\/it\/#\/schema\/logo\/image\/\",\"url\":\"https:\/\/www.sestogrado.it\/wp-content\/uploads\/2015\/03\/sestogrado-favicon.png\",\"contentUrl\":\"https:\/\/www.sestogrado.it\/wp-content\/uploads\/2015\/03\/sestogrado-favicon.png\",\"width\":260,\"height\":260,\"caption\":\"Sestogrado\"},\"image\":{\"@id\":\"https:\/\/www.sestogrado.it\/it\/#\/schema\/logo\/image\/\"},\"sameAs\":[\"https:\/\/www.facebook.com\/pages\/Sestogrado\/1542635979353017?ref=bookmarks\",\"https:\/\/www.youtube.com\/channel\/UC847kAfTkaJsWpc1jtQwr3Q\"],\"hasMerchantReturnPolicy\":{\"@type\":\"MerchantReturnPolicy\",\"merchantReturnLink\":\"https:\/\/www.sestogrado.it\/it\/termini-e-condizioni\/\"}}]}<\/script>\n<meta property=\"product:brand\" content=\"Idea Montagna\" \/>\n<meta property=\"product:price:amount\" content=\"36.00\" \/>\n<meta property=\"product:price:currency\" content=\"EUR\" \/>\n<meta property=\"og:availability\" content=\"instock\" \/>\n<meta property=\"product:availability\" content=\"instock\" \/>\n<meta property=\"product:condition\" content=\"new\" \/>\n<!-- \/ Yoast SEO plugin. -->","yoast_head_json":{"title":"Idea Montagna Il Grande Libro dei 4000 - Sestogrado","description":"Relazioni di 82 vie normali e 42 vie classiche in 9 gruppi montuosi, con foto, tracciati, relazioni dettagliate, schizzi delle vie e notizie storiche.","robots":{"index":"index","follow":"follow","max-snippet":"max-snippet:-1","max-image-preview":"max-image-preview:large","max-video-preview":"max-video-preview:-1"},"canonical":"https:\/\/www.sestogrado.it\/it\/prodotto\/idea-montagna-il-grande-libro-dei-4000\/","og_locale":"it_IT","og_type":"article","og_title":"Idea Montagna Il Grande Libro dei 4000 - Sestogrado","og_description":"Relazioni di 82 vie normali e 42 vie classiche in 9 gruppi montuosi, con foto, tracciati, relazioni dettagliate, schizzi delle vie e notizie storiche.","og_url":"https:\/\/www.sestogrado.it\/it\/prodotto\/idea-montagna-il-grande-libro-dei-4000\/","og_site_name":"Sestogrado","article_publisher":"https:\/\/www.facebook.com\/pages\/Sestogrado\/1542635979353017?ref=bookmarks","article_modified_time":"2026-04-14T12:56:35+00:00","og_image":[{"width":900,"height":900,"url":"https:\/\/www.sestogrado.it\/wp-content\/uploads\/2016\/11\/4000.jpg","type":"image\/jpeg"}],"twitter_misc":{"Prezzo":"&euro;&nbsp;36,00","Disponibilit\u00e0":"In stock"},"schema":{"@context":"https:\/\/schema.org","@graph":[{"@type":"WebPage","@id":"https:\/\/www.sestogrado.it\/it\/prodotto\/idea-montagna-il-grande-libro-dei-4000\/","url":"https:\/\/www.sestogrado.it\/it\/prodotto\/idea-montagna-il-grande-libro-dei-4000\/","name":"Idea Montagna Il Grande Libro dei 4000 - Sestogrado","isPartOf":{"@id":"https:\/\/www.sestogrado.it\/it\/#website"},"primaryImageOfPage":{"@id":"https:\/\/www.sestogrado.it\/it\/prodotto\/idea-montagna-il-grande-libro-dei-4000\/#primaryimage"},"image":{"@id":"https:\/\/www.sestogrado.it\/prodotto\/idea-montagna-il-grande-libro-dei-4000\/#primaryimage"},"thumbnailUrl":"https:\/\/www.sestogrado.it\/wp-content\/uploads\/2016\/11\/4000.jpg","datePublished":"2026-04-14T08:00:48+00:00","dateModified":"2026-04-14T12:56:35+00:00","description":"Relazioni di 82 vie normali e 42 vie classiche in 9 gruppi montuosi, con foto, tracciati, relazioni dettagliate, schizzi delle vie e notizie storiche.","breadcrumb":{"@id":"https:\/\/www.sestogrado.it\/it\/prodotto\/idea-montagna-il-grande-libro-dei-4000\/#breadcrumb"},"inLanguage":"it-IT","potentialAction":[{"@type":"ReadAction","target":[["https:\/\/www.sestogrado.it\/it\/prodotto\/idea-montagna-il-grande-libro-dei-4000\/"]]}]},{"@type":"ImageObject","inLanguage":"it-IT","@id":"https:\/\/www.sestogrado.it\/it\/prodotto\/idea-montagna-il-grande-libro-dei-4000\/#primaryimage","url":"https:\/\/www.sestogrado.it\/wp-content\/uploads\/2016\/11\/4000.jpg","contentUrl":"https:\/\/www.sestogrado.it\/wp-content\/uploads\/2016\/11\/4000.jpg","width":900,"height":900,"caption":"4000"},{"@type":"BreadcrumbList","@id":"https:\/\/www.sestogrado.it\/it\/prodotto\/idea-montagna-il-grande-libro-dei-4000\/#breadcrumb","itemListElement":[{"@type":"ListItem","position":1,"name":"Home","item":"https:\/\/www.sestogrado.it\/it\/"},{"@type":"ListItem","position":2,"name":"Shop","item":"https:\/\/www.sestogrado.it\/it\/shop\/"},{"@type":"ListItem","position":3,"name":"Idea Montagna Il Grande Libro dei 4000"}]},{"@type":"WebSite","@id":"https:\/\/www.sestogrado.it\/it\/#website","url":"https:\/\/www.sestogrado.it\/it\/","name":"Sestogrado","description":"yes we climb","publisher":{"@id":"https:\/\/www.sestogrado.it\/it\/#organization"},"potentialAction":[{"@type":"SearchAction","target":{"@type":"EntryPoint","urlTemplate":"https:\/\/www.sestogrado.it\/it\/?s={search_term_string}"},"query-input":{"@type":"PropertyValueSpecification","valueRequired":true,"valueName":"search_term_string"}}],"inLanguage":"it-IT"},{"@type":"Organization","@id":"https:\/\/www.sestogrado.it\/it\/#organization","name":"Sestogrado","url":"https:\/\/www.sestogrado.it\/it\/","logo":{"@type":"ImageObject","inLanguage":"it-IT","@id":"https:\/\/www.sestogrado.it\/it\/#\/schema\/logo\/image\/","url":"https:\/\/www.sestogrado.it\/wp-content\/uploads\/2015\/03\/sestogrado-favicon.png","contentUrl":"https:\/\/www.sestogrado.it\/wp-content\/uploads\/2015\/03\/sestogrado-favicon.png","width":260,"height":260,"caption":"Sestogrado"},"image":{"@id":"https:\/\/www.sestogrado.it\/it\/#\/schema\/logo\/image\/"},"sameAs":["https:\/\/www.facebook.com\/pages\/Sestogrado\/1542635979353017?ref=bookmarks","https:\/\/www.youtube.com\/channel\/UC847kAfTkaJsWpc1jtQwr3Q"],"hasMerchantReturnPolicy":{"@type":"MerchantReturnPolicy","merchantReturnLink":"https:\/\/www.sestogrado.it\/it\/termini-e-condizioni\/"}}]},"product_brand":"Idea Montagna","product_price_amount":"36.00","product_price_currency":"EUR","og_availability":"instock","product_availability":"instock","product_condition":"new"},"_links":{"self":[{"href":"https:\/\/www.sestogrado.it\/it\/wp-json\/wp\/v2\/product\/9165","targetHints":{"allow":["GET"]}}],"collection":[{"href":"https:\/\/www.sestogrado.it\/it\/wp-json\/wp\/v2\/product"}],"about":[{"href":"https:\/\/www.sestogrado.it\/it\/wp-json\/wp\/v2\/types\/product"}],"replies":[{"embeddable":true,"href":"https:\/\/www.sestogrado.it\/it\/wp-json\/wp\/v2\/comments?post=9165"}],"wp:featuredmedia":[{"embeddable":true,"href":"https:\/\/www.sestogrado.it\/it\/wp-json\/wp\/v2\/media\/215475"}],"wp:attachment":[{"href":"https:\/\/www.sestogrado.it\/it\/wp-json\/wp\/v2\/media?parent=9165"}],"wp:term":[{"taxonomy":"product_brand","embeddable":true,"href":"https:\/\/www.sestogrado.it\/it\/wp-json\/wp\/v2\/product_brand?post=9165"},{"taxonomy":"product_cat","embeddable":true,"href":"https:\/\/www.sestogrado.it\/it\/wp-json\/wp\/v2\/product_cat?post=9165"},{"taxonomy":"product_tag","embeddable":true,"href":"https:\/\/www.sestogrado.it\/it\/wp-json\/wp\/v2\/product_tag?post=9165"}],"curies":[{"name":"wp","href":"https:\/\/api.w.org\/{rel}","templated":true}]}}