{"id":9163,"date":"2022-06-27T11:36:23","date_gmt":"2022-06-27T09:36:23","guid":{"rendered":"http:\/\/www.sestogrado.it\/prodotto\/falesie-a-cortina-dampezzo\/"},"modified":"2025-09-04T21:48:40","modified_gmt":"2025-09-04T19:48:40","slug":"idea-montagna-falesie-a-cortina-dampezzo","status":"publish","type":"product","link":"https:\/\/www.sestogrado.it\/it\/prodotto\/idea-montagna-falesie-a-cortina-dampezzo\/","title":{"rendered":"Idea Montagna Falesie a Cortina d&#8217;Ampezzo"},"content":{"rendered":"<p><\/p>\n<div id=\"slidedescr\">\n<div id=\"slidedescr-dx\">\n<div class=\"scrollervertdescrlibro\">\n<div id=\"slidedescr\">\n<div id=\"slidedescr-dx\">\n<div class=\"scrollervertdescrlibro\">\n<p>Falesie \u00a0Cortina d&#8217;Ampezzo \u00e8 la <strong>guida scritta dagli Scoiattoli di Cortina<\/strong> sulla zona di Cortina.<\/p>\n<p>L\u2019arrampicata nella Conca Ampezzana, cos\u00ec come negli altri siti, ha sub\u00ecto negli ultimi anni un\u2019evoluzione sorprendente, sia nella qualit\u00e0 e nella difficolt\u00e0 delle vie proposte, sia nella quantit\u00e0. Grazie alla dedizione e alla passione dei numerosi arrampicatori locali, sono nate numerose nuove falesie dando all\u2019attivit\u00e0 una connotazione pi\u00f9 completa, ma dando, soprattutto, agli appassionati tante alternative di scoperta sia di luoghi che di rocce.<br \/>\n\u00c8 sicuramente il caso anche di Cortina d\u2019Ampezzo, luogo storico dell\u2019arrampicata.<br \/>\nLa guida, giunta ora alla <strong>seconda edizione<\/strong>, segue quelle pubblicate a firma di Roberto Casanova e degli stessi Scoiattoli, ormai esaurite, con una veste grafica totalmente rinnovata ma, soprattutto, con quanto di nuovo gli arrampicatori ampezzani hanno saputo ricavare dalle loro rocce pi\u00f9 belle.<\/p>\n<p>La guida contiene le falesie:<br \/>\nSon Pouses, Rio Gere, Crepo Longo, Sasso di Colfiere, La Lavagna, Volpera, Campo, Crepe di Pant\u00e8i, In p\u00f2 crepa, Crepe de Oucera Bassi, Crepe de Oucera Alti, Beco d\u2019Ajal, Croda da Lago, Cinque Torri, Duca, Piccolo Lagazuoi, Sass de Stria, Setsas, Salares, San Bodo, Salares, Nasswand, Val Rienza, Franchi, Val di Landro, Lago di Landro, Stuube, Geierwand, Landro Classica, Grottone.<\/p>\n<\/div>\n<p>Sfoglia l&#8217;anteprima scaricando il pdf:<\/p>\n<p><a href=\"https:\/\/www.sestogrado.it\/wp-content\/uploads\/2016\/11\/Falesie-a-Cortina-.pdf\" target=\"_blank\" rel=\"noopener\">Falesie a Cortina &#8211; Scoiattoli di Cortina<\/a><\/p>\n<\/div>\n<\/div>\n<\/div>\n<\/div>\n<\/div>\n<p><\/p>","protected":false},"excerpt":{"rendered":"<p>Falesie \u00a0Cortina d&#8217;Ampezzo \u00e8 la guida scritta dagli Scoiattoli di Cortina sulla zona di Cortina. L\u2019arrampicata nella Conca Ampezzana, cos\u00ec [&hellip;]<\/p>\n","protected":false},"featured_media":105512,"comment_status":"open","ping_status":"closed","template":"","meta":{"_acf_changed":false},"product_brand":[331],"product_cat":[98],"product_tag":[],"class_list":{"0":"post-9163","1":"product","2":"type-product","3":"status-publish","4":"has-post-thumbnail","6":"product_brand-idea-montagna","7":"product_cat-libri","9":"first","10":"instock","11":"taxable","12":"shipping-taxable","13":"purchasable","14":"product-type-simple"},"acf":[],"yoast_head":"<!-- This site is optimized with the Yoast SEO plugin v26.4 - https:\/\/yoast.com\/wordpress\/plugins\/seo\/ -->\n<title>Idea Montagna Falesie a Cortina d&#039;Ampezzo - Sestogrado<\/title>\n<meta name=\"description\" content=\"Falesie \u00a0Cortina d&#039;Ampezzo \u00e8 la guida scritta dagli Scoiattoli di Cortina sulla zona di Cortina. L\u2019arrampicata nella Conca Ampezzana, cos\u00ec come negli altri siti, ha sub\u00ecto negli ultimi anni un\u2019evoluzione sorprendente, sia nella qualit\u00e0 e nella difficolt\u00e0 delle vie proposte, sia nella quantit\u00e0. Grazie alla dedizione e alla passione dei numerosi arrampicatori locali, sono nate numerose nuove falesie dando all\u2019attivit\u00e0 una connotazione pi\u00f9 completa, ma dando, soprattutto, agli appassionati tante alternative di scoperta sia di luoghi che di rocce. \u00c8 sicuramente il caso anche di Cortina d\u2019Ampezzo, luogo storico dell\u2019arrampicata. La guida, giunta ora alla seconda edizione, segue quelle pubblicate a firma di Roberto Casanova e degli stessi Scoiattoli, ormai esaurite, con una veste grafica totalmente rinnovata ma, soprattutto, con quanto di nuovo gli arrampicatori ampezzani hanno saputo ricavare dalle loro rocce pi\u00f9 belle. La guida contiene le falesie: Son Pouses, Rio Gere, Crepo Longo, Sasso di Colfiere, La Lavagna, Volpera, Campo, Crepe di Pant\u00e8i, In p\u00f2 crepa, Crepe de Oucera Bassi, Crepe de Oucera Alti, Beco d\u2019Ajal, Croda da Lago, Cinque Torri, Duca, Piccolo Lagazuoi, Sass de Stria, Setsas, Salares, San Bodo, Salares, Nasswand, Val Rienza, Franchi, Val di Landro, Lago di Landro, Stuube, Geierwand, Landro Classica, Grottone.\" \/>\n<meta name=\"robots\" content=\"index, follow, max-snippet:-1, max-image-preview:large, max-video-preview:-1\" \/>\n<link rel=\"canonical\" href=\"https:\/\/www.sestogrado.it\/it\/prodotto\/idea-montagna-falesie-a-cortina-dampezzo\/\" \/>\n<meta property=\"og:locale\" content=\"it_IT\" \/>\n<meta property=\"og:type\" content=\"article\" \/>\n<meta property=\"og:title\" content=\"Idea Montagna Falesie a Cortina d&#039;Ampezzo - Sestogrado\" \/>\n<meta property=\"og:description\" content=\"Falesie \u00a0Cortina d&#039;Ampezzo \u00e8 la guida scritta dagli Scoiattoli di Cortina sulla zona di Cortina. L\u2019arrampicata nella Conca Ampezzana, cos\u00ec come negli altri siti, ha sub\u00ecto negli ultimi anni un\u2019evoluzione sorprendente, sia nella qualit\u00e0 e nella difficolt\u00e0 delle vie proposte, sia nella quantit\u00e0. Grazie alla dedizione e alla passione dei numerosi arrampicatori locali, sono nate numerose nuove falesie dando all\u2019attivit\u00e0 una connotazione pi\u00f9 completa, ma dando, soprattutto, agli appassionati tante alternative di scoperta sia di luoghi che di rocce. \u00c8 sicuramente il caso anche di Cortina d\u2019Ampezzo, luogo storico dell\u2019arrampicata. La guida, giunta ora alla seconda edizione, segue quelle pubblicate a firma di Roberto Casanova e degli stessi Scoiattoli, ormai esaurite, con una veste grafica totalmente rinnovata ma, soprattutto, con quanto di nuovo gli arrampicatori ampezzani hanno saputo ricavare dalle loro rocce pi\u00f9 belle. La guida contiene le falesie: Son Pouses, Rio Gere, Crepo Longo, Sasso di Colfiere, La Lavagna, Volpera, Campo, Crepe di Pant\u00e8i, In p\u00f2 crepa, Crepe de Oucera Bassi, Crepe de Oucera Alti, Beco d\u2019Ajal, Croda da Lago, Cinque Torri, Duca, Piccolo Lagazuoi, Sass de Stria, Setsas, Salares, San Bodo, Salares, Nasswand, Val Rienza, Franchi, Val di Landro, Lago di Landro, Stuube, Geierwand, Landro Classica, Grottone.\" \/>\n<meta property=\"og:url\" content=\"https:\/\/www.sestogrado.it\/it\/prodotto\/idea-montagna-falesie-a-cortina-dampezzo\/\" \/>\n<meta property=\"og:site_name\" content=\"Sestogrado\" \/>\n<meta property=\"article:publisher\" content=\"https:\/\/www.facebook.com\/pages\/Sestogrado\/1542635979353017?ref=bookmarks\" \/>\n<meta property=\"article:modified_time\" content=\"2025-09-04T19:48:40+00:00\" \/>\n<meta property=\"og:image\" content=\"https:\/\/www.sestogrado.it\/wp-content\/uploads\/2016\/11\/Falesie-a-Cortina-dAmpezzo.jpg\" \/>\n\t<meta property=\"og:image:width\" content=\"1100\" \/>\n\t<meta property=\"og:image:height\" content=\"1100\" \/>\n\t<meta property=\"og:image:type\" content=\"image\/jpeg\" \/>\n<meta name=\"twitter:label1\" content=\"Prezzo\" \/>\n\t<meta name=\"twitter:data1\" content=\"&euro;&nbsp;28,00\" \/>\n\t<meta name=\"twitter:label2\" content=\"Disponibilit\u00e0\" \/>\n\t<meta name=\"twitter:data2\" content=\"In stock\" \/>\n<script type=\"application\/ld+json\" class=\"yoast-schema-graph\">{\"@context\":\"https:\/\/schema.org\",\"@graph\":[{\"@type\":\"WebPage\",\"@id\":\"https:\/\/www.sestogrado.it\/it\/prodotto\/idea-montagna-falesie-a-cortina-dampezzo\/\",\"url\":\"https:\/\/www.sestogrado.it\/it\/prodotto\/idea-montagna-falesie-a-cortina-dampezzo\/\",\"name\":\"Idea Montagna Falesie a Cortina d'Ampezzo - Sestogrado\",\"isPartOf\":{\"@id\":\"https:\/\/www.sestogrado.it\/it\/#website\"},\"primaryImageOfPage\":{\"@id\":\"https:\/\/www.sestogrado.it\/it\/prodotto\/idea-montagna-falesie-a-cortina-dampezzo\/#primaryimage\"},\"image\":{\"@id\":\"https:\/\/www.sestogrado.it\/prodotto\/idea-montagna-falesie-a-cortina-dampezzo\/#primaryimage\"},\"thumbnailUrl\":\"https:\/\/www.sestogrado.it\/wp-content\/uploads\/2016\/11\/Falesie-a-Cortina-dAmpezzo.jpg\",\"datePublished\":\"2022-06-27T09:36:23+00:00\",\"dateModified\":\"2025-09-04T19:48:40+00:00\",\"description\":\"Falesie \u00a0Cortina d'Ampezzo \u00e8 la guida scritta dagli Scoiattoli di Cortina sulla zona di Cortina. L\u2019arrampicata nella Conca Ampezzana, cos\u00ec come negli altri siti, ha sub\u00ecto negli ultimi anni un\u2019evoluzione sorprendente, sia nella qualit\u00e0 e nella difficolt\u00e0 delle vie proposte, sia nella quantit\u00e0. Grazie alla dedizione e alla passione dei numerosi arrampicatori locali, sono nate numerose nuove falesie dando all\u2019attivit\u00e0 una connotazione pi\u00f9 completa, ma dando, soprattutto, agli appassionati tante alternative di scoperta sia di luoghi che di rocce. \u00c8 sicuramente il caso anche di Cortina d\u2019Ampezzo, luogo storico dell\u2019arrampicata. La guida, giunta ora alla seconda edizione, segue quelle pubblicate a firma di Roberto Casanova e degli stessi Scoiattoli, ormai esaurite, con una veste grafica totalmente rinnovata ma, soprattutto, con quanto di nuovo gli arrampicatori ampezzani hanno saputo ricavare dalle loro rocce pi\u00f9 belle. La guida contiene le falesie: Son Pouses, Rio Gere, Crepo Longo, Sasso di Colfiere, La Lavagna, Volpera, Campo, Crepe di Pant\u00e8i, In p\u00f2 crepa, Crepe de Oucera Bassi, Crepe de Oucera Alti, Beco d\u2019Ajal, Croda da Lago, Cinque Torri, Duca, Piccolo Lagazuoi, Sass de Stria, Setsas, Salares, San Bodo, Salares, Nasswand, Val Rienza, Franchi, Val di Landro, Lago di Landro, Stuube, Geierwand, Landro Classica, Grottone.\",\"breadcrumb\":{\"@id\":\"https:\/\/www.sestogrado.it\/it\/prodotto\/idea-montagna-falesie-a-cortina-dampezzo\/#breadcrumb\"},\"inLanguage\":\"it-IT\",\"potentialAction\":[{\"@type\":\"ReadAction\",\"target\":[[\"https:\/\/www.sestogrado.it\/it\/prodotto\/idea-montagna-falesie-a-cortina-dampezzo\/\"]]}]},{\"@type\":\"ImageObject\",\"inLanguage\":\"it-IT\",\"@id\":\"https:\/\/www.sestogrado.it\/it\/prodotto\/idea-montagna-falesie-a-cortina-dampezzo\/#primaryimage\",\"url\":\"https:\/\/www.sestogrado.it\/wp-content\/uploads\/2016\/11\/Falesie-a-Cortina-dAmpezzo.jpg\",\"contentUrl\":\"https:\/\/www.sestogrado.it\/wp-content\/uploads\/2016\/11\/Falesie-a-Cortina-dAmpezzo.jpg\",\"width\":1100,\"height\":1100,\"caption\":\"Falesie a Cortina d\u2019Ampezzo (2a ed.)\"},{\"@type\":\"BreadcrumbList\",\"@id\":\"https:\/\/www.sestogrado.it\/it\/prodotto\/idea-montagna-falesie-a-cortina-dampezzo\/#breadcrumb\",\"itemListElement\":[{\"@type\":\"ListItem\",\"position\":1,\"name\":\"Home\",\"item\":\"https:\/\/www.sestogrado.it\/it\/\"},{\"@type\":\"ListItem\",\"position\":2,\"name\":\"Shop\",\"item\":\"https:\/\/www.sestogrado.it\/it\/shop\/\"},{\"@type\":\"ListItem\",\"position\":3,\"name\":\"Idea Montagna Falesie a Cortina d&#8217;Ampezzo\"}]},{\"@type\":\"WebSite\",\"@id\":\"https:\/\/www.sestogrado.it\/it\/#website\",\"url\":\"https:\/\/www.sestogrado.it\/it\/\",\"name\":\"Sestogrado\",\"description\":\"yes we climb\",\"publisher\":{\"@id\":\"https:\/\/www.sestogrado.it\/it\/#organization\"},\"potentialAction\":[{\"@type\":\"SearchAction\",\"target\":{\"@type\":\"EntryPoint\",\"urlTemplate\":\"https:\/\/www.sestogrado.it\/it\/?s={search_term_string}\"},\"query-input\":{\"@type\":\"PropertyValueSpecification\",\"valueRequired\":true,\"valueName\":\"search_term_string\"}}],\"inLanguage\":\"it-IT\"},{\"@type\":\"Organization\",\"@id\":\"https:\/\/www.sestogrado.it\/it\/#organization\",\"name\":\"Sestogrado\",\"url\":\"https:\/\/www.sestogrado.it\/it\/\",\"logo\":{\"@type\":\"ImageObject\",\"inLanguage\":\"it-IT\",\"@id\":\"https:\/\/www.sestogrado.it\/it\/#\/schema\/logo\/image\/\",\"url\":\"https:\/\/www.sestogrado.it\/wp-content\/uploads\/2015\/03\/sestogrado-favicon.png\",\"contentUrl\":\"https:\/\/www.sestogrado.it\/wp-content\/uploads\/2015\/03\/sestogrado-favicon.png\",\"width\":260,\"height\":260,\"caption\":\"Sestogrado\"},\"image\":{\"@id\":\"https:\/\/www.sestogrado.it\/it\/#\/schema\/logo\/image\/\"},\"sameAs\":[\"https:\/\/www.facebook.com\/pages\/Sestogrado\/1542635979353017?ref=bookmarks\",\"https:\/\/www.youtube.com\/channel\/UC847kAfTkaJsWpc1jtQwr3Q\"],\"hasMerchantReturnPolicy\":{\"@type\":\"MerchantReturnPolicy\",\"merchantReturnLink\":\"https:\/\/www.sestogrado.it\/it\/termini-e-condizioni\/\"}}]}<\/script>\n<meta property=\"product:brand\" content=\"Idea Montagna\" \/>\n<meta property=\"product:price:amount\" content=\"28.00\" \/>\n<meta property=\"product:price:currency\" content=\"EUR\" \/>\n<meta property=\"og:availability\" content=\"instock\" \/>\n<meta property=\"product:availability\" content=\"instock\" \/>\n<meta property=\"product:condition\" content=\"new\" \/>\n<!-- \/ Yoast SEO plugin. -->","yoast_head_json":{"title":"Idea Montagna Falesie a Cortina d'Ampezzo - Sestogrado","description":"Falesie \u00a0Cortina d'Ampezzo \u00e8 la guida scritta dagli Scoiattoli di Cortina sulla zona di Cortina. L\u2019arrampicata nella Conca Ampezzana, cos\u00ec come negli altri siti, ha sub\u00ecto negli ultimi anni un\u2019evoluzione sorprendente, sia nella qualit\u00e0 e nella difficolt\u00e0 delle vie proposte, sia nella quantit\u00e0. Grazie alla dedizione e alla passione dei numerosi arrampicatori locali, sono nate numerose nuove falesie dando all\u2019attivit\u00e0 una connotazione pi\u00f9 completa, ma dando, soprattutto, agli appassionati tante alternative di scoperta sia di luoghi che di rocce. \u00c8 sicuramente il caso anche di Cortina d\u2019Ampezzo, luogo storico dell\u2019arrampicata. La guida, giunta ora alla seconda edizione, segue quelle pubblicate a firma di Roberto Casanova e degli stessi Scoiattoli, ormai esaurite, con una veste grafica totalmente rinnovata ma, soprattutto, con quanto di nuovo gli arrampicatori ampezzani hanno saputo ricavare dalle loro rocce pi\u00f9 belle. La guida contiene le falesie: Son Pouses, Rio Gere, Crepo Longo, Sasso di Colfiere, La Lavagna, Volpera, Campo, Crepe di Pant\u00e8i, In p\u00f2 crepa, Crepe de Oucera Bassi, Crepe de Oucera Alti, Beco d\u2019Ajal, Croda da Lago, Cinque Torri, Duca, Piccolo Lagazuoi, Sass de Stria, Setsas, Salares, San Bodo, Salares, Nasswand, Val Rienza, Franchi, Val di Landro, Lago di Landro, Stuube, Geierwand, Landro Classica, Grottone.","robots":{"index":"index","follow":"follow","max-snippet":"max-snippet:-1","max-image-preview":"max-image-preview:large","max-video-preview":"max-video-preview:-1"},"canonical":"https:\/\/www.sestogrado.it\/it\/prodotto\/idea-montagna-falesie-a-cortina-dampezzo\/","og_locale":"it_IT","og_type":"article","og_title":"Idea Montagna Falesie a Cortina d'Ampezzo - Sestogrado","og_description":"Falesie \u00a0Cortina d'Ampezzo \u00e8 la guida scritta dagli Scoiattoli di Cortina sulla zona di Cortina. L\u2019arrampicata nella Conca Ampezzana, cos\u00ec come negli altri siti, ha sub\u00ecto negli ultimi anni un\u2019evoluzione sorprendente, sia nella qualit\u00e0 e nella difficolt\u00e0 delle vie proposte, sia nella quantit\u00e0. Grazie alla dedizione e alla passione dei numerosi arrampicatori locali, sono nate numerose nuove falesie dando all\u2019attivit\u00e0 una connotazione pi\u00f9 completa, ma dando, soprattutto, agli appassionati tante alternative di scoperta sia di luoghi che di rocce. \u00c8 sicuramente il caso anche di Cortina d\u2019Ampezzo, luogo storico dell\u2019arrampicata. La guida, giunta ora alla seconda edizione, segue quelle pubblicate a firma di Roberto Casanova e degli stessi Scoiattoli, ormai esaurite, con una veste grafica totalmente rinnovata ma, soprattutto, con quanto di nuovo gli arrampicatori ampezzani hanno saputo ricavare dalle loro rocce pi\u00f9 belle. La guida contiene le falesie: Son Pouses, Rio Gere, Crepo Longo, Sasso di Colfiere, La Lavagna, Volpera, Campo, Crepe di Pant\u00e8i, In p\u00f2 crepa, Crepe de Oucera Bassi, Crepe de Oucera Alti, Beco d\u2019Ajal, Croda da Lago, Cinque Torri, Duca, Piccolo Lagazuoi, Sass de Stria, Setsas, Salares, San Bodo, Salares, Nasswand, Val Rienza, Franchi, Val di Landro, Lago di Landro, Stuube, Geierwand, Landro Classica, Grottone.","og_url":"https:\/\/www.sestogrado.it\/it\/prodotto\/idea-montagna-falesie-a-cortina-dampezzo\/","og_site_name":"Sestogrado","article_publisher":"https:\/\/www.facebook.com\/pages\/Sestogrado\/1542635979353017?ref=bookmarks","article_modified_time":"2025-09-04T19:48:40+00:00","og_image":[{"width":1100,"height":1100,"url":"https:\/\/www.sestogrado.it\/wp-content\/uploads\/2016\/11\/Falesie-a-Cortina-dAmpezzo.jpg","type":"image\/jpeg"}],"twitter_misc":{"Prezzo":"&euro;&nbsp;28,00","Disponibilit\u00e0":"In stock"},"schema":{"@context":"https:\/\/schema.org","@graph":[{"@type":"WebPage","@id":"https:\/\/www.sestogrado.it\/it\/prodotto\/idea-montagna-falesie-a-cortina-dampezzo\/","url":"https:\/\/www.sestogrado.it\/it\/prodotto\/idea-montagna-falesie-a-cortina-dampezzo\/","name":"Idea Montagna Falesie a Cortina d'Ampezzo - Sestogrado","isPartOf":{"@id":"https:\/\/www.sestogrado.it\/it\/#website"},"primaryImageOfPage":{"@id":"https:\/\/www.sestogrado.it\/it\/prodotto\/idea-montagna-falesie-a-cortina-dampezzo\/#primaryimage"},"image":{"@id":"https:\/\/www.sestogrado.it\/prodotto\/idea-montagna-falesie-a-cortina-dampezzo\/#primaryimage"},"thumbnailUrl":"https:\/\/www.sestogrado.it\/wp-content\/uploads\/2016\/11\/Falesie-a-Cortina-dAmpezzo.jpg","datePublished":"2022-06-27T09:36:23+00:00","dateModified":"2025-09-04T19:48:40+00:00","description":"Falesie \u00a0Cortina d'Ampezzo \u00e8 la guida scritta dagli Scoiattoli di Cortina sulla zona di Cortina. L\u2019arrampicata nella Conca Ampezzana, cos\u00ec come negli altri siti, ha sub\u00ecto negli ultimi anni un\u2019evoluzione sorprendente, sia nella qualit\u00e0 e nella difficolt\u00e0 delle vie proposte, sia nella quantit\u00e0. Grazie alla dedizione e alla passione dei numerosi arrampicatori locali, sono nate numerose nuove falesie dando all\u2019attivit\u00e0 una connotazione pi\u00f9 completa, ma dando, soprattutto, agli appassionati tante alternative di scoperta sia di luoghi che di rocce. \u00c8 sicuramente il caso anche di Cortina d\u2019Ampezzo, luogo storico dell\u2019arrampicata. La guida, giunta ora alla seconda edizione, segue quelle pubblicate a firma di Roberto Casanova e degli stessi Scoiattoli, ormai esaurite, con una veste grafica totalmente rinnovata ma, soprattutto, con quanto di nuovo gli arrampicatori ampezzani hanno saputo ricavare dalle loro rocce pi\u00f9 belle. La guida contiene le falesie: Son Pouses, Rio Gere, Crepo Longo, Sasso di Colfiere, La Lavagna, Volpera, Campo, Crepe di Pant\u00e8i, In p\u00f2 crepa, Crepe de Oucera Bassi, Crepe de Oucera Alti, Beco d\u2019Ajal, Croda da Lago, Cinque Torri, Duca, Piccolo Lagazuoi, Sass de Stria, Setsas, Salares, San Bodo, Salares, Nasswand, Val Rienza, Franchi, Val di Landro, Lago di Landro, Stuube, Geierwand, Landro Classica, Grottone.","breadcrumb":{"@id":"https:\/\/www.sestogrado.it\/it\/prodotto\/idea-montagna-falesie-a-cortina-dampezzo\/#breadcrumb"},"inLanguage":"it-IT","potentialAction":[{"@type":"ReadAction","target":[["https:\/\/www.sestogrado.it\/it\/prodotto\/idea-montagna-falesie-a-cortina-dampezzo\/"]]}]},{"@type":"ImageObject","inLanguage":"it-IT","@id":"https:\/\/www.sestogrado.it\/it\/prodotto\/idea-montagna-falesie-a-cortina-dampezzo\/#primaryimage","url":"https:\/\/www.sestogrado.it\/wp-content\/uploads\/2016\/11\/Falesie-a-Cortina-dAmpezzo.jpg","contentUrl":"https:\/\/www.sestogrado.it\/wp-content\/uploads\/2016\/11\/Falesie-a-Cortina-dAmpezzo.jpg","width":1100,"height":1100,"caption":"Falesie a Cortina d\u2019Ampezzo (2a ed.)"},{"@type":"BreadcrumbList","@id":"https:\/\/www.sestogrado.it\/it\/prodotto\/idea-montagna-falesie-a-cortina-dampezzo\/#breadcrumb","itemListElement":[{"@type":"ListItem","position":1,"name":"Home","item":"https:\/\/www.sestogrado.it\/it\/"},{"@type":"ListItem","position":2,"name":"Shop","item":"https:\/\/www.sestogrado.it\/it\/shop\/"},{"@type":"ListItem","position":3,"name":"Idea Montagna Falesie a Cortina d&#8217;Ampezzo"}]},{"@type":"WebSite","@id":"https:\/\/www.sestogrado.it\/it\/#website","url":"https:\/\/www.sestogrado.it\/it\/","name":"Sestogrado","description":"yes we climb","publisher":{"@id":"https:\/\/www.sestogrado.it\/it\/#organization"},"potentialAction":[{"@type":"SearchAction","target":{"@type":"EntryPoint","urlTemplate":"https:\/\/www.sestogrado.it\/it\/?s={search_term_string}"},"query-input":{"@type":"PropertyValueSpecification","valueRequired":true,"valueName":"search_term_string"}}],"inLanguage":"it-IT"},{"@type":"Organization","@id":"https:\/\/www.sestogrado.it\/it\/#organization","name":"Sestogrado","url":"https:\/\/www.sestogrado.it\/it\/","logo":{"@type":"ImageObject","inLanguage":"it-IT","@id":"https:\/\/www.sestogrado.it\/it\/#\/schema\/logo\/image\/","url":"https:\/\/www.sestogrado.it\/wp-content\/uploads\/2015\/03\/sestogrado-favicon.png","contentUrl":"https:\/\/www.sestogrado.it\/wp-content\/uploads\/2015\/03\/sestogrado-favicon.png","width":260,"height":260,"caption":"Sestogrado"},"image":{"@id":"https:\/\/www.sestogrado.it\/it\/#\/schema\/logo\/image\/"},"sameAs":["https:\/\/www.facebook.com\/pages\/Sestogrado\/1542635979353017?ref=bookmarks","https:\/\/www.youtube.com\/channel\/UC847kAfTkaJsWpc1jtQwr3Q"],"hasMerchantReturnPolicy":{"@type":"MerchantReturnPolicy","merchantReturnLink":"https:\/\/www.sestogrado.it\/it\/termini-e-condizioni\/"}}]},"product_brand":"Idea Montagna","product_price_amount":"28.00","product_price_currency":"EUR","og_availability":"instock","product_availability":"instock","product_condition":"new"},"_links":{"self":[{"href":"https:\/\/www.sestogrado.it\/it\/wp-json\/wp\/v2\/product\/9163","targetHints":{"allow":["GET"]}}],"collection":[{"href":"https:\/\/www.sestogrado.it\/it\/wp-json\/wp\/v2\/product"}],"about":[{"href":"https:\/\/www.sestogrado.it\/it\/wp-json\/wp\/v2\/types\/product"}],"replies":[{"embeddable":true,"href":"https:\/\/www.sestogrado.it\/it\/wp-json\/wp\/v2\/comments?post=9163"}],"wp:featuredmedia":[{"embeddable":true,"href":"https:\/\/www.sestogrado.it\/it\/wp-json\/wp\/v2\/media\/105512"}],"wp:attachment":[{"href":"https:\/\/www.sestogrado.it\/it\/wp-json\/wp\/v2\/media?parent=9163"}],"wp:term":[{"taxonomy":"product_brand","embeddable":true,"href":"https:\/\/www.sestogrado.it\/it\/wp-json\/wp\/v2\/product_brand?post=9163"},{"taxonomy":"product_cat","embeddable":true,"href":"https:\/\/www.sestogrado.it\/it\/wp-json\/wp\/v2\/product_cat?post=9163"},{"taxonomy":"product_tag","embeddable":true,"href":"https:\/\/www.sestogrado.it\/it\/wp-json\/wp\/v2\/product_tag?post=9163"}],"curies":[{"name":"wp","href":"https:\/\/api.w.org\/{rel}","templated":true}]}}