{"id":9161,"date":"2018-10-24T10:00:50","date_gmt":"2018-10-24T08:00:50","guid":{"rendered":"http:\/\/www.sestogrado.it\/prodotto\/iv-grado-e-piu-dolomiti-orientali-2\/"},"modified":"2026-04-28T16:14:26","modified_gmt":"2026-04-28T14:14:26","slug":"idea-montagna-iv-grado-dolomiti-orientali-2","status":"publish","type":"product","link":"https:\/\/www.sestogrado.it\/it\/prodotto\/idea-montagna-iv-grado-dolomiti-orientali-2\/","title":{"rendered":"Idea Montagna IV grado &#8211; Dolomiti Orientali 2"},"content":{"rendered":"<p><\/p>\n<div id=\"slidedescr\">\n<div id=\"slidedescr-dx\">\n<div class=\"scrollervertdescrlibro\">\n<div id=\"slidedescr\">\n<div id=\"slidedescr-dx\">\n<div class=\"scrollervertdescrlibro\">\n<p><strong>123 vie di roccia classiche e moderne in:<\/strong><br \/>\n<strong>Civetta, Moiazza, Gruppo di Fanis, Tofane, Nuvolau, Croda da Lago, Cristallo, Pelmo, Dolomiti Zoldane, Schiara, Antelao, Marmarole.<\/strong><\/p>\n<p>Qui trovi il <a href=\"https:\/\/www.sestogrado.it\/it\/prodotto\/idea-montagna-iv-grado-dolomiti-orientali-vol-1\/\" target=\"_blank\" rel=\"noopener\">Vol 1<\/a>.<\/p>\n<p>\u00c8 difficile a volte dettare confini nei territori montani. Le Dolomiti sono un grande gruppo che interseca cime e vallate con un andamento geografico da ovest a est ma con una notevole estensione anche nel senso longitudinale. Sono state quindi prese in considerazione le zone pi\u00f9 a est, quelle che si rifanno in genere al Cadore e alla provincia di Belluno con una puntata pi\u00f9 a nord in Alto Adige. Le montagne di questa zona sono in genere meno addomesticate rispetto a quelle delle Dolomiti Occidentali. Il Cadore, probabilmente a causa di una pi\u00f9 difficile situazione economica degli ultimi anni rispetto alle Dolomiti in territorio trentino, hanno il grande vantaggio di aver mantenuto maggiormente la propria wilderness, intesa questa anche in termini di rispetto delle tradizioni, architettura tradizionale locale e, non ultimo, rispetto del territorio. \u00c8 proprio questo il grande vantaggio delle Dolomiti Bellunesi: l&#8217;opportunit\u00e0 da ora in avanti di valorizzare tutto questo patrimonio perch\u00e9 ancora non profondamente cambiato come avvenuto in altre aree, dove urbanizzazione e costruzione di impianti di risalita hanno reso la montagna troppo simile alla pianura in termini di antropizzazione. Questo modello purtroppo, a volte si scontra con i desideri dei valligiani ma, forse, abbandonati i vecchi schemi che vedono nell&#8217;industria dello sci l&#8217;unico riscatto della montagna, si potr\u00e0 offrire ai turisti montani, quali escursionisti di vario genere, cultori dell&#8217;arte e alpinisti, una ben pi\u00f9 valida alternativa.<\/p>\n<\/div>\n<p>\u2022 foto a colori<br \/>\n\u2022 schizzi di arrampicata<br \/>\n\u2022 attrezzatura necessaria<br \/>\n\u2022 descrizione per tiri di corda<\/p>\n<\/div>\n<\/div>\n<\/div>\n<\/div>\n<\/div>\n<p><\/p>","protected":false},"excerpt":{"rendered":"<p>123 vie di roccia classiche e moderne in: Civetta, Moiazza, Gruppo di Fanis, Tofane, Nuvolau, Croda da Lago, Cristallo, Pelmo, [&hellip;]<\/p>\n","protected":false},"featured_media":106499,"comment_status":"open","ping_status":"closed","template":"","meta":{"_acf_changed":false},"product_brand":[331],"product_cat":[98],"product_tag":[],"class_list":{"0":"post-9161","1":"product","2":"type-product","3":"status-publish","4":"has-post-thumbnail","6":"product_brand-idea-montagna","7":"product_cat-libri","9":"first","10":"outofstock","11":"taxable","12":"shipping-taxable","13":"purchasable","14":"product-type-simple"},"acf":[],"yoast_head":"<!-- This site is optimized with the Yoast SEO plugin v26.4 - https:\/\/yoast.com\/wordpress\/plugins\/seo\/ -->\n<title>Idea Montagna IV grado - Dolomiti Orientali 2 - Sestogrado<\/title>\n<meta name=\"description\" content=\"123 vie di roccia classiche e moderne in: Civetta, Moiazza, Gruppo di Fanis, Tofane, Nuvolau, Croda da Lago, Cristallo, Pelmo, Dolomiti Zoldane, Schiara, Antelao, Marmarole.\u00a0\" \/>\n<meta name=\"robots\" content=\"index, follow, max-snippet:-1, max-image-preview:large, max-video-preview:-1\" \/>\n<link rel=\"canonical\" href=\"https:\/\/www.sestogrado.it\/it\/prodotto\/idea-montagna-iv-grado-dolomiti-orientali-2\/\" \/>\n<meta property=\"og:locale\" content=\"it_IT\" \/>\n<meta property=\"og:type\" content=\"article\" \/>\n<meta property=\"og:title\" content=\"Idea Montagna IV grado - Dolomiti Orientali 2 - Sestogrado\" \/>\n<meta property=\"og:description\" content=\"123 vie di roccia classiche e moderne in: Civetta, Moiazza, Gruppo di Fanis, Tofane, Nuvolau, Croda da Lago, Cristallo, Pelmo, Dolomiti Zoldane, Schiara, Antelao, Marmarole.\u00a0\" \/>\n<meta property=\"og:url\" content=\"https:\/\/www.sestogrado.it\/it\/prodotto\/idea-montagna-iv-grado-dolomiti-orientali-2\/\" \/>\n<meta property=\"og:site_name\" content=\"Sestogrado\" \/>\n<meta property=\"article:publisher\" content=\"https:\/\/www.facebook.com\/pages\/Sestogrado\/1542635979353017?ref=bookmarks\" \/>\n<meta property=\"article:modified_time\" content=\"2026-04-28T14:14:26+00:00\" \/>\n<meta property=\"og:image\" content=\"https:\/\/www.sestogrado.it\/wp-content\/uploads\/2021\/08\/IV-Grado-Dolomiti-Orientali-2_2a-ed-1.jpg\" \/>\n\t<meta property=\"og:image:width\" content=\"1200\" \/>\n\t<meta property=\"og:image:height\" content=\"1200\" \/>\n\t<meta property=\"og:image:type\" content=\"image\/jpeg\" \/>\n<meta name=\"twitter:label1\" content=\"Prezzo\" \/>\n\t<meta name=\"twitter:data1\" content=\"&euro;&nbsp;28,00\" \/>\n\t<meta name=\"twitter:label2\" content=\"Disponibilit\u00e0\" \/>\n\t<meta name=\"twitter:data2\" content=\"Esaurito\" \/>\n<script type=\"application\/ld+json\" class=\"yoast-schema-graph\">{\"@context\":\"https:\/\/schema.org\",\"@graph\":[{\"@type\":\"WebPage\",\"@id\":\"https:\/\/www.sestogrado.it\/it\/prodotto\/idea-montagna-iv-grado-dolomiti-orientali-2\/\",\"url\":\"https:\/\/www.sestogrado.it\/it\/prodotto\/idea-montagna-iv-grado-dolomiti-orientali-2\/\",\"name\":\"Idea Montagna IV grado - Dolomiti Orientali 2 - Sestogrado\",\"isPartOf\":{\"@id\":\"https:\/\/www.sestogrado.it\/it\/#website\"},\"primaryImageOfPage\":{\"@id\":\"https:\/\/www.sestogrado.it\/it\/prodotto\/idea-montagna-iv-grado-dolomiti-orientali-2\/#primaryimage\"},\"image\":{\"@id\":\"https:\/\/www.sestogrado.it\/prodotto\/idea-montagna-iv-grado-dolomiti-orientali-2\/#primaryimage\"},\"thumbnailUrl\":\"https:\/\/www.sestogrado.it\/wp-content\/uploads\/2021\/08\/IV-Grado-Dolomiti-Orientali-2_2a-ed-1.jpg\",\"datePublished\":\"2018-10-24T08:00:50+00:00\",\"dateModified\":\"2026-04-28T14:14:26+00:00\",\"description\":\"123 vie di roccia classiche e moderne in: Civetta, Moiazza, Gruppo di Fanis, Tofane, Nuvolau, Croda da Lago, Cristallo, Pelmo, Dolomiti Zoldane, Schiara, Antelao, Marmarole.\u00a0\",\"breadcrumb\":{\"@id\":\"https:\/\/www.sestogrado.it\/it\/prodotto\/idea-montagna-iv-grado-dolomiti-orientali-2\/#breadcrumb\"},\"inLanguage\":\"it-IT\",\"potentialAction\":[{\"@type\":\"ReadAction\",\"target\":[[\"https:\/\/www.sestogrado.it\/it\/prodotto\/idea-montagna-iv-grado-dolomiti-orientali-2\/\"]]}]},{\"@type\":\"ImageObject\",\"inLanguage\":\"it-IT\",\"@id\":\"https:\/\/www.sestogrado.it\/it\/prodotto\/idea-montagna-iv-grado-dolomiti-orientali-2\/#primaryimage\",\"url\":\"https:\/\/www.sestogrado.it\/wp-content\/uploads\/2021\/08\/IV-Grado-Dolomiti-Orientali-2_2a-ed-1.jpg\",\"contentUrl\":\"https:\/\/www.sestogrado.it\/wp-content\/uploads\/2021\/08\/IV-Grado-Dolomiti-Orientali-2_2a-ed-1.jpg\",\"width\":1200,\"height\":1200,\"caption\":\"idea montagna dolomiti orientali VOL 2\"},{\"@type\":\"BreadcrumbList\",\"@id\":\"https:\/\/www.sestogrado.it\/it\/prodotto\/idea-montagna-iv-grado-dolomiti-orientali-2\/#breadcrumb\",\"itemListElement\":[{\"@type\":\"ListItem\",\"position\":1,\"name\":\"Home\",\"item\":\"https:\/\/www.sestogrado.it\/it\/\"},{\"@type\":\"ListItem\",\"position\":2,\"name\":\"Shop\",\"item\":\"https:\/\/www.sestogrado.it\/it\/shop\/\"},{\"@type\":\"ListItem\",\"position\":3,\"name\":\"Idea Montagna IV grado &#8211; Dolomiti Orientali 2\"}]},{\"@type\":\"WebSite\",\"@id\":\"https:\/\/www.sestogrado.it\/it\/#website\",\"url\":\"https:\/\/www.sestogrado.it\/it\/\",\"name\":\"Sestogrado\",\"description\":\"yes we climb\",\"publisher\":{\"@id\":\"https:\/\/www.sestogrado.it\/it\/#organization\"},\"potentialAction\":[{\"@type\":\"SearchAction\",\"target\":{\"@type\":\"EntryPoint\",\"urlTemplate\":\"https:\/\/www.sestogrado.it\/it\/?s={search_term_string}\"},\"query-input\":{\"@type\":\"PropertyValueSpecification\",\"valueRequired\":true,\"valueName\":\"search_term_string\"}}],\"inLanguage\":\"it-IT\"},{\"@type\":\"Organization\",\"@id\":\"https:\/\/www.sestogrado.it\/it\/#organization\",\"name\":\"Sestogrado\",\"url\":\"https:\/\/www.sestogrado.it\/it\/\",\"logo\":{\"@type\":\"ImageObject\",\"inLanguage\":\"it-IT\",\"@id\":\"https:\/\/www.sestogrado.it\/it\/#\/schema\/logo\/image\/\",\"url\":\"https:\/\/www.sestogrado.it\/wp-content\/uploads\/2015\/03\/sestogrado-favicon.png\",\"contentUrl\":\"https:\/\/www.sestogrado.it\/wp-content\/uploads\/2015\/03\/sestogrado-favicon.png\",\"width\":260,\"height\":260,\"caption\":\"Sestogrado\"},\"image\":{\"@id\":\"https:\/\/www.sestogrado.it\/it\/#\/schema\/logo\/image\/\"},\"sameAs\":[\"https:\/\/www.facebook.com\/pages\/Sestogrado\/1542635979353017?ref=bookmarks\",\"https:\/\/www.youtube.com\/channel\/UC847kAfTkaJsWpc1jtQwr3Q\"],\"hasMerchantReturnPolicy\":{\"@type\":\"MerchantReturnPolicy\",\"merchantReturnLink\":\"https:\/\/www.sestogrado.it\/it\/termini-e-condizioni\/\"}}]}<\/script>\n<meta property=\"product:brand\" content=\"Idea Montagna\" \/>\n<meta property=\"product:price:amount\" content=\"28.00\" \/>\n<meta property=\"product:price:currency\" content=\"EUR\" \/>\n<meta property=\"og:availability\" content=\"out of stock\" \/>\n<meta property=\"product:availability\" content=\"out of stock\" \/>\n<meta property=\"product:condition\" content=\"new\" \/>\n<!-- \/ Yoast SEO plugin. -->","yoast_head_json":{"title":"Idea Montagna IV grado - Dolomiti Orientali 2 - Sestogrado","description":"123 vie di roccia classiche e moderne in: Civetta, Moiazza, Gruppo di Fanis, Tofane, Nuvolau, Croda da Lago, Cristallo, Pelmo, Dolomiti Zoldane, Schiara, Antelao, Marmarole.\u00a0","robots":{"index":"index","follow":"follow","max-snippet":"max-snippet:-1","max-image-preview":"max-image-preview:large","max-video-preview":"max-video-preview:-1"},"canonical":"https:\/\/www.sestogrado.it\/it\/prodotto\/idea-montagna-iv-grado-dolomiti-orientali-2\/","og_locale":"it_IT","og_type":"article","og_title":"Idea Montagna IV grado - Dolomiti Orientali 2 - Sestogrado","og_description":"123 vie di roccia classiche e moderne in: Civetta, Moiazza, Gruppo di Fanis, Tofane, Nuvolau, Croda da Lago, Cristallo, Pelmo, Dolomiti Zoldane, Schiara, Antelao, Marmarole.\u00a0","og_url":"https:\/\/www.sestogrado.it\/it\/prodotto\/idea-montagna-iv-grado-dolomiti-orientali-2\/","og_site_name":"Sestogrado","article_publisher":"https:\/\/www.facebook.com\/pages\/Sestogrado\/1542635979353017?ref=bookmarks","article_modified_time":"2026-04-28T14:14:26+00:00","og_image":[{"width":1200,"height":1200,"url":"https:\/\/www.sestogrado.it\/wp-content\/uploads\/2021\/08\/IV-Grado-Dolomiti-Orientali-2_2a-ed-1.jpg","type":"image\/jpeg"}],"twitter_misc":{"Prezzo":"&euro;&nbsp;28,00","Disponibilit\u00e0":"Esaurito"},"schema":{"@context":"https:\/\/schema.org","@graph":[{"@type":"WebPage","@id":"https:\/\/www.sestogrado.it\/it\/prodotto\/idea-montagna-iv-grado-dolomiti-orientali-2\/","url":"https:\/\/www.sestogrado.it\/it\/prodotto\/idea-montagna-iv-grado-dolomiti-orientali-2\/","name":"Idea Montagna IV grado - Dolomiti Orientali 2 - Sestogrado","isPartOf":{"@id":"https:\/\/www.sestogrado.it\/it\/#website"},"primaryImageOfPage":{"@id":"https:\/\/www.sestogrado.it\/it\/prodotto\/idea-montagna-iv-grado-dolomiti-orientali-2\/#primaryimage"},"image":{"@id":"https:\/\/www.sestogrado.it\/prodotto\/idea-montagna-iv-grado-dolomiti-orientali-2\/#primaryimage"},"thumbnailUrl":"https:\/\/www.sestogrado.it\/wp-content\/uploads\/2021\/08\/IV-Grado-Dolomiti-Orientali-2_2a-ed-1.jpg","datePublished":"2018-10-24T08:00:50+00:00","dateModified":"2026-04-28T14:14:26+00:00","description":"123 vie di roccia classiche e moderne in: Civetta, Moiazza, Gruppo di Fanis, Tofane, Nuvolau, Croda da Lago, Cristallo, Pelmo, Dolomiti Zoldane, Schiara, Antelao, Marmarole.\u00a0","breadcrumb":{"@id":"https:\/\/www.sestogrado.it\/it\/prodotto\/idea-montagna-iv-grado-dolomiti-orientali-2\/#breadcrumb"},"inLanguage":"it-IT","potentialAction":[{"@type":"ReadAction","target":[["https:\/\/www.sestogrado.it\/it\/prodotto\/idea-montagna-iv-grado-dolomiti-orientali-2\/"]]}]},{"@type":"ImageObject","inLanguage":"it-IT","@id":"https:\/\/www.sestogrado.it\/it\/prodotto\/idea-montagna-iv-grado-dolomiti-orientali-2\/#primaryimage","url":"https:\/\/www.sestogrado.it\/wp-content\/uploads\/2021\/08\/IV-Grado-Dolomiti-Orientali-2_2a-ed-1.jpg","contentUrl":"https:\/\/www.sestogrado.it\/wp-content\/uploads\/2021\/08\/IV-Grado-Dolomiti-Orientali-2_2a-ed-1.jpg","width":1200,"height":1200,"caption":"idea montagna dolomiti orientali VOL 2"},{"@type":"BreadcrumbList","@id":"https:\/\/www.sestogrado.it\/it\/prodotto\/idea-montagna-iv-grado-dolomiti-orientali-2\/#breadcrumb","itemListElement":[{"@type":"ListItem","position":1,"name":"Home","item":"https:\/\/www.sestogrado.it\/it\/"},{"@type":"ListItem","position":2,"name":"Shop","item":"https:\/\/www.sestogrado.it\/it\/shop\/"},{"@type":"ListItem","position":3,"name":"Idea Montagna IV grado &#8211; Dolomiti Orientali 2"}]},{"@type":"WebSite","@id":"https:\/\/www.sestogrado.it\/it\/#website","url":"https:\/\/www.sestogrado.it\/it\/","name":"Sestogrado","description":"yes we climb","publisher":{"@id":"https:\/\/www.sestogrado.it\/it\/#organization"},"potentialAction":[{"@type":"SearchAction","target":{"@type":"EntryPoint","urlTemplate":"https:\/\/www.sestogrado.it\/it\/?s={search_term_string}"},"query-input":{"@type":"PropertyValueSpecification","valueRequired":true,"valueName":"search_term_string"}}],"inLanguage":"it-IT"},{"@type":"Organization","@id":"https:\/\/www.sestogrado.it\/it\/#organization","name":"Sestogrado","url":"https:\/\/www.sestogrado.it\/it\/","logo":{"@type":"ImageObject","inLanguage":"it-IT","@id":"https:\/\/www.sestogrado.it\/it\/#\/schema\/logo\/image\/","url":"https:\/\/www.sestogrado.it\/wp-content\/uploads\/2015\/03\/sestogrado-favicon.png","contentUrl":"https:\/\/www.sestogrado.it\/wp-content\/uploads\/2015\/03\/sestogrado-favicon.png","width":260,"height":260,"caption":"Sestogrado"},"image":{"@id":"https:\/\/www.sestogrado.it\/it\/#\/schema\/logo\/image\/"},"sameAs":["https:\/\/www.facebook.com\/pages\/Sestogrado\/1542635979353017?ref=bookmarks","https:\/\/www.youtube.com\/channel\/UC847kAfTkaJsWpc1jtQwr3Q"],"hasMerchantReturnPolicy":{"@type":"MerchantReturnPolicy","merchantReturnLink":"https:\/\/www.sestogrado.it\/it\/termini-e-condizioni\/"}}]},"product_brand":"Idea Montagna","product_price_amount":"28.00","product_price_currency":"EUR","og_availability":"out of stock","product_availability":"out of stock","product_condition":"new"},"_links":{"self":[{"href":"https:\/\/www.sestogrado.it\/it\/wp-json\/wp\/v2\/product\/9161","targetHints":{"allow":["GET"]}}],"collection":[{"href":"https:\/\/www.sestogrado.it\/it\/wp-json\/wp\/v2\/product"}],"about":[{"href":"https:\/\/www.sestogrado.it\/it\/wp-json\/wp\/v2\/types\/product"}],"replies":[{"embeddable":true,"href":"https:\/\/www.sestogrado.it\/it\/wp-json\/wp\/v2\/comments?post=9161"}],"wp:featuredmedia":[{"embeddable":true,"href":"https:\/\/www.sestogrado.it\/it\/wp-json\/wp\/v2\/media\/106499"}],"wp:attachment":[{"href":"https:\/\/www.sestogrado.it\/it\/wp-json\/wp\/v2\/media?parent=9161"}],"wp:term":[{"taxonomy":"product_brand","embeddable":true,"href":"https:\/\/www.sestogrado.it\/it\/wp-json\/wp\/v2\/product_brand?post=9161"},{"taxonomy":"product_cat","embeddable":true,"href":"https:\/\/www.sestogrado.it\/it\/wp-json\/wp\/v2\/product_cat?post=9161"},{"taxonomy":"product_tag","embeddable":true,"href":"https:\/\/www.sestogrado.it\/it\/wp-json\/wp\/v2\/product_tag?post=9161"}],"curies":[{"name":"wp","href":"https:\/\/api.w.org\/{rel}","templated":true}]}}