{"id":91327,"date":"2021-01-11T14:06:51","date_gmt":"2021-01-11T13:06:51","guid":{"rendered":"https:\/\/www.sestogrado.it\/?post_type=product&#038;p=91327"},"modified":"2025-11-25T17:56:17","modified_gmt":"2025-11-25T16:56:17","slug":"millet-alpine-gaiters-ghette-impermeabili","status":"publish","type":"product","link":"https:\/\/www.sestogrado.it\/it\/prodotto\/millet-alpine-gaiters-ghette-impermeabili\/","title":{"rendered":"Millet Alpine Gaiters ghette impermeabili"},"content":{"rendered":"<p>Le Millet Alpine Gaiters sono delle ghette impermeabili, con colonna d&#8217;acqua 1.000mm, alte fino a sotto al ginocchio, ideali per attivit\u00e0 alpinistica intensa. Si adattano a qualsiasi scarpone, hanno un cordino per aggiustare la larghezza alla gamba ed un cavo in plastica dura sotto allo scarpone.<\/p>\n<p>La membrana DRYEDGE\u2122 assicura impermeabilit\u00e0 e traspirabilit\u00e0. Sono perfette per attivit\u00e0 ad alta intensit\u00e0.<\/p>\n<p>Una ghetta robusta ed altamente protettiva per alpinismo su ogni terreno, ghiaccio, neve o misto.<\/p>\n<ul>\n<li>protettive<\/li>\n<li>ergonomiche<\/li>\n<li>regolabili<\/li>\n<li>materiale: n420d oxford hd sd \/\/ 100% polyamide<\/li>\n<li>impermeabilit\u00e0: 1000m colonna d&#8217;acqua, DWR water repellent<\/li>\n<\/ul>\n<p>&nbsp;<\/p>\n<p>Taglie:<\/p>\n<p>S: 35 &#8211; 39,5<\/p>\n<p>M: 40 &#8211; 44,5<\/p>\n<p>L: 45 &#8211; 50<\/p>\n<p>&nbsp;<\/p>\n<p>Nel 1934, venne lanciato sul mercato il primo zaino Millet. L\u2019attrezzatura Millet si distingue per leggerezza, durata e alta qualit\u00e0. L\u2019azienda si basa sull\u2019esperienza dei migliori alpinisti, come ad esempio Reinhold Messner. Nel 1978 l\u2019alpinista altoatesino ha conquistato la vetta pi\u00f9 alta del mondo: senza maschera di ossigeno, ma con l\u00b4attrezzatura Millet.<\/p>","protected":false},"excerpt":{"rendered":"<p>Le Millet Alpine Gaiters sono delle ghette impermeabili, con colonna d&#8217;acqua 1.000mm, alte fino a sotto al ginocchio, ideali per [&hellip;]<\/p>\n","protected":false},"featured_media":122690,"comment_status":"open","ping_status":"closed","template":"","meta":{"_acf_changed":false},"product_brand":[312],"product_cat":[711],"product_tag":[],"class_list":{"0":"post-91327","1":"product","2":"type-product","3":"status-publish","4":"has-post-thumbnail","6":"product_brand-millet","7":"product_cat-ciaspole-e-ghette","9":"first","10":"outofstock","11":"sale","12":"taxable","13":"shipping-taxable","14":"purchasable","15":"product-type-variable"},"acf":[],"yoast_head":"<!-- This site is optimized with the Yoast SEO plugin v26.4 - https:\/\/yoast.com\/wordpress\/plugins\/seo\/ -->\n<title>Millet Alpine Gaiters ghette impermeabili - Sestogrado<\/title>\n<meta name=\"description\" content=\"Le Millet Alpine Gaiters High Route sono delle ghette impermeabili, con colonna d&#039;acqua 1.000mm, alte fino a sotto al ginocchio, ideali per attivit\u00e0 alpinistica intensa. Si adattano a qualsiasi scarpone, hanno un cordino per aggiustare la larghezza alla gamba ed un cavo in plastica dura sotto allo scarpone.Una ghetta robusta ed altamente protettiva per alpinismo su ogni terreno, ghiaccio, neve o misto.Le Millet Alpine Gaiters sono delle ghette impermeabili, con colonna d&#039;acqua 1.000mm, alte fino a sotto al ginocchio, ideali per attivit\u00e0 alpinistica intensa. Si adattano a qualsiasi scarpone, hanno un cordino per aggiustare la larghezza alla gamba ed un cavo in plastica dura sotto allo scarpone.La membrana DRYEDGE\u2122 assicura impermeabilit\u00e0 e traspirabilit\u00e0. Sono perfette per attivit\u00e0 ad alta intensit\u00e0.Una ghetta robusta ed altamente protettiva per alpinismo su ogni terreno, ghiaccio, neve o misto.\" \/>\n<meta name=\"robots\" content=\"index, follow, max-snippet:-1, max-image-preview:large, max-video-preview:-1\" \/>\n<link rel=\"canonical\" href=\"https:\/\/www.sestogrado.it\/it\/prodotto\/millet-alpine-gaiters-ghette-impermeabili\/\" \/>\n<meta property=\"og:locale\" content=\"it_IT\" \/>\n<meta property=\"og:type\" content=\"article\" \/>\n<meta property=\"og:title\" content=\"Millet Alpine Gaiters ghette impermeabili - Sestogrado\" \/>\n<meta property=\"og:description\" content=\"Le Millet Alpine Gaiters High Route sono delle ghette impermeabili, con colonna d&#039;acqua 1.000mm, alte fino a sotto al ginocchio, ideali per attivit\u00e0 alpinistica intensa. Si adattano a qualsiasi scarpone, hanno un cordino per aggiustare la larghezza alla gamba ed un cavo in plastica dura sotto allo scarpone.Una ghetta robusta ed altamente protettiva per alpinismo su ogni terreno, ghiaccio, neve o misto.Le Millet Alpine Gaiters sono delle ghette impermeabili, con colonna d&#039;acqua 1.000mm, alte fino a sotto al ginocchio, ideali per attivit\u00e0 alpinistica intensa. Si adattano a qualsiasi scarpone, hanno un cordino per aggiustare la larghezza alla gamba ed un cavo in plastica dura sotto allo scarpone.La membrana DRYEDGE\u2122 assicura impermeabilit\u00e0 e traspirabilit\u00e0. Sono perfette per attivit\u00e0 ad alta intensit\u00e0.Una ghetta robusta ed altamente protettiva per alpinismo su ogni terreno, ghiaccio, neve o misto.\" \/>\n<meta property=\"og:url\" content=\"https:\/\/www.sestogrado.it\/it\/prodotto\/millet-alpine-gaiters-ghette-impermeabili\/\" \/>\n<meta property=\"og:site_name\" content=\"Sestogrado\" \/>\n<meta property=\"article:publisher\" content=\"https:\/\/www.facebook.com\/pages\/Sestogrado\/1542635979353017?ref=bookmarks\" \/>\n<meta property=\"article:modified_time\" content=\"2025-11-25T16:56:17+00:00\" \/>\n<meta property=\"og:image\" content=\"https:\/\/www.sestogrado.it\/wp-content\/uploads\/2022\/01\/alpine-gaiters.jpg\" \/>\n\t<meta property=\"og:image:width\" content=\"1400\" \/>\n\t<meta property=\"og:image:height\" content=\"1400\" \/>\n\t<meta property=\"og:image:type\" content=\"image\/jpeg\" \/>\n<meta name=\"twitter:label1\" content=\"Disponibilit\u00e0\" \/>\n\t<meta name=\"twitter:data1\" content=\"Esaurito\" \/>\n<script type=\"application\/ld+json\" class=\"yoast-schema-graph\">{\"@context\":\"https:\/\/schema.org\",\"@graph\":[{\"@type\":\"WebPage\",\"@id\":\"https:\/\/www.sestogrado.it\/it\/prodotto\/millet-alpine-gaiters-ghette-impermeabili\/\",\"url\":\"https:\/\/www.sestogrado.it\/it\/prodotto\/millet-alpine-gaiters-ghette-impermeabili\/\",\"name\":\"Millet Alpine Gaiters ghette impermeabili - Sestogrado\",\"isPartOf\":{\"@id\":\"https:\/\/www.sestogrado.it\/it\/#website\"},\"primaryImageOfPage\":{\"@id\":\"https:\/\/www.sestogrado.it\/it\/prodotto\/millet-alpine-gaiters-ghette-impermeabili\/#primaryimage\"},\"image\":{\"@id\":\"https:\/\/www.sestogrado.it\/prodotto\/millet-alpine-gaiters-ghette-impermeabili\/#primaryimage\"},\"thumbnailUrl\":\"https:\/\/www.sestogrado.it\/wp-content\/uploads\/2022\/01\/alpine-gaiters.jpg\",\"datePublished\":\"2021-01-11T13:06:51+00:00\",\"dateModified\":\"2025-11-25T16:56:17+00:00\",\"description\":\"Le Millet Alpine Gaiters High Route sono delle ghette impermeabili, con colonna d'acqua 1.000mm, alte fino a sotto al ginocchio, ideali per attivit\u00e0 alpinistica intensa. Si adattano a qualsiasi scarpone, hanno un cordino per aggiustare la larghezza alla gamba ed un cavo in plastica dura sotto allo scarpone.Una ghetta robusta ed altamente protettiva per alpinismo su ogni terreno, ghiaccio, neve o misto.Le Millet Alpine Gaiters sono delle ghette impermeabili, con colonna d'acqua 1.000mm, alte fino a sotto al ginocchio, ideali per attivit\u00e0 alpinistica intensa. Si adattano a qualsiasi scarpone, hanno un cordino per aggiustare la larghezza alla gamba ed un cavo in plastica dura sotto allo scarpone.La membrana DRYEDGE\u2122 assicura impermeabilit\u00e0 e traspirabilit\u00e0. Sono perfette per attivit\u00e0 ad alta intensit\u00e0.Una ghetta robusta ed altamente protettiva per alpinismo su ogni terreno, ghiaccio, neve o misto.\",\"breadcrumb\":{\"@id\":\"https:\/\/www.sestogrado.it\/it\/prodotto\/millet-alpine-gaiters-ghette-impermeabili\/#breadcrumb\"},\"inLanguage\":\"it-IT\",\"potentialAction\":[{\"@type\":\"ReadAction\",\"target\":[[\"https:\/\/www.sestogrado.it\/it\/prodotto\/millet-alpine-gaiters-ghette-impermeabili\/\"]]}]},{\"@type\":\"ImageObject\",\"inLanguage\":\"it-IT\",\"@id\":\"https:\/\/www.sestogrado.it\/it\/prodotto\/millet-alpine-gaiters-ghette-impermeabili\/#primaryimage\",\"url\":\"https:\/\/www.sestogrado.it\/wp-content\/uploads\/2022\/01\/alpine-gaiters.jpg\",\"contentUrl\":\"https:\/\/www.sestogrado.it\/wp-content\/uploads\/2022\/01\/alpine-gaiters.jpg\",\"width\":1400,\"height\":1400,\"caption\":\"alpine-gaiters\"},{\"@type\":\"BreadcrumbList\",\"@id\":\"https:\/\/www.sestogrado.it\/it\/prodotto\/millet-alpine-gaiters-ghette-impermeabili\/#breadcrumb\",\"itemListElement\":[{\"@type\":\"ListItem\",\"position\":1,\"name\":\"Home\",\"item\":\"https:\/\/www.sestogrado.it\/it\/\"},{\"@type\":\"ListItem\",\"position\":2,\"name\":\"Shop\",\"item\":\"https:\/\/www.sestogrado.it\/it\/shop\/\"},{\"@type\":\"ListItem\",\"position\":3,\"name\":\"Millet Alpine Gaiters ghette impermeabili\"}]},{\"@type\":\"WebSite\",\"@id\":\"https:\/\/www.sestogrado.it\/it\/#website\",\"url\":\"https:\/\/www.sestogrado.it\/it\/\",\"name\":\"Sestogrado\",\"description\":\"yes we climb\",\"publisher\":{\"@id\":\"https:\/\/www.sestogrado.it\/it\/#organization\"},\"potentialAction\":[{\"@type\":\"SearchAction\",\"target\":{\"@type\":\"EntryPoint\",\"urlTemplate\":\"https:\/\/www.sestogrado.it\/it\/?s={search_term_string}\"},\"query-input\":{\"@type\":\"PropertyValueSpecification\",\"valueRequired\":true,\"valueName\":\"search_term_string\"}}],\"inLanguage\":\"it-IT\"},{\"@type\":\"Organization\",\"@id\":\"https:\/\/www.sestogrado.it\/it\/#organization\",\"name\":\"Sestogrado\",\"url\":\"https:\/\/www.sestogrado.it\/it\/\",\"logo\":{\"@type\":\"ImageObject\",\"inLanguage\":\"it-IT\",\"@id\":\"https:\/\/www.sestogrado.it\/it\/#\/schema\/logo\/image\/\",\"url\":\"https:\/\/www.sestogrado.it\/wp-content\/uploads\/2015\/03\/sestogrado-favicon.png\",\"contentUrl\":\"https:\/\/www.sestogrado.it\/wp-content\/uploads\/2015\/03\/sestogrado-favicon.png\",\"width\":260,\"height\":260,\"caption\":\"Sestogrado\"},\"image\":{\"@id\":\"https:\/\/www.sestogrado.it\/it\/#\/schema\/logo\/image\/\"},\"sameAs\":[\"https:\/\/www.facebook.com\/pages\/Sestogrado\/1542635979353017?ref=bookmarks\",\"https:\/\/www.youtube.com\/channel\/UC847kAfTkaJsWpc1jtQwr3Q\"],\"hasMerchantReturnPolicy\":{\"@type\":\"MerchantReturnPolicy\",\"merchantReturnLink\":\"https:\/\/www.sestogrado.it\/it\/termini-e-condizioni\/\"}}]}<\/script>\n<meta property=\"product:brand\" content=\"Millet\" \/>\n<meta property=\"og:availability\" content=\"out of stock\" \/>\n<meta property=\"product:availability\" content=\"out of stock\" \/>\n<meta property=\"product:condition\" content=\"new\" \/>\n<!-- \/ Yoast SEO plugin. -->","yoast_head_json":{"title":"Millet Alpine Gaiters ghette impermeabili - Sestogrado","description":"Le Millet Alpine Gaiters High Route sono delle ghette impermeabili, con colonna d'acqua 1.000mm, alte fino a sotto al ginocchio, ideali per attivit\u00e0 alpinistica intensa. Si adattano a qualsiasi scarpone, hanno un cordino per aggiustare la larghezza alla gamba ed un cavo in plastica dura sotto allo scarpone.Una ghetta robusta ed altamente protettiva per alpinismo su ogni terreno, ghiaccio, neve o misto.Le Millet Alpine Gaiters sono delle ghette impermeabili, con colonna d'acqua 1.000mm, alte fino a sotto al ginocchio, ideali per attivit\u00e0 alpinistica intensa. Si adattano a qualsiasi scarpone, hanno un cordino per aggiustare la larghezza alla gamba ed un cavo in plastica dura sotto allo scarpone.La membrana DRYEDGE\u2122 assicura impermeabilit\u00e0 e traspirabilit\u00e0. Sono perfette per attivit\u00e0 ad alta intensit\u00e0.Una ghetta robusta ed altamente protettiva per alpinismo su ogni terreno, ghiaccio, neve o misto.","robots":{"index":"index","follow":"follow","max-snippet":"max-snippet:-1","max-image-preview":"max-image-preview:large","max-video-preview":"max-video-preview:-1"},"canonical":"https:\/\/www.sestogrado.it\/it\/prodotto\/millet-alpine-gaiters-ghette-impermeabili\/","og_locale":"it_IT","og_type":"article","og_title":"Millet Alpine Gaiters ghette impermeabili - Sestogrado","og_description":"Le Millet Alpine Gaiters High Route sono delle ghette impermeabili, con colonna d'acqua 1.000mm, alte fino a sotto al ginocchio, ideali per attivit\u00e0 alpinistica intensa. Si adattano a qualsiasi scarpone, hanno un cordino per aggiustare la larghezza alla gamba ed un cavo in plastica dura sotto allo scarpone.Una ghetta robusta ed altamente protettiva per alpinismo su ogni terreno, ghiaccio, neve o misto.Le Millet Alpine Gaiters sono delle ghette impermeabili, con colonna d'acqua 1.000mm, alte fino a sotto al ginocchio, ideali per attivit\u00e0 alpinistica intensa. Si adattano a qualsiasi scarpone, hanno un cordino per aggiustare la larghezza alla gamba ed un cavo in plastica dura sotto allo scarpone.La membrana DRYEDGE\u2122 assicura impermeabilit\u00e0 e traspirabilit\u00e0. Sono perfette per attivit\u00e0 ad alta intensit\u00e0.Una ghetta robusta ed altamente protettiva per alpinismo su ogni terreno, ghiaccio, neve o misto.","og_url":"https:\/\/www.sestogrado.it\/it\/prodotto\/millet-alpine-gaiters-ghette-impermeabili\/","og_site_name":"Sestogrado","article_publisher":"https:\/\/www.facebook.com\/pages\/Sestogrado\/1542635979353017?ref=bookmarks","article_modified_time":"2025-11-25T16:56:17+00:00","og_image":[{"width":1400,"height":1400,"url":"https:\/\/www.sestogrado.it\/wp-content\/uploads\/2022\/01\/alpine-gaiters.jpg","type":"image\/jpeg"}],"twitter_misc":{"Disponibilit\u00e0":"Esaurito"},"schema":{"@context":"https:\/\/schema.org","@graph":[{"@type":"WebPage","@id":"https:\/\/www.sestogrado.it\/it\/prodotto\/millet-alpine-gaiters-ghette-impermeabili\/","url":"https:\/\/www.sestogrado.it\/it\/prodotto\/millet-alpine-gaiters-ghette-impermeabili\/","name":"Millet Alpine Gaiters ghette impermeabili - Sestogrado","isPartOf":{"@id":"https:\/\/www.sestogrado.it\/it\/#website"},"primaryImageOfPage":{"@id":"https:\/\/www.sestogrado.it\/it\/prodotto\/millet-alpine-gaiters-ghette-impermeabili\/#primaryimage"},"image":{"@id":"https:\/\/www.sestogrado.it\/prodotto\/millet-alpine-gaiters-ghette-impermeabili\/#primaryimage"},"thumbnailUrl":"https:\/\/www.sestogrado.it\/wp-content\/uploads\/2022\/01\/alpine-gaiters.jpg","datePublished":"2021-01-11T13:06:51+00:00","dateModified":"2025-11-25T16:56:17+00:00","description":"Le Millet Alpine Gaiters High Route sono delle ghette impermeabili, con colonna d'acqua 1.000mm, alte fino a sotto al ginocchio, ideali per attivit\u00e0 alpinistica intensa. Si adattano a qualsiasi scarpone, hanno un cordino per aggiustare la larghezza alla gamba ed un cavo in plastica dura sotto allo scarpone.Una ghetta robusta ed altamente protettiva per alpinismo su ogni terreno, ghiaccio, neve o misto.Le Millet Alpine Gaiters sono delle ghette impermeabili, con colonna d'acqua 1.000mm, alte fino a sotto al ginocchio, ideali per attivit\u00e0 alpinistica intensa. Si adattano a qualsiasi scarpone, hanno un cordino per aggiustare la larghezza alla gamba ed un cavo in plastica dura sotto allo scarpone.La membrana DRYEDGE\u2122 assicura impermeabilit\u00e0 e traspirabilit\u00e0. Sono perfette per attivit\u00e0 ad alta intensit\u00e0.Una ghetta robusta ed altamente protettiva per alpinismo su ogni terreno, ghiaccio, neve o misto.","breadcrumb":{"@id":"https:\/\/www.sestogrado.it\/it\/prodotto\/millet-alpine-gaiters-ghette-impermeabili\/#breadcrumb"},"inLanguage":"it-IT","potentialAction":[{"@type":"ReadAction","target":[["https:\/\/www.sestogrado.it\/it\/prodotto\/millet-alpine-gaiters-ghette-impermeabili\/"]]}]},{"@type":"ImageObject","inLanguage":"it-IT","@id":"https:\/\/www.sestogrado.it\/it\/prodotto\/millet-alpine-gaiters-ghette-impermeabili\/#primaryimage","url":"https:\/\/www.sestogrado.it\/wp-content\/uploads\/2022\/01\/alpine-gaiters.jpg","contentUrl":"https:\/\/www.sestogrado.it\/wp-content\/uploads\/2022\/01\/alpine-gaiters.jpg","width":1400,"height":1400,"caption":"alpine-gaiters"},{"@type":"BreadcrumbList","@id":"https:\/\/www.sestogrado.it\/it\/prodotto\/millet-alpine-gaiters-ghette-impermeabili\/#breadcrumb","itemListElement":[{"@type":"ListItem","position":1,"name":"Home","item":"https:\/\/www.sestogrado.it\/it\/"},{"@type":"ListItem","position":2,"name":"Shop","item":"https:\/\/www.sestogrado.it\/it\/shop\/"},{"@type":"ListItem","position":3,"name":"Millet Alpine Gaiters ghette impermeabili"}]},{"@type":"WebSite","@id":"https:\/\/www.sestogrado.it\/it\/#website","url":"https:\/\/www.sestogrado.it\/it\/","name":"Sestogrado","description":"yes we climb","publisher":{"@id":"https:\/\/www.sestogrado.it\/it\/#organization"},"potentialAction":[{"@type":"SearchAction","target":{"@type":"EntryPoint","urlTemplate":"https:\/\/www.sestogrado.it\/it\/?s={search_term_string}"},"query-input":{"@type":"PropertyValueSpecification","valueRequired":true,"valueName":"search_term_string"}}],"inLanguage":"it-IT"},{"@type":"Organization","@id":"https:\/\/www.sestogrado.it\/it\/#organization","name":"Sestogrado","url":"https:\/\/www.sestogrado.it\/it\/","logo":{"@type":"ImageObject","inLanguage":"it-IT","@id":"https:\/\/www.sestogrado.it\/it\/#\/schema\/logo\/image\/","url":"https:\/\/www.sestogrado.it\/wp-content\/uploads\/2015\/03\/sestogrado-favicon.png","contentUrl":"https:\/\/www.sestogrado.it\/wp-content\/uploads\/2015\/03\/sestogrado-favicon.png","width":260,"height":260,"caption":"Sestogrado"},"image":{"@id":"https:\/\/www.sestogrado.it\/it\/#\/schema\/logo\/image\/"},"sameAs":["https:\/\/www.facebook.com\/pages\/Sestogrado\/1542635979353017?ref=bookmarks","https:\/\/www.youtube.com\/channel\/UC847kAfTkaJsWpc1jtQwr3Q"],"hasMerchantReturnPolicy":{"@type":"MerchantReturnPolicy","merchantReturnLink":"https:\/\/www.sestogrado.it\/it\/termini-e-condizioni\/"}}]},"product_brand":"Millet","og_availability":"out of stock","product_availability":"out of stock","product_condition":"new"},"_links":{"self":[{"href":"https:\/\/www.sestogrado.it\/it\/wp-json\/wp\/v2\/product\/91327","targetHints":{"allow":["GET"]}}],"collection":[{"href":"https:\/\/www.sestogrado.it\/it\/wp-json\/wp\/v2\/product"}],"about":[{"href":"https:\/\/www.sestogrado.it\/it\/wp-json\/wp\/v2\/types\/product"}],"replies":[{"embeddable":true,"href":"https:\/\/www.sestogrado.it\/it\/wp-json\/wp\/v2\/comments?post=91327"}],"wp:featuredmedia":[{"embeddable":true,"href":"https:\/\/www.sestogrado.it\/it\/wp-json\/wp\/v2\/media\/122690"}],"wp:attachment":[{"href":"https:\/\/www.sestogrado.it\/it\/wp-json\/wp\/v2\/media?parent=91327"}],"wp:term":[{"taxonomy":"product_brand","embeddable":true,"href":"https:\/\/www.sestogrado.it\/it\/wp-json\/wp\/v2\/product_brand?post=91327"},{"taxonomy":"product_cat","embeddable":true,"href":"https:\/\/www.sestogrado.it\/it\/wp-json\/wp\/v2\/product_cat?post=91327"},{"taxonomy":"product_tag","embeddable":true,"href":"https:\/\/www.sestogrado.it\/it\/wp-json\/wp\/v2\/product_tag?post=91327"}],"curies":[{"name":"wp","href":"https:\/\/api.w.org\/{rel}","templated":true}]}}