{"id":89446,"date":"2021-12-21T16:33:02","date_gmt":"2021-12-21T15:33:02","guid":{"rendered":"https:\/\/www.sestogrado.it\/?post_type=product&#038;p=89446"},"modified":"2026-04-12T17:00:40","modified_gmt":"2026-04-12T15:00:40","slug":"camp-alp-race-imbrago-scialpinismo-ultra-leggero","status":"publish","type":"product","link":"https:\/\/www.sestogrado.it\/it\/prodotto\/camp-alp-race-imbrago-scialpinismo-ultra-leggero\/","title":{"rendered":"CAMP ALP RACE imbrago scialpinismo ultra leggero"},"content":{"rendered":"<p>Prendetelo in mano, sentite quanto \u00e8 leggero e poi ripiegatelo per infilarlo senza problemi nella tasca della giacca: con i suoi <strong>68 grammi da record<\/strong>, estremamente compattabile, CAMP ALP RACE imbrago per scialpinismo \u00e8 il nuovo riferimento per le competizioni di scialpinismo.<\/p>\n<p>L\u2019evoluzione \u201clight &amp; fast\u201d prosegue grazie all\u2019innovativa costruzione in nylon monofilamento, superleggero e traspirante, combinato con polietilene ad alta resistenza, <strong>eccezionalmente durevole e antiabrasione<\/strong>: un mix che significa leggerezza ai limiti del possibile e assoluta libert\u00e0 di movimento.<\/p>\n<p>Un cordino elastico con<span style=\"color: #000000;\"> tanka<\/span> consente la <strong>regolazione della cintura<\/strong> mentre la <strong>stabilit\u00e0 dei cosciali<\/strong> \u00e8 garantita da un secondo cordino, analogo al precedente, che grazie ad un semplice nodo permette di personalizzare ulteriormente l\u2019imbragatura. I punti di fissaggio dei cordini sono realizzati in Hypalon\u00ae per la massima resistenza all\u2019usura. E in Hypalon\u00ae \u00e8 anche il singolo slot porta materiale, dotato di cordino amovibile per il fissaggio dei moschettoni del set da ferrata nelle gare che lo richiedono.<\/p>\n<p><img decoding=\"async\" class=\"img-fluid alignnone wp-image-89467 size-thumbnail\" src=\"https:\/\/www.sestogrado.it\/wp-content\/uploads\/2021\/12\/13-150x150.jpg\" alt=\"CAMP ALP RACE imbrago\" width=\"150\" height=\"150\" srcset=\"https:\/\/www.sestogrado.it\/wp-content\/uploads\/2021\/12\/13-150x150.jpg 150w, https:\/\/www.sestogrado.it\/wp-content\/uploads\/2021\/12\/13-300x300.jpg 300w, https:\/\/www.sestogrado.it\/wp-content\/uploads\/2021\/12\/13-100x100.jpg 100w, https:\/\/www.sestogrado.it\/wp-content\/uploads\/2021\/12\/13-750x750.jpg 750w, https:\/\/www.sestogrado.it\/wp-content\/uploads\/2021\/12\/13-1024x1024.jpg 1024w, https:\/\/www.sestogrado.it\/wp-content\/uploads\/2021\/12\/13-768x768.jpg 768w, https:\/\/www.sestogrado.it\/wp-content\/uploads\/2021\/12\/13-45x45.jpg 45w, https:\/\/www.sestogrado.it\/wp-content\/uploads\/2021\/12\/13-220x220.jpg 220w, https:\/\/www.sestogrado.it\/wp-content\/uploads\/2021\/12\/13-635x635.jpg 635w, https:\/\/www.sestogrado.it\/wp-content\/uploads\/2021\/12\/13-80x80.jpg 80w, https:\/\/www.sestogrado.it\/wp-content\/uploads\/2021\/12\/13-60x60.jpg 60w, https:\/\/www.sestogrado.it\/wp-content\/uploads\/2021\/12\/13-90x90.jpg 90w, https:\/\/www.sestogrado.it\/wp-content\/uploads\/2021\/12\/13.jpg 1200w\" sizes=\"(max-width: 150px) 100vw, 150px\" \/><img decoding=\"async\" class=\"img-fluid alignnone wp-image-89465 size-thumbnail\" src=\"https:\/\/www.sestogrado.it\/wp-content\/uploads\/2021\/12\/12-3-150x150.jpg\" alt=\"CAMP ALP RACE imbrago\" width=\"150\" height=\"150\" srcset=\"https:\/\/www.sestogrado.it\/wp-content\/uploads\/2021\/12\/12-3-150x150.jpg 150w, https:\/\/www.sestogrado.it\/wp-content\/uploads\/2021\/12\/12-3-300x300.jpg 300w, https:\/\/www.sestogrado.it\/wp-content\/uploads\/2021\/12\/12-3-100x100.jpg 100w, https:\/\/www.sestogrado.it\/wp-content\/uploads\/2021\/12\/12-3-750x750.jpg 750w, https:\/\/www.sestogrado.it\/wp-content\/uploads\/2021\/12\/12-3-1024x1024.jpg 1024w, https:\/\/www.sestogrado.it\/wp-content\/uploads\/2021\/12\/12-3-768x768.jpg 768w, https:\/\/www.sestogrado.it\/wp-content\/uploads\/2021\/12\/12-3-45x45.jpg 45w, https:\/\/www.sestogrado.it\/wp-content\/uploads\/2021\/12\/12-3-220x220.jpg 220w, https:\/\/www.sestogrado.it\/wp-content\/uploads\/2021\/12\/12-3-635x635.jpg 635w, https:\/\/www.sestogrado.it\/wp-content\/uploads\/2021\/12\/12-3-80x80.jpg 80w, https:\/\/www.sestogrado.it\/wp-content\/uploads\/2021\/12\/12-3-60x60.jpg 60w, https:\/\/www.sestogrado.it\/wp-content\/uploads\/2021\/12\/12-3-90x90.jpg 90w, https:\/\/www.sestogrado.it\/wp-content\/uploads\/2021\/12\/12-3.jpg 1200w\" sizes=\"(max-width: 150px) 100vw, 150px\" \/><\/p>\n<p>&nbsp;<\/p>\n<p><strong>Come scegliere la propria taglia:<\/strong><\/p>\n<ul>\n<li>Cinturone regolabile: S 78-88cm, M 85-95cm, L 92-102cm, XL 99-109cm<\/li>\n<li>Cosciali regolabili: S 53-58cm, M 58-63, L 63-68cm, XL 68-73cm<\/li>\n<\/ul>\n<p>&nbsp;<\/p>\n<p><strong>Altre caratteristiche tecniche:<\/strong><\/p>\n<ul>\n<li><em>L\u2019imbragatura pi\u00f9 leggera al mondo: appena 68 grammi!<\/em><\/li>\n<li>Estremamente compattabile: ripiegata nell\u2019apposita custodia ha le dimensioni di un portafoglio<\/li>\n<li>Innovativa costruzione in nylon monofilamento e polietilene UHMW ad alta resistenza (Ultra High Molecular Weight Polyethylene)<\/li>\n<li><strong>Cintura regolabile<\/strong> con cordino elastico<\/li>\n<li>Sistema di collegamento dei cosciali regolabile con cordino elastico<\/li>\n<li>Punti di fissaggio dei cordini di regolazione in Hypalon\u00ae per un\u2019<strong>eccezionale resistenza all\u2019usura<\/strong><\/li>\n<li>Punti d\u2019attacco in polietilene UHMW ad alta resistenza<\/li>\n<li>Singolo slot in Hypalon\u00ae con cordino porta materiale amovibile<\/li>\n<li><strong>Molto traspirante<\/strong><\/li>\n<\/ul>\n<p>&nbsp;<\/p>\n<p>Passione, lavoro e semplicit\u00e0 sono alcune delle parole chiave che da sempre hanno contraddistinto il modo di essere di C.A.M.P. La passione \u00e8 quella per la montagna e per i prodotti che aiutano a realizzare i sogni ed i progetti di tutti coloro che la frequentano; il lavoro \u00e8 quello tramandato da oltre 115 anni in quattro distinte generazioni succedutesi alla guida dell\u2019azienda e la semplicit\u00e0 \u00e8 quella che contraddistingue un modo di essere e relazionarsi basato sulla seriet\u00e0 e lealt\u00e0.<\/p>","protected":false},"excerpt":{"rendered":"<p>Prendetelo in mano, sentite quanto \u00e8 leggero e poi ripiegatelo per infilarlo senza problemi nella tasca della giacca: con i [&hellip;]<\/p>\n","protected":false},"featured_media":89447,"comment_status":"open","ping_status":"closed","template":"","meta":{"_acf_changed":false},"product_brand":[31],"product_cat":[1336],"product_tag":[],"class_list":{"0":"post-89446","1":"product","2":"type-product","3":"status-publish","4":"has-post-thumbnail","6":"product_brand-camp","7":"product_cat-scialpinismo","9":"first","10":"instock","11":"sale","12":"taxable","13":"shipping-taxable","14":"purchasable","15":"product-type-variable"},"acf":[],"yoast_head":"<!-- This site is optimized with the Yoast SEO plugin v26.4 - https:\/\/yoast.com\/wordpress\/plugins\/seo\/ -->\n<title>CAMP ALP RACE imbrago scialpinismo ultra leggero - Sestogrado<\/title>\n<meta name=\"description\" content=\"Prendetela in mano, sentite quanto \u00e8 leggera e poi ripiegatela per infilarla senza problemi nella tasca della giacca: con i suoi 68 grammi da record, estremamente compattabile, CAMP ALP RACE imbrago per scialpinismo \u00e8 il nuovo riferimento per le competizioni di scialpinismo. L\u2019evoluzione \u201clight &amp; fast\u201d prosegue grazie all\u2019innovativa costruzione in nylon monofilamento, superleggero e traspirante, combinato con polietilene ad alta resistenza, eccezionalmente durevole e antiabrasione: un mix che significa leggerezza ai limiti del possibile e assoluta libert\u00e0 di movimento. Un cordino elastico con tanka consente la regolazione della cintura mentre la stabilit\u00e0 dei cosciali \u00e8 garantita da un secondo cordino, analogo al precedente, che grazie ad un semplice nodo permette di personalizzare ulteriormente l\u2019imbragatura. I punti di fissaggio dei cordini sono realizzati in Hypalon\u00ae per la massima resistenza all\u2019usura. E in Hypalon\u00ae \u00e8 anche il singolo slot porta materiale, dotato di cordino amovibile per il fissaggio dei moschettoni del set da ferrata nelle gare che lo richiedono.\" \/>\n<meta name=\"robots\" content=\"index, follow, max-snippet:-1, max-image-preview:large, max-video-preview:-1\" \/>\n<link rel=\"canonical\" href=\"https:\/\/www.sestogrado.it\/it\/prodotto\/camp-alp-race-imbrago-scialpinismo-ultra-leggero\/\" \/>\n<meta property=\"og:locale\" content=\"it_IT\" \/>\n<meta property=\"og:type\" content=\"article\" \/>\n<meta property=\"og:title\" content=\"CAMP ALP RACE imbrago scialpinismo ultra leggero - Sestogrado\" \/>\n<meta property=\"og:description\" content=\"Prendetela in mano, sentite quanto \u00e8 leggera e poi ripiegatela per infilarla senza problemi nella tasca della giacca: con i suoi 68 grammi da record, estremamente compattabile, CAMP ALP RACE imbrago per scialpinismo \u00e8 il nuovo riferimento per le competizioni di scialpinismo. L\u2019evoluzione \u201clight &amp; fast\u201d prosegue grazie all\u2019innovativa costruzione in nylon monofilamento, superleggero e traspirante, combinato con polietilene ad alta resistenza, eccezionalmente durevole e antiabrasione: un mix che significa leggerezza ai limiti del possibile e assoluta libert\u00e0 di movimento. Un cordino elastico con tanka consente la regolazione della cintura mentre la stabilit\u00e0 dei cosciali \u00e8 garantita da un secondo cordino, analogo al precedente, che grazie ad un semplice nodo permette di personalizzare ulteriormente l\u2019imbragatura. I punti di fissaggio dei cordini sono realizzati in Hypalon\u00ae per la massima resistenza all\u2019usura. E in Hypalon\u00ae \u00e8 anche il singolo slot porta materiale, dotato di cordino amovibile per il fissaggio dei moschettoni del set da ferrata nelle gare che lo richiedono.\" \/>\n<meta property=\"og:url\" content=\"https:\/\/www.sestogrado.it\/it\/prodotto\/camp-alp-race-imbrago-scialpinismo-ultra-leggero\/\" \/>\n<meta property=\"og:site_name\" content=\"Sestogrado\" \/>\n<meta property=\"article:publisher\" content=\"https:\/\/www.facebook.com\/pages\/Sestogrado\/1542635979353017?ref=bookmarks\" \/>\n<meta property=\"article:modified_time\" content=\"2026-04-12T15:00:40+00:00\" \/>\n<meta property=\"og:image\" content=\"https:\/\/www.sestogrado.it\/wp-content\/uploads\/2021\/12\/3168-M.jpg\" \/>\n\t<meta property=\"og:image:width\" content=\"1200\" \/>\n\t<meta property=\"og:image:height\" content=\"1200\" \/>\n\t<meta property=\"og:image:type\" content=\"image\/jpeg\" \/>\n<meta name=\"twitter:label1\" content=\"Disponibilit\u00e0\" \/>\n\t<meta name=\"twitter:data1\" content=\"In stock\" \/>\n<script type=\"application\/ld+json\" class=\"yoast-schema-graph\">{\"@context\":\"https:\/\/schema.org\",\"@graph\":[{\"@type\":\"WebPage\",\"@id\":\"https:\/\/www.sestogrado.it\/it\/prodotto\/camp-alp-race-imbrago-scialpinismo-ultra-leggero\/\",\"url\":\"https:\/\/www.sestogrado.it\/it\/prodotto\/camp-alp-race-imbrago-scialpinismo-ultra-leggero\/\",\"name\":\"CAMP ALP RACE imbrago scialpinismo ultra leggero - Sestogrado\",\"isPartOf\":{\"@id\":\"https:\/\/www.sestogrado.it\/it\/#website\"},\"primaryImageOfPage\":{\"@id\":\"https:\/\/www.sestogrado.it\/it\/prodotto\/camp-alp-race-imbrago-scialpinismo-ultra-leggero\/#primaryimage\"},\"image\":{\"@id\":\"https:\/\/www.sestogrado.it\/prodotto\/camp-alp-race-imbrago-scialpinismo-ultra-leggero\/#primaryimage\"},\"thumbnailUrl\":\"https:\/\/www.sestogrado.it\/wp-content\/uploads\/2021\/12\/3168-M.jpg\",\"datePublished\":\"2021-12-21T15:33:02+00:00\",\"dateModified\":\"2026-04-12T15:00:40+00:00\",\"description\":\"Prendetela in mano, sentite quanto \u00e8 leggera e poi ripiegatela per infilarla senza problemi nella tasca della giacca: con i suoi 68 grammi da record, estremamente compattabile, CAMP ALP RACE imbrago per scialpinismo \u00e8 il nuovo riferimento per le competizioni di scialpinismo. L\u2019evoluzione \u201clight & fast\u201d prosegue grazie all\u2019innovativa costruzione in nylon monofilamento, superleggero e traspirante, combinato con polietilene ad alta resistenza, eccezionalmente durevole e antiabrasione: un mix che significa leggerezza ai limiti del possibile e assoluta libert\u00e0 di movimento. Un cordino elastico con tanka consente la regolazione della cintura mentre la stabilit\u00e0 dei cosciali \u00e8 garantita da un secondo cordino, analogo al precedente, che grazie ad un semplice nodo permette di personalizzare ulteriormente l\u2019imbragatura. I punti di fissaggio dei cordini sono realizzati in Hypalon\u00ae per la massima resistenza all\u2019usura. E in Hypalon\u00ae \u00e8 anche il singolo slot porta materiale, dotato di cordino amovibile per il fissaggio dei moschettoni del set da ferrata nelle gare che lo richiedono.\",\"breadcrumb\":{\"@id\":\"https:\/\/www.sestogrado.it\/it\/prodotto\/camp-alp-race-imbrago-scialpinismo-ultra-leggero\/#breadcrumb\"},\"inLanguage\":\"it-IT\",\"potentialAction\":[{\"@type\":\"ReadAction\",\"target\":[[\"https:\/\/www.sestogrado.it\/it\/prodotto\/camp-alp-race-imbrago-scialpinismo-ultra-leggero\/\"]]}]},{\"@type\":\"ImageObject\",\"inLanguage\":\"it-IT\",\"@id\":\"https:\/\/www.sestogrado.it\/it\/prodotto\/camp-alp-race-imbrago-scialpinismo-ultra-leggero\/#primaryimage\",\"url\":\"https:\/\/www.sestogrado.it\/wp-content\/uploads\/2021\/12\/3168-M.jpg\",\"contentUrl\":\"https:\/\/www.sestogrado.it\/wp-content\/uploads\/2021\/12\/3168-M.jpg\",\"width\":1200,\"height\":1200,\"caption\":\"CAMP ALP RACE imbrago\"},{\"@type\":\"BreadcrumbList\",\"@id\":\"https:\/\/www.sestogrado.it\/it\/prodotto\/camp-alp-race-imbrago-scialpinismo-ultra-leggero\/#breadcrumb\",\"itemListElement\":[{\"@type\":\"ListItem\",\"position\":1,\"name\":\"Home\",\"item\":\"https:\/\/www.sestogrado.it\/it\/\"},{\"@type\":\"ListItem\",\"position\":2,\"name\":\"Shop\",\"item\":\"https:\/\/www.sestogrado.it\/it\/shop\/\"},{\"@type\":\"ListItem\",\"position\":3,\"name\":\"CAMP ALP RACE imbrago scialpinismo ultra leggero\"}]},{\"@type\":\"WebSite\",\"@id\":\"https:\/\/www.sestogrado.it\/it\/#website\",\"url\":\"https:\/\/www.sestogrado.it\/it\/\",\"name\":\"Sestogrado\",\"description\":\"yes we climb\",\"publisher\":{\"@id\":\"https:\/\/www.sestogrado.it\/it\/#organization\"},\"potentialAction\":[{\"@type\":\"SearchAction\",\"target\":{\"@type\":\"EntryPoint\",\"urlTemplate\":\"https:\/\/www.sestogrado.it\/it\/?s={search_term_string}\"},\"query-input\":{\"@type\":\"PropertyValueSpecification\",\"valueRequired\":true,\"valueName\":\"search_term_string\"}}],\"inLanguage\":\"it-IT\"},{\"@type\":\"Organization\",\"@id\":\"https:\/\/www.sestogrado.it\/it\/#organization\",\"name\":\"Sestogrado\",\"url\":\"https:\/\/www.sestogrado.it\/it\/\",\"logo\":{\"@type\":\"ImageObject\",\"inLanguage\":\"it-IT\",\"@id\":\"https:\/\/www.sestogrado.it\/it\/#\/schema\/logo\/image\/\",\"url\":\"https:\/\/www.sestogrado.it\/wp-content\/uploads\/2015\/03\/sestogrado-favicon.png\",\"contentUrl\":\"https:\/\/www.sestogrado.it\/wp-content\/uploads\/2015\/03\/sestogrado-favicon.png\",\"width\":260,\"height\":260,\"caption\":\"Sestogrado\"},\"image\":{\"@id\":\"https:\/\/www.sestogrado.it\/it\/#\/schema\/logo\/image\/\"},\"sameAs\":[\"https:\/\/www.facebook.com\/pages\/Sestogrado\/1542635979353017?ref=bookmarks\",\"https:\/\/www.youtube.com\/channel\/UC847kAfTkaJsWpc1jtQwr3Q\"],\"hasMerchantReturnPolicy\":{\"@type\":\"MerchantReturnPolicy\",\"merchantReturnLink\":\"https:\/\/www.sestogrado.it\/it\/termini-e-condizioni\/\"}}]}<\/script>\n<meta property=\"product:brand\" content=\"Camp\" \/>\n<meta property=\"og:availability\" content=\"instock\" \/>\n<meta property=\"product:availability\" content=\"instock\" \/>\n<meta property=\"product:condition\" content=\"new\" \/>\n<!-- \/ Yoast SEO plugin. -->","yoast_head_json":{"title":"CAMP ALP RACE imbrago scialpinismo ultra leggero - Sestogrado","description":"Prendetela in mano, sentite quanto \u00e8 leggera e poi ripiegatela per infilarla senza problemi nella tasca della giacca: con i suoi 68 grammi da record, estremamente compattabile, CAMP ALP RACE imbrago per scialpinismo \u00e8 il nuovo riferimento per le competizioni di scialpinismo. L\u2019evoluzione \u201clight & fast\u201d prosegue grazie all\u2019innovativa costruzione in nylon monofilamento, superleggero e traspirante, combinato con polietilene ad alta resistenza, eccezionalmente durevole e antiabrasione: un mix che significa leggerezza ai limiti del possibile e assoluta libert\u00e0 di movimento. Un cordino elastico con tanka consente la regolazione della cintura mentre la stabilit\u00e0 dei cosciali \u00e8 garantita da un secondo cordino, analogo al precedente, che grazie ad un semplice nodo permette di personalizzare ulteriormente l\u2019imbragatura. I punti di fissaggio dei cordini sono realizzati in Hypalon\u00ae per la massima resistenza all\u2019usura. E in Hypalon\u00ae \u00e8 anche il singolo slot porta materiale, dotato di cordino amovibile per il fissaggio dei moschettoni del set da ferrata nelle gare che lo richiedono.","robots":{"index":"index","follow":"follow","max-snippet":"max-snippet:-1","max-image-preview":"max-image-preview:large","max-video-preview":"max-video-preview:-1"},"canonical":"https:\/\/www.sestogrado.it\/it\/prodotto\/camp-alp-race-imbrago-scialpinismo-ultra-leggero\/","og_locale":"it_IT","og_type":"article","og_title":"CAMP ALP RACE imbrago scialpinismo ultra leggero - Sestogrado","og_description":"Prendetela in mano, sentite quanto \u00e8 leggera e poi ripiegatela per infilarla senza problemi nella tasca della giacca: con i suoi 68 grammi da record, estremamente compattabile, CAMP ALP RACE imbrago per scialpinismo \u00e8 il nuovo riferimento per le competizioni di scialpinismo. L\u2019evoluzione \u201clight & fast\u201d prosegue grazie all\u2019innovativa costruzione in nylon monofilamento, superleggero e traspirante, combinato con polietilene ad alta resistenza, eccezionalmente durevole e antiabrasione: un mix che significa leggerezza ai limiti del possibile e assoluta libert\u00e0 di movimento. Un cordino elastico con tanka consente la regolazione della cintura mentre la stabilit\u00e0 dei cosciali \u00e8 garantita da un secondo cordino, analogo al precedente, che grazie ad un semplice nodo permette di personalizzare ulteriormente l\u2019imbragatura. I punti di fissaggio dei cordini sono realizzati in Hypalon\u00ae per la massima resistenza all\u2019usura. E in Hypalon\u00ae \u00e8 anche il singolo slot porta materiale, dotato di cordino amovibile per il fissaggio dei moschettoni del set da ferrata nelle gare che lo richiedono.","og_url":"https:\/\/www.sestogrado.it\/it\/prodotto\/camp-alp-race-imbrago-scialpinismo-ultra-leggero\/","og_site_name":"Sestogrado","article_publisher":"https:\/\/www.facebook.com\/pages\/Sestogrado\/1542635979353017?ref=bookmarks","article_modified_time":"2026-04-12T15:00:40+00:00","og_image":[{"width":1200,"height":1200,"url":"https:\/\/www.sestogrado.it\/wp-content\/uploads\/2021\/12\/3168-M.jpg","type":"image\/jpeg"}],"twitter_misc":{"Disponibilit\u00e0":"In stock"},"schema":{"@context":"https:\/\/schema.org","@graph":[{"@type":"WebPage","@id":"https:\/\/www.sestogrado.it\/it\/prodotto\/camp-alp-race-imbrago-scialpinismo-ultra-leggero\/","url":"https:\/\/www.sestogrado.it\/it\/prodotto\/camp-alp-race-imbrago-scialpinismo-ultra-leggero\/","name":"CAMP ALP RACE imbrago scialpinismo ultra leggero - Sestogrado","isPartOf":{"@id":"https:\/\/www.sestogrado.it\/it\/#website"},"primaryImageOfPage":{"@id":"https:\/\/www.sestogrado.it\/it\/prodotto\/camp-alp-race-imbrago-scialpinismo-ultra-leggero\/#primaryimage"},"image":{"@id":"https:\/\/www.sestogrado.it\/prodotto\/camp-alp-race-imbrago-scialpinismo-ultra-leggero\/#primaryimage"},"thumbnailUrl":"https:\/\/www.sestogrado.it\/wp-content\/uploads\/2021\/12\/3168-M.jpg","datePublished":"2021-12-21T15:33:02+00:00","dateModified":"2026-04-12T15:00:40+00:00","description":"Prendetela in mano, sentite quanto \u00e8 leggera e poi ripiegatela per infilarla senza problemi nella tasca della giacca: con i suoi 68 grammi da record, estremamente compattabile, CAMP ALP RACE imbrago per scialpinismo \u00e8 il nuovo riferimento per le competizioni di scialpinismo. L\u2019evoluzione \u201clight & fast\u201d prosegue grazie all\u2019innovativa costruzione in nylon monofilamento, superleggero e traspirante, combinato con polietilene ad alta resistenza, eccezionalmente durevole e antiabrasione: un mix che significa leggerezza ai limiti del possibile e assoluta libert\u00e0 di movimento. Un cordino elastico con tanka consente la regolazione della cintura mentre la stabilit\u00e0 dei cosciali \u00e8 garantita da un secondo cordino, analogo al precedente, che grazie ad un semplice nodo permette di personalizzare ulteriormente l\u2019imbragatura. I punti di fissaggio dei cordini sono realizzati in Hypalon\u00ae per la massima resistenza all\u2019usura. E in Hypalon\u00ae \u00e8 anche il singolo slot porta materiale, dotato di cordino amovibile per il fissaggio dei moschettoni del set da ferrata nelle gare che lo richiedono.","breadcrumb":{"@id":"https:\/\/www.sestogrado.it\/it\/prodotto\/camp-alp-race-imbrago-scialpinismo-ultra-leggero\/#breadcrumb"},"inLanguage":"it-IT","potentialAction":[{"@type":"ReadAction","target":[["https:\/\/www.sestogrado.it\/it\/prodotto\/camp-alp-race-imbrago-scialpinismo-ultra-leggero\/"]]}]},{"@type":"ImageObject","inLanguage":"it-IT","@id":"https:\/\/www.sestogrado.it\/it\/prodotto\/camp-alp-race-imbrago-scialpinismo-ultra-leggero\/#primaryimage","url":"https:\/\/www.sestogrado.it\/wp-content\/uploads\/2021\/12\/3168-M.jpg","contentUrl":"https:\/\/www.sestogrado.it\/wp-content\/uploads\/2021\/12\/3168-M.jpg","width":1200,"height":1200,"caption":"CAMP ALP RACE imbrago"},{"@type":"BreadcrumbList","@id":"https:\/\/www.sestogrado.it\/it\/prodotto\/camp-alp-race-imbrago-scialpinismo-ultra-leggero\/#breadcrumb","itemListElement":[{"@type":"ListItem","position":1,"name":"Home","item":"https:\/\/www.sestogrado.it\/it\/"},{"@type":"ListItem","position":2,"name":"Shop","item":"https:\/\/www.sestogrado.it\/it\/shop\/"},{"@type":"ListItem","position":3,"name":"CAMP ALP RACE imbrago scialpinismo ultra leggero"}]},{"@type":"WebSite","@id":"https:\/\/www.sestogrado.it\/it\/#website","url":"https:\/\/www.sestogrado.it\/it\/","name":"Sestogrado","description":"yes we climb","publisher":{"@id":"https:\/\/www.sestogrado.it\/it\/#organization"},"potentialAction":[{"@type":"SearchAction","target":{"@type":"EntryPoint","urlTemplate":"https:\/\/www.sestogrado.it\/it\/?s={search_term_string}"},"query-input":{"@type":"PropertyValueSpecification","valueRequired":true,"valueName":"search_term_string"}}],"inLanguage":"it-IT"},{"@type":"Organization","@id":"https:\/\/www.sestogrado.it\/it\/#organization","name":"Sestogrado","url":"https:\/\/www.sestogrado.it\/it\/","logo":{"@type":"ImageObject","inLanguage":"it-IT","@id":"https:\/\/www.sestogrado.it\/it\/#\/schema\/logo\/image\/","url":"https:\/\/www.sestogrado.it\/wp-content\/uploads\/2015\/03\/sestogrado-favicon.png","contentUrl":"https:\/\/www.sestogrado.it\/wp-content\/uploads\/2015\/03\/sestogrado-favicon.png","width":260,"height":260,"caption":"Sestogrado"},"image":{"@id":"https:\/\/www.sestogrado.it\/it\/#\/schema\/logo\/image\/"},"sameAs":["https:\/\/www.facebook.com\/pages\/Sestogrado\/1542635979353017?ref=bookmarks","https:\/\/www.youtube.com\/channel\/UC847kAfTkaJsWpc1jtQwr3Q"],"hasMerchantReturnPolicy":{"@type":"MerchantReturnPolicy","merchantReturnLink":"https:\/\/www.sestogrado.it\/it\/termini-e-condizioni\/"}}]},"product_brand":"Camp","og_availability":"instock","product_availability":"instock","product_condition":"new"},"_links":{"self":[{"href":"https:\/\/www.sestogrado.it\/it\/wp-json\/wp\/v2\/product\/89446","targetHints":{"allow":["GET"]}}],"collection":[{"href":"https:\/\/www.sestogrado.it\/it\/wp-json\/wp\/v2\/product"}],"about":[{"href":"https:\/\/www.sestogrado.it\/it\/wp-json\/wp\/v2\/types\/product"}],"replies":[{"embeddable":true,"href":"https:\/\/www.sestogrado.it\/it\/wp-json\/wp\/v2\/comments?post=89446"}],"wp:featuredmedia":[{"embeddable":true,"href":"https:\/\/www.sestogrado.it\/it\/wp-json\/wp\/v2\/media\/89447"}],"wp:attachment":[{"href":"https:\/\/www.sestogrado.it\/it\/wp-json\/wp\/v2\/media?parent=89446"}],"wp:term":[{"taxonomy":"product_brand","embeddable":true,"href":"https:\/\/www.sestogrado.it\/it\/wp-json\/wp\/v2\/product_brand?post=89446"},{"taxonomy":"product_cat","embeddable":true,"href":"https:\/\/www.sestogrado.it\/it\/wp-json\/wp\/v2\/product_cat?post=89446"},{"taxonomy":"product_tag","embeddable":true,"href":"https:\/\/www.sestogrado.it\/it\/wp-json\/wp\/v2\/product_tag?post=89446"}],"curies":[{"name":"wp","href":"https:\/\/api.w.org\/{rel}","templated":true}]}}