{"id":89443,"date":"2021-12-21T16:30:11","date_gmt":"2021-12-21T15:30:11","guid":{"rendered":"https:\/\/www.sestogrado.it\/?post_type=product&#038;p=89443"},"modified":"2026-04-07T12:00:25","modified_gmt":"2026-04-07T10:00:25","slug":"camp-alp-cr-imbrago-scialpinismo-ultra-leggero","status":"publish","type":"product","link":"https:\/\/www.sestogrado.it\/it\/prodotto\/camp-alp-cr-imbrago-scialpinismo-ultra-leggero\/","title":{"rendered":"CAMP ALP CR imbrago scialpinismo ultra leggero"},"content":{"rendered":"<p>Leggerezza, compattabilit\u00e0 e polivalenza: <strong>CAMP ALP CR imbrago per scialpinismo<\/strong>\u00a0allarga l\u2019orizzonte della Alp Race e si propone come il nuovo riferimento sia per tutti gli appassionati di scialpinismo sia per chi pratica l\u2019alpinismo in quota, <em>dai Quattromila delle Alpi all\u2019Himalaya<\/em>. Caratterizzata dalla medesima innovativa costruzione in nylon monofilamento e polietilene ad <strong>alta resistenza<\/strong> del modello da competizione, con cui condivide anche i cordini elastici di regolazione, la Alp CR si distingue innanzitutto per i cosciali regolabili e completamente apribili che consentono di indossarla anche con gli sci o i ramponi ai piedi. Un dettaglio importante sono le<strong> fibbie di regolazione in lega di alluminio<\/strong> 7075 T6, che garantiscono maggior versatilit\u00e0 e affidabilit\u00e0 rispetto alle fibbie rapide in plastica.<\/p>\n<p>La Alp CR \u00e8 inoltre dotata di 2 slot in Hypalon\u00ae con cordini porta materiale amovibili: i cordini possono essere utilizzati direttamente oppure rimossi per inserire negli slot i moschettoni porta materiale Hub. La costruzione essenziale dell\u2019imbragatura non ne compromette il comfort, assicurando la <strong>massima libert\u00e0 di movimento<\/strong> e la distribuzione del peso di chi la indossa sull\u2019intera superficie della cintura e dei cosciali.<\/p>\n<p><img decoding=\"async\" class=\"img-fluid alignnone wp-image-89458 size-thumbnail\" src=\"https:\/\/www.sestogrado.it\/wp-content\/uploads\/2021\/12\/12-2-150x150.jpg\" alt=\"CAMP ALP CR imbrago\" width=\"150\" height=\"150\" srcset=\"https:\/\/www.sestogrado.it\/wp-content\/uploads\/2021\/12\/12-2-150x150.jpg 150w, https:\/\/www.sestogrado.it\/wp-content\/uploads\/2021\/12\/12-2-300x300.jpg 300w, https:\/\/www.sestogrado.it\/wp-content\/uploads\/2021\/12\/12-2-100x100.jpg 100w, https:\/\/www.sestogrado.it\/wp-content\/uploads\/2021\/12\/12-2-750x750.jpg 750w, https:\/\/www.sestogrado.it\/wp-content\/uploads\/2021\/12\/12-2-1024x1024.jpg 1024w, https:\/\/www.sestogrado.it\/wp-content\/uploads\/2021\/12\/12-2-768x768.jpg 768w, https:\/\/www.sestogrado.it\/wp-content\/uploads\/2021\/12\/12-2-45x45.jpg 45w, https:\/\/www.sestogrado.it\/wp-content\/uploads\/2021\/12\/12-2-220x220.jpg 220w, https:\/\/www.sestogrado.it\/wp-content\/uploads\/2021\/12\/12-2-635x635.jpg 635w, https:\/\/www.sestogrado.it\/wp-content\/uploads\/2021\/12\/12-2-80x80.jpg 80w, https:\/\/www.sestogrado.it\/wp-content\/uploads\/2021\/12\/12-2-60x60.jpg 60w, https:\/\/www.sestogrado.it\/wp-content\/uploads\/2021\/12\/12-2-90x90.jpg 90w, https:\/\/www.sestogrado.it\/wp-content\/uploads\/2021\/12\/12-2.jpg 1200w\" sizes=\"(max-width: 150px) 100vw, 150px\" \/> <img decoding=\"async\" class=\"img-fluid alignnone wp-image-89459 size-thumbnail\" src=\"https:\/\/www.sestogrado.it\/wp-content\/uploads\/2021\/12\/14-150x150.jpg\" alt=\"CAMP ALP CR imbrago\" width=\"150\" height=\"150\" srcset=\"https:\/\/www.sestogrado.it\/wp-content\/uploads\/2021\/12\/14-150x150.jpg 150w, https:\/\/www.sestogrado.it\/wp-content\/uploads\/2021\/12\/14-300x300.jpg 300w, https:\/\/www.sestogrado.it\/wp-content\/uploads\/2021\/12\/14-100x100.jpg 100w, https:\/\/www.sestogrado.it\/wp-content\/uploads\/2021\/12\/14-750x750.jpg 750w, https:\/\/www.sestogrado.it\/wp-content\/uploads\/2021\/12\/14-1024x1024.jpg 1024w, https:\/\/www.sestogrado.it\/wp-content\/uploads\/2021\/12\/14-768x768.jpg 768w, https:\/\/www.sestogrado.it\/wp-content\/uploads\/2021\/12\/14-45x45.jpg 45w, https:\/\/www.sestogrado.it\/wp-content\/uploads\/2021\/12\/14-220x220.jpg 220w, https:\/\/www.sestogrado.it\/wp-content\/uploads\/2021\/12\/14-635x635.jpg 635w, https:\/\/www.sestogrado.it\/wp-content\/uploads\/2021\/12\/14-80x80.jpg 80w, https:\/\/www.sestogrado.it\/wp-content\/uploads\/2021\/12\/14-60x60.jpg 60w, https:\/\/www.sestogrado.it\/wp-content\/uploads\/2021\/12\/14-90x90.jpg 90w, https:\/\/www.sestogrado.it\/wp-content\/uploads\/2021\/12\/14.jpg 1200w\" sizes=\"(max-width: 150px) 100vw, 150px\" \/> <img decoding=\"async\" class=\"img-fluid alignnone wp-image-89460 size-thumbnail\" src=\"https:\/\/www.sestogrado.it\/wp-content\/uploads\/2021\/12\/22-150x150.jpg\" alt=\"CAMP ALP CR imbrago\" width=\"150\" height=\"150\" srcset=\"https:\/\/www.sestogrado.it\/wp-content\/uploads\/2021\/12\/22-150x150.jpg 150w, https:\/\/www.sestogrado.it\/wp-content\/uploads\/2021\/12\/22-300x300.jpg 300w, https:\/\/www.sestogrado.it\/wp-content\/uploads\/2021\/12\/22-100x100.jpg 100w, https:\/\/www.sestogrado.it\/wp-content\/uploads\/2021\/12\/22-750x750.jpg 750w, https:\/\/www.sestogrado.it\/wp-content\/uploads\/2021\/12\/22-1024x1024.jpg 1024w, https:\/\/www.sestogrado.it\/wp-content\/uploads\/2021\/12\/22-768x768.jpg 768w, https:\/\/www.sestogrado.it\/wp-content\/uploads\/2021\/12\/22-45x45.jpg 45w, https:\/\/www.sestogrado.it\/wp-content\/uploads\/2021\/12\/22-220x220.jpg 220w, https:\/\/www.sestogrado.it\/wp-content\/uploads\/2021\/12\/22-635x635.jpg 635w, https:\/\/www.sestogrado.it\/wp-content\/uploads\/2021\/12\/22-80x80.jpg 80w, https:\/\/www.sestogrado.it\/wp-content\/uploads\/2021\/12\/22-60x60.jpg 60w, https:\/\/www.sestogrado.it\/wp-content\/uploads\/2021\/12\/22-90x90.jpg 90w, https:\/\/www.sestogrado.it\/wp-content\/uploads\/2021\/12\/22.jpg 1200w\" sizes=\"(max-width: 150px) 100vw, 150px\" \/><\/p>\n<p><strong>Come scegliere la propria taglia:<\/strong><\/p>\n<ul>\n<li>Cinturone regolabile: S 78-88cm, M 85-95cm, L 92-102cm<\/li>\n<li>Cosciali regolabili: S 55-65cm, M 60-70cm, L 65-75cm<\/li>\n<\/ul>\n<p>&nbsp;<\/p>\n<p><strong>Altre caratteristiche tecniche:<\/strong><\/p>\n<ul>\n<li>Peso taglia M: soli 94g<\/li>\n<li>Leggerissimo e compattabile<\/li>\n<li>Completamente apribile per essere indossata anche con gli sci o i ramponi ai piedi<\/li>\n<li>Innovativa costruzione in nylon monofilamento e polietilene UHMW\u00a0ad <strong>alta resistenza<\/strong> (Ultra High Molecular Weight Polyethylene)<\/li>\n<li><strong>Cintura regolabile<\/strong> con cordino elastico<\/li>\n<li>Sistema di collegamento dei <strong>cosciali regolabile<\/strong> con cordino elastico<\/li>\n<li>Punti di fissaggio dei cordini di regolazione in Hypalon\u00ae per un\u2019eccezionale resistenza all\u2019usura<\/li>\n<li>Punti d\u2019attacco in polietilene ad alta resistenza<\/li>\n<li>Cosciali regolabili con fibbie in lega di alluminio 7075 T6 che garantiscono versatilit\u00e0 e massima affidabilit\u00e0<\/li>\n<li>Asole di collegamento scorrevoli sui cosciali, utilizzabili per fissare le viti da ghiaccio onde evitare che muovendosi danneggino i pantaloni<\/li>\n<li>2 slot in Hypalon\u00ae con <strong>cordini porta materiale amovibili<\/strong> e adatti per accogliere i moschettoni porta materiale Hub<\/li>\n<li><strong>Molto traspirante<\/strong><\/li>\n<\/ul>\n<p>&nbsp;<\/p>\n<p>Passione, lavoro e semplicit\u00e0 sono alcune delle parole chiave che da sempre hanno contraddistinto il modo di essere di C.A.M.P. La passione \u00e8 quella per la montagna e per i prodotti che aiutano a realizzare i sogni ed i progetti di tutti coloro che la frequentano; il lavoro \u00e8 quello tramandato da oltre 115 anni in quattro distinte generazioni succedutesi alla guida dell\u2019azienda e la semplicit\u00e0 \u00e8 quella che contraddistingue un modo di essere e relazionarsi basato sulla seriet\u00e0 e lealt\u00e0.<\/p>","protected":false},"excerpt":{"rendered":"<p>Leggerezza, compattabilit\u00e0 e polivalenza: CAMP ALP CR imbrago per scialpinismo\u00a0allarga l\u2019orizzonte della Alp Race e si propone come il nuovo [&hellip;]<\/p>\n","protected":false},"featured_media":89452,"comment_status":"open","ping_status":"closed","template":"","meta":{"_acf_changed":false},"product_brand":[31],"product_cat":[1336],"product_tag":[],"class_list":{"0":"post-89443","1":"product","2":"type-product","3":"status-publish","4":"has-post-thumbnail","6":"product_brand-camp","7":"product_cat-scialpinismo","9":"first","10":"instock","11":"sale","12":"taxable","13":"shipping-taxable","14":"purchasable","15":"product-type-variable"},"acf":[],"yoast_head":"<!-- This site is optimized with the Yoast SEO plugin v26.4 - https:\/\/yoast.com\/wordpress\/plugins\/seo\/ -->\n<title>CAMP ALP CR imbrago scialpinismo ultra leggero - Sestogrado<\/title>\n<meta name=\"description\" content=\"Leggerezza, compattabilit\u00e0 e polivalenza: CAMP ALP CR imbrago per scialpinismo\u00a0allarga l\u2019orizzonte della Alp Race e si propone come il nuovo riferimento sia per tutti gli appassionati di scialpinismo sia per chi pratica l\u2019alpinismo in quota, dai Quattromila delle Alpi all\u2019Himalaya. Caratterizzata dalla medesima innovativa costruzione in nylon monofilamento e polietilene ad alta resistenza del modello da competizione, con cui condivide anche i cordini elastici di regolazione, la Alp CR si distingue innanzitutto per i cosciali regolabili e completamente apribili che consentono di indossarla anche con gli sci o i ramponi ai piedi. Un dettaglio importante sono le fibbie di regolazione in lega di alluminio 7075 T6, che garantiscono maggior versatilit\u00e0 e affidabilit\u00e0 rispetto alle fibbie rapide in plastica. La Alp CR \u00e8 inoltre dotata di 2 slot in Hypalon\u00ae con cordini porta materiale amovibili: i cordini possono essere utilizzati direttamente oppure rimossi per inserire negli slot i moschettoni porta materiale Hub. La costruzione essenziale dell\u2019imbragatura non ne compromette il comfort, assicurando la massima libert\u00e0 di movimento e la distribuzione del peso di chi la indossa sull\u2019intera superficie della cintura e dei cosciali.\" \/>\n<meta name=\"robots\" content=\"index, follow, max-snippet:-1, max-image-preview:large, max-video-preview:-1\" \/>\n<link rel=\"canonical\" href=\"https:\/\/www.sestogrado.it\/it\/prodotto\/camp-alp-cr-imbrago-scialpinismo-ultra-leggero\/\" \/>\n<meta property=\"og:locale\" content=\"it_IT\" \/>\n<meta property=\"og:type\" content=\"article\" \/>\n<meta property=\"og:title\" content=\"CAMP ALP CR imbrago scialpinismo ultra leggero - Sestogrado\" \/>\n<meta property=\"og:description\" content=\"Leggerezza, compattabilit\u00e0 e polivalenza: CAMP ALP CR imbrago per scialpinismo\u00a0allarga l\u2019orizzonte della Alp Race e si propone come il nuovo riferimento sia per tutti gli appassionati di scialpinismo sia per chi pratica l\u2019alpinismo in quota, dai Quattromila delle Alpi all\u2019Himalaya. Caratterizzata dalla medesima innovativa costruzione in nylon monofilamento e polietilene ad alta resistenza del modello da competizione, con cui condivide anche i cordini elastici di regolazione, la Alp CR si distingue innanzitutto per i cosciali regolabili e completamente apribili che consentono di indossarla anche con gli sci o i ramponi ai piedi. Un dettaglio importante sono le fibbie di regolazione in lega di alluminio 7075 T6, che garantiscono maggior versatilit\u00e0 e affidabilit\u00e0 rispetto alle fibbie rapide in plastica. La Alp CR \u00e8 inoltre dotata di 2 slot in Hypalon\u00ae con cordini porta materiale amovibili: i cordini possono essere utilizzati direttamente oppure rimossi per inserire negli slot i moschettoni porta materiale Hub. La costruzione essenziale dell\u2019imbragatura non ne compromette il comfort, assicurando la massima libert\u00e0 di movimento e la distribuzione del peso di chi la indossa sull\u2019intera superficie della cintura e dei cosciali.\" \/>\n<meta property=\"og:url\" content=\"https:\/\/www.sestogrado.it\/it\/prodotto\/camp-alp-cr-imbrago-scialpinismo-ultra-leggero\/\" \/>\n<meta property=\"og:site_name\" content=\"Sestogrado\" \/>\n<meta property=\"article:publisher\" content=\"https:\/\/www.facebook.com\/pages\/Sestogrado\/1542635979353017?ref=bookmarks\" \/>\n<meta property=\"article:modified_time\" content=\"2026-04-07T10:00:25+00:00\" \/>\n<meta property=\"og:image\" content=\"https:\/\/www.sestogrado.it\/wp-content\/uploads\/2021\/12\/3169-M.jpg\" \/>\n\t<meta property=\"og:image:width\" content=\"1200\" \/>\n\t<meta property=\"og:image:height\" content=\"1200\" \/>\n\t<meta property=\"og:image:type\" content=\"image\/jpeg\" \/>\n<meta name=\"twitter:label1\" content=\"Disponibilit\u00e0\" \/>\n\t<meta name=\"twitter:data1\" content=\"In stock\" \/>\n<script type=\"application\/ld+json\" class=\"yoast-schema-graph\">{\"@context\":\"https:\/\/schema.org\",\"@graph\":[{\"@type\":\"WebPage\",\"@id\":\"https:\/\/www.sestogrado.it\/it\/prodotto\/camp-alp-cr-imbrago-scialpinismo-ultra-leggero\/\",\"url\":\"https:\/\/www.sestogrado.it\/it\/prodotto\/camp-alp-cr-imbrago-scialpinismo-ultra-leggero\/\",\"name\":\"CAMP ALP CR imbrago scialpinismo ultra leggero - Sestogrado\",\"isPartOf\":{\"@id\":\"https:\/\/www.sestogrado.it\/it\/#website\"},\"primaryImageOfPage\":{\"@id\":\"https:\/\/www.sestogrado.it\/it\/prodotto\/camp-alp-cr-imbrago-scialpinismo-ultra-leggero\/#primaryimage\"},\"image\":{\"@id\":\"https:\/\/www.sestogrado.it\/prodotto\/camp-alp-cr-imbrago-scialpinismo-ultra-leggero\/#primaryimage\"},\"thumbnailUrl\":\"https:\/\/www.sestogrado.it\/wp-content\/uploads\/2021\/12\/3169-M.jpg\",\"datePublished\":\"2021-12-21T15:30:11+00:00\",\"dateModified\":\"2026-04-07T10:00:25+00:00\",\"description\":\"Leggerezza, compattabilit\u00e0 e polivalenza: CAMP ALP CR imbrago per scialpinismo\u00a0allarga l\u2019orizzonte della Alp Race e si propone come il nuovo riferimento sia per tutti gli appassionati di scialpinismo sia per chi pratica l\u2019alpinismo in quota, dai Quattromila delle Alpi all\u2019Himalaya. Caratterizzata dalla medesima innovativa costruzione in nylon monofilamento e polietilene ad alta resistenza del modello da competizione, con cui condivide anche i cordini elastici di regolazione, la Alp CR si distingue innanzitutto per i cosciali regolabili e completamente apribili che consentono di indossarla anche con gli sci o i ramponi ai piedi. Un dettaglio importante sono le fibbie di regolazione in lega di alluminio 7075 T6, che garantiscono maggior versatilit\u00e0 e affidabilit\u00e0 rispetto alle fibbie rapide in plastica. La Alp CR \u00e8 inoltre dotata di 2 slot in Hypalon\u00ae con cordini porta materiale amovibili: i cordini possono essere utilizzati direttamente oppure rimossi per inserire negli slot i moschettoni porta materiale Hub. La costruzione essenziale dell\u2019imbragatura non ne compromette il comfort, assicurando la massima libert\u00e0 di movimento e la distribuzione del peso di chi la indossa sull\u2019intera superficie della cintura e dei cosciali.\",\"breadcrumb\":{\"@id\":\"https:\/\/www.sestogrado.it\/it\/prodotto\/camp-alp-cr-imbrago-scialpinismo-ultra-leggero\/#breadcrumb\"},\"inLanguage\":\"it-IT\",\"potentialAction\":[{\"@type\":\"ReadAction\",\"target\":[[\"https:\/\/www.sestogrado.it\/it\/prodotto\/camp-alp-cr-imbrago-scialpinismo-ultra-leggero\/\"]]}]},{\"@type\":\"ImageObject\",\"inLanguage\":\"it-IT\",\"@id\":\"https:\/\/www.sestogrado.it\/it\/prodotto\/camp-alp-cr-imbrago-scialpinismo-ultra-leggero\/#primaryimage\",\"url\":\"https:\/\/www.sestogrado.it\/wp-content\/uploads\/2021\/12\/3169-M.jpg\",\"contentUrl\":\"https:\/\/www.sestogrado.it\/wp-content\/uploads\/2021\/12\/3169-M.jpg\",\"width\":1200,\"height\":1200,\"caption\":\"CAMP ALP CR imbrago\"},{\"@type\":\"BreadcrumbList\",\"@id\":\"https:\/\/www.sestogrado.it\/it\/prodotto\/camp-alp-cr-imbrago-scialpinismo-ultra-leggero\/#breadcrumb\",\"itemListElement\":[{\"@type\":\"ListItem\",\"position\":1,\"name\":\"Home\",\"item\":\"https:\/\/www.sestogrado.it\/it\/\"},{\"@type\":\"ListItem\",\"position\":2,\"name\":\"Shop\",\"item\":\"https:\/\/www.sestogrado.it\/it\/shop\/\"},{\"@type\":\"ListItem\",\"position\":3,\"name\":\"CAMP ALP CR imbrago scialpinismo ultra leggero\"}]},{\"@type\":\"WebSite\",\"@id\":\"https:\/\/www.sestogrado.it\/it\/#website\",\"url\":\"https:\/\/www.sestogrado.it\/it\/\",\"name\":\"Sestogrado\",\"description\":\"yes we climb\",\"publisher\":{\"@id\":\"https:\/\/www.sestogrado.it\/it\/#organization\"},\"potentialAction\":[{\"@type\":\"SearchAction\",\"target\":{\"@type\":\"EntryPoint\",\"urlTemplate\":\"https:\/\/www.sestogrado.it\/it\/?s={search_term_string}\"},\"query-input\":{\"@type\":\"PropertyValueSpecification\",\"valueRequired\":true,\"valueName\":\"search_term_string\"}}],\"inLanguage\":\"it-IT\"},{\"@type\":\"Organization\",\"@id\":\"https:\/\/www.sestogrado.it\/it\/#organization\",\"name\":\"Sestogrado\",\"url\":\"https:\/\/www.sestogrado.it\/it\/\",\"logo\":{\"@type\":\"ImageObject\",\"inLanguage\":\"it-IT\",\"@id\":\"https:\/\/www.sestogrado.it\/it\/#\/schema\/logo\/image\/\",\"url\":\"https:\/\/www.sestogrado.it\/wp-content\/uploads\/2015\/03\/sestogrado-favicon.png\",\"contentUrl\":\"https:\/\/www.sestogrado.it\/wp-content\/uploads\/2015\/03\/sestogrado-favicon.png\",\"width\":260,\"height\":260,\"caption\":\"Sestogrado\"},\"image\":{\"@id\":\"https:\/\/www.sestogrado.it\/it\/#\/schema\/logo\/image\/\"},\"sameAs\":[\"https:\/\/www.facebook.com\/pages\/Sestogrado\/1542635979353017?ref=bookmarks\",\"https:\/\/www.youtube.com\/channel\/UC847kAfTkaJsWpc1jtQwr3Q\"],\"hasMerchantReturnPolicy\":{\"@type\":\"MerchantReturnPolicy\",\"merchantReturnLink\":\"https:\/\/www.sestogrado.it\/it\/termini-e-condizioni\/\"}}]}<\/script>\n<meta property=\"product:brand\" content=\"Camp\" \/>\n<meta property=\"og:availability\" content=\"instock\" \/>\n<meta property=\"product:availability\" content=\"instock\" \/>\n<meta property=\"product:condition\" content=\"new\" \/>\n<!-- \/ Yoast SEO plugin. -->","yoast_head_json":{"title":"CAMP ALP CR imbrago scialpinismo ultra leggero - Sestogrado","description":"Leggerezza, compattabilit\u00e0 e polivalenza: CAMP ALP CR imbrago per scialpinismo\u00a0allarga l\u2019orizzonte della Alp Race e si propone come il nuovo riferimento sia per tutti gli appassionati di scialpinismo sia per chi pratica l\u2019alpinismo in quota, dai Quattromila delle Alpi all\u2019Himalaya. Caratterizzata dalla medesima innovativa costruzione in nylon monofilamento e polietilene ad alta resistenza del modello da competizione, con cui condivide anche i cordini elastici di regolazione, la Alp CR si distingue innanzitutto per i cosciali regolabili e completamente apribili che consentono di indossarla anche con gli sci o i ramponi ai piedi. Un dettaglio importante sono le fibbie di regolazione in lega di alluminio 7075 T6, che garantiscono maggior versatilit\u00e0 e affidabilit\u00e0 rispetto alle fibbie rapide in plastica. La Alp CR \u00e8 inoltre dotata di 2 slot in Hypalon\u00ae con cordini porta materiale amovibili: i cordini possono essere utilizzati direttamente oppure rimossi per inserire negli slot i moschettoni porta materiale Hub. La costruzione essenziale dell\u2019imbragatura non ne compromette il comfort, assicurando la massima libert\u00e0 di movimento e la distribuzione del peso di chi la indossa sull\u2019intera superficie della cintura e dei cosciali.","robots":{"index":"index","follow":"follow","max-snippet":"max-snippet:-1","max-image-preview":"max-image-preview:large","max-video-preview":"max-video-preview:-1"},"canonical":"https:\/\/www.sestogrado.it\/it\/prodotto\/camp-alp-cr-imbrago-scialpinismo-ultra-leggero\/","og_locale":"it_IT","og_type":"article","og_title":"CAMP ALP CR imbrago scialpinismo ultra leggero - Sestogrado","og_description":"Leggerezza, compattabilit\u00e0 e polivalenza: CAMP ALP CR imbrago per scialpinismo\u00a0allarga l\u2019orizzonte della Alp Race e si propone come il nuovo riferimento sia per tutti gli appassionati di scialpinismo sia per chi pratica l\u2019alpinismo in quota, dai Quattromila delle Alpi all\u2019Himalaya. Caratterizzata dalla medesima innovativa costruzione in nylon monofilamento e polietilene ad alta resistenza del modello da competizione, con cui condivide anche i cordini elastici di regolazione, la Alp CR si distingue innanzitutto per i cosciali regolabili e completamente apribili che consentono di indossarla anche con gli sci o i ramponi ai piedi. Un dettaglio importante sono le fibbie di regolazione in lega di alluminio 7075 T6, che garantiscono maggior versatilit\u00e0 e affidabilit\u00e0 rispetto alle fibbie rapide in plastica. La Alp CR \u00e8 inoltre dotata di 2 slot in Hypalon\u00ae con cordini porta materiale amovibili: i cordini possono essere utilizzati direttamente oppure rimossi per inserire negli slot i moschettoni porta materiale Hub. La costruzione essenziale dell\u2019imbragatura non ne compromette il comfort, assicurando la massima libert\u00e0 di movimento e la distribuzione del peso di chi la indossa sull\u2019intera superficie della cintura e dei cosciali.","og_url":"https:\/\/www.sestogrado.it\/it\/prodotto\/camp-alp-cr-imbrago-scialpinismo-ultra-leggero\/","og_site_name":"Sestogrado","article_publisher":"https:\/\/www.facebook.com\/pages\/Sestogrado\/1542635979353017?ref=bookmarks","article_modified_time":"2026-04-07T10:00:25+00:00","og_image":[{"width":1200,"height":1200,"url":"https:\/\/www.sestogrado.it\/wp-content\/uploads\/2021\/12\/3169-M.jpg","type":"image\/jpeg"}],"twitter_misc":{"Disponibilit\u00e0":"In stock"},"schema":{"@context":"https:\/\/schema.org","@graph":[{"@type":"WebPage","@id":"https:\/\/www.sestogrado.it\/it\/prodotto\/camp-alp-cr-imbrago-scialpinismo-ultra-leggero\/","url":"https:\/\/www.sestogrado.it\/it\/prodotto\/camp-alp-cr-imbrago-scialpinismo-ultra-leggero\/","name":"CAMP ALP CR imbrago scialpinismo ultra leggero - Sestogrado","isPartOf":{"@id":"https:\/\/www.sestogrado.it\/it\/#website"},"primaryImageOfPage":{"@id":"https:\/\/www.sestogrado.it\/it\/prodotto\/camp-alp-cr-imbrago-scialpinismo-ultra-leggero\/#primaryimage"},"image":{"@id":"https:\/\/www.sestogrado.it\/prodotto\/camp-alp-cr-imbrago-scialpinismo-ultra-leggero\/#primaryimage"},"thumbnailUrl":"https:\/\/www.sestogrado.it\/wp-content\/uploads\/2021\/12\/3169-M.jpg","datePublished":"2021-12-21T15:30:11+00:00","dateModified":"2026-04-07T10:00:25+00:00","description":"Leggerezza, compattabilit\u00e0 e polivalenza: CAMP ALP CR imbrago per scialpinismo\u00a0allarga l\u2019orizzonte della Alp Race e si propone come il nuovo riferimento sia per tutti gli appassionati di scialpinismo sia per chi pratica l\u2019alpinismo in quota, dai Quattromila delle Alpi all\u2019Himalaya. Caratterizzata dalla medesima innovativa costruzione in nylon monofilamento e polietilene ad alta resistenza del modello da competizione, con cui condivide anche i cordini elastici di regolazione, la Alp CR si distingue innanzitutto per i cosciali regolabili e completamente apribili che consentono di indossarla anche con gli sci o i ramponi ai piedi. Un dettaglio importante sono le fibbie di regolazione in lega di alluminio 7075 T6, che garantiscono maggior versatilit\u00e0 e affidabilit\u00e0 rispetto alle fibbie rapide in plastica. La Alp CR \u00e8 inoltre dotata di 2 slot in Hypalon\u00ae con cordini porta materiale amovibili: i cordini possono essere utilizzati direttamente oppure rimossi per inserire negli slot i moschettoni porta materiale Hub. La costruzione essenziale dell\u2019imbragatura non ne compromette il comfort, assicurando la massima libert\u00e0 di movimento e la distribuzione del peso di chi la indossa sull\u2019intera superficie della cintura e dei cosciali.","breadcrumb":{"@id":"https:\/\/www.sestogrado.it\/it\/prodotto\/camp-alp-cr-imbrago-scialpinismo-ultra-leggero\/#breadcrumb"},"inLanguage":"it-IT","potentialAction":[{"@type":"ReadAction","target":[["https:\/\/www.sestogrado.it\/it\/prodotto\/camp-alp-cr-imbrago-scialpinismo-ultra-leggero\/"]]}]},{"@type":"ImageObject","inLanguage":"it-IT","@id":"https:\/\/www.sestogrado.it\/it\/prodotto\/camp-alp-cr-imbrago-scialpinismo-ultra-leggero\/#primaryimage","url":"https:\/\/www.sestogrado.it\/wp-content\/uploads\/2021\/12\/3169-M.jpg","contentUrl":"https:\/\/www.sestogrado.it\/wp-content\/uploads\/2021\/12\/3169-M.jpg","width":1200,"height":1200,"caption":"CAMP ALP CR imbrago"},{"@type":"BreadcrumbList","@id":"https:\/\/www.sestogrado.it\/it\/prodotto\/camp-alp-cr-imbrago-scialpinismo-ultra-leggero\/#breadcrumb","itemListElement":[{"@type":"ListItem","position":1,"name":"Home","item":"https:\/\/www.sestogrado.it\/it\/"},{"@type":"ListItem","position":2,"name":"Shop","item":"https:\/\/www.sestogrado.it\/it\/shop\/"},{"@type":"ListItem","position":3,"name":"CAMP ALP CR imbrago scialpinismo ultra leggero"}]},{"@type":"WebSite","@id":"https:\/\/www.sestogrado.it\/it\/#website","url":"https:\/\/www.sestogrado.it\/it\/","name":"Sestogrado","description":"yes we climb","publisher":{"@id":"https:\/\/www.sestogrado.it\/it\/#organization"},"potentialAction":[{"@type":"SearchAction","target":{"@type":"EntryPoint","urlTemplate":"https:\/\/www.sestogrado.it\/it\/?s={search_term_string}"},"query-input":{"@type":"PropertyValueSpecification","valueRequired":true,"valueName":"search_term_string"}}],"inLanguage":"it-IT"},{"@type":"Organization","@id":"https:\/\/www.sestogrado.it\/it\/#organization","name":"Sestogrado","url":"https:\/\/www.sestogrado.it\/it\/","logo":{"@type":"ImageObject","inLanguage":"it-IT","@id":"https:\/\/www.sestogrado.it\/it\/#\/schema\/logo\/image\/","url":"https:\/\/www.sestogrado.it\/wp-content\/uploads\/2015\/03\/sestogrado-favicon.png","contentUrl":"https:\/\/www.sestogrado.it\/wp-content\/uploads\/2015\/03\/sestogrado-favicon.png","width":260,"height":260,"caption":"Sestogrado"},"image":{"@id":"https:\/\/www.sestogrado.it\/it\/#\/schema\/logo\/image\/"},"sameAs":["https:\/\/www.facebook.com\/pages\/Sestogrado\/1542635979353017?ref=bookmarks","https:\/\/www.youtube.com\/channel\/UC847kAfTkaJsWpc1jtQwr3Q"],"hasMerchantReturnPolicy":{"@type":"MerchantReturnPolicy","merchantReturnLink":"https:\/\/www.sestogrado.it\/it\/termini-e-condizioni\/"}}]},"product_brand":"Camp","og_availability":"instock","product_availability":"instock","product_condition":"new"},"_links":{"self":[{"href":"https:\/\/www.sestogrado.it\/it\/wp-json\/wp\/v2\/product\/89443","targetHints":{"allow":["GET"]}}],"collection":[{"href":"https:\/\/www.sestogrado.it\/it\/wp-json\/wp\/v2\/product"}],"about":[{"href":"https:\/\/www.sestogrado.it\/it\/wp-json\/wp\/v2\/types\/product"}],"replies":[{"embeddable":true,"href":"https:\/\/www.sestogrado.it\/it\/wp-json\/wp\/v2\/comments?post=89443"}],"wp:featuredmedia":[{"embeddable":true,"href":"https:\/\/www.sestogrado.it\/it\/wp-json\/wp\/v2\/media\/89452"}],"wp:attachment":[{"href":"https:\/\/www.sestogrado.it\/it\/wp-json\/wp\/v2\/media?parent=89443"}],"wp:term":[{"taxonomy":"product_brand","embeddable":true,"href":"https:\/\/www.sestogrado.it\/it\/wp-json\/wp\/v2\/product_brand?post=89443"},{"taxonomy":"product_cat","embeddable":true,"href":"https:\/\/www.sestogrado.it\/it\/wp-json\/wp\/v2\/product_cat?post=89443"},{"taxonomy":"product_tag","embeddable":true,"href":"https:\/\/www.sestogrado.it\/it\/wp-json\/wp\/v2\/product_tag?post=89443"}],"curies":[{"name":"wp","href":"https:\/\/api.w.org\/{rel}","templated":true}]}}