{"id":88730,"date":"2021-12-16T10:32:11","date_gmt":"2021-12-16T09:32:11","guid":{"rendered":"https:\/\/www.sestogrado.it\/?post_type=product&#038;p=88730"},"modified":"2026-02-17T00:01:48","modified_gmt":"2026-02-16T23:01:48","slug":"camp-ice-master-light-ramponcini-antiscivolo-ultra-leggeri","status":"publish","type":"product","link":"https:\/\/www.sestogrado.it\/it\/prodotto\/camp-ice-master-light-ramponcini-antiscivolo-ultra-leggeri\/","title":{"rendered":"Camp Ice Master Light ramponcini antiscivolo ultra leggeri"},"content":{"rendered":"<p>L\u2019Ice Master Light \u00e8 la migliore combinazione di leggerezza e prestazioni: meno peso e pi\u00f9 compattezza senza intaccare l\u2019affidabilit\u00e0. Le sue 13 punte in acciaio inossidabile \u2013 robuste, durevoli e distribuite uniformemente sull\u2019intera superficie della suola \u2013 garantiscono una presa sicura e una trazione precisa, prevenendo pericolose scivolate in presenza di neve, ghiaccio o comunque su fondi a bassa aderenza (fango, erba bagnata, rocce lichenose ecc.). L&#8217;innovativo sistema di fissaggio, realizzato in materiale elastico superleggero, \u00e8 particolarmente avvolgente e permette di indossare e togliere il ramponcino molto rapidamente. La custodia in dotazione, leggera e compatta, completa la proposta, rendendo l&#8217;Ice Master Light un prodotto da avere sempre nello zaino, pronto a garantire la sicurezza indispensabile durante lunghe escursioni, alte vie e trekking. Nota: su terreni tecnici, l\u2019Ice Master Light non sostituisce i classici ramponi da alpinismo.<\/p>\n<p>\u2022\u00a0\u00a0 \u00a0Ramponcino leggero che aiuta a incrementare la stabilit\u00e0 su neve, ghiaccio e terreni a bassa aderenza<br \/>\n\u2022\u00a0\u00a0 \u00a013 punte da 13 mm in acciaio inossidabile distribuite uniformemente sulla superficie della suola<br \/>\n\u2022\u00a0\u00a0 \u00a0Innovativo sistema di fissaggio particolarmente avvolgente in materiale elastico superleggero, con robusti occhielli di rinforzo per un tensionamento ottimale<br \/>\n\u2022\u00a0\u00a0 \u00a0Pratico tirante posteriore che permette di indossare e togliere rapidamente il ramponcino<br \/>\n\u2022\u00a0\u00a0 \u00a0Robuste catene di collegamento in acciaio inossidabile<br \/>\n\u2022\u00a0\u00a0 \u00a0Disponibile in 4 misure per calzature dal numero 36 al numero 47<br \/>\n\u2022\u00a0\u00a0 \u00a0Custodia rigida in dotazione, funzionale e compatta, con fori di ventilazione per favorire l&#8217;asciugatura del prodotto<\/p>\n<ul>\n<li>Misura S: per scarponi taglia 36-38 , 270g<\/li>\n<li>Misura M: per scarponi taglia 39-41 , 278g<\/li>\n<li>Misura L: per scarponi taglia 42-44 , 292g<\/li>\n<li>Misura XL: per scarponi taglia 45-47 , 302g<\/li>\n<\/ul>\n<p>&nbsp;<\/p>\n<p><iframe src=\"\/\/www.youtube.com\/embed\/vhtBdDOuRCg\" width=\"560\" height=\"314\" allowfullscreen=\"allowfullscreen\"><\/iframe><\/p>\n<p>Innovazione e cura dei dettagli fanno sempre la differenza: non soltanto quando si tratta di attrezzi da alpinismo ad alto livello, come piccozze e ramponi, ma anche nell\u2019ambito dei prodotti da escursionismo; senza dimenticare che il know-how acquisito nello sviluppo degli articoli pi\u00f9 tecnici va sempre a beneficio di quelli pi\u00f9 semplici. \u00c8 su queste basi che nasce la <strong>nuova linea di ramponcini antiscivolo CAMP<\/strong>, risultato di decenni di esperienza nella realizzazione di attrezzi da ghiaccio diventati leggendari.<\/p>\n<p>Scegliere i ramponcini CAMP significa entrare in una storia all\u2019insegna dell\u2019eccellenza, trovandosi di fronte una gamma completa in grado di soddisfare tutte le esigenze. Non un unico modello per ogni situazione, ma diversi prodotti specifici per l\u2019escursionista, il winter runner e in generale per chi vuole passare il proprio tempo libero all\u2019aria aperta, sulla neve e non solo: utilizzatori diversi che richiedono caratteristiche diverse, declinate al meglio da ciascuno degli articoli presentati. I ramponcini CAMP, caratterizzati da soluzioni tecniche innovative a vantaggio delle prestazioni, della durata e della funzionalit\u00e0, si montano facilmente e rapidamente su diversi tipi di calzature, incrementando l\u2019aderenza e la stabilit\u00e0 sui terreni scivolosi e scongiurando il rischio di pericolose scivolate. Pratici da tenere nello zaino per entrare in azione ogni volta che ce n\u2019\u00e8 bisogno, sono pronti a diventare compagni fidati e inseparabili di tutti i frequentatori della montagna invernale.<\/p>","protected":false},"excerpt":{"rendered":"<p>L\u2019Ice Master Light \u00e8 la migliore combinazione di leggerezza e prestazioni: meno peso e pi\u00f9 compattezza senza intaccare l\u2019affidabilit\u00e0. Le [&hellip;]<\/p>\n","protected":false},"featured_media":88740,"comment_status":"open","ping_status":"closed","template":"","meta":{"_acf_changed":false},"product_brand":[31],"product_cat":[153],"product_tag":[],"class_list":{"0":"post-88730","1":"product","2":"type-product","3":"status-publish","4":"has-post-thumbnail","6":"product_brand-camp","7":"product_cat-ramponi","9":"first","10":"instock","11":"sale","12":"taxable","13":"shipping-taxable","14":"purchasable","15":"product-type-variable"},"acf":[],"yoast_head":"<!-- This site is optimized with the Yoast SEO plugin v26.4 - https:\/\/yoast.com\/wordpress\/plugins\/seo\/ -->\n<title>Camp Ice Master Light ramponcini antiscivolo ultra leggeri - Sestogrado<\/title>\n<meta name=\"description\" content=\"L\u2019Ice Master Light \u00e8 la migliore combinazione di leggerezza e prestazioni: meno peso e pi\u00f9 compattezza senza intaccare l\u2019affidabilit\u00e0. Le sue 13 punte in acciaio inossidabile \u2013 robuste, durevoli e distribuite uniformemente sull\u2019intera superficie della suola \u2013 garantiscono una presa sicura e una trazione precisa, prevenendo pericolose scivolate in presenza di neve, ghiaccio o comunque su fondi a bassa aderenza (fango, erba bagnata, rocce lichenose ecc.). L&#039;innovativo sistema di fissaggio, realizzato in materiale elastico superleggero, \u00e8 particolarmente avvolgente e permette di indossare e togliere il ramponcino molto rapidamente. La custodia in dotazione, leggera e compatta, completa la proposta, rendendo l&#039;Ice Master Light un prodotto da avere sempre nello zaino, pronto a garantire la sicurezza indispensabile durante lunghe escursioni, alte vie e trekking. Nota: su terreni tecnici, l\u2019Ice Master Light non sostituisce i classici ramponi da alpinismo.\" \/>\n<meta name=\"robots\" content=\"index, follow, max-snippet:-1, max-image-preview:large, max-video-preview:-1\" \/>\n<link rel=\"canonical\" href=\"https:\/\/www.sestogrado.it\/it\/prodotto\/camp-ice-master-light-ramponcini-antiscivolo-ultra-leggeri\/\" \/>\n<meta property=\"og:locale\" content=\"it_IT\" \/>\n<meta property=\"og:type\" content=\"article\" \/>\n<meta property=\"og:title\" content=\"Camp Ice Master Light ramponcini antiscivolo ultra leggeri - Sestogrado\" \/>\n<meta property=\"og:description\" content=\"L\u2019Ice Master Light \u00e8 la migliore combinazione di leggerezza e prestazioni: meno peso e pi\u00f9 compattezza senza intaccare l\u2019affidabilit\u00e0. Le sue 13 punte in acciaio inossidabile \u2013 robuste, durevoli e distribuite uniformemente sull\u2019intera superficie della suola \u2013 garantiscono una presa sicura e una trazione precisa, prevenendo pericolose scivolate in presenza di neve, ghiaccio o comunque su fondi a bassa aderenza (fango, erba bagnata, rocce lichenose ecc.). L&#039;innovativo sistema di fissaggio, realizzato in materiale elastico superleggero, \u00e8 particolarmente avvolgente e permette di indossare e togliere il ramponcino molto rapidamente. La custodia in dotazione, leggera e compatta, completa la proposta, rendendo l&#039;Ice Master Light un prodotto da avere sempre nello zaino, pronto a garantire la sicurezza indispensabile durante lunghe escursioni, alte vie e trekking. Nota: su terreni tecnici, l\u2019Ice Master Light non sostituisce i classici ramponi da alpinismo.\" \/>\n<meta property=\"og:url\" content=\"https:\/\/www.sestogrado.it\/it\/prodotto\/camp-ice-master-light-ramponcini-antiscivolo-ultra-leggeri\/\" \/>\n<meta property=\"og:site_name\" content=\"Sestogrado\" \/>\n<meta property=\"article:publisher\" content=\"https:\/\/www.facebook.com\/pages\/Sestogrado\/1542635979353017?ref=bookmarks\" \/>\n<meta property=\"article:modified_time\" content=\"2026-02-16T23:01:48+00:00\" \/>\n<meta property=\"og:image\" content=\"https:\/\/www.sestogrado.it\/wp-content\/uploads\/2021\/12\/01-M.jpg\" \/>\n\t<meta property=\"og:image:width\" content=\"1200\" \/>\n\t<meta property=\"og:image:height\" content=\"1200\" \/>\n\t<meta property=\"og:image:type\" content=\"image\/jpeg\" \/>\n<meta name=\"twitter:label1\" content=\"Disponibilit\u00e0\" \/>\n\t<meta name=\"twitter:data1\" content=\"In stock\" \/>\n<script type=\"application\/ld+json\" class=\"yoast-schema-graph\">{\"@context\":\"https:\/\/schema.org\",\"@graph\":[{\"@type\":\"WebPage\",\"@id\":\"https:\/\/www.sestogrado.it\/it\/prodotto\/camp-ice-master-light-ramponcini-antiscivolo-ultra-leggeri\/\",\"url\":\"https:\/\/www.sestogrado.it\/it\/prodotto\/camp-ice-master-light-ramponcini-antiscivolo-ultra-leggeri\/\",\"name\":\"Camp Ice Master Light ramponcini antiscivolo ultra leggeri - Sestogrado\",\"isPartOf\":{\"@id\":\"https:\/\/www.sestogrado.it\/it\/#website\"},\"primaryImageOfPage\":{\"@id\":\"https:\/\/www.sestogrado.it\/it\/prodotto\/camp-ice-master-light-ramponcini-antiscivolo-ultra-leggeri\/#primaryimage\"},\"image\":{\"@id\":\"https:\/\/www.sestogrado.it\/prodotto\/camp-ice-master-light-ramponcini-antiscivolo-ultra-leggeri\/#primaryimage\"},\"thumbnailUrl\":\"https:\/\/www.sestogrado.it\/wp-content\/uploads\/2021\/12\/01-M.jpg\",\"datePublished\":\"2021-12-16T09:32:11+00:00\",\"dateModified\":\"2026-02-16T23:01:48+00:00\",\"description\":\"L\u2019Ice Master Light \u00e8 la migliore combinazione di leggerezza e prestazioni: meno peso e pi\u00f9 compattezza senza intaccare l\u2019affidabilit\u00e0. Le sue 13 punte in acciaio inossidabile \u2013 robuste, durevoli e distribuite uniformemente sull\u2019intera superficie della suola \u2013 garantiscono una presa sicura e una trazione precisa, prevenendo pericolose scivolate in presenza di neve, ghiaccio o comunque su fondi a bassa aderenza (fango, erba bagnata, rocce lichenose ecc.). L'innovativo sistema di fissaggio, realizzato in materiale elastico superleggero, \u00e8 particolarmente avvolgente e permette di indossare e togliere il ramponcino molto rapidamente. La custodia in dotazione, leggera e compatta, completa la proposta, rendendo l'Ice Master Light un prodotto da avere sempre nello zaino, pronto a garantire la sicurezza indispensabile durante lunghe escursioni, alte vie e trekking. Nota: su terreni tecnici, l\u2019Ice Master Light non sostituisce i classici ramponi da alpinismo.\",\"breadcrumb\":{\"@id\":\"https:\/\/www.sestogrado.it\/it\/prodotto\/camp-ice-master-light-ramponcini-antiscivolo-ultra-leggeri\/#breadcrumb\"},\"inLanguage\":\"it-IT\",\"potentialAction\":[{\"@type\":\"ReadAction\",\"target\":[[\"https:\/\/www.sestogrado.it\/it\/prodotto\/camp-ice-master-light-ramponcini-antiscivolo-ultra-leggeri\/\"]]}]},{\"@type\":\"ImageObject\",\"inLanguage\":\"it-IT\",\"@id\":\"https:\/\/www.sestogrado.it\/it\/prodotto\/camp-ice-master-light-ramponcini-antiscivolo-ultra-leggeri\/#primaryimage\",\"url\":\"https:\/\/www.sestogrado.it\/wp-content\/uploads\/2021\/12\/01-M.jpg\",\"contentUrl\":\"https:\/\/www.sestogrado.it\/wp-content\/uploads\/2021\/12\/01-M.jpg\",\"width\":1200,\"height\":1200,\"caption\":\"ice master light M\"},{\"@type\":\"BreadcrumbList\",\"@id\":\"https:\/\/www.sestogrado.it\/it\/prodotto\/camp-ice-master-light-ramponcini-antiscivolo-ultra-leggeri\/#breadcrumb\",\"itemListElement\":[{\"@type\":\"ListItem\",\"position\":1,\"name\":\"Home\",\"item\":\"https:\/\/www.sestogrado.it\/it\/\"},{\"@type\":\"ListItem\",\"position\":2,\"name\":\"Shop\",\"item\":\"https:\/\/www.sestogrado.it\/it\/shop\/\"},{\"@type\":\"ListItem\",\"position\":3,\"name\":\"Camp Ice Master Light ramponcini antiscivolo ultra leggeri\"}]},{\"@type\":\"WebSite\",\"@id\":\"https:\/\/www.sestogrado.it\/it\/#website\",\"url\":\"https:\/\/www.sestogrado.it\/it\/\",\"name\":\"Sestogrado\",\"description\":\"yes we climb\",\"publisher\":{\"@id\":\"https:\/\/www.sestogrado.it\/it\/#organization\"},\"potentialAction\":[{\"@type\":\"SearchAction\",\"target\":{\"@type\":\"EntryPoint\",\"urlTemplate\":\"https:\/\/www.sestogrado.it\/it\/?s={search_term_string}\"},\"query-input\":{\"@type\":\"PropertyValueSpecification\",\"valueRequired\":true,\"valueName\":\"search_term_string\"}}],\"inLanguage\":\"it-IT\"},{\"@type\":\"Organization\",\"@id\":\"https:\/\/www.sestogrado.it\/it\/#organization\",\"name\":\"Sestogrado\",\"url\":\"https:\/\/www.sestogrado.it\/it\/\",\"logo\":{\"@type\":\"ImageObject\",\"inLanguage\":\"it-IT\",\"@id\":\"https:\/\/www.sestogrado.it\/it\/#\/schema\/logo\/image\/\",\"url\":\"https:\/\/www.sestogrado.it\/wp-content\/uploads\/2015\/03\/sestogrado-favicon.png\",\"contentUrl\":\"https:\/\/www.sestogrado.it\/wp-content\/uploads\/2015\/03\/sestogrado-favicon.png\",\"width\":260,\"height\":260,\"caption\":\"Sestogrado\"},\"image\":{\"@id\":\"https:\/\/www.sestogrado.it\/it\/#\/schema\/logo\/image\/\"},\"sameAs\":[\"https:\/\/www.facebook.com\/pages\/Sestogrado\/1542635979353017?ref=bookmarks\",\"https:\/\/www.youtube.com\/channel\/UC847kAfTkaJsWpc1jtQwr3Q\"],\"hasMerchantReturnPolicy\":{\"@type\":\"MerchantReturnPolicy\",\"merchantReturnLink\":\"https:\/\/www.sestogrado.it\/it\/termini-e-condizioni\/\"}}]}<\/script>\n<meta property=\"product:brand\" content=\"Camp\" \/>\n<meta property=\"og:availability\" content=\"instock\" \/>\n<meta property=\"product:availability\" content=\"instock\" \/>\n<meta property=\"product:condition\" content=\"new\" \/>\n<!-- \/ Yoast SEO plugin. -->","yoast_head_json":{"title":"Camp Ice Master Light ramponcini antiscivolo ultra leggeri - Sestogrado","description":"L\u2019Ice Master Light \u00e8 la migliore combinazione di leggerezza e prestazioni: meno peso e pi\u00f9 compattezza senza intaccare l\u2019affidabilit\u00e0. Le sue 13 punte in acciaio inossidabile \u2013 robuste, durevoli e distribuite uniformemente sull\u2019intera superficie della suola \u2013 garantiscono una presa sicura e una trazione precisa, prevenendo pericolose scivolate in presenza di neve, ghiaccio o comunque su fondi a bassa aderenza (fango, erba bagnata, rocce lichenose ecc.). L'innovativo sistema di fissaggio, realizzato in materiale elastico superleggero, \u00e8 particolarmente avvolgente e permette di indossare e togliere il ramponcino molto rapidamente. La custodia in dotazione, leggera e compatta, completa la proposta, rendendo l'Ice Master Light un prodotto da avere sempre nello zaino, pronto a garantire la sicurezza indispensabile durante lunghe escursioni, alte vie e trekking. Nota: su terreni tecnici, l\u2019Ice Master Light non sostituisce i classici ramponi da alpinismo.","robots":{"index":"index","follow":"follow","max-snippet":"max-snippet:-1","max-image-preview":"max-image-preview:large","max-video-preview":"max-video-preview:-1"},"canonical":"https:\/\/www.sestogrado.it\/it\/prodotto\/camp-ice-master-light-ramponcini-antiscivolo-ultra-leggeri\/","og_locale":"it_IT","og_type":"article","og_title":"Camp Ice Master Light ramponcini antiscivolo ultra leggeri - Sestogrado","og_description":"L\u2019Ice Master Light \u00e8 la migliore combinazione di leggerezza e prestazioni: meno peso e pi\u00f9 compattezza senza intaccare l\u2019affidabilit\u00e0. Le sue 13 punte in acciaio inossidabile \u2013 robuste, durevoli e distribuite uniformemente sull\u2019intera superficie della suola \u2013 garantiscono una presa sicura e una trazione precisa, prevenendo pericolose scivolate in presenza di neve, ghiaccio o comunque su fondi a bassa aderenza (fango, erba bagnata, rocce lichenose ecc.). L'innovativo sistema di fissaggio, realizzato in materiale elastico superleggero, \u00e8 particolarmente avvolgente e permette di indossare e togliere il ramponcino molto rapidamente. La custodia in dotazione, leggera e compatta, completa la proposta, rendendo l'Ice Master Light un prodotto da avere sempre nello zaino, pronto a garantire la sicurezza indispensabile durante lunghe escursioni, alte vie e trekking. Nota: su terreni tecnici, l\u2019Ice Master Light non sostituisce i classici ramponi da alpinismo.","og_url":"https:\/\/www.sestogrado.it\/it\/prodotto\/camp-ice-master-light-ramponcini-antiscivolo-ultra-leggeri\/","og_site_name":"Sestogrado","article_publisher":"https:\/\/www.facebook.com\/pages\/Sestogrado\/1542635979353017?ref=bookmarks","article_modified_time":"2026-02-16T23:01:48+00:00","og_image":[{"width":1200,"height":1200,"url":"https:\/\/www.sestogrado.it\/wp-content\/uploads\/2021\/12\/01-M.jpg","type":"image\/jpeg"}],"twitter_misc":{"Disponibilit\u00e0":"In stock"},"schema":{"@context":"https:\/\/schema.org","@graph":[{"@type":"WebPage","@id":"https:\/\/www.sestogrado.it\/it\/prodotto\/camp-ice-master-light-ramponcini-antiscivolo-ultra-leggeri\/","url":"https:\/\/www.sestogrado.it\/it\/prodotto\/camp-ice-master-light-ramponcini-antiscivolo-ultra-leggeri\/","name":"Camp Ice Master Light ramponcini antiscivolo ultra leggeri - Sestogrado","isPartOf":{"@id":"https:\/\/www.sestogrado.it\/it\/#website"},"primaryImageOfPage":{"@id":"https:\/\/www.sestogrado.it\/it\/prodotto\/camp-ice-master-light-ramponcini-antiscivolo-ultra-leggeri\/#primaryimage"},"image":{"@id":"https:\/\/www.sestogrado.it\/prodotto\/camp-ice-master-light-ramponcini-antiscivolo-ultra-leggeri\/#primaryimage"},"thumbnailUrl":"https:\/\/www.sestogrado.it\/wp-content\/uploads\/2021\/12\/01-M.jpg","datePublished":"2021-12-16T09:32:11+00:00","dateModified":"2026-02-16T23:01:48+00:00","description":"L\u2019Ice Master Light \u00e8 la migliore combinazione di leggerezza e prestazioni: meno peso e pi\u00f9 compattezza senza intaccare l\u2019affidabilit\u00e0. Le sue 13 punte in acciaio inossidabile \u2013 robuste, durevoli e distribuite uniformemente sull\u2019intera superficie della suola \u2013 garantiscono una presa sicura e una trazione precisa, prevenendo pericolose scivolate in presenza di neve, ghiaccio o comunque su fondi a bassa aderenza (fango, erba bagnata, rocce lichenose ecc.). L'innovativo sistema di fissaggio, realizzato in materiale elastico superleggero, \u00e8 particolarmente avvolgente e permette di indossare e togliere il ramponcino molto rapidamente. La custodia in dotazione, leggera e compatta, completa la proposta, rendendo l'Ice Master Light un prodotto da avere sempre nello zaino, pronto a garantire la sicurezza indispensabile durante lunghe escursioni, alte vie e trekking. Nota: su terreni tecnici, l\u2019Ice Master Light non sostituisce i classici ramponi da alpinismo.","breadcrumb":{"@id":"https:\/\/www.sestogrado.it\/it\/prodotto\/camp-ice-master-light-ramponcini-antiscivolo-ultra-leggeri\/#breadcrumb"},"inLanguage":"it-IT","potentialAction":[{"@type":"ReadAction","target":[["https:\/\/www.sestogrado.it\/it\/prodotto\/camp-ice-master-light-ramponcini-antiscivolo-ultra-leggeri\/"]]}]},{"@type":"ImageObject","inLanguage":"it-IT","@id":"https:\/\/www.sestogrado.it\/it\/prodotto\/camp-ice-master-light-ramponcini-antiscivolo-ultra-leggeri\/#primaryimage","url":"https:\/\/www.sestogrado.it\/wp-content\/uploads\/2021\/12\/01-M.jpg","contentUrl":"https:\/\/www.sestogrado.it\/wp-content\/uploads\/2021\/12\/01-M.jpg","width":1200,"height":1200,"caption":"ice master light M"},{"@type":"BreadcrumbList","@id":"https:\/\/www.sestogrado.it\/it\/prodotto\/camp-ice-master-light-ramponcini-antiscivolo-ultra-leggeri\/#breadcrumb","itemListElement":[{"@type":"ListItem","position":1,"name":"Home","item":"https:\/\/www.sestogrado.it\/it\/"},{"@type":"ListItem","position":2,"name":"Shop","item":"https:\/\/www.sestogrado.it\/it\/shop\/"},{"@type":"ListItem","position":3,"name":"Camp Ice Master Light ramponcini antiscivolo ultra leggeri"}]},{"@type":"WebSite","@id":"https:\/\/www.sestogrado.it\/it\/#website","url":"https:\/\/www.sestogrado.it\/it\/","name":"Sestogrado","description":"yes we climb","publisher":{"@id":"https:\/\/www.sestogrado.it\/it\/#organization"},"potentialAction":[{"@type":"SearchAction","target":{"@type":"EntryPoint","urlTemplate":"https:\/\/www.sestogrado.it\/it\/?s={search_term_string}"},"query-input":{"@type":"PropertyValueSpecification","valueRequired":true,"valueName":"search_term_string"}}],"inLanguage":"it-IT"},{"@type":"Organization","@id":"https:\/\/www.sestogrado.it\/it\/#organization","name":"Sestogrado","url":"https:\/\/www.sestogrado.it\/it\/","logo":{"@type":"ImageObject","inLanguage":"it-IT","@id":"https:\/\/www.sestogrado.it\/it\/#\/schema\/logo\/image\/","url":"https:\/\/www.sestogrado.it\/wp-content\/uploads\/2015\/03\/sestogrado-favicon.png","contentUrl":"https:\/\/www.sestogrado.it\/wp-content\/uploads\/2015\/03\/sestogrado-favicon.png","width":260,"height":260,"caption":"Sestogrado"},"image":{"@id":"https:\/\/www.sestogrado.it\/it\/#\/schema\/logo\/image\/"},"sameAs":["https:\/\/www.facebook.com\/pages\/Sestogrado\/1542635979353017?ref=bookmarks","https:\/\/www.youtube.com\/channel\/UC847kAfTkaJsWpc1jtQwr3Q"],"hasMerchantReturnPolicy":{"@type":"MerchantReturnPolicy","merchantReturnLink":"https:\/\/www.sestogrado.it\/it\/termini-e-condizioni\/"}}]},"product_brand":"Camp","og_availability":"instock","product_availability":"instock","product_condition":"new"},"_links":{"self":[{"href":"https:\/\/www.sestogrado.it\/it\/wp-json\/wp\/v2\/product\/88730","targetHints":{"allow":["GET"]}}],"collection":[{"href":"https:\/\/www.sestogrado.it\/it\/wp-json\/wp\/v2\/product"}],"about":[{"href":"https:\/\/www.sestogrado.it\/it\/wp-json\/wp\/v2\/types\/product"}],"replies":[{"embeddable":true,"href":"https:\/\/www.sestogrado.it\/it\/wp-json\/wp\/v2\/comments?post=88730"}],"wp:featuredmedia":[{"embeddable":true,"href":"https:\/\/www.sestogrado.it\/it\/wp-json\/wp\/v2\/media\/88740"}],"wp:attachment":[{"href":"https:\/\/www.sestogrado.it\/it\/wp-json\/wp\/v2\/media?parent=88730"}],"wp:term":[{"taxonomy":"product_brand","embeddable":true,"href":"https:\/\/www.sestogrado.it\/it\/wp-json\/wp\/v2\/product_brand?post=88730"},{"taxonomy":"product_cat","embeddable":true,"href":"https:\/\/www.sestogrado.it\/it\/wp-json\/wp\/v2\/product_cat?post=88730"},{"taxonomy":"product_tag","embeddable":true,"href":"https:\/\/www.sestogrado.it\/it\/wp-json\/wp\/v2\/product_tag?post=88730"}],"curies":[{"name":"wp","href":"https:\/\/api.w.org\/{rel}","templated":true}]}}