{"id":88613,"date":"2025-11-18T10:00:21","date_gmt":"2025-11-18T09:00:21","guid":{"rendered":"https:\/\/www.sestogrado.it\/?post_type=product&#038;p=88613"},"modified":"2026-02-01T10:28:37","modified_gmt":"2026-02-01T09:28:37","slug":"camp-rapid-racing-zaino-scialpinismo-da-gara-20-litri","status":"publish","type":"product","link":"https:\/\/www.sestogrado.it\/it\/prodotto\/camp-rapid-racing-zaino-scialpinismo-da-gara-20-litri\/","title":{"rendered":"Camp Rapid Racing Zaino Scialpinismo da gara 20 litri"},"content":{"rendered":"<p>L\u2019evoluzione non finisce mai e il Camp Rapid Racing lo dimostra! I nostri atleti non ci hanno semplicemente dato dei suggerimenti: sono fisicamente arrivati nel nostro centro R&amp;D e, con tutto il necessario a disposizione, hanno ideato e realizzato in prima persona un sistema porta sci che non ha eguali. Si tratta dell\u2019esclusivo X-Press che, grazie al suo gancio innovativo dotato di linguetta ergonomica che si afferra immediatamente, a colpo sicuro in ogni situazione, garantisce la massima velocit\u00e0 nei cambi. Ma non \u00e8 tutto: il gancio, quando non in uso, torna automaticamente in sede per non intralciare in alcun modo durante l\u2019azione. Il sistema \u00e8 inoltre regolabile \u2013 pi\u00f9 o meno teso \u2013 per ottimizzare la stabilit\u00e0 degli sci. La velocit\u00e0 nei cambi \u00e8 incrementata anche dall\u2019asola inferiore del porta sci, collocata in posizione ergonomica per facilitare l\u2019inserimento delle code e regolabile in base alla misura dei propri sci. Il vano porta ramponi \u00e8 dotato di magneti (oltre al velcro) che ne garantiscono la perfetta chiusura. Il Rapid Racing, dal look ancora pi\u00f9 moderno e accattivante, si conferma quindi il non plus ultra tra gli zaini da competizione: un prodotto che negli anni ha vinto tutto, dalla Coppa del Mondo alle classiche della Grande Course.<\/p>\n<ul>\n<li>Esclusivo porta sci principale X-Press con innovativo gancio regolabile che garantisce la massima velocit\u00e0 ed efficacia<\/li>\n<li>Il gancio \u00e8 dotato di linguetta ergonomica e ritorna automaticamente in sede quando non in uso<\/li>\n<li>Asola inferiore del porta sci regolabile e in posizione ergonomica per facilitare l\u2019inserimento delle code<\/li>\n<li>Secondo porta sci con fettuccia superiore a scomparsa e fettuccia inferiore rimovibile<\/li>\n<li>Vano porta ramponi a tunnel con apertura laterale, accessibile senza togliere lo zaino e dotato di velcro e magneti per garantire una perfetta chiusura<\/li>\n<li>Il vano porta ramponi \u00e8 collegabile al vano principale grazie a una zip interna con doppio cursore<\/li>\n<li>Porta piccozza con cordino elastico superiore e fettuccia rimovibile inferiore<\/li>\n<li>Sistema Truck Bull per aiutare il compagno in difficolt\u00e0 nelle gare a squadre<\/li>\n<li>Tasca interna porta oggetti<\/li>\n<li>Alloggiamento interno per il manico della pala e la sonda, studiato per garantire la massima stabilit\u00e0 degli attrezzi<\/li>\n<li>Fibbie interne per il fissaggio della pala<\/li>\n<li>Morbido schienale in mesh superleggero e traspirante<\/li>\n<li>Spallacci in rete traspirante con fettuccia per porta borraccia<\/li>\n<li>Cintura ergonomica che garantisce l\u2019aderenza dello zaino al corpo e stabilizza il carico<\/li>\n<li>Cinghia pettorale regolabile in altezza, rimovibile e con fibbia a sgancio rapido<\/li>\n<li>Predisposto per hydrobag<\/li>\n<li>Dotato di fischietto<\/li>\n<\/ul>\n<p>Il Camp Rapid Racing con 20L \u00e8 uno zaino altamente tecnico e innovativo, ideale per gare e attivit\u00e0 scialpinistiche in cui ogni grammo fa la differenza.<\/p>\n<p>&nbsp;<\/p>\n<p>Passione, lavoro e semplicit\u00e0 sono alcune delle parole chiave che da sempre hanno contraddistinto il modo di essere di C.A.M.P.\u00a0Fondata nel\u00a01889 a Premana, paese dell\u2019alta Valsassina dove tutt\u2019oggi ha la sua sede, C.A.M.P.\u00a0realizza\u00a0prodotti che aiutano a realizzare i sogni ed i progetti di tutti coloro che frequentano la montagna.<\/p>","protected":false},"excerpt":{"rendered":"<p>L\u2019evoluzione non finisce mai e il Camp Rapid Racing lo dimostra! I nostri atleti non ci hanno semplicemente dato dei [&hellip;]<\/p>\n","protected":false},"featured_media":202659,"comment_status":"open","ping_status":"closed","template":"","meta":{"_acf_changed":false},"product_brand":[31],"product_cat":[1431],"product_tag":[1079,1078,1075,1077,455,1074,1076],"class_list":{"0":"post-88613","1":"product","2":"type-product","3":"status-publish","4":"has-post-thumbnail","6":"product_brand-camp","7":"product_cat-scialpinismo-zaini","8":"product_tag-camp-zaino-gara","9":"product_tag-canp-rapid-racing","10":"product_tag-gare-alpinismo","11":"product_tag-rapid-racing","12":"product_tag-zaino-alpinismo","13":"product_tag-zaino-gare","14":"product_tag-zaino-gare-alpinismo","16":"first","17":"outofstock","18":"sale","19":"taxable","20":"shipping-taxable","21":"purchasable","22":"product-type-simple"},"acf":[],"yoast_head":"<!-- This site is optimized with the Yoast SEO plugin v26.4 - https:\/\/yoast.com\/wordpress\/plugins\/seo\/ -->\n<title>Camp Rapid Racing Zaino Scialpinismo da gara 20 litri - Sestogrado<\/title>\n<meta name=\"description\" content=\"L\u2019evoluzione non finisce mai e il Camp Rapid Racing lo dimostra! I nostri atleti non ci hanno semplicemente dato dei suggerimenti: sono fisicamente arrivati nel nostro centro R&amp;D e, con tutto il necessario a disposizione, hanno ideato e realizzato in prima persona un sistema porta sci che non ha eguali. Si tratta dell\u2019esclusivo X-Press che, grazie al suo gancio innovativo dotato di linguetta ergonomica che si afferra immediatamente, a colpo sicuro in ogni situazione, garantisce la massima velocit\u00e0 nei cambi. Ma non \u00e8 tutto: il gancio, quando non in uso, torna automaticamente in sede per non intralciare in alcun modo durante l\u2019azione. Il sistema \u00e8 inoltre regolabile \u2013 pi\u00f9 o meno teso \u2013 per ottimizzare la stabilit\u00e0 degli sci.\" \/>\n<meta name=\"robots\" content=\"index, follow, max-snippet:-1, max-image-preview:large, max-video-preview:-1\" \/>\n<link rel=\"canonical\" href=\"https:\/\/www.sestogrado.it\/it\/prodotto\/camp-rapid-racing-zaino-scialpinismo-da-gara-20-litri\/\" \/>\n<meta property=\"og:locale\" content=\"it_IT\" \/>\n<meta property=\"og:type\" content=\"article\" \/>\n<meta property=\"og:title\" content=\"Camp Rapid Racing Zaino Scialpinismo da gara 20 litri - Sestogrado\" \/>\n<meta property=\"og:description\" content=\"L\u2019evoluzione non finisce mai e il Camp Rapid Racing lo dimostra! I nostri atleti non ci hanno semplicemente dato dei suggerimenti: sono fisicamente arrivati nel nostro centro R&amp;D e, con tutto il necessario a disposizione, hanno ideato e realizzato in prima persona un sistema porta sci che non ha eguali. Si tratta dell\u2019esclusivo X-Press che, grazie al suo gancio innovativo dotato di linguetta ergonomica che si afferra immediatamente, a colpo sicuro in ogni situazione, garantisce la massima velocit\u00e0 nei cambi. Ma non \u00e8 tutto: il gancio, quando non in uso, torna automaticamente in sede per non intralciare in alcun modo durante l\u2019azione. Il sistema \u00e8 inoltre regolabile \u2013 pi\u00f9 o meno teso \u2013 per ottimizzare la stabilit\u00e0 degli sci.\" \/>\n<meta property=\"og:url\" content=\"https:\/\/www.sestogrado.it\/it\/prodotto\/camp-rapid-racing-zaino-scialpinismo-da-gara-20-litri\/\" \/>\n<meta property=\"og:site_name\" content=\"Sestogrado\" \/>\n<meta property=\"article:publisher\" content=\"https:\/\/www.facebook.com\/pages\/Sestogrado\/1542635979353017?ref=bookmarks\" \/>\n<meta property=\"article:modified_time\" content=\"2026-02-01T09:28:37+00:00\" \/>\n<meta property=\"og:image\" content=\"https:\/\/www.sestogrado.it\/wp-content\/uploads\/2021\/12\/01-13.jpg\" \/>\n\t<meta property=\"og:image:width\" content=\"1200\" \/>\n\t<meta property=\"og:image:height\" content=\"1200\" \/>\n\t<meta property=\"og:image:type\" content=\"image\/jpeg\" \/>\n<meta name=\"twitter:label1\" content=\"Prezzo\" \/>\n\t<meta name=\"twitter:data1\" content=\"&euro;&nbsp;99,00\" \/>\n\t<meta name=\"twitter:label2\" content=\"Disponibilit\u00e0\" \/>\n\t<meta name=\"twitter:data2\" content=\"Esaurito\" \/>\n<script type=\"application\/ld+json\" class=\"yoast-schema-graph\">{\"@context\":\"https:\/\/schema.org\",\"@graph\":[{\"@type\":\"WebPage\",\"@id\":\"https:\/\/www.sestogrado.it\/it\/prodotto\/camp-rapid-racing-zaino-scialpinismo-da-gara-20-litri\/\",\"url\":\"https:\/\/www.sestogrado.it\/it\/prodotto\/camp-rapid-racing-zaino-scialpinismo-da-gara-20-litri\/\",\"name\":\"Camp Rapid Racing Zaino Scialpinismo da gara 20 litri - Sestogrado\",\"isPartOf\":{\"@id\":\"https:\/\/www.sestogrado.it\/it\/#website\"},\"primaryImageOfPage\":{\"@id\":\"https:\/\/www.sestogrado.it\/it\/prodotto\/camp-rapid-racing-zaino-scialpinismo-da-gara-20-litri\/#primaryimage\"},\"image\":{\"@id\":\"https:\/\/www.sestogrado.it\/prodotto\/camp-rapid-racing-zaino-scialpinismo-da-gara-20-litri\/#primaryimage\"},\"thumbnailUrl\":\"https:\/\/www.sestogrado.it\/wp-content\/uploads\/2021\/12\/01-13.jpg\",\"datePublished\":\"2025-11-18T09:00:21+00:00\",\"dateModified\":\"2026-02-01T09:28:37+00:00\",\"description\":\"L\u2019evoluzione non finisce mai e il Camp Rapid Racing lo dimostra! I nostri atleti non ci hanno semplicemente dato dei suggerimenti: sono fisicamente arrivati nel nostro centro R&D e, con tutto il necessario a disposizione, hanno ideato e realizzato in prima persona un sistema porta sci che non ha eguali. Si tratta dell\u2019esclusivo X-Press che, grazie al suo gancio innovativo dotato di linguetta ergonomica che si afferra immediatamente, a colpo sicuro in ogni situazione, garantisce la massima velocit\u00e0 nei cambi. Ma non \u00e8 tutto: il gancio, quando non in uso, torna automaticamente in sede per non intralciare in alcun modo durante l\u2019azione. Il sistema \u00e8 inoltre regolabile \u2013 pi\u00f9 o meno teso \u2013 per ottimizzare la stabilit\u00e0 degli sci.\",\"breadcrumb\":{\"@id\":\"https:\/\/www.sestogrado.it\/it\/prodotto\/camp-rapid-racing-zaino-scialpinismo-da-gara-20-litri\/#breadcrumb\"},\"inLanguage\":\"it-IT\",\"potentialAction\":[{\"@type\":\"ReadAction\",\"target\":[[\"https:\/\/www.sestogrado.it\/it\/prodotto\/camp-rapid-racing-zaino-scialpinismo-da-gara-20-litri\/\"]]}]},{\"@type\":\"ImageObject\",\"inLanguage\":\"it-IT\",\"@id\":\"https:\/\/www.sestogrado.it\/it\/prodotto\/camp-rapid-racing-zaino-scialpinismo-da-gara-20-litri\/#primaryimage\",\"url\":\"https:\/\/www.sestogrado.it\/wp-content\/uploads\/2021\/12\/01-13.jpg\",\"contentUrl\":\"https:\/\/www.sestogrado.it\/wp-content\/uploads\/2021\/12\/01-13.jpg\",\"width\":1200,\"height\":1200,\"caption\":\"camp rapid racing\"},{\"@type\":\"BreadcrumbList\",\"@id\":\"https:\/\/www.sestogrado.it\/it\/prodotto\/camp-rapid-racing-zaino-scialpinismo-da-gara-20-litri\/#breadcrumb\",\"itemListElement\":[{\"@type\":\"ListItem\",\"position\":1,\"name\":\"Home\",\"item\":\"https:\/\/www.sestogrado.it\/it\/\"},{\"@type\":\"ListItem\",\"position\":2,\"name\":\"Shop\",\"item\":\"https:\/\/www.sestogrado.it\/it\/shop\/\"},{\"@type\":\"ListItem\",\"position\":3,\"name\":\"Camp Rapid Racing Zaino Scialpinismo da gara 20 litri\"}]},{\"@type\":\"WebSite\",\"@id\":\"https:\/\/www.sestogrado.it\/it\/#website\",\"url\":\"https:\/\/www.sestogrado.it\/it\/\",\"name\":\"Sestogrado\",\"description\":\"yes we climb\",\"publisher\":{\"@id\":\"https:\/\/www.sestogrado.it\/it\/#organization\"},\"potentialAction\":[{\"@type\":\"SearchAction\",\"target\":{\"@type\":\"EntryPoint\",\"urlTemplate\":\"https:\/\/www.sestogrado.it\/it\/?s={search_term_string}\"},\"query-input\":{\"@type\":\"PropertyValueSpecification\",\"valueRequired\":true,\"valueName\":\"search_term_string\"}}],\"inLanguage\":\"it-IT\"},{\"@type\":\"Organization\",\"@id\":\"https:\/\/www.sestogrado.it\/it\/#organization\",\"name\":\"Sestogrado\",\"url\":\"https:\/\/www.sestogrado.it\/it\/\",\"logo\":{\"@type\":\"ImageObject\",\"inLanguage\":\"it-IT\",\"@id\":\"https:\/\/www.sestogrado.it\/it\/#\/schema\/logo\/image\/\",\"url\":\"https:\/\/www.sestogrado.it\/wp-content\/uploads\/2015\/03\/sestogrado-favicon.png\",\"contentUrl\":\"https:\/\/www.sestogrado.it\/wp-content\/uploads\/2015\/03\/sestogrado-favicon.png\",\"width\":260,\"height\":260,\"caption\":\"Sestogrado\"},\"image\":{\"@id\":\"https:\/\/www.sestogrado.it\/it\/#\/schema\/logo\/image\/\"},\"sameAs\":[\"https:\/\/www.facebook.com\/pages\/Sestogrado\/1542635979353017?ref=bookmarks\",\"https:\/\/www.youtube.com\/channel\/UC847kAfTkaJsWpc1jtQwr3Q\"],\"hasMerchantReturnPolicy\":{\"@type\":\"MerchantReturnPolicy\",\"merchantReturnLink\":\"https:\/\/www.sestogrado.it\/it\/termini-e-condizioni\/\"}}]}<\/script>\n<meta property=\"product:brand\" content=\"Camp\" \/>\n<meta property=\"product:price:amount\" content=\"99.00\" \/>\n<meta property=\"product:price:currency\" content=\"EUR\" \/>\n<meta property=\"og:availability\" content=\"out of stock\" \/>\n<meta property=\"product:availability\" content=\"out of stock\" \/>\n<meta property=\"product:condition\" content=\"new\" \/>\n<!-- \/ Yoast SEO plugin. -->","yoast_head_json":{"title":"Camp Rapid Racing Zaino Scialpinismo da gara 20 litri - Sestogrado","description":"L\u2019evoluzione non finisce mai e il Camp Rapid Racing lo dimostra! I nostri atleti non ci hanno semplicemente dato dei suggerimenti: sono fisicamente arrivati nel nostro centro R&D e, con tutto il necessario a disposizione, hanno ideato e realizzato in prima persona un sistema porta sci che non ha eguali. Si tratta dell\u2019esclusivo X-Press che, grazie al suo gancio innovativo dotato di linguetta ergonomica che si afferra immediatamente, a colpo sicuro in ogni situazione, garantisce la massima velocit\u00e0 nei cambi. Ma non \u00e8 tutto: il gancio, quando non in uso, torna automaticamente in sede per non intralciare in alcun modo durante l\u2019azione. Il sistema \u00e8 inoltre regolabile \u2013 pi\u00f9 o meno teso \u2013 per ottimizzare la stabilit\u00e0 degli sci.","robots":{"index":"index","follow":"follow","max-snippet":"max-snippet:-1","max-image-preview":"max-image-preview:large","max-video-preview":"max-video-preview:-1"},"canonical":"https:\/\/www.sestogrado.it\/it\/prodotto\/camp-rapid-racing-zaino-scialpinismo-da-gara-20-litri\/","og_locale":"it_IT","og_type":"article","og_title":"Camp Rapid Racing Zaino Scialpinismo da gara 20 litri - Sestogrado","og_description":"L\u2019evoluzione non finisce mai e il Camp Rapid Racing lo dimostra! I nostri atleti non ci hanno semplicemente dato dei suggerimenti: sono fisicamente arrivati nel nostro centro R&D e, con tutto il necessario a disposizione, hanno ideato e realizzato in prima persona un sistema porta sci che non ha eguali. Si tratta dell\u2019esclusivo X-Press che, grazie al suo gancio innovativo dotato di linguetta ergonomica che si afferra immediatamente, a colpo sicuro in ogni situazione, garantisce la massima velocit\u00e0 nei cambi. Ma non \u00e8 tutto: il gancio, quando non in uso, torna automaticamente in sede per non intralciare in alcun modo durante l\u2019azione. Il sistema \u00e8 inoltre regolabile \u2013 pi\u00f9 o meno teso \u2013 per ottimizzare la stabilit\u00e0 degli sci.","og_url":"https:\/\/www.sestogrado.it\/it\/prodotto\/camp-rapid-racing-zaino-scialpinismo-da-gara-20-litri\/","og_site_name":"Sestogrado","article_publisher":"https:\/\/www.facebook.com\/pages\/Sestogrado\/1542635979353017?ref=bookmarks","article_modified_time":"2026-02-01T09:28:37+00:00","og_image":[{"width":1200,"height":1200,"url":"https:\/\/www.sestogrado.it\/wp-content\/uploads\/2021\/12\/01-13.jpg","type":"image\/jpeg"}],"twitter_misc":{"Prezzo":"&euro;&nbsp;99,00","Disponibilit\u00e0":"Esaurito"},"schema":{"@context":"https:\/\/schema.org","@graph":[{"@type":"WebPage","@id":"https:\/\/www.sestogrado.it\/it\/prodotto\/camp-rapid-racing-zaino-scialpinismo-da-gara-20-litri\/","url":"https:\/\/www.sestogrado.it\/it\/prodotto\/camp-rapid-racing-zaino-scialpinismo-da-gara-20-litri\/","name":"Camp Rapid Racing Zaino Scialpinismo da gara 20 litri - Sestogrado","isPartOf":{"@id":"https:\/\/www.sestogrado.it\/it\/#website"},"primaryImageOfPage":{"@id":"https:\/\/www.sestogrado.it\/it\/prodotto\/camp-rapid-racing-zaino-scialpinismo-da-gara-20-litri\/#primaryimage"},"image":{"@id":"https:\/\/www.sestogrado.it\/prodotto\/camp-rapid-racing-zaino-scialpinismo-da-gara-20-litri\/#primaryimage"},"thumbnailUrl":"https:\/\/www.sestogrado.it\/wp-content\/uploads\/2021\/12\/01-13.jpg","datePublished":"2025-11-18T09:00:21+00:00","dateModified":"2026-02-01T09:28:37+00:00","description":"L\u2019evoluzione non finisce mai e il Camp Rapid Racing lo dimostra! I nostri atleti non ci hanno semplicemente dato dei suggerimenti: sono fisicamente arrivati nel nostro centro R&D e, con tutto il necessario a disposizione, hanno ideato e realizzato in prima persona un sistema porta sci che non ha eguali. Si tratta dell\u2019esclusivo X-Press che, grazie al suo gancio innovativo dotato di linguetta ergonomica che si afferra immediatamente, a colpo sicuro in ogni situazione, garantisce la massima velocit\u00e0 nei cambi. Ma non \u00e8 tutto: il gancio, quando non in uso, torna automaticamente in sede per non intralciare in alcun modo durante l\u2019azione. Il sistema \u00e8 inoltre regolabile \u2013 pi\u00f9 o meno teso \u2013 per ottimizzare la stabilit\u00e0 degli sci.","breadcrumb":{"@id":"https:\/\/www.sestogrado.it\/it\/prodotto\/camp-rapid-racing-zaino-scialpinismo-da-gara-20-litri\/#breadcrumb"},"inLanguage":"it-IT","potentialAction":[{"@type":"ReadAction","target":[["https:\/\/www.sestogrado.it\/it\/prodotto\/camp-rapid-racing-zaino-scialpinismo-da-gara-20-litri\/"]]}]},{"@type":"ImageObject","inLanguage":"it-IT","@id":"https:\/\/www.sestogrado.it\/it\/prodotto\/camp-rapid-racing-zaino-scialpinismo-da-gara-20-litri\/#primaryimage","url":"https:\/\/www.sestogrado.it\/wp-content\/uploads\/2021\/12\/01-13.jpg","contentUrl":"https:\/\/www.sestogrado.it\/wp-content\/uploads\/2021\/12\/01-13.jpg","width":1200,"height":1200,"caption":"camp rapid racing"},{"@type":"BreadcrumbList","@id":"https:\/\/www.sestogrado.it\/it\/prodotto\/camp-rapid-racing-zaino-scialpinismo-da-gara-20-litri\/#breadcrumb","itemListElement":[{"@type":"ListItem","position":1,"name":"Home","item":"https:\/\/www.sestogrado.it\/it\/"},{"@type":"ListItem","position":2,"name":"Shop","item":"https:\/\/www.sestogrado.it\/it\/shop\/"},{"@type":"ListItem","position":3,"name":"Camp Rapid Racing Zaino Scialpinismo da gara 20 litri"}]},{"@type":"WebSite","@id":"https:\/\/www.sestogrado.it\/it\/#website","url":"https:\/\/www.sestogrado.it\/it\/","name":"Sestogrado","description":"yes we climb","publisher":{"@id":"https:\/\/www.sestogrado.it\/it\/#organization"},"potentialAction":[{"@type":"SearchAction","target":{"@type":"EntryPoint","urlTemplate":"https:\/\/www.sestogrado.it\/it\/?s={search_term_string}"},"query-input":{"@type":"PropertyValueSpecification","valueRequired":true,"valueName":"search_term_string"}}],"inLanguage":"it-IT"},{"@type":"Organization","@id":"https:\/\/www.sestogrado.it\/it\/#organization","name":"Sestogrado","url":"https:\/\/www.sestogrado.it\/it\/","logo":{"@type":"ImageObject","inLanguage":"it-IT","@id":"https:\/\/www.sestogrado.it\/it\/#\/schema\/logo\/image\/","url":"https:\/\/www.sestogrado.it\/wp-content\/uploads\/2015\/03\/sestogrado-favicon.png","contentUrl":"https:\/\/www.sestogrado.it\/wp-content\/uploads\/2015\/03\/sestogrado-favicon.png","width":260,"height":260,"caption":"Sestogrado"},"image":{"@id":"https:\/\/www.sestogrado.it\/it\/#\/schema\/logo\/image\/"},"sameAs":["https:\/\/www.facebook.com\/pages\/Sestogrado\/1542635979353017?ref=bookmarks","https:\/\/www.youtube.com\/channel\/UC847kAfTkaJsWpc1jtQwr3Q"],"hasMerchantReturnPolicy":{"@type":"MerchantReturnPolicy","merchantReturnLink":"https:\/\/www.sestogrado.it\/it\/termini-e-condizioni\/"}}]},"product_brand":"Camp","product_price_amount":"99.00","product_price_currency":"EUR","og_availability":"out of stock","product_availability":"out of stock","product_condition":"new"},"_links":{"self":[{"href":"https:\/\/www.sestogrado.it\/it\/wp-json\/wp\/v2\/product\/88613","targetHints":{"allow":["GET"]}}],"collection":[{"href":"https:\/\/www.sestogrado.it\/it\/wp-json\/wp\/v2\/product"}],"about":[{"href":"https:\/\/www.sestogrado.it\/it\/wp-json\/wp\/v2\/types\/product"}],"replies":[{"embeddable":true,"href":"https:\/\/www.sestogrado.it\/it\/wp-json\/wp\/v2\/comments?post=88613"}],"wp:featuredmedia":[{"embeddable":true,"href":"https:\/\/www.sestogrado.it\/it\/wp-json\/wp\/v2\/media\/202659"}],"wp:attachment":[{"href":"https:\/\/www.sestogrado.it\/it\/wp-json\/wp\/v2\/media?parent=88613"}],"wp:term":[{"taxonomy":"product_brand","embeddable":true,"href":"https:\/\/www.sestogrado.it\/it\/wp-json\/wp\/v2\/product_brand?post=88613"},{"taxonomy":"product_cat","embeddable":true,"href":"https:\/\/www.sestogrado.it\/it\/wp-json\/wp\/v2\/product_cat?post=88613"},{"taxonomy":"product_tag","embeddable":true,"href":"https:\/\/www.sestogrado.it\/it\/wp-json\/wp\/v2\/product_tag?post=88613"}],"curies":[{"name":"wp","href":"https:\/\/api.w.org\/{rel}","templated":true}]}}