{"id":88595,"date":"2023-11-05T07:00:26","date_gmt":"2023-11-05T06:00:26","guid":{"rendered":"https:\/\/www.sestogrado.it\/?post_type=product&#038;p=88595"},"modified":"2026-03-17T11:54:08","modified_gmt":"2026-03-17T10:54:08","slug":"camp-ski-raptor-30-zaino-scialpinismo-30-litri","status":"publish","type":"product","link":"https:\/\/www.sestogrado.it\/it\/prodotto\/camp-ski-raptor-30-zaino-scialpinismo-30-litri\/","title":{"rendered":"Camp Ski Raptor 30 zaino scialpinismo 30 litri"},"content":{"rendered":"<p>Lo Ski Raptor 30 si aggiorna nei dettagli confermando i suoi punti forti.\u00a0Leggerezza, funzionalit\u00e0, comodit\u00e0 e robustezza restano quindi le parole d\u2019ordine di un prodotto che va oltre lo scialpinismo classico, rispondendo anche alle esigenze degli appassionati di freeride che vivono la neve all\u2019insegna della fantasia e della velocit\u00e0. Molto robusto grazie alla costruzione in nylon 420D, lo Ski Raptor 30 si distingue per un sistema porta sci estremamente efficace, caratterizzato dalla possibilit\u00e0 di spostare l\u2019asola inferiore per le code verso lo schienale o all\u2019esterno a seconda del contenuto dello zaino. La prima opzione ottimizza il trasporto degli attrezzi con zaino vuoto o quasi vuoto, mentre la seconda \u00e8 ideale quando lo Ski Raptor \u00e8 a pieno carico. Il vano anteriore, predisposto per accogliere pala e sonda, \u00e8 sviluppato verso l\u2019interno a tutto vantaggio dell\u2019estetica. Passando al comfort, invece, spiccano gli spallacci imbottiti con bordatura esterna e lo schienale ergonomico e ventilato. Doppio porta piccozza, porta bastoncini, porta casco e numerosi altri accessori esaltano la funzionalit\u00e0 di un prodotto che con i suoi 30 litri \u00e8 pensato per le uscite pi\u00f9 lunghe, anche in alta montagna, dove lo sci si fa autentica avventura.<\/p>\n<ul>\n<li>Realizzato in resistente nylon 420D<\/li>\n<li>Porta sci X-Press con sistema di fissaggio Tubular Rewind Holder, dotato di fettuccia elastica superiore<\/li>\n<li>Doppia possibilit\u00e0 di scelta della posizione dell\u2019asola inferiore del porta sci, regolabile a seconda del carico dello zaino<\/li>\n<li>Porta sci laterali, con fettucce dotate di fibbie a sgancio rapido<\/li>\n<li>Vano porta ramponi a tunnel con apertura laterale munita di zip, accessibile senza togliere lo zaino e collegabile al vano principale grazie a una zip interna<\/li>\n<li>Doppio porta piccozza con fettucce superiori a scomparsa amovibili, placchette inferiori in alluminio e vano per le lame degli attrezzi<\/li>\n<li>Porta bastoncini a scomparsa con cordini elastici<\/li>\n<li>Schienale ergonomico e ventilato, con apertura Full Backdoor ancora pi\u00f9 ampia dotata di tasca nella parte interna (utilizzabile anche come porta hydrobag)<\/li>\n<li>Spallacci imbottiti con bordatura esterna per maggior comfort e fettucce porta materiale<\/li>\n<li>Cintura con tasche elastiche su entrambi i lati e anello porta materiale a destra<\/li>\n<li>Cinghia sternale regolabile in altezza<\/li>\n<li>Tasca superiore con zip<\/li>\n<li>Vano anteriore\u00a0con volume interno a vantaggio dell\u2019estetica, predisposto per accogliere pala e sonda e munito di tasca interna con zip<\/li>\n<li>Porta casco a scomparsa amovibile in rete elastica, da agganciare alle apposite asole in fettuccia sullo zaino<\/li>\n<li>Maniglia superiore per trasporto<\/li>\n<li>Predisposto per hydrobag<\/li>\n<\/ul>\n<p>&nbsp;<\/p>\n<p>Il Camp Ski Raptor 30 \u00e8 il punto di riferimento di Camp per gli zaini da scialpinismo tecnici e completi.<\/p>\n<p>Passione, lavoro e semplicit\u00e0 sono alcune delle parole chiave che da sempre hanno contraddistinto il modo di essere di C.A.M.P.\u00a0Fondata nel\u00a01889 a Premana, paese dell\u2019alta Valsassina dove tutt\u2019oggi ha la sua sede, C.A.M.P.\u00a0realizza\u00a0prodotti che aiutano a realizzare i sogni ed i progetti di tutti coloro che frequentano la montagna.<\/p>","protected":false},"excerpt":{"rendered":"<p>Lo Ski Raptor 30 si aggiorna nei dettagli confermando i suoi punti forti.\u00a0Leggerezza, funzionalit\u00e0, comodit\u00e0 e robustezza restano quindi le [&hellip;]<\/p>\n","protected":false},"featured_media":145964,"comment_status":"open","ping_status":"closed","template":"","meta":{"_acf_changed":false},"product_brand":[31],"product_cat":[1431],"product_tag":[],"class_list":{"0":"post-88595","1":"product","2":"type-product","3":"status-publish","4":"has-post-thumbnail","6":"product_brand-camp","7":"product_cat-scialpinismo-zaini","9":"first","10":"instock","11":"sale","12":"taxable","13":"shipping-taxable","14":"purchasable","15":"product-type-variable"},"acf":[],"yoast_head":"<!-- This site is optimized with the Yoast SEO plugin v26.4 - https:\/\/yoast.com\/wordpress\/plugins\/seo\/ -->\n<title>Camp Ski Raptor 30 zaino scialpinismo 30 litri - Sestogrado<\/title>\n<meta name=\"description\" content=\"Lo Ski Raptor 30 si aggiorna nei dettagli confermando i suoi punti forti.\u00a0Leggerezza, funzionalit\u00e0, comodit\u00e0 e robustezza restano quindi le parole d\u2019ordine di un prodotto che va oltre lo scialpinismo classico, rispondendo anche alle esigenze degli appassionati di freeride che vivono la neve all\u2019insegna della fantasia e della velocit\u00e0. Molto robusto grazie alla costruzione in nylon 420D, lo Ski Raptor 30 si distingue per un sistema porta sci estremamente efficace, caratterizzato dalla possibilit\u00e0 di spostare l\u2019asola inferiore per le code verso lo schienale o all\u2019esterno a seconda del contenuto dello zaino. La prima opzione ottimizza il trasporto degli attrezzi con zaino vuoto o quasi vuoto, mentre la seconda \u00e8 ideale quando lo Ski Raptor \u00e8 a pieno carico. Il vano anteriore, predisposto per accogliere pala e sonda, \u00e8 sviluppato verso l\u2019interno a tutto vantaggio dell\u2019estetica. Passando al comfort, invece, spiccano gli spallacci imbottiti con bordatura esterna e lo schienale ergonomico e ventilato. Doppio porta piccozza, porta bastoncini, porta casco e numerosi altri accessori esaltano la funzionalit\u00e0 di un prodotto che con i suoi 30 litri \u00e8 pensato per le uscite pi\u00f9 lunghe, anche in alta montagna, dove lo sci si fa autentica avventura.\" \/>\n<meta name=\"robots\" content=\"index, follow, max-snippet:-1, max-image-preview:large, max-video-preview:-1\" \/>\n<link rel=\"canonical\" href=\"https:\/\/www.sestogrado.it\/it\/prodotto\/camp-ski-raptor-30-zaino-scialpinismo-30-litri\/\" \/>\n<meta property=\"og:locale\" content=\"it_IT\" \/>\n<meta property=\"og:type\" content=\"article\" \/>\n<meta property=\"og:title\" content=\"Camp Ski Raptor 30 zaino scialpinismo 30 litri - Sestogrado\" \/>\n<meta property=\"og:description\" content=\"Lo Ski Raptor 30 si aggiorna nei dettagli confermando i suoi punti forti.\u00a0Leggerezza, funzionalit\u00e0, comodit\u00e0 e robustezza restano quindi le parole d\u2019ordine di un prodotto che va oltre lo scialpinismo classico, rispondendo anche alle esigenze degli appassionati di freeride che vivono la neve all\u2019insegna della fantasia e della velocit\u00e0. Molto robusto grazie alla costruzione in nylon 420D, lo Ski Raptor 30 si distingue per un sistema porta sci estremamente efficace, caratterizzato dalla possibilit\u00e0 di spostare l\u2019asola inferiore per le code verso lo schienale o all\u2019esterno a seconda del contenuto dello zaino. La prima opzione ottimizza il trasporto degli attrezzi con zaino vuoto o quasi vuoto, mentre la seconda \u00e8 ideale quando lo Ski Raptor \u00e8 a pieno carico. Il vano anteriore, predisposto per accogliere pala e sonda, \u00e8 sviluppato verso l\u2019interno a tutto vantaggio dell\u2019estetica. Passando al comfort, invece, spiccano gli spallacci imbottiti con bordatura esterna e lo schienale ergonomico e ventilato. Doppio porta piccozza, porta bastoncini, porta casco e numerosi altri accessori esaltano la funzionalit\u00e0 di un prodotto che con i suoi 30 litri \u00e8 pensato per le uscite pi\u00f9 lunghe, anche in alta montagna, dove lo sci si fa autentica avventura.\" \/>\n<meta property=\"og:url\" content=\"https:\/\/www.sestogrado.it\/it\/prodotto\/camp-ski-raptor-30-zaino-scialpinismo-30-litri\/\" \/>\n<meta property=\"og:site_name\" content=\"Sestogrado\" \/>\n<meta property=\"article:publisher\" content=\"https:\/\/www.facebook.com\/pages\/Sestogrado\/1542635979353017?ref=bookmarks\" \/>\n<meta property=\"article:modified_time\" content=\"2026-03-17T10:54:08+00:00\" \/>\n<meta property=\"og:image\" content=\"https:\/\/www.sestogrado.it\/wp-content\/uploads\/2021\/12\/01-9.jpg\" \/>\n\t<meta property=\"og:image:width\" content=\"1200\" \/>\n\t<meta property=\"og:image:height\" content=\"1200\" \/>\n\t<meta property=\"og:image:type\" content=\"image\/jpeg\" \/>\n<meta name=\"twitter:label1\" content=\"Disponibilit\u00e0\" \/>\n\t<meta name=\"twitter:data1\" content=\"In stock\" \/>\n<script type=\"application\/ld+json\" class=\"yoast-schema-graph\">{\"@context\":\"https:\/\/schema.org\",\"@graph\":[{\"@type\":\"WebPage\",\"@id\":\"https:\/\/www.sestogrado.it\/it\/prodotto\/camp-ski-raptor-30-zaino-scialpinismo-30-litri\/\",\"url\":\"https:\/\/www.sestogrado.it\/it\/prodotto\/camp-ski-raptor-30-zaino-scialpinismo-30-litri\/\",\"name\":\"Camp Ski Raptor 30 zaino scialpinismo 30 litri - Sestogrado\",\"isPartOf\":{\"@id\":\"https:\/\/www.sestogrado.it\/it\/#website\"},\"primaryImageOfPage\":{\"@id\":\"https:\/\/www.sestogrado.it\/it\/prodotto\/camp-ski-raptor-30-zaino-scialpinismo-30-litri\/#primaryimage\"},\"image\":{\"@id\":\"https:\/\/www.sestogrado.it\/prodotto\/camp-ski-raptor-30-zaino-scialpinismo-30-litri\/#primaryimage\"},\"thumbnailUrl\":\"https:\/\/www.sestogrado.it\/wp-content\/uploads\/2021\/12\/01-9.jpg\",\"datePublished\":\"2023-11-05T06:00:26+00:00\",\"dateModified\":\"2026-03-17T10:54:08+00:00\",\"description\":\"Lo Ski Raptor 30 si aggiorna nei dettagli confermando i suoi punti forti.\u00a0Leggerezza, funzionalit\u00e0, comodit\u00e0 e robustezza restano quindi le parole d\u2019ordine di un prodotto che va oltre lo scialpinismo classico, rispondendo anche alle esigenze degli appassionati di freeride che vivono la neve all\u2019insegna della fantasia e della velocit\u00e0. Molto robusto grazie alla costruzione in nylon 420D, lo Ski Raptor 30 si distingue per un sistema porta sci estremamente efficace, caratterizzato dalla possibilit\u00e0 di spostare l\u2019asola inferiore per le code verso lo schienale o all\u2019esterno a seconda del contenuto dello zaino. La prima opzione ottimizza il trasporto degli attrezzi con zaino vuoto o quasi vuoto, mentre la seconda \u00e8 ideale quando lo Ski Raptor \u00e8 a pieno carico. Il vano anteriore, predisposto per accogliere pala e sonda, \u00e8 sviluppato verso l\u2019interno a tutto vantaggio dell\u2019estetica. Passando al comfort, invece, spiccano gli spallacci imbottiti con bordatura esterna e lo schienale ergonomico e ventilato. Doppio porta piccozza, porta bastoncini, porta casco e numerosi altri accessori esaltano la funzionalit\u00e0 di un prodotto che con i suoi 30 litri \u00e8 pensato per le uscite pi\u00f9 lunghe, anche in alta montagna, dove lo sci si fa autentica avventura.\",\"breadcrumb\":{\"@id\":\"https:\/\/www.sestogrado.it\/it\/prodotto\/camp-ski-raptor-30-zaino-scialpinismo-30-litri\/#breadcrumb\"},\"inLanguage\":\"it-IT\",\"potentialAction\":[{\"@type\":\"ReadAction\",\"target\":[[\"https:\/\/www.sestogrado.it\/it\/prodotto\/camp-ski-raptor-30-zaino-scialpinismo-30-litri\/\"]]}]},{\"@type\":\"ImageObject\",\"inLanguage\":\"it-IT\",\"@id\":\"https:\/\/www.sestogrado.it\/it\/prodotto\/camp-ski-raptor-30-zaino-scialpinismo-30-litri\/#primaryimage\",\"url\":\"https:\/\/www.sestogrado.it\/wp-content\/uploads\/2021\/12\/01-9.jpg\",\"contentUrl\":\"https:\/\/www.sestogrado.it\/wp-content\/uploads\/2021\/12\/01-9.jpg\",\"width\":1200,\"height\":1200,\"caption\":\"ski raptor 30 verde\"},{\"@type\":\"BreadcrumbList\",\"@id\":\"https:\/\/www.sestogrado.it\/it\/prodotto\/camp-ski-raptor-30-zaino-scialpinismo-30-litri\/#breadcrumb\",\"itemListElement\":[{\"@type\":\"ListItem\",\"position\":1,\"name\":\"Home\",\"item\":\"https:\/\/www.sestogrado.it\/it\/\"},{\"@type\":\"ListItem\",\"position\":2,\"name\":\"Shop\",\"item\":\"https:\/\/www.sestogrado.it\/it\/shop\/\"},{\"@type\":\"ListItem\",\"position\":3,\"name\":\"Camp Ski Raptor 30 zaino scialpinismo 30 litri\"}]},{\"@type\":\"WebSite\",\"@id\":\"https:\/\/www.sestogrado.it\/it\/#website\",\"url\":\"https:\/\/www.sestogrado.it\/it\/\",\"name\":\"Sestogrado\",\"description\":\"yes we climb\",\"publisher\":{\"@id\":\"https:\/\/www.sestogrado.it\/it\/#organization\"},\"potentialAction\":[{\"@type\":\"SearchAction\",\"target\":{\"@type\":\"EntryPoint\",\"urlTemplate\":\"https:\/\/www.sestogrado.it\/it\/?s={search_term_string}\"},\"query-input\":{\"@type\":\"PropertyValueSpecification\",\"valueRequired\":true,\"valueName\":\"search_term_string\"}}],\"inLanguage\":\"it-IT\"},{\"@type\":\"Organization\",\"@id\":\"https:\/\/www.sestogrado.it\/it\/#organization\",\"name\":\"Sestogrado\",\"url\":\"https:\/\/www.sestogrado.it\/it\/\",\"logo\":{\"@type\":\"ImageObject\",\"inLanguage\":\"it-IT\",\"@id\":\"https:\/\/www.sestogrado.it\/it\/#\/schema\/logo\/image\/\",\"url\":\"https:\/\/www.sestogrado.it\/wp-content\/uploads\/2015\/03\/sestogrado-favicon.png\",\"contentUrl\":\"https:\/\/www.sestogrado.it\/wp-content\/uploads\/2015\/03\/sestogrado-favicon.png\",\"width\":260,\"height\":260,\"caption\":\"Sestogrado\"},\"image\":{\"@id\":\"https:\/\/www.sestogrado.it\/it\/#\/schema\/logo\/image\/\"},\"sameAs\":[\"https:\/\/www.facebook.com\/pages\/Sestogrado\/1542635979353017?ref=bookmarks\",\"https:\/\/www.youtube.com\/channel\/UC847kAfTkaJsWpc1jtQwr3Q\"],\"hasMerchantReturnPolicy\":{\"@type\":\"MerchantReturnPolicy\",\"merchantReturnLink\":\"https:\/\/www.sestogrado.it\/it\/termini-e-condizioni\/\"}}]}<\/script>\n<meta property=\"product:brand\" content=\"Camp\" \/>\n<meta property=\"og:availability\" content=\"instock\" \/>\n<meta property=\"product:availability\" content=\"instock\" \/>\n<meta property=\"product:condition\" content=\"new\" \/>\n<!-- \/ Yoast SEO plugin. -->","yoast_head_json":{"title":"Camp Ski Raptor 30 zaino scialpinismo 30 litri - Sestogrado","description":"Lo Ski Raptor 30 si aggiorna nei dettagli confermando i suoi punti forti.\u00a0Leggerezza, funzionalit\u00e0, comodit\u00e0 e robustezza restano quindi le parole d\u2019ordine di un prodotto che va oltre lo scialpinismo classico, rispondendo anche alle esigenze degli appassionati di freeride che vivono la neve all\u2019insegna della fantasia e della velocit\u00e0. Molto robusto grazie alla costruzione in nylon 420D, lo Ski Raptor 30 si distingue per un sistema porta sci estremamente efficace, caratterizzato dalla possibilit\u00e0 di spostare l\u2019asola inferiore per le code verso lo schienale o all\u2019esterno a seconda del contenuto dello zaino. La prima opzione ottimizza il trasporto degli attrezzi con zaino vuoto o quasi vuoto, mentre la seconda \u00e8 ideale quando lo Ski Raptor \u00e8 a pieno carico. Il vano anteriore, predisposto per accogliere pala e sonda, \u00e8 sviluppato verso l\u2019interno a tutto vantaggio dell\u2019estetica. Passando al comfort, invece, spiccano gli spallacci imbottiti con bordatura esterna e lo schienale ergonomico e ventilato. Doppio porta piccozza, porta bastoncini, porta casco e numerosi altri accessori esaltano la funzionalit\u00e0 di un prodotto che con i suoi 30 litri \u00e8 pensato per le uscite pi\u00f9 lunghe, anche in alta montagna, dove lo sci si fa autentica avventura.","robots":{"index":"index","follow":"follow","max-snippet":"max-snippet:-1","max-image-preview":"max-image-preview:large","max-video-preview":"max-video-preview:-1"},"canonical":"https:\/\/www.sestogrado.it\/it\/prodotto\/camp-ski-raptor-30-zaino-scialpinismo-30-litri\/","og_locale":"it_IT","og_type":"article","og_title":"Camp Ski Raptor 30 zaino scialpinismo 30 litri - Sestogrado","og_description":"Lo Ski Raptor 30 si aggiorna nei dettagli confermando i suoi punti forti.\u00a0Leggerezza, funzionalit\u00e0, comodit\u00e0 e robustezza restano quindi le parole d\u2019ordine di un prodotto che va oltre lo scialpinismo classico, rispondendo anche alle esigenze degli appassionati di freeride che vivono la neve all\u2019insegna della fantasia e della velocit\u00e0. Molto robusto grazie alla costruzione in nylon 420D, lo Ski Raptor 30 si distingue per un sistema porta sci estremamente efficace, caratterizzato dalla possibilit\u00e0 di spostare l\u2019asola inferiore per le code verso lo schienale o all\u2019esterno a seconda del contenuto dello zaino. La prima opzione ottimizza il trasporto degli attrezzi con zaino vuoto o quasi vuoto, mentre la seconda \u00e8 ideale quando lo Ski Raptor \u00e8 a pieno carico. Il vano anteriore, predisposto per accogliere pala e sonda, \u00e8 sviluppato verso l\u2019interno a tutto vantaggio dell\u2019estetica. Passando al comfort, invece, spiccano gli spallacci imbottiti con bordatura esterna e lo schienale ergonomico e ventilato. Doppio porta piccozza, porta bastoncini, porta casco e numerosi altri accessori esaltano la funzionalit\u00e0 di un prodotto che con i suoi 30 litri \u00e8 pensato per le uscite pi\u00f9 lunghe, anche in alta montagna, dove lo sci si fa autentica avventura.","og_url":"https:\/\/www.sestogrado.it\/it\/prodotto\/camp-ski-raptor-30-zaino-scialpinismo-30-litri\/","og_site_name":"Sestogrado","article_publisher":"https:\/\/www.facebook.com\/pages\/Sestogrado\/1542635979353017?ref=bookmarks","article_modified_time":"2026-03-17T10:54:08+00:00","og_image":[{"width":1200,"height":1200,"url":"https:\/\/www.sestogrado.it\/wp-content\/uploads\/2021\/12\/01-9.jpg","type":"image\/jpeg"}],"twitter_misc":{"Disponibilit\u00e0":"In stock"},"schema":{"@context":"https:\/\/schema.org","@graph":[{"@type":"WebPage","@id":"https:\/\/www.sestogrado.it\/it\/prodotto\/camp-ski-raptor-30-zaino-scialpinismo-30-litri\/","url":"https:\/\/www.sestogrado.it\/it\/prodotto\/camp-ski-raptor-30-zaino-scialpinismo-30-litri\/","name":"Camp Ski Raptor 30 zaino scialpinismo 30 litri - Sestogrado","isPartOf":{"@id":"https:\/\/www.sestogrado.it\/it\/#website"},"primaryImageOfPage":{"@id":"https:\/\/www.sestogrado.it\/it\/prodotto\/camp-ski-raptor-30-zaino-scialpinismo-30-litri\/#primaryimage"},"image":{"@id":"https:\/\/www.sestogrado.it\/prodotto\/camp-ski-raptor-30-zaino-scialpinismo-30-litri\/#primaryimage"},"thumbnailUrl":"https:\/\/www.sestogrado.it\/wp-content\/uploads\/2021\/12\/01-9.jpg","datePublished":"2023-11-05T06:00:26+00:00","dateModified":"2026-03-17T10:54:08+00:00","description":"Lo Ski Raptor 30 si aggiorna nei dettagli confermando i suoi punti forti.\u00a0Leggerezza, funzionalit\u00e0, comodit\u00e0 e robustezza restano quindi le parole d\u2019ordine di un prodotto che va oltre lo scialpinismo classico, rispondendo anche alle esigenze degli appassionati di freeride che vivono la neve all\u2019insegna della fantasia e della velocit\u00e0. Molto robusto grazie alla costruzione in nylon 420D, lo Ski Raptor 30 si distingue per un sistema porta sci estremamente efficace, caratterizzato dalla possibilit\u00e0 di spostare l\u2019asola inferiore per le code verso lo schienale o all\u2019esterno a seconda del contenuto dello zaino. La prima opzione ottimizza il trasporto degli attrezzi con zaino vuoto o quasi vuoto, mentre la seconda \u00e8 ideale quando lo Ski Raptor \u00e8 a pieno carico. Il vano anteriore, predisposto per accogliere pala e sonda, \u00e8 sviluppato verso l\u2019interno a tutto vantaggio dell\u2019estetica. Passando al comfort, invece, spiccano gli spallacci imbottiti con bordatura esterna e lo schienale ergonomico e ventilato. Doppio porta piccozza, porta bastoncini, porta casco e numerosi altri accessori esaltano la funzionalit\u00e0 di un prodotto che con i suoi 30 litri \u00e8 pensato per le uscite pi\u00f9 lunghe, anche in alta montagna, dove lo sci si fa autentica avventura.","breadcrumb":{"@id":"https:\/\/www.sestogrado.it\/it\/prodotto\/camp-ski-raptor-30-zaino-scialpinismo-30-litri\/#breadcrumb"},"inLanguage":"it-IT","potentialAction":[{"@type":"ReadAction","target":[["https:\/\/www.sestogrado.it\/it\/prodotto\/camp-ski-raptor-30-zaino-scialpinismo-30-litri\/"]]}]},{"@type":"ImageObject","inLanguage":"it-IT","@id":"https:\/\/www.sestogrado.it\/it\/prodotto\/camp-ski-raptor-30-zaino-scialpinismo-30-litri\/#primaryimage","url":"https:\/\/www.sestogrado.it\/wp-content\/uploads\/2021\/12\/01-9.jpg","contentUrl":"https:\/\/www.sestogrado.it\/wp-content\/uploads\/2021\/12\/01-9.jpg","width":1200,"height":1200,"caption":"ski raptor 30 verde"},{"@type":"BreadcrumbList","@id":"https:\/\/www.sestogrado.it\/it\/prodotto\/camp-ski-raptor-30-zaino-scialpinismo-30-litri\/#breadcrumb","itemListElement":[{"@type":"ListItem","position":1,"name":"Home","item":"https:\/\/www.sestogrado.it\/it\/"},{"@type":"ListItem","position":2,"name":"Shop","item":"https:\/\/www.sestogrado.it\/it\/shop\/"},{"@type":"ListItem","position":3,"name":"Camp Ski Raptor 30 zaino scialpinismo 30 litri"}]},{"@type":"WebSite","@id":"https:\/\/www.sestogrado.it\/it\/#website","url":"https:\/\/www.sestogrado.it\/it\/","name":"Sestogrado","description":"yes we climb","publisher":{"@id":"https:\/\/www.sestogrado.it\/it\/#organization"},"potentialAction":[{"@type":"SearchAction","target":{"@type":"EntryPoint","urlTemplate":"https:\/\/www.sestogrado.it\/it\/?s={search_term_string}"},"query-input":{"@type":"PropertyValueSpecification","valueRequired":true,"valueName":"search_term_string"}}],"inLanguage":"it-IT"},{"@type":"Organization","@id":"https:\/\/www.sestogrado.it\/it\/#organization","name":"Sestogrado","url":"https:\/\/www.sestogrado.it\/it\/","logo":{"@type":"ImageObject","inLanguage":"it-IT","@id":"https:\/\/www.sestogrado.it\/it\/#\/schema\/logo\/image\/","url":"https:\/\/www.sestogrado.it\/wp-content\/uploads\/2015\/03\/sestogrado-favicon.png","contentUrl":"https:\/\/www.sestogrado.it\/wp-content\/uploads\/2015\/03\/sestogrado-favicon.png","width":260,"height":260,"caption":"Sestogrado"},"image":{"@id":"https:\/\/www.sestogrado.it\/it\/#\/schema\/logo\/image\/"},"sameAs":["https:\/\/www.facebook.com\/pages\/Sestogrado\/1542635979353017?ref=bookmarks","https:\/\/www.youtube.com\/channel\/UC847kAfTkaJsWpc1jtQwr3Q"],"hasMerchantReturnPolicy":{"@type":"MerchantReturnPolicy","merchantReturnLink":"https:\/\/www.sestogrado.it\/it\/termini-e-condizioni\/"}}]},"product_brand":"Camp","og_availability":"instock","product_availability":"instock","product_condition":"new"},"_links":{"self":[{"href":"https:\/\/www.sestogrado.it\/it\/wp-json\/wp\/v2\/product\/88595","targetHints":{"allow":["GET"]}}],"collection":[{"href":"https:\/\/www.sestogrado.it\/it\/wp-json\/wp\/v2\/product"}],"about":[{"href":"https:\/\/www.sestogrado.it\/it\/wp-json\/wp\/v2\/types\/product"}],"replies":[{"embeddable":true,"href":"https:\/\/www.sestogrado.it\/it\/wp-json\/wp\/v2\/comments?post=88595"}],"wp:featuredmedia":[{"embeddable":true,"href":"https:\/\/www.sestogrado.it\/it\/wp-json\/wp\/v2\/media\/145964"}],"wp:attachment":[{"href":"https:\/\/www.sestogrado.it\/it\/wp-json\/wp\/v2\/media?parent=88595"}],"wp:term":[{"taxonomy":"product_brand","embeddable":true,"href":"https:\/\/www.sestogrado.it\/it\/wp-json\/wp\/v2\/product_brand?post=88595"},{"taxonomy":"product_cat","embeddable":true,"href":"https:\/\/www.sestogrado.it\/it\/wp-json\/wp\/v2\/product_cat?post=88595"},{"taxonomy":"product_tag","embeddable":true,"href":"https:\/\/www.sestogrado.it\/it\/wp-json\/wp\/v2\/product_tag?post=88595"}],"curies":[{"name":"wp","href":"https:\/\/api.w.org\/{rel}","templated":true}]}}