{"id":8798,"date":"2016-10-11T09:22:58","date_gmt":"2016-10-11T07:22:58","guid":{"rendered":"http:\/\/www.sestogrado.it\/?post_type=product&#038;p=8798"},"modified":"2026-03-10T13:02:52","modified_gmt":"2026-03-10T12:02:52","slug":"beal-virus-10-0-corda-arrampicata","status":"publish","type":"product","link":"https:\/\/www.sestogrado.it\/it\/prodotto\/beal-virus-10-0-corda-arrampicata\/","title":{"rendered":"Beal Virus 10.0 corda arrampicata"},"content":{"rendered":"<p>La Beal Virus 10.0 \u00e8 una corda pratica e resistente, ideale per lavorare le vie.<\/p>\n<p>Parte della linea Active, sviluppata per rispondere alle nuove esigenze tecniche, la Beal Virus ha uno spessore da 10.0mm in grado di conferire durata e resistenza, ed al tempo stesso\u00a0\u00e8 estremamente versatile, in grado di &#8220;lavorare&#8221; bene con qualsiasi dispositivo di assicurazione in commercio.<\/p>\n<p>La Virus 10.0 \u00e8 stata ideata per soddisfare le esigenze dell&#8217;arrampicata indoor ed in falesia; possiede una eccellente capacit\u00e0 di ammortizzare le cadute grazie ad una bassa forza di impatto (7,8kN) ed ha una flessibilit\u00e0 e morbidezza in grado di soddisfare i climber pi\u00f9 esigenti.<\/p>\n<p>Punti di forza:<\/p>\n<ul>\n<li>spessore intermedio ne migliora il controllo e la durata<\/li>\n<li>facile da utilizzare nelle manovre<\/li>\n<li>segno di met\u00e0 corda, le calate sono pi\u00f9 sicure<\/li>\n<li>beneficia\u00a0di tutta la sicurezza e la tracciabilit\u00e0 delle corde BEAL<\/li>\n<li>eccellente assorbimento degli urti, forza d&#8217;arresto bassa (7,8kN)<\/li>\n<li>numero di cadute elevato (8)<\/li>\n<\/ul>\n<p>&nbsp;<\/p>\n<p>La Beal Virus 10.0 \u00e8 sviluppata con concezione\u00a0ecologica Bluesign ed \u00e8 priva di trattamenti chimici e tintura.<\/p>\n<p>&nbsp;<\/p>\n<p>Beal \u00e8 leader mondiale nella produzione di corde arrampicata da montagna grazie ad un avanzato sviluppo tecnologico nel processo \u00a0di fabbricazione che gli \u00e8 valso il certificato Iso 9001. Sempre attento alle esigenze degli arrampicatori, \u00e8 stata in grado di apportare dinamicit\u00e0 alla pratica dell&#8217;arrampicata grazie ad un&#8217;intensa attivit\u00e0 di ricerca. In particolare, Black Limit, Program System, trattamento Dry Cover, imbragature Aero, tecnologia Unicore.<\/p>\n<p><img decoding=\"async\" class=\"alignleft size-full wp-image-866\" src=\"https:\/\/www.sestogrado.it\/wp-content\/uploads\/2015\/04\/beal-color.png\" alt=\"beal color\" width=\"110\" height=\"110\" srcset=\"https:\/\/www.sestogrado.it\/wp-content\/uploads\/2015\/04\/beal-color.png 110w, https:\/\/www.sestogrado.it\/wp-content\/uploads\/2015\/04\/beal-color-100x100.png 100w, https:\/\/www.sestogrado.it\/wp-content\/uploads\/2015\/04\/beal-color-150x150.png 150w, https:\/\/www.sestogrado.it\/wp-content\/uploads\/2015\/04\/beal-color-350x350.png 350w, https:\/\/www.sestogrado.it\/wp-content\/uploads\/2015\/04\/beal-color-45x45.png 45w, https:\/\/www.sestogrado.it\/wp-content\/uploads\/2015\/04\/beal-color-64x64.png 64w\" sizes=\"(max-width: 110px) 100vw, 110px\" \/><\/p>\n<p>Nel caso di una gestione per lotti, BEAL identifica in maniera permanente con l&#8217;anno di fabbricazione le lunghezze di corde semistatiche pretagliate grazie al sistema brevettato BEAL Color Code.<\/p>","protected":false},"excerpt":{"rendered":"<p>La Beal Virus 10.0 \u00e8 una corda pratica e resistente, ideale per lavorare le vie. Parte della linea Active, sviluppata [&hellip;]<\/p>\n","protected":false},"featured_media":82371,"comment_status":"open","ping_status":"closed","template":"","meta":{"_acf_changed":false},"product_brand":[84],"product_cat":[136],"product_tag":[413,416],"class_list":{"0":"post-8798","1":"product","2":"type-product","3":"status-publish","4":"has-post-thumbnail","6":"product_brand-beal","7":"product_cat-corde-corde","8":"product_tag-corda-singola","9":"product_tag-corda-singola-dinamica","11":"first","12":"instock","13":"sale","14":"taxable","15":"shipping-taxable","16":"purchasable","17":"product-type-variable"},"acf":[],"yoast_head":"<!-- This site is optimized with the Yoast SEO plugin v26.4 - https:\/\/yoast.com\/wordpress\/plugins\/seo\/ -->\n<title>Beal Virus 10.0 corda arrampicata - Sestogrado<\/title>\n<meta name=\"description\" content=\"La Beal Virus 10.0 \u00e8 una corda da arrampicata parte della linea Active di Beal, sviluppata per lavorare le vie. La Virus 10.0 \u00e8 una corda ideata per soddisfare le esigenze dell&#039;arrampicata indoor ed in falesia; possiede una eccellente capacit\u00e0 di ammortizzare le cadute grazie ad una bassa forza di impatto (7,8kN).\" \/>\n<meta name=\"robots\" content=\"index, follow, max-snippet:-1, max-image-preview:large, max-video-preview:-1\" \/>\n<link rel=\"canonical\" href=\"https:\/\/www.sestogrado.it\/it\/prodotto\/beal-virus-10-0-corda-arrampicata\/\" \/>\n<meta property=\"og:locale\" content=\"it_IT\" \/>\n<meta property=\"og:type\" content=\"article\" \/>\n<meta property=\"og:title\" content=\"Beal Virus 10.0 corda arrampicata - Sestogrado\" \/>\n<meta property=\"og:description\" content=\"La Beal Virus 10.0 \u00e8 una corda da arrampicata parte della linea Active di Beal, sviluppata per lavorare le vie. La Virus 10.0 \u00e8 una corda ideata per soddisfare le esigenze dell&#039;arrampicata indoor ed in falesia; possiede una eccellente capacit\u00e0 di ammortizzare le cadute grazie ad una bassa forza di impatto (7,8kN).\" \/>\n<meta property=\"og:url\" content=\"https:\/\/www.sestogrado.it\/it\/prodotto\/beal-virus-10-0-corda-arrampicata\/\" \/>\n<meta property=\"og:site_name\" content=\"Sestogrado\" \/>\n<meta property=\"article:publisher\" content=\"https:\/\/www.facebook.com\/pages\/Sestogrado\/1542635979353017?ref=bookmarks\" \/>\n<meta property=\"article:modified_time\" content=\"2026-03-10T12:02:52+00:00\" \/>\n<meta property=\"og:image\" content=\"https:\/\/www.sestogrado.it\/wp-content\/uploads\/2016\/10\/virus.jpg\" \/>\n\t<meta property=\"og:image:width\" content=\"1000\" \/>\n\t<meta property=\"og:image:height\" content=\"1000\" \/>\n\t<meta property=\"og:image:type\" content=\"image\/jpeg\" \/>\n<meta name=\"twitter:label1\" content=\"Disponibilit\u00e0\" \/>\n\t<meta name=\"twitter:data1\" content=\"In stock\" \/>\n<script type=\"application\/ld+json\" class=\"yoast-schema-graph\">{\"@context\":\"https:\/\/schema.org\",\"@graph\":[{\"@type\":\"WebPage\",\"@id\":\"https:\/\/www.sestogrado.it\/it\/prodotto\/beal-virus-10-0-corda-arrampicata\/\",\"url\":\"https:\/\/www.sestogrado.it\/it\/prodotto\/beal-virus-10-0-corda-arrampicata\/\",\"name\":\"Beal Virus 10.0 corda arrampicata - Sestogrado\",\"isPartOf\":{\"@id\":\"https:\/\/www.sestogrado.it\/it\/#website\"},\"primaryImageOfPage\":{\"@id\":\"https:\/\/www.sestogrado.it\/it\/prodotto\/beal-virus-10-0-corda-arrampicata\/#primaryimage\"},\"image\":{\"@id\":\"https:\/\/www.sestogrado.it\/prodotto\/beal-virus-10-0-corda-arrampicata\/#primaryimage\"},\"thumbnailUrl\":\"https:\/\/www.sestogrado.it\/wp-content\/uploads\/2016\/10\/virus.jpg\",\"datePublished\":\"2016-10-11T07:22:58+00:00\",\"dateModified\":\"2026-03-10T12:02:52+00:00\",\"description\":\"La Beal Virus 10.0 \u00e8 una corda da arrampicata parte della linea Active di Beal, sviluppata per lavorare le vie. La Virus 10.0 \u00e8 una corda ideata per soddisfare le esigenze dell'arrampicata indoor ed in falesia; possiede una eccellente capacit\u00e0 di ammortizzare le cadute grazie ad una bassa forza di impatto (7,8kN).\",\"breadcrumb\":{\"@id\":\"https:\/\/www.sestogrado.it\/it\/prodotto\/beal-virus-10-0-corda-arrampicata\/#breadcrumb\"},\"inLanguage\":\"it-IT\",\"potentialAction\":[{\"@type\":\"ReadAction\",\"target\":[[\"https:\/\/www.sestogrado.it\/it\/prodotto\/beal-virus-10-0-corda-arrampicata\/\"]]}]},{\"@type\":\"ImageObject\",\"inLanguage\":\"it-IT\",\"@id\":\"https:\/\/www.sestogrado.it\/it\/prodotto\/beal-virus-10-0-corda-arrampicata\/#primaryimage\",\"url\":\"https:\/\/www.sestogrado.it\/wp-content\/uploads\/2016\/10\/virus.jpg\",\"contentUrl\":\"https:\/\/www.sestogrado.it\/wp-content\/uploads\/2016\/10\/virus.jpg\",\"width\":1000,\"height\":1000,\"caption\":\"beal virus 10.0\"},{\"@type\":\"BreadcrumbList\",\"@id\":\"https:\/\/www.sestogrado.it\/it\/prodotto\/beal-virus-10-0-corda-arrampicata\/#breadcrumb\",\"itemListElement\":[{\"@type\":\"ListItem\",\"position\":1,\"name\":\"Home\",\"item\":\"https:\/\/www.sestogrado.it\/it\/\"},{\"@type\":\"ListItem\",\"position\":2,\"name\":\"Shop\",\"item\":\"https:\/\/www.sestogrado.it\/it\/shop\/\"},{\"@type\":\"ListItem\",\"position\":3,\"name\":\"Beal Virus 10.0 corda arrampicata\"}]},{\"@type\":\"WebSite\",\"@id\":\"https:\/\/www.sestogrado.it\/it\/#website\",\"url\":\"https:\/\/www.sestogrado.it\/it\/\",\"name\":\"Sestogrado\",\"description\":\"yes we climb\",\"publisher\":{\"@id\":\"https:\/\/www.sestogrado.it\/it\/#organization\"},\"potentialAction\":[{\"@type\":\"SearchAction\",\"target\":{\"@type\":\"EntryPoint\",\"urlTemplate\":\"https:\/\/www.sestogrado.it\/it\/?s={search_term_string}\"},\"query-input\":{\"@type\":\"PropertyValueSpecification\",\"valueRequired\":true,\"valueName\":\"search_term_string\"}}],\"inLanguage\":\"it-IT\"},{\"@type\":\"Organization\",\"@id\":\"https:\/\/www.sestogrado.it\/it\/#organization\",\"name\":\"Sestogrado\",\"url\":\"https:\/\/www.sestogrado.it\/it\/\",\"logo\":{\"@type\":\"ImageObject\",\"inLanguage\":\"it-IT\",\"@id\":\"https:\/\/www.sestogrado.it\/it\/#\/schema\/logo\/image\/\",\"url\":\"https:\/\/www.sestogrado.it\/wp-content\/uploads\/2015\/03\/sestogrado-favicon.png\",\"contentUrl\":\"https:\/\/www.sestogrado.it\/wp-content\/uploads\/2015\/03\/sestogrado-favicon.png\",\"width\":260,\"height\":260,\"caption\":\"Sestogrado\"},\"image\":{\"@id\":\"https:\/\/www.sestogrado.it\/it\/#\/schema\/logo\/image\/\"},\"sameAs\":[\"https:\/\/www.facebook.com\/pages\/Sestogrado\/1542635979353017?ref=bookmarks\",\"https:\/\/www.youtube.com\/channel\/UC847kAfTkaJsWpc1jtQwr3Q\"],\"hasMerchantReturnPolicy\":{\"@type\":\"MerchantReturnPolicy\",\"merchantReturnLink\":\"https:\/\/www.sestogrado.it\/it\/termini-e-condizioni\/\"}}]}<\/script>\n<meta property=\"product:brand\" content=\"Beal\" \/>\n<meta property=\"og:availability\" content=\"instock\" \/>\n<meta property=\"product:availability\" content=\"instock\" \/>\n<meta property=\"product:condition\" content=\"new\" \/>\n<!-- \/ Yoast SEO plugin. -->","yoast_head_json":{"title":"Beal Virus 10.0 corda arrampicata - Sestogrado","description":"La Beal Virus 10.0 \u00e8 una corda da arrampicata parte della linea Active di Beal, sviluppata per lavorare le vie. La Virus 10.0 \u00e8 una corda ideata per soddisfare le esigenze dell'arrampicata indoor ed in falesia; possiede una eccellente capacit\u00e0 di ammortizzare le cadute grazie ad una bassa forza di impatto (7,8kN).","robots":{"index":"index","follow":"follow","max-snippet":"max-snippet:-1","max-image-preview":"max-image-preview:large","max-video-preview":"max-video-preview:-1"},"canonical":"https:\/\/www.sestogrado.it\/it\/prodotto\/beal-virus-10-0-corda-arrampicata\/","og_locale":"it_IT","og_type":"article","og_title":"Beal Virus 10.0 corda arrampicata - Sestogrado","og_description":"La Beal Virus 10.0 \u00e8 una corda da arrampicata parte della linea Active di Beal, sviluppata per lavorare le vie. La Virus 10.0 \u00e8 una corda ideata per soddisfare le esigenze dell'arrampicata indoor ed in falesia; possiede una eccellente capacit\u00e0 di ammortizzare le cadute grazie ad una bassa forza di impatto (7,8kN).","og_url":"https:\/\/www.sestogrado.it\/it\/prodotto\/beal-virus-10-0-corda-arrampicata\/","og_site_name":"Sestogrado","article_publisher":"https:\/\/www.facebook.com\/pages\/Sestogrado\/1542635979353017?ref=bookmarks","article_modified_time":"2026-03-10T12:02:52+00:00","og_image":[{"width":1000,"height":1000,"url":"https:\/\/www.sestogrado.it\/wp-content\/uploads\/2016\/10\/virus.jpg","type":"image\/jpeg"}],"twitter_misc":{"Disponibilit\u00e0":"In stock"},"schema":{"@context":"https:\/\/schema.org","@graph":[{"@type":"WebPage","@id":"https:\/\/www.sestogrado.it\/it\/prodotto\/beal-virus-10-0-corda-arrampicata\/","url":"https:\/\/www.sestogrado.it\/it\/prodotto\/beal-virus-10-0-corda-arrampicata\/","name":"Beal Virus 10.0 corda arrampicata - Sestogrado","isPartOf":{"@id":"https:\/\/www.sestogrado.it\/it\/#website"},"primaryImageOfPage":{"@id":"https:\/\/www.sestogrado.it\/it\/prodotto\/beal-virus-10-0-corda-arrampicata\/#primaryimage"},"image":{"@id":"https:\/\/www.sestogrado.it\/prodotto\/beal-virus-10-0-corda-arrampicata\/#primaryimage"},"thumbnailUrl":"https:\/\/www.sestogrado.it\/wp-content\/uploads\/2016\/10\/virus.jpg","datePublished":"2016-10-11T07:22:58+00:00","dateModified":"2026-03-10T12:02:52+00:00","description":"La Beal Virus 10.0 \u00e8 una corda da arrampicata parte della linea Active di Beal, sviluppata per lavorare le vie. La Virus 10.0 \u00e8 una corda ideata per soddisfare le esigenze dell'arrampicata indoor ed in falesia; possiede una eccellente capacit\u00e0 di ammortizzare le cadute grazie ad una bassa forza di impatto (7,8kN).","breadcrumb":{"@id":"https:\/\/www.sestogrado.it\/it\/prodotto\/beal-virus-10-0-corda-arrampicata\/#breadcrumb"},"inLanguage":"it-IT","potentialAction":[{"@type":"ReadAction","target":[["https:\/\/www.sestogrado.it\/it\/prodotto\/beal-virus-10-0-corda-arrampicata\/"]]}]},{"@type":"ImageObject","inLanguage":"it-IT","@id":"https:\/\/www.sestogrado.it\/it\/prodotto\/beal-virus-10-0-corda-arrampicata\/#primaryimage","url":"https:\/\/www.sestogrado.it\/wp-content\/uploads\/2016\/10\/virus.jpg","contentUrl":"https:\/\/www.sestogrado.it\/wp-content\/uploads\/2016\/10\/virus.jpg","width":1000,"height":1000,"caption":"beal virus 10.0"},{"@type":"BreadcrumbList","@id":"https:\/\/www.sestogrado.it\/it\/prodotto\/beal-virus-10-0-corda-arrampicata\/#breadcrumb","itemListElement":[{"@type":"ListItem","position":1,"name":"Home","item":"https:\/\/www.sestogrado.it\/it\/"},{"@type":"ListItem","position":2,"name":"Shop","item":"https:\/\/www.sestogrado.it\/it\/shop\/"},{"@type":"ListItem","position":3,"name":"Beal Virus 10.0 corda arrampicata"}]},{"@type":"WebSite","@id":"https:\/\/www.sestogrado.it\/it\/#website","url":"https:\/\/www.sestogrado.it\/it\/","name":"Sestogrado","description":"yes we climb","publisher":{"@id":"https:\/\/www.sestogrado.it\/it\/#organization"},"potentialAction":[{"@type":"SearchAction","target":{"@type":"EntryPoint","urlTemplate":"https:\/\/www.sestogrado.it\/it\/?s={search_term_string}"},"query-input":{"@type":"PropertyValueSpecification","valueRequired":true,"valueName":"search_term_string"}}],"inLanguage":"it-IT"},{"@type":"Organization","@id":"https:\/\/www.sestogrado.it\/it\/#organization","name":"Sestogrado","url":"https:\/\/www.sestogrado.it\/it\/","logo":{"@type":"ImageObject","inLanguage":"it-IT","@id":"https:\/\/www.sestogrado.it\/it\/#\/schema\/logo\/image\/","url":"https:\/\/www.sestogrado.it\/wp-content\/uploads\/2015\/03\/sestogrado-favicon.png","contentUrl":"https:\/\/www.sestogrado.it\/wp-content\/uploads\/2015\/03\/sestogrado-favicon.png","width":260,"height":260,"caption":"Sestogrado"},"image":{"@id":"https:\/\/www.sestogrado.it\/it\/#\/schema\/logo\/image\/"},"sameAs":["https:\/\/www.facebook.com\/pages\/Sestogrado\/1542635979353017?ref=bookmarks","https:\/\/www.youtube.com\/channel\/UC847kAfTkaJsWpc1jtQwr3Q"],"hasMerchantReturnPolicy":{"@type":"MerchantReturnPolicy","merchantReturnLink":"https:\/\/www.sestogrado.it\/it\/termini-e-condizioni\/"}}]},"product_brand":"Beal","og_availability":"instock","product_availability":"instock","product_condition":"new"},"_links":{"self":[{"href":"https:\/\/www.sestogrado.it\/it\/wp-json\/wp\/v2\/product\/8798","targetHints":{"allow":["GET"]}}],"collection":[{"href":"https:\/\/www.sestogrado.it\/it\/wp-json\/wp\/v2\/product"}],"about":[{"href":"https:\/\/www.sestogrado.it\/it\/wp-json\/wp\/v2\/types\/product"}],"replies":[{"embeddable":true,"href":"https:\/\/www.sestogrado.it\/it\/wp-json\/wp\/v2\/comments?post=8798"}],"wp:featuredmedia":[{"embeddable":true,"href":"https:\/\/www.sestogrado.it\/it\/wp-json\/wp\/v2\/media\/82371"}],"wp:attachment":[{"href":"https:\/\/www.sestogrado.it\/it\/wp-json\/wp\/v2\/media?parent=8798"}],"wp:term":[{"taxonomy":"product_brand","embeddable":true,"href":"https:\/\/www.sestogrado.it\/it\/wp-json\/wp\/v2\/product_brand?post=8798"},{"taxonomy":"product_cat","embeddable":true,"href":"https:\/\/www.sestogrado.it\/it\/wp-json\/wp\/v2\/product_cat?post=8798"},{"taxonomy":"product_tag","embeddable":true,"href":"https:\/\/www.sestogrado.it\/it\/wp-json\/wp\/v2\/product_tag?post=8798"}],"curies":[{"name":"wp","href":"https:\/\/api.w.org\/{rel}","templated":true}]}}