{"id":8750,"date":"2016-09-30T09:57:06","date_gmt":"2016-09-30T07:57:06","guid":{"rendered":"http:\/\/www.sestogrado.it\/?post_type=product&#038;p=8750"},"modified":"2026-04-22T13:06:02","modified_gmt":"2026-04-22T11:06:02","slug":"beal-cordelette-cordino-arrampicata-varie-lunghezze","status":"publish","type":"product","link":"https:\/\/www.sestogrado.it\/it\/prodotto\/beal-cordelette-cordino-arrampicata-varie-lunghezze\/","title":{"rendered":"Beal Cordelette cordino arrampicata varie lunghezze"},"content":{"rendered":"<p>Il Beal Cordelette \u00e8 un cordino da arrampicata multiuso di varie lunghezze forniti in comodi blister.<\/p>\n<p>I cordini Beal sono realizzati in nylon, un materiale dalle elevate propriet\u00e0 dinamiche, e sono conformi alle norme UIAA su tenuta e carico di rottura.<\/p>\n<p>I cordini Beal Cordelette sono realizzati in 3 spessori differenti, 4mm,5mm e 6mm, e sono forniti in comodi blister. I cordini in nylon sono utili per preparare anelli, nodi, allungare le protezioni veloci, realizzazione di longe.<\/p>\n<p>&nbsp;<\/p>\n<p>Nota: i cordini sono realizzati in colori assortiti e possono variare dalle immagini.<\/p>\n<p>&nbsp;<\/p>\n<p>Beal \u00e8 una azienda francese leader mondiale nella produzione di corde da montagna grazie ad un avanzato sviluppo tecnologico nel processo \u00a0di fabbricazione che gli \u00e8 valso il certificato Iso 9001. Sempre attenta alle esigenze degli arrampicatori, \u00e8 stata in grado di apportare dinamicit\u00e0 alla pratica dell&#8217;arrampicata grazie ad un&#8217;intensa attivit\u00e0 di ricerca.<\/p>","protected":false},"excerpt":{"rendered":"<p>Il Beal Cordelette \u00e8 un cordino da arrampicata multiuso di varie lunghezze forniti in comodi blister. I cordini Beal sono [&hellip;]<\/p>\n","protected":false},"featured_media":8751,"comment_status":"open","ping_status":"closed","template":"","meta":{"_acf_changed":false},"product_brand":[84],"product_cat":[137],"product_tag":[451],"class_list":{"0":"post-8750","1":"product","2":"type-product","3":"status-publish","4":"has-post-thumbnail","6":"product_brand-beal","7":"product_cat-fettucce-e-cordini","8":"product_tag-cordino-nylon","10":"first","11":"instock","12":"sale","13":"taxable","14":"shipping-taxable","15":"purchasable","16":"product-type-variable"},"acf":[],"yoast_head":"<!-- This site is optimized with the Yoast SEO plugin v26.4 - https:\/\/yoast.com\/wordpress\/plugins\/seo\/ -->\n<title>Beal Cordelette cordino arrampicata varie lunghezze - Sestogrado<\/title>\n<meta name=\"description\" content=\"Il Beal Cordelette \u00e8 un cordino da arrampicata e alpinismo in nylon fornito in comodi blister, utile per anelli e nodi. I cordini Beal sono in nylon e sono conformi alle norme UIAA su tenuta e carico di rottura. Utili per la preparazione di longe, anelli e nodi.\" \/>\n<meta name=\"robots\" content=\"index, follow, max-snippet:-1, max-image-preview:large, max-video-preview:-1\" \/>\n<link rel=\"canonical\" href=\"https:\/\/www.sestogrado.it\/it\/prodotto\/beal-cordelette-cordino-arrampicata-varie-lunghezze\/\" \/>\n<meta property=\"og:locale\" content=\"it_IT\" \/>\n<meta property=\"og:type\" content=\"article\" \/>\n<meta property=\"og:title\" content=\"Beal Cordelette cordino arrampicata varie lunghezze - Sestogrado\" \/>\n<meta property=\"og:description\" content=\"Il Beal Cordelette \u00e8 un cordino da arrampicata e alpinismo in nylon fornito in comodi blister, utile per anelli e nodi. I cordini Beal sono in nylon e sono conformi alle norme UIAA su tenuta e carico di rottura. Utili per la preparazione di longe, anelli e nodi.\" \/>\n<meta property=\"og:url\" content=\"https:\/\/www.sestogrado.it\/it\/prodotto\/beal-cordelette-cordino-arrampicata-varie-lunghezze\/\" \/>\n<meta property=\"og:site_name\" content=\"Sestogrado\" \/>\n<meta property=\"article:publisher\" content=\"https:\/\/www.facebook.com\/pages\/Sestogrado\/1542635979353017?ref=bookmarks\" \/>\n<meta property=\"article:modified_time\" content=\"2026-04-22T11:06:02+00:00\" \/>\n<meta property=\"og:image\" content=\"https:\/\/www.sestogrado.it\/wp-content\/uploads\/2016\/09\/beal-cordelette.jpg\" \/>\n\t<meta property=\"og:image:width\" content=\"1000\" \/>\n\t<meta property=\"og:image:height\" content=\"1333\" \/>\n\t<meta property=\"og:image:type\" content=\"image\/jpeg\" \/>\n<meta name=\"twitter:label1\" content=\"Disponibilit\u00e0\" \/>\n\t<meta name=\"twitter:data1\" content=\"In stock\" \/>\n<script type=\"application\/ld+json\" class=\"yoast-schema-graph\">{\"@context\":\"https:\/\/schema.org\",\"@graph\":[{\"@type\":\"WebPage\",\"@id\":\"https:\/\/www.sestogrado.it\/it\/prodotto\/beal-cordelette-cordino-arrampicata-varie-lunghezze\/\",\"url\":\"https:\/\/www.sestogrado.it\/it\/prodotto\/beal-cordelette-cordino-arrampicata-varie-lunghezze\/\",\"name\":\"Beal Cordelette cordino arrampicata varie lunghezze - Sestogrado\",\"isPartOf\":{\"@id\":\"https:\/\/www.sestogrado.it\/it\/#website\"},\"primaryImageOfPage\":{\"@id\":\"https:\/\/www.sestogrado.it\/it\/prodotto\/beal-cordelette-cordino-arrampicata-varie-lunghezze\/#primaryimage\"},\"image\":{\"@id\":\"https:\/\/www.sestogrado.it\/prodotto\/beal-cordelette-cordino-arrampicata-varie-lunghezze\/#primaryimage\"},\"thumbnailUrl\":\"https:\/\/www.sestogrado.it\/wp-content\/uploads\/2016\/09\/beal-cordelette.jpg\",\"datePublished\":\"2016-09-30T07:57:06+00:00\",\"dateModified\":\"2026-04-22T11:06:02+00:00\",\"description\":\"Il Beal Cordelette \u00e8 un cordino da arrampicata e alpinismo in nylon fornito in comodi blister, utile per anelli e nodi. I cordini Beal sono in nylon e sono conformi alle norme UIAA su tenuta e carico di rottura. Utili per la preparazione di longe, anelli e nodi.\",\"breadcrumb\":{\"@id\":\"https:\/\/www.sestogrado.it\/it\/prodotto\/beal-cordelette-cordino-arrampicata-varie-lunghezze\/#breadcrumb\"},\"inLanguage\":\"it-IT\",\"potentialAction\":[{\"@type\":\"ReadAction\",\"target\":[[\"https:\/\/www.sestogrado.it\/it\/prodotto\/beal-cordelette-cordino-arrampicata-varie-lunghezze\/\"]]}]},{\"@type\":\"ImageObject\",\"inLanguage\":\"it-IT\",\"@id\":\"https:\/\/www.sestogrado.it\/it\/prodotto\/beal-cordelette-cordino-arrampicata-varie-lunghezze\/#primaryimage\",\"url\":\"https:\/\/www.sestogrado.it\/wp-content\/uploads\/2016\/09\/beal-cordelette.jpg\",\"contentUrl\":\"https:\/\/www.sestogrado.it\/wp-content\/uploads\/2016\/09\/beal-cordelette.jpg\",\"width\":1000,\"height\":1333,\"caption\":\"beal-cordelette\"},{\"@type\":\"BreadcrumbList\",\"@id\":\"https:\/\/www.sestogrado.it\/it\/prodotto\/beal-cordelette-cordino-arrampicata-varie-lunghezze\/#breadcrumb\",\"itemListElement\":[{\"@type\":\"ListItem\",\"position\":1,\"name\":\"Home\",\"item\":\"https:\/\/www.sestogrado.it\/it\/\"},{\"@type\":\"ListItem\",\"position\":2,\"name\":\"Shop\",\"item\":\"https:\/\/www.sestogrado.it\/it\/shop\/\"},{\"@type\":\"ListItem\",\"position\":3,\"name\":\"Beal Cordelette cordino arrampicata varie lunghezze\"}]},{\"@type\":\"WebSite\",\"@id\":\"https:\/\/www.sestogrado.it\/it\/#website\",\"url\":\"https:\/\/www.sestogrado.it\/it\/\",\"name\":\"Sestogrado\",\"description\":\"yes we climb\",\"publisher\":{\"@id\":\"https:\/\/www.sestogrado.it\/it\/#organization\"},\"potentialAction\":[{\"@type\":\"SearchAction\",\"target\":{\"@type\":\"EntryPoint\",\"urlTemplate\":\"https:\/\/www.sestogrado.it\/it\/?s={search_term_string}\"},\"query-input\":{\"@type\":\"PropertyValueSpecification\",\"valueRequired\":true,\"valueName\":\"search_term_string\"}}],\"inLanguage\":\"it-IT\"},{\"@type\":\"Organization\",\"@id\":\"https:\/\/www.sestogrado.it\/it\/#organization\",\"name\":\"Sestogrado\",\"url\":\"https:\/\/www.sestogrado.it\/it\/\",\"logo\":{\"@type\":\"ImageObject\",\"inLanguage\":\"it-IT\",\"@id\":\"https:\/\/www.sestogrado.it\/it\/#\/schema\/logo\/image\/\",\"url\":\"https:\/\/www.sestogrado.it\/wp-content\/uploads\/2015\/03\/sestogrado-favicon.png\",\"contentUrl\":\"https:\/\/www.sestogrado.it\/wp-content\/uploads\/2015\/03\/sestogrado-favicon.png\",\"width\":260,\"height\":260,\"caption\":\"Sestogrado\"},\"image\":{\"@id\":\"https:\/\/www.sestogrado.it\/it\/#\/schema\/logo\/image\/\"},\"sameAs\":[\"https:\/\/www.facebook.com\/pages\/Sestogrado\/1542635979353017?ref=bookmarks\",\"https:\/\/www.youtube.com\/channel\/UC847kAfTkaJsWpc1jtQwr3Q\"],\"hasMerchantReturnPolicy\":{\"@type\":\"MerchantReturnPolicy\",\"merchantReturnLink\":\"https:\/\/www.sestogrado.it\/it\/termini-e-condizioni\/\"}}]}<\/script>\n<meta property=\"product:brand\" content=\"Beal\" \/>\n<meta property=\"og:availability\" content=\"instock\" \/>\n<meta property=\"product:availability\" content=\"instock\" \/>\n<meta property=\"product:condition\" content=\"new\" \/>\n<!-- \/ Yoast SEO plugin. -->","yoast_head_json":{"title":"Beal Cordelette cordino arrampicata varie lunghezze - Sestogrado","description":"Il Beal Cordelette \u00e8 un cordino da arrampicata e alpinismo in nylon fornito in comodi blister, utile per anelli e nodi. I cordini Beal sono in nylon e sono conformi alle norme UIAA su tenuta e carico di rottura. Utili per la preparazione di longe, anelli e nodi.","robots":{"index":"index","follow":"follow","max-snippet":"max-snippet:-1","max-image-preview":"max-image-preview:large","max-video-preview":"max-video-preview:-1"},"canonical":"https:\/\/www.sestogrado.it\/it\/prodotto\/beal-cordelette-cordino-arrampicata-varie-lunghezze\/","og_locale":"it_IT","og_type":"article","og_title":"Beal Cordelette cordino arrampicata varie lunghezze - Sestogrado","og_description":"Il Beal Cordelette \u00e8 un cordino da arrampicata e alpinismo in nylon fornito in comodi blister, utile per anelli e nodi. I cordini Beal sono in nylon e sono conformi alle norme UIAA su tenuta e carico di rottura. Utili per la preparazione di longe, anelli e nodi.","og_url":"https:\/\/www.sestogrado.it\/it\/prodotto\/beal-cordelette-cordino-arrampicata-varie-lunghezze\/","og_site_name":"Sestogrado","article_publisher":"https:\/\/www.facebook.com\/pages\/Sestogrado\/1542635979353017?ref=bookmarks","article_modified_time":"2026-04-22T11:06:02+00:00","og_image":[{"width":1000,"height":1333,"url":"https:\/\/www.sestogrado.it\/wp-content\/uploads\/2016\/09\/beal-cordelette.jpg","type":"image\/jpeg"}],"twitter_misc":{"Disponibilit\u00e0":"In stock"},"schema":{"@context":"https:\/\/schema.org","@graph":[{"@type":"WebPage","@id":"https:\/\/www.sestogrado.it\/it\/prodotto\/beal-cordelette-cordino-arrampicata-varie-lunghezze\/","url":"https:\/\/www.sestogrado.it\/it\/prodotto\/beal-cordelette-cordino-arrampicata-varie-lunghezze\/","name":"Beal Cordelette cordino arrampicata varie lunghezze - Sestogrado","isPartOf":{"@id":"https:\/\/www.sestogrado.it\/it\/#website"},"primaryImageOfPage":{"@id":"https:\/\/www.sestogrado.it\/it\/prodotto\/beal-cordelette-cordino-arrampicata-varie-lunghezze\/#primaryimage"},"image":{"@id":"https:\/\/www.sestogrado.it\/prodotto\/beal-cordelette-cordino-arrampicata-varie-lunghezze\/#primaryimage"},"thumbnailUrl":"https:\/\/www.sestogrado.it\/wp-content\/uploads\/2016\/09\/beal-cordelette.jpg","datePublished":"2016-09-30T07:57:06+00:00","dateModified":"2026-04-22T11:06:02+00:00","description":"Il Beal Cordelette \u00e8 un cordino da arrampicata e alpinismo in nylon fornito in comodi blister, utile per anelli e nodi. I cordini Beal sono in nylon e sono conformi alle norme UIAA su tenuta e carico di rottura. Utili per la preparazione di longe, anelli e nodi.","breadcrumb":{"@id":"https:\/\/www.sestogrado.it\/it\/prodotto\/beal-cordelette-cordino-arrampicata-varie-lunghezze\/#breadcrumb"},"inLanguage":"it-IT","potentialAction":[{"@type":"ReadAction","target":[["https:\/\/www.sestogrado.it\/it\/prodotto\/beal-cordelette-cordino-arrampicata-varie-lunghezze\/"]]}]},{"@type":"ImageObject","inLanguage":"it-IT","@id":"https:\/\/www.sestogrado.it\/it\/prodotto\/beal-cordelette-cordino-arrampicata-varie-lunghezze\/#primaryimage","url":"https:\/\/www.sestogrado.it\/wp-content\/uploads\/2016\/09\/beal-cordelette.jpg","contentUrl":"https:\/\/www.sestogrado.it\/wp-content\/uploads\/2016\/09\/beal-cordelette.jpg","width":1000,"height":1333,"caption":"beal-cordelette"},{"@type":"BreadcrumbList","@id":"https:\/\/www.sestogrado.it\/it\/prodotto\/beal-cordelette-cordino-arrampicata-varie-lunghezze\/#breadcrumb","itemListElement":[{"@type":"ListItem","position":1,"name":"Home","item":"https:\/\/www.sestogrado.it\/it\/"},{"@type":"ListItem","position":2,"name":"Shop","item":"https:\/\/www.sestogrado.it\/it\/shop\/"},{"@type":"ListItem","position":3,"name":"Beal Cordelette cordino arrampicata varie lunghezze"}]},{"@type":"WebSite","@id":"https:\/\/www.sestogrado.it\/it\/#website","url":"https:\/\/www.sestogrado.it\/it\/","name":"Sestogrado","description":"yes we climb","publisher":{"@id":"https:\/\/www.sestogrado.it\/it\/#organization"},"potentialAction":[{"@type":"SearchAction","target":{"@type":"EntryPoint","urlTemplate":"https:\/\/www.sestogrado.it\/it\/?s={search_term_string}"},"query-input":{"@type":"PropertyValueSpecification","valueRequired":true,"valueName":"search_term_string"}}],"inLanguage":"it-IT"},{"@type":"Organization","@id":"https:\/\/www.sestogrado.it\/it\/#organization","name":"Sestogrado","url":"https:\/\/www.sestogrado.it\/it\/","logo":{"@type":"ImageObject","inLanguage":"it-IT","@id":"https:\/\/www.sestogrado.it\/it\/#\/schema\/logo\/image\/","url":"https:\/\/www.sestogrado.it\/wp-content\/uploads\/2015\/03\/sestogrado-favicon.png","contentUrl":"https:\/\/www.sestogrado.it\/wp-content\/uploads\/2015\/03\/sestogrado-favicon.png","width":260,"height":260,"caption":"Sestogrado"},"image":{"@id":"https:\/\/www.sestogrado.it\/it\/#\/schema\/logo\/image\/"},"sameAs":["https:\/\/www.facebook.com\/pages\/Sestogrado\/1542635979353017?ref=bookmarks","https:\/\/www.youtube.com\/channel\/UC847kAfTkaJsWpc1jtQwr3Q"],"hasMerchantReturnPolicy":{"@type":"MerchantReturnPolicy","merchantReturnLink":"https:\/\/www.sestogrado.it\/it\/termini-e-condizioni\/"}}]},"product_brand":"Beal","og_availability":"instock","product_availability":"instock","product_condition":"new"},"_links":{"self":[{"href":"https:\/\/www.sestogrado.it\/it\/wp-json\/wp\/v2\/product\/8750","targetHints":{"allow":["GET"]}}],"collection":[{"href":"https:\/\/www.sestogrado.it\/it\/wp-json\/wp\/v2\/product"}],"about":[{"href":"https:\/\/www.sestogrado.it\/it\/wp-json\/wp\/v2\/types\/product"}],"replies":[{"embeddable":true,"href":"https:\/\/www.sestogrado.it\/it\/wp-json\/wp\/v2\/comments?post=8750"}],"wp:featuredmedia":[{"embeddable":true,"href":"https:\/\/www.sestogrado.it\/it\/wp-json\/wp\/v2\/media\/8751"}],"wp:attachment":[{"href":"https:\/\/www.sestogrado.it\/it\/wp-json\/wp\/v2\/media?parent=8750"}],"wp:term":[{"taxonomy":"product_brand","embeddable":true,"href":"https:\/\/www.sestogrado.it\/it\/wp-json\/wp\/v2\/product_brand?post=8750"},{"taxonomy":"product_cat","embeddable":true,"href":"https:\/\/www.sestogrado.it\/it\/wp-json\/wp\/v2\/product_cat?post=8750"},{"taxonomy":"product_tag","embeddable":true,"href":"https:\/\/www.sestogrado.it\/it\/wp-json\/wp\/v2\/product_tag?post=8750"}],"curies":[{"name":"wp","href":"https:\/\/api.w.org\/{rel}","templated":true}]}}