{"id":87427,"date":"2021-12-06T16:55:51","date_gmt":"2021-12-06T15:55:51","guid":{"rendered":"https:\/\/www.sestogrado.it\/?post_type=product&#038;p=87427"},"modified":"2026-01-12T22:05:51","modified_gmt":"2026-01-12T21:05:51","slug":"grivel-g1-new-matic-evo-ramponi-semiautomatici","status":"publish","type":"product","link":"https:\/\/www.sestogrado.it\/it\/prodotto\/grivel-g1-new-matic-evo-ramponi-semiautomatici\/","title":{"rendered":"Grivel G1 New Matic EVO ramponi semiautomatici"},"content":{"rendered":"<p>Il Grivel G1 New Matic EVO \u00e8 il rampone semiautomatico, compatibile con scarponi unicamente provvisti del tacco posteriore, creato per gli alpinisti che si avvicinano all&#8217;attivit\u00e0 per affrontare percorsi su ghiacciaio e salite non troppo impegnative. Composto da 10 punte in acciaio distribuite razionalmente, di cui 6 anteriori e 4 posteriori. Il tutto con una distribuzione compatta. Barretta di cui la regolazione flessibile, si adatta ad ogni tipo di scarpone. Sistema di bloccaggio con cinghia comodo e rapido. Dotati di sistema New Matic in versione EVO, sono un rampone che si adatta a scarponi con tacco posteriore. Dotato del famoso sistema Antibott proattivo Grivel sia nella parte anteriore che posteriore. E&#8217; semplice, leggero e compattabile e non rinuncia alle caratteristiche tecniche necessarie.<\/p>\n<p>Il <strong>nuovo sistema di allacciatura posteriore EVO<\/strong> \u00e8 pi\u00f9 moderno, leggero e minimale, rispetto alla versione precedente. La nuova leva e staffa posteriori sono pi\u00f9 semplici, un pezzo invece di cinque. La leva, con design &#8220;Stealth&#8221; \u00e8 pi\u00f9 leggera e consente pi\u00f9 posizioni per adattarsi a tutti gli scarponi. La fettuccia \u00e8 pi\u00f9 leggera e sottile (12mm invece di 14mm) e la fibbia \u00e8 pi\u00f9 minimale, facile da usare e con forte tenuta.<\/p>\n<ul>\n<li>ottimo rampone per principianti<\/li>\n<li>10 punte razionalmente distribuite<\/li>\n<li>antibott Grivel<\/li>\n<li>Compattabile \u2013 peso minimo<\/li>\n<\/ul>\n<p>Il Grivel G1 New Matic EVO \u00e8 un rampone universale adatto ad alpinismo tradizionale e classico su nevai e ghiacciai.<\/p>\n<p><img decoding=\"async\" class=\"img-fluid alignnone wp-image-87425 size-full\" src=\"https:\/\/www.sestogrado.it\/wp-content\/uploads\/2021\/12\/02gg.jpg\" alt=\"grivel g1 new classic EVO\" width=\"900\" height=\"600\" srcset=\"https:\/\/www.sestogrado.it\/wp-content\/uploads\/2021\/12\/02gg.jpg 900w, https:\/\/www.sestogrado.it\/wp-content\/uploads\/2021\/12\/02gg-750x500.jpg 750w, https:\/\/www.sestogrado.it\/wp-content\/uploads\/2021\/12\/02gg-300x200.jpg 300w, https:\/\/www.sestogrado.it\/wp-content\/uploads\/2021\/12\/02gg-768x512.jpg 768w, https:\/\/www.sestogrado.it\/wp-content\/uploads\/2021\/12\/02gg-635x423.jpg 635w, https:\/\/www.sestogrado.it\/wp-content\/uploads\/2021\/12\/02gg-120x80.jpg 120w, https:\/\/www.sestogrado.it\/wp-content\/uploads\/2021\/12\/02gg-90x60.jpg 90w, https:\/\/www.sestogrado.it\/wp-content\/uploads\/2021\/12\/02gg-135x90.jpg 135w\" sizes=\"(max-width: 900px) 100vw, 900px\" \/><\/p>\n<p>Nata nel 1818 a Courmayeur, la Grivel \u00e8 un\u2019azienda italiana che produce attrezzature ed equipaggiamenti per alpinismo, arrampicata ed outdoor esportando in 26 paesi.\u00a0\u00a0L\u2019azienda ha ottenuto la certificazione GS T\u00dcV dal 1992, ISO 9001 dal 1996, ISO 1400 dal 2004.\u00a0L\u2019obiettivo di\u00a0Grivel \u00e8 di facilitare la vita agli alpinisti e agli amanti della montagna\u00a0con prodotti tecnologicamente avanzati.<\/p>","protected":false},"excerpt":{"rendered":"<p>Il Grivel G1 New Matic EVO \u00e8 il rampone semiautomatico, compatibile con scarponi unicamente provvisti del tacco posteriore, creato per [&hellip;]<\/p>\n","protected":false},"featured_media":87428,"comment_status":"open","ping_status":"closed","template":"","meta":{"_acf_changed":false},"product_brand":[126],"product_cat":[153],"product_tag":[],"class_list":{"0":"post-87427","1":"product","2":"type-product","3":"status-publish","4":"has-post-thumbnail","6":"product_brand-grivel","7":"product_cat-ramponi","9":"first","10":"outofstock","11":"sale","12":"taxable","13":"shipping-taxable","14":"purchasable","15":"product-type-simple"},"acf":[],"yoast_head":"<!-- This site is optimized with the Yoast SEO plugin v26.4 - https:\/\/yoast.com\/wordpress\/plugins\/seo\/ -->\n<title>Grivel G1 New Matic EVO ramponi semiautomatici - Sestogrado<\/title>\n<meta name=\"description\" content=\"Il Grivel G1 New Matic EVO \u00e8 il rampone semiautomatico, compatibile con scarponi unicamente provvisti del tacco posteriore, creato per gli alpinisti che si avvicinano all&#039;attivit\u00e0 per affrontare percorsi su ghiacciaio e salite non troppo impegnative. Composto da 10 punte in acciaio distribuite razionalmente, di cui 6 anteriori e 4 posteriori. Il tutto con una distribuzione compatta. Barretta di cui la regolazione flessibile, si adatta ad ogni tipo di scarpone. Sistema di bloccaggio con cinghia comodo e rapido. Dotati di sistema New Matic in versione EVO, sono un rampone che si adatta a scarponi con tacco posteriore.. Dotato del famoso sistema Antibott proattivo Grivel sia nella parte anteriore che posteriore. E&#039; semplice, leggero e compattabile e non rinuncia alle caratteristiche tecniche necessarie.\" \/>\n<meta name=\"robots\" content=\"index, follow, max-snippet:-1, max-image-preview:large, max-video-preview:-1\" \/>\n<link rel=\"canonical\" href=\"https:\/\/www.sestogrado.it\/it\/prodotto\/grivel-g1-new-matic-evo-ramponi-semiautomatici\/\" \/>\n<meta property=\"og:locale\" content=\"it_IT\" \/>\n<meta property=\"og:type\" content=\"article\" \/>\n<meta property=\"og:title\" content=\"Grivel G1 New Matic EVO ramponi semiautomatici - Sestogrado\" \/>\n<meta property=\"og:description\" content=\"Il Grivel G1 New Matic EVO \u00e8 il rampone semiautomatico, compatibile con scarponi unicamente provvisti del tacco posteriore, creato per gli alpinisti che si avvicinano all&#039;attivit\u00e0 per affrontare percorsi su ghiacciaio e salite non troppo impegnative. Composto da 10 punte in acciaio distribuite razionalmente, di cui 6 anteriori e 4 posteriori. Il tutto con una distribuzione compatta. Barretta di cui la regolazione flessibile, si adatta ad ogni tipo di scarpone. Sistema di bloccaggio con cinghia comodo e rapido. Dotati di sistema New Matic in versione EVO, sono un rampone che si adatta a scarponi con tacco posteriore.. Dotato del famoso sistema Antibott proattivo Grivel sia nella parte anteriore che posteriore. E&#039; semplice, leggero e compattabile e non rinuncia alle caratteristiche tecniche necessarie.\" \/>\n<meta property=\"og:url\" content=\"https:\/\/www.sestogrado.it\/it\/prodotto\/grivel-g1-new-matic-evo-ramponi-semiautomatici\/\" \/>\n<meta property=\"og:site_name\" content=\"Sestogrado\" \/>\n<meta property=\"article:publisher\" content=\"https:\/\/www.facebook.com\/pages\/Sestogrado\/1542635979353017?ref=bookmarks\" \/>\n<meta property=\"article:modified_time\" content=\"2026-01-12T21:05:51+00:00\" \/>\n<meta property=\"og:image\" content=\"https:\/\/www.sestogrado.it\/wp-content\/uploads\/2021\/12\/01-g1-matic.jpg\" \/>\n\t<meta property=\"og:image:width\" content=\"1600\" \/>\n\t<meta property=\"og:image:height\" content=\"1600\" \/>\n\t<meta property=\"og:image:type\" content=\"image\/jpeg\" \/>\n<meta name=\"twitter:label1\" content=\"Prezzo\" \/>\n\t<meta name=\"twitter:data1\" content=\"&euro;&nbsp;99,00\" \/>\n\t<meta name=\"twitter:label2\" content=\"Disponibilit\u00e0\" \/>\n\t<meta name=\"twitter:data2\" content=\"Esaurito\" \/>\n<script type=\"application\/ld+json\" class=\"yoast-schema-graph\">{\"@context\":\"https:\/\/schema.org\",\"@graph\":[{\"@type\":\"WebPage\",\"@id\":\"https:\/\/www.sestogrado.it\/it\/prodotto\/grivel-g1-new-matic-evo-ramponi-semiautomatici\/\",\"url\":\"https:\/\/www.sestogrado.it\/it\/prodotto\/grivel-g1-new-matic-evo-ramponi-semiautomatici\/\",\"name\":\"Grivel G1 New Matic EVO ramponi semiautomatici - Sestogrado\",\"isPartOf\":{\"@id\":\"https:\/\/www.sestogrado.it\/it\/#website\"},\"primaryImageOfPage\":{\"@id\":\"https:\/\/www.sestogrado.it\/it\/prodotto\/grivel-g1-new-matic-evo-ramponi-semiautomatici\/#primaryimage\"},\"image\":{\"@id\":\"https:\/\/www.sestogrado.it\/prodotto\/grivel-g1-new-matic-evo-ramponi-semiautomatici\/#primaryimage\"},\"thumbnailUrl\":\"https:\/\/www.sestogrado.it\/wp-content\/uploads\/2021\/12\/01-g1-matic.jpg\",\"datePublished\":\"2021-12-06T15:55:51+00:00\",\"dateModified\":\"2026-01-12T21:05:51+00:00\",\"description\":\"Il Grivel G1 New Matic EVO \u00e8 il rampone semiautomatico, compatibile con scarponi unicamente provvisti del tacco posteriore, creato per gli alpinisti che si avvicinano all'attivit\u00e0 per affrontare percorsi su ghiacciaio e salite non troppo impegnative. Composto da 10 punte in acciaio distribuite razionalmente, di cui 6 anteriori e 4 posteriori. Il tutto con una distribuzione compatta. Barretta di cui la regolazione flessibile, si adatta ad ogni tipo di scarpone. Sistema di bloccaggio con cinghia comodo e rapido. Dotati di sistema New Matic in versione EVO, sono un rampone che si adatta a scarponi con tacco posteriore.. Dotato del famoso sistema Antibott proattivo Grivel sia nella parte anteriore che posteriore. E' semplice, leggero e compattabile e non rinuncia alle caratteristiche tecniche necessarie.\",\"breadcrumb\":{\"@id\":\"https:\/\/www.sestogrado.it\/it\/prodotto\/grivel-g1-new-matic-evo-ramponi-semiautomatici\/#breadcrumb\"},\"inLanguage\":\"it-IT\",\"potentialAction\":[{\"@type\":\"ReadAction\",\"target\":[[\"https:\/\/www.sestogrado.it\/it\/prodotto\/grivel-g1-new-matic-evo-ramponi-semiautomatici\/\"]]}]},{\"@type\":\"ImageObject\",\"inLanguage\":\"it-IT\",\"@id\":\"https:\/\/www.sestogrado.it\/it\/prodotto\/grivel-g1-new-matic-evo-ramponi-semiautomatici\/#primaryimage\",\"url\":\"https:\/\/www.sestogrado.it\/wp-content\/uploads\/2021\/12\/01-g1-matic.jpg\",\"contentUrl\":\"https:\/\/www.sestogrado.it\/wp-content\/uploads\/2021\/12\/01-g1-matic.jpg\",\"width\":1600,\"height\":1600,\"caption\":\"g1 new matic evo\"},{\"@type\":\"BreadcrumbList\",\"@id\":\"https:\/\/www.sestogrado.it\/it\/prodotto\/grivel-g1-new-matic-evo-ramponi-semiautomatici\/#breadcrumb\",\"itemListElement\":[{\"@type\":\"ListItem\",\"position\":1,\"name\":\"Home\",\"item\":\"https:\/\/www.sestogrado.it\/it\/\"},{\"@type\":\"ListItem\",\"position\":2,\"name\":\"Shop\",\"item\":\"https:\/\/www.sestogrado.it\/it\/shop\/\"},{\"@type\":\"ListItem\",\"position\":3,\"name\":\"Grivel G1 New Matic EVO ramponi semiautomatici\"}]},{\"@type\":\"WebSite\",\"@id\":\"https:\/\/www.sestogrado.it\/it\/#website\",\"url\":\"https:\/\/www.sestogrado.it\/it\/\",\"name\":\"Sestogrado\",\"description\":\"yes we climb\",\"publisher\":{\"@id\":\"https:\/\/www.sestogrado.it\/it\/#organization\"},\"potentialAction\":[{\"@type\":\"SearchAction\",\"target\":{\"@type\":\"EntryPoint\",\"urlTemplate\":\"https:\/\/www.sestogrado.it\/it\/?s={search_term_string}\"},\"query-input\":{\"@type\":\"PropertyValueSpecification\",\"valueRequired\":true,\"valueName\":\"search_term_string\"}}],\"inLanguage\":\"it-IT\"},{\"@type\":\"Organization\",\"@id\":\"https:\/\/www.sestogrado.it\/it\/#organization\",\"name\":\"Sestogrado\",\"url\":\"https:\/\/www.sestogrado.it\/it\/\",\"logo\":{\"@type\":\"ImageObject\",\"inLanguage\":\"it-IT\",\"@id\":\"https:\/\/www.sestogrado.it\/it\/#\/schema\/logo\/image\/\",\"url\":\"https:\/\/www.sestogrado.it\/wp-content\/uploads\/2015\/03\/sestogrado-favicon.png\",\"contentUrl\":\"https:\/\/www.sestogrado.it\/wp-content\/uploads\/2015\/03\/sestogrado-favicon.png\",\"width\":260,\"height\":260,\"caption\":\"Sestogrado\"},\"image\":{\"@id\":\"https:\/\/www.sestogrado.it\/it\/#\/schema\/logo\/image\/\"},\"sameAs\":[\"https:\/\/www.facebook.com\/pages\/Sestogrado\/1542635979353017?ref=bookmarks\",\"https:\/\/www.youtube.com\/channel\/UC847kAfTkaJsWpc1jtQwr3Q\"],\"hasMerchantReturnPolicy\":{\"@type\":\"MerchantReturnPolicy\",\"merchantReturnLink\":\"https:\/\/www.sestogrado.it\/it\/termini-e-condizioni\/\"}}]}<\/script>\n<meta property=\"product:brand\" content=\"Grivel\" \/>\n<meta property=\"product:price:amount\" content=\"99.00\" \/>\n<meta property=\"product:price:currency\" content=\"EUR\" \/>\n<meta property=\"og:availability\" content=\"out of stock\" \/>\n<meta property=\"product:availability\" content=\"out of stock\" \/>\n<meta property=\"product:condition\" content=\"new\" \/>\n<!-- \/ Yoast SEO plugin. -->","yoast_head_json":{"title":"Grivel G1 New Matic EVO ramponi semiautomatici - Sestogrado","description":"Il Grivel G1 New Matic EVO \u00e8 il rampone semiautomatico, compatibile con scarponi unicamente provvisti del tacco posteriore, creato per gli alpinisti che si avvicinano all'attivit\u00e0 per affrontare percorsi su ghiacciaio e salite non troppo impegnative. Composto da 10 punte in acciaio distribuite razionalmente, di cui 6 anteriori e 4 posteriori. Il tutto con una distribuzione compatta. Barretta di cui la regolazione flessibile, si adatta ad ogni tipo di scarpone. Sistema di bloccaggio con cinghia comodo e rapido. Dotati di sistema New Matic in versione EVO, sono un rampone che si adatta a scarponi con tacco posteriore.. Dotato del famoso sistema Antibott proattivo Grivel sia nella parte anteriore che posteriore. E' semplice, leggero e compattabile e non rinuncia alle caratteristiche tecniche necessarie.","robots":{"index":"index","follow":"follow","max-snippet":"max-snippet:-1","max-image-preview":"max-image-preview:large","max-video-preview":"max-video-preview:-1"},"canonical":"https:\/\/www.sestogrado.it\/it\/prodotto\/grivel-g1-new-matic-evo-ramponi-semiautomatici\/","og_locale":"it_IT","og_type":"article","og_title":"Grivel G1 New Matic EVO ramponi semiautomatici - Sestogrado","og_description":"Il Grivel G1 New Matic EVO \u00e8 il rampone semiautomatico, compatibile con scarponi unicamente provvisti del tacco posteriore, creato per gli alpinisti che si avvicinano all'attivit\u00e0 per affrontare percorsi su ghiacciaio e salite non troppo impegnative. Composto da 10 punte in acciaio distribuite razionalmente, di cui 6 anteriori e 4 posteriori. Il tutto con una distribuzione compatta. Barretta di cui la regolazione flessibile, si adatta ad ogni tipo di scarpone. Sistema di bloccaggio con cinghia comodo e rapido. Dotati di sistema New Matic in versione EVO, sono un rampone che si adatta a scarponi con tacco posteriore.. Dotato del famoso sistema Antibott proattivo Grivel sia nella parte anteriore che posteriore. E' semplice, leggero e compattabile e non rinuncia alle caratteristiche tecniche necessarie.","og_url":"https:\/\/www.sestogrado.it\/it\/prodotto\/grivel-g1-new-matic-evo-ramponi-semiautomatici\/","og_site_name":"Sestogrado","article_publisher":"https:\/\/www.facebook.com\/pages\/Sestogrado\/1542635979353017?ref=bookmarks","article_modified_time":"2026-01-12T21:05:51+00:00","og_image":[{"width":1600,"height":1600,"url":"https:\/\/www.sestogrado.it\/wp-content\/uploads\/2021\/12\/01-g1-matic.jpg","type":"image\/jpeg"}],"twitter_misc":{"Prezzo":"&euro;&nbsp;99,00","Disponibilit\u00e0":"Esaurito"},"schema":{"@context":"https:\/\/schema.org","@graph":[{"@type":"WebPage","@id":"https:\/\/www.sestogrado.it\/it\/prodotto\/grivel-g1-new-matic-evo-ramponi-semiautomatici\/","url":"https:\/\/www.sestogrado.it\/it\/prodotto\/grivel-g1-new-matic-evo-ramponi-semiautomatici\/","name":"Grivel G1 New Matic EVO ramponi semiautomatici - Sestogrado","isPartOf":{"@id":"https:\/\/www.sestogrado.it\/it\/#website"},"primaryImageOfPage":{"@id":"https:\/\/www.sestogrado.it\/it\/prodotto\/grivel-g1-new-matic-evo-ramponi-semiautomatici\/#primaryimage"},"image":{"@id":"https:\/\/www.sestogrado.it\/prodotto\/grivel-g1-new-matic-evo-ramponi-semiautomatici\/#primaryimage"},"thumbnailUrl":"https:\/\/www.sestogrado.it\/wp-content\/uploads\/2021\/12\/01-g1-matic.jpg","datePublished":"2021-12-06T15:55:51+00:00","dateModified":"2026-01-12T21:05:51+00:00","description":"Il Grivel G1 New Matic EVO \u00e8 il rampone semiautomatico, compatibile con scarponi unicamente provvisti del tacco posteriore, creato per gli alpinisti che si avvicinano all'attivit\u00e0 per affrontare percorsi su ghiacciaio e salite non troppo impegnative. Composto da 10 punte in acciaio distribuite razionalmente, di cui 6 anteriori e 4 posteriori. Il tutto con una distribuzione compatta. Barretta di cui la regolazione flessibile, si adatta ad ogni tipo di scarpone. Sistema di bloccaggio con cinghia comodo e rapido. Dotati di sistema New Matic in versione EVO, sono un rampone che si adatta a scarponi con tacco posteriore.. Dotato del famoso sistema Antibott proattivo Grivel sia nella parte anteriore che posteriore. E' semplice, leggero e compattabile e non rinuncia alle caratteristiche tecniche necessarie.","breadcrumb":{"@id":"https:\/\/www.sestogrado.it\/it\/prodotto\/grivel-g1-new-matic-evo-ramponi-semiautomatici\/#breadcrumb"},"inLanguage":"it-IT","potentialAction":[{"@type":"ReadAction","target":[["https:\/\/www.sestogrado.it\/it\/prodotto\/grivel-g1-new-matic-evo-ramponi-semiautomatici\/"]]}]},{"@type":"ImageObject","inLanguage":"it-IT","@id":"https:\/\/www.sestogrado.it\/it\/prodotto\/grivel-g1-new-matic-evo-ramponi-semiautomatici\/#primaryimage","url":"https:\/\/www.sestogrado.it\/wp-content\/uploads\/2021\/12\/01-g1-matic.jpg","contentUrl":"https:\/\/www.sestogrado.it\/wp-content\/uploads\/2021\/12\/01-g1-matic.jpg","width":1600,"height":1600,"caption":"g1 new matic evo"},{"@type":"BreadcrumbList","@id":"https:\/\/www.sestogrado.it\/it\/prodotto\/grivel-g1-new-matic-evo-ramponi-semiautomatici\/#breadcrumb","itemListElement":[{"@type":"ListItem","position":1,"name":"Home","item":"https:\/\/www.sestogrado.it\/it\/"},{"@type":"ListItem","position":2,"name":"Shop","item":"https:\/\/www.sestogrado.it\/it\/shop\/"},{"@type":"ListItem","position":3,"name":"Grivel G1 New Matic EVO ramponi semiautomatici"}]},{"@type":"WebSite","@id":"https:\/\/www.sestogrado.it\/it\/#website","url":"https:\/\/www.sestogrado.it\/it\/","name":"Sestogrado","description":"yes we climb","publisher":{"@id":"https:\/\/www.sestogrado.it\/it\/#organization"},"potentialAction":[{"@type":"SearchAction","target":{"@type":"EntryPoint","urlTemplate":"https:\/\/www.sestogrado.it\/it\/?s={search_term_string}"},"query-input":{"@type":"PropertyValueSpecification","valueRequired":true,"valueName":"search_term_string"}}],"inLanguage":"it-IT"},{"@type":"Organization","@id":"https:\/\/www.sestogrado.it\/it\/#organization","name":"Sestogrado","url":"https:\/\/www.sestogrado.it\/it\/","logo":{"@type":"ImageObject","inLanguage":"it-IT","@id":"https:\/\/www.sestogrado.it\/it\/#\/schema\/logo\/image\/","url":"https:\/\/www.sestogrado.it\/wp-content\/uploads\/2015\/03\/sestogrado-favicon.png","contentUrl":"https:\/\/www.sestogrado.it\/wp-content\/uploads\/2015\/03\/sestogrado-favicon.png","width":260,"height":260,"caption":"Sestogrado"},"image":{"@id":"https:\/\/www.sestogrado.it\/it\/#\/schema\/logo\/image\/"},"sameAs":["https:\/\/www.facebook.com\/pages\/Sestogrado\/1542635979353017?ref=bookmarks","https:\/\/www.youtube.com\/channel\/UC847kAfTkaJsWpc1jtQwr3Q"],"hasMerchantReturnPolicy":{"@type":"MerchantReturnPolicy","merchantReturnLink":"https:\/\/www.sestogrado.it\/it\/termini-e-condizioni\/"}}]},"product_brand":"Grivel","product_price_amount":"99.00","product_price_currency":"EUR","og_availability":"out of stock","product_availability":"out of stock","product_condition":"new"},"_links":{"self":[{"href":"https:\/\/www.sestogrado.it\/it\/wp-json\/wp\/v2\/product\/87427","targetHints":{"allow":["GET"]}}],"collection":[{"href":"https:\/\/www.sestogrado.it\/it\/wp-json\/wp\/v2\/product"}],"about":[{"href":"https:\/\/www.sestogrado.it\/it\/wp-json\/wp\/v2\/types\/product"}],"replies":[{"embeddable":true,"href":"https:\/\/www.sestogrado.it\/it\/wp-json\/wp\/v2\/comments?post=87427"}],"wp:featuredmedia":[{"embeddable":true,"href":"https:\/\/www.sestogrado.it\/it\/wp-json\/wp\/v2\/media\/87428"}],"wp:attachment":[{"href":"https:\/\/www.sestogrado.it\/it\/wp-json\/wp\/v2\/media?parent=87427"}],"wp:term":[{"taxonomy":"product_brand","embeddable":true,"href":"https:\/\/www.sestogrado.it\/it\/wp-json\/wp\/v2\/product_brand?post=87427"},{"taxonomy":"product_cat","embeddable":true,"href":"https:\/\/www.sestogrado.it\/it\/wp-json\/wp\/v2\/product_cat?post=87427"},{"taxonomy":"product_tag","embeddable":true,"href":"https:\/\/www.sestogrado.it\/it\/wp-json\/wp\/v2\/product_tag?post=87427"}],"curies":[{"name":"wp","href":"https:\/\/api.w.org\/{rel}","templated":true}]}}