{"id":87018,"date":"2021-12-02T15:08:46","date_gmt":"2021-12-02T14:08:46","guid":{"rendered":"https:\/\/www.sestogrado.it\/?post_type=product&#038;p=87018"},"modified":"2026-03-22T13:32:37","modified_gmt":"2026-03-22T12:32:37","slug":"black-diamond-soloist-guanti-alpinismo-per-alta-quota","status":"publish","type":"product","link":"https:\/\/www.sestogrado.it\/it\/prodotto\/black-diamond-soloist-guanti-alpinismo-per-alta-quota\/","title":{"rendered":"Black Diamond Soloist Guanti alpinismo per alta quota"},"content":{"rendered":"<p>I guanti <strong>Black Diamond Soloist<\/strong> sono creati appositamente per progetti in quota, qualitativamente tecnici e particolarmente caldi.<\/p>\n<p>Eccezionalmente protettivi, garantiscono isolamento e protezione in un range ottimale di temperatura tra -29\u00b0 e -9\u00b0. Sviluppati con membrana in pelle di capra per mantenere calore e offrire grip nel palmo della mano, dispongono dell&#8217;impermeabilit\u00e0 100% con membrana BD Dry e nuova tecnologia in Empel DWR ed elevata termicit\u00e0 fornita dal Primaloft.<\/p>\n<p>L&#8217;interno termico in Primaloft <strong>pu\u00f2 essere rimosso<\/strong> ed utilizzato da solo. Diversamente pu\u00f2 essere utilizzato il &#8220;guscio esterno&#8221; in condizioni di vento\/neve ma di temperature non basse.<\/p>\n<p>&nbsp;<\/p>\n<ul>\n<li>Impermeabilit\u00e0 <em>GTT Empel DWR<\/em>\u2014 nuova formula senza PFC che garantisce idro repellenza superiore in performance e durata in condizioni avverse;<\/li>\n<li>100% impermeabile con inserti <strong>BD dry\u2122;<\/strong><\/li>\n<li>Superleggeri: solo <span class=\"tech-spec-value\" data-v-4bed664c=\"\"><strong>261.4 g;<\/strong><\/span><\/li>\n<li>Guscio 100% riciclabile con lacci di chiusura isolante al polso e libert\u00e0 di movimento interna per le dita;<\/li>\n<li>Guanto rimovibile interno di soli 170g con tecnologia <em>PrimaLoft Gold Insulation;<\/em><\/li>\n<li>Controllo del grip e della maneggevolezza sul palmo grazie agli inserti in morbido, riciclato <strong>pile<\/strong> che massimizza calore e durevolezza;<\/li>\n<li><span class=\"tech-spec-label\" data-v-4bed664c=\"\">Range di utilizzo <\/span><span class=\"tech-spec-value\" data-v-4bed664c=\"\"><strong>-29\/-9 \u00b0C<\/strong> (-20\/15 \u00b0F)<\/span><\/li>\n<li>Pelle di capra sul palmo e zona del pollice ultra rinforzata per rispondere alle abrasioni da piccozze e attrezzi vari.<\/li>\n<\/ul>\n<p>&nbsp;<\/p>\n<p>I Soloist della Black Diamond sono guanti super caldi e maneggevoli per alta quota o climi particolarmente rigidi, con range ottimale -29\/-9 \u00b0C, per affrontare le tue avventure in sicurezza e protezione.<\/p>\n<p>Per scegliere la taglia misurarsi la circonferenza del palmo, in corrispondenza delle nocche:<\/p>\n<p><img decoding=\"async\" class=\"size-full wp-image-23609 img-fluid alignnone\" src=\"https:\/\/www.sestogrado.it\/wp-content\/uploads\/2019\/10\/mano.png\" alt=\"mano\" width=\"300\" height=\"300\" srcset=\"https:\/\/www.sestogrado.it\/wp-content\/uploads\/2019\/10\/mano.png 300w, https:\/\/www.sestogrado.it\/wp-content\/uploads\/2019\/10\/mano-100x100.png 100w, https:\/\/www.sestogrado.it\/wp-content\/uploads\/2019\/10\/mano-220x220.png 220w, https:\/\/www.sestogrado.it\/wp-content\/uploads\/2019\/10\/mano-150x150.png 150w, https:\/\/www.sestogrado.it\/wp-content\/uploads\/2019\/10\/mano-45x45.png 45w, https:\/\/www.sestogrado.it\/wp-content\/uploads\/2019\/10\/mano-64x64.png 64w, https:\/\/www.sestogrado.it\/wp-content\/uploads\/2019\/10\/mano-80x80.png 80w\" sizes=\"(max-width: 300px) 100vw, 300px\" \/><\/p>\n<p>&nbsp;<\/p>\n<p>XS 17,1 &#8211; 18,4 cm<\/p>\n<p>S 18,4-19,7 cm<\/p>\n<p>M 19,7-21 cm<\/p>\n<p>L 21-22,2 cm<\/p>\n<p>XL 22,2 &#8211; 24 cm<\/p>\n<p>XXL 23,5 &#8211; 24,8 cm<\/p>\n<p>&nbsp;<\/p>\n<p>Black Diamond dal 1957 rappresenta un punto di riferimento mondiale per l\u2019attrezzatura da arrampicata. Ci\u00f2 che all\u2019inizio era una attivit\u00e0 artigianale con incudine e martello oggi si \u00e8 trasformata in una societ\u00e0 globale con uffici in tre continenti. Il segreto di Black Diamond \u00e8 sempre lo stesso: essere una societ\u00e0 formata da appassionati climber. In Black Diamond si continua a sognare su ci\u00f2 che potrebbe essere e si continua ad essere critici su ci\u00f2 che esiste. E\u2019 cos\u00ec che il processo creativo per la realizzazione della migliore attrezzatura da arrampicata non avr\u00e0 mai fine.<\/p>","protected":false},"excerpt":{"rendered":"<p>I guanti Black Diamond Soloist sono creati appositamente per progetti in quota, qualitativamente tecnici e particolarmente caldi. Eccezionalmente protettivi, garantiscono [&hellip;]<\/p>\n","protected":false},"featured_media":87026,"comment_status":"open","ping_status":"closed","template":"","meta":{"_acf_changed":false},"product_brand":[121],"product_cat":[1429],"product_tag":[1051,1048,1049,1052,1050,1047],"class_list":{"0":"post-87018","1":"product","2":"type-product","3":"status-publish","4":"has-post-thumbnail","6":"product_brand-black-diamond","7":"product_cat-hot","8":"product_tag-guanti-alpinismo-caldi","9":"product_tag-guanti-bd","10":"product_tag-guanti-black-diamond","11":"product_tag-guanti-protettivi","12":"product_tag-guanti-super-caldi","13":"product_tag-soloist-gloves","15":"first","16":"instock","17":"sale","18":"taxable","19":"shipping-taxable","20":"purchasable","21":"product-type-variable"},"acf":[],"yoast_head":"<!-- This site is optimized with the Yoast SEO plugin v26.4 - https:\/\/yoast.com\/wordpress\/plugins\/seo\/ -->\n<title>Black Diamond Soloist Guanti alpinismo per alta quota - Sestogrado<\/title>\n<meta name=\"description\" content=\"I guanti Black Diamond Soloist sono creati appositamente per progetti in quota, qualitativamente tecnici e particolarmente caldi.Eccezionalmente protettivi, garantiscono isolamento e protezione in un range ottimale di temperatura tra -29\u00b0 e -9\u00b0. Sviluppati con membrana in pelle di capra per mantenere calore e offrire grip nel palmo della mano, dispongono dell&#039;impermeabilit\u00e0 100% con membrana BD Dry e nuova tecnologia in Empel DWR ed elevata termicit\u00e0 fornita dal Primaloft.L&#039;interno termico in Primaloft pu\u00f2 essere rimosso ed utilizzato da solo. Diversamente pu\u00f2 essere utilizzato il &quot;guscio esterno&quot; in condizioni di vento\/neve ma di temperature non basse.\" \/>\n<meta name=\"robots\" content=\"index, follow, max-snippet:-1, max-image-preview:large, max-video-preview:-1\" \/>\n<link rel=\"canonical\" href=\"https:\/\/www.sestogrado.it\/it\/prodotto\/black-diamond-soloist-guanti-alpinismo-per-alta-quota\/\" \/>\n<meta property=\"og:locale\" content=\"it_IT\" \/>\n<meta property=\"og:type\" content=\"article\" \/>\n<meta property=\"og:title\" content=\"Black Diamond Soloist Guanti alpinismo per alta quota - Sestogrado\" \/>\n<meta property=\"og:description\" content=\"I guanti Black Diamond Soloist sono creati appositamente per progetti in quota, qualitativamente tecnici e particolarmente caldi.Eccezionalmente protettivi, garantiscono isolamento e protezione in un range ottimale di temperatura tra -29\u00b0 e -9\u00b0. Sviluppati con membrana in pelle di capra per mantenere calore e offrire grip nel palmo della mano, dispongono dell&#039;impermeabilit\u00e0 100% con membrana BD Dry e nuova tecnologia in Empel DWR ed elevata termicit\u00e0 fornita dal Primaloft.L&#039;interno termico in Primaloft pu\u00f2 essere rimosso ed utilizzato da solo. Diversamente pu\u00f2 essere utilizzato il &quot;guscio esterno&quot; in condizioni di vento\/neve ma di temperature non basse.\" \/>\n<meta property=\"og:url\" content=\"https:\/\/www.sestogrado.it\/it\/prodotto\/black-diamond-soloist-guanti-alpinismo-per-alta-quota\/\" \/>\n<meta property=\"og:site_name\" content=\"Sestogrado\" \/>\n<meta property=\"article:publisher\" content=\"https:\/\/www.facebook.com\/pages\/Sestogrado\/1542635979353017?ref=bookmarks\" \/>\n<meta property=\"article:modified_time\" content=\"2026-03-22T12:32:37+00:00\" \/>\n<meta property=\"og:image\" content=\"https:\/\/www.sestogrado.it\/wp-content\/uploads\/2021\/12\/15137_source_1631080318.jpg\" \/>\n\t<meta property=\"og:image:width\" content=\"1200\" \/>\n\t<meta property=\"og:image:height\" content=\"1200\" \/>\n\t<meta property=\"og:image:type\" content=\"image\/jpeg\" \/>\n<meta name=\"twitter:label1\" content=\"Disponibilit\u00e0\" \/>\n\t<meta name=\"twitter:data1\" content=\"In stock\" \/>\n<script type=\"application\/ld+json\" class=\"yoast-schema-graph\">{\"@context\":\"https:\/\/schema.org\",\"@graph\":[{\"@type\":\"WebPage\",\"@id\":\"https:\/\/www.sestogrado.it\/it\/prodotto\/black-diamond-soloist-guanti-alpinismo-per-alta-quota\/\",\"url\":\"https:\/\/www.sestogrado.it\/it\/prodotto\/black-diamond-soloist-guanti-alpinismo-per-alta-quota\/\",\"name\":\"Black Diamond Soloist Guanti alpinismo per alta quota - Sestogrado\",\"isPartOf\":{\"@id\":\"https:\/\/www.sestogrado.it\/it\/#website\"},\"primaryImageOfPage\":{\"@id\":\"https:\/\/www.sestogrado.it\/it\/prodotto\/black-diamond-soloist-guanti-alpinismo-per-alta-quota\/#primaryimage\"},\"image\":{\"@id\":\"https:\/\/www.sestogrado.it\/prodotto\/black-diamond-soloist-guanti-alpinismo-per-alta-quota\/#primaryimage\"},\"thumbnailUrl\":\"https:\/\/www.sestogrado.it\/wp-content\/uploads\/2021\/12\/15137_source_1631080318.jpg\",\"datePublished\":\"2021-12-02T14:08:46+00:00\",\"dateModified\":\"2026-03-22T12:32:37+00:00\",\"description\":\"I guanti Black Diamond Soloist sono creati appositamente per progetti in quota, qualitativamente tecnici e particolarmente caldi.Eccezionalmente protettivi, garantiscono isolamento e protezione in un range ottimale di temperatura tra -29\u00b0 e -9\u00b0. Sviluppati con membrana in pelle di capra per mantenere calore e offrire grip nel palmo della mano, dispongono dell'impermeabilit\u00e0 100% con membrana BD Dry e nuova tecnologia in Empel DWR ed elevata termicit\u00e0 fornita dal Primaloft.L'interno termico in Primaloft pu\u00f2 essere rimosso ed utilizzato da solo. Diversamente pu\u00f2 essere utilizzato il \\\"guscio esterno\\\" in condizioni di vento\/neve ma di temperature non basse.\",\"breadcrumb\":{\"@id\":\"https:\/\/www.sestogrado.it\/it\/prodotto\/black-diamond-soloist-guanti-alpinismo-per-alta-quota\/#breadcrumb\"},\"inLanguage\":\"it-IT\",\"potentialAction\":[{\"@type\":\"ReadAction\",\"target\":[[\"https:\/\/www.sestogrado.it\/it\/prodotto\/black-diamond-soloist-guanti-alpinismo-per-alta-quota\/\"]]}]},{\"@type\":\"ImageObject\",\"inLanguage\":\"it-IT\",\"@id\":\"https:\/\/www.sestogrado.it\/it\/prodotto\/black-diamond-soloist-guanti-alpinismo-per-alta-quota\/#primaryimage\",\"url\":\"https:\/\/www.sestogrado.it\/wp-content\/uploads\/2021\/12\/15137_source_1631080318.jpg\",\"contentUrl\":\"https:\/\/www.sestogrado.it\/wp-content\/uploads\/2021\/12\/15137_source_1631080318.jpg\",\"width\":1200,\"height\":1200,\"caption\":\"Black Diamond BD soloist gloves\"},{\"@type\":\"BreadcrumbList\",\"@id\":\"https:\/\/www.sestogrado.it\/it\/prodotto\/black-diamond-soloist-guanti-alpinismo-per-alta-quota\/#breadcrumb\",\"itemListElement\":[{\"@type\":\"ListItem\",\"position\":1,\"name\":\"Home\",\"item\":\"https:\/\/www.sestogrado.it\/it\/\"},{\"@type\":\"ListItem\",\"position\":2,\"name\":\"Shop\",\"item\":\"https:\/\/www.sestogrado.it\/it\/shop\/\"},{\"@type\":\"ListItem\",\"position\":3,\"name\":\"Black Diamond Soloist Guanti alpinismo per alta quota\"}]},{\"@type\":\"WebSite\",\"@id\":\"https:\/\/www.sestogrado.it\/it\/#website\",\"url\":\"https:\/\/www.sestogrado.it\/it\/\",\"name\":\"Sestogrado\",\"description\":\"yes we climb\",\"publisher\":{\"@id\":\"https:\/\/www.sestogrado.it\/it\/#organization\"},\"potentialAction\":[{\"@type\":\"SearchAction\",\"target\":{\"@type\":\"EntryPoint\",\"urlTemplate\":\"https:\/\/www.sestogrado.it\/it\/?s={search_term_string}\"},\"query-input\":{\"@type\":\"PropertyValueSpecification\",\"valueRequired\":true,\"valueName\":\"search_term_string\"}}],\"inLanguage\":\"it-IT\"},{\"@type\":\"Organization\",\"@id\":\"https:\/\/www.sestogrado.it\/it\/#organization\",\"name\":\"Sestogrado\",\"url\":\"https:\/\/www.sestogrado.it\/it\/\",\"logo\":{\"@type\":\"ImageObject\",\"inLanguage\":\"it-IT\",\"@id\":\"https:\/\/www.sestogrado.it\/it\/#\/schema\/logo\/image\/\",\"url\":\"https:\/\/www.sestogrado.it\/wp-content\/uploads\/2015\/03\/sestogrado-favicon.png\",\"contentUrl\":\"https:\/\/www.sestogrado.it\/wp-content\/uploads\/2015\/03\/sestogrado-favicon.png\",\"width\":260,\"height\":260,\"caption\":\"Sestogrado\"},\"image\":{\"@id\":\"https:\/\/www.sestogrado.it\/it\/#\/schema\/logo\/image\/\"},\"sameAs\":[\"https:\/\/www.facebook.com\/pages\/Sestogrado\/1542635979353017?ref=bookmarks\",\"https:\/\/www.youtube.com\/channel\/UC847kAfTkaJsWpc1jtQwr3Q\"],\"hasMerchantReturnPolicy\":{\"@type\":\"MerchantReturnPolicy\",\"merchantReturnLink\":\"https:\/\/www.sestogrado.it\/it\/termini-e-condizioni\/\"}}]}<\/script>\n<meta property=\"product:brand\" content=\"Black Diamond\" \/>\n<meta property=\"og:availability\" content=\"instock\" \/>\n<meta property=\"product:availability\" content=\"instock\" \/>\n<meta property=\"product:condition\" content=\"new\" \/>\n<!-- \/ Yoast SEO plugin. -->","yoast_head_json":{"title":"Black Diamond Soloist Guanti alpinismo per alta quota - Sestogrado","description":"I guanti Black Diamond Soloist sono creati appositamente per progetti in quota, qualitativamente tecnici e particolarmente caldi.Eccezionalmente protettivi, garantiscono isolamento e protezione in un range ottimale di temperatura tra -29\u00b0 e -9\u00b0. Sviluppati con membrana in pelle di capra per mantenere calore e offrire grip nel palmo della mano, dispongono dell'impermeabilit\u00e0 100% con membrana BD Dry e nuova tecnologia in Empel DWR ed elevata termicit\u00e0 fornita dal Primaloft.L'interno termico in Primaloft pu\u00f2 essere rimosso ed utilizzato da solo. Diversamente pu\u00f2 essere utilizzato il \"guscio esterno\" in condizioni di vento\/neve ma di temperature non basse.","robots":{"index":"index","follow":"follow","max-snippet":"max-snippet:-1","max-image-preview":"max-image-preview:large","max-video-preview":"max-video-preview:-1"},"canonical":"https:\/\/www.sestogrado.it\/it\/prodotto\/black-diamond-soloist-guanti-alpinismo-per-alta-quota\/","og_locale":"it_IT","og_type":"article","og_title":"Black Diamond Soloist Guanti alpinismo per alta quota - Sestogrado","og_description":"I guanti Black Diamond Soloist sono creati appositamente per progetti in quota, qualitativamente tecnici e particolarmente caldi.Eccezionalmente protettivi, garantiscono isolamento e protezione in un range ottimale di temperatura tra -29\u00b0 e -9\u00b0. Sviluppati con membrana in pelle di capra per mantenere calore e offrire grip nel palmo della mano, dispongono dell'impermeabilit\u00e0 100% con membrana BD Dry e nuova tecnologia in Empel DWR ed elevata termicit\u00e0 fornita dal Primaloft.L'interno termico in Primaloft pu\u00f2 essere rimosso ed utilizzato da solo. Diversamente pu\u00f2 essere utilizzato il \"guscio esterno\" in condizioni di vento\/neve ma di temperature non basse.","og_url":"https:\/\/www.sestogrado.it\/it\/prodotto\/black-diamond-soloist-guanti-alpinismo-per-alta-quota\/","og_site_name":"Sestogrado","article_publisher":"https:\/\/www.facebook.com\/pages\/Sestogrado\/1542635979353017?ref=bookmarks","article_modified_time":"2026-03-22T12:32:37+00:00","og_image":[{"width":1200,"height":1200,"url":"https:\/\/www.sestogrado.it\/wp-content\/uploads\/2021\/12\/15137_source_1631080318.jpg","type":"image\/jpeg"}],"twitter_misc":{"Disponibilit\u00e0":"In stock"},"schema":{"@context":"https:\/\/schema.org","@graph":[{"@type":"WebPage","@id":"https:\/\/www.sestogrado.it\/it\/prodotto\/black-diamond-soloist-guanti-alpinismo-per-alta-quota\/","url":"https:\/\/www.sestogrado.it\/it\/prodotto\/black-diamond-soloist-guanti-alpinismo-per-alta-quota\/","name":"Black Diamond Soloist Guanti alpinismo per alta quota - Sestogrado","isPartOf":{"@id":"https:\/\/www.sestogrado.it\/it\/#website"},"primaryImageOfPage":{"@id":"https:\/\/www.sestogrado.it\/it\/prodotto\/black-diamond-soloist-guanti-alpinismo-per-alta-quota\/#primaryimage"},"image":{"@id":"https:\/\/www.sestogrado.it\/prodotto\/black-diamond-soloist-guanti-alpinismo-per-alta-quota\/#primaryimage"},"thumbnailUrl":"https:\/\/www.sestogrado.it\/wp-content\/uploads\/2021\/12\/15137_source_1631080318.jpg","datePublished":"2021-12-02T14:08:46+00:00","dateModified":"2026-03-22T12:32:37+00:00","description":"I guanti Black Diamond Soloist sono creati appositamente per progetti in quota, qualitativamente tecnici e particolarmente caldi.Eccezionalmente protettivi, garantiscono isolamento e protezione in un range ottimale di temperatura tra -29\u00b0 e -9\u00b0. Sviluppati con membrana in pelle di capra per mantenere calore e offrire grip nel palmo della mano, dispongono dell'impermeabilit\u00e0 100% con membrana BD Dry e nuova tecnologia in Empel DWR ed elevata termicit\u00e0 fornita dal Primaloft.L'interno termico in Primaloft pu\u00f2 essere rimosso ed utilizzato da solo. Diversamente pu\u00f2 essere utilizzato il \"guscio esterno\" in condizioni di vento\/neve ma di temperature non basse.","breadcrumb":{"@id":"https:\/\/www.sestogrado.it\/it\/prodotto\/black-diamond-soloist-guanti-alpinismo-per-alta-quota\/#breadcrumb"},"inLanguage":"it-IT","potentialAction":[{"@type":"ReadAction","target":[["https:\/\/www.sestogrado.it\/it\/prodotto\/black-diamond-soloist-guanti-alpinismo-per-alta-quota\/"]]}]},{"@type":"ImageObject","inLanguage":"it-IT","@id":"https:\/\/www.sestogrado.it\/it\/prodotto\/black-diamond-soloist-guanti-alpinismo-per-alta-quota\/#primaryimage","url":"https:\/\/www.sestogrado.it\/wp-content\/uploads\/2021\/12\/15137_source_1631080318.jpg","contentUrl":"https:\/\/www.sestogrado.it\/wp-content\/uploads\/2021\/12\/15137_source_1631080318.jpg","width":1200,"height":1200,"caption":"Black Diamond BD soloist gloves"},{"@type":"BreadcrumbList","@id":"https:\/\/www.sestogrado.it\/it\/prodotto\/black-diamond-soloist-guanti-alpinismo-per-alta-quota\/#breadcrumb","itemListElement":[{"@type":"ListItem","position":1,"name":"Home","item":"https:\/\/www.sestogrado.it\/it\/"},{"@type":"ListItem","position":2,"name":"Shop","item":"https:\/\/www.sestogrado.it\/it\/shop\/"},{"@type":"ListItem","position":3,"name":"Black Diamond Soloist Guanti alpinismo per alta quota"}]},{"@type":"WebSite","@id":"https:\/\/www.sestogrado.it\/it\/#website","url":"https:\/\/www.sestogrado.it\/it\/","name":"Sestogrado","description":"yes we climb","publisher":{"@id":"https:\/\/www.sestogrado.it\/it\/#organization"},"potentialAction":[{"@type":"SearchAction","target":{"@type":"EntryPoint","urlTemplate":"https:\/\/www.sestogrado.it\/it\/?s={search_term_string}"},"query-input":{"@type":"PropertyValueSpecification","valueRequired":true,"valueName":"search_term_string"}}],"inLanguage":"it-IT"},{"@type":"Organization","@id":"https:\/\/www.sestogrado.it\/it\/#organization","name":"Sestogrado","url":"https:\/\/www.sestogrado.it\/it\/","logo":{"@type":"ImageObject","inLanguage":"it-IT","@id":"https:\/\/www.sestogrado.it\/it\/#\/schema\/logo\/image\/","url":"https:\/\/www.sestogrado.it\/wp-content\/uploads\/2015\/03\/sestogrado-favicon.png","contentUrl":"https:\/\/www.sestogrado.it\/wp-content\/uploads\/2015\/03\/sestogrado-favicon.png","width":260,"height":260,"caption":"Sestogrado"},"image":{"@id":"https:\/\/www.sestogrado.it\/it\/#\/schema\/logo\/image\/"},"sameAs":["https:\/\/www.facebook.com\/pages\/Sestogrado\/1542635979353017?ref=bookmarks","https:\/\/www.youtube.com\/channel\/UC847kAfTkaJsWpc1jtQwr3Q"],"hasMerchantReturnPolicy":{"@type":"MerchantReturnPolicy","merchantReturnLink":"https:\/\/www.sestogrado.it\/it\/termini-e-condizioni\/"}}]},"product_brand":"Black Diamond","og_availability":"instock","product_availability":"instock","product_condition":"new"},"_links":{"self":[{"href":"https:\/\/www.sestogrado.it\/it\/wp-json\/wp\/v2\/product\/87018","targetHints":{"allow":["GET"]}}],"collection":[{"href":"https:\/\/www.sestogrado.it\/it\/wp-json\/wp\/v2\/product"}],"about":[{"href":"https:\/\/www.sestogrado.it\/it\/wp-json\/wp\/v2\/types\/product"}],"replies":[{"embeddable":true,"href":"https:\/\/www.sestogrado.it\/it\/wp-json\/wp\/v2\/comments?post=87018"}],"wp:featuredmedia":[{"embeddable":true,"href":"https:\/\/www.sestogrado.it\/it\/wp-json\/wp\/v2\/media\/87026"}],"wp:attachment":[{"href":"https:\/\/www.sestogrado.it\/it\/wp-json\/wp\/v2\/media?parent=87018"}],"wp:term":[{"taxonomy":"product_brand","embeddable":true,"href":"https:\/\/www.sestogrado.it\/it\/wp-json\/wp\/v2\/product_brand?post=87018"},{"taxonomy":"product_cat","embeddable":true,"href":"https:\/\/www.sestogrado.it\/it\/wp-json\/wp\/v2\/product_cat?post=87018"},{"taxonomy":"product_tag","embeddable":true,"href":"https:\/\/www.sestogrado.it\/it\/wp-json\/wp\/v2\/product_tag?post=87018"}],"curies":[{"name":"wp","href":"https:\/\/api.w.org\/{rel}","templated":true}]}}