{"id":8700,"date":"2024-05-15T14:00:27","date_gmt":"2024-05-15T12:00:27","guid":{"rendered":"http:\/\/www.sestogrado.it\/?post_type=product&#038;p=8700"},"modified":"2026-03-24T22:08:21","modified_gmt":"2026-03-24T21:08:21","slug":"black-diamond-bullet-16-zaino-arrampicata-vie-lunghe","status":"publish","type":"product","link":"https:\/\/www.sestogrado.it\/it\/prodotto\/black-diamond-bullet-16-zaino-arrampicata-vie-lunghe\/","title":{"rendered":"Black Diamond Bullet 16 zaino arrampicata vie lunghe"},"content":{"rendered":"<p>Il Black Diamond Bullet 16 \u00e8 uno zaino specialistico per arrampicata da 16L, ideale per vie multipitch, arrampicata trad. L&#8217;ampia tasca esterna con cerniera consentono un facile e rapido accesso al contenuto dello zaino, la foderatura sulla schiena \u00e8 rimovibile per chi vuole avere lo zaino attaccato ed aderente alla schiena.<\/p>\n<p>Il Bullet 16 \u00e8 un concentrato di versatilit\u00e0 ed \u00e8 un compagno eccellente per una uscita in giornata, un viaggio o una corsa in montagna ad alto kilometraggio. Il corpo dello zaino \u00e8 realizzato con tessuti riciclati e presenta una tasca esterna con cerniera e una tasca interna in rete per tenere al sicuro la tua attrezzatura. Il Bullet 16 \u00e8 inoltre dotato di pannello posteriore in schiuma rimovibile, spallacci ripiegabili e cintura ventrale in tessuto da 20 mm facile da rimuovere, che rendono i viaggi ridotti un gioco da ragazzi.<\/p>\n<ul>\n<li>tasche esterne con chiusura a cerniera<\/li>\n<li>tasche interne imbottite per <strong>protezione oggetti di valore<\/strong><\/li>\n<li>cintura ventrale da 20mm<strong> rimovibile<\/strong><\/li>\n<li>inserimento per cannuccia <a href=\"https:\/\/www.sestogrado.it\/it\/brand\/camelbak\/\" target=\"_blank\" rel=\"noopener\">camelbak<\/a><\/li>\n<li>imbottitura schiena <strong>rimovibile<\/strong><\/li>\n<li>spallacci ampi e comodi<\/li>\n<\/ul>\n<p>&nbsp;<\/p>\n<p>Il Black Diamond Bullet 16 \u00e8 uno zaino compatto, ideale compagno di vie da compiere in giornata, per contenere scarpe da avvicinamento, acqua, viveri e altro materiale personale.<\/p>\n<p>&nbsp;<\/p>\n<p>Black Diamond dal 1957 rappresenta un punto di riferimento mondiale per l\u2019attrezzatura da arrampicata. Ci\u00f2 che all\u2019inizio era una attivit\u00e0 artigianale con incudine e martello oggi si \u00e8 trasformata in una societ\u00e0 globale con uffici in tre continenti. Il segreto di Black Diamond \u00e8 sempre lo stesso: essere una societ\u00e0 formata da appassionati climber. In Black Diamond si continua a sognare su ci\u00f2 che potrebbe essere e si continua ad essere critici su ci\u00f2 che esiste. E\u2019 cos\u00ec che il processo creativo per la realizzazione della migliore attrezzatura da arrampicata non avr\u00e0 mai fine.<\/p>","protected":false},"excerpt":{"rendered":"<p>Il Black Diamond Bullet 16 \u00e8 uno zaino specialistico per arrampicata da 16L, ideale per vie multipitch, arrampicata trad. L&#8217;ampia [&hellip;]<\/p>\n","protected":false},"featured_media":162299,"comment_status":"open","ping_status":"closed","template":"","meta":{"_acf_changed":false},"product_brand":[121],"product_cat":[389],"product_tag":[],"class_list":{"0":"post-8700","1":"product","2":"type-product","3":"status-publish","4":"has-post-thumbnail","6":"product_brand-black-diamond","7":"product_cat-zaini-alpinismo","9":"first","10":"instock","11":"sale","12":"taxable","13":"shipping-taxable","14":"purchasable","15":"product-type-variable"},"acf":[],"yoast_head":"<!-- This site is optimized with the Yoast SEO plugin v26.4 - https:\/\/yoast.com\/wordpress\/plugins\/seo\/ -->\n<title>Black Diamond Bullet 16 zaino arrampicata vie lunghe - Sestogrado<\/title>\n<meta name=\"description\" content=\"Il Black Diamond Bullet 16 \u00e8 uno zaino specialistico per arrampicata da 16L, ideale per vie multipitch, arrampicata trad. L&#039;ampia tasca esterna con cerniera consentono un facile e rapido accesso al contenuto dello zaino, la foderatura sulla schiena \u00e8 rimovibile per chi vuole avere lo zaino attaccato ed aderente alla schiena.Il Bullet 16 \u00e8 un concentrato di versatilit\u00e0 ed \u00e8 un compagno eccellente per una uscita in giornata, un viaggio o una corsa in montagna ad alto kilometraggio. Il corpo dello zaino \u00e8 realizzato con tessuti riciclati e presenta una tasca esterna con cerniera e una tasca interna in rete per tenere al sicuro la tua attrezzatura. Il Bullet 16 \u00e8 inoltre dotato di pannello posteriore in schiuma rimovibile, spallacci ripiegabili e cintura ventrale in tessuto da 20 mm facile da rimuovere, che rendono i viaggi ridotti un gioco da ragazzi.\" \/>\n<meta name=\"robots\" content=\"index, follow, max-snippet:-1, max-image-preview:large, max-video-preview:-1\" \/>\n<link rel=\"canonical\" href=\"https:\/\/www.sestogrado.it\/it\/prodotto\/black-diamond-bullet-16-zaino-arrampicata-vie-lunghe\/\" \/>\n<meta property=\"og:locale\" content=\"it_IT\" \/>\n<meta property=\"og:type\" content=\"article\" \/>\n<meta property=\"og:title\" content=\"Black Diamond Bullet 16 zaino arrampicata vie lunghe - Sestogrado\" \/>\n<meta property=\"og:description\" content=\"Il Black Diamond Bullet 16 \u00e8 uno zaino specialistico per arrampicata da 16L, ideale per vie multipitch, arrampicata trad. L&#039;ampia tasca esterna con cerniera consentono un facile e rapido accesso al contenuto dello zaino, la foderatura sulla schiena \u00e8 rimovibile per chi vuole avere lo zaino attaccato ed aderente alla schiena.Il Bullet 16 \u00e8 un concentrato di versatilit\u00e0 ed \u00e8 un compagno eccellente per una uscita in giornata, un viaggio o una corsa in montagna ad alto kilometraggio. Il corpo dello zaino \u00e8 realizzato con tessuti riciclati e presenta una tasca esterna con cerniera e una tasca interna in rete per tenere al sicuro la tua attrezzatura. Il Bullet 16 \u00e8 inoltre dotato di pannello posteriore in schiuma rimovibile, spallacci ripiegabili e cintura ventrale in tessuto da 20 mm facile da rimuovere, che rendono i viaggi ridotti un gioco da ragazzi.\" \/>\n<meta property=\"og:url\" content=\"https:\/\/www.sestogrado.it\/it\/prodotto\/black-diamond-bullet-16-zaino-arrampicata-vie-lunghe\/\" \/>\n<meta property=\"og:site_name\" content=\"Sestogrado\" \/>\n<meta property=\"article:publisher\" content=\"https:\/\/www.facebook.com\/pages\/Sestogrado\/1542635979353017?ref=bookmarks\" \/>\n<meta property=\"article:modified_time\" content=\"2026-03-24T21:08:21+00:00\" \/>\n<meta property=\"og:image\" content=\"https:\/\/www.sestogrado.it\/wp-content\/uploads\/2016\/09\/03-3.jpg\" \/>\n\t<meta property=\"og:image:width\" content=\"1000\" \/>\n\t<meta property=\"og:image:height\" content=\"1000\" \/>\n\t<meta property=\"og:image:type\" content=\"image\/jpeg\" \/>\n<meta name=\"twitter:label1\" content=\"Disponibilit\u00e0\" \/>\n\t<meta name=\"twitter:data1\" content=\"In stock\" \/>\n<script type=\"application\/ld+json\" class=\"yoast-schema-graph\">{\"@context\":\"https:\/\/schema.org\",\"@graph\":[{\"@type\":\"WebPage\",\"@id\":\"https:\/\/www.sestogrado.it\/it\/prodotto\/black-diamond-bullet-16-zaino-arrampicata-vie-lunghe\/\",\"url\":\"https:\/\/www.sestogrado.it\/it\/prodotto\/black-diamond-bullet-16-zaino-arrampicata-vie-lunghe\/\",\"name\":\"Black Diamond Bullet 16 zaino arrampicata vie lunghe - Sestogrado\",\"isPartOf\":{\"@id\":\"https:\/\/www.sestogrado.it\/it\/#website\"},\"primaryImageOfPage\":{\"@id\":\"https:\/\/www.sestogrado.it\/it\/prodotto\/black-diamond-bullet-16-zaino-arrampicata-vie-lunghe\/#primaryimage\"},\"image\":{\"@id\":\"https:\/\/www.sestogrado.it\/prodotto\/black-diamond-bullet-16-zaino-arrampicata-vie-lunghe\/#primaryimage\"},\"thumbnailUrl\":\"https:\/\/www.sestogrado.it\/wp-content\/uploads\/2016\/09\/03-3.jpg\",\"datePublished\":\"2024-05-15T12:00:27+00:00\",\"dateModified\":\"2026-03-24T21:08:21+00:00\",\"description\":\"Il Black Diamond Bullet 16 \u00e8 uno zaino specialistico per arrampicata da 16L, ideale per vie multipitch, arrampicata trad. L'ampia tasca esterna con cerniera consentono un facile e rapido accesso al contenuto dello zaino, la foderatura sulla schiena \u00e8 rimovibile per chi vuole avere lo zaino attaccato ed aderente alla schiena.Il Bullet 16 \u00e8 un concentrato di versatilit\u00e0 ed \u00e8 un compagno eccellente per una uscita in giornata, un viaggio o una corsa in montagna ad alto kilometraggio. Il corpo dello zaino \u00e8 realizzato con tessuti riciclati e presenta una tasca esterna con cerniera e una tasca interna in rete per tenere al sicuro la tua attrezzatura. Il Bullet 16 \u00e8 inoltre dotato di pannello posteriore in schiuma rimovibile, spallacci ripiegabili e cintura ventrale in tessuto da 20 mm facile da rimuovere, che rendono i viaggi ridotti un gioco da ragazzi.\",\"breadcrumb\":{\"@id\":\"https:\/\/www.sestogrado.it\/it\/prodotto\/black-diamond-bullet-16-zaino-arrampicata-vie-lunghe\/#breadcrumb\"},\"inLanguage\":\"it-IT\",\"potentialAction\":[{\"@type\":\"ReadAction\",\"target\":[[\"https:\/\/www.sestogrado.it\/it\/prodotto\/black-diamond-bullet-16-zaino-arrampicata-vie-lunghe\/\"]]}]},{\"@type\":\"ImageObject\",\"inLanguage\":\"it-IT\",\"@id\":\"https:\/\/www.sestogrado.it\/it\/prodotto\/black-diamond-bullet-16-zaino-arrampicata-vie-lunghe\/#primaryimage\",\"url\":\"https:\/\/www.sestogrado.it\/wp-content\/uploads\/2016\/09\/03-3.jpg\",\"contentUrl\":\"https:\/\/www.sestogrado.it\/wp-content\/uploads\/2016\/09\/03-3.jpg\",\"width\":1000,\"height\":1000},{\"@type\":\"BreadcrumbList\",\"@id\":\"https:\/\/www.sestogrado.it\/it\/prodotto\/black-diamond-bullet-16-zaino-arrampicata-vie-lunghe\/#breadcrumb\",\"itemListElement\":[{\"@type\":\"ListItem\",\"position\":1,\"name\":\"Home\",\"item\":\"https:\/\/www.sestogrado.it\/it\/\"},{\"@type\":\"ListItem\",\"position\":2,\"name\":\"Shop\",\"item\":\"https:\/\/www.sestogrado.it\/it\/shop\/\"},{\"@type\":\"ListItem\",\"position\":3,\"name\":\"Black Diamond Bullet 16 zaino arrampicata vie lunghe\"}]},{\"@type\":\"WebSite\",\"@id\":\"https:\/\/www.sestogrado.it\/it\/#website\",\"url\":\"https:\/\/www.sestogrado.it\/it\/\",\"name\":\"Sestogrado\",\"description\":\"yes we climb\",\"publisher\":{\"@id\":\"https:\/\/www.sestogrado.it\/it\/#organization\"},\"potentialAction\":[{\"@type\":\"SearchAction\",\"target\":{\"@type\":\"EntryPoint\",\"urlTemplate\":\"https:\/\/www.sestogrado.it\/it\/?s={search_term_string}\"},\"query-input\":{\"@type\":\"PropertyValueSpecification\",\"valueRequired\":true,\"valueName\":\"search_term_string\"}}],\"inLanguage\":\"it-IT\"},{\"@type\":\"Organization\",\"@id\":\"https:\/\/www.sestogrado.it\/it\/#organization\",\"name\":\"Sestogrado\",\"url\":\"https:\/\/www.sestogrado.it\/it\/\",\"logo\":{\"@type\":\"ImageObject\",\"inLanguage\":\"it-IT\",\"@id\":\"https:\/\/www.sestogrado.it\/it\/#\/schema\/logo\/image\/\",\"url\":\"https:\/\/www.sestogrado.it\/wp-content\/uploads\/2015\/03\/sestogrado-favicon.png\",\"contentUrl\":\"https:\/\/www.sestogrado.it\/wp-content\/uploads\/2015\/03\/sestogrado-favicon.png\",\"width\":260,\"height\":260,\"caption\":\"Sestogrado\"},\"image\":{\"@id\":\"https:\/\/www.sestogrado.it\/it\/#\/schema\/logo\/image\/\"},\"sameAs\":[\"https:\/\/www.facebook.com\/pages\/Sestogrado\/1542635979353017?ref=bookmarks\",\"https:\/\/www.youtube.com\/channel\/UC847kAfTkaJsWpc1jtQwr3Q\"],\"hasMerchantReturnPolicy\":{\"@type\":\"MerchantReturnPolicy\",\"merchantReturnLink\":\"https:\/\/www.sestogrado.it\/it\/termini-e-condizioni\/\"}}]}<\/script>\n<meta property=\"product:brand\" content=\"Black Diamond\" \/>\n<meta property=\"og:availability\" content=\"instock\" \/>\n<meta property=\"product:availability\" content=\"instock\" \/>\n<meta property=\"product:condition\" content=\"new\" \/>\n<!-- \/ Yoast SEO plugin. -->","yoast_head_json":{"title":"Black Diamond Bullet 16 zaino arrampicata vie lunghe - Sestogrado","description":"Il Black Diamond Bullet 16 \u00e8 uno zaino specialistico per arrampicata da 16L, ideale per vie multipitch, arrampicata trad. L'ampia tasca esterna con cerniera consentono un facile e rapido accesso al contenuto dello zaino, la foderatura sulla schiena \u00e8 rimovibile per chi vuole avere lo zaino attaccato ed aderente alla schiena.Il Bullet 16 \u00e8 un concentrato di versatilit\u00e0 ed \u00e8 un compagno eccellente per una uscita in giornata, un viaggio o una corsa in montagna ad alto kilometraggio. Il corpo dello zaino \u00e8 realizzato con tessuti riciclati e presenta una tasca esterna con cerniera e una tasca interna in rete per tenere al sicuro la tua attrezzatura. Il Bullet 16 \u00e8 inoltre dotato di pannello posteriore in schiuma rimovibile, spallacci ripiegabili e cintura ventrale in tessuto da 20 mm facile da rimuovere, che rendono i viaggi ridotti un gioco da ragazzi.","robots":{"index":"index","follow":"follow","max-snippet":"max-snippet:-1","max-image-preview":"max-image-preview:large","max-video-preview":"max-video-preview:-1"},"canonical":"https:\/\/www.sestogrado.it\/it\/prodotto\/black-diamond-bullet-16-zaino-arrampicata-vie-lunghe\/","og_locale":"it_IT","og_type":"article","og_title":"Black Diamond Bullet 16 zaino arrampicata vie lunghe - Sestogrado","og_description":"Il Black Diamond Bullet 16 \u00e8 uno zaino specialistico per arrampicata da 16L, ideale per vie multipitch, arrampicata trad. L'ampia tasca esterna con cerniera consentono un facile e rapido accesso al contenuto dello zaino, la foderatura sulla schiena \u00e8 rimovibile per chi vuole avere lo zaino attaccato ed aderente alla schiena.Il Bullet 16 \u00e8 un concentrato di versatilit\u00e0 ed \u00e8 un compagno eccellente per una uscita in giornata, un viaggio o una corsa in montagna ad alto kilometraggio. Il corpo dello zaino \u00e8 realizzato con tessuti riciclati e presenta una tasca esterna con cerniera e una tasca interna in rete per tenere al sicuro la tua attrezzatura. Il Bullet 16 \u00e8 inoltre dotato di pannello posteriore in schiuma rimovibile, spallacci ripiegabili e cintura ventrale in tessuto da 20 mm facile da rimuovere, che rendono i viaggi ridotti un gioco da ragazzi.","og_url":"https:\/\/www.sestogrado.it\/it\/prodotto\/black-diamond-bullet-16-zaino-arrampicata-vie-lunghe\/","og_site_name":"Sestogrado","article_publisher":"https:\/\/www.facebook.com\/pages\/Sestogrado\/1542635979353017?ref=bookmarks","article_modified_time":"2026-03-24T21:08:21+00:00","og_image":[{"width":1000,"height":1000,"url":"https:\/\/www.sestogrado.it\/wp-content\/uploads\/2016\/09\/03-3.jpg","type":"image\/jpeg"}],"twitter_misc":{"Disponibilit\u00e0":"In stock"},"schema":{"@context":"https:\/\/schema.org","@graph":[{"@type":"WebPage","@id":"https:\/\/www.sestogrado.it\/it\/prodotto\/black-diamond-bullet-16-zaino-arrampicata-vie-lunghe\/","url":"https:\/\/www.sestogrado.it\/it\/prodotto\/black-diamond-bullet-16-zaino-arrampicata-vie-lunghe\/","name":"Black Diamond Bullet 16 zaino arrampicata vie lunghe - Sestogrado","isPartOf":{"@id":"https:\/\/www.sestogrado.it\/it\/#website"},"primaryImageOfPage":{"@id":"https:\/\/www.sestogrado.it\/it\/prodotto\/black-diamond-bullet-16-zaino-arrampicata-vie-lunghe\/#primaryimage"},"image":{"@id":"https:\/\/www.sestogrado.it\/prodotto\/black-diamond-bullet-16-zaino-arrampicata-vie-lunghe\/#primaryimage"},"thumbnailUrl":"https:\/\/www.sestogrado.it\/wp-content\/uploads\/2016\/09\/03-3.jpg","datePublished":"2024-05-15T12:00:27+00:00","dateModified":"2026-03-24T21:08:21+00:00","description":"Il Black Diamond Bullet 16 \u00e8 uno zaino specialistico per arrampicata da 16L, ideale per vie multipitch, arrampicata trad. L'ampia tasca esterna con cerniera consentono un facile e rapido accesso al contenuto dello zaino, la foderatura sulla schiena \u00e8 rimovibile per chi vuole avere lo zaino attaccato ed aderente alla schiena.Il Bullet 16 \u00e8 un concentrato di versatilit\u00e0 ed \u00e8 un compagno eccellente per una uscita in giornata, un viaggio o una corsa in montagna ad alto kilometraggio. Il corpo dello zaino \u00e8 realizzato con tessuti riciclati e presenta una tasca esterna con cerniera e una tasca interna in rete per tenere al sicuro la tua attrezzatura. Il Bullet 16 \u00e8 inoltre dotato di pannello posteriore in schiuma rimovibile, spallacci ripiegabili e cintura ventrale in tessuto da 20 mm facile da rimuovere, che rendono i viaggi ridotti un gioco da ragazzi.","breadcrumb":{"@id":"https:\/\/www.sestogrado.it\/it\/prodotto\/black-diamond-bullet-16-zaino-arrampicata-vie-lunghe\/#breadcrumb"},"inLanguage":"it-IT","potentialAction":[{"@type":"ReadAction","target":[["https:\/\/www.sestogrado.it\/it\/prodotto\/black-diamond-bullet-16-zaino-arrampicata-vie-lunghe\/"]]}]},{"@type":"ImageObject","inLanguage":"it-IT","@id":"https:\/\/www.sestogrado.it\/it\/prodotto\/black-diamond-bullet-16-zaino-arrampicata-vie-lunghe\/#primaryimage","url":"https:\/\/www.sestogrado.it\/wp-content\/uploads\/2016\/09\/03-3.jpg","contentUrl":"https:\/\/www.sestogrado.it\/wp-content\/uploads\/2016\/09\/03-3.jpg","width":1000,"height":1000},{"@type":"BreadcrumbList","@id":"https:\/\/www.sestogrado.it\/it\/prodotto\/black-diamond-bullet-16-zaino-arrampicata-vie-lunghe\/#breadcrumb","itemListElement":[{"@type":"ListItem","position":1,"name":"Home","item":"https:\/\/www.sestogrado.it\/it\/"},{"@type":"ListItem","position":2,"name":"Shop","item":"https:\/\/www.sestogrado.it\/it\/shop\/"},{"@type":"ListItem","position":3,"name":"Black Diamond Bullet 16 zaino arrampicata vie lunghe"}]},{"@type":"WebSite","@id":"https:\/\/www.sestogrado.it\/it\/#website","url":"https:\/\/www.sestogrado.it\/it\/","name":"Sestogrado","description":"yes we climb","publisher":{"@id":"https:\/\/www.sestogrado.it\/it\/#organization"},"potentialAction":[{"@type":"SearchAction","target":{"@type":"EntryPoint","urlTemplate":"https:\/\/www.sestogrado.it\/it\/?s={search_term_string}"},"query-input":{"@type":"PropertyValueSpecification","valueRequired":true,"valueName":"search_term_string"}}],"inLanguage":"it-IT"},{"@type":"Organization","@id":"https:\/\/www.sestogrado.it\/it\/#organization","name":"Sestogrado","url":"https:\/\/www.sestogrado.it\/it\/","logo":{"@type":"ImageObject","inLanguage":"it-IT","@id":"https:\/\/www.sestogrado.it\/it\/#\/schema\/logo\/image\/","url":"https:\/\/www.sestogrado.it\/wp-content\/uploads\/2015\/03\/sestogrado-favicon.png","contentUrl":"https:\/\/www.sestogrado.it\/wp-content\/uploads\/2015\/03\/sestogrado-favicon.png","width":260,"height":260,"caption":"Sestogrado"},"image":{"@id":"https:\/\/www.sestogrado.it\/it\/#\/schema\/logo\/image\/"},"sameAs":["https:\/\/www.facebook.com\/pages\/Sestogrado\/1542635979353017?ref=bookmarks","https:\/\/www.youtube.com\/channel\/UC847kAfTkaJsWpc1jtQwr3Q"],"hasMerchantReturnPolicy":{"@type":"MerchantReturnPolicy","merchantReturnLink":"https:\/\/www.sestogrado.it\/it\/termini-e-condizioni\/"}}]},"product_brand":"Black Diamond","og_availability":"instock","product_availability":"instock","product_condition":"new"},"_links":{"self":[{"href":"https:\/\/www.sestogrado.it\/it\/wp-json\/wp\/v2\/product\/8700","targetHints":{"allow":["GET"]}}],"collection":[{"href":"https:\/\/www.sestogrado.it\/it\/wp-json\/wp\/v2\/product"}],"about":[{"href":"https:\/\/www.sestogrado.it\/it\/wp-json\/wp\/v2\/types\/product"}],"replies":[{"embeddable":true,"href":"https:\/\/www.sestogrado.it\/it\/wp-json\/wp\/v2\/comments?post=8700"}],"wp:featuredmedia":[{"embeddable":true,"href":"https:\/\/www.sestogrado.it\/it\/wp-json\/wp\/v2\/media\/162299"}],"wp:attachment":[{"href":"https:\/\/www.sestogrado.it\/it\/wp-json\/wp\/v2\/media?parent=8700"}],"wp:term":[{"taxonomy":"product_brand","embeddable":true,"href":"https:\/\/www.sestogrado.it\/it\/wp-json\/wp\/v2\/product_brand?post=8700"},{"taxonomy":"product_cat","embeddable":true,"href":"https:\/\/www.sestogrado.it\/it\/wp-json\/wp\/v2\/product_cat?post=8700"},{"taxonomy":"product_tag","embeddable":true,"href":"https:\/\/www.sestogrado.it\/it\/wp-json\/wp\/v2\/product_tag?post=8700"}],"curies":[{"name":"wp","href":"https:\/\/api.w.org\/{rel}","templated":true}]}}