{"id":85438,"date":"2021-12-14T10:15:11","date_gmt":"2021-12-14T09:15:11","guid":{"rendered":"https:\/\/www.sestogrado.it\/?post_type=product&#038;p=85438"},"modified":"2026-04-02T13:14:30","modified_gmt":"2026-04-02T11:14:30","slug":"petzl-fil-flex-attacchi-anteriori-per-scarponi-senza-bordo","status":"publish","type":"product","link":"https:\/\/www.sestogrado.it\/it\/prodotto\/petzl-fil-flex-attacchi-anteriori-per-scarponi-senza-bordo\/","title":{"rendered":"PETZL FIL FLEX attacchi anteriori per scarponi senza bordo"},"content":{"rendered":"<p><\/p>\n<p class=\"productSubtitle\">FIL FLEX \u00e8 la soluzione per chi possiede scarponi da montagna non tecnici e vuole ramponarli con strumenti di qualit\u00e0, casa PETZL.<\/p>\n<p class=\"productSubtitle\">Si tratta di un sistema di attacco anteriore che permette la perfetta <strong>adattabilit\u00e0<\/strong> tra scarponi senza bordo anteriore e ramponi d&#8217;alpinismo tecnico PETZL.<\/p>\n<div class=\"productCaracteristiquesPosition inlineblock\">\n<p class=\"productCaracteristiques inlineblock\">FIL FLEX \u00e8 fornito in coppia, per l\u2019installazione su un paio di ramponi. Il materiale con cui \u00e8 realizzato \u00e8 acciaio inossidabile e polimero, per conferire leggerezza nel trasporto e nell&#8217;uso.<\/p>\n<\/div>\n<ul>\n<li>Compatibile con i ramponi <a href=\"https:\/\/www.sestogrado.it\/it\/prodotto\/petzl-dart-ramponi-da-ghiaccio\/\" target=\"_blank\" rel=\"noopener\">DART<\/a>, <a href=\"https:\/\/www.sestogrado.it\/it\/prodotto\/petzl-irvis-hybrid-ramponi-da-ghiaccio-ibridi\/\" target=\"_blank\" rel=\"noopener\">IRVIS<\/a>, <a href=\"https:\/\/www.sestogrado.it\/it\/prodotto\/petzl-vasak-leverlock-universel-ramponi\/\" target=\"_blank\" rel=\"noopener\">VASAK<\/a>, SARKEN e <a href=\"https:\/\/www.sestogrado.it\/it\/prodotto\/petzl-lynx-leverlock-universel-ramponi\/\" target=\"_blank\" rel=\"noopener\">LYNX<\/a>.<\/li>\n<li>Prodotto fornito in coppia.<\/li>\n<\/ul>\n<p>&nbsp;<\/p>\n<p>Petzl \u00e8 un\u2019azienda leader nel mondo dell\u2019alpinismo, dell\u2019arrampicata e dell&#8217;attrezzatura lavoro. Nota per la produzione e commercializzazione del Grigri, fornisce migliaia di atleti nel mondo con i migliori prodotti tecnici da arrampicata.<\/p>","protected":false},"excerpt":{"rendered":"<p>FIL FLEX \u00e8 la soluzione per chi possiede scarponi da montagna non tecnici e vuole ramponarli con strumenti di qualit\u00e0, [&hellip;]<\/p>\n","protected":false},"featured_media":85432,"comment_status":"open","ping_status":"closed","template":"","meta":{"_acf_changed":false},"product_brand":[50],"product_cat":[514],"product_tag":[980,983,981,982,978,979],"class_list":{"0":"post-85438","1":"product","2":"type-product","3":"status-publish","4":"has-post-thumbnail","6":"product_brand-petzl","7":"product_cat-ricambi","8":"product_tag-adattare-scarponi-senza-bordo","9":"product_tag-adattatore-per-ramponi-tecnici","10":"product_tag-adattatore-per-scarponi-montagna","11":"product_tag-come-adattare-scarponi-da-montagna-con-ramponi","12":"product_tag-fil-flex","13":"product_tag-fil-flex-petzl","15":"first","16":"instock","17":"sale","18":"taxable","19":"shipping-taxable","20":"purchasable","21":"product-type-simple"},"acf":[],"yoast_head":"<!-- This site is optimized with the Yoast SEO plugin v26.4 - https:\/\/yoast.com\/wordpress\/plugins\/seo\/ -->\n<title>PETZL FIL FLEX attacchi anteriori per scarponi senza bordo - Sestogrado<\/title>\n<meta name=\"description\" content=\"FIL FLEX \u00e8 la soluzione per chi possiede scarponi da montagna non tecnici e vuole ramponarli con strumenti di qualit\u00e0, casa PETZL.Si tratta di un sistema di attacco anteriore che permette l&#039;adattabilit\u00e0 di scarponi senza bordo anteriore con ramponi d&#039;alpinismo tecnico PETZL.FIL FLEX \u00e8 fornito in coppia, per l\u2019installazione su un paio di ramponi. Il materiale con cui \u00e8 realizzato \u00e8 acciaio inossidabile e polimero, per conferire leggerezza nel trasporto e nell&#039;uso.\" \/>\n<meta name=\"robots\" content=\"index, follow, max-snippet:-1, max-image-preview:large, max-video-preview:-1\" \/>\n<link rel=\"canonical\" href=\"https:\/\/www.sestogrado.it\/it\/prodotto\/petzl-fil-flex-attacchi-anteriori-per-scarponi-senza-bordo\/\" \/>\n<meta property=\"og:locale\" content=\"it_IT\" \/>\n<meta property=\"og:type\" content=\"article\" \/>\n<meta property=\"og:title\" content=\"PETZL FIL FLEX attacchi anteriori per scarponi senza bordo - Sestogrado\" \/>\n<meta property=\"og:description\" content=\"FIL FLEX \u00e8 la soluzione per chi possiede scarponi da montagna non tecnici e vuole ramponarli con strumenti di qualit\u00e0, casa PETZL.Si tratta di un sistema di attacco anteriore che permette l&#039;adattabilit\u00e0 di scarponi senza bordo anteriore con ramponi d&#039;alpinismo tecnico PETZL.FIL FLEX \u00e8 fornito in coppia, per l\u2019installazione su un paio di ramponi. Il materiale con cui \u00e8 realizzato \u00e8 acciaio inossidabile e polimero, per conferire leggerezza nel trasporto e nell&#039;uso.\" \/>\n<meta property=\"og:url\" content=\"https:\/\/www.sestogrado.it\/it\/prodotto\/petzl-fil-flex-attacchi-anteriori-per-scarponi-senza-bordo\/\" \/>\n<meta property=\"og:site_name\" content=\"Sestogrado\" \/>\n<meta property=\"article:publisher\" content=\"https:\/\/www.facebook.com\/pages\/Sestogrado\/1542635979353017?ref=bookmarks\" \/>\n<meta property=\"article:modified_time\" content=\"2026-04-02T11:14:30+00:00\" \/>\n<meta property=\"og:image\" content=\"https:\/\/www.sestogrado.it\/wp-content\/uploads\/2021\/11\/FIL-FLEX.jpg\" \/>\n\t<meta property=\"og:image:width\" content=\"861\" \/>\n\t<meta property=\"og:image:height\" content=\"861\" \/>\n\t<meta property=\"og:image:type\" content=\"image\/jpeg\" \/>\n<meta name=\"twitter:label1\" content=\"Prezzo\" \/>\n\t<meta name=\"twitter:data1\" content=\"&euro;&nbsp;29,00\" \/>\n\t<meta name=\"twitter:label2\" content=\"Disponibilit\u00e0\" \/>\n\t<meta name=\"twitter:data2\" content=\"In stock\" \/>\n<script type=\"application\/ld+json\" class=\"yoast-schema-graph\">{\"@context\":\"https:\/\/schema.org\",\"@graph\":[{\"@type\":\"WebPage\",\"@id\":\"https:\/\/www.sestogrado.it\/it\/prodotto\/petzl-fil-flex-attacchi-anteriori-per-scarponi-senza-bordo\/\",\"url\":\"https:\/\/www.sestogrado.it\/it\/prodotto\/petzl-fil-flex-attacchi-anteriori-per-scarponi-senza-bordo\/\",\"name\":\"PETZL FIL FLEX attacchi anteriori per scarponi senza bordo - Sestogrado\",\"isPartOf\":{\"@id\":\"https:\/\/www.sestogrado.it\/it\/#website\"},\"primaryImageOfPage\":{\"@id\":\"https:\/\/www.sestogrado.it\/it\/prodotto\/petzl-fil-flex-attacchi-anteriori-per-scarponi-senza-bordo\/#primaryimage\"},\"image\":{\"@id\":\"https:\/\/www.sestogrado.it\/prodotto\/petzl-fil-flex-attacchi-anteriori-per-scarponi-senza-bordo\/#primaryimage\"},\"thumbnailUrl\":\"https:\/\/www.sestogrado.it\/wp-content\/uploads\/2021\/11\/FIL-FLEX.jpg\",\"datePublished\":\"2021-12-14T09:15:11+00:00\",\"dateModified\":\"2026-04-02T11:14:30+00:00\",\"description\":\"FIL FLEX \u00e8 la soluzione per chi possiede scarponi da montagna non tecnici e vuole ramponarli con strumenti di qualit\u00e0, casa PETZL.Si tratta di un sistema di attacco anteriore che permette l'adattabilit\u00e0 di scarponi senza bordo anteriore con ramponi d'alpinismo tecnico PETZL.FIL FLEX \u00e8 fornito in coppia, per l\u2019installazione su un paio di ramponi. Il materiale con cui \u00e8 realizzato \u00e8 acciaio inossidabile e polimero, per conferire leggerezza nel trasporto e nell'uso.\",\"breadcrumb\":{\"@id\":\"https:\/\/www.sestogrado.it\/it\/prodotto\/petzl-fil-flex-attacchi-anteriori-per-scarponi-senza-bordo\/#breadcrumb\"},\"inLanguage\":\"it-IT\",\"potentialAction\":[{\"@type\":\"ReadAction\",\"target\":[[\"https:\/\/www.sestogrado.it\/it\/prodotto\/petzl-fil-flex-attacchi-anteriori-per-scarponi-senza-bordo\/\"]]}]},{\"@type\":\"ImageObject\",\"inLanguage\":\"it-IT\",\"@id\":\"https:\/\/www.sestogrado.it\/it\/prodotto\/petzl-fil-flex-attacchi-anteriori-per-scarponi-senza-bordo\/#primaryimage\",\"url\":\"https:\/\/www.sestogrado.it\/wp-content\/uploads\/2021\/11\/FIL-FLEX.jpg\",\"contentUrl\":\"https:\/\/www.sestogrado.it\/wp-content\/uploads\/2021\/11\/FIL-FLEX.jpg\",\"width\":861,\"height\":861,\"caption\":\"FIL FLEX per adattare scarponi senza bordo\"},{\"@type\":\"BreadcrumbList\",\"@id\":\"https:\/\/www.sestogrado.it\/it\/prodotto\/petzl-fil-flex-attacchi-anteriori-per-scarponi-senza-bordo\/#breadcrumb\",\"itemListElement\":[{\"@type\":\"ListItem\",\"position\":1,\"name\":\"Home\",\"item\":\"https:\/\/www.sestogrado.it\/it\/\"},{\"@type\":\"ListItem\",\"position\":2,\"name\":\"Shop\",\"item\":\"https:\/\/www.sestogrado.it\/it\/shop\/\"},{\"@type\":\"ListItem\",\"position\":3,\"name\":\"PETZL FIL FLEX attacchi anteriori per scarponi senza bordo\"}]},{\"@type\":\"WebSite\",\"@id\":\"https:\/\/www.sestogrado.it\/it\/#website\",\"url\":\"https:\/\/www.sestogrado.it\/it\/\",\"name\":\"Sestogrado\",\"description\":\"yes we climb\",\"publisher\":{\"@id\":\"https:\/\/www.sestogrado.it\/it\/#organization\"},\"potentialAction\":[{\"@type\":\"SearchAction\",\"target\":{\"@type\":\"EntryPoint\",\"urlTemplate\":\"https:\/\/www.sestogrado.it\/it\/?s={search_term_string}\"},\"query-input\":{\"@type\":\"PropertyValueSpecification\",\"valueRequired\":true,\"valueName\":\"search_term_string\"}}],\"inLanguage\":\"it-IT\"},{\"@type\":\"Organization\",\"@id\":\"https:\/\/www.sestogrado.it\/it\/#organization\",\"name\":\"Sestogrado\",\"url\":\"https:\/\/www.sestogrado.it\/it\/\",\"logo\":{\"@type\":\"ImageObject\",\"inLanguage\":\"it-IT\",\"@id\":\"https:\/\/www.sestogrado.it\/it\/#\/schema\/logo\/image\/\",\"url\":\"https:\/\/www.sestogrado.it\/wp-content\/uploads\/2015\/03\/sestogrado-favicon.png\",\"contentUrl\":\"https:\/\/www.sestogrado.it\/wp-content\/uploads\/2015\/03\/sestogrado-favicon.png\",\"width\":260,\"height\":260,\"caption\":\"Sestogrado\"},\"image\":{\"@id\":\"https:\/\/www.sestogrado.it\/it\/#\/schema\/logo\/image\/\"},\"sameAs\":[\"https:\/\/www.facebook.com\/pages\/Sestogrado\/1542635979353017?ref=bookmarks\",\"https:\/\/www.youtube.com\/channel\/UC847kAfTkaJsWpc1jtQwr3Q\"],\"hasMerchantReturnPolicy\":{\"@type\":\"MerchantReturnPolicy\",\"merchantReturnLink\":\"https:\/\/www.sestogrado.it\/it\/termini-e-condizioni\/\"}}]}<\/script>\n<meta property=\"product:brand\" content=\"Petzl\" \/>\n<meta property=\"product:price:amount\" content=\"29.00\" \/>\n<meta property=\"product:price:currency\" content=\"EUR\" \/>\n<meta property=\"og:availability\" content=\"instock\" \/>\n<meta property=\"product:availability\" content=\"instock\" \/>\n<meta property=\"product:condition\" content=\"new\" \/>\n<!-- \/ Yoast SEO plugin. -->","yoast_head_json":{"title":"PETZL FIL FLEX attacchi anteriori per scarponi senza bordo - Sestogrado","description":"FIL FLEX \u00e8 la soluzione per chi possiede scarponi da montagna non tecnici e vuole ramponarli con strumenti di qualit\u00e0, casa PETZL.Si tratta di un sistema di attacco anteriore che permette l'adattabilit\u00e0 di scarponi senza bordo anteriore con ramponi d'alpinismo tecnico PETZL.FIL FLEX \u00e8 fornito in coppia, per l\u2019installazione su un paio di ramponi. Il materiale con cui \u00e8 realizzato \u00e8 acciaio inossidabile e polimero, per conferire leggerezza nel trasporto e nell'uso.","robots":{"index":"index","follow":"follow","max-snippet":"max-snippet:-1","max-image-preview":"max-image-preview:large","max-video-preview":"max-video-preview:-1"},"canonical":"https:\/\/www.sestogrado.it\/it\/prodotto\/petzl-fil-flex-attacchi-anteriori-per-scarponi-senza-bordo\/","og_locale":"it_IT","og_type":"article","og_title":"PETZL FIL FLEX attacchi anteriori per scarponi senza bordo - Sestogrado","og_description":"FIL FLEX \u00e8 la soluzione per chi possiede scarponi da montagna non tecnici e vuole ramponarli con strumenti di qualit\u00e0, casa PETZL.Si tratta di un sistema di attacco anteriore che permette l'adattabilit\u00e0 di scarponi senza bordo anteriore con ramponi d'alpinismo tecnico PETZL.FIL FLEX \u00e8 fornito in coppia, per l\u2019installazione su un paio di ramponi. Il materiale con cui \u00e8 realizzato \u00e8 acciaio inossidabile e polimero, per conferire leggerezza nel trasporto e nell'uso.","og_url":"https:\/\/www.sestogrado.it\/it\/prodotto\/petzl-fil-flex-attacchi-anteriori-per-scarponi-senza-bordo\/","og_site_name":"Sestogrado","article_publisher":"https:\/\/www.facebook.com\/pages\/Sestogrado\/1542635979353017?ref=bookmarks","article_modified_time":"2026-04-02T11:14:30+00:00","og_image":[{"width":861,"height":861,"url":"https:\/\/www.sestogrado.it\/wp-content\/uploads\/2021\/11\/FIL-FLEX.jpg","type":"image\/jpeg"}],"twitter_misc":{"Prezzo":"&euro;&nbsp;29,00","Disponibilit\u00e0":"In stock"},"schema":{"@context":"https:\/\/schema.org","@graph":[{"@type":"WebPage","@id":"https:\/\/www.sestogrado.it\/it\/prodotto\/petzl-fil-flex-attacchi-anteriori-per-scarponi-senza-bordo\/","url":"https:\/\/www.sestogrado.it\/it\/prodotto\/petzl-fil-flex-attacchi-anteriori-per-scarponi-senza-bordo\/","name":"PETZL FIL FLEX attacchi anteriori per scarponi senza bordo - Sestogrado","isPartOf":{"@id":"https:\/\/www.sestogrado.it\/it\/#website"},"primaryImageOfPage":{"@id":"https:\/\/www.sestogrado.it\/it\/prodotto\/petzl-fil-flex-attacchi-anteriori-per-scarponi-senza-bordo\/#primaryimage"},"image":{"@id":"https:\/\/www.sestogrado.it\/prodotto\/petzl-fil-flex-attacchi-anteriori-per-scarponi-senza-bordo\/#primaryimage"},"thumbnailUrl":"https:\/\/www.sestogrado.it\/wp-content\/uploads\/2021\/11\/FIL-FLEX.jpg","datePublished":"2021-12-14T09:15:11+00:00","dateModified":"2026-04-02T11:14:30+00:00","description":"FIL FLEX \u00e8 la soluzione per chi possiede scarponi da montagna non tecnici e vuole ramponarli con strumenti di qualit\u00e0, casa PETZL.Si tratta di un sistema di attacco anteriore che permette l'adattabilit\u00e0 di scarponi senza bordo anteriore con ramponi d'alpinismo tecnico PETZL.FIL FLEX \u00e8 fornito in coppia, per l\u2019installazione su un paio di ramponi. Il materiale con cui \u00e8 realizzato \u00e8 acciaio inossidabile e polimero, per conferire leggerezza nel trasporto e nell'uso.","breadcrumb":{"@id":"https:\/\/www.sestogrado.it\/it\/prodotto\/petzl-fil-flex-attacchi-anteriori-per-scarponi-senza-bordo\/#breadcrumb"},"inLanguage":"it-IT","potentialAction":[{"@type":"ReadAction","target":[["https:\/\/www.sestogrado.it\/it\/prodotto\/petzl-fil-flex-attacchi-anteriori-per-scarponi-senza-bordo\/"]]}]},{"@type":"ImageObject","inLanguage":"it-IT","@id":"https:\/\/www.sestogrado.it\/it\/prodotto\/petzl-fil-flex-attacchi-anteriori-per-scarponi-senza-bordo\/#primaryimage","url":"https:\/\/www.sestogrado.it\/wp-content\/uploads\/2021\/11\/FIL-FLEX.jpg","contentUrl":"https:\/\/www.sestogrado.it\/wp-content\/uploads\/2021\/11\/FIL-FLEX.jpg","width":861,"height":861,"caption":"FIL FLEX per adattare scarponi senza bordo"},{"@type":"BreadcrumbList","@id":"https:\/\/www.sestogrado.it\/it\/prodotto\/petzl-fil-flex-attacchi-anteriori-per-scarponi-senza-bordo\/#breadcrumb","itemListElement":[{"@type":"ListItem","position":1,"name":"Home","item":"https:\/\/www.sestogrado.it\/it\/"},{"@type":"ListItem","position":2,"name":"Shop","item":"https:\/\/www.sestogrado.it\/it\/shop\/"},{"@type":"ListItem","position":3,"name":"PETZL FIL FLEX attacchi anteriori per scarponi senza bordo"}]},{"@type":"WebSite","@id":"https:\/\/www.sestogrado.it\/it\/#website","url":"https:\/\/www.sestogrado.it\/it\/","name":"Sestogrado","description":"yes we climb","publisher":{"@id":"https:\/\/www.sestogrado.it\/it\/#organization"},"potentialAction":[{"@type":"SearchAction","target":{"@type":"EntryPoint","urlTemplate":"https:\/\/www.sestogrado.it\/it\/?s={search_term_string}"},"query-input":{"@type":"PropertyValueSpecification","valueRequired":true,"valueName":"search_term_string"}}],"inLanguage":"it-IT"},{"@type":"Organization","@id":"https:\/\/www.sestogrado.it\/it\/#organization","name":"Sestogrado","url":"https:\/\/www.sestogrado.it\/it\/","logo":{"@type":"ImageObject","inLanguage":"it-IT","@id":"https:\/\/www.sestogrado.it\/it\/#\/schema\/logo\/image\/","url":"https:\/\/www.sestogrado.it\/wp-content\/uploads\/2015\/03\/sestogrado-favicon.png","contentUrl":"https:\/\/www.sestogrado.it\/wp-content\/uploads\/2015\/03\/sestogrado-favicon.png","width":260,"height":260,"caption":"Sestogrado"},"image":{"@id":"https:\/\/www.sestogrado.it\/it\/#\/schema\/logo\/image\/"},"sameAs":["https:\/\/www.facebook.com\/pages\/Sestogrado\/1542635979353017?ref=bookmarks","https:\/\/www.youtube.com\/channel\/UC847kAfTkaJsWpc1jtQwr3Q"],"hasMerchantReturnPolicy":{"@type":"MerchantReturnPolicy","merchantReturnLink":"https:\/\/www.sestogrado.it\/it\/termini-e-condizioni\/"}}]},"product_brand":"Petzl","product_price_amount":"29.00","product_price_currency":"EUR","og_availability":"instock","product_availability":"instock","product_condition":"new"},"_links":{"self":[{"href":"https:\/\/www.sestogrado.it\/it\/wp-json\/wp\/v2\/product\/85438","targetHints":{"allow":["GET"]}}],"collection":[{"href":"https:\/\/www.sestogrado.it\/it\/wp-json\/wp\/v2\/product"}],"about":[{"href":"https:\/\/www.sestogrado.it\/it\/wp-json\/wp\/v2\/types\/product"}],"replies":[{"embeddable":true,"href":"https:\/\/www.sestogrado.it\/it\/wp-json\/wp\/v2\/comments?post=85438"}],"wp:featuredmedia":[{"embeddable":true,"href":"https:\/\/www.sestogrado.it\/it\/wp-json\/wp\/v2\/media\/85432"}],"wp:attachment":[{"href":"https:\/\/www.sestogrado.it\/it\/wp-json\/wp\/v2\/media?parent=85438"}],"wp:term":[{"taxonomy":"product_brand","embeddable":true,"href":"https:\/\/www.sestogrado.it\/it\/wp-json\/wp\/v2\/product_brand?post=85438"},{"taxonomy":"product_cat","embeddable":true,"href":"https:\/\/www.sestogrado.it\/it\/wp-json\/wp\/v2\/product_cat?post=85438"},{"taxonomy":"product_tag","embeddable":true,"href":"https:\/\/www.sestogrado.it\/it\/wp-json\/wp\/v2\/product_tag?post=85438"}],"curies":[{"name":"wp","href":"https:\/\/api.w.org\/{rel}","templated":true}]}}