{"id":85186,"date":"2023-10-15T17:14:33","date_gmt":"2023-10-15T15:14:33","guid":{"rendered":"https:\/\/www.sestogrado.it\/?post_type=product&#038;p=85186"},"modified":"2026-04-26T12:57:32","modified_gmt":"2026-04-26T10:57:32","slug":"petzl-rad-system-kit-per-crepacci-ghiacciai-e-doppie","status":"publish","type":"product","link":"https:\/\/www.sestogrado.it\/it\/prodotto\/petzl-rad-system-kit-per-crepacci-ghiacciai-e-doppie\/","title":{"rendered":"PETZL Rad System Kit per crepacci, ghiacciai e doppie"},"content":{"rendered":"<p>Rad System Kit (Rescue And Descent) \u00e8 la novit\u00e0 PETZL completa, ultraleggera e compatta per l&#8217;alta montagna.<\/p>\n<p>Completo, ultraleggero e molto compatto, il kit RAD SYSTEM (Rescue And Descent) consente agli sciatori che si spostano in montagna di avere sempre a portata di mano il materiale necessario per effettuare un soccorso in crepaccio, calarsi in doppia o disporsi in cordata con gli sci per allontanarsi da una zona con crepacci. Questo kit comprende una custodia, 30 metri di cordino specifico RAD LINE 6 mm, moschettoni, bloccanti e una fettuccia.<\/p>\n<div class=\"list\">\n<ul>\n<li>Kit completo, ultraleggero e molto compatto:<br \/>\n&#8211; 30 m de cordino RAD LINE 6 mm, progettato in particolare per il soccorso in crepaccio, la discesa in doppia e la legatura in cordata su ghiacciaio per fuggire da una zona con crepacci,<br \/>\n&#8211; 3 moschettoni Sm\u2019D SCREW-LOCK,<br \/>\n&#8211; 1 bloccante TIBLOC,<br \/>\n&#8211; 1 carrucola bloccante NANO TRAXION,<br \/>\n&#8211; 1 fettuccia ST\u2019ANNEAU 120 cm,<br \/>\n&#8211; materiale raccolto in una custodia.<\/li>\n<li>Kit progettato per l\u2019azione:<br \/>\n&#8211; soluzione ideale di fondo zaino per gli scialpinisti,<br \/>\n&#8211; cordino piegato per utilizzo immediato senza rischio di nodo o attorcigliamento,<br \/>\n&#8211; due fibbie sull\u2019esterno della custodia per agganciarla all\u2019imbracatura o nello zaino,<br \/>\n&#8211; fibbie di fettuccia cucite sopra il sacco per agganciare tutti gli elementi del kit,<br \/>\n&#8211; porta chiodi all\u2019esterno della custodia.<\/li>\n<li>Cordino ultraleggero:<br \/>\n&#8211; solo 660 g per 30 m,<br \/>\n&#8211; cordino flessibile dotato di una calza ruvida per un\u2019eccellente prensilit\u00e0, per migliorare il controllo della calata nelle doppie e agevolare l\u2019azione frenante in caso di caduta in crepaccio,<br \/>\n&#8211; allungamento del cordino iperstatico inferiore a 2 %, per facilitare le manovre di soccorso ed eliminare l\u2019effetto yoyo nelle doppie o in caso di arresto di caduta in crepaccio.<\/li>\n<\/ul>\n<\/div>\n<div class=\"list\">\n<ul>\n<li>Materiali: alluminio, acciaio inossidabile, polietilene ad alta densit\u00e0 (PEHD), poliestere, poliammide<\/li>\n<li>Peso: 970 g<\/li>\n<\/ul>\n<\/div>\n<p>&nbsp;<\/p>\n<p>Petzl \u00e8 un\u2019azienda leader nel mondo dell\u2019alpinismo, dell\u2019arrampicata e dell\u2019attrezzatura lavoro. Nota per la produzione e commercializzazione del Grigri, fornisce migliaia di atleti nel mondo con i migliori prodotti tecnici da arrampicata.<\/p>","protected":false},"excerpt":{"rendered":"<p>Rad System Kit (Rescue And Descent) \u00e8 la novit\u00e0 PETZL completa, ultraleggera e compatta per l&#8217;alta montagna. Completo, ultraleggero e [&hellip;]<\/p>\n","protected":false},"featured_media":160374,"comment_status":"open","ping_status":"closed","template":"","meta":{"_acf_changed":false},"product_brand":[50],"product_cat":[1314,512],"product_tag":[963,962,960,961],"class_list":{"0":"post-85186","1":"product","2":"type-product","3":"status-publish","4":"has-post-thumbnail","6":"product_brand-petzl","7":"product_cat-accessori-ghiaccio","8":"product_cat-discensori-e-bloccanti","9":"product_tag-kit-crepaccio","10":"product_tag-kit-crepaccio-petzl","11":"product_tag-kit-soccorso-crepaccio","12":"product_tag-rad-system-kit","14":"first","15":"instock","16":"sale","17":"taxable","18":"shipping-taxable","19":"purchasable","20":"product-type-simple"},"acf":[],"yoast_head":"<!-- This site is optimized with the Yoast SEO plugin v26.4 - https:\/\/yoast.com\/wordpress\/plugins\/seo\/ -->\n<title>PETZL Rad System Kit per crepacci, ghiacciai e doppie - Sestogrado<\/title>\n<meta name=\"description\" content=\"Rad System Kit (Rescue And Descent) \u00e8 la novit\u00e0 PETZL completa, ultraleggera e compatta per l&#039;alta montagna.Il Rad System Kit \u00e8 destinato agli sciatori e alpinisti per il soccorso in crepaccio, la calata in doppia e la progressione in cordata su ghiacciaio. Si tratta di uno strumento innovativo e veloce da utilizzare per fuggire da una zona con crepacci.Consente agli alpinisti che si spostano in montagna di avere sempre a portata di mano il materiale necessario per effettuare un soccorso veloce e sicuro.\" \/>\n<meta name=\"robots\" content=\"index, follow, max-snippet:-1, max-image-preview:large, max-video-preview:-1\" \/>\n<link rel=\"canonical\" href=\"https:\/\/www.sestogrado.it\/it\/prodotto\/petzl-rad-system-kit-per-crepacci-ghiacciai-e-doppie\/\" \/>\n<meta property=\"og:locale\" content=\"it_IT\" \/>\n<meta property=\"og:type\" content=\"article\" \/>\n<meta property=\"og:title\" content=\"PETZL Rad System Kit per crepacci, ghiacciai e doppie - Sestogrado\" \/>\n<meta property=\"og:description\" content=\"Rad System Kit (Rescue And Descent) \u00e8 la novit\u00e0 PETZL completa, ultraleggera e compatta per l&#039;alta montagna.Il Rad System Kit \u00e8 destinato agli sciatori e alpinisti per il soccorso in crepaccio, la calata in doppia e la progressione in cordata su ghiacciaio. Si tratta di uno strumento innovativo e veloce da utilizzare per fuggire da una zona con crepacci.Consente agli alpinisti che si spostano in montagna di avere sempre a portata di mano il materiale necessario per effettuare un soccorso veloce e sicuro.\" \/>\n<meta property=\"og:url\" content=\"https:\/\/www.sestogrado.it\/it\/prodotto\/petzl-rad-system-kit-per-crepacci-ghiacciai-e-doppie\/\" \/>\n<meta property=\"og:site_name\" content=\"Sestogrado\" \/>\n<meta property=\"article:publisher\" content=\"https:\/\/www.facebook.com\/pages\/Sestogrado\/1542635979353017?ref=bookmarks\" \/>\n<meta property=\"article:modified_time\" content=\"2026-04-26T10:57:32+00:00\" \/>\n<meta property=\"og:image\" content=\"https:\/\/www.sestogrado.it\/wp-content\/uploads\/2023\/10\/rad-system.jpg\" \/>\n\t<meta property=\"og:image:width\" content=\"1197\" \/>\n\t<meta property=\"og:image:height\" content=\"1197\" \/>\n\t<meta property=\"og:image:type\" content=\"image\/jpeg\" \/>\n<meta name=\"twitter:label1\" content=\"Prezzo\" \/>\n\t<meta name=\"twitter:data1\" content=\"&euro;&nbsp;249,00\" \/>\n\t<meta name=\"twitter:label2\" content=\"Disponibilit\u00e0\" \/>\n\t<meta name=\"twitter:data2\" content=\"In stock\" \/>\n<script type=\"application\/ld+json\" class=\"yoast-schema-graph\">{\"@context\":\"https:\/\/schema.org\",\"@graph\":[{\"@type\":\"WebPage\",\"@id\":\"https:\/\/www.sestogrado.it\/it\/prodotto\/petzl-rad-system-kit-per-crepacci-ghiacciai-e-doppie\/\",\"url\":\"https:\/\/www.sestogrado.it\/it\/prodotto\/petzl-rad-system-kit-per-crepacci-ghiacciai-e-doppie\/\",\"name\":\"PETZL Rad System Kit per crepacci, ghiacciai e doppie - Sestogrado\",\"isPartOf\":{\"@id\":\"https:\/\/www.sestogrado.it\/it\/#website\"},\"primaryImageOfPage\":{\"@id\":\"https:\/\/www.sestogrado.it\/it\/prodotto\/petzl-rad-system-kit-per-crepacci-ghiacciai-e-doppie\/#primaryimage\"},\"image\":{\"@id\":\"https:\/\/www.sestogrado.it\/prodotto\/petzl-rad-system-kit-per-crepacci-ghiacciai-e-doppie\/#primaryimage\"},\"thumbnailUrl\":\"https:\/\/www.sestogrado.it\/wp-content\/uploads\/2023\/10\/rad-system.jpg\",\"datePublished\":\"2023-10-15T15:14:33+00:00\",\"dateModified\":\"2026-04-26T10:57:32+00:00\",\"description\":\"Rad System Kit (Rescue And Descent) \u00e8 la novit\u00e0 PETZL completa, ultraleggera e compatta per l'alta montagna.Il Rad System Kit \u00e8 destinato agli sciatori e alpinisti per il soccorso in crepaccio, la calata in doppia e la progressione in cordata su ghiacciaio. Si tratta di uno strumento innovativo e veloce da utilizzare per fuggire da una zona con crepacci.Consente agli alpinisti che si spostano in montagna di avere sempre a portata di mano il materiale necessario per effettuare un soccorso veloce e sicuro.\",\"breadcrumb\":{\"@id\":\"https:\/\/www.sestogrado.it\/it\/prodotto\/petzl-rad-system-kit-per-crepacci-ghiacciai-e-doppie\/#breadcrumb\"},\"inLanguage\":\"it-IT\",\"potentialAction\":[{\"@type\":\"ReadAction\",\"target\":[[\"https:\/\/www.sestogrado.it\/it\/prodotto\/petzl-rad-system-kit-per-crepacci-ghiacciai-e-doppie\/\"]]}]},{\"@type\":\"ImageObject\",\"inLanguage\":\"it-IT\",\"@id\":\"https:\/\/www.sestogrado.it\/it\/prodotto\/petzl-rad-system-kit-per-crepacci-ghiacciai-e-doppie\/#primaryimage\",\"url\":\"https:\/\/www.sestogrado.it\/wp-content\/uploads\/2023\/10\/rad-system.jpg\",\"contentUrl\":\"https:\/\/www.sestogrado.it\/wp-content\/uploads\/2023\/10\/rad-system.jpg\",\"width\":1197,\"height\":1197,\"caption\":\"rad-system\"},{\"@type\":\"BreadcrumbList\",\"@id\":\"https:\/\/www.sestogrado.it\/it\/prodotto\/petzl-rad-system-kit-per-crepacci-ghiacciai-e-doppie\/#breadcrumb\",\"itemListElement\":[{\"@type\":\"ListItem\",\"position\":1,\"name\":\"Home\",\"item\":\"https:\/\/www.sestogrado.it\/it\/\"},{\"@type\":\"ListItem\",\"position\":2,\"name\":\"Shop\",\"item\":\"https:\/\/www.sestogrado.it\/it\/shop\/\"},{\"@type\":\"ListItem\",\"position\":3,\"name\":\"PETZL Rad System Kit per crepacci, ghiacciai e doppie\"}]},{\"@type\":\"WebSite\",\"@id\":\"https:\/\/www.sestogrado.it\/it\/#website\",\"url\":\"https:\/\/www.sestogrado.it\/it\/\",\"name\":\"Sestogrado\",\"description\":\"yes we climb\",\"publisher\":{\"@id\":\"https:\/\/www.sestogrado.it\/it\/#organization\"},\"potentialAction\":[{\"@type\":\"SearchAction\",\"target\":{\"@type\":\"EntryPoint\",\"urlTemplate\":\"https:\/\/www.sestogrado.it\/it\/?s={search_term_string}\"},\"query-input\":{\"@type\":\"PropertyValueSpecification\",\"valueRequired\":true,\"valueName\":\"search_term_string\"}}],\"inLanguage\":\"it-IT\"},{\"@type\":\"Organization\",\"@id\":\"https:\/\/www.sestogrado.it\/it\/#organization\",\"name\":\"Sestogrado\",\"url\":\"https:\/\/www.sestogrado.it\/it\/\",\"logo\":{\"@type\":\"ImageObject\",\"inLanguage\":\"it-IT\",\"@id\":\"https:\/\/www.sestogrado.it\/it\/#\/schema\/logo\/image\/\",\"url\":\"https:\/\/www.sestogrado.it\/wp-content\/uploads\/2015\/03\/sestogrado-favicon.png\",\"contentUrl\":\"https:\/\/www.sestogrado.it\/wp-content\/uploads\/2015\/03\/sestogrado-favicon.png\",\"width\":260,\"height\":260,\"caption\":\"Sestogrado\"},\"image\":{\"@id\":\"https:\/\/www.sestogrado.it\/it\/#\/schema\/logo\/image\/\"},\"sameAs\":[\"https:\/\/www.facebook.com\/pages\/Sestogrado\/1542635979353017?ref=bookmarks\",\"https:\/\/www.youtube.com\/channel\/UC847kAfTkaJsWpc1jtQwr3Q\"],\"hasMerchantReturnPolicy\":{\"@type\":\"MerchantReturnPolicy\",\"merchantReturnLink\":\"https:\/\/www.sestogrado.it\/it\/termini-e-condizioni\/\"}}]}<\/script>\n<meta property=\"product:brand\" content=\"Petzl\" \/>\n<meta property=\"product:price:amount\" content=\"249.00\" \/>\n<meta property=\"product:price:currency\" content=\"EUR\" \/>\n<meta property=\"og:availability\" content=\"instock\" \/>\n<meta property=\"product:availability\" content=\"instock\" \/>\n<meta property=\"product:condition\" content=\"new\" \/>\n<!-- \/ Yoast SEO plugin. -->","yoast_head_json":{"title":"PETZL Rad System Kit per crepacci, ghiacciai e doppie - Sestogrado","description":"Rad System Kit (Rescue And Descent) \u00e8 la novit\u00e0 PETZL completa, ultraleggera e compatta per l'alta montagna.Il Rad System Kit \u00e8 destinato agli sciatori e alpinisti per il soccorso in crepaccio, la calata in doppia e la progressione in cordata su ghiacciaio. Si tratta di uno strumento innovativo e veloce da utilizzare per fuggire da una zona con crepacci.Consente agli alpinisti che si spostano in montagna di avere sempre a portata di mano il materiale necessario per effettuare un soccorso veloce e sicuro.","robots":{"index":"index","follow":"follow","max-snippet":"max-snippet:-1","max-image-preview":"max-image-preview:large","max-video-preview":"max-video-preview:-1"},"canonical":"https:\/\/www.sestogrado.it\/it\/prodotto\/petzl-rad-system-kit-per-crepacci-ghiacciai-e-doppie\/","og_locale":"it_IT","og_type":"article","og_title":"PETZL Rad System Kit per crepacci, ghiacciai e doppie - Sestogrado","og_description":"Rad System Kit (Rescue And Descent) \u00e8 la novit\u00e0 PETZL completa, ultraleggera e compatta per l'alta montagna.Il Rad System Kit \u00e8 destinato agli sciatori e alpinisti per il soccorso in crepaccio, la calata in doppia e la progressione in cordata su ghiacciaio. Si tratta di uno strumento innovativo e veloce da utilizzare per fuggire da una zona con crepacci.Consente agli alpinisti che si spostano in montagna di avere sempre a portata di mano il materiale necessario per effettuare un soccorso veloce e sicuro.","og_url":"https:\/\/www.sestogrado.it\/it\/prodotto\/petzl-rad-system-kit-per-crepacci-ghiacciai-e-doppie\/","og_site_name":"Sestogrado","article_publisher":"https:\/\/www.facebook.com\/pages\/Sestogrado\/1542635979353017?ref=bookmarks","article_modified_time":"2026-04-26T10:57:32+00:00","og_image":[{"width":1197,"height":1197,"url":"https:\/\/www.sestogrado.it\/wp-content\/uploads\/2023\/10\/rad-system.jpg","type":"image\/jpeg"}],"twitter_misc":{"Prezzo":"&euro;&nbsp;249,00","Disponibilit\u00e0":"In stock"},"schema":{"@context":"https:\/\/schema.org","@graph":[{"@type":"WebPage","@id":"https:\/\/www.sestogrado.it\/it\/prodotto\/petzl-rad-system-kit-per-crepacci-ghiacciai-e-doppie\/","url":"https:\/\/www.sestogrado.it\/it\/prodotto\/petzl-rad-system-kit-per-crepacci-ghiacciai-e-doppie\/","name":"PETZL Rad System Kit per crepacci, ghiacciai e doppie - Sestogrado","isPartOf":{"@id":"https:\/\/www.sestogrado.it\/it\/#website"},"primaryImageOfPage":{"@id":"https:\/\/www.sestogrado.it\/it\/prodotto\/petzl-rad-system-kit-per-crepacci-ghiacciai-e-doppie\/#primaryimage"},"image":{"@id":"https:\/\/www.sestogrado.it\/prodotto\/petzl-rad-system-kit-per-crepacci-ghiacciai-e-doppie\/#primaryimage"},"thumbnailUrl":"https:\/\/www.sestogrado.it\/wp-content\/uploads\/2023\/10\/rad-system.jpg","datePublished":"2023-10-15T15:14:33+00:00","dateModified":"2026-04-26T10:57:32+00:00","description":"Rad System Kit (Rescue And Descent) \u00e8 la novit\u00e0 PETZL completa, ultraleggera e compatta per l'alta montagna.Il Rad System Kit \u00e8 destinato agli sciatori e alpinisti per il soccorso in crepaccio, la calata in doppia e la progressione in cordata su ghiacciaio. Si tratta di uno strumento innovativo e veloce da utilizzare per fuggire da una zona con crepacci.Consente agli alpinisti che si spostano in montagna di avere sempre a portata di mano il materiale necessario per effettuare un soccorso veloce e sicuro.","breadcrumb":{"@id":"https:\/\/www.sestogrado.it\/it\/prodotto\/petzl-rad-system-kit-per-crepacci-ghiacciai-e-doppie\/#breadcrumb"},"inLanguage":"it-IT","potentialAction":[{"@type":"ReadAction","target":[["https:\/\/www.sestogrado.it\/it\/prodotto\/petzl-rad-system-kit-per-crepacci-ghiacciai-e-doppie\/"]]}]},{"@type":"ImageObject","inLanguage":"it-IT","@id":"https:\/\/www.sestogrado.it\/it\/prodotto\/petzl-rad-system-kit-per-crepacci-ghiacciai-e-doppie\/#primaryimage","url":"https:\/\/www.sestogrado.it\/wp-content\/uploads\/2023\/10\/rad-system.jpg","contentUrl":"https:\/\/www.sestogrado.it\/wp-content\/uploads\/2023\/10\/rad-system.jpg","width":1197,"height":1197,"caption":"rad-system"},{"@type":"BreadcrumbList","@id":"https:\/\/www.sestogrado.it\/it\/prodotto\/petzl-rad-system-kit-per-crepacci-ghiacciai-e-doppie\/#breadcrumb","itemListElement":[{"@type":"ListItem","position":1,"name":"Home","item":"https:\/\/www.sestogrado.it\/it\/"},{"@type":"ListItem","position":2,"name":"Shop","item":"https:\/\/www.sestogrado.it\/it\/shop\/"},{"@type":"ListItem","position":3,"name":"PETZL Rad System Kit per crepacci, ghiacciai e doppie"}]},{"@type":"WebSite","@id":"https:\/\/www.sestogrado.it\/it\/#website","url":"https:\/\/www.sestogrado.it\/it\/","name":"Sestogrado","description":"yes we climb","publisher":{"@id":"https:\/\/www.sestogrado.it\/it\/#organization"},"potentialAction":[{"@type":"SearchAction","target":{"@type":"EntryPoint","urlTemplate":"https:\/\/www.sestogrado.it\/it\/?s={search_term_string}"},"query-input":{"@type":"PropertyValueSpecification","valueRequired":true,"valueName":"search_term_string"}}],"inLanguage":"it-IT"},{"@type":"Organization","@id":"https:\/\/www.sestogrado.it\/it\/#organization","name":"Sestogrado","url":"https:\/\/www.sestogrado.it\/it\/","logo":{"@type":"ImageObject","inLanguage":"it-IT","@id":"https:\/\/www.sestogrado.it\/it\/#\/schema\/logo\/image\/","url":"https:\/\/www.sestogrado.it\/wp-content\/uploads\/2015\/03\/sestogrado-favicon.png","contentUrl":"https:\/\/www.sestogrado.it\/wp-content\/uploads\/2015\/03\/sestogrado-favicon.png","width":260,"height":260,"caption":"Sestogrado"},"image":{"@id":"https:\/\/www.sestogrado.it\/it\/#\/schema\/logo\/image\/"},"sameAs":["https:\/\/www.facebook.com\/pages\/Sestogrado\/1542635979353017?ref=bookmarks","https:\/\/www.youtube.com\/channel\/UC847kAfTkaJsWpc1jtQwr3Q"],"hasMerchantReturnPolicy":{"@type":"MerchantReturnPolicy","merchantReturnLink":"https:\/\/www.sestogrado.it\/it\/termini-e-condizioni\/"}}]},"product_brand":"Petzl","product_price_amount":"249.00","product_price_currency":"EUR","og_availability":"instock","product_availability":"instock","product_condition":"new"},"_links":{"self":[{"href":"https:\/\/www.sestogrado.it\/it\/wp-json\/wp\/v2\/product\/85186","targetHints":{"allow":["GET"]}}],"collection":[{"href":"https:\/\/www.sestogrado.it\/it\/wp-json\/wp\/v2\/product"}],"about":[{"href":"https:\/\/www.sestogrado.it\/it\/wp-json\/wp\/v2\/types\/product"}],"replies":[{"embeddable":true,"href":"https:\/\/www.sestogrado.it\/it\/wp-json\/wp\/v2\/comments?post=85186"}],"wp:featuredmedia":[{"embeddable":true,"href":"https:\/\/www.sestogrado.it\/it\/wp-json\/wp\/v2\/media\/160374"}],"wp:attachment":[{"href":"https:\/\/www.sestogrado.it\/it\/wp-json\/wp\/v2\/media?parent=85186"}],"wp:term":[{"taxonomy":"product_brand","embeddable":true,"href":"https:\/\/www.sestogrado.it\/it\/wp-json\/wp\/v2\/product_brand?post=85186"},{"taxonomy":"product_cat","embeddable":true,"href":"https:\/\/www.sestogrado.it\/it\/wp-json\/wp\/v2\/product_cat?post=85186"},{"taxonomy":"product_tag","embeddable":true,"href":"https:\/\/www.sestogrado.it\/it\/wp-json\/wp\/v2\/product_tag?post=85186"}],"curies":[{"name":"wp","href":"https:\/\/api.w.org\/{rel}","templated":true}]}}