{"id":84878,"date":"2021-11-12T15:08:01","date_gmt":"2021-11-12T14:08:01","guid":{"rendered":"https:\/\/www.sestogrado.it\/?post_type=product&#038;p=84878"},"modified":"2026-03-30T21:58:54","modified_gmt":"2026-03-30T19:58:54","slug":"beal-opera-8-5-unicore-golden-dry-corda-arrampicata","status":"publish","type":"product","link":"https:\/\/www.sestogrado.it\/it\/prodotto\/beal-opera-8-5-unicore-golden-dry-corda-arrampicata\/","title":{"rendered":"Beal Opera 8.5 Unicore Golden Dry corda arrampicata"},"content":{"rendered":"<p>La Beal Opera Golden Dry 8.5 \u00e8 la <strong>prima e unica corda singola<\/strong> nel mercato con una leggerezza pari a 48gr\/m e con spessore di soli 8.5mm. Con trattamento Golden Dry, \u00e8 totalmente impermeabile, anima e calza, per cui idonea ad ambienti ghiacciati. E&#8217; <strong>altamente resistente alle abrasion<\/strong>i grazie alla tecnologia UNICORE, nonostante la leggerezza di soli 48grammi al metro.<\/p>\n<p>Opera Golden Dry \u00e8 stata creata per gli <strong>alpinisti e dediti alla montagna<\/strong> in tutte le stagioni, in particolare per l&#8217;uso in ghiacciaio, cascate di ghiaccio e conserva. Lo spessore ridotto ne permette l&#8217;uso come corda dinamica singola ultra leggera. Ideale quindi per guide alpine e appassionati dell&#8217;<strong>ultra light<\/strong>, per avventure uniche, intense e rapide.<\/p>\n<p>L&#8217;Opera Golden Dry \u00e8 omologata per l&#8217;uso come <strong>corda singola, doppia e gemella<\/strong>.<\/p>\n<p>Lo spessore di 8,5 millimetri la rende compatibile con i pi\u00f9 comuni dispositivi di assicurazione in commercio.<\/p>\n<p>Infine, la Beal Opera Golden Dry \u00e8 una corda attenta all&#8217;ambiente, per climbers che ci tengono al rispetto dell&#8217;ambiente. E&#8217; infatti 100% riciclabile!<\/p>\n<p>La corda non plus ultra per l&#8217;arrampicata in montagna, per chi cerca solo il meglio nel mercato.<\/p>\n<p>&nbsp;<\/p>\n<p>Punti di forza:<\/p>\n<ul>\n<li>Ultra light e ultra sottile: soli 48grammi\/metro e soli 8.5mm<\/li>\n<li>Tecnologia UNICORE per lunga durata e anti abrasione<\/li>\n<li>Tecnologia GOLDEN DRY per impermeabilit\u00e0<\/li>\n<li>Sviluppata con THERMO FLUID: Il trattamento stabilizza le fibre della calza per renderle pi\u00f9 omogenee. il risultato \u00e8 una corda pi\u00f9 compatta e super maneggevole.<\/li>\n<li>Magic Pack: sbobinamento facile<\/li>\n<li>1 corda, 3 usi: omologata come corda <strong>singola, doppia e gemella<\/strong><\/li>\n<li>100% riciclabile<\/li>\n<\/ul>\n<p>&nbsp;<\/p>\n<div class=\"woocommerce-tabs wc-tabs-wrapper\">\n<div id=\"tab-description\" class=\"woocommerce-Tabs-panel woocommerce-Tabs-panel--description panel entry-content wc-tab collapse dont-collapse-sm\" role=\"tabpanel\" aria-labelledby=\"headingDetails\">\n<p>&nbsp;<\/p>\n<\/div>\n<p><img decoding=\"async\" class=\" wp-image-12333 aligncenter\" src=\"https:\/\/www.sestogrado.it\/wp-content\/uploads\/2017\/07\/GD.jpg\" alt=\"golden dry\" width=\"99\" height=\"116\" srcset=\"https:\/\/www.sestogrado.it\/wp-content\/uploads\/2017\/07\/GD.jpg 238w, https:\/\/www.sestogrado.it\/wp-content\/uploads\/2017\/07\/GD-54x64.jpg 54w\" sizes=\"(max-width: 99px) 100vw, 99px\" \/><\/p>\n<p><strong>Trattamento Golden Dry<\/strong>: Ogni filo della calza \u00e8 trattato con un componente chimico idrofobo prima della fabbricazione della calza. Questo componente si polimerizza alle alte temperature. Secondo i parametri UIAA le corde Beal Golden Dry assorbono meno del 3% di acqua.<\/p>\n<\/div>\n<p><img decoding=\"async\" class=\" wp-image-4189 aligncenter\" src=\"https:\/\/www.sestogrado.it\/wp-content\/uploads\/2016\/02\/ThermoFluid.png\" alt=\"ThermoFluid\" width=\"97\" height=\"97\" srcset=\"https:\/\/www.sestogrado.it\/wp-content\/uploads\/2016\/02\/ThermoFluid.png 200w, https:\/\/www.sestogrado.it\/wp-content\/uploads\/2016\/02\/ThermoFluid-100x100.png 100w, https:\/\/www.sestogrado.it\/wp-content\/uploads\/2016\/02\/ThermoFluid-150x150.png 150w, https:\/\/www.sestogrado.it\/wp-content\/uploads\/2016\/02\/ThermoFluid-350x350.png 350w, https:\/\/www.sestogrado.it\/wp-content\/uploads\/2016\/02\/ThermoFluid-45x45.png 45w, https:\/\/www.sestogrado.it\/wp-content\/uploads\/2016\/02\/ThermoFluid-64x64.png 64w\" sizes=\"(max-width: 97px) 100vw, 97px\" \/><\/p>\n<p><strong>Trattamento Thermo Fluid<\/strong>: Trattamento ad infrarossi che stabilizza le fibre della guaina e la rende pi\u00f9 omogenea.<\/p>\n<div class=\"woocommerce-tabs wc-tabs-wrapper\">\n<p><img decoding=\"async\" class=\"size-full wp-image-4190 aligncenter\" src=\"https:\/\/www.sestogrado.it\/wp-content\/uploads\/2016\/02\/logoUnicore.png\" alt=\"logoUnicore\" width=\"100\" height=\"101\" srcset=\"https:\/\/www.sestogrado.it\/wp-content\/uploads\/2016\/02\/logoUnicore.png 100w, https:\/\/www.sestogrado.it\/wp-content\/uploads\/2016\/02\/logoUnicore-150x150.png 150w, https:\/\/www.sestogrado.it\/wp-content\/uploads\/2016\/02\/logoUnicore-350x350.png 350w, https:\/\/www.sestogrado.it\/wp-content\/uploads\/2016\/02\/logoUnicore-45x45.png 45w, https:\/\/www.sestogrado.it\/wp-content\/uploads\/2016\/02\/logoUnicore-63x64.png 63w\" sizes=\"(max-width: 100px) 100vw, 100px\" \/><\/p>\n<p><strong>Trattamento Unicore<\/strong>: Processo straordinario che unisce l\u2019anima e la calza della corda senza modificarne le caratteristiche di morbidezza. Se la calza \u00e8 tagliata o lacerata, l\u2019anima e la calza restano solidali. Su una corda classica, se la calza si taglia per abrasione su spigolo, fenomeno frequente nei lavori in quota, la calza scorre sull\u2019anima e si ammassa per diversi metri.<\/p>\n<\/div>\n<p>&nbsp;<\/p>\n<div class=\"woocommerce-tabs wc-tabs-wrapper\">\n<div id=\"tab-description\" class=\"woocommerce-Tabs-panel woocommerce-Tabs-panel--description panel entry-content wc-tab collapse dont-collapse-sm\" role=\"tabpanel\" aria-labelledby=\"headingDetails\">\n<p>Beal \u00e8 leader mondiale nella produzione di corde da montagna grazie ad un avanzato sviluppo tecnologico nel processo \u00a0di fabbricazione che gli \u00e8 valso il certificato Iso 9001. Sempre attento alle esigenze degli arrampicatori, \u00e8 stato in grado di apportare dinamicit\u00e0 alla pratica dell\u2019arrampicata grazie ad un\u2019intensa attivit\u00e0 di ricerca. In particolare, Black Limit, Program System, trattamento Dry Cover, imbragature Aero, tecnologia Unicore.<\/p>\n<\/div>\n<\/div>\n","protected":false},"excerpt":{"rendered":"<p>La Beal Opera Golden Dry 8.5 \u00e8 la prima e unica corda singola nel mercato con una leggerezza pari a [&hellip;]<\/p>\n","protected":false},"featured_media":84872,"comment_status":"open","ping_status":"closed","template":"","meta":{"_acf_changed":false},"product_brand":[84],"product_cat":[136],"product_tag":[936,938,945,947,413,450,946,449],"class_list":{"0":"post-84878","1":"product","2":"type-product","3":"status-publish","4":"has-post-thumbnail","6":"product_brand-beal","7":"product_cat-corde-corde","8":"product_tag-corda-arrampicata","9":"product_tag-corda-beal","10":"product_tag-corda-gemella","11":"product_tag-corda-montagna","12":"product_tag-corda-singola","13":"product_tag-corda-unicore","14":"product_tag-golden-dry-corda","15":"product_tag-mezze-corde","17":"first","18":"instock","19":"sale","20":"featured","21":"taxable","22":"shipping-taxable","23":"purchasable","24":"product-type-variable"},"acf":[],"yoast_head":"<!-- This site is optimized with the Yoast SEO plugin v26.4 - https:\/\/yoast.com\/wordpress\/plugins\/seo\/ -->\n<title>Beal Opera 8.5 Unicore Golden Dry corda arrampicata - Sestogrado<\/title>\n<meta name=\"description\" content=\"La Beal Opera Golden Dry 8.5 \u00e8 la prima e unica corda singola nel mercato con una leggerezza pari a 48gr\/m e con spessore di soli 8.5mm. Con trattamento Golden Dry, \u00e8 totalmente impermeabile, anima e calza, per cui idonea ad ambienti ghiacciati. E&#039; altamente resistente alle abrasioni grazie alla tecnologia UNICORE, nonostante la leggerezza di soli 48grammi al metro.Opera Golden Dry \u00e8 stata creata per gli alpinisti e dediti alla montagna in tutte le stagioni, in particolare per l&#039;uso in ghiacciaio, cascate di ghiaccio e conserva. Lo spessore ridotto ne permette l&#039;uso come corda dinamica singola ultra leggera. Ideale quindi per guide alpine e appassionati dell&#039;ultra light, per avventure uniche, intense e rapide.L&#039;Opera Golden Dry \u00e8 omologata per l&#039;uso come corda singola, doppia e gemella.Lo spessore di 8,5 millimetri la rende compatibile con i pi\u00f9 comuni dispositivi di assicurazione in commercio.Infine, la Beal Opera Golden Dry \u00e8 una corda attenta all&#039;ambiente, per climbers che ci tengono al rispetto dell&#039;ambiente. E&#039; infatti 100% riciclabile!La corda non plus ultra per l&#039;arrampicata in montagna, per chi cerca solo il meglio nel mercato.\" \/>\n<meta name=\"robots\" content=\"index, follow, max-snippet:-1, max-image-preview:large, max-video-preview:-1\" \/>\n<link rel=\"canonical\" href=\"https:\/\/www.sestogrado.it\/it\/prodotto\/beal-opera-8-5-unicore-golden-dry-corda-arrampicata\/\" \/>\n<meta property=\"og:locale\" content=\"it_IT\" \/>\n<meta property=\"og:type\" content=\"article\" \/>\n<meta property=\"og:title\" content=\"Beal Opera 8.5 Unicore Golden Dry corda arrampicata - Sestogrado\" \/>\n<meta property=\"og:description\" content=\"La Beal Opera Golden Dry 8.5 \u00e8 la prima e unica corda singola nel mercato con una leggerezza pari a 48gr\/m e con spessore di soli 8.5mm. Con trattamento Golden Dry, \u00e8 totalmente impermeabile, anima e calza, per cui idonea ad ambienti ghiacciati. E&#039; altamente resistente alle abrasioni grazie alla tecnologia UNICORE, nonostante la leggerezza di soli 48grammi al metro.Opera Golden Dry \u00e8 stata creata per gli alpinisti e dediti alla montagna in tutte le stagioni, in particolare per l&#039;uso in ghiacciaio, cascate di ghiaccio e conserva. Lo spessore ridotto ne permette l&#039;uso come corda dinamica singola ultra leggera. Ideale quindi per guide alpine e appassionati dell&#039;ultra light, per avventure uniche, intense e rapide.L&#039;Opera Golden Dry \u00e8 omologata per l&#039;uso come corda singola, doppia e gemella.Lo spessore di 8,5 millimetri la rende compatibile con i pi\u00f9 comuni dispositivi di assicurazione in commercio.Infine, la Beal Opera Golden Dry \u00e8 una corda attenta all&#039;ambiente, per climbers che ci tengono al rispetto dell&#039;ambiente. E&#039; infatti 100% riciclabile!La corda non plus ultra per l&#039;arrampicata in montagna, per chi cerca solo il meglio nel mercato.\" \/>\n<meta property=\"og:url\" content=\"https:\/\/www.sestogrado.it\/it\/prodotto\/beal-opera-8-5-unicore-golden-dry-corda-arrampicata\/\" \/>\n<meta property=\"og:site_name\" content=\"Sestogrado\" \/>\n<meta property=\"article:publisher\" content=\"https:\/\/www.facebook.com\/pages\/Sestogrado\/1542635979353017?ref=bookmarks\" \/>\n<meta property=\"article:modified_time\" content=\"2026-03-30T19:58:54+00:00\" \/>\n<meta property=\"og:image\" content=\"https:\/\/www.sestogrado.it\/wp-content\/uploads\/2021\/11\/beal-gd-blue.jpg\" \/>\n\t<meta property=\"og:image:width\" content=\"1000\" \/>\n\t<meta property=\"og:image:height\" content=\"1000\" \/>\n\t<meta property=\"og:image:type\" content=\"image\/jpeg\" \/>\n<meta name=\"twitter:label1\" content=\"Disponibilit\u00e0\" \/>\n\t<meta name=\"twitter:data1\" content=\"In stock\" \/>\n<script type=\"application\/ld+json\" class=\"yoast-schema-graph\">{\"@context\":\"https:\/\/schema.org\",\"@graph\":[{\"@type\":\"WebPage\",\"@id\":\"https:\/\/www.sestogrado.it\/it\/prodotto\/beal-opera-8-5-unicore-golden-dry-corda-arrampicata\/\",\"url\":\"https:\/\/www.sestogrado.it\/it\/prodotto\/beal-opera-8-5-unicore-golden-dry-corda-arrampicata\/\",\"name\":\"Beal Opera 8.5 Unicore Golden Dry corda arrampicata - Sestogrado\",\"isPartOf\":{\"@id\":\"https:\/\/www.sestogrado.it\/it\/#website\"},\"primaryImageOfPage\":{\"@id\":\"https:\/\/www.sestogrado.it\/it\/prodotto\/beal-opera-8-5-unicore-golden-dry-corda-arrampicata\/#primaryimage\"},\"image\":{\"@id\":\"https:\/\/www.sestogrado.it\/prodotto\/beal-opera-8-5-unicore-golden-dry-corda-arrampicata\/#primaryimage\"},\"thumbnailUrl\":\"https:\/\/www.sestogrado.it\/wp-content\/uploads\/2021\/11\/beal-gd-blue.jpg\",\"datePublished\":\"2021-11-12T14:08:01+00:00\",\"dateModified\":\"2026-03-30T19:58:54+00:00\",\"description\":\"La Beal Opera Golden Dry 8.5 \u00e8 la prima e unica corda singola nel mercato con una leggerezza pari a 48gr\/m e con spessore di soli 8.5mm. Con trattamento Golden Dry, \u00e8 totalmente impermeabile, anima e calza, per cui idonea ad ambienti ghiacciati. E' altamente resistente alle abrasioni grazie alla tecnologia UNICORE, nonostante la leggerezza di soli 48grammi al metro.Opera Golden Dry \u00e8 stata creata per gli alpinisti e dediti alla montagna in tutte le stagioni, in particolare per l'uso in ghiacciaio, cascate di ghiaccio e conserva. Lo spessore ridotto ne permette l'uso come corda dinamica singola ultra leggera. Ideale quindi per guide alpine e appassionati dell'ultra light, per avventure uniche, intense e rapide.L'Opera Golden Dry \u00e8 omologata per l'uso come corda singola, doppia e gemella.Lo spessore di 8,5 millimetri la rende compatibile con i pi\u00f9 comuni dispositivi di assicurazione in commercio.Infine, la Beal Opera Golden Dry \u00e8 una corda attenta all'ambiente, per climbers che ci tengono al rispetto dell'ambiente. E' infatti 100% riciclabile!La corda non plus ultra per l'arrampicata in montagna, per chi cerca solo il meglio nel mercato.\",\"breadcrumb\":{\"@id\":\"https:\/\/www.sestogrado.it\/it\/prodotto\/beal-opera-8-5-unicore-golden-dry-corda-arrampicata\/#breadcrumb\"},\"inLanguage\":\"it-IT\",\"potentialAction\":[{\"@type\":\"ReadAction\",\"target\":[[\"https:\/\/www.sestogrado.it\/it\/prodotto\/beal-opera-8-5-unicore-golden-dry-corda-arrampicata\/\"]]}]},{\"@type\":\"ImageObject\",\"inLanguage\":\"it-IT\",\"@id\":\"https:\/\/www.sestogrado.it\/it\/prodotto\/beal-opera-8-5-unicore-golden-dry-corda-arrampicata\/#primaryimage\",\"url\":\"https:\/\/www.sestogrado.it\/wp-content\/uploads\/2021\/11\/beal-gd-blue.jpg\",\"contentUrl\":\"https:\/\/www.sestogrado.it\/wp-content\/uploads\/2021\/11\/beal-gd-blue.jpg\",\"width\":1000,\"height\":1000,\"caption\":\"beal opera golden dry\"},{\"@type\":\"BreadcrumbList\",\"@id\":\"https:\/\/www.sestogrado.it\/it\/prodotto\/beal-opera-8-5-unicore-golden-dry-corda-arrampicata\/#breadcrumb\",\"itemListElement\":[{\"@type\":\"ListItem\",\"position\":1,\"name\":\"Home\",\"item\":\"https:\/\/www.sestogrado.it\/it\/\"},{\"@type\":\"ListItem\",\"position\":2,\"name\":\"Shop\",\"item\":\"https:\/\/www.sestogrado.it\/it\/shop\/\"},{\"@type\":\"ListItem\",\"position\":3,\"name\":\"Beal Opera 8.5 Unicore Golden Dry corda arrampicata\"}]},{\"@type\":\"WebSite\",\"@id\":\"https:\/\/www.sestogrado.it\/it\/#website\",\"url\":\"https:\/\/www.sestogrado.it\/it\/\",\"name\":\"Sestogrado\",\"description\":\"yes we climb\",\"publisher\":{\"@id\":\"https:\/\/www.sestogrado.it\/it\/#organization\"},\"potentialAction\":[{\"@type\":\"SearchAction\",\"target\":{\"@type\":\"EntryPoint\",\"urlTemplate\":\"https:\/\/www.sestogrado.it\/it\/?s={search_term_string}\"},\"query-input\":{\"@type\":\"PropertyValueSpecification\",\"valueRequired\":true,\"valueName\":\"search_term_string\"}}],\"inLanguage\":\"it-IT\"},{\"@type\":\"Organization\",\"@id\":\"https:\/\/www.sestogrado.it\/it\/#organization\",\"name\":\"Sestogrado\",\"url\":\"https:\/\/www.sestogrado.it\/it\/\",\"logo\":{\"@type\":\"ImageObject\",\"inLanguage\":\"it-IT\",\"@id\":\"https:\/\/www.sestogrado.it\/it\/#\/schema\/logo\/image\/\",\"url\":\"https:\/\/www.sestogrado.it\/wp-content\/uploads\/2015\/03\/sestogrado-favicon.png\",\"contentUrl\":\"https:\/\/www.sestogrado.it\/wp-content\/uploads\/2015\/03\/sestogrado-favicon.png\",\"width\":260,\"height\":260,\"caption\":\"Sestogrado\"},\"image\":{\"@id\":\"https:\/\/www.sestogrado.it\/it\/#\/schema\/logo\/image\/\"},\"sameAs\":[\"https:\/\/www.facebook.com\/pages\/Sestogrado\/1542635979353017?ref=bookmarks\",\"https:\/\/www.youtube.com\/channel\/UC847kAfTkaJsWpc1jtQwr3Q\"],\"hasMerchantReturnPolicy\":{\"@type\":\"MerchantReturnPolicy\",\"merchantReturnLink\":\"https:\/\/www.sestogrado.it\/it\/termini-e-condizioni\/\"}}]}<\/script>\n<meta property=\"product:brand\" content=\"Beal\" \/>\n<meta property=\"og:availability\" content=\"instock\" \/>\n<meta property=\"product:availability\" content=\"instock\" \/>\n<meta property=\"product:condition\" content=\"new\" \/>\n<!-- \/ Yoast SEO plugin. -->","yoast_head_json":{"title":"Beal Opera 8.5 Unicore Golden Dry corda arrampicata - Sestogrado","description":"La Beal Opera Golden Dry 8.5 \u00e8 la prima e unica corda singola nel mercato con una leggerezza pari a 48gr\/m e con spessore di soli 8.5mm. Con trattamento Golden Dry, \u00e8 totalmente impermeabile, anima e calza, per cui idonea ad ambienti ghiacciati. E' altamente resistente alle abrasioni grazie alla tecnologia UNICORE, nonostante la leggerezza di soli 48grammi al metro.Opera Golden Dry \u00e8 stata creata per gli alpinisti e dediti alla montagna in tutte le stagioni, in particolare per l'uso in ghiacciaio, cascate di ghiaccio e conserva. Lo spessore ridotto ne permette l'uso come corda dinamica singola ultra leggera. Ideale quindi per guide alpine e appassionati dell'ultra light, per avventure uniche, intense e rapide.L'Opera Golden Dry \u00e8 omologata per l'uso come corda singola, doppia e gemella.Lo spessore di 8,5 millimetri la rende compatibile con i pi\u00f9 comuni dispositivi di assicurazione in commercio.Infine, la Beal Opera Golden Dry \u00e8 una corda attenta all'ambiente, per climbers che ci tengono al rispetto dell'ambiente. E' infatti 100% riciclabile!La corda non plus ultra per l'arrampicata in montagna, per chi cerca solo il meglio nel mercato.","robots":{"index":"index","follow":"follow","max-snippet":"max-snippet:-1","max-image-preview":"max-image-preview:large","max-video-preview":"max-video-preview:-1"},"canonical":"https:\/\/www.sestogrado.it\/it\/prodotto\/beal-opera-8-5-unicore-golden-dry-corda-arrampicata\/","og_locale":"it_IT","og_type":"article","og_title":"Beal Opera 8.5 Unicore Golden Dry corda arrampicata - Sestogrado","og_description":"La Beal Opera Golden Dry 8.5 \u00e8 la prima e unica corda singola nel mercato con una leggerezza pari a 48gr\/m e con spessore di soli 8.5mm. Con trattamento Golden Dry, \u00e8 totalmente impermeabile, anima e calza, per cui idonea ad ambienti ghiacciati. E' altamente resistente alle abrasioni grazie alla tecnologia UNICORE, nonostante la leggerezza di soli 48grammi al metro.Opera Golden Dry \u00e8 stata creata per gli alpinisti e dediti alla montagna in tutte le stagioni, in particolare per l'uso in ghiacciaio, cascate di ghiaccio e conserva. Lo spessore ridotto ne permette l'uso come corda dinamica singola ultra leggera. Ideale quindi per guide alpine e appassionati dell'ultra light, per avventure uniche, intense e rapide.L'Opera Golden Dry \u00e8 omologata per l'uso come corda singola, doppia e gemella.Lo spessore di 8,5 millimetri la rende compatibile con i pi\u00f9 comuni dispositivi di assicurazione in commercio.Infine, la Beal Opera Golden Dry \u00e8 una corda attenta all'ambiente, per climbers che ci tengono al rispetto dell'ambiente. E' infatti 100% riciclabile!La corda non plus ultra per l'arrampicata in montagna, per chi cerca solo il meglio nel mercato.","og_url":"https:\/\/www.sestogrado.it\/it\/prodotto\/beal-opera-8-5-unicore-golden-dry-corda-arrampicata\/","og_site_name":"Sestogrado","article_publisher":"https:\/\/www.facebook.com\/pages\/Sestogrado\/1542635979353017?ref=bookmarks","article_modified_time":"2026-03-30T19:58:54+00:00","og_image":[{"width":1000,"height":1000,"url":"https:\/\/www.sestogrado.it\/wp-content\/uploads\/2021\/11\/beal-gd-blue.jpg","type":"image\/jpeg"}],"twitter_misc":{"Disponibilit\u00e0":"In stock"},"schema":{"@context":"https:\/\/schema.org","@graph":[{"@type":"WebPage","@id":"https:\/\/www.sestogrado.it\/it\/prodotto\/beal-opera-8-5-unicore-golden-dry-corda-arrampicata\/","url":"https:\/\/www.sestogrado.it\/it\/prodotto\/beal-opera-8-5-unicore-golden-dry-corda-arrampicata\/","name":"Beal Opera 8.5 Unicore Golden Dry corda arrampicata - Sestogrado","isPartOf":{"@id":"https:\/\/www.sestogrado.it\/it\/#website"},"primaryImageOfPage":{"@id":"https:\/\/www.sestogrado.it\/it\/prodotto\/beal-opera-8-5-unicore-golden-dry-corda-arrampicata\/#primaryimage"},"image":{"@id":"https:\/\/www.sestogrado.it\/prodotto\/beal-opera-8-5-unicore-golden-dry-corda-arrampicata\/#primaryimage"},"thumbnailUrl":"https:\/\/www.sestogrado.it\/wp-content\/uploads\/2021\/11\/beal-gd-blue.jpg","datePublished":"2021-11-12T14:08:01+00:00","dateModified":"2026-03-30T19:58:54+00:00","description":"La Beal Opera Golden Dry 8.5 \u00e8 la prima e unica corda singola nel mercato con una leggerezza pari a 48gr\/m e con spessore di soli 8.5mm. Con trattamento Golden Dry, \u00e8 totalmente impermeabile, anima e calza, per cui idonea ad ambienti ghiacciati. E' altamente resistente alle abrasioni grazie alla tecnologia UNICORE, nonostante la leggerezza di soli 48grammi al metro.Opera Golden Dry \u00e8 stata creata per gli alpinisti e dediti alla montagna in tutte le stagioni, in particolare per l'uso in ghiacciaio, cascate di ghiaccio e conserva. Lo spessore ridotto ne permette l'uso come corda dinamica singola ultra leggera. Ideale quindi per guide alpine e appassionati dell'ultra light, per avventure uniche, intense e rapide.L'Opera Golden Dry \u00e8 omologata per l'uso come corda singola, doppia e gemella.Lo spessore di 8,5 millimetri la rende compatibile con i pi\u00f9 comuni dispositivi di assicurazione in commercio.Infine, la Beal Opera Golden Dry \u00e8 una corda attenta all'ambiente, per climbers che ci tengono al rispetto dell'ambiente. E' infatti 100% riciclabile!La corda non plus ultra per l'arrampicata in montagna, per chi cerca solo il meglio nel mercato.","breadcrumb":{"@id":"https:\/\/www.sestogrado.it\/it\/prodotto\/beal-opera-8-5-unicore-golden-dry-corda-arrampicata\/#breadcrumb"},"inLanguage":"it-IT","potentialAction":[{"@type":"ReadAction","target":[["https:\/\/www.sestogrado.it\/it\/prodotto\/beal-opera-8-5-unicore-golden-dry-corda-arrampicata\/"]]}]},{"@type":"ImageObject","inLanguage":"it-IT","@id":"https:\/\/www.sestogrado.it\/it\/prodotto\/beal-opera-8-5-unicore-golden-dry-corda-arrampicata\/#primaryimage","url":"https:\/\/www.sestogrado.it\/wp-content\/uploads\/2021\/11\/beal-gd-blue.jpg","contentUrl":"https:\/\/www.sestogrado.it\/wp-content\/uploads\/2021\/11\/beal-gd-blue.jpg","width":1000,"height":1000,"caption":"beal opera golden dry"},{"@type":"BreadcrumbList","@id":"https:\/\/www.sestogrado.it\/it\/prodotto\/beal-opera-8-5-unicore-golden-dry-corda-arrampicata\/#breadcrumb","itemListElement":[{"@type":"ListItem","position":1,"name":"Home","item":"https:\/\/www.sestogrado.it\/it\/"},{"@type":"ListItem","position":2,"name":"Shop","item":"https:\/\/www.sestogrado.it\/it\/shop\/"},{"@type":"ListItem","position":3,"name":"Beal Opera 8.5 Unicore Golden Dry corda arrampicata"}]},{"@type":"WebSite","@id":"https:\/\/www.sestogrado.it\/it\/#website","url":"https:\/\/www.sestogrado.it\/it\/","name":"Sestogrado","description":"yes we climb","publisher":{"@id":"https:\/\/www.sestogrado.it\/it\/#organization"},"potentialAction":[{"@type":"SearchAction","target":{"@type":"EntryPoint","urlTemplate":"https:\/\/www.sestogrado.it\/it\/?s={search_term_string}"},"query-input":{"@type":"PropertyValueSpecification","valueRequired":true,"valueName":"search_term_string"}}],"inLanguage":"it-IT"},{"@type":"Organization","@id":"https:\/\/www.sestogrado.it\/it\/#organization","name":"Sestogrado","url":"https:\/\/www.sestogrado.it\/it\/","logo":{"@type":"ImageObject","inLanguage":"it-IT","@id":"https:\/\/www.sestogrado.it\/it\/#\/schema\/logo\/image\/","url":"https:\/\/www.sestogrado.it\/wp-content\/uploads\/2015\/03\/sestogrado-favicon.png","contentUrl":"https:\/\/www.sestogrado.it\/wp-content\/uploads\/2015\/03\/sestogrado-favicon.png","width":260,"height":260,"caption":"Sestogrado"},"image":{"@id":"https:\/\/www.sestogrado.it\/it\/#\/schema\/logo\/image\/"},"sameAs":["https:\/\/www.facebook.com\/pages\/Sestogrado\/1542635979353017?ref=bookmarks","https:\/\/www.youtube.com\/channel\/UC847kAfTkaJsWpc1jtQwr3Q"],"hasMerchantReturnPolicy":{"@type":"MerchantReturnPolicy","merchantReturnLink":"https:\/\/www.sestogrado.it\/it\/termini-e-condizioni\/"}}]},"product_brand":"Beal","og_availability":"instock","product_availability":"instock","product_condition":"new"},"_links":{"self":[{"href":"https:\/\/www.sestogrado.it\/it\/wp-json\/wp\/v2\/product\/84878","targetHints":{"allow":["GET"]}}],"collection":[{"href":"https:\/\/www.sestogrado.it\/it\/wp-json\/wp\/v2\/product"}],"about":[{"href":"https:\/\/www.sestogrado.it\/it\/wp-json\/wp\/v2\/types\/product"}],"replies":[{"embeddable":true,"href":"https:\/\/www.sestogrado.it\/it\/wp-json\/wp\/v2\/comments?post=84878"}],"wp:featuredmedia":[{"embeddable":true,"href":"https:\/\/www.sestogrado.it\/it\/wp-json\/wp\/v2\/media\/84872"}],"wp:attachment":[{"href":"https:\/\/www.sestogrado.it\/it\/wp-json\/wp\/v2\/media?parent=84878"}],"wp:term":[{"taxonomy":"product_brand","embeddable":true,"href":"https:\/\/www.sestogrado.it\/it\/wp-json\/wp\/v2\/product_brand?post=84878"},{"taxonomy":"product_cat","embeddable":true,"href":"https:\/\/www.sestogrado.it\/it\/wp-json\/wp\/v2\/product_cat?post=84878"},{"taxonomy":"product_tag","embeddable":true,"href":"https:\/\/www.sestogrado.it\/it\/wp-json\/wp\/v2\/product_tag?post=84878"}],"curies":[{"name":"wp","href":"https:\/\/api.w.org\/{rel}","templated":true}]}}