{"id":84655,"date":"2021-11-11T10:11:35","date_gmt":"2021-11-11T09:11:35","guid":{"rendered":"https:\/\/www.sestogrado.it\/?post_type=product&#038;p=84655"},"modified":"2026-01-16T17:44:17","modified_gmt":"2026-01-16T16:44:17","slug":"camp-g-wool-guanti-caldi-tradizionali-per-montagna","status":"publish","type":"product","link":"https:\/\/www.sestogrado.it\/it\/prodotto\/camp-g-wool-guanti-caldi-tradizionali-per-montagna\/","title":{"rendered":"CAMP G Wool guanti caldi tradizionali per montagna"},"content":{"rendered":"<p>CAMP \u00e8 sempre a fianco degli appassionati della montagna. Questo guanto G Wool caldo in tessuto a maglia misto poliestere, lana e nylon \u00e8 pensato per chi affronta avventure alpinistiche tutto l&#8217;anno e cerca <strong>comfort, caldo e traspirabilit\u00e0<\/strong>. G Wool: un guanto tradizionale, per chi ama il classico, <strong>senza ingombro<\/strong>.<\/p>\n<p>L&#8217;isolamento termico \u00e8 garantito dalla costruzione con pi\u00f9 materiali isolanti stratificati, quali poliestere-lana-nylon dall&#8217;esterno all&#8217;interno.<\/p>\n<p>Gli inserti in <em>pelle di capra<\/em> apportano un ottimo grip per la gestione degli strumenti alpinistici e offrono <strong>resistenza nel tempo<\/strong> alle abrasioni.<\/p>\n<p>Se la tecnicit\u00e0 ed isolamento \u00e8 da montagna, l&#8217;aspetto fine e senza ingombro \u00e8 perfetto per il tempo libero, confermando l&#8217;<strong>adattabilit\u00e0<\/strong> del guanto G Wool caldo a diverse occasioni.<\/p>\n<p>&nbsp;<\/p>\n<ul>\n<li>Guanto in tessuto a maglia misto poliestere, lana e nylon<\/li>\n<li>Palmo e dita in morbida e resistente <em>pelle di capra<\/em><\/li>\n<li>Polso con lacciolo<\/li>\n<\/ul>\n<p><iframe src=\"\/\/www.youtube.com\/embed\/xFImG-g49D4\" width=\"560\" height=\"314\" allowfullscreen=\"allowfullscreen\"><\/iframe><\/p>\n<p>Come scegliere la taglia:<\/p>\n<p><img decoding=\"async\" class=\"size-full wp-image-23609 img-fluid alignnone\" src=\"https:\/\/www.sestogrado.it\/wp-content\/uploads\/2019\/10\/mano.png\" alt=\"mano\" width=\"300\" height=\"300\" srcset=\"https:\/\/www.sestogrado.it\/wp-content\/uploads\/2019\/10\/mano.png 300w, https:\/\/www.sestogrado.it\/wp-content\/uploads\/2019\/10\/mano-100x100.png 100w, https:\/\/www.sestogrado.it\/wp-content\/uploads\/2019\/10\/mano-220x220.png 220w, https:\/\/www.sestogrado.it\/wp-content\/uploads\/2019\/10\/mano-150x150.png 150w, https:\/\/www.sestogrado.it\/wp-content\/uploads\/2019\/10\/mano-45x45.png 45w, https:\/\/www.sestogrado.it\/wp-content\/uploads\/2019\/10\/mano-64x64.png 64w, https:\/\/www.sestogrado.it\/wp-content\/uploads\/2019\/10\/mano-80x80.png 80w\" sizes=\"(max-width: 300px) 100vw, 300px\" \/><\/p>\n<p>&nbsp;<\/p>\n<p>XS 12.7cm<\/p>\n<p>S 15.24cm<\/p>\n<p>M 17.78cm<\/p>\n<p>L 20.32cm<\/p>\n<p>XL 22.86cm<\/p>\n<p>XXL 25.40cm<\/p>\n<p>XXXL 27.94cm<\/p>\n<p>&nbsp;<\/p>\n<p>&nbsp;<\/p>\n<p>Passione, lavoro e semplicit\u00e0 sono alcune delle parole chiave che da sempre hanno contraddistinto il modo di essere di C.A.M.P. Fondata nel 1889 a Premana, paese dell\u2019alta Valsassina dove tutt\u2019oggi ha la sua sede, C.A.M.P. realizza prodotti che aiutano a realizzare i sogni ed i progetti di tutti coloro che frequentano la montagna.<\/p>","protected":false},"excerpt":{"rendered":"<p>CAMP \u00e8 sempre a fianco degli appassionati della montagna. Questo guanto G Wool caldo in tessuto a maglia misto poliestere, [&hellip;]<\/p>\n","protected":false},"featured_media":84701,"comment_status":"open","ping_status":"closed","template":"","meta":{"_acf_changed":false},"product_brand":[31],"product_cat":[1427,1428],"product_tag":[918,896,467,897,895,894],"class_list":{"0":"post-84655","1":"product","2":"type-product","3":"status-publish","4":"has-post-thumbnail","6":"product_brand-camp","7":"product_cat-outdoor","8":"product_cat-guanti-da-alpinismo","9":"product_tag-guanti","10":"product_tag-guanti-alta-quota","11":"product_tag-guanti-arrampicata","12":"product_tag-guanti-camp","13":"product_tag-guanti-inverno","14":"product_tag-guanti-montagna","16":"first","17":"instock","18":"sale","19":"taxable","20":"shipping-taxable","21":"purchasable","22":"product-type-variable"},"acf":[],"yoast_head":"<!-- This site is optimized with the Yoast SEO plugin v26.4 - https:\/\/yoast.com\/wordpress\/plugins\/seo\/ -->\n<title>CAMP G Wool guanti caldi tradizionali per montagna - Sestogrado<\/title>\n<meta name=\"description\" content=\"CAMP \u00e8 sempre a fianco degli appassionati della montagna. Questo guanto G Wool caldo in tessuto a maglia misto poliestere, lana e nylon \u00e8 pensato per chi affronta avventure alpinistiche tutto l&#039;anno e cerca comfort, caldo e traspirabilit\u00e0. G Wool: un guanto tradizionale, per chi ama il classico, senza ingombro.L&#039;isolamento termico \u00e8 garantito dalla costruzione con pi\u00f9 materiali isolanti stratificati, quali poliestere-lana-nylon dall&#039;esterno all&#039;interno.Gli inserti in pelle di capra apportano un ottimo grip per la gestione degli strumenti alpinistici e offrono resistenza nel tempo alle abrasioni.Se la tecnicit\u00e0 ed isolamento \u00e8 da montagna, l&#039;aspetto fine e senza ingombro \u00e8 perfetto per il tempo libero, confermando l&#039;adattabilit\u00e0 del guanto G Wool caldo a diverse occasioni.\" \/>\n<meta name=\"robots\" content=\"index, follow, max-snippet:-1, max-image-preview:large, max-video-preview:-1\" \/>\n<link rel=\"canonical\" href=\"https:\/\/www.sestogrado.it\/it\/prodotto\/camp-g-wool-guanti-caldi-tradizionali-per-montagna\/\" \/>\n<meta property=\"og:locale\" content=\"it_IT\" \/>\n<meta property=\"og:type\" content=\"article\" \/>\n<meta property=\"og:title\" content=\"CAMP G Wool guanti caldi tradizionali per montagna - Sestogrado\" \/>\n<meta property=\"og:description\" content=\"CAMP \u00e8 sempre a fianco degli appassionati della montagna. Questo guanto G Wool caldo in tessuto a maglia misto poliestere, lana e nylon \u00e8 pensato per chi affronta avventure alpinistiche tutto l&#039;anno e cerca comfort, caldo e traspirabilit\u00e0. G Wool: un guanto tradizionale, per chi ama il classico, senza ingombro.L&#039;isolamento termico \u00e8 garantito dalla costruzione con pi\u00f9 materiali isolanti stratificati, quali poliestere-lana-nylon dall&#039;esterno all&#039;interno.Gli inserti in pelle di capra apportano un ottimo grip per la gestione degli strumenti alpinistici e offrono resistenza nel tempo alle abrasioni.Se la tecnicit\u00e0 ed isolamento \u00e8 da montagna, l&#039;aspetto fine e senza ingombro \u00e8 perfetto per il tempo libero, confermando l&#039;adattabilit\u00e0 del guanto G Wool caldo a diverse occasioni.\" \/>\n<meta property=\"og:url\" content=\"https:\/\/www.sestogrado.it\/it\/prodotto\/camp-g-wool-guanti-caldi-tradizionali-per-montagna\/\" \/>\n<meta property=\"og:site_name\" content=\"Sestogrado\" \/>\n<meta property=\"article:publisher\" content=\"https:\/\/www.facebook.com\/pages\/Sestogrado\/1542635979353017?ref=bookmarks\" \/>\n<meta property=\"article:modified_time\" content=\"2026-01-16T16:44:17+00:00\" \/>\n<meta property=\"og:image\" content=\"https:\/\/www.sestogrado.it\/wp-content\/uploads\/2021\/11\/02-5.jpg\" \/>\n\t<meta property=\"og:image:width\" content=\"1700\" \/>\n\t<meta property=\"og:image:height\" content=\"1700\" \/>\n\t<meta property=\"og:image:type\" content=\"image\/jpeg\" \/>\n<meta name=\"twitter:label1\" content=\"Disponibilit\u00e0\" \/>\n\t<meta name=\"twitter:data1\" content=\"In stock\" \/>\n<script type=\"application\/ld+json\" class=\"yoast-schema-graph\">{\"@context\":\"https:\/\/schema.org\",\"@graph\":[{\"@type\":\"WebPage\",\"@id\":\"https:\/\/www.sestogrado.it\/it\/prodotto\/camp-g-wool-guanti-caldi-tradizionali-per-montagna\/\",\"url\":\"https:\/\/www.sestogrado.it\/it\/prodotto\/camp-g-wool-guanti-caldi-tradizionali-per-montagna\/\",\"name\":\"CAMP G Wool guanti caldi tradizionali per montagna - Sestogrado\",\"isPartOf\":{\"@id\":\"https:\/\/www.sestogrado.it\/it\/#website\"},\"primaryImageOfPage\":{\"@id\":\"https:\/\/www.sestogrado.it\/it\/prodotto\/camp-g-wool-guanti-caldi-tradizionali-per-montagna\/#primaryimage\"},\"image\":{\"@id\":\"https:\/\/www.sestogrado.it\/prodotto\/camp-g-wool-guanti-caldi-tradizionali-per-montagna\/#primaryimage\"},\"thumbnailUrl\":\"https:\/\/www.sestogrado.it\/wp-content\/uploads\/2021\/11\/02-5.jpg\",\"datePublished\":\"2021-11-11T09:11:35+00:00\",\"dateModified\":\"2026-01-16T16:44:17+00:00\",\"description\":\"CAMP \u00e8 sempre a fianco degli appassionati della montagna. Questo guanto G Wool caldo in tessuto a maglia misto poliestere, lana e nylon \u00e8 pensato per chi affronta avventure alpinistiche tutto l'anno e cerca comfort, caldo e traspirabilit\u00e0. G Wool: un guanto tradizionale, per chi ama il classico, senza ingombro.L'isolamento termico \u00e8 garantito dalla costruzione con pi\u00f9 materiali isolanti stratificati, quali poliestere-lana-nylon dall'esterno all'interno.Gli inserti in pelle di capra apportano un ottimo grip per la gestione degli strumenti alpinistici e offrono resistenza nel tempo alle abrasioni.Se la tecnicit\u00e0 ed isolamento \u00e8 da montagna, l'aspetto fine e senza ingombro \u00e8 perfetto per il tempo libero, confermando l'adattabilit\u00e0 del guanto G Wool caldo a diverse occasioni.\",\"breadcrumb\":{\"@id\":\"https:\/\/www.sestogrado.it\/it\/prodotto\/camp-g-wool-guanti-caldi-tradizionali-per-montagna\/#breadcrumb\"},\"inLanguage\":\"it-IT\",\"potentialAction\":[{\"@type\":\"ReadAction\",\"target\":[[\"https:\/\/www.sestogrado.it\/it\/prodotto\/camp-g-wool-guanti-caldi-tradizionali-per-montagna\/\"]]}]},{\"@type\":\"ImageObject\",\"inLanguage\":\"it-IT\",\"@id\":\"https:\/\/www.sestogrado.it\/it\/prodotto\/camp-g-wool-guanti-caldi-tradizionali-per-montagna\/#primaryimage\",\"url\":\"https:\/\/www.sestogrado.it\/wp-content\/uploads\/2021\/11\/02-5.jpg\",\"contentUrl\":\"https:\/\/www.sestogrado.it\/wp-content\/uploads\/2021\/11\/02-5.jpg\",\"width\":1700,\"height\":1700,\"caption\":\"g wool\"},{\"@type\":\"BreadcrumbList\",\"@id\":\"https:\/\/www.sestogrado.it\/it\/prodotto\/camp-g-wool-guanti-caldi-tradizionali-per-montagna\/#breadcrumb\",\"itemListElement\":[{\"@type\":\"ListItem\",\"position\":1,\"name\":\"Home\",\"item\":\"https:\/\/www.sestogrado.it\/it\/\"},{\"@type\":\"ListItem\",\"position\":2,\"name\":\"Shop\",\"item\":\"https:\/\/www.sestogrado.it\/it\/shop\/\"},{\"@type\":\"ListItem\",\"position\":3,\"name\":\"CAMP G Wool guanti caldi tradizionali per montagna\"}]},{\"@type\":\"WebSite\",\"@id\":\"https:\/\/www.sestogrado.it\/it\/#website\",\"url\":\"https:\/\/www.sestogrado.it\/it\/\",\"name\":\"Sestogrado\",\"description\":\"yes we climb\",\"publisher\":{\"@id\":\"https:\/\/www.sestogrado.it\/it\/#organization\"},\"potentialAction\":[{\"@type\":\"SearchAction\",\"target\":{\"@type\":\"EntryPoint\",\"urlTemplate\":\"https:\/\/www.sestogrado.it\/it\/?s={search_term_string}\"},\"query-input\":{\"@type\":\"PropertyValueSpecification\",\"valueRequired\":true,\"valueName\":\"search_term_string\"}}],\"inLanguage\":\"it-IT\"},{\"@type\":\"Organization\",\"@id\":\"https:\/\/www.sestogrado.it\/it\/#organization\",\"name\":\"Sestogrado\",\"url\":\"https:\/\/www.sestogrado.it\/it\/\",\"logo\":{\"@type\":\"ImageObject\",\"inLanguage\":\"it-IT\",\"@id\":\"https:\/\/www.sestogrado.it\/it\/#\/schema\/logo\/image\/\",\"url\":\"https:\/\/www.sestogrado.it\/wp-content\/uploads\/2015\/03\/sestogrado-favicon.png\",\"contentUrl\":\"https:\/\/www.sestogrado.it\/wp-content\/uploads\/2015\/03\/sestogrado-favicon.png\",\"width\":260,\"height\":260,\"caption\":\"Sestogrado\"},\"image\":{\"@id\":\"https:\/\/www.sestogrado.it\/it\/#\/schema\/logo\/image\/\"},\"sameAs\":[\"https:\/\/www.facebook.com\/pages\/Sestogrado\/1542635979353017?ref=bookmarks\",\"https:\/\/www.youtube.com\/channel\/UC847kAfTkaJsWpc1jtQwr3Q\"],\"hasMerchantReturnPolicy\":{\"@type\":\"MerchantReturnPolicy\",\"merchantReturnLink\":\"https:\/\/www.sestogrado.it\/it\/termini-e-condizioni\/\"}}]}<\/script>\n<meta property=\"product:brand\" content=\"Camp\" \/>\n<meta property=\"og:availability\" content=\"instock\" \/>\n<meta property=\"product:availability\" content=\"instock\" \/>\n<meta property=\"product:condition\" content=\"new\" \/>\n<!-- \/ Yoast SEO plugin. -->","yoast_head_json":{"title":"CAMP G Wool guanti caldi tradizionali per montagna - Sestogrado","description":"CAMP \u00e8 sempre a fianco degli appassionati della montagna. Questo guanto G Wool caldo in tessuto a maglia misto poliestere, lana e nylon \u00e8 pensato per chi affronta avventure alpinistiche tutto l'anno e cerca comfort, caldo e traspirabilit\u00e0. G Wool: un guanto tradizionale, per chi ama il classico, senza ingombro.L'isolamento termico \u00e8 garantito dalla costruzione con pi\u00f9 materiali isolanti stratificati, quali poliestere-lana-nylon dall'esterno all'interno.Gli inserti in pelle di capra apportano un ottimo grip per la gestione degli strumenti alpinistici e offrono resistenza nel tempo alle abrasioni.Se la tecnicit\u00e0 ed isolamento \u00e8 da montagna, l'aspetto fine e senza ingombro \u00e8 perfetto per il tempo libero, confermando l'adattabilit\u00e0 del guanto G Wool caldo a diverse occasioni.","robots":{"index":"index","follow":"follow","max-snippet":"max-snippet:-1","max-image-preview":"max-image-preview:large","max-video-preview":"max-video-preview:-1"},"canonical":"https:\/\/www.sestogrado.it\/it\/prodotto\/camp-g-wool-guanti-caldi-tradizionali-per-montagna\/","og_locale":"it_IT","og_type":"article","og_title":"CAMP G Wool guanti caldi tradizionali per montagna - Sestogrado","og_description":"CAMP \u00e8 sempre a fianco degli appassionati della montagna. Questo guanto G Wool caldo in tessuto a maglia misto poliestere, lana e nylon \u00e8 pensato per chi affronta avventure alpinistiche tutto l'anno e cerca comfort, caldo e traspirabilit\u00e0. G Wool: un guanto tradizionale, per chi ama il classico, senza ingombro.L'isolamento termico \u00e8 garantito dalla costruzione con pi\u00f9 materiali isolanti stratificati, quali poliestere-lana-nylon dall'esterno all'interno.Gli inserti in pelle di capra apportano un ottimo grip per la gestione degli strumenti alpinistici e offrono resistenza nel tempo alle abrasioni.Se la tecnicit\u00e0 ed isolamento \u00e8 da montagna, l'aspetto fine e senza ingombro \u00e8 perfetto per il tempo libero, confermando l'adattabilit\u00e0 del guanto G Wool caldo a diverse occasioni.","og_url":"https:\/\/www.sestogrado.it\/it\/prodotto\/camp-g-wool-guanti-caldi-tradizionali-per-montagna\/","og_site_name":"Sestogrado","article_publisher":"https:\/\/www.facebook.com\/pages\/Sestogrado\/1542635979353017?ref=bookmarks","article_modified_time":"2026-01-16T16:44:17+00:00","og_image":[{"width":1700,"height":1700,"url":"https:\/\/www.sestogrado.it\/wp-content\/uploads\/2021\/11\/02-5.jpg","type":"image\/jpeg"}],"twitter_misc":{"Disponibilit\u00e0":"In stock"},"schema":{"@context":"https:\/\/schema.org","@graph":[{"@type":"WebPage","@id":"https:\/\/www.sestogrado.it\/it\/prodotto\/camp-g-wool-guanti-caldi-tradizionali-per-montagna\/","url":"https:\/\/www.sestogrado.it\/it\/prodotto\/camp-g-wool-guanti-caldi-tradizionali-per-montagna\/","name":"CAMP G Wool guanti caldi tradizionali per montagna - Sestogrado","isPartOf":{"@id":"https:\/\/www.sestogrado.it\/it\/#website"},"primaryImageOfPage":{"@id":"https:\/\/www.sestogrado.it\/it\/prodotto\/camp-g-wool-guanti-caldi-tradizionali-per-montagna\/#primaryimage"},"image":{"@id":"https:\/\/www.sestogrado.it\/prodotto\/camp-g-wool-guanti-caldi-tradizionali-per-montagna\/#primaryimage"},"thumbnailUrl":"https:\/\/www.sestogrado.it\/wp-content\/uploads\/2021\/11\/02-5.jpg","datePublished":"2021-11-11T09:11:35+00:00","dateModified":"2026-01-16T16:44:17+00:00","description":"CAMP \u00e8 sempre a fianco degli appassionati della montagna. Questo guanto G Wool caldo in tessuto a maglia misto poliestere, lana e nylon \u00e8 pensato per chi affronta avventure alpinistiche tutto l'anno e cerca comfort, caldo e traspirabilit\u00e0. G Wool: un guanto tradizionale, per chi ama il classico, senza ingombro.L'isolamento termico \u00e8 garantito dalla costruzione con pi\u00f9 materiali isolanti stratificati, quali poliestere-lana-nylon dall'esterno all'interno.Gli inserti in pelle di capra apportano un ottimo grip per la gestione degli strumenti alpinistici e offrono resistenza nel tempo alle abrasioni.Se la tecnicit\u00e0 ed isolamento \u00e8 da montagna, l'aspetto fine e senza ingombro \u00e8 perfetto per il tempo libero, confermando l'adattabilit\u00e0 del guanto G Wool caldo a diverse occasioni.","breadcrumb":{"@id":"https:\/\/www.sestogrado.it\/it\/prodotto\/camp-g-wool-guanti-caldi-tradizionali-per-montagna\/#breadcrumb"},"inLanguage":"it-IT","potentialAction":[{"@type":"ReadAction","target":[["https:\/\/www.sestogrado.it\/it\/prodotto\/camp-g-wool-guanti-caldi-tradizionali-per-montagna\/"]]}]},{"@type":"ImageObject","inLanguage":"it-IT","@id":"https:\/\/www.sestogrado.it\/it\/prodotto\/camp-g-wool-guanti-caldi-tradizionali-per-montagna\/#primaryimage","url":"https:\/\/www.sestogrado.it\/wp-content\/uploads\/2021\/11\/02-5.jpg","contentUrl":"https:\/\/www.sestogrado.it\/wp-content\/uploads\/2021\/11\/02-5.jpg","width":1700,"height":1700,"caption":"g wool"},{"@type":"BreadcrumbList","@id":"https:\/\/www.sestogrado.it\/it\/prodotto\/camp-g-wool-guanti-caldi-tradizionali-per-montagna\/#breadcrumb","itemListElement":[{"@type":"ListItem","position":1,"name":"Home","item":"https:\/\/www.sestogrado.it\/it\/"},{"@type":"ListItem","position":2,"name":"Shop","item":"https:\/\/www.sestogrado.it\/it\/shop\/"},{"@type":"ListItem","position":3,"name":"CAMP G Wool guanti caldi tradizionali per montagna"}]},{"@type":"WebSite","@id":"https:\/\/www.sestogrado.it\/it\/#website","url":"https:\/\/www.sestogrado.it\/it\/","name":"Sestogrado","description":"yes we climb","publisher":{"@id":"https:\/\/www.sestogrado.it\/it\/#organization"},"potentialAction":[{"@type":"SearchAction","target":{"@type":"EntryPoint","urlTemplate":"https:\/\/www.sestogrado.it\/it\/?s={search_term_string}"},"query-input":{"@type":"PropertyValueSpecification","valueRequired":true,"valueName":"search_term_string"}}],"inLanguage":"it-IT"},{"@type":"Organization","@id":"https:\/\/www.sestogrado.it\/it\/#organization","name":"Sestogrado","url":"https:\/\/www.sestogrado.it\/it\/","logo":{"@type":"ImageObject","inLanguage":"it-IT","@id":"https:\/\/www.sestogrado.it\/it\/#\/schema\/logo\/image\/","url":"https:\/\/www.sestogrado.it\/wp-content\/uploads\/2015\/03\/sestogrado-favicon.png","contentUrl":"https:\/\/www.sestogrado.it\/wp-content\/uploads\/2015\/03\/sestogrado-favicon.png","width":260,"height":260,"caption":"Sestogrado"},"image":{"@id":"https:\/\/www.sestogrado.it\/it\/#\/schema\/logo\/image\/"},"sameAs":["https:\/\/www.facebook.com\/pages\/Sestogrado\/1542635979353017?ref=bookmarks","https:\/\/www.youtube.com\/channel\/UC847kAfTkaJsWpc1jtQwr3Q"],"hasMerchantReturnPolicy":{"@type":"MerchantReturnPolicy","merchantReturnLink":"https:\/\/www.sestogrado.it\/it\/termini-e-condizioni\/"}}]},"product_brand":"Camp","og_availability":"instock","product_availability":"instock","product_condition":"new"},"_links":{"self":[{"href":"https:\/\/www.sestogrado.it\/it\/wp-json\/wp\/v2\/product\/84655","targetHints":{"allow":["GET"]}}],"collection":[{"href":"https:\/\/www.sestogrado.it\/it\/wp-json\/wp\/v2\/product"}],"about":[{"href":"https:\/\/www.sestogrado.it\/it\/wp-json\/wp\/v2\/types\/product"}],"replies":[{"embeddable":true,"href":"https:\/\/www.sestogrado.it\/it\/wp-json\/wp\/v2\/comments?post=84655"}],"wp:featuredmedia":[{"embeddable":true,"href":"https:\/\/www.sestogrado.it\/it\/wp-json\/wp\/v2\/media\/84701"}],"wp:attachment":[{"href":"https:\/\/www.sestogrado.it\/it\/wp-json\/wp\/v2\/media?parent=84655"}],"wp:term":[{"taxonomy":"product_brand","embeddable":true,"href":"https:\/\/www.sestogrado.it\/it\/wp-json\/wp\/v2\/product_brand?post=84655"},{"taxonomy":"product_cat","embeddable":true,"href":"https:\/\/www.sestogrado.it\/it\/wp-json\/wp\/v2\/product_cat?post=84655"},{"taxonomy":"product_tag","embeddable":true,"href":"https:\/\/www.sestogrado.it\/it\/wp-json\/wp\/v2\/product_tag?post=84655"}],"curies":[{"name":"wp","href":"https:\/\/api.w.org\/{rel}","templated":true}]}}