{"id":84588,"date":"2021-11-10T11:20:03","date_gmt":"2021-11-10T10:20:03","guid":{"rendered":"https:\/\/www.sestogrado.it\/?post_type=product&#038;p=84588"},"modified":"2026-04-23T21:50:29","modified_gmt":"2026-04-23T19:50:29","slug":"t-shirt-tecnica-traspirante-maglietta-sestogrado","status":"publish","type":"product","link":"https:\/\/www.sestogrado.it\/it\/prodotto\/t-shirt-tecnica-traspirante-maglietta-sestogrado\/","title":{"rendered":"T Shirt tecnica traspirante maglietta Sestogrado"},"content":{"rendered":"<p>E&#8217; una missione, un segno di appartenenza, una dichiarazione d&#8217;amore&#8230; Sestogrado, passione per l&#8217;arrampicata!<\/p>\n<p>Una passione cucita addosso con un capo tecnico, una maglia traspirante, con maniche corte raglan, cuciture flatlock, nastro parasudore al collo. Struttura con cuciture laterali. etichetta removibile. 100% poliestere microforato.<\/p>\n<p>La t-shirt di Sestogrado \u00e8 ideale per attivit\u00e0 in parete, dalla falesia, alla montagna ed alpinismo con attivit\u00e0 intensa ad elevata sudorazione. Un capo tecnico, piacevole sulla pelle. Dicono faccia aumentare il grado di uno o due punti&#8230;<\/p>\n<ul>\n<li>cuciture flatlock<\/li>\n<li>tessuto traspirante e nastro parasudore al collo<\/li>\n<li>struttura con cuciture laterali<\/li>\n<li>etichetta removibile<\/li>\n<li>100% poliestere microforato<\/li>\n<li>disponibile in tre taglie classiche: S, M e L<\/li>\n<\/ul>\n<p>&nbsp;<\/p>\n<p>Sestogrado &#8211; yes, we climb.<\/p>","protected":false},"excerpt":{"rendered":"<p>E&#8217; una missione, un segno di appartenenza, una dichiarazione d&#8217;amore&#8230; Sestogrado, passione per l&#8217;arrampicata! Una passione cucita addosso con un [&hellip;]<\/p>\n","protected":false},"featured_media":84599,"comment_status":"open","ping_status":"closed","template":"","meta":{"_acf_changed":false},"product_brand":[893],"product_cat":[141],"product_tag":[904,903,908,892,905,476,909,901,902,899,906,910,907,900,912,911],"class_list":{"0":"post-84588","1":"product","2":"type-product","3":"status-publish","4":"has-post-thumbnail","6":"product_brand-sestogrado","7":"product_cat-accessori-accessori","8":"product_tag-abbigliamento-sportivo","9":"product_tag-abbigliamento-tecnico","10":"product_tag-abbigliamento-traspirante","11":"product_tag-maglia","12":"product_tag-maglia-arrampicata","13":"product_tag-maglia-rapida","14":"product_tag-maglia-sestogrado","15":"product_tag-maglia-sportiva","16":"product_tag-maglia-tecnica","17":"product_tag-maglietta","18":"product_tag-maglietta-arrampicata","19":"product_tag-maglietta-sestogrado","20":"product_tag-maglietta-traspirante","21":"product_tag-t-shirt","22":"product_tag-thermal-clothes","23":"product_tag-thermal-t-shirt","25":"first","26":"instock","27":"sale","28":"taxable","29":"shipping-taxable","30":"purchasable","31":"product-type-variable"},"acf":[],"yoast_head":"<!-- This site is optimized with the Yoast SEO plugin v26.4 - https:\/\/yoast.com\/wordpress\/plugins\/seo\/ -->\n<title>T Shirt tecnica traspirante maglietta Sestogrado - Sestogrado<\/title>\n<meta name=\"description\" content=\"E&#039; una missione, un segno di appartenenza, una dichiarazione d&#039;amore... Sestogrado, passione per l&#039;arrampicata!Una passione cucita addosso con un capo tecnico, una maglia traspirante, con maniche corte raglan, cuciture flatlock, nastro parasudore al collo. Struttura con cuciture laterali. etichetta removibile. 100% poliestere microforato.La t-shirt di Sestogrado \u00e8 ideale per attivit\u00e0 in parete, dalla falesia, alla montagna ed alpinismo con attivit\u00e0 intensa ad elevata sudorazione. Un capo tecnico, piacevole sulla pelle. Dicono faccia aumentare il grado di uno o due punti...\" \/>\n<meta name=\"robots\" content=\"index, follow, max-snippet:-1, max-image-preview:large, max-video-preview:-1\" \/>\n<link rel=\"canonical\" href=\"https:\/\/www.sestogrado.it\/it\/prodotto\/t-shirt-tecnica-traspirante-maglietta-sestogrado\/\" \/>\n<meta property=\"og:locale\" content=\"it_IT\" \/>\n<meta property=\"og:type\" content=\"article\" \/>\n<meta property=\"og:title\" content=\"T Shirt tecnica traspirante maglietta Sestogrado - Sestogrado\" \/>\n<meta property=\"og:description\" content=\"E&#039; una missione, un segno di appartenenza, una dichiarazione d&#039;amore... Sestogrado, passione per l&#039;arrampicata!Una passione cucita addosso con un capo tecnico, una maglia traspirante, con maniche corte raglan, cuciture flatlock, nastro parasudore al collo. Struttura con cuciture laterali. etichetta removibile. 100% poliestere microforato.La t-shirt di Sestogrado \u00e8 ideale per attivit\u00e0 in parete, dalla falesia, alla montagna ed alpinismo con attivit\u00e0 intensa ad elevata sudorazione. Un capo tecnico, piacevole sulla pelle. Dicono faccia aumentare il grado di uno o due punti...\" \/>\n<meta property=\"og:url\" content=\"https:\/\/www.sestogrado.it\/it\/prodotto\/t-shirt-tecnica-traspirante-maglietta-sestogrado\/\" \/>\n<meta property=\"og:site_name\" content=\"Sestogrado\" \/>\n<meta property=\"article:publisher\" content=\"https:\/\/www.facebook.com\/pages\/Sestogrado\/1542635979353017?ref=bookmarks\" \/>\n<meta property=\"article:modified_time\" content=\"2026-04-23T19:50:29+00:00\" \/>\n<meta property=\"og:image\" content=\"https:\/\/www.sestogrado.it\/wp-content\/uploads\/2021\/11\/01-cop.jpg\" \/>\n\t<meta property=\"og:image:width\" content=\"1642\" \/>\n\t<meta property=\"og:image:height\" content=\"1642\" \/>\n\t<meta property=\"og:image:type\" content=\"image\/jpeg\" \/>\n<meta name=\"twitter:label1\" content=\"Disponibilit\u00e0\" \/>\n\t<meta name=\"twitter:data1\" content=\"In stock\" \/>\n<script type=\"application\/ld+json\" class=\"yoast-schema-graph\">{\"@context\":\"https:\/\/schema.org\",\"@graph\":[{\"@type\":\"WebPage\",\"@id\":\"https:\/\/www.sestogrado.it\/it\/prodotto\/t-shirt-tecnica-traspirante-maglietta-sestogrado\/\",\"url\":\"https:\/\/www.sestogrado.it\/it\/prodotto\/t-shirt-tecnica-traspirante-maglietta-sestogrado\/\",\"name\":\"T Shirt tecnica traspirante maglietta Sestogrado - Sestogrado\",\"isPartOf\":{\"@id\":\"https:\/\/www.sestogrado.it\/it\/#website\"},\"primaryImageOfPage\":{\"@id\":\"https:\/\/www.sestogrado.it\/it\/prodotto\/t-shirt-tecnica-traspirante-maglietta-sestogrado\/#primaryimage\"},\"image\":{\"@id\":\"https:\/\/www.sestogrado.it\/prodotto\/t-shirt-tecnica-traspirante-maglietta-sestogrado\/#primaryimage\"},\"thumbnailUrl\":\"https:\/\/www.sestogrado.it\/wp-content\/uploads\/2021\/11\/01-cop.jpg\",\"datePublished\":\"2021-11-10T10:20:03+00:00\",\"dateModified\":\"2026-04-23T19:50:29+00:00\",\"description\":\"E' una missione, un segno di appartenenza, una dichiarazione d'amore... Sestogrado, passione per l'arrampicata!Una passione cucita addosso con un capo tecnico, una maglia traspirante, con maniche corte raglan, cuciture flatlock, nastro parasudore al collo. Struttura con cuciture laterali. etichetta removibile. 100% poliestere microforato.La t-shirt di Sestogrado \u00e8 ideale per attivit\u00e0 in parete, dalla falesia, alla montagna ed alpinismo con attivit\u00e0 intensa ad elevata sudorazione. Un capo tecnico, piacevole sulla pelle. Dicono faccia aumentare il grado di uno o due punti...\",\"breadcrumb\":{\"@id\":\"https:\/\/www.sestogrado.it\/it\/prodotto\/t-shirt-tecnica-traspirante-maglietta-sestogrado\/#breadcrumb\"},\"inLanguage\":\"it-IT\",\"potentialAction\":[{\"@type\":\"ReadAction\",\"target\":[[\"https:\/\/www.sestogrado.it\/it\/prodotto\/t-shirt-tecnica-traspirante-maglietta-sestogrado\/\"]]}]},{\"@type\":\"ImageObject\",\"inLanguage\":\"it-IT\",\"@id\":\"https:\/\/www.sestogrado.it\/it\/prodotto\/t-shirt-tecnica-traspirante-maglietta-sestogrado\/#primaryimage\",\"url\":\"https:\/\/www.sestogrado.it\/wp-content\/uploads\/2021\/11\/01-cop.jpg\",\"contentUrl\":\"https:\/\/www.sestogrado.it\/wp-content\/uploads\/2021\/11\/01-cop.jpg\",\"width\":1642,\"height\":1642,\"caption\":\"t-shirt sestogrado\"},{\"@type\":\"BreadcrumbList\",\"@id\":\"https:\/\/www.sestogrado.it\/it\/prodotto\/t-shirt-tecnica-traspirante-maglietta-sestogrado\/#breadcrumb\",\"itemListElement\":[{\"@type\":\"ListItem\",\"position\":1,\"name\":\"Home\",\"item\":\"https:\/\/www.sestogrado.it\/it\/\"},{\"@type\":\"ListItem\",\"position\":2,\"name\":\"Shop\",\"item\":\"https:\/\/www.sestogrado.it\/it\/shop\/\"},{\"@type\":\"ListItem\",\"position\":3,\"name\":\"T Shirt tecnica traspirante maglietta Sestogrado\"}]},{\"@type\":\"WebSite\",\"@id\":\"https:\/\/www.sestogrado.it\/it\/#website\",\"url\":\"https:\/\/www.sestogrado.it\/it\/\",\"name\":\"Sestogrado\",\"description\":\"yes we climb\",\"publisher\":{\"@id\":\"https:\/\/www.sestogrado.it\/it\/#organization\"},\"potentialAction\":[{\"@type\":\"SearchAction\",\"target\":{\"@type\":\"EntryPoint\",\"urlTemplate\":\"https:\/\/www.sestogrado.it\/it\/?s={search_term_string}\"},\"query-input\":{\"@type\":\"PropertyValueSpecification\",\"valueRequired\":true,\"valueName\":\"search_term_string\"}}],\"inLanguage\":\"it-IT\"},{\"@type\":\"Organization\",\"@id\":\"https:\/\/www.sestogrado.it\/it\/#organization\",\"name\":\"Sestogrado\",\"url\":\"https:\/\/www.sestogrado.it\/it\/\",\"logo\":{\"@type\":\"ImageObject\",\"inLanguage\":\"it-IT\",\"@id\":\"https:\/\/www.sestogrado.it\/it\/#\/schema\/logo\/image\/\",\"url\":\"https:\/\/www.sestogrado.it\/wp-content\/uploads\/2015\/03\/sestogrado-favicon.png\",\"contentUrl\":\"https:\/\/www.sestogrado.it\/wp-content\/uploads\/2015\/03\/sestogrado-favicon.png\",\"width\":260,\"height\":260,\"caption\":\"Sestogrado\"},\"image\":{\"@id\":\"https:\/\/www.sestogrado.it\/it\/#\/schema\/logo\/image\/\"},\"sameAs\":[\"https:\/\/www.facebook.com\/pages\/Sestogrado\/1542635979353017?ref=bookmarks\",\"https:\/\/www.youtube.com\/channel\/UC847kAfTkaJsWpc1jtQwr3Q\"],\"hasMerchantReturnPolicy\":{\"@type\":\"MerchantReturnPolicy\",\"merchantReturnLink\":\"https:\/\/www.sestogrado.it\/it\/termini-e-condizioni\/\"}}]}<\/script>\n<meta property=\"product:brand\" content=\"Sestogrado\" \/>\n<meta property=\"og:availability\" content=\"instock\" \/>\n<meta property=\"product:availability\" content=\"instock\" \/>\n<meta property=\"product:condition\" content=\"new\" \/>\n<!-- \/ Yoast SEO plugin. -->","yoast_head_json":{"title":"T Shirt tecnica traspirante maglietta Sestogrado - Sestogrado","description":"E' una missione, un segno di appartenenza, una dichiarazione d'amore... Sestogrado, passione per l'arrampicata!Una passione cucita addosso con un capo tecnico, una maglia traspirante, con maniche corte raglan, cuciture flatlock, nastro parasudore al collo. Struttura con cuciture laterali. etichetta removibile. 100% poliestere microforato.La t-shirt di Sestogrado \u00e8 ideale per attivit\u00e0 in parete, dalla falesia, alla montagna ed alpinismo con attivit\u00e0 intensa ad elevata sudorazione. Un capo tecnico, piacevole sulla pelle. Dicono faccia aumentare il grado di uno o due punti...","robots":{"index":"index","follow":"follow","max-snippet":"max-snippet:-1","max-image-preview":"max-image-preview:large","max-video-preview":"max-video-preview:-1"},"canonical":"https:\/\/www.sestogrado.it\/it\/prodotto\/t-shirt-tecnica-traspirante-maglietta-sestogrado\/","og_locale":"it_IT","og_type":"article","og_title":"T Shirt tecnica traspirante maglietta Sestogrado - Sestogrado","og_description":"E' una missione, un segno di appartenenza, una dichiarazione d'amore... Sestogrado, passione per l'arrampicata!Una passione cucita addosso con un capo tecnico, una maglia traspirante, con maniche corte raglan, cuciture flatlock, nastro parasudore al collo. Struttura con cuciture laterali. etichetta removibile. 100% poliestere microforato.La t-shirt di Sestogrado \u00e8 ideale per attivit\u00e0 in parete, dalla falesia, alla montagna ed alpinismo con attivit\u00e0 intensa ad elevata sudorazione. Un capo tecnico, piacevole sulla pelle. Dicono faccia aumentare il grado di uno o due punti...","og_url":"https:\/\/www.sestogrado.it\/it\/prodotto\/t-shirt-tecnica-traspirante-maglietta-sestogrado\/","og_site_name":"Sestogrado","article_publisher":"https:\/\/www.facebook.com\/pages\/Sestogrado\/1542635979353017?ref=bookmarks","article_modified_time":"2026-04-23T19:50:29+00:00","og_image":[{"width":1642,"height":1642,"url":"https:\/\/www.sestogrado.it\/wp-content\/uploads\/2021\/11\/01-cop.jpg","type":"image\/jpeg"}],"twitter_misc":{"Disponibilit\u00e0":"In stock"},"schema":{"@context":"https:\/\/schema.org","@graph":[{"@type":"WebPage","@id":"https:\/\/www.sestogrado.it\/it\/prodotto\/t-shirt-tecnica-traspirante-maglietta-sestogrado\/","url":"https:\/\/www.sestogrado.it\/it\/prodotto\/t-shirt-tecnica-traspirante-maglietta-sestogrado\/","name":"T Shirt tecnica traspirante maglietta Sestogrado - Sestogrado","isPartOf":{"@id":"https:\/\/www.sestogrado.it\/it\/#website"},"primaryImageOfPage":{"@id":"https:\/\/www.sestogrado.it\/it\/prodotto\/t-shirt-tecnica-traspirante-maglietta-sestogrado\/#primaryimage"},"image":{"@id":"https:\/\/www.sestogrado.it\/prodotto\/t-shirt-tecnica-traspirante-maglietta-sestogrado\/#primaryimage"},"thumbnailUrl":"https:\/\/www.sestogrado.it\/wp-content\/uploads\/2021\/11\/01-cop.jpg","datePublished":"2021-11-10T10:20:03+00:00","dateModified":"2026-04-23T19:50:29+00:00","description":"E' una missione, un segno di appartenenza, una dichiarazione d'amore... Sestogrado, passione per l'arrampicata!Una passione cucita addosso con un capo tecnico, una maglia traspirante, con maniche corte raglan, cuciture flatlock, nastro parasudore al collo. Struttura con cuciture laterali. etichetta removibile. 100% poliestere microforato.La t-shirt di Sestogrado \u00e8 ideale per attivit\u00e0 in parete, dalla falesia, alla montagna ed alpinismo con attivit\u00e0 intensa ad elevata sudorazione. Un capo tecnico, piacevole sulla pelle. Dicono faccia aumentare il grado di uno o due punti...","breadcrumb":{"@id":"https:\/\/www.sestogrado.it\/it\/prodotto\/t-shirt-tecnica-traspirante-maglietta-sestogrado\/#breadcrumb"},"inLanguage":"it-IT","potentialAction":[{"@type":"ReadAction","target":[["https:\/\/www.sestogrado.it\/it\/prodotto\/t-shirt-tecnica-traspirante-maglietta-sestogrado\/"]]}]},{"@type":"ImageObject","inLanguage":"it-IT","@id":"https:\/\/www.sestogrado.it\/it\/prodotto\/t-shirt-tecnica-traspirante-maglietta-sestogrado\/#primaryimage","url":"https:\/\/www.sestogrado.it\/wp-content\/uploads\/2021\/11\/01-cop.jpg","contentUrl":"https:\/\/www.sestogrado.it\/wp-content\/uploads\/2021\/11\/01-cop.jpg","width":1642,"height":1642,"caption":"t-shirt sestogrado"},{"@type":"BreadcrumbList","@id":"https:\/\/www.sestogrado.it\/it\/prodotto\/t-shirt-tecnica-traspirante-maglietta-sestogrado\/#breadcrumb","itemListElement":[{"@type":"ListItem","position":1,"name":"Home","item":"https:\/\/www.sestogrado.it\/it\/"},{"@type":"ListItem","position":2,"name":"Shop","item":"https:\/\/www.sestogrado.it\/it\/shop\/"},{"@type":"ListItem","position":3,"name":"T Shirt tecnica traspirante maglietta Sestogrado"}]},{"@type":"WebSite","@id":"https:\/\/www.sestogrado.it\/it\/#website","url":"https:\/\/www.sestogrado.it\/it\/","name":"Sestogrado","description":"yes we climb","publisher":{"@id":"https:\/\/www.sestogrado.it\/it\/#organization"},"potentialAction":[{"@type":"SearchAction","target":{"@type":"EntryPoint","urlTemplate":"https:\/\/www.sestogrado.it\/it\/?s={search_term_string}"},"query-input":{"@type":"PropertyValueSpecification","valueRequired":true,"valueName":"search_term_string"}}],"inLanguage":"it-IT"},{"@type":"Organization","@id":"https:\/\/www.sestogrado.it\/it\/#organization","name":"Sestogrado","url":"https:\/\/www.sestogrado.it\/it\/","logo":{"@type":"ImageObject","inLanguage":"it-IT","@id":"https:\/\/www.sestogrado.it\/it\/#\/schema\/logo\/image\/","url":"https:\/\/www.sestogrado.it\/wp-content\/uploads\/2015\/03\/sestogrado-favicon.png","contentUrl":"https:\/\/www.sestogrado.it\/wp-content\/uploads\/2015\/03\/sestogrado-favicon.png","width":260,"height":260,"caption":"Sestogrado"},"image":{"@id":"https:\/\/www.sestogrado.it\/it\/#\/schema\/logo\/image\/"},"sameAs":["https:\/\/www.facebook.com\/pages\/Sestogrado\/1542635979353017?ref=bookmarks","https:\/\/www.youtube.com\/channel\/UC847kAfTkaJsWpc1jtQwr3Q"],"hasMerchantReturnPolicy":{"@type":"MerchantReturnPolicy","merchantReturnLink":"https:\/\/www.sestogrado.it\/it\/termini-e-condizioni\/"}}]},"product_brand":"Sestogrado","og_availability":"instock","product_availability":"instock","product_condition":"new"},"_links":{"self":[{"href":"https:\/\/www.sestogrado.it\/it\/wp-json\/wp\/v2\/product\/84588","targetHints":{"allow":["GET"]}}],"collection":[{"href":"https:\/\/www.sestogrado.it\/it\/wp-json\/wp\/v2\/product"}],"about":[{"href":"https:\/\/www.sestogrado.it\/it\/wp-json\/wp\/v2\/types\/product"}],"replies":[{"embeddable":true,"href":"https:\/\/www.sestogrado.it\/it\/wp-json\/wp\/v2\/comments?post=84588"}],"wp:featuredmedia":[{"embeddable":true,"href":"https:\/\/www.sestogrado.it\/it\/wp-json\/wp\/v2\/media\/84599"}],"wp:attachment":[{"href":"https:\/\/www.sestogrado.it\/it\/wp-json\/wp\/v2\/media?parent=84588"}],"wp:term":[{"taxonomy":"product_brand","embeddable":true,"href":"https:\/\/www.sestogrado.it\/it\/wp-json\/wp\/v2\/product_brand?post=84588"},{"taxonomy":"product_cat","embeddable":true,"href":"https:\/\/www.sestogrado.it\/it\/wp-json\/wp\/v2\/product_cat?post=84588"},{"taxonomy":"product_tag","embeddable":true,"href":"https:\/\/www.sestogrado.it\/it\/wp-json\/wp\/v2\/product_tag?post=84588"}],"curies":[{"name":"wp","href":"https:\/\/api.w.org\/{rel}","templated":true}]}}