{"id":84493,"date":"2021-11-10T10:12:46","date_gmt":"2021-11-10T09:12:46","guid":{"rendered":"https:\/\/www.sestogrado.it\/?post_type=product&#038;p=84493"},"modified":"2026-01-21T12:50:37","modified_gmt":"2026-01-21T11:50:37","slug":"camp-g-tech-evo-dry-guanti-da-alpinismo","status":"publish","type":"product","link":"https:\/\/www.sestogrado.it\/it\/prodotto\/camp-g-tech-evo-dry-guanti-da-alpinismo\/","title":{"rendered":"CAMP G Tech Evo Dry Guanti da alpinismo"},"content":{"rendered":"<p>Nuovi <strong>guanti G Tech Evo<\/strong>, marchiati CAMP.<\/p>\n<p>Evoluzione dei guanti <a href=\"https:\/\/www.sestogrado.it\/it\/prodotto\/camp-g-tech-dry-guanti-da-alpinismo\/\" target=\"_blank\" rel=\"noopener\">G Tech Dry<\/a>, gli Evo si distinguono per<strong> calzata precisa e altissima sensibilit\u00e0<\/strong>.<\/p>\n<p>Un risultato di alta gamma raggiunto grazie alla <strong>struttura preformata<\/strong>, all\u2019<strong>assenza di imbottitura<\/strong> (l&#8217;elevata termicit\u00e0 \u00e8 data dal susseguirsi di diversi strati) e dalla particolare <strong>costruzione delle dita<\/strong>, dove la <em>pelle di capra<\/em> passa dalla parte anteriore (polpastrello) a quella posteriore (nocche) avvolgendo completamente la punta. Il tutto senza cuciture e quindi senza punti duri!<\/p>\n<p>La protezione delle mani \u00e8 incrementata dalla membrana impermeabile DRYZONE\u00ae, che con le altre caratteristiche rende i guanti G Tech Evo un campione di polivalenza, ideali per una molteplicit\u00e0 di attivit\u00e0 alpinistiche, a pi\u00f9 livelli.<\/p>\n<ul>\n<li>Membrana DRYZONE\u00ae<strong> impermeabile e traspirante<\/strong><\/li>\n<li>Palmo e dita in morbida e resistente <em>pelle di capra<\/em><\/li>\n<li>Rinforzi nei punti di maggiore usura<\/li>\n<li>Costruzione preformata senza imbottitura per una<strong> presa e una sensibilit\u00e0 eccezionali<\/strong><\/li>\n<li>Pollice e indice <strong>touch screen<\/strong><\/li>\n<li>Polso con lacciolo e tiretti per infilare e sfilare il guanto<\/li>\n<\/ul>\n<p><iframe src=\"\/\/www.youtube.com\/embed\/xFImG-g49D4\" width=\"560\" height=\"314\" allowfullscreen=\"allowfullscreen\"><\/iframe><\/p>\n<p>Come scegliere la taglia:<\/p>\n<p><img decoding=\"async\" class=\"size-full wp-image-23609 img-fluid alignnone\" src=\"https:\/\/www.sestogrado.it\/wp-content\/uploads\/2019\/10\/mano.png\" alt=\"mano\" width=\"300\" height=\"300\" srcset=\"https:\/\/www.sestogrado.it\/wp-content\/uploads\/2019\/10\/mano.png 300w, https:\/\/www.sestogrado.it\/wp-content\/uploads\/2019\/10\/mano-100x100.png 100w, https:\/\/www.sestogrado.it\/wp-content\/uploads\/2019\/10\/mano-220x220.png 220w, https:\/\/www.sestogrado.it\/wp-content\/uploads\/2019\/10\/mano-150x150.png 150w, https:\/\/www.sestogrado.it\/wp-content\/uploads\/2019\/10\/mano-45x45.png 45w, https:\/\/www.sestogrado.it\/wp-content\/uploads\/2019\/10\/mano-64x64.png 64w, https:\/\/www.sestogrado.it\/wp-content\/uploads\/2019\/10\/mano-80x80.png 80w\" sizes=\"(max-width: 300px) 100vw, 300px\" \/><\/p>\n<p>&nbsp;<\/p>\n<p>XS 12.7cm<\/p>\n<p>S 15.24cm<\/p>\n<p>M 17.78cm<\/p>\n<p>L 20.32cm<\/p>\n<p>XL 22.86cm<\/p>\n<p>XXL 25.40cm<\/p>\n<p>XXXL 27.94cm<\/p>\n<p>&nbsp;<\/p>\n<p>Passione, lavoro e semplicit\u00e0 sono alcune delle parole chiave che da sempre hanno contraddistinto il modo di essere di C.A.M.P. Fondata nel 1889 a Premana, paese dell\u2019alta Valsassina dove tutt\u2019oggi ha la sua sede, C.A.M.P. realizza prodotti che aiutano a realizzare i sogni ed i progetti di tutti coloro che frequentano la montagna.<\/p>","protected":false},"excerpt":{"rendered":"<p>Nuovi guanti G Tech Evo, marchiati CAMP. Evoluzione dei guanti G Tech Dry, gli Evo si distinguono per calzata precisa [&hellip;]<\/p>\n","protected":false},"featured_media":84529,"comment_status":"open","ping_status":"closed","template":"","meta":{"_acf_changed":false},"product_brand":[31],"product_cat":[1428],"product_tag":[896,467,617,616,895,894],"class_list":{"0":"post-84493","1":"product","2":"type-product","3":"status-publish","4":"has-post-thumbnail","6":"product_brand-camp","7":"product_cat-guanti-da-alpinismo","8":"product_tag-guanti-alta-quota","9":"product_tag-guanti-arrampicata","10":"product_tag-guanti-da-alpinismo","11":"product_tag-guanti-da-ghiaccio","12":"product_tag-guanti-inverno","13":"product_tag-guanti-montagna","15":"first","16":"instock","17":"sale","18":"taxable","19":"shipping-taxable","20":"purchasable","21":"product-type-variable"},"acf":[],"yoast_head":"<!-- This site is optimized with the Yoast SEO plugin v26.4 - https:\/\/yoast.com\/wordpress\/plugins\/seo\/ -->\n<title>CAMP G Tech Evo Dry Guanti da alpinismo - Sestogrado<\/title>\n<meta name=\"description\" content=\"Nuovi guanti G Tech Evo, marchiati CAMP.Evoluzione dei guanti G Tech Dry, gli Evo si distinguono per calzata precisa e altissima sensibilit\u00e0.Un risultato di alta gamma raggiunto grazie alla struttura preformata, all\u2019assenza di imbottitura (l&#039;elevata termicit\u00e0 \u00e8 data dal susseguirsi di diversi strati) e dalla particolare costruzione delle dita, dove la pelle di capra passa dalla parte anteriore (polpastrello) a quella posteriore (nocche) avvolgendo completamente la punta. Il tutto senza cuciture e quindi senza punti duri!La protezione delle mani \u00e8 incrementata dalla membrana impermeabile DRYZONE\u00ae, che con le altre caratteristiche rende i guanti G Tech Evo un campione di polivalenza, ideali per una molteplicit\u00e0 di attivit\u00e0 alpinistiche, a pi\u00f9 livelli.\" \/>\n<meta name=\"robots\" content=\"index, follow, max-snippet:-1, max-image-preview:large, max-video-preview:-1\" \/>\n<link rel=\"canonical\" href=\"https:\/\/www.sestogrado.it\/it\/prodotto\/camp-g-tech-evo-dry-guanti-da-alpinismo\/\" \/>\n<meta property=\"og:locale\" content=\"it_IT\" \/>\n<meta property=\"og:type\" content=\"article\" \/>\n<meta property=\"og:title\" content=\"CAMP G Tech Evo Dry Guanti da alpinismo - Sestogrado\" \/>\n<meta property=\"og:description\" content=\"Nuovi guanti G Tech Evo, marchiati CAMP.Evoluzione dei guanti G Tech Dry, gli Evo si distinguono per calzata precisa e altissima sensibilit\u00e0.Un risultato di alta gamma raggiunto grazie alla struttura preformata, all\u2019assenza di imbottitura (l&#039;elevata termicit\u00e0 \u00e8 data dal susseguirsi di diversi strati) e dalla particolare costruzione delle dita, dove la pelle di capra passa dalla parte anteriore (polpastrello) a quella posteriore (nocche) avvolgendo completamente la punta. Il tutto senza cuciture e quindi senza punti duri!La protezione delle mani \u00e8 incrementata dalla membrana impermeabile DRYZONE\u00ae, che con le altre caratteristiche rende i guanti G Tech Evo un campione di polivalenza, ideali per una molteplicit\u00e0 di attivit\u00e0 alpinistiche, a pi\u00f9 livelli.\" \/>\n<meta property=\"og:url\" content=\"https:\/\/www.sestogrado.it\/it\/prodotto\/camp-g-tech-evo-dry-guanti-da-alpinismo\/\" \/>\n<meta property=\"og:site_name\" content=\"Sestogrado\" \/>\n<meta property=\"article:publisher\" content=\"https:\/\/www.facebook.com\/pages\/Sestogrado\/1542635979353017?ref=bookmarks\" \/>\n<meta property=\"article:modified_time\" content=\"2026-01-21T11:50:37+00:00\" \/>\n<meta property=\"og:image\" content=\"https:\/\/www.sestogrado.it\/wp-content\/uploads\/2021\/11\/0100.jpg\" \/>\n\t<meta property=\"og:image:width\" content=\"1700\" \/>\n\t<meta property=\"og:image:height\" content=\"1700\" \/>\n\t<meta property=\"og:image:type\" content=\"image\/jpeg\" \/>\n<meta name=\"twitter:label1\" content=\"Disponibilit\u00e0\" \/>\n\t<meta name=\"twitter:data1\" content=\"In stock\" \/>\n<script type=\"application\/ld+json\" class=\"yoast-schema-graph\">{\"@context\":\"https:\/\/schema.org\",\"@graph\":[{\"@type\":\"WebPage\",\"@id\":\"https:\/\/www.sestogrado.it\/it\/prodotto\/camp-g-tech-evo-dry-guanti-da-alpinismo\/\",\"url\":\"https:\/\/www.sestogrado.it\/it\/prodotto\/camp-g-tech-evo-dry-guanti-da-alpinismo\/\",\"name\":\"CAMP G Tech Evo Dry Guanti da alpinismo - Sestogrado\",\"isPartOf\":{\"@id\":\"https:\/\/www.sestogrado.it\/it\/#website\"},\"primaryImageOfPage\":{\"@id\":\"https:\/\/www.sestogrado.it\/it\/prodotto\/camp-g-tech-evo-dry-guanti-da-alpinismo\/#primaryimage\"},\"image\":{\"@id\":\"https:\/\/www.sestogrado.it\/prodotto\/camp-g-tech-evo-dry-guanti-da-alpinismo\/#primaryimage\"},\"thumbnailUrl\":\"https:\/\/www.sestogrado.it\/wp-content\/uploads\/2021\/11\/0100.jpg\",\"datePublished\":\"2021-11-10T09:12:46+00:00\",\"dateModified\":\"2026-01-21T11:50:37+00:00\",\"description\":\"Nuovi guanti G Tech Evo, marchiati CAMP.Evoluzione dei guanti G Tech Dry, gli Evo si distinguono per calzata precisa e altissima sensibilit\u00e0.Un risultato di alta gamma raggiunto grazie alla struttura preformata, all\u2019assenza di imbottitura (l'elevata termicit\u00e0 \u00e8 data dal susseguirsi di diversi strati) e dalla particolare costruzione delle dita, dove la pelle di capra passa dalla parte anteriore (polpastrello) a quella posteriore (nocche) avvolgendo completamente la punta. Il tutto senza cuciture e quindi senza punti duri!La protezione delle mani \u00e8 incrementata dalla membrana impermeabile DRYZONE\u00ae, che con le altre caratteristiche rende i guanti G Tech Evo un campione di polivalenza, ideali per una molteplicit\u00e0 di attivit\u00e0 alpinistiche, a pi\u00f9 livelli.\",\"breadcrumb\":{\"@id\":\"https:\/\/www.sestogrado.it\/it\/prodotto\/camp-g-tech-evo-dry-guanti-da-alpinismo\/#breadcrumb\"},\"inLanguage\":\"it-IT\",\"potentialAction\":[{\"@type\":\"ReadAction\",\"target\":[[\"https:\/\/www.sestogrado.it\/it\/prodotto\/camp-g-tech-evo-dry-guanti-da-alpinismo\/\"]]}]},{\"@type\":\"ImageObject\",\"inLanguage\":\"it-IT\",\"@id\":\"https:\/\/www.sestogrado.it\/it\/prodotto\/camp-g-tech-evo-dry-guanti-da-alpinismo\/#primaryimage\",\"url\":\"https:\/\/www.sestogrado.it\/wp-content\/uploads\/2021\/11\/0100.jpg\",\"contentUrl\":\"https:\/\/www.sestogrado.it\/wp-content\/uploads\/2021\/11\/0100.jpg\",\"width\":1700,\"height\":1700,\"caption\":\"g tech evo guanti\"},{\"@type\":\"BreadcrumbList\",\"@id\":\"https:\/\/www.sestogrado.it\/it\/prodotto\/camp-g-tech-evo-dry-guanti-da-alpinismo\/#breadcrumb\",\"itemListElement\":[{\"@type\":\"ListItem\",\"position\":1,\"name\":\"Home\",\"item\":\"https:\/\/www.sestogrado.it\/it\/\"},{\"@type\":\"ListItem\",\"position\":2,\"name\":\"Shop\",\"item\":\"https:\/\/www.sestogrado.it\/it\/shop\/\"},{\"@type\":\"ListItem\",\"position\":3,\"name\":\"CAMP G Tech Evo Dry Guanti da alpinismo\"}]},{\"@type\":\"WebSite\",\"@id\":\"https:\/\/www.sestogrado.it\/it\/#website\",\"url\":\"https:\/\/www.sestogrado.it\/it\/\",\"name\":\"Sestogrado\",\"description\":\"yes we climb\",\"publisher\":{\"@id\":\"https:\/\/www.sestogrado.it\/it\/#organization\"},\"potentialAction\":[{\"@type\":\"SearchAction\",\"target\":{\"@type\":\"EntryPoint\",\"urlTemplate\":\"https:\/\/www.sestogrado.it\/it\/?s={search_term_string}\"},\"query-input\":{\"@type\":\"PropertyValueSpecification\",\"valueRequired\":true,\"valueName\":\"search_term_string\"}}],\"inLanguage\":\"it-IT\"},{\"@type\":\"Organization\",\"@id\":\"https:\/\/www.sestogrado.it\/it\/#organization\",\"name\":\"Sestogrado\",\"url\":\"https:\/\/www.sestogrado.it\/it\/\",\"logo\":{\"@type\":\"ImageObject\",\"inLanguage\":\"it-IT\",\"@id\":\"https:\/\/www.sestogrado.it\/it\/#\/schema\/logo\/image\/\",\"url\":\"https:\/\/www.sestogrado.it\/wp-content\/uploads\/2015\/03\/sestogrado-favicon.png\",\"contentUrl\":\"https:\/\/www.sestogrado.it\/wp-content\/uploads\/2015\/03\/sestogrado-favicon.png\",\"width\":260,\"height\":260,\"caption\":\"Sestogrado\"},\"image\":{\"@id\":\"https:\/\/www.sestogrado.it\/it\/#\/schema\/logo\/image\/\"},\"sameAs\":[\"https:\/\/www.facebook.com\/pages\/Sestogrado\/1542635979353017?ref=bookmarks\",\"https:\/\/www.youtube.com\/channel\/UC847kAfTkaJsWpc1jtQwr3Q\"],\"hasMerchantReturnPolicy\":{\"@type\":\"MerchantReturnPolicy\",\"merchantReturnLink\":\"https:\/\/www.sestogrado.it\/it\/termini-e-condizioni\/\"}}]}<\/script>\n<meta property=\"product:brand\" content=\"Camp\" \/>\n<meta property=\"og:availability\" content=\"instock\" \/>\n<meta property=\"product:availability\" content=\"instock\" \/>\n<meta property=\"product:condition\" content=\"new\" \/>\n<!-- \/ Yoast SEO plugin. -->","yoast_head_json":{"title":"CAMP G Tech Evo Dry Guanti da alpinismo - Sestogrado","description":"Nuovi guanti G Tech Evo, marchiati CAMP.Evoluzione dei guanti G Tech Dry, gli Evo si distinguono per calzata precisa e altissima sensibilit\u00e0.Un risultato di alta gamma raggiunto grazie alla struttura preformata, all\u2019assenza di imbottitura (l'elevata termicit\u00e0 \u00e8 data dal susseguirsi di diversi strati) e dalla particolare costruzione delle dita, dove la pelle di capra passa dalla parte anteriore (polpastrello) a quella posteriore (nocche) avvolgendo completamente la punta. Il tutto senza cuciture e quindi senza punti duri!La protezione delle mani \u00e8 incrementata dalla membrana impermeabile DRYZONE\u00ae, che con le altre caratteristiche rende i guanti G Tech Evo un campione di polivalenza, ideali per una molteplicit\u00e0 di attivit\u00e0 alpinistiche, a pi\u00f9 livelli.","robots":{"index":"index","follow":"follow","max-snippet":"max-snippet:-1","max-image-preview":"max-image-preview:large","max-video-preview":"max-video-preview:-1"},"canonical":"https:\/\/www.sestogrado.it\/it\/prodotto\/camp-g-tech-evo-dry-guanti-da-alpinismo\/","og_locale":"it_IT","og_type":"article","og_title":"CAMP G Tech Evo Dry Guanti da alpinismo - Sestogrado","og_description":"Nuovi guanti G Tech Evo, marchiati CAMP.Evoluzione dei guanti G Tech Dry, gli Evo si distinguono per calzata precisa e altissima sensibilit\u00e0.Un risultato di alta gamma raggiunto grazie alla struttura preformata, all\u2019assenza di imbottitura (l'elevata termicit\u00e0 \u00e8 data dal susseguirsi di diversi strati) e dalla particolare costruzione delle dita, dove la pelle di capra passa dalla parte anteriore (polpastrello) a quella posteriore (nocche) avvolgendo completamente la punta. Il tutto senza cuciture e quindi senza punti duri!La protezione delle mani \u00e8 incrementata dalla membrana impermeabile DRYZONE\u00ae, che con le altre caratteristiche rende i guanti G Tech Evo un campione di polivalenza, ideali per una molteplicit\u00e0 di attivit\u00e0 alpinistiche, a pi\u00f9 livelli.","og_url":"https:\/\/www.sestogrado.it\/it\/prodotto\/camp-g-tech-evo-dry-guanti-da-alpinismo\/","og_site_name":"Sestogrado","article_publisher":"https:\/\/www.facebook.com\/pages\/Sestogrado\/1542635979353017?ref=bookmarks","article_modified_time":"2026-01-21T11:50:37+00:00","og_image":[{"width":1700,"height":1700,"url":"https:\/\/www.sestogrado.it\/wp-content\/uploads\/2021\/11\/0100.jpg","type":"image\/jpeg"}],"twitter_misc":{"Disponibilit\u00e0":"In stock"},"schema":{"@context":"https:\/\/schema.org","@graph":[{"@type":"WebPage","@id":"https:\/\/www.sestogrado.it\/it\/prodotto\/camp-g-tech-evo-dry-guanti-da-alpinismo\/","url":"https:\/\/www.sestogrado.it\/it\/prodotto\/camp-g-tech-evo-dry-guanti-da-alpinismo\/","name":"CAMP G Tech Evo Dry Guanti da alpinismo - Sestogrado","isPartOf":{"@id":"https:\/\/www.sestogrado.it\/it\/#website"},"primaryImageOfPage":{"@id":"https:\/\/www.sestogrado.it\/it\/prodotto\/camp-g-tech-evo-dry-guanti-da-alpinismo\/#primaryimage"},"image":{"@id":"https:\/\/www.sestogrado.it\/prodotto\/camp-g-tech-evo-dry-guanti-da-alpinismo\/#primaryimage"},"thumbnailUrl":"https:\/\/www.sestogrado.it\/wp-content\/uploads\/2021\/11\/0100.jpg","datePublished":"2021-11-10T09:12:46+00:00","dateModified":"2026-01-21T11:50:37+00:00","description":"Nuovi guanti G Tech Evo, marchiati CAMP.Evoluzione dei guanti G Tech Dry, gli Evo si distinguono per calzata precisa e altissima sensibilit\u00e0.Un risultato di alta gamma raggiunto grazie alla struttura preformata, all\u2019assenza di imbottitura (l'elevata termicit\u00e0 \u00e8 data dal susseguirsi di diversi strati) e dalla particolare costruzione delle dita, dove la pelle di capra passa dalla parte anteriore (polpastrello) a quella posteriore (nocche) avvolgendo completamente la punta. Il tutto senza cuciture e quindi senza punti duri!La protezione delle mani \u00e8 incrementata dalla membrana impermeabile DRYZONE\u00ae, che con le altre caratteristiche rende i guanti G Tech Evo un campione di polivalenza, ideali per una molteplicit\u00e0 di attivit\u00e0 alpinistiche, a pi\u00f9 livelli.","breadcrumb":{"@id":"https:\/\/www.sestogrado.it\/it\/prodotto\/camp-g-tech-evo-dry-guanti-da-alpinismo\/#breadcrumb"},"inLanguage":"it-IT","potentialAction":[{"@type":"ReadAction","target":[["https:\/\/www.sestogrado.it\/it\/prodotto\/camp-g-tech-evo-dry-guanti-da-alpinismo\/"]]}]},{"@type":"ImageObject","inLanguage":"it-IT","@id":"https:\/\/www.sestogrado.it\/it\/prodotto\/camp-g-tech-evo-dry-guanti-da-alpinismo\/#primaryimage","url":"https:\/\/www.sestogrado.it\/wp-content\/uploads\/2021\/11\/0100.jpg","contentUrl":"https:\/\/www.sestogrado.it\/wp-content\/uploads\/2021\/11\/0100.jpg","width":1700,"height":1700,"caption":"g tech evo guanti"},{"@type":"BreadcrumbList","@id":"https:\/\/www.sestogrado.it\/it\/prodotto\/camp-g-tech-evo-dry-guanti-da-alpinismo\/#breadcrumb","itemListElement":[{"@type":"ListItem","position":1,"name":"Home","item":"https:\/\/www.sestogrado.it\/it\/"},{"@type":"ListItem","position":2,"name":"Shop","item":"https:\/\/www.sestogrado.it\/it\/shop\/"},{"@type":"ListItem","position":3,"name":"CAMP G Tech Evo Dry Guanti da alpinismo"}]},{"@type":"WebSite","@id":"https:\/\/www.sestogrado.it\/it\/#website","url":"https:\/\/www.sestogrado.it\/it\/","name":"Sestogrado","description":"yes we climb","publisher":{"@id":"https:\/\/www.sestogrado.it\/it\/#organization"},"potentialAction":[{"@type":"SearchAction","target":{"@type":"EntryPoint","urlTemplate":"https:\/\/www.sestogrado.it\/it\/?s={search_term_string}"},"query-input":{"@type":"PropertyValueSpecification","valueRequired":true,"valueName":"search_term_string"}}],"inLanguage":"it-IT"},{"@type":"Organization","@id":"https:\/\/www.sestogrado.it\/it\/#organization","name":"Sestogrado","url":"https:\/\/www.sestogrado.it\/it\/","logo":{"@type":"ImageObject","inLanguage":"it-IT","@id":"https:\/\/www.sestogrado.it\/it\/#\/schema\/logo\/image\/","url":"https:\/\/www.sestogrado.it\/wp-content\/uploads\/2015\/03\/sestogrado-favicon.png","contentUrl":"https:\/\/www.sestogrado.it\/wp-content\/uploads\/2015\/03\/sestogrado-favicon.png","width":260,"height":260,"caption":"Sestogrado"},"image":{"@id":"https:\/\/www.sestogrado.it\/it\/#\/schema\/logo\/image\/"},"sameAs":["https:\/\/www.facebook.com\/pages\/Sestogrado\/1542635979353017?ref=bookmarks","https:\/\/www.youtube.com\/channel\/UC847kAfTkaJsWpc1jtQwr3Q"],"hasMerchantReturnPolicy":{"@type":"MerchantReturnPolicy","merchantReturnLink":"https:\/\/www.sestogrado.it\/it\/termini-e-condizioni\/"}}]},"product_brand":"Camp","og_availability":"instock","product_availability":"instock","product_condition":"new"},"_links":{"self":[{"href":"https:\/\/www.sestogrado.it\/it\/wp-json\/wp\/v2\/product\/84493","targetHints":{"allow":["GET"]}}],"collection":[{"href":"https:\/\/www.sestogrado.it\/it\/wp-json\/wp\/v2\/product"}],"about":[{"href":"https:\/\/www.sestogrado.it\/it\/wp-json\/wp\/v2\/types\/product"}],"replies":[{"embeddable":true,"href":"https:\/\/www.sestogrado.it\/it\/wp-json\/wp\/v2\/comments?post=84493"}],"wp:featuredmedia":[{"embeddable":true,"href":"https:\/\/www.sestogrado.it\/it\/wp-json\/wp\/v2\/media\/84529"}],"wp:attachment":[{"href":"https:\/\/www.sestogrado.it\/it\/wp-json\/wp\/v2\/media?parent=84493"}],"wp:term":[{"taxonomy":"product_brand","embeddable":true,"href":"https:\/\/www.sestogrado.it\/it\/wp-json\/wp\/v2\/product_brand?post=84493"},{"taxonomy":"product_cat","embeddable":true,"href":"https:\/\/www.sestogrado.it\/it\/wp-json\/wp\/v2\/product_cat?post=84493"},{"taxonomy":"product_tag","embeddable":true,"href":"https:\/\/www.sestogrado.it\/it\/wp-json\/wp\/v2\/product_tag?post=84493"}],"curies":[{"name":"wp","href":"https:\/\/api.w.org\/{rel}","templated":true}]}}