{"id":84466,"date":"2021-11-09T17:34:32","date_gmt":"2021-11-09T16:34:32","guid":{"rendered":"https:\/\/www.sestogrado.it\/?post_type=product&#038;p=84466"},"modified":"2026-04-15T10:25:17","modified_gmt":"2026-04-15T08:25:17","slug":"blue-ice-aero-lite-viti-da-ghiaccio","status":"publish","type":"product","link":"https:\/\/www.sestogrado.it\/it\/prodotto\/blue-ice-aero-lite-viti-da-ghiaccio\/","title":{"rendered":"Blue Ice Aero Lite viti da ghiaccio"},"content":{"rendered":"<p>Le Blue Ice Aero Lite sono le pi\u00f9 leggere viti da ghiaccio sul mercato (solo 65g per la 13cm!). Sono dotate di una innovativa punta a 3 denti, ideale per alpinismo tecnico, e sono disponibili in 5 lunghezze. La punta a tre denti \u00e8 in acciaio inossidabile, per un facile posizionamento in ogni condizione, mentre il corpo \u00e8 in leggero alluminio. La manovella girevole \u00e8 anch&#8217;essa realizzata in acciaio inossidabile ed \u00e8 colorata per una rapida e facile identificazione della lunghezza. Il diametro della vite \u00e8 pi\u00f9 ampio di quello delle altre viti sul mercato, ci\u00f2 consente di utilizzare in sicurezza fori di sosta gi\u00e0 presenti.<\/p>\n<p>Le Blue Ice Aero Lite sono ideali per vie tecniche dove la leggerezza e le prestazioni contano.<\/p>\n<p>Disponibili in 5 lunghezze: 10, 13, 16, 19 e 22 cm.<\/p>\n<ul>\n<li>Materiale: alluminio ed acciaio inossidabile<\/li>\n<li>Manovella in acciaio inossidabile colorata per rapida identificazione: Rossa (10cm-58g), Oro (13cm-65g), Blue (16cm-72g), Grigia (19cm &#8211; 78g), Verde (22cm-84g)<\/li>\n<li>Cappuccio protettivo in gomma<\/li>\n<li>Manovella pieghevole con leva estensibile zigrinata per massima aderenza<\/li>\n<li>Certificate CE EN 568, UIAA 151.<\/li>\n<\/ul>\n<div class=\"embed-responsive embed-responsive-16by9\"><iframe title=\"BLUE ICE - Introducing the AEROLITE ice screws\" width=\"500\" height=\"281\" src=\"https:\/\/www.youtube.com\/embed\/0IDplncncbU?feature=oembed\" frameborder=\"0\" allow=\"accelerometer; autoplay; clipboard-write; encrypted-media; gyroscope; picture-in-picture; web-share\" referrerpolicy=\"strict-origin-when-cross-origin\" allowfullscreen><\/iframe><\/div>\n<p>Le Blue Ice Aero Lite sono delle viti per cascate di ghiaccio ed alpinismo tecnico.<\/p>\n<p><img decoding=\"async\" class=\"img-fluid alignnone wp-image-105818\" src=\"https:\/\/www.sestogrado.it\/wp-content\/uploads\/2021\/11\/Unknown-4-300x300.jpg\" alt=\"blue ice aero lite\" width=\"220\" height=\"220\" srcset=\"https:\/\/www.sestogrado.it\/wp-content\/uploads\/2021\/11\/Unknown-4-300x300.jpg 300w, https:\/\/www.sestogrado.it\/wp-content\/uploads\/2021\/11\/Unknown-4-100x100.jpg 100w, https:\/\/www.sestogrado.it\/wp-content\/uploads\/2021\/11\/Unknown-4-750x750.jpg 750w, https:\/\/www.sestogrado.it\/wp-content\/uploads\/2021\/11\/Unknown-4-1024x1024.jpg 1024w, https:\/\/www.sestogrado.it\/wp-content\/uploads\/2021\/11\/Unknown-4-150x150.jpg 150w, https:\/\/www.sestogrado.it\/wp-content\/uploads\/2021\/11\/Unknown-4-768x768.jpg 768w, https:\/\/www.sestogrado.it\/wp-content\/uploads\/2021\/11\/Unknown-4-45x45.jpg 45w, https:\/\/www.sestogrado.it\/wp-content\/uploads\/2021\/11\/Unknown-4-220x220.jpg 220w, https:\/\/www.sestogrado.it\/wp-content\/uploads\/2021\/11\/Unknown-4-635x635.jpg 635w, https:\/\/www.sestogrado.it\/wp-content\/uploads\/2021\/11\/Unknown-4-80x80.jpg 80w, https:\/\/www.sestogrado.it\/wp-content\/uploads\/2021\/11\/Unknown-4-60x60.jpg 60w, https:\/\/www.sestogrado.it\/wp-content\/uploads\/2021\/11\/Unknown-4-90x90.jpg 90w, https:\/\/www.sestogrado.it\/wp-content\/uploads\/2021\/11\/Unknown-4.jpg 1350w\" sizes=\"(max-width: 220px) 100vw, 220px\" \/> <img decoding=\"async\" class=\"img-fluid alignnone wp-image-105817\" src=\"https:\/\/www.sestogrado.it\/wp-content\/uploads\/2021\/11\/Unknown-2-300x300.jpg\" alt=\"blue ice aero lite\" width=\"220\" height=\"220\" srcset=\"https:\/\/www.sestogrado.it\/wp-content\/uploads\/2021\/11\/Unknown-2-300x300.jpg 300w, https:\/\/www.sestogrado.it\/wp-content\/uploads\/2021\/11\/Unknown-2-100x100.jpg 100w, https:\/\/www.sestogrado.it\/wp-content\/uploads\/2021\/11\/Unknown-2-750x750.jpg 750w, https:\/\/www.sestogrado.it\/wp-content\/uploads\/2021\/11\/Unknown-2-1024x1024.jpg 1024w, https:\/\/www.sestogrado.it\/wp-content\/uploads\/2021\/11\/Unknown-2-150x150.jpg 150w, https:\/\/www.sestogrado.it\/wp-content\/uploads\/2021\/11\/Unknown-2-768x768.jpg 768w, https:\/\/www.sestogrado.it\/wp-content\/uploads\/2021\/11\/Unknown-2-45x45.jpg 45w, https:\/\/www.sestogrado.it\/wp-content\/uploads\/2021\/11\/Unknown-2-220x220.jpg 220w, https:\/\/www.sestogrado.it\/wp-content\/uploads\/2021\/11\/Unknown-2-635x635.jpg 635w, https:\/\/www.sestogrado.it\/wp-content\/uploads\/2021\/11\/Unknown-2-80x80.jpg 80w, https:\/\/www.sestogrado.it\/wp-content\/uploads\/2021\/11\/Unknown-2-60x60.jpg 60w, https:\/\/www.sestogrado.it\/wp-content\/uploads\/2021\/11\/Unknown-2-90x90.jpg 90w, https:\/\/www.sestogrado.it\/wp-content\/uploads\/2021\/11\/Unknown-2.jpg 1070w\" sizes=\"(max-width: 220px) 100vw, 220px\" \/> <img decoding=\"async\" class=\"img-fluid alignnone wp-image-105816\" src=\"https:\/\/www.sestogrado.it\/wp-content\/uploads\/2021\/11\/Unknown-1-300x300.jpg\" alt=\"blue ice aero lite\" width=\"220\" height=\"220\" srcset=\"https:\/\/www.sestogrado.it\/wp-content\/uploads\/2021\/11\/Unknown-1-300x300.jpg 300w, https:\/\/www.sestogrado.it\/wp-content\/uploads\/2021\/11\/Unknown-1-100x100.jpg 100w, https:\/\/www.sestogrado.it\/wp-content\/uploads\/2021\/11\/Unknown-1-750x750.jpg 750w, https:\/\/www.sestogrado.it\/wp-content\/uploads\/2021\/11\/Unknown-1-1024x1024.jpg 1024w, https:\/\/www.sestogrado.it\/wp-content\/uploads\/2021\/11\/Unknown-1-150x150.jpg 150w, https:\/\/www.sestogrado.it\/wp-content\/uploads\/2021\/11\/Unknown-1-768x768.jpg 768w, https:\/\/www.sestogrado.it\/wp-content\/uploads\/2021\/11\/Unknown-1-1536x1536.jpg 1536w, https:\/\/www.sestogrado.it\/wp-content\/uploads\/2021\/11\/Unknown-1-45x45.jpg 45w, https:\/\/www.sestogrado.it\/wp-content\/uploads\/2021\/11\/Unknown-1-220x220.jpg 220w, https:\/\/www.sestogrado.it\/wp-content\/uploads\/2021\/11\/Unknown-1-635x635.jpg 635w, https:\/\/www.sestogrado.it\/wp-content\/uploads\/2021\/11\/Unknown-1-80x80.jpg 80w, https:\/\/www.sestogrado.it\/wp-content\/uploads\/2021\/11\/Unknown-1-60x60.jpg 60w, https:\/\/www.sestogrado.it\/wp-content\/uploads\/2021\/11\/Unknown-1-90x90.jpg 90w, https:\/\/www.sestogrado.it\/wp-content\/uploads\/2021\/11\/Unknown-1.jpg 1800w\" sizes=\"(max-width: 220px) 100vw, 220px\" \/><\/p>\n<p>Blue Ice \u00e8 un\u2019azienda con sede a Chamonix che produce solo articoli da alpinismo di alta qualit\u00e0. Gli zaini Blue Ice sono dedicati ad un alpinismo tecnico e di alto livello. Inizialmente era semplicemente una questione di vivere la nostra passione al massimo: arrampicare, sciare, esplorare o semplicemente entrare in contatto con noi stessi e le montagne \u2026 prima di estendere questo progetto a tutti gli amanti delle vette l\u00e0 fuori.<\/p>","protected":false},"excerpt":{"rendered":"<p>Le Blue Ice Aero Lite sono le pi\u00f9 leggere viti da ghiaccio sul mercato (solo 65g per la 13cm!). Sono [&hellip;]<\/p>\n","protected":false},"featured_media":84542,"comment_status":"open","ping_status":"closed","template":"","meta":{"_acf_changed":false},"product_brand":[641],"product_cat":[1313],"product_tag":[898,521],"class_list":{"0":"post-84466","1":"product","2":"type-product","3":"status-publish","4":"has-post-thumbnail","6":"product_brand-blue-ice","7":"product_cat-viti","8":"product_tag-viti-alpinismo","9":"product_tag-viti-da-ghiaccio","11":"first","12":"instock","13":"sale","14":"taxable","15":"shipping-taxable","16":"purchasable","17":"product-type-variable"},"acf":[],"yoast_head":"<!-- This site is optimized with the Yoast SEO plugin v26.4 - https:\/\/yoast.com\/wordpress\/plugins\/seo\/ -->\n<title>Blue Ice Aero Lite viti da ghiaccio - Sestogrado<\/title>\n<meta name=\"description\" content=\"Le Blue Ice Aero Lite sono le pi\u00f9 leggere viti da ghiaccio sul mercato (solo 65g per la 13cm!). Sono dotate di una innovativa punta a 3 denti, ideale per alpinismo tecnico, e sono disponibili in 5 lunghezze. La punta a tre denti \u00e8 in acciaio inossidabile, per un facile posizionamento in ogni condizione, mentre il corpo \u00e8 in leggero alluminio. La manovella girevole \u00e8 anch&#039;essa realizzata in acciaio inossidabile ed \u00e8 colorata per una rapida e facile identificazione della lunghezza. Il diametro della vite \u00e8 pi\u00f9 ampio di quello delle altre viti sul mercato, ci\u00f2 consente di utilizzare in sicurezza fori di sosta gi\u00e0 presenti.Le Blue Ice Aero Lite sono ideali per vie tecniche dove la leggerezza e le prestazioni contano.\" \/>\n<meta name=\"robots\" content=\"index, follow, max-snippet:-1, max-image-preview:large, max-video-preview:-1\" \/>\n<link rel=\"canonical\" href=\"https:\/\/www.sestogrado.it\/it\/prodotto\/blue-ice-aero-lite-viti-da-ghiaccio\/\" \/>\n<meta property=\"og:locale\" content=\"it_IT\" \/>\n<meta property=\"og:type\" content=\"article\" \/>\n<meta property=\"og:title\" content=\"Blue Ice Aero Lite viti da ghiaccio - Sestogrado\" \/>\n<meta property=\"og:description\" content=\"Le Blue Ice Aero Lite sono le pi\u00f9 leggere viti da ghiaccio sul mercato (solo 65g per la 13cm!). Sono dotate di una innovativa punta a 3 denti, ideale per alpinismo tecnico, e sono disponibili in 5 lunghezze. La punta a tre denti \u00e8 in acciaio inossidabile, per un facile posizionamento in ogni condizione, mentre il corpo \u00e8 in leggero alluminio. La manovella girevole \u00e8 anch&#039;essa realizzata in acciaio inossidabile ed \u00e8 colorata per una rapida e facile identificazione della lunghezza. Il diametro della vite \u00e8 pi\u00f9 ampio di quello delle altre viti sul mercato, ci\u00f2 consente di utilizzare in sicurezza fori di sosta gi\u00e0 presenti.Le Blue Ice Aero Lite sono ideali per vie tecniche dove la leggerezza e le prestazioni contano.\" \/>\n<meta property=\"og:url\" content=\"https:\/\/www.sestogrado.it\/it\/prodotto\/blue-ice-aero-lite-viti-da-ghiaccio\/\" \/>\n<meta property=\"og:site_name\" content=\"Sestogrado\" \/>\n<meta property=\"article:publisher\" content=\"https:\/\/www.facebook.com\/pages\/Sestogrado\/1542635979353017?ref=bookmarks\" \/>\n<meta property=\"article:modified_time\" content=\"2026-04-15T08:25:17+00:00\" \/>\n<meta property=\"og:image\" content=\"https:\/\/www.sestogrado.it\/wp-content\/uploads\/2021\/11\/01-5.jpg\" \/>\n\t<meta property=\"og:image:width\" content=\"1200\" \/>\n\t<meta property=\"og:image:height\" content=\"1200\" \/>\n\t<meta property=\"og:image:type\" content=\"image\/jpeg\" \/>\n<meta name=\"twitter:label1\" content=\"Disponibilit\u00e0\" \/>\n\t<meta name=\"twitter:data1\" content=\"In stock\" \/>\n<script type=\"application\/ld+json\" class=\"yoast-schema-graph\">{\"@context\":\"https:\/\/schema.org\",\"@graph\":[{\"@type\":\"WebPage\",\"@id\":\"https:\/\/www.sestogrado.it\/it\/prodotto\/blue-ice-aero-lite-viti-da-ghiaccio\/\",\"url\":\"https:\/\/www.sestogrado.it\/it\/prodotto\/blue-ice-aero-lite-viti-da-ghiaccio\/\",\"name\":\"Blue Ice Aero Lite viti da ghiaccio - Sestogrado\",\"isPartOf\":{\"@id\":\"https:\/\/www.sestogrado.it\/it\/#website\"},\"primaryImageOfPage\":{\"@id\":\"https:\/\/www.sestogrado.it\/it\/prodotto\/blue-ice-aero-lite-viti-da-ghiaccio\/#primaryimage\"},\"image\":{\"@id\":\"https:\/\/www.sestogrado.it\/prodotto\/blue-ice-aero-lite-viti-da-ghiaccio\/#primaryimage\"},\"thumbnailUrl\":\"https:\/\/www.sestogrado.it\/wp-content\/uploads\/2021\/11\/01-5.jpg\",\"datePublished\":\"2021-11-09T16:34:32+00:00\",\"dateModified\":\"2026-04-15T08:25:17+00:00\",\"description\":\"Le Blue Ice Aero Lite sono le pi\u00f9 leggere viti da ghiaccio sul mercato (solo 65g per la 13cm!). Sono dotate di una innovativa punta a 3 denti, ideale per alpinismo tecnico, e sono disponibili in 5 lunghezze. La punta a tre denti \u00e8 in acciaio inossidabile, per un facile posizionamento in ogni condizione, mentre il corpo \u00e8 in leggero alluminio. La manovella girevole \u00e8 anch'essa realizzata in acciaio inossidabile ed \u00e8 colorata per una rapida e facile identificazione della lunghezza. Il diametro della vite \u00e8 pi\u00f9 ampio di quello delle altre viti sul mercato, ci\u00f2 consente di utilizzare in sicurezza fori di sosta gi\u00e0 presenti.Le Blue Ice Aero Lite sono ideali per vie tecniche dove la leggerezza e le prestazioni contano.\",\"breadcrumb\":{\"@id\":\"https:\/\/www.sestogrado.it\/it\/prodotto\/blue-ice-aero-lite-viti-da-ghiaccio\/#breadcrumb\"},\"inLanguage\":\"it-IT\",\"potentialAction\":[{\"@type\":\"ReadAction\",\"target\":[[\"https:\/\/www.sestogrado.it\/it\/prodotto\/blue-ice-aero-lite-viti-da-ghiaccio\/\"]]}]},{\"@type\":\"ImageObject\",\"inLanguage\":\"it-IT\",\"@id\":\"https:\/\/www.sestogrado.it\/it\/prodotto\/blue-ice-aero-lite-viti-da-ghiaccio\/#primaryimage\",\"url\":\"https:\/\/www.sestogrado.it\/wp-content\/uploads\/2021\/11\/01-5.jpg\",\"contentUrl\":\"https:\/\/www.sestogrado.it\/wp-content\/uploads\/2021\/11\/01-5.jpg\",\"width\":1200,\"height\":1200,\"caption\":\"blue ice aero lite\"},{\"@type\":\"BreadcrumbList\",\"@id\":\"https:\/\/www.sestogrado.it\/it\/prodotto\/blue-ice-aero-lite-viti-da-ghiaccio\/#breadcrumb\",\"itemListElement\":[{\"@type\":\"ListItem\",\"position\":1,\"name\":\"Home\",\"item\":\"https:\/\/www.sestogrado.it\/it\/\"},{\"@type\":\"ListItem\",\"position\":2,\"name\":\"Shop\",\"item\":\"https:\/\/www.sestogrado.it\/it\/shop\/\"},{\"@type\":\"ListItem\",\"position\":3,\"name\":\"Blue Ice Aero Lite viti da ghiaccio\"}]},{\"@type\":\"WebSite\",\"@id\":\"https:\/\/www.sestogrado.it\/it\/#website\",\"url\":\"https:\/\/www.sestogrado.it\/it\/\",\"name\":\"Sestogrado\",\"description\":\"yes we climb\",\"publisher\":{\"@id\":\"https:\/\/www.sestogrado.it\/it\/#organization\"},\"potentialAction\":[{\"@type\":\"SearchAction\",\"target\":{\"@type\":\"EntryPoint\",\"urlTemplate\":\"https:\/\/www.sestogrado.it\/it\/?s={search_term_string}\"},\"query-input\":{\"@type\":\"PropertyValueSpecification\",\"valueRequired\":true,\"valueName\":\"search_term_string\"}}],\"inLanguage\":\"it-IT\"},{\"@type\":\"Organization\",\"@id\":\"https:\/\/www.sestogrado.it\/it\/#organization\",\"name\":\"Sestogrado\",\"url\":\"https:\/\/www.sestogrado.it\/it\/\",\"logo\":{\"@type\":\"ImageObject\",\"inLanguage\":\"it-IT\",\"@id\":\"https:\/\/www.sestogrado.it\/it\/#\/schema\/logo\/image\/\",\"url\":\"https:\/\/www.sestogrado.it\/wp-content\/uploads\/2015\/03\/sestogrado-favicon.png\",\"contentUrl\":\"https:\/\/www.sestogrado.it\/wp-content\/uploads\/2015\/03\/sestogrado-favicon.png\",\"width\":260,\"height\":260,\"caption\":\"Sestogrado\"},\"image\":{\"@id\":\"https:\/\/www.sestogrado.it\/it\/#\/schema\/logo\/image\/\"},\"sameAs\":[\"https:\/\/www.facebook.com\/pages\/Sestogrado\/1542635979353017?ref=bookmarks\",\"https:\/\/www.youtube.com\/channel\/UC847kAfTkaJsWpc1jtQwr3Q\"],\"hasMerchantReturnPolicy\":{\"@type\":\"MerchantReturnPolicy\",\"merchantReturnLink\":\"https:\/\/www.sestogrado.it\/it\/termini-e-condizioni\/\"}}]}<\/script>\n<meta property=\"product:brand\" content=\"Blue Ice\" \/>\n<meta property=\"og:availability\" content=\"instock\" \/>\n<meta property=\"product:availability\" content=\"instock\" \/>\n<meta property=\"product:condition\" content=\"new\" \/>\n<!-- \/ Yoast SEO plugin. -->","yoast_head_json":{"title":"Blue Ice Aero Lite viti da ghiaccio - Sestogrado","description":"Le Blue Ice Aero Lite sono le pi\u00f9 leggere viti da ghiaccio sul mercato (solo 65g per la 13cm!). Sono dotate di una innovativa punta a 3 denti, ideale per alpinismo tecnico, e sono disponibili in 5 lunghezze. La punta a tre denti \u00e8 in acciaio inossidabile, per un facile posizionamento in ogni condizione, mentre il corpo \u00e8 in leggero alluminio. La manovella girevole \u00e8 anch'essa realizzata in acciaio inossidabile ed \u00e8 colorata per una rapida e facile identificazione della lunghezza. Il diametro della vite \u00e8 pi\u00f9 ampio di quello delle altre viti sul mercato, ci\u00f2 consente di utilizzare in sicurezza fori di sosta gi\u00e0 presenti.Le Blue Ice Aero Lite sono ideali per vie tecniche dove la leggerezza e le prestazioni contano.","robots":{"index":"index","follow":"follow","max-snippet":"max-snippet:-1","max-image-preview":"max-image-preview:large","max-video-preview":"max-video-preview:-1"},"canonical":"https:\/\/www.sestogrado.it\/it\/prodotto\/blue-ice-aero-lite-viti-da-ghiaccio\/","og_locale":"it_IT","og_type":"article","og_title":"Blue Ice Aero Lite viti da ghiaccio - Sestogrado","og_description":"Le Blue Ice Aero Lite sono le pi\u00f9 leggere viti da ghiaccio sul mercato (solo 65g per la 13cm!). Sono dotate di una innovativa punta a 3 denti, ideale per alpinismo tecnico, e sono disponibili in 5 lunghezze. La punta a tre denti \u00e8 in acciaio inossidabile, per un facile posizionamento in ogni condizione, mentre il corpo \u00e8 in leggero alluminio. La manovella girevole \u00e8 anch'essa realizzata in acciaio inossidabile ed \u00e8 colorata per una rapida e facile identificazione della lunghezza. Il diametro della vite \u00e8 pi\u00f9 ampio di quello delle altre viti sul mercato, ci\u00f2 consente di utilizzare in sicurezza fori di sosta gi\u00e0 presenti.Le Blue Ice Aero Lite sono ideali per vie tecniche dove la leggerezza e le prestazioni contano.","og_url":"https:\/\/www.sestogrado.it\/it\/prodotto\/blue-ice-aero-lite-viti-da-ghiaccio\/","og_site_name":"Sestogrado","article_publisher":"https:\/\/www.facebook.com\/pages\/Sestogrado\/1542635979353017?ref=bookmarks","article_modified_time":"2026-04-15T08:25:17+00:00","og_image":[{"width":1200,"height":1200,"url":"https:\/\/www.sestogrado.it\/wp-content\/uploads\/2021\/11\/01-5.jpg","type":"image\/jpeg"}],"twitter_misc":{"Disponibilit\u00e0":"In stock"},"schema":{"@context":"https:\/\/schema.org","@graph":[{"@type":"WebPage","@id":"https:\/\/www.sestogrado.it\/it\/prodotto\/blue-ice-aero-lite-viti-da-ghiaccio\/","url":"https:\/\/www.sestogrado.it\/it\/prodotto\/blue-ice-aero-lite-viti-da-ghiaccio\/","name":"Blue Ice Aero Lite viti da ghiaccio - Sestogrado","isPartOf":{"@id":"https:\/\/www.sestogrado.it\/it\/#website"},"primaryImageOfPage":{"@id":"https:\/\/www.sestogrado.it\/it\/prodotto\/blue-ice-aero-lite-viti-da-ghiaccio\/#primaryimage"},"image":{"@id":"https:\/\/www.sestogrado.it\/prodotto\/blue-ice-aero-lite-viti-da-ghiaccio\/#primaryimage"},"thumbnailUrl":"https:\/\/www.sestogrado.it\/wp-content\/uploads\/2021\/11\/01-5.jpg","datePublished":"2021-11-09T16:34:32+00:00","dateModified":"2026-04-15T08:25:17+00:00","description":"Le Blue Ice Aero Lite sono le pi\u00f9 leggere viti da ghiaccio sul mercato (solo 65g per la 13cm!). Sono dotate di una innovativa punta a 3 denti, ideale per alpinismo tecnico, e sono disponibili in 5 lunghezze. La punta a tre denti \u00e8 in acciaio inossidabile, per un facile posizionamento in ogni condizione, mentre il corpo \u00e8 in leggero alluminio. La manovella girevole \u00e8 anch'essa realizzata in acciaio inossidabile ed \u00e8 colorata per una rapida e facile identificazione della lunghezza. Il diametro della vite \u00e8 pi\u00f9 ampio di quello delle altre viti sul mercato, ci\u00f2 consente di utilizzare in sicurezza fori di sosta gi\u00e0 presenti.Le Blue Ice Aero Lite sono ideali per vie tecniche dove la leggerezza e le prestazioni contano.","breadcrumb":{"@id":"https:\/\/www.sestogrado.it\/it\/prodotto\/blue-ice-aero-lite-viti-da-ghiaccio\/#breadcrumb"},"inLanguage":"it-IT","potentialAction":[{"@type":"ReadAction","target":[["https:\/\/www.sestogrado.it\/it\/prodotto\/blue-ice-aero-lite-viti-da-ghiaccio\/"]]}]},{"@type":"ImageObject","inLanguage":"it-IT","@id":"https:\/\/www.sestogrado.it\/it\/prodotto\/blue-ice-aero-lite-viti-da-ghiaccio\/#primaryimage","url":"https:\/\/www.sestogrado.it\/wp-content\/uploads\/2021\/11\/01-5.jpg","contentUrl":"https:\/\/www.sestogrado.it\/wp-content\/uploads\/2021\/11\/01-5.jpg","width":1200,"height":1200,"caption":"blue ice aero lite"},{"@type":"BreadcrumbList","@id":"https:\/\/www.sestogrado.it\/it\/prodotto\/blue-ice-aero-lite-viti-da-ghiaccio\/#breadcrumb","itemListElement":[{"@type":"ListItem","position":1,"name":"Home","item":"https:\/\/www.sestogrado.it\/it\/"},{"@type":"ListItem","position":2,"name":"Shop","item":"https:\/\/www.sestogrado.it\/it\/shop\/"},{"@type":"ListItem","position":3,"name":"Blue Ice Aero Lite viti da ghiaccio"}]},{"@type":"WebSite","@id":"https:\/\/www.sestogrado.it\/it\/#website","url":"https:\/\/www.sestogrado.it\/it\/","name":"Sestogrado","description":"yes we climb","publisher":{"@id":"https:\/\/www.sestogrado.it\/it\/#organization"},"potentialAction":[{"@type":"SearchAction","target":{"@type":"EntryPoint","urlTemplate":"https:\/\/www.sestogrado.it\/it\/?s={search_term_string}"},"query-input":{"@type":"PropertyValueSpecification","valueRequired":true,"valueName":"search_term_string"}}],"inLanguage":"it-IT"},{"@type":"Organization","@id":"https:\/\/www.sestogrado.it\/it\/#organization","name":"Sestogrado","url":"https:\/\/www.sestogrado.it\/it\/","logo":{"@type":"ImageObject","inLanguage":"it-IT","@id":"https:\/\/www.sestogrado.it\/it\/#\/schema\/logo\/image\/","url":"https:\/\/www.sestogrado.it\/wp-content\/uploads\/2015\/03\/sestogrado-favicon.png","contentUrl":"https:\/\/www.sestogrado.it\/wp-content\/uploads\/2015\/03\/sestogrado-favicon.png","width":260,"height":260,"caption":"Sestogrado"},"image":{"@id":"https:\/\/www.sestogrado.it\/it\/#\/schema\/logo\/image\/"},"sameAs":["https:\/\/www.facebook.com\/pages\/Sestogrado\/1542635979353017?ref=bookmarks","https:\/\/www.youtube.com\/channel\/UC847kAfTkaJsWpc1jtQwr3Q"],"hasMerchantReturnPolicy":{"@type":"MerchantReturnPolicy","merchantReturnLink":"https:\/\/www.sestogrado.it\/it\/termini-e-condizioni\/"}}]},"product_brand":"Blue Ice","og_availability":"instock","product_availability":"instock","product_condition":"new"},"_links":{"self":[{"href":"https:\/\/www.sestogrado.it\/it\/wp-json\/wp\/v2\/product\/84466","targetHints":{"allow":["GET"]}}],"collection":[{"href":"https:\/\/www.sestogrado.it\/it\/wp-json\/wp\/v2\/product"}],"about":[{"href":"https:\/\/www.sestogrado.it\/it\/wp-json\/wp\/v2\/types\/product"}],"replies":[{"embeddable":true,"href":"https:\/\/www.sestogrado.it\/it\/wp-json\/wp\/v2\/comments?post=84466"}],"wp:featuredmedia":[{"embeddable":true,"href":"https:\/\/www.sestogrado.it\/it\/wp-json\/wp\/v2\/media\/84542"}],"wp:attachment":[{"href":"https:\/\/www.sestogrado.it\/it\/wp-json\/wp\/v2\/media?parent=84466"}],"wp:term":[{"taxonomy":"product_brand","embeddable":true,"href":"https:\/\/www.sestogrado.it\/it\/wp-json\/wp\/v2\/product_brand?post=84466"},{"taxonomy":"product_cat","embeddable":true,"href":"https:\/\/www.sestogrado.it\/it\/wp-json\/wp\/v2\/product_cat?post=84466"},{"taxonomy":"product_tag","embeddable":true,"href":"https:\/\/www.sestogrado.it\/it\/wp-json\/wp\/v2\/product_tag?post=84466"}],"curies":[{"name":"wp","href":"https:\/\/api.w.org\/{rel}","templated":true}]}}