{"id":84062,"date":"2021-11-03T12:52:39","date_gmt":"2021-11-03T11:52:39","guid":{"rendered":"https:\/\/www.sestogrado.it\/?post_type=product&#038;p=84062"},"modified":"2024-06-04T16:26:01","modified_gmt":"2024-06-04T14:26:01","slug":"mapo-tapo-the-climbing-travel-guide-guida-di-arrampicata","status":"publish","type":"product","link":"https:\/\/www.sestogrado.it\/it\/prodotto\/mapo-tapo-the-climbing-travel-guide-guida-di-arrampicata\/","title":{"rendered":"Mapo Tapo The Climbing Travel Guide guida di arrampicata"},"content":{"rendered":"<p>Mapo Tapo <em>The Climbing Travel Guid<\/em>e \u00e8 la <strong>guida illustrata con 50 destinazioni di arrampicata<\/strong> fuori dai sentieri battuti in tutto il mondo.<\/p>\n<p>Con<strong> oltre 150 foto mozzafiat<\/strong>o e <strong>pi\u00f9 di 1000 falesie<\/strong> menzionate, <em>The Climbing Travel Guid<\/em>e \u00e8 il primo libro che documenta le 50 migliori destinazioni di arrampicata fuori dalle principali rotte turistiche nel mondo e le loro community di climbers. Il libro propone 50 destinazioni in tutto il mondo, come la\u00a0<strong>Thailandia<\/strong>, l&#8217;atollo di\u00a0<strong>Makatea<\/strong>\u00a0(Polinesia Francese), la\u00a0<strong>Palestina<\/strong>, ma anche la nostra\u00a0<strong>Sicilia<\/strong>\u00a0e altri luoghi ancora poco conosciuti dai climber internazionali qui in Italia. Per ogni area, Mapo Tapo fornisce una panoramica delle migliori aree di arrampicata, con particolare attenzione alle zone fuori dai sentieri battuti, lavorando fianco a fianco con gli arrampicatori locali. Un libro fotografico con 50 destinazioni, pi\u00f9 di 1000 falesie e storie di scalatori locali, i punti di contatto della zona.<\/p>\n<p>Mapo Tapo ha intervistato scalatori ed esperti locali per creare la migliore guida di arrampicata per destinazioni in tutto il mondo, originali e tutte da scoprire.<\/p>\n<p>Non c&#8217;\u00e8 nulla di pi\u00f9 emozionante di esplorare un posto nuovo, entrare in contatto con la community locale di arrampicatori e scoprire destinazioni attraverso lo sport che tutti noi amiamo di pi\u00f9: l&#8217;arrampicata.<\/p>\n<p>Sii tra i primi a scoprire la guida illustrata di arrampicata firmata Mapo Tapo e immergiti nelle sue 206 pagine tra <strong>foto in HD, illustrazioni e mappe<\/strong>; creata, sviluppata e distribuita dal team di <strong>appassionati dell&#8217;arrampicata<\/strong>.\u00a0 La guida \u00e8 il risultato di uno sforzo collaborativo tra fotografi d&#8217;outdoor e studi professionali (Heartfelt Studio for graphics; Francesco Bonvecchio for illustrations) ed \u00e8 il regalo ideale per i tuoi soci di arrampicata!<\/p>\n<p><img decoding=\"async\" class=\"img-fluid alignnone wp-image-84127 size-large\" src=\"https:\/\/www.sestogrado.it\/wp-content\/uploads\/2021\/11\/Mapo-Tapo-The-Climbing-Travel-Guide-1024x576.jpg\" alt=\"mapo tapo\" width=\"1024\" height=\"576\" srcset=\"https:\/\/www.sestogrado.it\/wp-content\/uploads\/2021\/11\/Mapo-Tapo-The-Climbing-Travel-Guide-1024x576.jpg 1024w, https:\/\/www.sestogrado.it\/wp-content\/uploads\/2021\/11\/Mapo-Tapo-The-Climbing-Travel-Guide-750x422.jpg 750w, https:\/\/www.sestogrado.it\/wp-content\/uploads\/2021\/11\/Mapo-Tapo-The-Climbing-Travel-Guide-300x169.jpg 300w, https:\/\/www.sestogrado.it\/wp-content\/uploads\/2021\/11\/Mapo-Tapo-The-Climbing-Travel-Guide-768x432.jpg 768w, https:\/\/www.sestogrado.it\/wp-content\/uploads\/2021\/11\/Mapo-Tapo-The-Climbing-Travel-Guide-635x357.jpg 635w, https:\/\/www.sestogrado.it\/wp-content\/uploads\/2021\/11\/Mapo-Tapo-The-Climbing-Travel-Guide-142x80.jpg 142w, https:\/\/www.sestogrado.it\/wp-content\/uploads\/2021\/11\/Mapo-Tapo-The-Climbing-Travel-Guide-107x60.jpg 107w, https:\/\/www.sestogrado.it\/wp-content\/uploads\/2021\/11\/Mapo-Tapo-The-Climbing-Travel-Guide-160x90.jpg 160w, https:\/\/www.sestogrado.it\/wp-content\/uploads\/2021\/11\/Mapo-Tapo-The-Climbing-Travel-Guide.jpg 1280w\" sizes=\"(max-width: 1024px) 100vw, 1024px\" \/><\/p>\n<p>\u2022 50 destinazioni di arrampicata (in quasi 30 paesi diversi)<br \/>\n\u2022 Pi\u00f9 di 1000 menzioni di falesie<br \/>\n\u2022 Oltre 150 foto mozzafiato<br \/>\n\u2022 50 diversi profili di climbers locali da contattare prima di viaggiare<br \/>\n\u2022 Oltre 20 mappe illustrate dei luoghi pi\u00f9 iconici<\/p>\n<p>&nbsp;<\/p>\n<p>Se vuoi farti inspirare dagli arrampicatori di tutto il mondo, scoprire originali spot nelle zone pi\u00f9 impensabili e lasciare un impatto positivo nelle comunit\u00e0 locali delle falesie in tutto il mondo, questa \u00e8 la guida immancabile per te. <em>The Climbing Travel Guide\u00a0<\/em>\u00e8 l&#8217;ideale come <strong>regalo per i tuoi soci di arrampicat<\/strong>a e per sognare nuovi viaggi in tutto il mondo, fuori dalle rotte turistiche. Inoltre, conosci i <strong>climbers locali<\/strong> delle falesie citate in tutto il mondo e contattali prima dei tuoi viaggi, come punti di riferimento.<\/p>\n<p>Con un design elegante ed una scrittura scorrevole, goditi la lettura e <strong>progetta il tuo prossimo viaggio<\/strong> di arrampicata!<\/p>\n<p><em>Testo pubblicato solo in lingua inglese.<\/em><\/p>","protected":false},"excerpt":{"rendered":"<p>Mapo Tapo The Climbing Travel Guide \u00e8 la guida illustrata con 50 destinazioni di arrampicata fuori dai sentieri battuti in [&hellip;]<\/p>\n","protected":false},"featured_media":84124,"comment_status":"open","ping_status":"closed","template":"","meta":{"_acf_changed":false},"product_brand":[890],"product_cat":[98],"product_tag":[],"class_list":{"0":"post-84062","1":"product","2":"type-product","3":"status-publish","4":"has-post-thumbnail","6":"product_brand-mapo-tapo","7":"product_cat-libri","9":"first","10":"outofstock","11":"taxable","12":"shipping-taxable","13":"purchasable","14":"product-type-simple"},"acf":[],"yoast_head":"<!-- This site is optimized with the Yoast SEO plugin v26.4 - https:\/\/yoast.com\/wordpress\/plugins\/seo\/ -->\n<title>Mapo Tapo The Climbing Travel Guide guida di arrampicata - Sestogrado<\/title>\n<meta name=\"description\" content=\"Mapo Tapo The Climbing Travel Guide \u00e8 la guida illustrata con 50 destinazioni di arrampicata fuori dai sentieri battuti in tutto il mondo.Con oltre 150 foto mozzafiato e pi\u00f9 di 1000 falesie menzionate, The Climbing Travel Guide \u00e8 il primo libro che documenta le 50 migliori destinazioni di arrampicata fuori dalle principali rotte turistiche nel mondo e le loro community di climbers. Il libro propone 50 destinazioni in tutto il mondo, come la\u00a0Thailandia, l&#039;atollo di\u00a0Makatea\u00a0(Polinesia Francese), la\u00a0Palestina, ma anche la nostra\u00a0Sicilia\u00a0e altri luoghi ancora poco conosciuti dai climber internazionali qui in Italia. Per ogni area, Mapo Tapo fornisce una panoramica delle migliori aree di arrampicata, con particolare attenzione alle zone fuori dai sentieri battuti, lavorando fianco a fianco con gli arrampicatori locali. Un libro fotografico con 50 destinazioni, pi\u00f9 di 1000 falesie e storie di scalatori locali, i punti di contatto della zona.\u00a0Mapo Tapo ha intervistato scalatori ed esperti locali per creare la migliore guida di arrampicata per destinazioni in tutto il mondo, originali e tutte da scoprire.Non c&#039;\u00e8 nulla di pi\u00f9 emozionante di esplorare un posto nuovo, entrare in contatto con la community locale di arrampicatori e scoprire destinazioni attraverso lo sport che tutti noi amiamo di pi\u00f9: l&#039;arrampicata.\" \/>\n<meta name=\"robots\" content=\"index, follow, max-snippet:-1, max-image-preview:large, max-video-preview:-1\" \/>\n<link rel=\"canonical\" href=\"https:\/\/www.sestogrado.it\/it\/prodotto\/mapo-tapo-the-climbing-travel-guide-guida-di-arrampicata\/\" \/>\n<meta property=\"og:locale\" content=\"it_IT\" \/>\n<meta property=\"og:type\" content=\"article\" \/>\n<meta property=\"og:title\" content=\"Mapo Tapo The Climbing Travel Guide guida di arrampicata - Sestogrado\" \/>\n<meta property=\"og:description\" content=\"Mapo Tapo The Climbing Travel Guide \u00e8 la guida illustrata con 50 destinazioni di arrampicata fuori dai sentieri battuti in tutto il mondo.Con oltre 150 foto mozzafiato e pi\u00f9 di 1000 falesie menzionate, The Climbing Travel Guide \u00e8 il primo libro che documenta le 50 migliori destinazioni di arrampicata fuori dalle principali rotte turistiche nel mondo e le loro community di climbers. Il libro propone 50 destinazioni in tutto il mondo, come la\u00a0Thailandia, l&#039;atollo di\u00a0Makatea\u00a0(Polinesia Francese), la\u00a0Palestina, ma anche la nostra\u00a0Sicilia\u00a0e altri luoghi ancora poco conosciuti dai climber internazionali qui in Italia. Per ogni area, Mapo Tapo fornisce una panoramica delle migliori aree di arrampicata, con particolare attenzione alle zone fuori dai sentieri battuti, lavorando fianco a fianco con gli arrampicatori locali. Un libro fotografico con 50 destinazioni, pi\u00f9 di 1000 falesie e storie di scalatori locali, i punti di contatto della zona.\u00a0Mapo Tapo ha intervistato scalatori ed esperti locali per creare la migliore guida di arrampicata per destinazioni in tutto il mondo, originali e tutte da scoprire.Non c&#039;\u00e8 nulla di pi\u00f9 emozionante di esplorare un posto nuovo, entrare in contatto con la community locale di arrampicatori e scoprire destinazioni attraverso lo sport che tutti noi amiamo di pi\u00f9: l&#039;arrampicata.\" \/>\n<meta property=\"og:url\" content=\"https:\/\/www.sestogrado.it\/it\/prodotto\/mapo-tapo-the-climbing-travel-guide-guida-di-arrampicata\/\" \/>\n<meta property=\"og:site_name\" content=\"Sestogrado\" \/>\n<meta property=\"article:publisher\" content=\"https:\/\/www.facebook.com\/pages\/Sestogrado\/1542635979353017?ref=bookmarks\" \/>\n<meta property=\"article:modified_time\" content=\"2024-06-04T14:26:01+00:00\" \/>\n<meta property=\"og:image\" content=\"https:\/\/www.sestogrado.it\/wp-content\/uploads\/2021\/11\/01-1.jpg\" \/>\n\t<meta property=\"og:image:width\" content=\"1078\" \/>\n\t<meta property=\"og:image:height\" content=\"1078\" \/>\n\t<meta property=\"og:image:type\" content=\"image\/jpeg\" \/>\n<meta name=\"twitter:label1\" content=\"Prezzo\" \/>\n\t<meta name=\"twitter:data1\" content=\"&euro;&nbsp;45,00\" \/>\n\t<meta name=\"twitter:label2\" content=\"Disponibilit\u00e0\" \/>\n\t<meta name=\"twitter:data2\" content=\"Esaurito\" \/>\n<script type=\"application\/ld+json\" class=\"yoast-schema-graph\">{\"@context\":\"https:\/\/schema.org\",\"@graph\":[{\"@type\":\"WebPage\",\"@id\":\"https:\/\/www.sestogrado.it\/it\/prodotto\/mapo-tapo-the-climbing-travel-guide-guida-di-arrampicata\/\",\"url\":\"https:\/\/www.sestogrado.it\/it\/prodotto\/mapo-tapo-the-climbing-travel-guide-guida-di-arrampicata\/\",\"name\":\"Mapo Tapo The Climbing Travel Guide guida di arrampicata - Sestogrado\",\"isPartOf\":{\"@id\":\"https:\/\/www.sestogrado.it\/it\/#website\"},\"primaryImageOfPage\":{\"@id\":\"https:\/\/www.sestogrado.it\/it\/prodotto\/mapo-tapo-the-climbing-travel-guide-guida-di-arrampicata\/#primaryimage\"},\"image\":{\"@id\":\"https:\/\/www.sestogrado.it\/prodotto\/mapo-tapo-the-climbing-travel-guide-guida-di-arrampicata\/#primaryimage\"},\"thumbnailUrl\":\"https:\/\/www.sestogrado.it\/wp-content\/uploads\/2021\/11\/01-1.jpg\",\"datePublished\":\"2021-11-03T11:52:39+00:00\",\"dateModified\":\"2024-06-04T14:26:01+00:00\",\"description\":\"Mapo Tapo The Climbing Travel Guide \u00e8 la guida illustrata con 50 destinazioni di arrampicata fuori dai sentieri battuti in tutto il mondo.Con oltre 150 foto mozzafiato e pi\u00f9 di 1000 falesie menzionate, The Climbing Travel Guide \u00e8 il primo libro che documenta le 50 migliori destinazioni di arrampicata fuori dalle principali rotte turistiche nel mondo e le loro community di climbers. Il libro propone 50 destinazioni in tutto il mondo, come la\u00a0Thailandia, l'atollo di\u00a0Makatea\u00a0(Polinesia Francese), la\u00a0Palestina, ma anche la nostra\u00a0Sicilia\u00a0e altri luoghi ancora poco conosciuti dai climber internazionali qui in Italia. Per ogni area, Mapo Tapo fornisce una panoramica delle migliori aree di arrampicata, con particolare attenzione alle zone fuori dai sentieri battuti, lavorando fianco a fianco con gli arrampicatori locali. Un libro fotografico con 50 destinazioni, pi\u00f9 di 1000 falesie e storie di scalatori locali, i punti di contatto della zona.\u00a0Mapo Tapo ha intervistato scalatori ed esperti locali per creare la migliore guida di arrampicata per destinazioni in tutto il mondo, originali e tutte da scoprire.Non c'\u00e8 nulla di pi\u00f9 emozionante di esplorare un posto nuovo, entrare in contatto con la community locale di arrampicatori e scoprire destinazioni attraverso lo sport che tutti noi amiamo di pi\u00f9: l'arrampicata.\",\"breadcrumb\":{\"@id\":\"https:\/\/www.sestogrado.it\/it\/prodotto\/mapo-tapo-the-climbing-travel-guide-guida-di-arrampicata\/#breadcrumb\"},\"inLanguage\":\"it-IT\",\"potentialAction\":[{\"@type\":\"ReadAction\",\"target\":[[\"https:\/\/www.sestogrado.it\/it\/prodotto\/mapo-tapo-the-climbing-travel-guide-guida-di-arrampicata\/\"]]}]},{\"@type\":\"ImageObject\",\"inLanguage\":\"it-IT\",\"@id\":\"https:\/\/www.sestogrado.it\/it\/prodotto\/mapo-tapo-the-climbing-travel-guide-guida-di-arrampicata\/#primaryimage\",\"url\":\"https:\/\/www.sestogrado.it\/wp-content\/uploads\/2021\/11\/01-1.jpg\",\"contentUrl\":\"https:\/\/www.sestogrado.it\/wp-content\/uploads\/2021\/11\/01-1.jpg\",\"width\":1078,\"height\":1078,\"caption\":\"mapo tapo\"},{\"@type\":\"BreadcrumbList\",\"@id\":\"https:\/\/www.sestogrado.it\/it\/prodotto\/mapo-tapo-the-climbing-travel-guide-guida-di-arrampicata\/#breadcrumb\",\"itemListElement\":[{\"@type\":\"ListItem\",\"position\":1,\"name\":\"Home\",\"item\":\"https:\/\/www.sestogrado.it\/it\/\"},{\"@type\":\"ListItem\",\"position\":2,\"name\":\"Shop\",\"item\":\"https:\/\/www.sestogrado.it\/it\/shop\/\"},{\"@type\":\"ListItem\",\"position\":3,\"name\":\"Mapo Tapo The Climbing Travel Guide guida di arrampicata\"}]},{\"@type\":\"WebSite\",\"@id\":\"https:\/\/www.sestogrado.it\/it\/#website\",\"url\":\"https:\/\/www.sestogrado.it\/it\/\",\"name\":\"Sestogrado\",\"description\":\"yes we climb\",\"publisher\":{\"@id\":\"https:\/\/www.sestogrado.it\/it\/#organization\"},\"potentialAction\":[{\"@type\":\"SearchAction\",\"target\":{\"@type\":\"EntryPoint\",\"urlTemplate\":\"https:\/\/www.sestogrado.it\/it\/?s={search_term_string}\"},\"query-input\":{\"@type\":\"PropertyValueSpecification\",\"valueRequired\":true,\"valueName\":\"search_term_string\"}}],\"inLanguage\":\"it-IT\"},{\"@type\":\"Organization\",\"@id\":\"https:\/\/www.sestogrado.it\/it\/#organization\",\"name\":\"Sestogrado\",\"url\":\"https:\/\/www.sestogrado.it\/it\/\",\"logo\":{\"@type\":\"ImageObject\",\"inLanguage\":\"it-IT\",\"@id\":\"https:\/\/www.sestogrado.it\/it\/#\/schema\/logo\/image\/\",\"url\":\"https:\/\/www.sestogrado.it\/wp-content\/uploads\/2015\/03\/sestogrado-favicon.png\",\"contentUrl\":\"https:\/\/www.sestogrado.it\/wp-content\/uploads\/2015\/03\/sestogrado-favicon.png\",\"width\":260,\"height\":260,\"caption\":\"Sestogrado\"},\"image\":{\"@id\":\"https:\/\/www.sestogrado.it\/it\/#\/schema\/logo\/image\/\"},\"sameAs\":[\"https:\/\/www.facebook.com\/pages\/Sestogrado\/1542635979353017?ref=bookmarks\",\"https:\/\/www.youtube.com\/channel\/UC847kAfTkaJsWpc1jtQwr3Q\"],\"hasMerchantReturnPolicy\":{\"@type\":\"MerchantReturnPolicy\",\"merchantReturnLink\":\"https:\/\/www.sestogrado.it\/it\/termini-e-condizioni\/\"}}]}<\/script>\n<meta property=\"product:brand\" content=\"Mapo Tapo\" \/>\n<meta property=\"product:price:amount\" content=\"45.00\" \/>\n<meta property=\"product:price:currency\" content=\"EUR\" \/>\n<meta property=\"og:availability\" content=\"out of stock\" \/>\n<meta property=\"product:availability\" content=\"out of stock\" \/>\n<meta property=\"product:condition\" content=\"new\" \/>\n<!-- \/ Yoast SEO plugin. -->","yoast_head_json":{"title":"Mapo Tapo The Climbing Travel Guide guida di arrampicata - Sestogrado","description":"Mapo Tapo The Climbing Travel Guide \u00e8 la guida illustrata con 50 destinazioni di arrampicata fuori dai sentieri battuti in tutto il mondo.Con oltre 150 foto mozzafiato e pi\u00f9 di 1000 falesie menzionate, The Climbing Travel Guide \u00e8 il primo libro che documenta le 50 migliori destinazioni di arrampicata fuori dalle principali rotte turistiche nel mondo e le loro community di climbers. Il libro propone 50 destinazioni in tutto il mondo, come la\u00a0Thailandia, l'atollo di\u00a0Makatea\u00a0(Polinesia Francese), la\u00a0Palestina, ma anche la nostra\u00a0Sicilia\u00a0e altri luoghi ancora poco conosciuti dai climber internazionali qui in Italia. Per ogni area, Mapo Tapo fornisce una panoramica delle migliori aree di arrampicata, con particolare attenzione alle zone fuori dai sentieri battuti, lavorando fianco a fianco con gli arrampicatori locali. Un libro fotografico con 50 destinazioni, pi\u00f9 di 1000 falesie e storie di scalatori locali, i punti di contatto della zona.\u00a0Mapo Tapo ha intervistato scalatori ed esperti locali per creare la migliore guida di arrampicata per destinazioni in tutto il mondo, originali e tutte da scoprire.Non c'\u00e8 nulla di pi\u00f9 emozionante di esplorare un posto nuovo, entrare in contatto con la community locale di arrampicatori e scoprire destinazioni attraverso lo sport che tutti noi amiamo di pi\u00f9: l'arrampicata.","robots":{"index":"index","follow":"follow","max-snippet":"max-snippet:-1","max-image-preview":"max-image-preview:large","max-video-preview":"max-video-preview:-1"},"canonical":"https:\/\/www.sestogrado.it\/it\/prodotto\/mapo-tapo-the-climbing-travel-guide-guida-di-arrampicata\/","og_locale":"it_IT","og_type":"article","og_title":"Mapo Tapo The Climbing Travel Guide guida di arrampicata - Sestogrado","og_description":"Mapo Tapo The Climbing Travel Guide \u00e8 la guida illustrata con 50 destinazioni di arrampicata fuori dai sentieri battuti in tutto il mondo.Con oltre 150 foto mozzafiato e pi\u00f9 di 1000 falesie menzionate, The Climbing Travel Guide \u00e8 il primo libro che documenta le 50 migliori destinazioni di arrampicata fuori dalle principali rotte turistiche nel mondo e le loro community di climbers. Il libro propone 50 destinazioni in tutto il mondo, come la\u00a0Thailandia, l'atollo di\u00a0Makatea\u00a0(Polinesia Francese), la\u00a0Palestina, ma anche la nostra\u00a0Sicilia\u00a0e altri luoghi ancora poco conosciuti dai climber internazionali qui in Italia. Per ogni area, Mapo Tapo fornisce una panoramica delle migliori aree di arrampicata, con particolare attenzione alle zone fuori dai sentieri battuti, lavorando fianco a fianco con gli arrampicatori locali. Un libro fotografico con 50 destinazioni, pi\u00f9 di 1000 falesie e storie di scalatori locali, i punti di contatto della zona.\u00a0Mapo Tapo ha intervistato scalatori ed esperti locali per creare la migliore guida di arrampicata per destinazioni in tutto il mondo, originali e tutte da scoprire.Non c'\u00e8 nulla di pi\u00f9 emozionante di esplorare un posto nuovo, entrare in contatto con la community locale di arrampicatori e scoprire destinazioni attraverso lo sport che tutti noi amiamo di pi\u00f9: l'arrampicata.","og_url":"https:\/\/www.sestogrado.it\/it\/prodotto\/mapo-tapo-the-climbing-travel-guide-guida-di-arrampicata\/","og_site_name":"Sestogrado","article_publisher":"https:\/\/www.facebook.com\/pages\/Sestogrado\/1542635979353017?ref=bookmarks","article_modified_time":"2024-06-04T14:26:01+00:00","og_image":[{"width":1078,"height":1078,"url":"https:\/\/www.sestogrado.it\/wp-content\/uploads\/2021\/11\/01-1.jpg","type":"image\/jpeg"}],"twitter_misc":{"Prezzo":"&euro;&nbsp;45,00","Disponibilit\u00e0":"Esaurito"},"schema":{"@context":"https:\/\/schema.org","@graph":[{"@type":"WebPage","@id":"https:\/\/www.sestogrado.it\/it\/prodotto\/mapo-tapo-the-climbing-travel-guide-guida-di-arrampicata\/","url":"https:\/\/www.sestogrado.it\/it\/prodotto\/mapo-tapo-the-climbing-travel-guide-guida-di-arrampicata\/","name":"Mapo Tapo The Climbing Travel Guide guida di arrampicata - Sestogrado","isPartOf":{"@id":"https:\/\/www.sestogrado.it\/it\/#website"},"primaryImageOfPage":{"@id":"https:\/\/www.sestogrado.it\/it\/prodotto\/mapo-tapo-the-climbing-travel-guide-guida-di-arrampicata\/#primaryimage"},"image":{"@id":"https:\/\/www.sestogrado.it\/prodotto\/mapo-tapo-the-climbing-travel-guide-guida-di-arrampicata\/#primaryimage"},"thumbnailUrl":"https:\/\/www.sestogrado.it\/wp-content\/uploads\/2021\/11\/01-1.jpg","datePublished":"2021-11-03T11:52:39+00:00","dateModified":"2024-06-04T14:26:01+00:00","description":"Mapo Tapo The Climbing Travel Guide \u00e8 la guida illustrata con 50 destinazioni di arrampicata fuori dai sentieri battuti in tutto il mondo.Con oltre 150 foto mozzafiato e pi\u00f9 di 1000 falesie menzionate, The Climbing Travel Guide \u00e8 il primo libro che documenta le 50 migliori destinazioni di arrampicata fuori dalle principali rotte turistiche nel mondo e le loro community di climbers. Il libro propone 50 destinazioni in tutto il mondo, come la\u00a0Thailandia, l'atollo di\u00a0Makatea\u00a0(Polinesia Francese), la\u00a0Palestina, ma anche la nostra\u00a0Sicilia\u00a0e altri luoghi ancora poco conosciuti dai climber internazionali qui in Italia. Per ogni area, Mapo Tapo fornisce una panoramica delle migliori aree di arrampicata, con particolare attenzione alle zone fuori dai sentieri battuti, lavorando fianco a fianco con gli arrampicatori locali. Un libro fotografico con 50 destinazioni, pi\u00f9 di 1000 falesie e storie di scalatori locali, i punti di contatto della zona.\u00a0Mapo Tapo ha intervistato scalatori ed esperti locali per creare la migliore guida di arrampicata per destinazioni in tutto il mondo, originali e tutte da scoprire.Non c'\u00e8 nulla di pi\u00f9 emozionante di esplorare un posto nuovo, entrare in contatto con la community locale di arrampicatori e scoprire destinazioni attraverso lo sport che tutti noi amiamo di pi\u00f9: l'arrampicata.","breadcrumb":{"@id":"https:\/\/www.sestogrado.it\/it\/prodotto\/mapo-tapo-the-climbing-travel-guide-guida-di-arrampicata\/#breadcrumb"},"inLanguage":"it-IT","potentialAction":[{"@type":"ReadAction","target":[["https:\/\/www.sestogrado.it\/it\/prodotto\/mapo-tapo-the-climbing-travel-guide-guida-di-arrampicata\/"]]}]},{"@type":"ImageObject","inLanguage":"it-IT","@id":"https:\/\/www.sestogrado.it\/it\/prodotto\/mapo-tapo-the-climbing-travel-guide-guida-di-arrampicata\/#primaryimage","url":"https:\/\/www.sestogrado.it\/wp-content\/uploads\/2021\/11\/01-1.jpg","contentUrl":"https:\/\/www.sestogrado.it\/wp-content\/uploads\/2021\/11\/01-1.jpg","width":1078,"height":1078,"caption":"mapo tapo"},{"@type":"BreadcrumbList","@id":"https:\/\/www.sestogrado.it\/it\/prodotto\/mapo-tapo-the-climbing-travel-guide-guida-di-arrampicata\/#breadcrumb","itemListElement":[{"@type":"ListItem","position":1,"name":"Home","item":"https:\/\/www.sestogrado.it\/it\/"},{"@type":"ListItem","position":2,"name":"Shop","item":"https:\/\/www.sestogrado.it\/it\/shop\/"},{"@type":"ListItem","position":3,"name":"Mapo Tapo The Climbing Travel Guide guida di arrampicata"}]},{"@type":"WebSite","@id":"https:\/\/www.sestogrado.it\/it\/#website","url":"https:\/\/www.sestogrado.it\/it\/","name":"Sestogrado","description":"yes we climb","publisher":{"@id":"https:\/\/www.sestogrado.it\/it\/#organization"},"potentialAction":[{"@type":"SearchAction","target":{"@type":"EntryPoint","urlTemplate":"https:\/\/www.sestogrado.it\/it\/?s={search_term_string}"},"query-input":{"@type":"PropertyValueSpecification","valueRequired":true,"valueName":"search_term_string"}}],"inLanguage":"it-IT"},{"@type":"Organization","@id":"https:\/\/www.sestogrado.it\/it\/#organization","name":"Sestogrado","url":"https:\/\/www.sestogrado.it\/it\/","logo":{"@type":"ImageObject","inLanguage":"it-IT","@id":"https:\/\/www.sestogrado.it\/it\/#\/schema\/logo\/image\/","url":"https:\/\/www.sestogrado.it\/wp-content\/uploads\/2015\/03\/sestogrado-favicon.png","contentUrl":"https:\/\/www.sestogrado.it\/wp-content\/uploads\/2015\/03\/sestogrado-favicon.png","width":260,"height":260,"caption":"Sestogrado"},"image":{"@id":"https:\/\/www.sestogrado.it\/it\/#\/schema\/logo\/image\/"},"sameAs":["https:\/\/www.facebook.com\/pages\/Sestogrado\/1542635979353017?ref=bookmarks","https:\/\/www.youtube.com\/channel\/UC847kAfTkaJsWpc1jtQwr3Q"],"hasMerchantReturnPolicy":{"@type":"MerchantReturnPolicy","merchantReturnLink":"https:\/\/www.sestogrado.it\/it\/termini-e-condizioni\/"}}]},"product_brand":"Mapo Tapo","product_price_amount":"45.00","product_price_currency":"EUR","og_availability":"out of stock","product_availability":"out of stock","product_condition":"new"},"_links":{"self":[{"href":"https:\/\/www.sestogrado.it\/it\/wp-json\/wp\/v2\/product\/84062","targetHints":{"allow":["GET"]}}],"collection":[{"href":"https:\/\/www.sestogrado.it\/it\/wp-json\/wp\/v2\/product"}],"about":[{"href":"https:\/\/www.sestogrado.it\/it\/wp-json\/wp\/v2\/types\/product"}],"replies":[{"embeddable":true,"href":"https:\/\/www.sestogrado.it\/it\/wp-json\/wp\/v2\/comments?post=84062"}],"wp:featuredmedia":[{"embeddable":true,"href":"https:\/\/www.sestogrado.it\/it\/wp-json\/wp\/v2\/media\/84124"}],"wp:attachment":[{"href":"https:\/\/www.sestogrado.it\/it\/wp-json\/wp\/v2\/media?parent=84062"}],"wp:term":[{"taxonomy":"product_brand","embeddable":true,"href":"https:\/\/www.sestogrado.it\/it\/wp-json\/wp\/v2\/product_brand?post=84062"},{"taxonomy":"product_cat","embeddable":true,"href":"https:\/\/www.sestogrado.it\/it\/wp-json\/wp\/v2\/product_cat?post=84062"},{"taxonomy":"product_tag","embeddable":true,"href":"https:\/\/www.sestogrado.it\/it\/wp-json\/wp\/v2\/product_tag?post=84062"}],"curies":[{"name":"wp","href":"https:\/\/api.w.org\/{rel}","templated":true}]}}