{"id":84050,"date":"2021-11-02T15:54:03","date_gmt":"2021-11-02T14:54:03","guid":{"rendered":"https:\/\/www.sestogrado.it\/?post_type=product&#038;p=84050"},"modified":"2026-03-19T21:00:36","modified_gmt":"2026-03-19T20:00:36","slug":"blue-ice-hydra-leash-dragonne-per-piccozza-con-sistema-antirotazione","status":"publish","type":"product","link":"https:\/\/www.sestogrado.it\/it\/prodotto\/blue-ice-hydra-leash-dragonne-per-piccozza-con-sistema-antirotazione\/","title":{"rendered":"Blue Ice Hydra leash dragonne per piccozza con sistema antirotazione"},"content":{"rendered":"<p>Il Blue Ice Hydra Leash \u00e8 una dragonne per piccozza con due bracci elastici, due moschettoni ed un sistema antirotazione dei bracci. E&#8217; progettata per agganciare le piccozze pi\u00f9 tecniche e moderne. I moschettoni hanno ampia apertura e tensione della leva elevata. Si aggancia facilmente all&#8217;imbrago tramite nodo a bocca di lupo. L&#8217;Hydra Leash \u00e8 dotato di un dispositivo girevole, alla base della dragonne, che impedisce l&#8217;attorcigliamento dei bracci.<\/p>\n<p>Con soli 54g \u00e8 la dragonne pi\u00f9 leggera sul mercato.<\/p>\n<ul>\n<li>due fettucce elastiche leggere (lunghezza: 80cm a riposo, 135cm da estese)<\/li>\n<li>2 moschettoni a leva ad alta tensione<\/li>\n<li>sistema antirotazione dei bracci, evita attorcigliamento<\/li>\n<li>Resistenza: 2kN<\/li>\n<li>Peso: 54g<\/li>\n<li>Materiali: alluminio, UHMW polietilene, PES<\/li>\n<\/ul>\n<p>ATTENZIONE: non \u00e8 un DPI, non utilizzare come dispositivo di autoassicurazione personale.<\/p>\n<p>Il Blue Ice Hydra Leash \u00e8 una dragonne tecnica che risponde alle necessit\u00e0 degli alpinisti pi\u00f9 esigenti.<\/p>\n<p>&nbsp;<\/p>\n<p>Blue Ice \u00e8 un\u2019azienda con sede a Chamonix che produce solo articoli da alpinismo di alta qualit\u00e0. Gli zaini Blue Ice sono dedicati ad un alpinismo tecnico e di alto livello. Inizialmente era semplicemente una questione di vivere la nostra passione al massimo: arrampicare, sciare, esplorare o semplicemente entrare in contatto con noi stessi e le montagne \u2026 prima di estendere questo progetto a tutti gli amanti delle vette l\u00e0 fuori.<\/p>","protected":false},"excerpt":{"rendered":"<p>Il Blue Ice Hydra Leash \u00e8 una dragonne per piccozza con due bracci elastici, due moschettoni ed un sistema antirotazione [&hellip;]<\/p>\n","protected":false},"featured_media":84051,"comment_status":"open","ping_status":"closed","template":"","meta":{"_acf_changed":false},"product_brand":[641],"product_cat":[1315],"product_tag":[],"class_list":{"0":"post-84050","1":"product","2":"type-product","3":"status-publish","4":"has-post-thumbnail","6":"product_brand-blue-ice","7":"product_cat-dragonne","9":"first","10":"instock","11":"sale","12":"taxable","13":"shipping-taxable","14":"purchasable","15":"product-type-simple"},"acf":[],"yoast_head":"<!-- This site is optimized with the Yoast SEO plugin v26.4 - https:\/\/yoast.com\/wordpress\/plugins\/seo\/ -->\n<title>Blue Ice Hydra leash dragonne per piccozza con sistema antirotazione - Sestogrado<\/title>\n<meta name=\"description\" content=\"Il Blue Ice Hydra Leash \u00e8 una dragonne per piccozza con due bracci elastici, due moschettoni ed un sistema antirotazione dei bracci. E&#039; progettata per agganciare le piccozze pi\u00f9 tecniche e moderne. I moschettoni hanno ampia apertura e tensione della leva elevata. Si aggancia facilmente all&#039;imbrago tramite nodo a bocca di lupo. L&#039;Hydra Leash \u00e8 dotato di un dispositivo girevole, alla base della dragonne, che impedisce l&#039;attorcigliamento dei bracci.Con soli 54g \u00e8 la dragonne pi\u00f9 leggera sul mercato.\" \/>\n<meta name=\"robots\" content=\"index, follow, max-snippet:-1, max-image-preview:large, max-video-preview:-1\" \/>\n<link rel=\"canonical\" href=\"https:\/\/www.sestogrado.it\/it\/prodotto\/blue-ice-hydra-leash-dragonne-per-piccozza-con-sistema-antirotazione\/\" \/>\n<meta property=\"og:locale\" content=\"it_IT\" \/>\n<meta property=\"og:type\" content=\"article\" \/>\n<meta property=\"og:title\" content=\"Blue Ice Hydra leash dragonne per piccozza con sistema antirotazione - Sestogrado\" \/>\n<meta property=\"og:description\" content=\"Il Blue Ice Hydra Leash \u00e8 una dragonne per piccozza con due bracci elastici, due moschettoni ed un sistema antirotazione dei bracci. E&#039; progettata per agganciare le piccozze pi\u00f9 tecniche e moderne. I moschettoni hanno ampia apertura e tensione della leva elevata. Si aggancia facilmente all&#039;imbrago tramite nodo a bocca di lupo. L&#039;Hydra Leash \u00e8 dotato di un dispositivo girevole, alla base della dragonne, che impedisce l&#039;attorcigliamento dei bracci.Con soli 54g \u00e8 la dragonne pi\u00f9 leggera sul mercato.\" \/>\n<meta property=\"og:url\" content=\"https:\/\/www.sestogrado.it\/it\/prodotto\/blue-ice-hydra-leash-dragonne-per-piccozza-con-sistema-antirotazione\/\" \/>\n<meta property=\"og:site_name\" content=\"Sestogrado\" \/>\n<meta property=\"article:publisher\" content=\"https:\/\/www.facebook.com\/pages\/Sestogrado\/1542635979353017?ref=bookmarks\" \/>\n<meta property=\"article:modified_time\" content=\"2026-03-19T20:00:36+00:00\" \/>\n<meta property=\"og:image\" content=\"https:\/\/www.sestogrado.it\/wp-content\/uploads\/2021\/11\/01.jpg\" \/>\n\t<meta property=\"og:image:width\" content=\"1400\" \/>\n\t<meta property=\"og:image:height\" content=\"1400\" \/>\n\t<meta property=\"og:image:type\" content=\"image\/jpeg\" \/>\n<meta name=\"twitter:label1\" content=\"Prezzo\" \/>\n\t<meta name=\"twitter:data1\" content=\"&euro;&nbsp;49,00\" \/>\n\t<meta name=\"twitter:label2\" content=\"Disponibilit\u00e0\" \/>\n\t<meta name=\"twitter:data2\" content=\"In stock\" \/>\n<script type=\"application\/ld+json\" class=\"yoast-schema-graph\">{\"@context\":\"https:\/\/schema.org\",\"@graph\":[{\"@type\":\"WebPage\",\"@id\":\"https:\/\/www.sestogrado.it\/it\/prodotto\/blue-ice-hydra-leash-dragonne-per-piccozza-con-sistema-antirotazione\/\",\"url\":\"https:\/\/www.sestogrado.it\/it\/prodotto\/blue-ice-hydra-leash-dragonne-per-piccozza-con-sistema-antirotazione\/\",\"name\":\"Blue Ice Hydra leash dragonne per piccozza con sistema antirotazione - Sestogrado\",\"isPartOf\":{\"@id\":\"https:\/\/www.sestogrado.it\/it\/#website\"},\"primaryImageOfPage\":{\"@id\":\"https:\/\/www.sestogrado.it\/it\/prodotto\/blue-ice-hydra-leash-dragonne-per-piccozza-con-sistema-antirotazione\/#primaryimage\"},\"image\":{\"@id\":\"https:\/\/www.sestogrado.it\/prodotto\/blue-ice-hydra-leash-dragonne-per-piccozza-con-sistema-antirotazione\/#primaryimage\"},\"thumbnailUrl\":\"https:\/\/www.sestogrado.it\/wp-content\/uploads\/2021\/11\/01.jpg\",\"datePublished\":\"2021-11-02T14:54:03+00:00\",\"dateModified\":\"2026-03-19T20:00:36+00:00\",\"description\":\"Il Blue Ice Hydra Leash \u00e8 una dragonne per piccozza con due bracci elastici, due moschettoni ed un sistema antirotazione dei bracci. E' progettata per agganciare le piccozze pi\u00f9 tecniche e moderne. I moschettoni hanno ampia apertura e tensione della leva elevata. Si aggancia facilmente all'imbrago tramite nodo a bocca di lupo. L'Hydra Leash \u00e8 dotato di un dispositivo girevole, alla base della dragonne, che impedisce l'attorcigliamento dei bracci.Con soli 54g \u00e8 la dragonne pi\u00f9 leggera sul mercato.\",\"breadcrumb\":{\"@id\":\"https:\/\/www.sestogrado.it\/it\/prodotto\/blue-ice-hydra-leash-dragonne-per-piccozza-con-sistema-antirotazione\/#breadcrumb\"},\"inLanguage\":\"it-IT\",\"potentialAction\":[{\"@type\":\"ReadAction\",\"target\":[[\"https:\/\/www.sestogrado.it\/it\/prodotto\/blue-ice-hydra-leash-dragonne-per-piccozza-con-sistema-antirotazione\/\"]]}]},{\"@type\":\"ImageObject\",\"inLanguage\":\"it-IT\",\"@id\":\"https:\/\/www.sestogrado.it\/it\/prodotto\/blue-ice-hydra-leash-dragonne-per-piccozza-con-sistema-antirotazione\/#primaryimage\",\"url\":\"https:\/\/www.sestogrado.it\/wp-content\/uploads\/2021\/11\/01.jpg\",\"contentUrl\":\"https:\/\/www.sestogrado.it\/wp-content\/uploads\/2021\/11\/01.jpg\",\"width\":1400,\"height\":1400,\"caption\":\"blue hydra leash\"},{\"@type\":\"BreadcrumbList\",\"@id\":\"https:\/\/www.sestogrado.it\/it\/prodotto\/blue-ice-hydra-leash-dragonne-per-piccozza-con-sistema-antirotazione\/#breadcrumb\",\"itemListElement\":[{\"@type\":\"ListItem\",\"position\":1,\"name\":\"Home\",\"item\":\"https:\/\/www.sestogrado.it\/it\/\"},{\"@type\":\"ListItem\",\"position\":2,\"name\":\"Shop\",\"item\":\"https:\/\/www.sestogrado.it\/it\/shop\/\"},{\"@type\":\"ListItem\",\"position\":3,\"name\":\"Blue Ice Hydra leash dragonne per piccozza con sistema antirotazione\"}]},{\"@type\":\"WebSite\",\"@id\":\"https:\/\/www.sestogrado.it\/it\/#website\",\"url\":\"https:\/\/www.sestogrado.it\/it\/\",\"name\":\"Sestogrado\",\"description\":\"yes we climb\",\"publisher\":{\"@id\":\"https:\/\/www.sestogrado.it\/it\/#organization\"},\"potentialAction\":[{\"@type\":\"SearchAction\",\"target\":{\"@type\":\"EntryPoint\",\"urlTemplate\":\"https:\/\/www.sestogrado.it\/it\/?s={search_term_string}\"},\"query-input\":{\"@type\":\"PropertyValueSpecification\",\"valueRequired\":true,\"valueName\":\"search_term_string\"}}],\"inLanguage\":\"it-IT\"},{\"@type\":\"Organization\",\"@id\":\"https:\/\/www.sestogrado.it\/it\/#organization\",\"name\":\"Sestogrado\",\"url\":\"https:\/\/www.sestogrado.it\/it\/\",\"logo\":{\"@type\":\"ImageObject\",\"inLanguage\":\"it-IT\",\"@id\":\"https:\/\/www.sestogrado.it\/it\/#\/schema\/logo\/image\/\",\"url\":\"https:\/\/www.sestogrado.it\/wp-content\/uploads\/2015\/03\/sestogrado-favicon.png\",\"contentUrl\":\"https:\/\/www.sestogrado.it\/wp-content\/uploads\/2015\/03\/sestogrado-favicon.png\",\"width\":260,\"height\":260,\"caption\":\"Sestogrado\"},\"image\":{\"@id\":\"https:\/\/www.sestogrado.it\/it\/#\/schema\/logo\/image\/\"},\"sameAs\":[\"https:\/\/www.facebook.com\/pages\/Sestogrado\/1542635979353017?ref=bookmarks\",\"https:\/\/www.youtube.com\/channel\/UC847kAfTkaJsWpc1jtQwr3Q\"],\"hasMerchantReturnPolicy\":{\"@type\":\"MerchantReturnPolicy\",\"merchantReturnLink\":\"https:\/\/www.sestogrado.it\/it\/termini-e-condizioni\/\"}}]}<\/script>\n<meta property=\"product:brand\" content=\"Blue Ice\" \/>\n<meta property=\"product:price:amount\" content=\"49.00\" \/>\n<meta property=\"product:price:currency\" content=\"EUR\" \/>\n<meta property=\"og:availability\" content=\"instock\" \/>\n<meta property=\"product:availability\" content=\"instock\" \/>\n<meta property=\"product:condition\" content=\"new\" \/>\n<!-- \/ Yoast SEO plugin. -->","yoast_head_json":{"title":"Blue Ice Hydra leash dragonne per piccozza con sistema antirotazione - Sestogrado","description":"Il Blue Ice Hydra Leash \u00e8 una dragonne per piccozza con due bracci elastici, due moschettoni ed un sistema antirotazione dei bracci. E' progettata per agganciare le piccozze pi\u00f9 tecniche e moderne. I moschettoni hanno ampia apertura e tensione della leva elevata. Si aggancia facilmente all'imbrago tramite nodo a bocca di lupo. L'Hydra Leash \u00e8 dotato di un dispositivo girevole, alla base della dragonne, che impedisce l'attorcigliamento dei bracci.Con soli 54g \u00e8 la dragonne pi\u00f9 leggera sul mercato.","robots":{"index":"index","follow":"follow","max-snippet":"max-snippet:-1","max-image-preview":"max-image-preview:large","max-video-preview":"max-video-preview:-1"},"canonical":"https:\/\/www.sestogrado.it\/it\/prodotto\/blue-ice-hydra-leash-dragonne-per-piccozza-con-sistema-antirotazione\/","og_locale":"it_IT","og_type":"article","og_title":"Blue Ice Hydra leash dragonne per piccozza con sistema antirotazione - Sestogrado","og_description":"Il Blue Ice Hydra Leash \u00e8 una dragonne per piccozza con due bracci elastici, due moschettoni ed un sistema antirotazione dei bracci. E' progettata per agganciare le piccozze pi\u00f9 tecniche e moderne. I moschettoni hanno ampia apertura e tensione della leva elevata. Si aggancia facilmente all'imbrago tramite nodo a bocca di lupo. L'Hydra Leash \u00e8 dotato di un dispositivo girevole, alla base della dragonne, che impedisce l'attorcigliamento dei bracci.Con soli 54g \u00e8 la dragonne pi\u00f9 leggera sul mercato.","og_url":"https:\/\/www.sestogrado.it\/it\/prodotto\/blue-ice-hydra-leash-dragonne-per-piccozza-con-sistema-antirotazione\/","og_site_name":"Sestogrado","article_publisher":"https:\/\/www.facebook.com\/pages\/Sestogrado\/1542635979353017?ref=bookmarks","article_modified_time":"2026-03-19T20:00:36+00:00","og_image":[{"width":1400,"height":1400,"url":"https:\/\/www.sestogrado.it\/wp-content\/uploads\/2021\/11\/01.jpg","type":"image\/jpeg"}],"twitter_misc":{"Prezzo":"&euro;&nbsp;49,00","Disponibilit\u00e0":"In stock"},"schema":{"@context":"https:\/\/schema.org","@graph":[{"@type":"WebPage","@id":"https:\/\/www.sestogrado.it\/it\/prodotto\/blue-ice-hydra-leash-dragonne-per-piccozza-con-sistema-antirotazione\/","url":"https:\/\/www.sestogrado.it\/it\/prodotto\/blue-ice-hydra-leash-dragonne-per-piccozza-con-sistema-antirotazione\/","name":"Blue Ice Hydra leash dragonne per piccozza con sistema antirotazione - Sestogrado","isPartOf":{"@id":"https:\/\/www.sestogrado.it\/it\/#website"},"primaryImageOfPage":{"@id":"https:\/\/www.sestogrado.it\/it\/prodotto\/blue-ice-hydra-leash-dragonne-per-piccozza-con-sistema-antirotazione\/#primaryimage"},"image":{"@id":"https:\/\/www.sestogrado.it\/prodotto\/blue-ice-hydra-leash-dragonne-per-piccozza-con-sistema-antirotazione\/#primaryimage"},"thumbnailUrl":"https:\/\/www.sestogrado.it\/wp-content\/uploads\/2021\/11\/01.jpg","datePublished":"2021-11-02T14:54:03+00:00","dateModified":"2026-03-19T20:00:36+00:00","description":"Il Blue Ice Hydra Leash \u00e8 una dragonne per piccozza con due bracci elastici, due moschettoni ed un sistema antirotazione dei bracci. E' progettata per agganciare le piccozze pi\u00f9 tecniche e moderne. I moschettoni hanno ampia apertura e tensione della leva elevata. Si aggancia facilmente all'imbrago tramite nodo a bocca di lupo. L'Hydra Leash \u00e8 dotato di un dispositivo girevole, alla base della dragonne, che impedisce l'attorcigliamento dei bracci.Con soli 54g \u00e8 la dragonne pi\u00f9 leggera sul mercato.","breadcrumb":{"@id":"https:\/\/www.sestogrado.it\/it\/prodotto\/blue-ice-hydra-leash-dragonne-per-piccozza-con-sistema-antirotazione\/#breadcrumb"},"inLanguage":"it-IT","potentialAction":[{"@type":"ReadAction","target":[["https:\/\/www.sestogrado.it\/it\/prodotto\/blue-ice-hydra-leash-dragonne-per-piccozza-con-sistema-antirotazione\/"]]}]},{"@type":"ImageObject","inLanguage":"it-IT","@id":"https:\/\/www.sestogrado.it\/it\/prodotto\/blue-ice-hydra-leash-dragonne-per-piccozza-con-sistema-antirotazione\/#primaryimage","url":"https:\/\/www.sestogrado.it\/wp-content\/uploads\/2021\/11\/01.jpg","contentUrl":"https:\/\/www.sestogrado.it\/wp-content\/uploads\/2021\/11\/01.jpg","width":1400,"height":1400,"caption":"blue hydra leash"},{"@type":"BreadcrumbList","@id":"https:\/\/www.sestogrado.it\/it\/prodotto\/blue-ice-hydra-leash-dragonne-per-piccozza-con-sistema-antirotazione\/#breadcrumb","itemListElement":[{"@type":"ListItem","position":1,"name":"Home","item":"https:\/\/www.sestogrado.it\/it\/"},{"@type":"ListItem","position":2,"name":"Shop","item":"https:\/\/www.sestogrado.it\/it\/shop\/"},{"@type":"ListItem","position":3,"name":"Blue Ice Hydra leash dragonne per piccozza con sistema antirotazione"}]},{"@type":"WebSite","@id":"https:\/\/www.sestogrado.it\/it\/#website","url":"https:\/\/www.sestogrado.it\/it\/","name":"Sestogrado","description":"yes we climb","publisher":{"@id":"https:\/\/www.sestogrado.it\/it\/#organization"},"potentialAction":[{"@type":"SearchAction","target":{"@type":"EntryPoint","urlTemplate":"https:\/\/www.sestogrado.it\/it\/?s={search_term_string}"},"query-input":{"@type":"PropertyValueSpecification","valueRequired":true,"valueName":"search_term_string"}}],"inLanguage":"it-IT"},{"@type":"Organization","@id":"https:\/\/www.sestogrado.it\/it\/#organization","name":"Sestogrado","url":"https:\/\/www.sestogrado.it\/it\/","logo":{"@type":"ImageObject","inLanguage":"it-IT","@id":"https:\/\/www.sestogrado.it\/it\/#\/schema\/logo\/image\/","url":"https:\/\/www.sestogrado.it\/wp-content\/uploads\/2015\/03\/sestogrado-favicon.png","contentUrl":"https:\/\/www.sestogrado.it\/wp-content\/uploads\/2015\/03\/sestogrado-favicon.png","width":260,"height":260,"caption":"Sestogrado"},"image":{"@id":"https:\/\/www.sestogrado.it\/it\/#\/schema\/logo\/image\/"},"sameAs":["https:\/\/www.facebook.com\/pages\/Sestogrado\/1542635979353017?ref=bookmarks","https:\/\/www.youtube.com\/channel\/UC847kAfTkaJsWpc1jtQwr3Q"],"hasMerchantReturnPolicy":{"@type":"MerchantReturnPolicy","merchantReturnLink":"https:\/\/www.sestogrado.it\/it\/termini-e-condizioni\/"}}]},"product_brand":"Blue Ice","product_price_amount":"49.00","product_price_currency":"EUR","og_availability":"instock","product_availability":"instock","product_condition":"new"},"_links":{"self":[{"href":"https:\/\/www.sestogrado.it\/it\/wp-json\/wp\/v2\/product\/84050","targetHints":{"allow":["GET"]}}],"collection":[{"href":"https:\/\/www.sestogrado.it\/it\/wp-json\/wp\/v2\/product"}],"about":[{"href":"https:\/\/www.sestogrado.it\/it\/wp-json\/wp\/v2\/types\/product"}],"replies":[{"embeddable":true,"href":"https:\/\/www.sestogrado.it\/it\/wp-json\/wp\/v2\/comments?post=84050"}],"wp:featuredmedia":[{"embeddable":true,"href":"https:\/\/www.sestogrado.it\/it\/wp-json\/wp\/v2\/media\/84051"}],"wp:attachment":[{"href":"https:\/\/www.sestogrado.it\/it\/wp-json\/wp\/v2\/media?parent=84050"}],"wp:term":[{"taxonomy":"product_brand","embeddable":true,"href":"https:\/\/www.sestogrado.it\/it\/wp-json\/wp\/v2\/product_brand?post=84050"},{"taxonomy":"product_cat","embeddable":true,"href":"https:\/\/www.sestogrado.it\/it\/wp-json\/wp\/v2\/product_cat?post=84050"},{"taxonomy":"product_tag","embeddable":true,"href":"https:\/\/www.sestogrado.it\/it\/wp-json\/wp\/v2\/product_tag?post=84050"}],"curies":[{"name":"wp","href":"https:\/\/api.w.org\/{rel}","templated":true}]}}