{"id":83856,"date":"2021-10-29T15:17:41","date_gmt":"2021-10-29T13:17:41","guid":{"rendered":"https:\/\/www.sestogrado.it\/?post_type=product&#038;p=83856"},"modified":"2026-03-09T16:32:03","modified_gmt":"2026-03-09T15:32:03","slug":"blue-ice-solo-leash-dragonne-per-piccozza","status":"publish","type":"product","link":"https:\/\/www.sestogrado.it\/it\/prodotto\/blue-ice-solo-leash-dragonne-per-piccozza\/","title":{"rendered":"Blue Ice Solo Leash dragonne per piccozza"},"content":{"rendered":"<p>Il Blue Ice Solo leash \u00e8 una dragonne estensibile con moschettone a leva, per assicurare e non perdere la tua piccozza (o altri oggetti come una fotocamera). Ultraleggera e compatta, \u00e8 molto pratica, grazie al suo moschettone a leva ad elevata tensione e l&#8217;anello, che pu\u00f2 essere annodato all&#8217;imbrago o a qualsiasi portamateriale del tuo zaino. Si allunga fino a 135cm ed \u00e8 progettata per non limitarti nei movimenti.<\/p>\n<ul>\n<li>fettuccia elastica leggera<\/li>\n<li>1 moschettone a leva ad alta tensione<\/li>\n<li>Resistenza: 2kN<\/li>\n<li>Peso: 28g<\/li>\n<li>Materiali: alluminio, UHMW polietilene, PES<\/li>\n<li>Lunghezza: da 80cm fino a 135cm da estese<\/li>\n<\/ul>\n<p>ATTENZIONE: non \u00e8 un DPI, non utilizzare come dispositivo di autoassicurazione personale.<\/p>\n<p>Blue Ice \u00e8 un\u2019azienda con sede a Chamonix che produce solo articoli da alpinismo di alta qualit\u00e0. Gli zaini Blue Ice sono dedicati ad un alpinismo tecnico e di alto livello. Inizialmente era semplicemente una questione di vivere la nostra passione al massimo: arrampicare, sciare, esplorare o semplicemente entrare in contatto con noi stessi e le montagne \u2026 prima di estendere questo progetto a tutti gli amanti delle vette l\u00e0 fuori.<\/p>","protected":false},"excerpt":{"rendered":"<p>Il Blue Ice Solo leash \u00e8 una dragonne estensibile con moschettone a leva, per assicurare e non perdere la tua [&hellip;]<\/p>\n","protected":false},"featured_media":83860,"comment_status":"open","ping_status":"closed","template":"","meta":{"_acf_changed":false},"product_brand":[641],"product_cat":[1315],"product_tag":[],"class_list":{"0":"post-83856","1":"product","2":"type-product","3":"status-publish","4":"has-post-thumbnail","6":"product_brand-blue-ice","7":"product_cat-dragonne","9":"first","10":"instock","11":"sale","12":"taxable","13":"shipping-taxable","14":"purchasable","15":"product-type-simple"},"acf":[],"yoast_head":"<!-- This site is optimized with the Yoast SEO plugin v26.4 - https:\/\/yoast.com\/wordpress\/plugins\/seo\/ -->\n<title>Blue Ice Solo Leash dragonne per piccozza - Sestogrado<\/title>\n<meta name=\"description\" content=\"Il Blue Ice Solo leash \u00e8 una dragonne estensibile con moschettone a leva, per assicurare e non perdere la tua piccozza (o altri oggetti come una fotocamera). Ultraleggera e compatta, \u00e8 molto pratica, grazie al suo moschettone a leva ad elevata tensione e l&#039;anello, che pu\u00f2 essere annodato all&#039;imbrago o a qualsiasi portamateriale del tuo zaino. Si allunga fino a 135cm ed \u00e8 progettata per non limitarti nei movimenti.\" \/>\n<meta name=\"robots\" content=\"index, follow, max-snippet:-1, max-image-preview:large, max-video-preview:-1\" \/>\n<link rel=\"canonical\" href=\"https:\/\/www.sestogrado.it\/it\/prodotto\/blue-ice-solo-leash-dragonne-per-piccozza\/\" \/>\n<meta property=\"og:locale\" content=\"it_IT\" \/>\n<meta property=\"og:type\" content=\"article\" \/>\n<meta property=\"og:title\" content=\"Blue Ice Solo Leash dragonne per piccozza - Sestogrado\" \/>\n<meta property=\"og:description\" content=\"Il Blue Ice Solo leash \u00e8 una dragonne estensibile con moschettone a leva, per assicurare e non perdere la tua piccozza (o altri oggetti come una fotocamera). Ultraleggera e compatta, \u00e8 molto pratica, grazie al suo moschettone a leva ad elevata tensione e l&#039;anello, che pu\u00f2 essere annodato all&#039;imbrago o a qualsiasi portamateriale del tuo zaino. Si allunga fino a 135cm ed \u00e8 progettata per non limitarti nei movimenti.\" \/>\n<meta property=\"og:url\" content=\"https:\/\/www.sestogrado.it\/it\/prodotto\/blue-ice-solo-leash-dragonne-per-piccozza\/\" \/>\n<meta property=\"og:site_name\" content=\"Sestogrado\" \/>\n<meta property=\"article:publisher\" content=\"https:\/\/www.facebook.com\/pages\/Sestogrado\/1542635979353017?ref=bookmarks\" \/>\n<meta property=\"article:modified_time\" content=\"2026-03-09T15:32:03+00:00\" \/>\n<meta property=\"og:image\" content=\"https:\/\/www.sestogrado.it\/wp-content\/uploads\/2021\/10\/solo-leash.jpg\" \/>\n\t<meta property=\"og:image:width\" content=\"1600\" \/>\n\t<meta property=\"og:image:height\" content=\"1600\" \/>\n\t<meta property=\"og:image:type\" content=\"image\/jpeg\" \/>\n<meta name=\"twitter:label1\" content=\"Prezzo\" \/>\n\t<meta name=\"twitter:data1\" content=\"&euro;&nbsp;19,90\" \/>\n\t<meta name=\"twitter:label2\" content=\"Disponibilit\u00e0\" \/>\n\t<meta name=\"twitter:data2\" content=\"In stock\" \/>\n<script type=\"application\/ld+json\" class=\"yoast-schema-graph\">{\"@context\":\"https:\/\/schema.org\",\"@graph\":[{\"@type\":\"WebPage\",\"@id\":\"https:\/\/www.sestogrado.it\/it\/prodotto\/blue-ice-solo-leash-dragonne-per-piccozza\/\",\"url\":\"https:\/\/www.sestogrado.it\/it\/prodotto\/blue-ice-solo-leash-dragonne-per-piccozza\/\",\"name\":\"Blue Ice Solo Leash dragonne per piccozza - Sestogrado\",\"isPartOf\":{\"@id\":\"https:\/\/www.sestogrado.it\/it\/#website\"},\"primaryImageOfPage\":{\"@id\":\"https:\/\/www.sestogrado.it\/it\/prodotto\/blue-ice-solo-leash-dragonne-per-piccozza\/#primaryimage\"},\"image\":{\"@id\":\"https:\/\/www.sestogrado.it\/prodotto\/blue-ice-solo-leash-dragonne-per-piccozza\/#primaryimage\"},\"thumbnailUrl\":\"https:\/\/www.sestogrado.it\/wp-content\/uploads\/2021\/10\/solo-leash.jpg\",\"datePublished\":\"2021-10-29T13:17:41+00:00\",\"dateModified\":\"2026-03-09T15:32:03+00:00\",\"description\":\"Il Blue Ice Solo leash \u00e8 una dragonne estensibile con moschettone a leva, per assicurare e non perdere la tua piccozza (o altri oggetti come una fotocamera). Ultraleggera e compatta, \u00e8 molto pratica, grazie al suo moschettone a leva ad elevata tensione e l'anello, che pu\u00f2 essere annodato all'imbrago o a qualsiasi portamateriale del tuo zaino. Si allunga fino a 135cm ed \u00e8 progettata per non limitarti nei movimenti.\",\"breadcrumb\":{\"@id\":\"https:\/\/www.sestogrado.it\/it\/prodotto\/blue-ice-solo-leash-dragonne-per-piccozza\/#breadcrumb\"},\"inLanguage\":\"it-IT\",\"potentialAction\":[{\"@type\":\"ReadAction\",\"target\":[[\"https:\/\/www.sestogrado.it\/it\/prodotto\/blue-ice-solo-leash-dragonne-per-piccozza\/\"]]}]},{\"@type\":\"ImageObject\",\"inLanguage\":\"it-IT\",\"@id\":\"https:\/\/www.sestogrado.it\/it\/prodotto\/blue-ice-solo-leash-dragonne-per-piccozza\/#primaryimage\",\"url\":\"https:\/\/www.sestogrado.it\/wp-content\/uploads\/2021\/10\/solo-leash.jpg\",\"contentUrl\":\"https:\/\/www.sestogrado.it\/wp-content\/uploads\/2021\/10\/solo-leash.jpg\",\"width\":1600,\"height\":1600,\"caption\":\"blue ice solo leash\"},{\"@type\":\"BreadcrumbList\",\"@id\":\"https:\/\/www.sestogrado.it\/it\/prodotto\/blue-ice-solo-leash-dragonne-per-piccozza\/#breadcrumb\",\"itemListElement\":[{\"@type\":\"ListItem\",\"position\":1,\"name\":\"Home\",\"item\":\"https:\/\/www.sestogrado.it\/it\/\"},{\"@type\":\"ListItem\",\"position\":2,\"name\":\"Shop\",\"item\":\"https:\/\/www.sestogrado.it\/it\/shop\/\"},{\"@type\":\"ListItem\",\"position\":3,\"name\":\"Blue Ice Solo Leash dragonne per piccozza\"}]},{\"@type\":\"WebSite\",\"@id\":\"https:\/\/www.sestogrado.it\/it\/#website\",\"url\":\"https:\/\/www.sestogrado.it\/it\/\",\"name\":\"Sestogrado\",\"description\":\"yes we climb\",\"publisher\":{\"@id\":\"https:\/\/www.sestogrado.it\/it\/#organization\"},\"potentialAction\":[{\"@type\":\"SearchAction\",\"target\":{\"@type\":\"EntryPoint\",\"urlTemplate\":\"https:\/\/www.sestogrado.it\/it\/?s={search_term_string}\"},\"query-input\":{\"@type\":\"PropertyValueSpecification\",\"valueRequired\":true,\"valueName\":\"search_term_string\"}}],\"inLanguage\":\"it-IT\"},{\"@type\":\"Organization\",\"@id\":\"https:\/\/www.sestogrado.it\/it\/#organization\",\"name\":\"Sestogrado\",\"url\":\"https:\/\/www.sestogrado.it\/it\/\",\"logo\":{\"@type\":\"ImageObject\",\"inLanguage\":\"it-IT\",\"@id\":\"https:\/\/www.sestogrado.it\/it\/#\/schema\/logo\/image\/\",\"url\":\"https:\/\/www.sestogrado.it\/wp-content\/uploads\/2015\/03\/sestogrado-favicon.png\",\"contentUrl\":\"https:\/\/www.sestogrado.it\/wp-content\/uploads\/2015\/03\/sestogrado-favicon.png\",\"width\":260,\"height\":260,\"caption\":\"Sestogrado\"},\"image\":{\"@id\":\"https:\/\/www.sestogrado.it\/it\/#\/schema\/logo\/image\/\"},\"sameAs\":[\"https:\/\/www.facebook.com\/pages\/Sestogrado\/1542635979353017?ref=bookmarks\",\"https:\/\/www.youtube.com\/channel\/UC847kAfTkaJsWpc1jtQwr3Q\"],\"hasMerchantReturnPolicy\":{\"@type\":\"MerchantReturnPolicy\",\"merchantReturnLink\":\"https:\/\/www.sestogrado.it\/it\/termini-e-condizioni\/\"}}]}<\/script>\n<meta property=\"product:brand\" content=\"Blue Ice\" \/>\n<meta property=\"product:price:amount\" content=\"19.90\" \/>\n<meta property=\"product:price:currency\" content=\"EUR\" \/>\n<meta property=\"og:availability\" content=\"instock\" \/>\n<meta property=\"product:availability\" content=\"instock\" \/>\n<meta property=\"product:condition\" content=\"new\" \/>\n<!-- \/ Yoast SEO plugin. -->","yoast_head_json":{"title":"Blue Ice Solo Leash dragonne per piccozza - Sestogrado","description":"Il Blue Ice Solo leash \u00e8 una dragonne estensibile con moschettone a leva, per assicurare e non perdere la tua piccozza (o altri oggetti come una fotocamera). Ultraleggera e compatta, \u00e8 molto pratica, grazie al suo moschettone a leva ad elevata tensione e l'anello, che pu\u00f2 essere annodato all'imbrago o a qualsiasi portamateriale del tuo zaino. Si allunga fino a 135cm ed \u00e8 progettata per non limitarti nei movimenti.","robots":{"index":"index","follow":"follow","max-snippet":"max-snippet:-1","max-image-preview":"max-image-preview:large","max-video-preview":"max-video-preview:-1"},"canonical":"https:\/\/www.sestogrado.it\/it\/prodotto\/blue-ice-solo-leash-dragonne-per-piccozza\/","og_locale":"it_IT","og_type":"article","og_title":"Blue Ice Solo Leash dragonne per piccozza - Sestogrado","og_description":"Il Blue Ice Solo leash \u00e8 una dragonne estensibile con moschettone a leva, per assicurare e non perdere la tua piccozza (o altri oggetti come una fotocamera). Ultraleggera e compatta, \u00e8 molto pratica, grazie al suo moschettone a leva ad elevata tensione e l'anello, che pu\u00f2 essere annodato all'imbrago o a qualsiasi portamateriale del tuo zaino. Si allunga fino a 135cm ed \u00e8 progettata per non limitarti nei movimenti.","og_url":"https:\/\/www.sestogrado.it\/it\/prodotto\/blue-ice-solo-leash-dragonne-per-piccozza\/","og_site_name":"Sestogrado","article_publisher":"https:\/\/www.facebook.com\/pages\/Sestogrado\/1542635979353017?ref=bookmarks","article_modified_time":"2026-03-09T15:32:03+00:00","og_image":[{"width":1600,"height":1600,"url":"https:\/\/www.sestogrado.it\/wp-content\/uploads\/2021\/10\/solo-leash.jpg","type":"image\/jpeg"}],"twitter_misc":{"Prezzo":"&euro;&nbsp;19,90","Disponibilit\u00e0":"In stock"},"schema":{"@context":"https:\/\/schema.org","@graph":[{"@type":"WebPage","@id":"https:\/\/www.sestogrado.it\/it\/prodotto\/blue-ice-solo-leash-dragonne-per-piccozza\/","url":"https:\/\/www.sestogrado.it\/it\/prodotto\/blue-ice-solo-leash-dragonne-per-piccozza\/","name":"Blue Ice Solo Leash dragonne per piccozza - Sestogrado","isPartOf":{"@id":"https:\/\/www.sestogrado.it\/it\/#website"},"primaryImageOfPage":{"@id":"https:\/\/www.sestogrado.it\/it\/prodotto\/blue-ice-solo-leash-dragonne-per-piccozza\/#primaryimage"},"image":{"@id":"https:\/\/www.sestogrado.it\/prodotto\/blue-ice-solo-leash-dragonne-per-piccozza\/#primaryimage"},"thumbnailUrl":"https:\/\/www.sestogrado.it\/wp-content\/uploads\/2021\/10\/solo-leash.jpg","datePublished":"2021-10-29T13:17:41+00:00","dateModified":"2026-03-09T15:32:03+00:00","description":"Il Blue Ice Solo leash \u00e8 una dragonne estensibile con moschettone a leva, per assicurare e non perdere la tua piccozza (o altri oggetti come una fotocamera). Ultraleggera e compatta, \u00e8 molto pratica, grazie al suo moschettone a leva ad elevata tensione e l'anello, che pu\u00f2 essere annodato all'imbrago o a qualsiasi portamateriale del tuo zaino. Si allunga fino a 135cm ed \u00e8 progettata per non limitarti nei movimenti.","breadcrumb":{"@id":"https:\/\/www.sestogrado.it\/it\/prodotto\/blue-ice-solo-leash-dragonne-per-piccozza\/#breadcrumb"},"inLanguage":"it-IT","potentialAction":[{"@type":"ReadAction","target":[["https:\/\/www.sestogrado.it\/it\/prodotto\/blue-ice-solo-leash-dragonne-per-piccozza\/"]]}]},{"@type":"ImageObject","inLanguage":"it-IT","@id":"https:\/\/www.sestogrado.it\/it\/prodotto\/blue-ice-solo-leash-dragonne-per-piccozza\/#primaryimage","url":"https:\/\/www.sestogrado.it\/wp-content\/uploads\/2021\/10\/solo-leash.jpg","contentUrl":"https:\/\/www.sestogrado.it\/wp-content\/uploads\/2021\/10\/solo-leash.jpg","width":1600,"height":1600,"caption":"blue ice solo leash"},{"@type":"BreadcrumbList","@id":"https:\/\/www.sestogrado.it\/it\/prodotto\/blue-ice-solo-leash-dragonne-per-piccozza\/#breadcrumb","itemListElement":[{"@type":"ListItem","position":1,"name":"Home","item":"https:\/\/www.sestogrado.it\/it\/"},{"@type":"ListItem","position":2,"name":"Shop","item":"https:\/\/www.sestogrado.it\/it\/shop\/"},{"@type":"ListItem","position":3,"name":"Blue Ice Solo Leash dragonne per piccozza"}]},{"@type":"WebSite","@id":"https:\/\/www.sestogrado.it\/it\/#website","url":"https:\/\/www.sestogrado.it\/it\/","name":"Sestogrado","description":"yes we climb","publisher":{"@id":"https:\/\/www.sestogrado.it\/it\/#organization"},"potentialAction":[{"@type":"SearchAction","target":{"@type":"EntryPoint","urlTemplate":"https:\/\/www.sestogrado.it\/it\/?s={search_term_string}"},"query-input":{"@type":"PropertyValueSpecification","valueRequired":true,"valueName":"search_term_string"}}],"inLanguage":"it-IT"},{"@type":"Organization","@id":"https:\/\/www.sestogrado.it\/it\/#organization","name":"Sestogrado","url":"https:\/\/www.sestogrado.it\/it\/","logo":{"@type":"ImageObject","inLanguage":"it-IT","@id":"https:\/\/www.sestogrado.it\/it\/#\/schema\/logo\/image\/","url":"https:\/\/www.sestogrado.it\/wp-content\/uploads\/2015\/03\/sestogrado-favicon.png","contentUrl":"https:\/\/www.sestogrado.it\/wp-content\/uploads\/2015\/03\/sestogrado-favicon.png","width":260,"height":260,"caption":"Sestogrado"},"image":{"@id":"https:\/\/www.sestogrado.it\/it\/#\/schema\/logo\/image\/"},"sameAs":["https:\/\/www.facebook.com\/pages\/Sestogrado\/1542635979353017?ref=bookmarks","https:\/\/www.youtube.com\/channel\/UC847kAfTkaJsWpc1jtQwr3Q"],"hasMerchantReturnPolicy":{"@type":"MerchantReturnPolicy","merchantReturnLink":"https:\/\/www.sestogrado.it\/it\/termini-e-condizioni\/"}}]},"product_brand":"Blue Ice","product_price_amount":"19.90","product_price_currency":"EUR","og_availability":"instock","product_availability":"instock","product_condition":"new"},"_links":{"self":[{"href":"https:\/\/www.sestogrado.it\/it\/wp-json\/wp\/v2\/product\/83856","targetHints":{"allow":["GET"]}}],"collection":[{"href":"https:\/\/www.sestogrado.it\/it\/wp-json\/wp\/v2\/product"}],"about":[{"href":"https:\/\/www.sestogrado.it\/it\/wp-json\/wp\/v2\/types\/product"}],"replies":[{"embeddable":true,"href":"https:\/\/www.sestogrado.it\/it\/wp-json\/wp\/v2\/comments?post=83856"}],"wp:featuredmedia":[{"embeddable":true,"href":"https:\/\/www.sestogrado.it\/it\/wp-json\/wp\/v2\/media\/83860"}],"wp:attachment":[{"href":"https:\/\/www.sestogrado.it\/it\/wp-json\/wp\/v2\/media?parent=83856"}],"wp:term":[{"taxonomy":"product_brand","embeddable":true,"href":"https:\/\/www.sestogrado.it\/it\/wp-json\/wp\/v2\/product_brand?post=83856"},{"taxonomy":"product_cat","embeddable":true,"href":"https:\/\/www.sestogrado.it\/it\/wp-json\/wp\/v2\/product_cat?post=83856"},{"taxonomy":"product_tag","embeddable":true,"href":"https:\/\/www.sestogrado.it\/it\/wp-json\/wp\/v2\/product_tag?post=83856"}],"curies":[{"name":"wp","href":"https:\/\/api.w.org\/{rel}","templated":true}]}}