{"id":83848,"date":"2021-10-29T14:55:26","date_gmt":"2021-10-29T12:55:26","guid":{"rendered":"https:\/\/www.sestogrado.it\/?post_type=product&#038;p=83848"},"modified":"2025-07-25T01:34:06","modified_gmt":"2025-07-24T23:34:06","slug":"blue-ice-hummingbird-piccozza-alpinismo","status":"publish","type":"product","link":"https:\/\/www.sestogrado.it\/it\/prodotto\/blue-ice-hummingbird-piccozza-alpinismo\/","title":{"rendered":"Blue Ice Hummingbird piccozza alpinismo"},"content":{"rendered":"<p>Ultraleggera, con 212g nella versione da 50cm, la Blue Ice Hummingbird \u00e8 una piccozza da ghiaccio ideale per alpinismo tecnico e sci alpinismo.<\/p>\n<p>La sua testa in titanio \u00e8 leggera come l&#8217;alluminio ma solida come l&#8217;acciaio. Il suo manico in alluminio offre estrema leggerezza e solidit\u00e0. La Blue Ice Hummingbird \u00e8 disponibile in due lunghezze, 45 e 50cm, sempre con la paletta. E&#8217; approvata dall&#8217;ISMF per le competizioni scialpinistiche. Il suo design la rende una delle piccozze pi\u00f9 leggere ed efficienti sul mercato.<\/p>\n<ul>\n<li>Testa ultraleggera in titanio<\/li>\n<li>manico curvo anodizzato in alluminio sabbiato<\/li>\n<li>manico con grip a doppio texture<\/li>\n<li>protezioni per puntale, punta e paletta incluse<\/li>\n<li>Sliding Pomel non incluso<\/li>\n<li>peso: 212g (50cm) \/ 200g (45cm)<\/li>\n<li>Type 1\/B<\/li>\n<li>Conforme a normativa CE \/ EN 13 089<\/li>\n<li>Conforme al regolamento ISMF per competizioni (50cm)<\/li>\n<li>Realizzata a Chamonix<\/li>\n<\/ul>\n<p>&nbsp;<\/p>\n<p>La Blue Ice Hummingbird \u00e8 una piccozza da ghiaccio tecnica e leggera, per chi vuole spingersi sulle vette pi\u00f9 alte e difficili.<\/p>\n<p><iframe src=\"\/\/www.youtube.com\/embed\/yvP6-NaelB4\" width=\"560\" height=\"314\" allowfullscreen=\"allowfullscreen\"><\/iframe><\/p>\n<p>Blue Ice \u00e8 un\u2019azienda con sede a Chamonix che produce solo articoli da alpinismo di alta qualit\u00e0. Gli zaini Blue Ice sono dedicati ad un alpinismo tecnico e di alto livello. Inizialmente era semplicemente una questione di vivere la nostra passione al massimo: arrampicare, sciare, esplorare o semplicemente entrare in contatto con noi stessi e le montagne \u2026 prima di estendere questo progetto a tutti gli amanti delle vette l\u00e0 fuori.<\/p>","protected":false},"excerpt":{"rendered":"<p>Ultraleggera, con 212g nella versione da 50cm, la Blue Ice Hummingbird \u00e8 una piccozza da ghiaccio ideale per alpinismo tecnico [&hellip;]<\/p>\n","protected":false},"featured_media":83849,"comment_status":"open","ping_status":"closed","template":"","meta":{"_acf_changed":false},"product_brand":[641],"product_cat":[152],"product_tag":[],"class_list":{"0":"post-83848","1":"product","2":"type-product","3":"status-publish","4":"has-post-thumbnail","6":"product_brand-blue-ice","7":"product_cat-piccozze","9":"first","10":"instock","11":"sale","12":"taxable","13":"shipping-taxable","14":"purchasable","15":"product-type-variable"},"acf":[],"yoast_head":"<!-- This site is optimized with the Yoast SEO plugin v26.4 - https:\/\/yoast.com\/wordpress\/plugins\/seo\/ -->\n<title>Blue Ice Hummingbird piccozza alpinismo - Sestogrado<\/title>\n<meta name=\"description\" content=\"Ultraleggera, con 212g nella versione da 50cm, la Blue Ice Hummingbird \u00e8 una piccozza da ghiaccio ideale per alpinismo tecnico e sci alpinismo.La sua testa in titanio \u00e8 leggera come l&#039;alluminio ma solida come l&#039;acciaio. Il suo manico in alluminio offre estrema leggerezza e solidit\u00e0. La Blue Ice Hummingbird \u00e8 disponibile in due lunghezze, 45 e 50cm, sempre con la paletta. E&#039; approvata dall&#039;ISMF per le competizioni scialpinistiche. Il suo design la rende una delle piccozze pi\u00f9 leggere ed efficienti sul mercato.\" \/>\n<meta name=\"robots\" content=\"index, follow, max-snippet:-1, max-image-preview:large, max-video-preview:-1\" \/>\n<link rel=\"canonical\" href=\"https:\/\/www.sestogrado.it\/it\/prodotto\/blue-ice-hummingbird-piccozza-alpinismo\/\" \/>\n<meta property=\"og:locale\" content=\"it_IT\" \/>\n<meta property=\"og:type\" content=\"article\" \/>\n<meta property=\"og:title\" content=\"Blue Ice Hummingbird piccozza alpinismo - Sestogrado\" \/>\n<meta property=\"og:description\" content=\"Ultraleggera, con 212g nella versione da 50cm, la Blue Ice Hummingbird \u00e8 una piccozza da ghiaccio ideale per alpinismo tecnico e sci alpinismo.La sua testa in titanio \u00e8 leggera come l&#039;alluminio ma solida come l&#039;acciaio. Il suo manico in alluminio offre estrema leggerezza e solidit\u00e0. La Blue Ice Hummingbird \u00e8 disponibile in due lunghezze, 45 e 50cm, sempre con la paletta. E&#039; approvata dall&#039;ISMF per le competizioni scialpinistiche. Il suo design la rende una delle piccozze pi\u00f9 leggere ed efficienti sul mercato.\" \/>\n<meta property=\"og:url\" content=\"https:\/\/www.sestogrado.it\/it\/prodotto\/blue-ice-hummingbird-piccozza-alpinismo\/\" \/>\n<meta property=\"og:site_name\" content=\"Sestogrado\" \/>\n<meta property=\"article:publisher\" content=\"https:\/\/www.facebook.com\/pages\/Sestogrado\/1542635979353017?ref=bookmarks\" \/>\n<meta property=\"article:modified_time\" content=\"2025-07-24T23:34:06+00:00\" \/>\n<meta property=\"og:image\" content=\"https:\/\/www.sestogrado.it\/wp-content\/uploads\/2021\/10\/hummingbird0-web-1.jpg\" \/>\n\t<meta property=\"og:image:width\" content=\"1600\" \/>\n\t<meta property=\"og:image:height\" content=\"1600\" \/>\n\t<meta property=\"og:image:type\" content=\"image\/jpeg\" \/>\n<meta name=\"twitter:label1\" content=\"Disponibilit\u00e0\" \/>\n\t<meta name=\"twitter:data1\" content=\"In stock\" \/>\n<script type=\"application\/ld+json\" class=\"yoast-schema-graph\">{\"@context\":\"https:\/\/schema.org\",\"@graph\":[{\"@type\":\"WebPage\",\"@id\":\"https:\/\/www.sestogrado.it\/it\/prodotto\/blue-ice-hummingbird-piccozza-alpinismo\/\",\"url\":\"https:\/\/www.sestogrado.it\/it\/prodotto\/blue-ice-hummingbird-piccozza-alpinismo\/\",\"name\":\"Blue Ice Hummingbird piccozza alpinismo - Sestogrado\",\"isPartOf\":{\"@id\":\"https:\/\/www.sestogrado.it\/it\/#website\"},\"primaryImageOfPage\":{\"@id\":\"https:\/\/www.sestogrado.it\/it\/prodotto\/blue-ice-hummingbird-piccozza-alpinismo\/#primaryimage\"},\"image\":{\"@id\":\"https:\/\/www.sestogrado.it\/prodotto\/blue-ice-hummingbird-piccozza-alpinismo\/#primaryimage\"},\"thumbnailUrl\":\"https:\/\/www.sestogrado.it\/wp-content\/uploads\/2021\/10\/hummingbird0-web-1.jpg\",\"datePublished\":\"2021-10-29T12:55:26+00:00\",\"dateModified\":\"2025-07-24T23:34:06+00:00\",\"description\":\"Ultraleggera, con 212g nella versione da 50cm, la Blue Ice Hummingbird \u00e8 una piccozza da ghiaccio ideale per alpinismo tecnico e sci alpinismo.La sua testa in titanio \u00e8 leggera come l'alluminio ma solida come l'acciaio. Il suo manico in alluminio offre estrema leggerezza e solidit\u00e0. La Blue Ice Hummingbird \u00e8 disponibile in due lunghezze, 45 e 50cm, sempre con la paletta. E' approvata dall'ISMF per le competizioni scialpinistiche. Il suo design la rende una delle piccozze pi\u00f9 leggere ed efficienti sul mercato.\",\"breadcrumb\":{\"@id\":\"https:\/\/www.sestogrado.it\/it\/prodotto\/blue-ice-hummingbird-piccozza-alpinismo\/#breadcrumb\"},\"inLanguage\":\"it-IT\",\"potentialAction\":[{\"@type\":\"ReadAction\",\"target\":[[\"https:\/\/www.sestogrado.it\/it\/prodotto\/blue-ice-hummingbird-piccozza-alpinismo\/\"]]}]},{\"@type\":\"ImageObject\",\"inLanguage\":\"it-IT\",\"@id\":\"https:\/\/www.sestogrado.it\/it\/prodotto\/blue-ice-hummingbird-piccozza-alpinismo\/#primaryimage\",\"url\":\"https:\/\/www.sestogrado.it\/wp-content\/uploads\/2021\/10\/hummingbird0-web-1.jpg\",\"contentUrl\":\"https:\/\/www.sestogrado.it\/wp-content\/uploads\/2021\/10\/hummingbird0-web-1.jpg\",\"width\":1600,\"height\":1600,\"caption\":\"blue ice hummingbird\"},{\"@type\":\"BreadcrumbList\",\"@id\":\"https:\/\/www.sestogrado.it\/it\/prodotto\/blue-ice-hummingbird-piccozza-alpinismo\/#breadcrumb\",\"itemListElement\":[{\"@type\":\"ListItem\",\"position\":1,\"name\":\"Home\",\"item\":\"https:\/\/www.sestogrado.it\/it\/\"},{\"@type\":\"ListItem\",\"position\":2,\"name\":\"Shop\",\"item\":\"https:\/\/www.sestogrado.it\/it\/shop\/\"},{\"@type\":\"ListItem\",\"position\":3,\"name\":\"Blue Ice Hummingbird piccozza alpinismo\"}]},{\"@type\":\"WebSite\",\"@id\":\"https:\/\/www.sestogrado.it\/it\/#website\",\"url\":\"https:\/\/www.sestogrado.it\/it\/\",\"name\":\"Sestogrado\",\"description\":\"yes we climb\",\"publisher\":{\"@id\":\"https:\/\/www.sestogrado.it\/it\/#organization\"},\"potentialAction\":[{\"@type\":\"SearchAction\",\"target\":{\"@type\":\"EntryPoint\",\"urlTemplate\":\"https:\/\/www.sestogrado.it\/it\/?s={search_term_string}\"},\"query-input\":{\"@type\":\"PropertyValueSpecification\",\"valueRequired\":true,\"valueName\":\"search_term_string\"}}],\"inLanguage\":\"it-IT\"},{\"@type\":\"Organization\",\"@id\":\"https:\/\/www.sestogrado.it\/it\/#organization\",\"name\":\"Sestogrado\",\"url\":\"https:\/\/www.sestogrado.it\/it\/\",\"logo\":{\"@type\":\"ImageObject\",\"inLanguage\":\"it-IT\",\"@id\":\"https:\/\/www.sestogrado.it\/it\/#\/schema\/logo\/image\/\",\"url\":\"https:\/\/www.sestogrado.it\/wp-content\/uploads\/2015\/03\/sestogrado-favicon.png\",\"contentUrl\":\"https:\/\/www.sestogrado.it\/wp-content\/uploads\/2015\/03\/sestogrado-favicon.png\",\"width\":260,\"height\":260,\"caption\":\"Sestogrado\"},\"image\":{\"@id\":\"https:\/\/www.sestogrado.it\/it\/#\/schema\/logo\/image\/\"},\"sameAs\":[\"https:\/\/www.facebook.com\/pages\/Sestogrado\/1542635979353017?ref=bookmarks\",\"https:\/\/www.youtube.com\/channel\/UC847kAfTkaJsWpc1jtQwr3Q\"],\"hasMerchantReturnPolicy\":{\"@type\":\"MerchantReturnPolicy\",\"merchantReturnLink\":\"https:\/\/www.sestogrado.it\/it\/termini-e-condizioni\/\"}}]}<\/script>\n<meta property=\"product:brand\" content=\"Blue Ice\" \/>\n<meta property=\"og:availability\" content=\"instock\" \/>\n<meta property=\"product:availability\" content=\"instock\" \/>\n<meta property=\"product:condition\" content=\"new\" \/>\n<!-- \/ Yoast SEO plugin. -->","yoast_head_json":{"title":"Blue Ice Hummingbird piccozza alpinismo - Sestogrado","description":"Ultraleggera, con 212g nella versione da 50cm, la Blue Ice Hummingbird \u00e8 una piccozza da ghiaccio ideale per alpinismo tecnico e sci alpinismo.La sua testa in titanio \u00e8 leggera come l'alluminio ma solida come l'acciaio. Il suo manico in alluminio offre estrema leggerezza e solidit\u00e0. La Blue Ice Hummingbird \u00e8 disponibile in due lunghezze, 45 e 50cm, sempre con la paletta. E' approvata dall'ISMF per le competizioni scialpinistiche. Il suo design la rende una delle piccozze pi\u00f9 leggere ed efficienti sul mercato.","robots":{"index":"index","follow":"follow","max-snippet":"max-snippet:-1","max-image-preview":"max-image-preview:large","max-video-preview":"max-video-preview:-1"},"canonical":"https:\/\/www.sestogrado.it\/it\/prodotto\/blue-ice-hummingbird-piccozza-alpinismo\/","og_locale":"it_IT","og_type":"article","og_title":"Blue Ice Hummingbird piccozza alpinismo - Sestogrado","og_description":"Ultraleggera, con 212g nella versione da 50cm, la Blue Ice Hummingbird \u00e8 una piccozza da ghiaccio ideale per alpinismo tecnico e sci alpinismo.La sua testa in titanio \u00e8 leggera come l'alluminio ma solida come l'acciaio. Il suo manico in alluminio offre estrema leggerezza e solidit\u00e0. La Blue Ice Hummingbird \u00e8 disponibile in due lunghezze, 45 e 50cm, sempre con la paletta. E' approvata dall'ISMF per le competizioni scialpinistiche. Il suo design la rende una delle piccozze pi\u00f9 leggere ed efficienti sul mercato.","og_url":"https:\/\/www.sestogrado.it\/it\/prodotto\/blue-ice-hummingbird-piccozza-alpinismo\/","og_site_name":"Sestogrado","article_publisher":"https:\/\/www.facebook.com\/pages\/Sestogrado\/1542635979353017?ref=bookmarks","article_modified_time":"2025-07-24T23:34:06+00:00","og_image":[{"width":1600,"height":1600,"url":"https:\/\/www.sestogrado.it\/wp-content\/uploads\/2021\/10\/hummingbird0-web-1.jpg","type":"image\/jpeg"}],"twitter_misc":{"Disponibilit\u00e0":"In stock"},"schema":{"@context":"https:\/\/schema.org","@graph":[{"@type":"WebPage","@id":"https:\/\/www.sestogrado.it\/it\/prodotto\/blue-ice-hummingbird-piccozza-alpinismo\/","url":"https:\/\/www.sestogrado.it\/it\/prodotto\/blue-ice-hummingbird-piccozza-alpinismo\/","name":"Blue Ice Hummingbird piccozza alpinismo - Sestogrado","isPartOf":{"@id":"https:\/\/www.sestogrado.it\/it\/#website"},"primaryImageOfPage":{"@id":"https:\/\/www.sestogrado.it\/it\/prodotto\/blue-ice-hummingbird-piccozza-alpinismo\/#primaryimage"},"image":{"@id":"https:\/\/www.sestogrado.it\/prodotto\/blue-ice-hummingbird-piccozza-alpinismo\/#primaryimage"},"thumbnailUrl":"https:\/\/www.sestogrado.it\/wp-content\/uploads\/2021\/10\/hummingbird0-web-1.jpg","datePublished":"2021-10-29T12:55:26+00:00","dateModified":"2025-07-24T23:34:06+00:00","description":"Ultraleggera, con 212g nella versione da 50cm, la Blue Ice Hummingbird \u00e8 una piccozza da ghiaccio ideale per alpinismo tecnico e sci alpinismo.La sua testa in titanio \u00e8 leggera come l'alluminio ma solida come l'acciaio. Il suo manico in alluminio offre estrema leggerezza e solidit\u00e0. La Blue Ice Hummingbird \u00e8 disponibile in due lunghezze, 45 e 50cm, sempre con la paletta. E' approvata dall'ISMF per le competizioni scialpinistiche. Il suo design la rende una delle piccozze pi\u00f9 leggere ed efficienti sul mercato.","breadcrumb":{"@id":"https:\/\/www.sestogrado.it\/it\/prodotto\/blue-ice-hummingbird-piccozza-alpinismo\/#breadcrumb"},"inLanguage":"it-IT","potentialAction":[{"@type":"ReadAction","target":[["https:\/\/www.sestogrado.it\/it\/prodotto\/blue-ice-hummingbird-piccozza-alpinismo\/"]]}]},{"@type":"ImageObject","inLanguage":"it-IT","@id":"https:\/\/www.sestogrado.it\/it\/prodotto\/blue-ice-hummingbird-piccozza-alpinismo\/#primaryimage","url":"https:\/\/www.sestogrado.it\/wp-content\/uploads\/2021\/10\/hummingbird0-web-1.jpg","contentUrl":"https:\/\/www.sestogrado.it\/wp-content\/uploads\/2021\/10\/hummingbird0-web-1.jpg","width":1600,"height":1600,"caption":"blue ice hummingbird"},{"@type":"BreadcrumbList","@id":"https:\/\/www.sestogrado.it\/it\/prodotto\/blue-ice-hummingbird-piccozza-alpinismo\/#breadcrumb","itemListElement":[{"@type":"ListItem","position":1,"name":"Home","item":"https:\/\/www.sestogrado.it\/it\/"},{"@type":"ListItem","position":2,"name":"Shop","item":"https:\/\/www.sestogrado.it\/it\/shop\/"},{"@type":"ListItem","position":3,"name":"Blue Ice Hummingbird piccozza alpinismo"}]},{"@type":"WebSite","@id":"https:\/\/www.sestogrado.it\/it\/#website","url":"https:\/\/www.sestogrado.it\/it\/","name":"Sestogrado","description":"yes we climb","publisher":{"@id":"https:\/\/www.sestogrado.it\/it\/#organization"},"potentialAction":[{"@type":"SearchAction","target":{"@type":"EntryPoint","urlTemplate":"https:\/\/www.sestogrado.it\/it\/?s={search_term_string}"},"query-input":{"@type":"PropertyValueSpecification","valueRequired":true,"valueName":"search_term_string"}}],"inLanguage":"it-IT"},{"@type":"Organization","@id":"https:\/\/www.sestogrado.it\/it\/#organization","name":"Sestogrado","url":"https:\/\/www.sestogrado.it\/it\/","logo":{"@type":"ImageObject","inLanguage":"it-IT","@id":"https:\/\/www.sestogrado.it\/it\/#\/schema\/logo\/image\/","url":"https:\/\/www.sestogrado.it\/wp-content\/uploads\/2015\/03\/sestogrado-favicon.png","contentUrl":"https:\/\/www.sestogrado.it\/wp-content\/uploads\/2015\/03\/sestogrado-favicon.png","width":260,"height":260,"caption":"Sestogrado"},"image":{"@id":"https:\/\/www.sestogrado.it\/it\/#\/schema\/logo\/image\/"},"sameAs":["https:\/\/www.facebook.com\/pages\/Sestogrado\/1542635979353017?ref=bookmarks","https:\/\/www.youtube.com\/channel\/UC847kAfTkaJsWpc1jtQwr3Q"],"hasMerchantReturnPolicy":{"@type":"MerchantReturnPolicy","merchantReturnLink":"https:\/\/www.sestogrado.it\/it\/termini-e-condizioni\/"}}]},"product_brand":"Blue Ice","og_availability":"instock","product_availability":"instock","product_condition":"new"},"_links":{"self":[{"href":"https:\/\/www.sestogrado.it\/it\/wp-json\/wp\/v2\/product\/83848","targetHints":{"allow":["GET"]}}],"collection":[{"href":"https:\/\/www.sestogrado.it\/it\/wp-json\/wp\/v2\/product"}],"about":[{"href":"https:\/\/www.sestogrado.it\/it\/wp-json\/wp\/v2\/types\/product"}],"replies":[{"embeddable":true,"href":"https:\/\/www.sestogrado.it\/it\/wp-json\/wp\/v2\/comments?post=83848"}],"wp:featuredmedia":[{"embeddable":true,"href":"https:\/\/www.sestogrado.it\/it\/wp-json\/wp\/v2\/media\/83849"}],"wp:attachment":[{"href":"https:\/\/www.sestogrado.it\/it\/wp-json\/wp\/v2\/media?parent=83848"}],"wp:term":[{"taxonomy":"product_brand","embeddable":true,"href":"https:\/\/www.sestogrado.it\/it\/wp-json\/wp\/v2\/product_brand?post=83848"},{"taxonomy":"product_cat","embeddable":true,"href":"https:\/\/www.sestogrado.it\/it\/wp-json\/wp\/v2\/product_cat?post=83848"},{"taxonomy":"product_tag","embeddable":true,"href":"https:\/\/www.sestogrado.it\/it\/wp-json\/wp\/v2\/product_tag?post=83848"}],"curies":[{"name":"wp","href":"https:\/\/api.w.org\/{rel}","templated":true}]}}