{"id":83801,"date":"2022-06-17T11:50:10","date_gmt":"2022-06-17T09:50:10","guid":{"rendered":"https:\/\/www.sestogrado.it\/?post_type=product&#038;p=83801"},"modified":"2026-04-16T09:34:43","modified_gmt":"2026-04-16T07:34:43","slug":"blue-ice-harfang-ramponi-da-ghiaccio-ibridi","status":"publish","type":"product","link":"https:\/\/www.sestogrado.it\/it\/prodotto\/blue-ice-harfang-ramponi-da-ghiaccio-ibridi\/","title":{"rendered":"Blue Ice Harfang ramponi da ghiaccio ibridi"},"content":{"rendered":"<p>I Blue Ice Harfang sono dei ramponi da ghiaccio ibridi rivoluzionari, incredibilmente compatti e leggeri. Ibridi significa che hanno la parte anteriore in solido acciaio al cromo e la parte posteriore in leggero in alluminio. Gli Harfang sono sono ultraleggeri (377g al paio senza l&#8217;ABS) e super compatti, progettati per lo scialpinismo e l&#8217;alpinismo classico. Offrono un eccezionale bilanciamento tra perfomance, peso e compattezza.<\/p>\n<p>Il concetto brevettato di Blue Ice si basa su una fettuccia centrale che collega la parte anteriore con quella posteriore del rampone, consentendo di montarlo nella posizione pi\u00f9 comoda possibile, adattandosi alla geometria degli scarponi. Un&#8217;unica misura copre tutte le taglie. L&#8217;utilizzo di un collegamento a fettuccia flessibile minimizza l&#8217;ingombro ed offre una super compattezza, con, allo stesso tempo, precisione e comfort notevoli. La talloniera \u00e8 dotata di un perno di regolazione per adattare al meglio il rampone allo scarpone. E&#8217; un rampone automatico\/semiautomatico, fornito sia di gabbietta metallica per scarponi con bordo anteriore, sia di gabbietta universale per scarponi senza bordo anteriore.<\/p>\n<p>Dotato di ABS, viene fornito con il suo astuccio contenitivo che pu\u00f2 essere agganciato all&#8217;imbrago o allo zaino. Cos\u00ec attaccati, hai sempre i ramponi a portata di mano, pronti per essere utilizzati&#8230; ma \u00e8 ai tuoi piedi che danno il loro meglio!<\/p>\n<ul>\n<li>Materiale: fettuccia passante in UHMWPE (Ultra Light Molecular Weight Polyethylene) e HTPE da 40 mm. Acciaio al cromo, alluminio<\/li>\n<li>Peso: 377 g senza ABS e 419 g con ABS<\/li>\n<li>Certificazioni: CE EN 893, UIAA 153<\/li>\n<li>Ideale per lo sci alpinismo e l&#8217;alpinismo<\/li>\n<li>Misure scarpe: 35EU &#8211; 47EU<\/li>\n<li>Leva sul tallone con microregolazione<\/li>\n<li>Fissaggio del cavo con punto di rotazione fisso<\/li>\n<li>Archetto anteriore in filo di acciaio al cromo a due posizioni, incluso<\/li>\n<li>Gabbietta anteriore universale per scarponi senza bordo, inclusa<\/li>\n<li>TPU Active ABS per prevenire l&#8217;accumulo di neve<\/li>\n<\/ul>\n<p>Gli Harfang vengono forniti con gabbia anteriore toe basket e compact toe bail per allacciamento automatico.<\/p>\n<p>&nbsp;<\/p>\n<p>I Blue Ice Harfang sono dei ramponi rivoluzionari, l&#8217;ibrido pi\u00f9 leggero compatto e adattabile mai realizzato per lo scialpinismo e l&#8217;alpinismo classico.<\/p>\n<div class=\"embed-responsive embed-responsive-16by9\"><iframe title=\"BLUE ICE introducing the HARFANG crampons\" width=\"500\" height=\"281\" src=\"https:\/\/www.youtube.com\/embed\/jhbQkVj2anY?feature=oembed\" frameborder=\"0\" allow=\"accelerometer; autoplay; clipboard-write; encrypted-media; gyroscope; picture-in-picture; web-share\" referrerpolicy=\"strict-origin-when-cross-origin\" allowfullscreen><\/iframe><\/div>\n<p>Come regolare i ramponi Harfang sullo scarpone:<\/p>\n<div class=\"embed-responsive embed-responsive-16by9\"><iframe title=\"BLUE ICE : Harfang&#039;s installation\" width=\"500\" height=\"281\" src=\"https:\/\/www.youtube.com\/embed\/lOJbXn5imPI?feature=oembed\" frameborder=\"0\" allow=\"accelerometer; autoplay; clipboard-write; encrypted-media; gyroscope; picture-in-picture; web-share\" referrerpolicy=\"strict-origin-when-cross-origin\" allowfullscreen><\/iframe><\/div>\n<p>Blue Ice \u00e8 un\u2019azienda con sede a Chamonix che produce solo articoli da alpinismo di alta qualit\u00e0. Gli zaini Blue Ice sono dedicati ad un alpinismo tecnico e di alto livello. Inizialmente era semplicemente una questione di vivere la nostra passione al massimo: arrampicare, sciare, esplorare o semplicemente entrare in contatto con noi stessi e le montagne \u2026 prima di estendere questo progetto a tutti gli amanti delle vette l\u00e0 fuori.<\/p>","protected":false},"excerpt":{"rendered":"<p>I Blue Ice Harfang sono dei ramponi da ghiaccio ibridi rivoluzionari, incredibilmente compatti e leggeri. Ibridi significa che hanno la [&hellip;]<\/p>\n","protected":false},"featured_media":83802,"comment_status":"open","ping_status":"closed","template":"","meta":{"_acf_changed":false},"product_brand":[641],"product_cat":[153],"product_tag":[],"class_list":{"0":"post-83801","1":"product","2":"type-product","3":"status-publish","4":"has-post-thumbnail","6":"product_brand-blue-ice","7":"product_cat-ramponi","9":"first","10":"instock","11":"sale","12":"taxable","13":"shipping-taxable","14":"purchasable","15":"product-type-simple"},"acf":[],"yoast_head":"<!-- This site is optimized with the Yoast SEO plugin v26.4 - https:\/\/yoast.com\/wordpress\/plugins\/seo\/ -->\n<title>Blue Ice Harfang ramponi da ghiaccio ibridi - Sestogrado<\/title>\n<meta name=\"description\" content=\"I Blue Ice Harfang sono dei ramponi da ghiaccio ibridi rivoluzionari, incredibilmente compatti e leggeri. Ibridi significa che hanno la parte anteriore in solido acciaio al cromo e la parte posteriore in leggero in alluminio. Gli Harfang sono sono ultraleggeri (377g al paio senza l&#039;ABS) e super compatti, progettati per lo scialpinismo e l&#039;alpinismo classico. Offrono un eccezionale bilanciamento tra perfomance, peso e compattezza. Il concetto brevettato di Blue Ice si basa su una fettuccia centrale che collega la parte anteriore con quella posteriore del rampone, consentendo di montarlo nella posizione pi\u00f9 comoda possibile, adattandosi alla geometria degli scarponi. Un&#039;unica misura copre tutte le taglie. L&#039;utilizzo di un collegamento a fettuccia flessibile minimizza l&#039;ingombro ed offre una super compattezza, con, allo stesso tempo, precisione e comfort notevoli. La talloniera \u00e8 dotata di un perno di regolazione per adattare al meglio il rampone allo scarpone. E&#039; un rampone automatico\/semiautomatico, fornito sia di gabbietta metallica per scarponi con bordo anteriore, sia di gabbietta universale per scarponi senza bordo anteriore. Dotato di ABS, viene fornito con il suo astuccio contenitivo che pu\u00f2 essere agganciato all&#039;imbrago o allo zaino. Cos\u00ec attaccati, hai sempre i ramponi a portata di mano, pronti per essere utilizzati... ma \u00e8 ai tuoi piedi che danno il loro meglio!\" \/>\n<meta name=\"robots\" content=\"index, follow, max-snippet:-1, max-image-preview:large, max-video-preview:-1\" \/>\n<link rel=\"canonical\" href=\"https:\/\/www.sestogrado.it\/it\/prodotto\/blue-ice-harfang-ramponi-da-ghiaccio-ibridi\/\" \/>\n<meta property=\"og:locale\" content=\"it_IT\" \/>\n<meta property=\"og:type\" content=\"article\" \/>\n<meta property=\"og:title\" content=\"Blue Ice Harfang ramponi da ghiaccio ibridi - Sestogrado\" \/>\n<meta property=\"og:description\" content=\"I Blue Ice Harfang sono dei ramponi da ghiaccio ibridi rivoluzionari, incredibilmente compatti e leggeri. Ibridi significa che hanno la parte anteriore in solido acciaio al cromo e la parte posteriore in leggero in alluminio. Gli Harfang sono sono ultraleggeri (377g al paio senza l&#039;ABS) e super compatti, progettati per lo scialpinismo e l&#039;alpinismo classico. Offrono un eccezionale bilanciamento tra perfomance, peso e compattezza. Il concetto brevettato di Blue Ice si basa su una fettuccia centrale che collega la parte anteriore con quella posteriore del rampone, consentendo di montarlo nella posizione pi\u00f9 comoda possibile, adattandosi alla geometria degli scarponi. Un&#039;unica misura copre tutte le taglie. L&#039;utilizzo di un collegamento a fettuccia flessibile minimizza l&#039;ingombro ed offre una super compattezza, con, allo stesso tempo, precisione e comfort notevoli. La talloniera \u00e8 dotata di un perno di regolazione per adattare al meglio il rampone allo scarpone. E&#039; un rampone automatico\/semiautomatico, fornito sia di gabbietta metallica per scarponi con bordo anteriore, sia di gabbietta universale per scarponi senza bordo anteriore. Dotato di ABS, viene fornito con il suo astuccio contenitivo che pu\u00f2 essere agganciato all&#039;imbrago o allo zaino. Cos\u00ec attaccati, hai sempre i ramponi a portata di mano, pronti per essere utilizzati... ma \u00e8 ai tuoi piedi che danno il loro meglio!\" \/>\n<meta property=\"og:url\" content=\"https:\/\/www.sestogrado.it\/it\/prodotto\/blue-ice-harfang-ramponi-da-ghiaccio-ibridi\/\" \/>\n<meta property=\"og:site_name\" content=\"Sestogrado\" \/>\n<meta property=\"article:publisher\" content=\"https:\/\/www.facebook.com\/pages\/Sestogrado\/1542635979353017?ref=bookmarks\" \/>\n<meta property=\"article:modified_time\" content=\"2026-04-16T07:34:43+00:00\" \/>\n<meta property=\"og:image\" content=\"https:\/\/www.sestogrado.it\/wp-content\/uploads\/2021\/10\/01-5.jpg\" \/>\n\t<meta property=\"og:image:width\" content=\"1600\" \/>\n\t<meta property=\"og:image:height\" content=\"1600\" \/>\n\t<meta property=\"og:image:type\" content=\"image\/jpeg\" \/>\n<meta name=\"twitter:label1\" content=\"Prezzo\" \/>\n\t<meta name=\"twitter:data1\" content=\"&euro;&nbsp;129,00\" \/>\n\t<meta name=\"twitter:label2\" content=\"Disponibilit\u00e0\" \/>\n\t<meta name=\"twitter:data2\" content=\"In stock\" \/>\n<script type=\"application\/ld+json\" class=\"yoast-schema-graph\">{\"@context\":\"https:\/\/schema.org\",\"@graph\":[{\"@type\":\"WebPage\",\"@id\":\"https:\/\/www.sestogrado.it\/it\/prodotto\/blue-ice-harfang-ramponi-da-ghiaccio-ibridi\/\",\"url\":\"https:\/\/www.sestogrado.it\/it\/prodotto\/blue-ice-harfang-ramponi-da-ghiaccio-ibridi\/\",\"name\":\"Blue Ice Harfang ramponi da ghiaccio ibridi - Sestogrado\",\"isPartOf\":{\"@id\":\"https:\/\/www.sestogrado.it\/it\/#website\"},\"primaryImageOfPage\":{\"@id\":\"https:\/\/www.sestogrado.it\/it\/prodotto\/blue-ice-harfang-ramponi-da-ghiaccio-ibridi\/#primaryimage\"},\"image\":{\"@id\":\"https:\/\/www.sestogrado.it\/prodotto\/blue-ice-harfang-ramponi-da-ghiaccio-ibridi\/#primaryimage\"},\"thumbnailUrl\":\"https:\/\/www.sestogrado.it\/wp-content\/uploads\/2021\/10\/01-5.jpg\",\"datePublished\":\"2022-06-17T09:50:10+00:00\",\"dateModified\":\"2026-04-16T07:34:43+00:00\",\"description\":\"I Blue Ice Harfang sono dei ramponi da ghiaccio ibridi rivoluzionari, incredibilmente compatti e leggeri. Ibridi significa che hanno la parte anteriore in solido acciaio al cromo e la parte posteriore in leggero in alluminio. Gli Harfang sono sono ultraleggeri (377g al paio senza l'ABS) e super compatti, progettati per lo scialpinismo e l'alpinismo classico. Offrono un eccezionale bilanciamento tra perfomance, peso e compattezza. Il concetto brevettato di Blue Ice si basa su una fettuccia centrale che collega la parte anteriore con quella posteriore del rampone, consentendo di montarlo nella posizione pi\u00f9 comoda possibile, adattandosi alla geometria degli scarponi. Un'unica misura copre tutte le taglie. L'utilizzo di un collegamento a fettuccia flessibile minimizza l'ingombro ed offre una super compattezza, con, allo stesso tempo, precisione e comfort notevoli. La talloniera \u00e8 dotata di un perno di regolazione per adattare al meglio il rampone allo scarpone. E' un rampone automatico\/semiautomatico, fornito sia di gabbietta metallica per scarponi con bordo anteriore, sia di gabbietta universale per scarponi senza bordo anteriore. Dotato di ABS, viene fornito con il suo astuccio contenitivo che pu\u00f2 essere agganciato all'imbrago o allo zaino. Cos\u00ec attaccati, hai sempre i ramponi a portata di mano, pronti per essere utilizzati... ma \u00e8 ai tuoi piedi che danno il loro meglio!\",\"breadcrumb\":{\"@id\":\"https:\/\/www.sestogrado.it\/it\/prodotto\/blue-ice-harfang-ramponi-da-ghiaccio-ibridi\/#breadcrumb\"},\"inLanguage\":\"it-IT\",\"potentialAction\":[{\"@type\":\"ReadAction\",\"target\":[[\"https:\/\/www.sestogrado.it\/it\/prodotto\/blue-ice-harfang-ramponi-da-ghiaccio-ibridi\/\"]]}]},{\"@type\":\"ImageObject\",\"inLanguage\":\"it-IT\",\"@id\":\"https:\/\/www.sestogrado.it\/it\/prodotto\/blue-ice-harfang-ramponi-da-ghiaccio-ibridi\/#primaryimage\",\"url\":\"https:\/\/www.sestogrado.it\/wp-content\/uploads\/2021\/10\/01-5.jpg\",\"contentUrl\":\"https:\/\/www.sestogrado.it\/wp-content\/uploads\/2021\/10\/01-5.jpg\",\"width\":1600,\"height\":1600,\"caption\":\"Blue ice harfang\"},{\"@type\":\"BreadcrumbList\",\"@id\":\"https:\/\/www.sestogrado.it\/it\/prodotto\/blue-ice-harfang-ramponi-da-ghiaccio-ibridi\/#breadcrumb\",\"itemListElement\":[{\"@type\":\"ListItem\",\"position\":1,\"name\":\"Home\",\"item\":\"https:\/\/www.sestogrado.it\/it\/\"},{\"@type\":\"ListItem\",\"position\":2,\"name\":\"Shop\",\"item\":\"https:\/\/www.sestogrado.it\/it\/shop\/\"},{\"@type\":\"ListItem\",\"position\":3,\"name\":\"Blue Ice Harfang ramponi da ghiaccio ibridi\"}]},{\"@type\":\"WebSite\",\"@id\":\"https:\/\/www.sestogrado.it\/it\/#website\",\"url\":\"https:\/\/www.sestogrado.it\/it\/\",\"name\":\"Sestogrado\",\"description\":\"yes we climb\",\"publisher\":{\"@id\":\"https:\/\/www.sestogrado.it\/it\/#organization\"},\"potentialAction\":[{\"@type\":\"SearchAction\",\"target\":{\"@type\":\"EntryPoint\",\"urlTemplate\":\"https:\/\/www.sestogrado.it\/it\/?s={search_term_string}\"},\"query-input\":{\"@type\":\"PropertyValueSpecification\",\"valueRequired\":true,\"valueName\":\"search_term_string\"}}],\"inLanguage\":\"it-IT\"},{\"@type\":\"Organization\",\"@id\":\"https:\/\/www.sestogrado.it\/it\/#organization\",\"name\":\"Sestogrado\",\"url\":\"https:\/\/www.sestogrado.it\/it\/\",\"logo\":{\"@type\":\"ImageObject\",\"inLanguage\":\"it-IT\",\"@id\":\"https:\/\/www.sestogrado.it\/it\/#\/schema\/logo\/image\/\",\"url\":\"https:\/\/www.sestogrado.it\/wp-content\/uploads\/2015\/03\/sestogrado-favicon.png\",\"contentUrl\":\"https:\/\/www.sestogrado.it\/wp-content\/uploads\/2015\/03\/sestogrado-favicon.png\",\"width\":260,\"height\":260,\"caption\":\"Sestogrado\"},\"image\":{\"@id\":\"https:\/\/www.sestogrado.it\/it\/#\/schema\/logo\/image\/\"},\"sameAs\":[\"https:\/\/www.facebook.com\/pages\/Sestogrado\/1542635979353017?ref=bookmarks\",\"https:\/\/www.youtube.com\/channel\/UC847kAfTkaJsWpc1jtQwr3Q\"],\"hasMerchantReturnPolicy\":{\"@type\":\"MerchantReturnPolicy\",\"merchantReturnLink\":\"https:\/\/www.sestogrado.it\/it\/termini-e-condizioni\/\"}}]}<\/script>\n<meta property=\"product:brand\" content=\"Blue Ice\" \/>\n<meta property=\"product:price:amount\" content=\"129.00\" \/>\n<meta property=\"product:price:currency\" content=\"EUR\" \/>\n<meta property=\"og:availability\" content=\"instock\" \/>\n<meta property=\"product:availability\" content=\"instock\" \/>\n<meta property=\"product:condition\" content=\"new\" \/>\n<!-- \/ Yoast SEO plugin. -->","yoast_head_json":{"title":"Blue Ice Harfang ramponi da ghiaccio ibridi - Sestogrado","description":"I Blue Ice Harfang sono dei ramponi da ghiaccio ibridi rivoluzionari, incredibilmente compatti e leggeri. Ibridi significa che hanno la parte anteriore in solido acciaio al cromo e la parte posteriore in leggero in alluminio. Gli Harfang sono sono ultraleggeri (377g al paio senza l'ABS) e super compatti, progettati per lo scialpinismo e l'alpinismo classico. Offrono un eccezionale bilanciamento tra perfomance, peso e compattezza. Il concetto brevettato di Blue Ice si basa su una fettuccia centrale che collega la parte anteriore con quella posteriore del rampone, consentendo di montarlo nella posizione pi\u00f9 comoda possibile, adattandosi alla geometria degli scarponi. Un'unica misura copre tutte le taglie. L'utilizzo di un collegamento a fettuccia flessibile minimizza l'ingombro ed offre una super compattezza, con, allo stesso tempo, precisione e comfort notevoli. La talloniera \u00e8 dotata di un perno di regolazione per adattare al meglio il rampone allo scarpone. E' un rampone automatico\/semiautomatico, fornito sia di gabbietta metallica per scarponi con bordo anteriore, sia di gabbietta universale per scarponi senza bordo anteriore. Dotato di ABS, viene fornito con il suo astuccio contenitivo che pu\u00f2 essere agganciato all'imbrago o allo zaino. Cos\u00ec attaccati, hai sempre i ramponi a portata di mano, pronti per essere utilizzati... ma \u00e8 ai tuoi piedi che danno il loro meglio!","robots":{"index":"index","follow":"follow","max-snippet":"max-snippet:-1","max-image-preview":"max-image-preview:large","max-video-preview":"max-video-preview:-1"},"canonical":"https:\/\/www.sestogrado.it\/it\/prodotto\/blue-ice-harfang-ramponi-da-ghiaccio-ibridi\/","og_locale":"it_IT","og_type":"article","og_title":"Blue Ice Harfang ramponi da ghiaccio ibridi - Sestogrado","og_description":"I Blue Ice Harfang sono dei ramponi da ghiaccio ibridi rivoluzionari, incredibilmente compatti e leggeri. Ibridi significa che hanno la parte anteriore in solido acciaio al cromo e la parte posteriore in leggero in alluminio. Gli Harfang sono sono ultraleggeri (377g al paio senza l'ABS) e super compatti, progettati per lo scialpinismo e l'alpinismo classico. Offrono un eccezionale bilanciamento tra perfomance, peso e compattezza. Il concetto brevettato di Blue Ice si basa su una fettuccia centrale che collega la parte anteriore con quella posteriore del rampone, consentendo di montarlo nella posizione pi\u00f9 comoda possibile, adattandosi alla geometria degli scarponi. Un'unica misura copre tutte le taglie. L'utilizzo di un collegamento a fettuccia flessibile minimizza l'ingombro ed offre una super compattezza, con, allo stesso tempo, precisione e comfort notevoli. La talloniera \u00e8 dotata di un perno di regolazione per adattare al meglio il rampone allo scarpone. E' un rampone automatico\/semiautomatico, fornito sia di gabbietta metallica per scarponi con bordo anteriore, sia di gabbietta universale per scarponi senza bordo anteriore. Dotato di ABS, viene fornito con il suo astuccio contenitivo che pu\u00f2 essere agganciato all'imbrago o allo zaino. Cos\u00ec attaccati, hai sempre i ramponi a portata di mano, pronti per essere utilizzati... ma \u00e8 ai tuoi piedi che danno il loro meglio!","og_url":"https:\/\/www.sestogrado.it\/it\/prodotto\/blue-ice-harfang-ramponi-da-ghiaccio-ibridi\/","og_site_name":"Sestogrado","article_publisher":"https:\/\/www.facebook.com\/pages\/Sestogrado\/1542635979353017?ref=bookmarks","article_modified_time":"2026-04-16T07:34:43+00:00","og_image":[{"width":1600,"height":1600,"url":"https:\/\/www.sestogrado.it\/wp-content\/uploads\/2021\/10\/01-5.jpg","type":"image\/jpeg"}],"twitter_misc":{"Prezzo":"&euro;&nbsp;129,00","Disponibilit\u00e0":"In stock"},"schema":{"@context":"https:\/\/schema.org","@graph":[{"@type":"WebPage","@id":"https:\/\/www.sestogrado.it\/it\/prodotto\/blue-ice-harfang-ramponi-da-ghiaccio-ibridi\/","url":"https:\/\/www.sestogrado.it\/it\/prodotto\/blue-ice-harfang-ramponi-da-ghiaccio-ibridi\/","name":"Blue Ice Harfang ramponi da ghiaccio ibridi - Sestogrado","isPartOf":{"@id":"https:\/\/www.sestogrado.it\/it\/#website"},"primaryImageOfPage":{"@id":"https:\/\/www.sestogrado.it\/it\/prodotto\/blue-ice-harfang-ramponi-da-ghiaccio-ibridi\/#primaryimage"},"image":{"@id":"https:\/\/www.sestogrado.it\/prodotto\/blue-ice-harfang-ramponi-da-ghiaccio-ibridi\/#primaryimage"},"thumbnailUrl":"https:\/\/www.sestogrado.it\/wp-content\/uploads\/2021\/10\/01-5.jpg","datePublished":"2022-06-17T09:50:10+00:00","dateModified":"2026-04-16T07:34:43+00:00","description":"I Blue Ice Harfang sono dei ramponi da ghiaccio ibridi rivoluzionari, incredibilmente compatti e leggeri. Ibridi significa che hanno la parte anteriore in solido acciaio al cromo e la parte posteriore in leggero in alluminio. Gli Harfang sono sono ultraleggeri (377g al paio senza l'ABS) e super compatti, progettati per lo scialpinismo e l'alpinismo classico. Offrono un eccezionale bilanciamento tra perfomance, peso e compattezza. Il concetto brevettato di Blue Ice si basa su una fettuccia centrale che collega la parte anteriore con quella posteriore del rampone, consentendo di montarlo nella posizione pi\u00f9 comoda possibile, adattandosi alla geometria degli scarponi. Un'unica misura copre tutte le taglie. L'utilizzo di un collegamento a fettuccia flessibile minimizza l'ingombro ed offre una super compattezza, con, allo stesso tempo, precisione e comfort notevoli. La talloniera \u00e8 dotata di un perno di regolazione per adattare al meglio il rampone allo scarpone. E' un rampone automatico\/semiautomatico, fornito sia di gabbietta metallica per scarponi con bordo anteriore, sia di gabbietta universale per scarponi senza bordo anteriore. Dotato di ABS, viene fornito con il suo astuccio contenitivo che pu\u00f2 essere agganciato all'imbrago o allo zaino. Cos\u00ec attaccati, hai sempre i ramponi a portata di mano, pronti per essere utilizzati... ma \u00e8 ai tuoi piedi che danno il loro meglio!","breadcrumb":{"@id":"https:\/\/www.sestogrado.it\/it\/prodotto\/blue-ice-harfang-ramponi-da-ghiaccio-ibridi\/#breadcrumb"},"inLanguage":"it-IT","potentialAction":[{"@type":"ReadAction","target":[["https:\/\/www.sestogrado.it\/it\/prodotto\/blue-ice-harfang-ramponi-da-ghiaccio-ibridi\/"]]}]},{"@type":"ImageObject","inLanguage":"it-IT","@id":"https:\/\/www.sestogrado.it\/it\/prodotto\/blue-ice-harfang-ramponi-da-ghiaccio-ibridi\/#primaryimage","url":"https:\/\/www.sestogrado.it\/wp-content\/uploads\/2021\/10\/01-5.jpg","contentUrl":"https:\/\/www.sestogrado.it\/wp-content\/uploads\/2021\/10\/01-5.jpg","width":1600,"height":1600,"caption":"Blue ice harfang"},{"@type":"BreadcrumbList","@id":"https:\/\/www.sestogrado.it\/it\/prodotto\/blue-ice-harfang-ramponi-da-ghiaccio-ibridi\/#breadcrumb","itemListElement":[{"@type":"ListItem","position":1,"name":"Home","item":"https:\/\/www.sestogrado.it\/it\/"},{"@type":"ListItem","position":2,"name":"Shop","item":"https:\/\/www.sestogrado.it\/it\/shop\/"},{"@type":"ListItem","position":3,"name":"Blue Ice Harfang ramponi da ghiaccio ibridi"}]},{"@type":"WebSite","@id":"https:\/\/www.sestogrado.it\/it\/#website","url":"https:\/\/www.sestogrado.it\/it\/","name":"Sestogrado","description":"yes we climb","publisher":{"@id":"https:\/\/www.sestogrado.it\/it\/#organization"},"potentialAction":[{"@type":"SearchAction","target":{"@type":"EntryPoint","urlTemplate":"https:\/\/www.sestogrado.it\/it\/?s={search_term_string}"},"query-input":{"@type":"PropertyValueSpecification","valueRequired":true,"valueName":"search_term_string"}}],"inLanguage":"it-IT"},{"@type":"Organization","@id":"https:\/\/www.sestogrado.it\/it\/#organization","name":"Sestogrado","url":"https:\/\/www.sestogrado.it\/it\/","logo":{"@type":"ImageObject","inLanguage":"it-IT","@id":"https:\/\/www.sestogrado.it\/it\/#\/schema\/logo\/image\/","url":"https:\/\/www.sestogrado.it\/wp-content\/uploads\/2015\/03\/sestogrado-favicon.png","contentUrl":"https:\/\/www.sestogrado.it\/wp-content\/uploads\/2015\/03\/sestogrado-favicon.png","width":260,"height":260,"caption":"Sestogrado"},"image":{"@id":"https:\/\/www.sestogrado.it\/it\/#\/schema\/logo\/image\/"},"sameAs":["https:\/\/www.facebook.com\/pages\/Sestogrado\/1542635979353017?ref=bookmarks","https:\/\/www.youtube.com\/channel\/UC847kAfTkaJsWpc1jtQwr3Q"],"hasMerchantReturnPolicy":{"@type":"MerchantReturnPolicy","merchantReturnLink":"https:\/\/www.sestogrado.it\/it\/termini-e-condizioni\/"}}]},"product_brand":"Blue Ice","product_price_amount":"129.00","product_price_currency":"EUR","og_availability":"instock","product_availability":"instock","product_condition":"new"},"_links":{"self":[{"href":"https:\/\/www.sestogrado.it\/it\/wp-json\/wp\/v2\/product\/83801","targetHints":{"allow":["GET"]}}],"collection":[{"href":"https:\/\/www.sestogrado.it\/it\/wp-json\/wp\/v2\/product"}],"about":[{"href":"https:\/\/www.sestogrado.it\/it\/wp-json\/wp\/v2\/types\/product"}],"replies":[{"embeddable":true,"href":"https:\/\/www.sestogrado.it\/it\/wp-json\/wp\/v2\/comments?post=83801"}],"wp:featuredmedia":[{"embeddable":true,"href":"https:\/\/www.sestogrado.it\/it\/wp-json\/wp\/v2\/media\/83802"}],"wp:attachment":[{"href":"https:\/\/www.sestogrado.it\/it\/wp-json\/wp\/v2\/media?parent=83801"}],"wp:term":[{"taxonomy":"product_brand","embeddable":true,"href":"https:\/\/www.sestogrado.it\/it\/wp-json\/wp\/v2\/product_brand?post=83801"},{"taxonomy":"product_cat","embeddable":true,"href":"https:\/\/www.sestogrado.it\/it\/wp-json\/wp\/v2\/product_cat?post=83801"},{"taxonomy":"product_tag","embeddable":true,"href":"https:\/\/www.sestogrado.it\/it\/wp-json\/wp\/v2\/product_tag?post=83801"}],"curies":[{"name":"wp","href":"https:\/\/api.w.org\/{rel}","templated":true}]}}