{"id":828,"date":"2023-06-19T15:46:55","date_gmt":"2023-06-19T13:46:55","guid":{"rendered":"http:\/\/www.sestogrado.it\/?post_type=product&#038;p=828"},"modified":"2026-04-16T09:14:15","modified_gmt":"2026-04-16T07:14:15","slug":"beal-folio-borsa-porta-corda","status":"publish","type":"product","link":"https:\/\/www.sestogrado.it\/it\/prodotto\/beal-folio-borsa-porta-corda\/","title":{"rendered":"Beal Folio II borsa porta corda"},"content":{"rendered":"<p>Il BEAL FOLIO II \u00e8 la borsa porta corda ideale per proteggere la corda durante il trasporto e l\u2019utilizzo a terra, mantenendola sempre pulita, ordinata e pronta all\u2019uso. Una volta aperto, offre un\u2019ampia superficie di <strong>110 x 85 cm<\/strong>, perfetta per isolare la corda da polvere, terra e detriti, anche su terreni sporchi o abrasivi.<\/p>\n<p>Grazie al suo design intelligente, il FOLIO:<\/p>\n<ul>\n<li>Elimina la necessit\u00e0 di arrotolare la corda<\/li>\n<li>Riduce drasticamente le torsioni<\/li>\n<li>Previene grovigli e nodi durante l\u2019assicurazione<\/li>\n<li>Mantiene la corda sempre ben organizzata e pronta per la scalata<\/li>\n<\/ul>\n<p>Caratteristiche:<\/p>\n<ul>\n<li data-section-id=\"166pyqi\" data-start=\"127\" data-end=\"233\">Telo porta corda 110 x 85 cm: ampia superficie per proteggere la corda da polvere, terra e detriti<\/li>\n<li data-section-id=\"zt00og\" data-start=\"234\" data-end=\"332\">Protezione corda arrampicata: ideale per mantenere la corda pulita e prolungarne la durata<\/li>\n<li data-section-id=\"1t5xzj3\" data-start=\"333\" data-end=\"437\">Anti groviglio e anti nodo: riduce torsioni, evita intrecci e facilita l\u2019assicurazione del primo<\/li>\n<li data-section-id=\"29fyaf\" data-start=\"438\" data-end=\"540\">2 clip per estremit\u00e0 corda: identificazione rapida dei capi per maggiore praticit\u00e0 e sicurezza<\/li>\n<li data-section-id=\"1pehinu\" data-start=\"541\" data-end=\"641\">Utilizzo su qualsiasi terreno: perfetto per falesia, ambienti polverosi o superfici abrasive<\/li>\n<li data-section-id=\"y2y2b5\" data-start=\"642\" data-end=\"749\">Trasporto ordinato: elimina la necessit\u00e0 di arrotolare la corda, mantenendola sempre pronta all\u2019uso<\/li>\n<li data-section-id=\"1y5h7no\" data-start=\"750\" data-end=\"840\">Compatto e leggero: facile da trasportare nello zaino o nella sacca da arrampicata<\/li>\n<li data-section-id=\"1y5h7no\" data-start=\"750\" data-end=\"840\">Volume: 35L Peso: 530g<\/li>\n<li data-section-id=\"1y5h7no\" data-start=\"750\" data-end=\"840\">Contiene tranquillamente una corda singola da 80m<\/li>\n<\/ul>\n<p>&nbsp;<\/p>\n<p>Compatto e pratico, il FOLIO \u00e8 un accessorio indispensabile per ogni climber che vuole allungare la vita della propria corda e migliorare l\u2019efficienza durante le uscite.<\/p>\n<p>&nbsp;<\/p>\n<p>Beal \u00e8 una azienda francese leader mondiale nella produzione di corde da montagna grazie ad un avanzato sviluppo tecnologico nel processo \u00a0di fabbricazione che gli \u00e8 valso il certificato Iso 9001. Sempre attenta alle esigenze degli arrampicatori, \u00e8 stata in grado di apportare dinamicit\u00e0 alla pratica dell&#8217;arrampicata grazie ad un&#8217;intensa attivit\u00e0 di ricerca.<\/p>","protected":false},"excerpt":{"rendered":"<p>Il BEAL FOLIO II \u00e8 la borsa porta corda ideale per proteggere la corda durante il trasporto e l\u2019utilizzo a [&hellip;]<\/p>\n","protected":false},"featured_media":214557,"comment_status":"open","ping_status":"closed","template":"","meta":{"_acf_changed":false},"product_brand":[84],"product_cat":[390,392],"product_tag":[462],"class_list":{"0":"post-828","1":"product","2":"type-product","3":"status-publish","4":"has-post-thumbnail","6":"product_brand-beal","7":"product_cat-zaini-e-borse-portacorda","8":"product_cat-borse-portacorda","9":"product_tag-borsa-portacorda","11":"first","12":"instock","13":"sale","14":"taxable","15":"shipping-taxable","16":"purchasable","17":"product-type-variable"},"acf":[],"yoast_head":"<!-- This site is optimized with the Yoast SEO plugin v26.4 - https:\/\/yoast.com\/wordpress\/plugins\/seo\/ -->\n<title>Beal Folio II borsa porta corda - Sestogrado<\/title>\n<meta name=\"description\" content=\"Il BEAL FOLIO II \u00e8 la borsa porta corda ideale per proteggere la corda durante il trasporto e l\u2019utilizzo a terra, mantenendola sempre pulita, ordinata e pronta all\u2019uso. Una volta aperto, offre un\u2019ampia superficie di 110 x 85 cm, perfetta per isolare la corda da polvere, terra e detriti, anche su terreni sporchi o abrasivi. Telo porta corda arrampicata, rope tarp climbing, telo corda falesia, protezione corda arrampicata, sacca corda arrampicata, porta corda climbing, telo anti sporco corda, accessori arrampicata corda, proteggi corda da terra.\" \/>\n<meta name=\"robots\" content=\"index, follow, max-snippet:-1, max-image-preview:large, max-video-preview:-1\" \/>\n<link rel=\"canonical\" href=\"https:\/\/www.sestogrado.it\/it\/prodotto\/beal-folio-borsa-porta-corda\/\" \/>\n<meta property=\"og:locale\" content=\"it_IT\" \/>\n<meta property=\"og:type\" content=\"article\" \/>\n<meta property=\"og:title\" content=\"Beal Folio II borsa porta corda - Sestogrado\" \/>\n<meta property=\"og:description\" content=\"Il BEAL FOLIO II \u00e8 la borsa porta corda ideale per proteggere la corda durante il trasporto e l\u2019utilizzo a terra, mantenendola sempre pulita, ordinata e pronta all\u2019uso. Una volta aperto, offre un\u2019ampia superficie di 110 x 85 cm, perfetta per isolare la corda da polvere, terra e detriti, anche su terreni sporchi o abrasivi. Telo porta corda arrampicata, rope tarp climbing, telo corda falesia, protezione corda arrampicata, sacca corda arrampicata, porta corda climbing, telo anti sporco corda, accessori arrampicata corda, proteggi corda da terra.\" \/>\n<meta property=\"og:url\" content=\"https:\/\/www.sestogrado.it\/it\/prodotto\/beal-folio-borsa-porta-corda\/\" \/>\n<meta property=\"og:site_name\" content=\"Sestogrado\" \/>\n<meta property=\"article:publisher\" content=\"https:\/\/www.facebook.com\/pages\/Sestogrado\/1542635979353017?ref=bookmarks\" \/>\n<meta property=\"article:modified_time\" content=\"2026-04-16T07:14:15+00:00\" \/>\n<meta property=\"og:image\" content=\"https:\/\/www.sestogrado.it\/wp-content\/uploads\/2023\/06\/viola.jpg\" \/>\n\t<meta property=\"og:image:width\" content=\"1500\" \/>\n\t<meta property=\"og:image:height\" content=\"1500\" \/>\n\t<meta property=\"og:image:type\" content=\"image\/jpeg\" \/>\n<meta name=\"twitter:label1\" content=\"Disponibilit\u00e0\" \/>\n\t<meta name=\"twitter:data1\" content=\"In stock\" \/>\n<script type=\"application\/ld+json\" class=\"yoast-schema-graph\">{\"@context\":\"https:\/\/schema.org\",\"@graph\":[{\"@type\":\"WebPage\",\"@id\":\"https:\/\/www.sestogrado.it\/it\/prodotto\/beal-folio-borsa-porta-corda\/\",\"url\":\"https:\/\/www.sestogrado.it\/it\/prodotto\/beal-folio-borsa-porta-corda\/\",\"name\":\"Beal Folio II borsa porta corda - Sestogrado\",\"isPartOf\":{\"@id\":\"https:\/\/www.sestogrado.it\/it\/#website\"},\"primaryImageOfPage\":{\"@id\":\"https:\/\/www.sestogrado.it\/it\/prodotto\/beal-folio-borsa-porta-corda\/#primaryimage\"},\"image\":{\"@id\":\"https:\/\/www.sestogrado.it\/prodotto\/beal-folio-borsa-porta-corda\/#primaryimage\"},\"thumbnailUrl\":\"https:\/\/www.sestogrado.it\/wp-content\/uploads\/2023\/06\/viola.jpg\",\"datePublished\":\"2023-06-19T13:46:55+00:00\",\"dateModified\":\"2026-04-16T07:14:15+00:00\",\"description\":\"Il BEAL FOLIO II \u00e8 la borsa porta corda ideale per proteggere la corda durante il trasporto e l\u2019utilizzo a terra, mantenendola sempre pulita, ordinata e pronta all\u2019uso. Una volta aperto, offre un\u2019ampia superficie di 110 x 85 cm, perfetta per isolare la corda da polvere, terra e detriti, anche su terreni sporchi o abrasivi. Telo porta corda arrampicata, rope tarp climbing, telo corda falesia, protezione corda arrampicata, sacca corda arrampicata, porta corda climbing, telo anti sporco corda, accessori arrampicata corda, proteggi corda da terra.\",\"breadcrumb\":{\"@id\":\"https:\/\/www.sestogrado.it\/it\/prodotto\/beal-folio-borsa-porta-corda\/#breadcrumb\"},\"inLanguage\":\"it-IT\",\"potentialAction\":[{\"@type\":\"ReadAction\",\"target\":[[\"https:\/\/www.sestogrado.it\/it\/prodotto\/beal-folio-borsa-porta-corda\/\"]]}]},{\"@type\":\"ImageObject\",\"inLanguage\":\"it-IT\",\"@id\":\"https:\/\/www.sestogrado.it\/it\/prodotto\/beal-folio-borsa-porta-corda\/#primaryimage\",\"url\":\"https:\/\/www.sestogrado.it\/wp-content\/uploads\/2023\/06\/viola.jpg\",\"contentUrl\":\"https:\/\/www.sestogrado.it\/wp-content\/uploads\/2023\/06\/viola.jpg\",\"width\":1500,\"height\":1500,\"caption\":\"folio viola\"},{\"@type\":\"BreadcrumbList\",\"@id\":\"https:\/\/www.sestogrado.it\/it\/prodotto\/beal-folio-borsa-porta-corda\/#breadcrumb\",\"itemListElement\":[{\"@type\":\"ListItem\",\"position\":1,\"name\":\"Home\",\"item\":\"https:\/\/www.sestogrado.it\/it\/\"},{\"@type\":\"ListItem\",\"position\":2,\"name\":\"Shop\",\"item\":\"https:\/\/www.sestogrado.it\/it\/shop\/\"},{\"@type\":\"ListItem\",\"position\":3,\"name\":\"Beal Folio II borsa porta corda\"}]},{\"@type\":\"WebSite\",\"@id\":\"https:\/\/www.sestogrado.it\/it\/#website\",\"url\":\"https:\/\/www.sestogrado.it\/it\/\",\"name\":\"Sestogrado\",\"description\":\"yes we climb\",\"publisher\":{\"@id\":\"https:\/\/www.sestogrado.it\/it\/#organization\"},\"potentialAction\":[{\"@type\":\"SearchAction\",\"target\":{\"@type\":\"EntryPoint\",\"urlTemplate\":\"https:\/\/www.sestogrado.it\/it\/?s={search_term_string}\"},\"query-input\":{\"@type\":\"PropertyValueSpecification\",\"valueRequired\":true,\"valueName\":\"search_term_string\"}}],\"inLanguage\":\"it-IT\"},{\"@type\":\"Organization\",\"@id\":\"https:\/\/www.sestogrado.it\/it\/#organization\",\"name\":\"Sestogrado\",\"url\":\"https:\/\/www.sestogrado.it\/it\/\",\"logo\":{\"@type\":\"ImageObject\",\"inLanguage\":\"it-IT\",\"@id\":\"https:\/\/www.sestogrado.it\/it\/#\/schema\/logo\/image\/\",\"url\":\"https:\/\/www.sestogrado.it\/wp-content\/uploads\/2015\/03\/sestogrado-favicon.png\",\"contentUrl\":\"https:\/\/www.sestogrado.it\/wp-content\/uploads\/2015\/03\/sestogrado-favicon.png\",\"width\":260,\"height\":260,\"caption\":\"Sestogrado\"},\"image\":{\"@id\":\"https:\/\/www.sestogrado.it\/it\/#\/schema\/logo\/image\/\"},\"sameAs\":[\"https:\/\/www.facebook.com\/pages\/Sestogrado\/1542635979353017?ref=bookmarks\",\"https:\/\/www.youtube.com\/channel\/UC847kAfTkaJsWpc1jtQwr3Q\"],\"hasMerchantReturnPolicy\":{\"@type\":\"MerchantReturnPolicy\",\"merchantReturnLink\":\"https:\/\/www.sestogrado.it\/it\/termini-e-condizioni\/\"}}]}<\/script>\n<meta property=\"product:brand\" content=\"Beal\" \/>\n<meta property=\"og:availability\" content=\"instock\" \/>\n<meta property=\"product:availability\" content=\"instock\" \/>\n<meta property=\"product:condition\" content=\"new\" \/>\n<!-- \/ Yoast SEO plugin. -->","yoast_head_json":{"title":"Beal Folio II borsa porta corda - Sestogrado","description":"Il BEAL FOLIO II \u00e8 la borsa porta corda ideale per proteggere la corda durante il trasporto e l\u2019utilizzo a terra, mantenendola sempre pulita, ordinata e pronta all\u2019uso. Una volta aperto, offre un\u2019ampia superficie di 110 x 85 cm, perfetta per isolare la corda da polvere, terra e detriti, anche su terreni sporchi o abrasivi. Telo porta corda arrampicata, rope tarp climbing, telo corda falesia, protezione corda arrampicata, sacca corda arrampicata, porta corda climbing, telo anti sporco corda, accessori arrampicata corda, proteggi corda da terra.","robots":{"index":"index","follow":"follow","max-snippet":"max-snippet:-1","max-image-preview":"max-image-preview:large","max-video-preview":"max-video-preview:-1"},"canonical":"https:\/\/www.sestogrado.it\/it\/prodotto\/beal-folio-borsa-porta-corda\/","og_locale":"it_IT","og_type":"article","og_title":"Beal Folio II borsa porta corda - Sestogrado","og_description":"Il BEAL FOLIO II \u00e8 la borsa porta corda ideale per proteggere la corda durante il trasporto e l\u2019utilizzo a terra, mantenendola sempre pulita, ordinata e pronta all\u2019uso. Una volta aperto, offre un\u2019ampia superficie di 110 x 85 cm, perfetta per isolare la corda da polvere, terra e detriti, anche su terreni sporchi o abrasivi. Telo porta corda arrampicata, rope tarp climbing, telo corda falesia, protezione corda arrampicata, sacca corda arrampicata, porta corda climbing, telo anti sporco corda, accessori arrampicata corda, proteggi corda da terra.","og_url":"https:\/\/www.sestogrado.it\/it\/prodotto\/beal-folio-borsa-porta-corda\/","og_site_name":"Sestogrado","article_publisher":"https:\/\/www.facebook.com\/pages\/Sestogrado\/1542635979353017?ref=bookmarks","article_modified_time":"2026-04-16T07:14:15+00:00","og_image":[{"width":1500,"height":1500,"url":"https:\/\/www.sestogrado.it\/wp-content\/uploads\/2023\/06\/viola.jpg","type":"image\/jpeg"}],"twitter_misc":{"Disponibilit\u00e0":"In stock"},"schema":{"@context":"https:\/\/schema.org","@graph":[{"@type":"WebPage","@id":"https:\/\/www.sestogrado.it\/it\/prodotto\/beal-folio-borsa-porta-corda\/","url":"https:\/\/www.sestogrado.it\/it\/prodotto\/beal-folio-borsa-porta-corda\/","name":"Beal Folio II borsa porta corda - Sestogrado","isPartOf":{"@id":"https:\/\/www.sestogrado.it\/it\/#website"},"primaryImageOfPage":{"@id":"https:\/\/www.sestogrado.it\/it\/prodotto\/beal-folio-borsa-porta-corda\/#primaryimage"},"image":{"@id":"https:\/\/www.sestogrado.it\/prodotto\/beal-folio-borsa-porta-corda\/#primaryimage"},"thumbnailUrl":"https:\/\/www.sestogrado.it\/wp-content\/uploads\/2023\/06\/viola.jpg","datePublished":"2023-06-19T13:46:55+00:00","dateModified":"2026-04-16T07:14:15+00:00","description":"Il BEAL FOLIO II \u00e8 la borsa porta corda ideale per proteggere la corda durante il trasporto e l\u2019utilizzo a terra, mantenendola sempre pulita, ordinata e pronta all\u2019uso. Una volta aperto, offre un\u2019ampia superficie di 110 x 85 cm, perfetta per isolare la corda da polvere, terra e detriti, anche su terreni sporchi o abrasivi. Telo porta corda arrampicata, rope tarp climbing, telo corda falesia, protezione corda arrampicata, sacca corda arrampicata, porta corda climbing, telo anti sporco corda, accessori arrampicata corda, proteggi corda da terra.","breadcrumb":{"@id":"https:\/\/www.sestogrado.it\/it\/prodotto\/beal-folio-borsa-porta-corda\/#breadcrumb"},"inLanguage":"it-IT","potentialAction":[{"@type":"ReadAction","target":[["https:\/\/www.sestogrado.it\/it\/prodotto\/beal-folio-borsa-porta-corda\/"]]}]},{"@type":"ImageObject","inLanguage":"it-IT","@id":"https:\/\/www.sestogrado.it\/it\/prodotto\/beal-folio-borsa-porta-corda\/#primaryimage","url":"https:\/\/www.sestogrado.it\/wp-content\/uploads\/2023\/06\/viola.jpg","contentUrl":"https:\/\/www.sestogrado.it\/wp-content\/uploads\/2023\/06\/viola.jpg","width":1500,"height":1500,"caption":"folio viola"},{"@type":"BreadcrumbList","@id":"https:\/\/www.sestogrado.it\/it\/prodotto\/beal-folio-borsa-porta-corda\/#breadcrumb","itemListElement":[{"@type":"ListItem","position":1,"name":"Home","item":"https:\/\/www.sestogrado.it\/it\/"},{"@type":"ListItem","position":2,"name":"Shop","item":"https:\/\/www.sestogrado.it\/it\/shop\/"},{"@type":"ListItem","position":3,"name":"Beal Folio II borsa porta corda"}]},{"@type":"WebSite","@id":"https:\/\/www.sestogrado.it\/it\/#website","url":"https:\/\/www.sestogrado.it\/it\/","name":"Sestogrado","description":"yes we climb","publisher":{"@id":"https:\/\/www.sestogrado.it\/it\/#organization"},"potentialAction":[{"@type":"SearchAction","target":{"@type":"EntryPoint","urlTemplate":"https:\/\/www.sestogrado.it\/it\/?s={search_term_string}"},"query-input":{"@type":"PropertyValueSpecification","valueRequired":true,"valueName":"search_term_string"}}],"inLanguage":"it-IT"},{"@type":"Organization","@id":"https:\/\/www.sestogrado.it\/it\/#organization","name":"Sestogrado","url":"https:\/\/www.sestogrado.it\/it\/","logo":{"@type":"ImageObject","inLanguage":"it-IT","@id":"https:\/\/www.sestogrado.it\/it\/#\/schema\/logo\/image\/","url":"https:\/\/www.sestogrado.it\/wp-content\/uploads\/2015\/03\/sestogrado-favicon.png","contentUrl":"https:\/\/www.sestogrado.it\/wp-content\/uploads\/2015\/03\/sestogrado-favicon.png","width":260,"height":260,"caption":"Sestogrado"},"image":{"@id":"https:\/\/www.sestogrado.it\/it\/#\/schema\/logo\/image\/"},"sameAs":["https:\/\/www.facebook.com\/pages\/Sestogrado\/1542635979353017?ref=bookmarks","https:\/\/www.youtube.com\/channel\/UC847kAfTkaJsWpc1jtQwr3Q"],"hasMerchantReturnPolicy":{"@type":"MerchantReturnPolicy","merchantReturnLink":"https:\/\/www.sestogrado.it\/it\/termini-e-condizioni\/"}}]},"product_brand":"Beal","og_availability":"instock","product_availability":"instock","product_condition":"new"},"_links":{"self":[{"href":"https:\/\/www.sestogrado.it\/it\/wp-json\/wp\/v2\/product\/828","targetHints":{"allow":["GET"]}}],"collection":[{"href":"https:\/\/www.sestogrado.it\/it\/wp-json\/wp\/v2\/product"}],"about":[{"href":"https:\/\/www.sestogrado.it\/it\/wp-json\/wp\/v2\/types\/product"}],"replies":[{"embeddable":true,"href":"https:\/\/www.sestogrado.it\/it\/wp-json\/wp\/v2\/comments?post=828"}],"wp:featuredmedia":[{"embeddable":true,"href":"https:\/\/www.sestogrado.it\/it\/wp-json\/wp\/v2\/media\/214557"}],"wp:attachment":[{"href":"https:\/\/www.sestogrado.it\/it\/wp-json\/wp\/v2\/media?parent=828"}],"wp:term":[{"taxonomy":"product_brand","embeddable":true,"href":"https:\/\/www.sestogrado.it\/it\/wp-json\/wp\/v2\/product_brand?post=828"},{"taxonomy":"product_cat","embeddable":true,"href":"https:\/\/www.sestogrado.it\/it\/wp-json\/wp\/v2\/product_cat?post=828"},{"taxonomy":"product_tag","embeddable":true,"href":"https:\/\/www.sestogrado.it\/it\/wp-json\/wp\/v2\/product_tag?post=828"}],"curies":[{"name":"wp","href":"https:\/\/api.w.org\/{rel}","templated":true}]}}