{"id":81681,"date":"2021-09-27T12:33:54","date_gmt":"2021-09-27T10:33:54","guid":{"rendered":"https:\/\/www.sestogrado.it\/?post_type=product&#038;p=81681"},"modified":"2022-12-18T20:14:40","modified_gmt":"2022-12-18T19:14:40","slug":"tsl-325-initial-ciaspole-racchette-da-neve","status":"publish","type":"product","link":"https:\/\/www.sestogrado.it\/it\/prodotto\/tsl-325-initial-ciaspole-racchette-da-neve\/","title":{"rendered":"TSL 325 Initial ciaspole racchette da neve"},"content":{"rendered":"<p>Le TSL 325 Initial sono le calssiche ciaspole da neve TSL, polivalenti, facili da utilizzare, ideali per un utilizzatore con peso compreso tra 50 e 120kg.<\/p>\n<ul>\n<li>Forma a clessidra : agevola il passo durante la camminata<\/li>\n<li>Design 3D : Massima trazione sotto il piede in salita e nei traversi<\/li>\n<li>Lock Adjustment : Facili da usare, queste regolazioni permettono di memorizzare il vostro numero di scarpone per le uscite successive<\/li>\n<li>\n<div id=\"_mcePaste\" class=\"mcePaste\">BOA\u00ae Fit System : DIAL IN PER UN FIT PRECISO, VELOCE E SENZA SFORZO.<\/div>\n<div id=\"_mcePaste\" class=\"mcePaste\">&#8211; AGILIT\u00c0 E VELOCIT\u00c0 : BOA\u00ae Fit System consente cambi direzionali pi\u00f9 veloci e pi\u00f9 potenti attraverso una connessione tra attrezzatura e corpo senza soluzione di continuit\u00e0.<\/div>\n<div id=\"_mcePaste\" class=\"mcePaste\">&#8211; POTENZA E PRECISIONE : Potenza senza compromettere la precisione, il BOA\u00ae Fit System offre un\u2019azione pi\u00f9 esplosiva e un\u2019accuratezza senza pari.<\/div>\n<\/li>\n<li>Lateral Adjust : la comodit\u00e0 \u00e8 adeguata grazie alla regolazione laterale che permette d\u2019integrare tutte le larghezze degli scarponi per un\u2019avvolgimento ottimale del piede.<\/li>\n<li>Chiusura della talloniera per mezzo del sistema a cremagliera per una calzata rapida e sicura<\/li>\n<li>Pad di comfort in doppio material<\/li>\n<li>Ammortizzatore<\/li>\n<li>Dispositivo di bloccaggio : solo per il trasporto e lo stoccaggio delle racchette<\/li>\n<li>Alzatacco : facilita la camminata durante le lunghe salite e riduce l\u2019affaticamento muscolare del polpaccio<\/li>\n<li>Colore: rosso Kaki<\/li>\n<\/ul>\n<p>&nbsp;<\/p>\n<p><iframe src=\"\/\/www.youtube.com\/embed\/d-RghlE72eg\" width=\"560\" height=\"314\" allowfullscreen=\"allowfullscreen\"><\/iframe><\/p>\n<p>&nbsp;<\/p>\n<p>TSL \u00e8 leader di mercato nella produzione di racchette da neve. A partire dal 1981, nel cuore delle Alpi francesi a Th\u00f4nes, TSL realizza ciaspole da neve ad attacco articolato che combinano comfort, tecnicit\u00e0, design e buona tenuta del piede. Grazie ai costanti miglioramenti tecnici di TSL (Step-In, Up &amp; Down System, alzatacchi di salita\u2026) che permettono di affrontare terreni di ogni tipo, le racchette da neve TSL attraversano le frontiere per essere esportate in tutto il mondo.<\/p>","protected":false},"excerpt":{"rendered":"<p>Le TSL 325 Initial sono le calssiche ciaspole da neve TSL, polivalenti, facili da utilizzare, ideali per un utilizzatore con [&hellip;]<\/p>\n","protected":false},"featured_media":113204,"comment_status":"open","ping_status":"closed","template":"","meta":{"_acf_changed":false},"product_brand":[886],"product_cat":[711],"product_tag":[],"class_list":{"0":"post-81681","1":"product","2":"type-product","3":"status-publish","4":"has-post-thumbnail","6":"product_brand-tsl","7":"product_cat-ciaspole-e-ghette","9":"first","10":"outofstock","11":"sale","12":"taxable","13":"shipping-taxable","14":"purchasable","15":"product-type-simple"},"acf":[],"yoast_head":"<!-- This site is optimized with the Yoast SEO plugin v26.4 - https:\/\/yoast.com\/wordpress\/plugins\/seo\/ -->\n<title>TSL 325 Initial ciaspole racchette da neve - Sestogrado<\/title>\n<meta name=\"description\" content=\"Le TSL 325 Initial sono le calssiche ciaspole da neve TSL, polivalenti, facili da utilizzare, ideali per un utilizzatore con peso compreso tra 50 e 120kg.Forma a clessidra : agevola il passo durante la camminataDesign 3D : Massima trazione sotto il piede in salita e nei traversiLock Adjustment : Facili da usare, queste regolazioni permettono di memorizzare il vostro numero di scarpone per le uscite successiveBOA\u00ae Fit System : DIAL IN PER UN FIT PRECISO, VELOCE E SENZA SFORZO.- AGILIT\u00c0 E VELOCIT\u00c0 : BOA\u00ae Fit System consente cambi direzionali pi\u00f9 veloci e pi\u00f9 potenti attraverso una connessione tra attrezzatura e corpo senza soluzione di continuit\u00e0.- POTENZA E PRECISIONE : Potenza senza compromettere la precisione, il BOA\u00ae Fit System offre un\u2019azione pi\u00f9 esplosiva e un\u2019accuratezza senza pari.Lateral Adjust : la comodit\u00e0 \u00e8 adeguata grazie alla regolazione laterale che permette d\u2019integrare tutte le larghezze degli scarponi per un\u2019avvolgimento ottimale del piede.Chiusura della talloniera per mezzo del sistema a cremagliera per una calzata rapida e sicuraPad di comfort in doppio materialAmmortizzatoreDispositivo di bloccaggio : solo per il trasporto e lo stoccaggio delle racchetteAlzatacco : facilita la camminata durante le lunghe salite e riduce l\u2019affaticamento muscolare del polpaccioColore: rosso Paprika\" \/>\n<meta name=\"robots\" content=\"index, follow, max-snippet:-1, max-image-preview:large, max-video-preview:-1\" \/>\n<link rel=\"canonical\" href=\"https:\/\/www.sestogrado.it\/it\/prodotto\/tsl-325-initial-ciaspole-racchette-da-neve\/\" \/>\n<meta property=\"og:locale\" content=\"it_IT\" \/>\n<meta property=\"og:type\" content=\"article\" \/>\n<meta property=\"og:title\" content=\"TSL 325 Initial ciaspole racchette da neve - Sestogrado\" \/>\n<meta property=\"og:description\" content=\"Le TSL 325 Initial sono le calssiche ciaspole da neve TSL, polivalenti, facili da utilizzare, ideali per un utilizzatore con peso compreso tra 50 e 120kg.Forma a clessidra : agevola il passo durante la camminataDesign 3D : Massima trazione sotto il piede in salita e nei traversiLock Adjustment : Facili da usare, queste regolazioni permettono di memorizzare il vostro numero di scarpone per le uscite successiveBOA\u00ae Fit System : DIAL IN PER UN FIT PRECISO, VELOCE E SENZA SFORZO.- AGILIT\u00c0 E VELOCIT\u00c0 : BOA\u00ae Fit System consente cambi direzionali pi\u00f9 veloci e pi\u00f9 potenti attraverso una connessione tra attrezzatura e corpo senza soluzione di continuit\u00e0.- POTENZA E PRECISIONE : Potenza senza compromettere la precisione, il BOA\u00ae Fit System offre un\u2019azione pi\u00f9 esplosiva e un\u2019accuratezza senza pari.Lateral Adjust : la comodit\u00e0 \u00e8 adeguata grazie alla regolazione laterale che permette d\u2019integrare tutte le larghezze degli scarponi per un\u2019avvolgimento ottimale del piede.Chiusura della talloniera per mezzo del sistema a cremagliera per una calzata rapida e sicuraPad di comfort in doppio materialAmmortizzatoreDispositivo di bloccaggio : solo per il trasporto e lo stoccaggio delle racchetteAlzatacco : facilita la camminata durante le lunghe salite e riduce l\u2019affaticamento muscolare del polpaccioColore: rosso Paprika\" \/>\n<meta property=\"og:url\" content=\"https:\/\/www.sestogrado.it\/it\/prodotto\/tsl-325-initial-ciaspole-racchette-da-neve\/\" \/>\n<meta property=\"og:site_name\" content=\"Sestogrado\" \/>\n<meta property=\"article:publisher\" content=\"https:\/\/www.facebook.com\/pages\/Sestogrado\/1542635979353017?ref=bookmarks\" \/>\n<meta property=\"article:modified_time\" content=\"2022-12-18T19:14:40+00:00\" \/>\n<meta property=\"og:image\" content=\"https:\/\/www.sestogrado.it\/wp-content\/uploads\/2021\/09\/02-8.jpg\" \/>\n\t<meta property=\"og:image:width\" content=\"1000\" \/>\n\t<meta property=\"og:image:height\" content=\"999\" \/>\n\t<meta property=\"og:image:type\" content=\"image\/jpeg\" \/>\n<meta name=\"twitter:label1\" content=\"Prezzo\" \/>\n\t<meta name=\"twitter:data1\" content=\"&euro;&nbsp;149,00\" \/>\n\t<meta name=\"twitter:label2\" content=\"Disponibilit\u00e0\" \/>\n\t<meta name=\"twitter:data2\" content=\"Esaurito\" \/>\n<script type=\"application\/ld+json\" class=\"yoast-schema-graph\">{\"@context\":\"https:\/\/schema.org\",\"@graph\":[{\"@type\":\"WebPage\",\"@id\":\"https:\/\/www.sestogrado.it\/it\/prodotto\/tsl-325-initial-ciaspole-racchette-da-neve\/\",\"url\":\"https:\/\/www.sestogrado.it\/it\/prodotto\/tsl-325-initial-ciaspole-racchette-da-neve\/\",\"name\":\"TSL 325 Initial ciaspole racchette da neve - Sestogrado\",\"isPartOf\":{\"@id\":\"https:\/\/www.sestogrado.it\/it\/#website\"},\"primaryImageOfPage\":{\"@id\":\"https:\/\/www.sestogrado.it\/it\/prodotto\/tsl-325-initial-ciaspole-racchette-da-neve\/#primaryimage\"},\"image\":{\"@id\":\"https:\/\/www.sestogrado.it\/prodotto\/tsl-325-initial-ciaspole-racchette-da-neve\/#primaryimage\"},\"thumbnailUrl\":\"https:\/\/www.sestogrado.it\/wp-content\/uploads\/2021\/09\/02-8.jpg\",\"datePublished\":\"2021-09-27T10:33:54+00:00\",\"dateModified\":\"2022-12-18T19:14:40+00:00\",\"description\":\"Le TSL 325 Initial sono le calssiche ciaspole da neve TSL, polivalenti, facili da utilizzare, ideali per un utilizzatore con peso compreso tra 50 e 120kg.Forma a clessidra : agevola il passo durante la camminataDesign 3D : Massima trazione sotto il piede in salita e nei traversiLock Adjustment : Facili da usare, queste regolazioni permettono di memorizzare il vostro numero di scarpone per le uscite successiveBOA\u00ae Fit System : DIAL IN PER UN FIT PRECISO, VELOCE E SENZA SFORZO.- AGILIT\u00c0 E VELOCIT\u00c0 : BOA\u00ae Fit System consente cambi direzionali pi\u00f9 veloci e pi\u00f9 potenti attraverso una connessione tra attrezzatura e corpo senza soluzione di continuit\u00e0.- POTENZA E PRECISIONE : Potenza senza compromettere la precisione, il BOA\u00ae Fit System offre un\u2019azione pi\u00f9 esplosiva e un\u2019accuratezza senza pari.Lateral Adjust : la comodit\u00e0 \u00e8 adeguata grazie alla regolazione laterale che permette d\u2019integrare tutte le larghezze degli scarponi per un\u2019avvolgimento ottimale del piede.Chiusura della talloniera per mezzo del sistema a cremagliera per una calzata rapida e sicuraPad di comfort in doppio materialAmmortizzatoreDispositivo di bloccaggio : solo per il trasporto e lo stoccaggio delle racchetteAlzatacco : facilita la camminata durante le lunghe salite e riduce l\u2019affaticamento muscolare del polpaccioColore: rosso Paprika\",\"breadcrumb\":{\"@id\":\"https:\/\/www.sestogrado.it\/it\/prodotto\/tsl-325-initial-ciaspole-racchette-da-neve\/#breadcrumb\"},\"inLanguage\":\"it-IT\",\"potentialAction\":[{\"@type\":\"ReadAction\",\"target\":[[\"https:\/\/www.sestogrado.it\/it\/prodotto\/tsl-325-initial-ciaspole-racchette-da-neve\/\"]]}]},{\"@type\":\"ImageObject\",\"inLanguage\":\"it-IT\",\"@id\":\"https:\/\/www.sestogrado.it\/it\/prodotto\/tsl-325-initial-ciaspole-racchette-da-neve\/#primaryimage\",\"url\":\"https:\/\/www.sestogrado.it\/wp-content\/uploads\/2021\/09\/02-8.jpg\",\"contentUrl\":\"https:\/\/www.sestogrado.it\/wp-content\/uploads\/2021\/09\/02-8.jpg\",\"width\":1000,\"height\":999,\"caption\":\"tsl initial 325\"},{\"@type\":\"BreadcrumbList\",\"@id\":\"https:\/\/www.sestogrado.it\/it\/prodotto\/tsl-325-initial-ciaspole-racchette-da-neve\/#breadcrumb\",\"itemListElement\":[{\"@type\":\"ListItem\",\"position\":1,\"name\":\"Home\",\"item\":\"https:\/\/www.sestogrado.it\/it\/\"},{\"@type\":\"ListItem\",\"position\":2,\"name\":\"Shop\",\"item\":\"https:\/\/www.sestogrado.it\/it\/shop\/\"},{\"@type\":\"ListItem\",\"position\":3,\"name\":\"TSL 325 Initial ciaspole racchette da neve\"}]},{\"@type\":\"WebSite\",\"@id\":\"https:\/\/www.sestogrado.it\/it\/#website\",\"url\":\"https:\/\/www.sestogrado.it\/it\/\",\"name\":\"Sestogrado\",\"description\":\"yes we climb\",\"publisher\":{\"@id\":\"https:\/\/www.sestogrado.it\/it\/#organization\"},\"potentialAction\":[{\"@type\":\"SearchAction\",\"target\":{\"@type\":\"EntryPoint\",\"urlTemplate\":\"https:\/\/www.sestogrado.it\/it\/?s={search_term_string}\"},\"query-input\":{\"@type\":\"PropertyValueSpecification\",\"valueRequired\":true,\"valueName\":\"search_term_string\"}}],\"inLanguage\":\"it-IT\"},{\"@type\":\"Organization\",\"@id\":\"https:\/\/www.sestogrado.it\/it\/#organization\",\"name\":\"Sestogrado\",\"url\":\"https:\/\/www.sestogrado.it\/it\/\",\"logo\":{\"@type\":\"ImageObject\",\"inLanguage\":\"it-IT\",\"@id\":\"https:\/\/www.sestogrado.it\/it\/#\/schema\/logo\/image\/\",\"url\":\"https:\/\/www.sestogrado.it\/wp-content\/uploads\/2015\/03\/sestogrado-favicon.png\",\"contentUrl\":\"https:\/\/www.sestogrado.it\/wp-content\/uploads\/2015\/03\/sestogrado-favicon.png\",\"width\":260,\"height\":260,\"caption\":\"Sestogrado\"},\"image\":{\"@id\":\"https:\/\/www.sestogrado.it\/it\/#\/schema\/logo\/image\/\"},\"sameAs\":[\"https:\/\/www.facebook.com\/pages\/Sestogrado\/1542635979353017?ref=bookmarks\",\"https:\/\/www.youtube.com\/channel\/UC847kAfTkaJsWpc1jtQwr3Q\"],\"hasMerchantReturnPolicy\":{\"@type\":\"MerchantReturnPolicy\",\"merchantReturnLink\":\"https:\/\/www.sestogrado.it\/it\/termini-e-condizioni\/\"}}]}<\/script>\n<meta property=\"product:brand\" content=\"TSL\" \/>\n<meta property=\"product:price:amount\" content=\"149.00\" \/>\n<meta property=\"product:price:currency\" content=\"EUR\" \/>\n<meta property=\"og:availability\" content=\"out of stock\" \/>\n<meta property=\"product:availability\" content=\"out of stock\" \/>\n<meta property=\"product:condition\" content=\"new\" \/>\n<!-- \/ Yoast SEO plugin. -->","yoast_head_json":{"title":"TSL 325 Initial ciaspole racchette da neve - Sestogrado","description":"Le TSL 325 Initial sono le calssiche ciaspole da neve TSL, polivalenti, facili da utilizzare, ideali per un utilizzatore con peso compreso tra 50 e 120kg.Forma a clessidra : agevola il passo durante la camminataDesign 3D : Massima trazione sotto il piede in salita e nei traversiLock Adjustment : Facili da usare, queste regolazioni permettono di memorizzare il vostro numero di scarpone per le uscite successiveBOA\u00ae Fit System : DIAL IN PER UN FIT PRECISO, VELOCE E SENZA SFORZO.- AGILIT\u00c0 E VELOCIT\u00c0 : BOA\u00ae Fit System consente cambi direzionali pi\u00f9 veloci e pi\u00f9 potenti attraverso una connessione tra attrezzatura e corpo senza soluzione di continuit\u00e0.- POTENZA E PRECISIONE : Potenza senza compromettere la precisione, il BOA\u00ae Fit System offre un\u2019azione pi\u00f9 esplosiva e un\u2019accuratezza senza pari.Lateral Adjust : la comodit\u00e0 \u00e8 adeguata grazie alla regolazione laterale che permette d\u2019integrare tutte le larghezze degli scarponi per un\u2019avvolgimento ottimale del piede.Chiusura della talloniera per mezzo del sistema a cremagliera per una calzata rapida e sicuraPad di comfort in doppio materialAmmortizzatoreDispositivo di bloccaggio : solo per il trasporto e lo stoccaggio delle racchetteAlzatacco : facilita la camminata durante le lunghe salite e riduce l\u2019affaticamento muscolare del polpaccioColore: rosso Paprika","robots":{"index":"index","follow":"follow","max-snippet":"max-snippet:-1","max-image-preview":"max-image-preview:large","max-video-preview":"max-video-preview:-1"},"canonical":"https:\/\/www.sestogrado.it\/it\/prodotto\/tsl-325-initial-ciaspole-racchette-da-neve\/","og_locale":"it_IT","og_type":"article","og_title":"TSL 325 Initial ciaspole racchette da neve - Sestogrado","og_description":"Le TSL 325 Initial sono le calssiche ciaspole da neve TSL, polivalenti, facili da utilizzare, ideali per un utilizzatore con peso compreso tra 50 e 120kg.Forma a clessidra : agevola il passo durante la camminataDesign 3D : Massima trazione sotto il piede in salita e nei traversiLock Adjustment : Facili da usare, queste regolazioni permettono di memorizzare il vostro numero di scarpone per le uscite successiveBOA\u00ae Fit System : DIAL IN PER UN FIT PRECISO, VELOCE E SENZA SFORZO.- AGILIT\u00c0 E VELOCIT\u00c0 : BOA\u00ae Fit System consente cambi direzionali pi\u00f9 veloci e pi\u00f9 potenti attraverso una connessione tra attrezzatura e corpo senza soluzione di continuit\u00e0.- POTENZA E PRECISIONE : Potenza senza compromettere la precisione, il BOA\u00ae Fit System offre un\u2019azione pi\u00f9 esplosiva e un\u2019accuratezza senza pari.Lateral Adjust : la comodit\u00e0 \u00e8 adeguata grazie alla regolazione laterale che permette d\u2019integrare tutte le larghezze degli scarponi per un\u2019avvolgimento ottimale del piede.Chiusura della talloniera per mezzo del sistema a cremagliera per una calzata rapida e sicuraPad di comfort in doppio materialAmmortizzatoreDispositivo di bloccaggio : solo per il trasporto e lo stoccaggio delle racchetteAlzatacco : facilita la camminata durante le lunghe salite e riduce l\u2019affaticamento muscolare del polpaccioColore: rosso Paprika","og_url":"https:\/\/www.sestogrado.it\/it\/prodotto\/tsl-325-initial-ciaspole-racchette-da-neve\/","og_site_name":"Sestogrado","article_publisher":"https:\/\/www.facebook.com\/pages\/Sestogrado\/1542635979353017?ref=bookmarks","article_modified_time":"2022-12-18T19:14:40+00:00","og_image":[{"width":1000,"height":999,"url":"https:\/\/www.sestogrado.it\/wp-content\/uploads\/2021\/09\/02-8.jpg","type":"image\/jpeg"}],"twitter_misc":{"Prezzo":"&euro;&nbsp;149,00","Disponibilit\u00e0":"Esaurito"},"schema":{"@context":"https:\/\/schema.org","@graph":[{"@type":"WebPage","@id":"https:\/\/www.sestogrado.it\/it\/prodotto\/tsl-325-initial-ciaspole-racchette-da-neve\/","url":"https:\/\/www.sestogrado.it\/it\/prodotto\/tsl-325-initial-ciaspole-racchette-da-neve\/","name":"TSL 325 Initial ciaspole racchette da neve - Sestogrado","isPartOf":{"@id":"https:\/\/www.sestogrado.it\/it\/#website"},"primaryImageOfPage":{"@id":"https:\/\/www.sestogrado.it\/it\/prodotto\/tsl-325-initial-ciaspole-racchette-da-neve\/#primaryimage"},"image":{"@id":"https:\/\/www.sestogrado.it\/prodotto\/tsl-325-initial-ciaspole-racchette-da-neve\/#primaryimage"},"thumbnailUrl":"https:\/\/www.sestogrado.it\/wp-content\/uploads\/2021\/09\/02-8.jpg","datePublished":"2021-09-27T10:33:54+00:00","dateModified":"2022-12-18T19:14:40+00:00","description":"Le TSL 325 Initial sono le calssiche ciaspole da neve TSL, polivalenti, facili da utilizzare, ideali per un utilizzatore con peso compreso tra 50 e 120kg.Forma a clessidra : agevola il passo durante la camminataDesign 3D : Massima trazione sotto il piede in salita e nei traversiLock Adjustment : Facili da usare, queste regolazioni permettono di memorizzare il vostro numero di scarpone per le uscite successiveBOA\u00ae Fit System : DIAL IN PER UN FIT PRECISO, VELOCE E SENZA SFORZO.- AGILIT\u00c0 E VELOCIT\u00c0 : BOA\u00ae Fit System consente cambi direzionali pi\u00f9 veloci e pi\u00f9 potenti attraverso una connessione tra attrezzatura e corpo senza soluzione di continuit\u00e0.- POTENZA E PRECISIONE : Potenza senza compromettere la precisione, il BOA\u00ae Fit System offre un\u2019azione pi\u00f9 esplosiva e un\u2019accuratezza senza pari.Lateral Adjust : la comodit\u00e0 \u00e8 adeguata grazie alla regolazione laterale che permette d\u2019integrare tutte le larghezze degli scarponi per un\u2019avvolgimento ottimale del piede.Chiusura della talloniera per mezzo del sistema a cremagliera per una calzata rapida e sicuraPad di comfort in doppio materialAmmortizzatoreDispositivo di bloccaggio : solo per il trasporto e lo stoccaggio delle racchetteAlzatacco : facilita la camminata durante le lunghe salite e riduce l\u2019affaticamento muscolare del polpaccioColore: rosso Paprika","breadcrumb":{"@id":"https:\/\/www.sestogrado.it\/it\/prodotto\/tsl-325-initial-ciaspole-racchette-da-neve\/#breadcrumb"},"inLanguage":"it-IT","potentialAction":[{"@type":"ReadAction","target":[["https:\/\/www.sestogrado.it\/it\/prodotto\/tsl-325-initial-ciaspole-racchette-da-neve\/"]]}]},{"@type":"ImageObject","inLanguage":"it-IT","@id":"https:\/\/www.sestogrado.it\/it\/prodotto\/tsl-325-initial-ciaspole-racchette-da-neve\/#primaryimage","url":"https:\/\/www.sestogrado.it\/wp-content\/uploads\/2021\/09\/02-8.jpg","contentUrl":"https:\/\/www.sestogrado.it\/wp-content\/uploads\/2021\/09\/02-8.jpg","width":1000,"height":999,"caption":"tsl initial 325"},{"@type":"BreadcrumbList","@id":"https:\/\/www.sestogrado.it\/it\/prodotto\/tsl-325-initial-ciaspole-racchette-da-neve\/#breadcrumb","itemListElement":[{"@type":"ListItem","position":1,"name":"Home","item":"https:\/\/www.sestogrado.it\/it\/"},{"@type":"ListItem","position":2,"name":"Shop","item":"https:\/\/www.sestogrado.it\/it\/shop\/"},{"@type":"ListItem","position":3,"name":"TSL 325 Initial ciaspole racchette da neve"}]},{"@type":"WebSite","@id":"https:\/\/www.sestogrado.it\/it\/#website","url":"https:\/\/www.sestogrado.it\/it\/","name":"Sestogrado","description":"yes we climb","publisher":{"@id":"https:\/\/www.sestogrado.it\/it\/#organization"},"potentialAction":[{"@type":"SearchAction","target":{"@type":"EntryPoint","urlTemplate":"https:\/\/www.sestogrado.it\/it\/?s={search_term_string}"},"query-input":{"@type":"PropertyValueSpecification","valueRequired":true,"valueName":"search_term_string"}}],"inLanguage":"it-IT"},{"@type":"Organization","@id":"https:\/\/www.sestogrado.it\/it\/#organization","name":"Sestogrado","url":"https:\/\/www.sestogrado.it\/it\/","logo":{"@type":"ImageObject","inLanguage":"it-IT","@id":"https:\/\/www.sestogrado.it\/it\/#\/schema\/logo\/image\/","url":"https:\/\/www.sestogrado.it\/wp-content\/uploads\/2015\/03\/sestogrado-favicon.png","contentUrl":"https:\/\/www.sestogrado.it\/wp-content\/uploads\/2015\/03\/sestogrado-favicon.png","width":260,"height":260,"caption":"Sestogrado"},"image":{"@id":"https:\/\/www.sestogrado.it\/it\/#\/schema\/logo\/image\/"},"sameAs":["https:\/\/www.facebook.com\/pages\/Sestogrado\/1542635979353017?ref=bookmarks","https:\/\/www.youtube.com\/channel\/UC847kAfTkaJsWpc1jtQwr3Q"],"hasMerchantReturnPolicy":{"@type":"MerchantReturnPolicy","merchantReturnLink":"https:\/\/www.sestogrado.it\/it\/termini-e-condizioni\/"}}]},"product_brand":"TSL","product_price_amount":"149.00","product_price_currency":"EUR","og_availability":"out of stock","product_availability":"out of stock","product_condition":"new"},"_links":{"self":[{"href":"https:\/\/www.sestogrado.it\/it\/wp-json\/wp\/v2\/product\/81681","targetHints":{"allow":["GET"]}}],"collection":[{"href":"https:\/\/www.sestogrado.it\/it\/wp-json\/wp\/v2\/product"}],"about":[{"href":"https:\/\/www.sestogrado.it\/it\/wp-json\/wp\/v2\/types\/product"}],"replies":[{"embeddable":true,"href":"https:\/\/www.sestogrado.it\/it\/wp-json\/wp\/v2\/comments?post=81681"}],"wp:featuredmedia":[{"embeddable":true,"href":"https:\/\/www.sestogrado.it\/it\/wp-json\/wp\/v2\/media\/113204"}],"wp:attachment":[{"href":"https:\/\/www.sestogrado.it\/it\/wp-json\/wp\/v2\/media?parent=81681"}],"wp:term":[{"taxonomy":"product_brand","embeddable":true,"href":"https:\/\/www.sestogrado.it\/it\/wp-json\/wp\/v2\/product_brand?post=81681"},{"taxonomy":"product_cat","embeddable":true,"href":"https:\/\/www.sestogrado.it\/it\/wp-json\/wp\/v2\/product_cat?post=81681"},{"taxonomy":"product_tag","embeddable":true,"href":"https:\/\/www.sestogrado.it\/it\/wp-json\/wp\/v2\/product_tag?post=81681"}],"curies":[{"name":"wp","href":"https:\/\/api.w.org\/{rel}","templated":true}]}}