{"id":81497,"date":"2023-07-28T16:37:50","date_gmt":"2023-07-28T14:37:50","guid":{"rendered":"https:\/\/www.sestogrado.it\/?post_type=product&#038;p=81497"},"modified":"2026-01-24T19:44:13","modified_gmt":"2026-01-24T18:44:13","slug":"camp-ice-master-run-ramponcini-da-running","status":"publish","type":"product","link":"https:\/\/www.sestogrado.it\/it\/prodotto\/camp-ice-master-run-ramponcini-da-running\/","title":{"rendered":"Camp Ice Master Run ramponcini da running"},"content":{"rendered":"<p>Il Camp Ice Master Run \u00e8 un ramponcino minimalista e performante, studiato specificamente per il winter running. Le 13 punte in acciaio inossidabile \u2013 robuste, durevoli e distribuite uniformemente sull\u2019intera<br \/>\nsuperficie della suola \u2013 garantiscono una presa sicura e una trazione precisa, prevenendo pericolose scivolate in presenza di neve, ghiaccio o comunque su terreni a bassa aderenza (fango, erba bagnata, rocce lichenose ecc.). Lunghe 8 mm e quindi particolarmente compatte (senza compromettere la tenuta), le punte non creano fastidio durante la corsa, e insieme alle robuste micro-catene contribuiscono alla leggerezza dell\u2019attrezzo a vantaggio delle prestazioni dell\u2019atleta. L\u2019innovativo sistema di fissaggio \u00e8 particolarmente avvolgente e permette di indossare e togliere il ramponcino molto rapidamente. La custodia in dotazione, estremamente compatta e leggera, garantisce il trasporto del prodotto in qualsiasi situazione, senza problemi di ingombro o peso.<\/p>\n<p>\u2022 Ramponcino estremamente leggero concepito per il winter running<br \/>\n\u2022 13 punte da 8 mm in acciaio inossidabile distribuite uniformemente sulla superficie della suola<br \/>\n\u2022 Innovativo sistema di fissaggio particolarmente avvolgente in materiale elastico superleggero, con robusti occhielli di rinforzo per un tensionamento ottimale<br \/>\n\u2022 Pratico tirante posteriore che permette di indossare e togliere rapidamente il ramponcino<br \/>\n\u2022 Robuste micro-catene di collegamento in acciaio inossidabile<br \/>\n\u2022 Disponibile in 4 misure per calzature dal numero 36 al numero 47<br \/>\n\u2022 Custodia rigida in dotazione, funzionale e compatta con fori di ventilazione per favorire l\u2019asciugatura del prodotto<\/p>\n<p>Taglie:<\/p>\n<p>S 36\/38 &#8211; Lime \/ Viola<br \/>\nM 39\/41 &#8211; Lime \/ Arancione<br \/>\nL 42\/44 &#8211; Lime \/ Azzurro<br \/>\nXL 45\/47 &#8211; Lime \/ Grigio Chiaro<\/p>\n<p>Nota: su terreni tecnici, l\u2019Ice Master Run non sostituisce i classici ramponi da alpinismo.<\/p>\n<p>Innovazione e cura dei dettagli fanno sempre la differenza: non soltanto quando si tratta di attrezzi da alpinismo ad alto livello, come piccozze e ramponi, ma anche nell\u2019ambito dei prodotti da escursionismo; senza dimenticare che il know-how acquisito nello sviluppo degli articoli pi\u00f9 tecnici va sempre a beneficio di quelli pi\u00f9 semplici. \u00c8 su queste basi che nasce la <strong>nuova linea di ramponcini antiscivolo CAMP<\/strong>, risultato di decenni di esperienza nella realizzazione di attrezzi da ghiaccio diventati leggendari.<\/p>\n<p>Scegliere i ramponcini CAMP significa entrare in una storia all\u2019insegna dell\u2019eccellenza, trovandosi di fronte una gamma completa in grado di soddisfare tutte le esigenze. Non un unico modello per ogni situazione, ma diversi prodotti specifici per l\u2019escursionista, il winter runner e in generale per chi vuole passare il proprio tempo libero all\u2019aria aperta, sulla neve e non solo: utilizzatori diversi che richiedono caratteristiche diverse, declinate al meglio da ciascuno degli articoli presentati. I ramponcini CAMP, caratterizzati da soluzioni tecniche innovative a vantaggio delle prestazioni, della durata e della funzionalit\u00e0, si montano facilmente e rapidamente su diversi tipi di calzature, incrementando l\u2019aderenza e la stabilit\u00e0 sui terreni scivolosi e scongiurando il rischio di pericolose scivolate. Pratici da tenere nello zaino per entrare in azione ogni volta che ce n\u2019\u00e8 bisogno, sono pronti a diventare compagni fidati e inseparabili di tutti i frequentatori della montagna invernale.<\/p>","protected":false},"excerpt":{"rendered":"<p>Il Camp Ice Master Run \u00e8 un ramponcino minimalista e performante, studiato specificamente per il winter running. Le 13 punte [&hellip;]<\/p>\n","protected":false},"featured_media":82198,"comment_status":"open","ping_status":"closed","template":"","meta":{"_acf_changed":false},"product_brand":[31],"product_cat":[153],"product_tag":[],"class_list":{"0":"post-81497","1":"product","2":"type-product","3":"status-publish","4":"has-post-thumbnail","6":"product_brand-camp","7":"product_cat-ramponi","9":"first","10":"instock","11":"sale","12":"taxable","13":"shipping-taxable","14":"purchasable","15":"product-type-variable"},"acf":[],"yoast_head":"<!-- This site is optimized with the Yoast SEO plugin v26.4 - https:\/\/yoast.com\/wordpress\/plugins\/seo\/ -->\n<title>Camp Ice Master Run ramponcini da running - Sestogrado<\/title>\n<meta name=\"description\" content=\"Il Camp Ice Master Run \u00e8 un ramponcino minimalista e performante, studiato specificamente per il winter running. Le 13 punte in acciaio inossidabile \u2013 robuste, durevoli e distribuite uniformemente sull\u2019interasuperficie della suola \u2013 garantiscono una presa sicura e una trazione precisa, prevenendo pericolose scivolate in presenza di neve, ghiaccio o comunque su terreni a bassa aderenza (fango, erba bagnata, rocce lichenose ecc.). Lunghe 8 mm e quindi particolarmente compatte (senza compromettere la tenuta), le punte non creano fastidio durante la corsa, e insieme alle robuste micro-catene contribuiscono alla leggerezza dell\u2019attrezzo a vantaggio delle prestazioni dell\u2019atleta. L\u2019innovativo sistema di fissaggio \u00e8 particolarmente avvolgente e permette di indossare e togliere il ramponcino molto rapidamente. La custodia in dotazione, estremamente compatta e leggera, garantisce il trasporto del prodotto in qualsiasi situazione, senza problemi di ingombro o peso.\" \/>\n<meta name=\"robots\" content=\"index, follow, max-snippet:-1, max-image-preview:large, max-video-preview:-1\" \/>\n<link rel=\"canonical\" href=\"https:\/\/www.sestogrado.it\/it\/prodotto\/camp-ice-master-run-ramponcini-da-running\/\" \/>\n<meta property=\"og:locale\" content=\"it_IT\" \/>\n<meta property=\"og:type\" content=\"article\" \/>\n<meta property=\"og:title\" content=\"Camp Ice Master Run ramponcini da running - Sestogrado\" \/>\n<meta property=\"og:description\" content=\"Il Camp Ice Master Run \u00e8 un ramponcino minimalista e performante, studiato specificamente per il winter running. Le 13 punte in acciaio inossidabile \u2013 robuste, durevoli e distribuite uniformemente sull\u2019interasuperficie della suola \u2013 garantiscono una presa sicura e una trazione precisa, prevenendo pericolose scivolate in presenza di neve, ghiaccio o comunque su terreni a bassa aderenza (fango, erba bagnata, rocce lichenose ecc.). Lunghe 8 mm e quindi particolarmente compatte (senza compromettere la tenuta), le punte non creano fastidio durante la corsa, e insieme alle robuste micro-catene contribuiscono alla leggerezza dell\u2019attrezzo a vantaggio delle prestazioni dell\u2019atleta. L\u2019innovativo sistema di fissaggio \u00e8 particolarmente avvolgente e permette di indossare e togliere il ramponcino molto rapidamente. La custodia in dotazione, estremamente compatta e leggera, garantisce il trasporto del prodotto in qualsiasi situazione, senza problemi di ingombro o peso.\" \/>\n<meta property=\"og:url\" content=\"https:\/\/www.sestogrado.it\/it\/prodotto\/camp-ice-master-run-ramponcini-da-running\/\" \/>\n<meta property=\"og:site_name\" content=\"Sestogrado\" \/>\n<meta property=\"article:publisher\" content=\"https:\/\/www.facebook.com\/pages\/Sestogrado\/1542635979353017?ref=bookmarks\" \/>\n<meta property=\"article:modified_time\" content=\"2026-01-24T18:44:13+00:00\" \/>\n<meta property=\"og:image\" content=\"https:\/\/www.sestogrado.it\/wp-content\/uploads\/2021\/10\/01-L.jpg\" \/>\n\t<meta property=\"og:image:width\" content=\"1000\" \/>\n\t<meta property=\"og:image:height\" content=\"1000\" \/>\n\t<meta property=\"og:image:type\" content=\"image\/jpeg\" \/>\n<meta name=\"twitter:label1\" content=\"Disponibilit\u00e0\" \/>\n\t<meta name=\"twitter:data1\" content=\"In stock\" \/>\n<script type=\"application\/ld+json\" class=\"yoast-schema-graph\">{\"@context\":\"https:\/\/schema.org\",\"@graph\":[{\"@type\":\"WebPage\",\"@id\":\"https:\/\/www.sestogrado.it\/it\/prodotto\/camp-ice-master-run-ramponcini-da-running\/\",\"url\":\"https:\/\/www.sestogrado.it\/it\/prodotto\/camp-ice-master-run-ramponcini-da-running\/\",\"name\":\"Camp Ice Master Run ramponcini da running - Sestogrado\",\"isPartOf\":{\"@id\":\"https:\/\/www.sestogrado.it\/it\/#website\"},\"primaryImageOfPage\":{\"@id\":\"https:\/\/www.sestogrado.it\/it\/prodotto\/camp-ice-master-run-ramponcini-da-running\/#primaryimage\"},\"image\":{\"@id\":\"https:\/\/www.sestogrado.it\/prodotto\/camp-ice-master-run-ramponcini-da-running\/#primaryimage\"},\"thumbnailUrl\":\"https:\/\/www.sestogrado.it\/wp-content\/uploads\/2021\/10\/01-L.jpg\",\"datePublished\":\"2023-07-28T14:37:50+00:00\",\"dateModified\":\"2026-01-24T18:44:13+00:00\",\"description\":\"Il Camp Ice Master Run \u00e8 un ramponcino minimalista e performante, studiato specificamente per il winter running. Le 13 punte in acciaio inossidabile \u2013 robuste, durevoli e distribuite uniformemente sull\u2019interasuperficie della suola \u2013 garantiscono una presa sicura e una trazione precisa, prevenendo pericolose scivolate in presenza di neve, ghiaccio o comunque su terreni a bassa aderenza (fango, erba bagnata, rocce lichenose ecc.). Lunghe 8 mm e quindi particolarmente compatte (senza compromettere la tenuta), le punte non creano fastidio durante la corsa, e insieme alle robuste micro-catene contribuiscono alla leggerezza dell\u2019attrezzo a vantaggio delle prestazioni dell\u2019atleta. L\u2019innovativo sistema di fissaggio \u00e8 particolarmente avvolgente e permette di indossare e togliere il ramponcino molto rapidamente. La custodia in dotazione, estremamente compatta e leggera, garantisce il trasporto del prodotto in qualsiasi situazione, senza problemi di ingombro o peso.\",\"breadcrumb\":{\"@id\":\"https:\/\/www.sestogrado.it\/it\/prodotto\/camp-ice-master-run-ramponcini-da-running\/#breadcrumb\"},\"inLanguage\":\"it-IT\",\"potentialAction\":[{\"@type\":\"ReadAction\",\"target\":[[\"https:\/\/www.sestogrado.it\/it\/prodotto\/camp-ice-master-run-ramponcini-da-running\/\"]]}]},{\"@type\":\"ImageObject\",\"inLanguage\":\"it-IT\",\"@id\":\"https:\/\/www.sestogrado.it\/it\/prodotto\/camp-ice-master-run-ramponcini-da-running\/#primaryimage\",\"url\":\"https:\/\/www.sestogrado.it\/wp-content\/uploads\/2021\/10\/01-L.jpg\",\"contentUrl\":\"https:\/\/www.sestogrado.it\/wp-content\/uploads\/2021\/10\/01-L.jpg\",\"width\":1000,\"height\":1000,\"caption\":\"Ice Master Run L\"},{\"@type\":\"BreadcrumbList\",\"@id\":\"https:\/\/www.sestogrado.it\/it\/prodotto\/camp-ice-master-run-ramponcini-da-running\/#breadcrumb\",\"itemListElement\":[{\"@type\":\"ListItem\",\"position\":1,\"name\":\"Home\",\"item\":\"https:\/\/www.sestogrado.it\/it\/\"},{\"@type\":\"ListItem\",\"position\":2,\"name\":\"Shop\",\"item\":\"https:\/\/www.sestogrado.it\/it\/shop\/\"},{\"@type\":\"ListItem\",\"position\":3,\"name\":\"Camp Ice Master Run ramponcini da running\"}]},{\"@type\":\"WebSite\",\"@id\":\"https:\/\/www.sestogrado.it\/it\/#website\",\"url\":\"https:\/\/www.sestogrado.it\/it\/\",\"name\":\"Sestogrado\",\"description\":\"yes we climb\",\"publisher\":{\"@id\":\"https:\/\/www.sestogrado.it\/it\/#organization\"},\"potentialAction\":[{\"@type\":\"SearchAction\",\"target\":{\"@type\":\"EntryPoint\",\"urlTemplate\":\"https:\/\/www.sestogrado.it\/it\/?s={search_term_string}\"},\"query-input\":{\"@type\":\"PropertyValueSpecification\",\"valueRequired\":true,\"valueName\":\"search_term_string\"}}],\"inLanguage\":\"it-IT\"},{\"@type\":\"Organization\",\"@id\":\"https:\/\/www.sestogrado.it\/it\/#organization\",\"name\":\"Sestogrado\",\"url\":\"https:\/\/www.sestogrado.it\/it\/\",\"logo\":{\"@type\":\"ImageObject\",\"inLanguage\":\"it-IT\",\"@id\":\"https:\/\/www.sestogrado.it\/it\/#\/schema\/logo\/image\/\",\"url\":\"https:\/\/www.sestogrado.it\/wp-content\/uploads\/2015\/03\/sestogrado-favicon.png\",\"contentUrl\":\"https:\/\/www.sestogrado.it\/wp-content\/uploads\/2015\/03\/sestogrado-favicon.png\",\"width\":260,\"height\":260,\"caption\":\"Sestogrado\"},\"image\":{\"@id\":\"https:\/\/www.sestogrado.it\/it\/#\/schema\/logo\/image\/\"},\"sameAs\":[\"https:\/\/www.facebook.com\/pages\/Sestogrado\/1542635979353017?ref=bookmarks\",\"https:\/\/www.youtube.com\/channel\/UC847kAfTkaJsWpc1jtQwr3Q\"],\"hasMerchantReturnPolicy\":{\"@type\":\"MerchantReturnPolicy\",\"merchantReturnLink\":\"https:\/\/www.sestogrado.it\/it\/termini-e-condizioni\/\"}}]}<\/script>\n<meta property=\"product:brand\" content=\"Camp\" \/>\n<meta property=\"og:availability\" content=\"instock\" \/>\n<meta property=\"product:availability\" content=\"instock\" \/>\n<meta property=\"product:condition\" content=\"new\" \/>\n<!-- \/ Yoast SEO plugin. -->","yoast_head_json":{"title":"Camp Ice Master Run ramponcini da running - Sestogrado","description":"Il Camp Ice Master Run \u00e8 un ramponcino minimalista e performante, studiato specificamente per il winter running. Le 13 punte in acciaio inossidabile \u2013 robuste, durevoli e distribuite uniformemente sull\u2019interasuperficie della suola \u2013 garantiscono una presa sicura e una trazione precisa, prevenendo pericolose scivolate in presenza di neve, ghiaccio o comunque su terreni a bassa aderenza (fango, erba bagnata, rocce lichenose ecc.). Lunghe 8 mm e quindi particolarmente compatte (senza compromettere la tenuta), le punte non creano fastidio durante la corsa, e insieme alle robuste micro-catene contribuiscono alla leggerezza dell\u2019attrezzo a vantaggio delle prestazioni dell\u2019atleta. L\u2019innovativo sistema di fissaggio \u00e8 particolarmente avvolgente e permette di indossare e togliere il ramponcino molto rapidamente. La custodia in dotazione, estremamente compatta e leggera, garantisce il trasporto del prodotto in qualsiasi situazione, senza problemi di ingombro o peso.","robots":{"index":"index","follow":"follow","max-snippet":"max-snippet:-1","max-image-preview":"max-image-preview:large","max-video-preview":"max-video-preview:-1"},"canonical":"https:\/\/www.sestogrado.it\/it\/prodotto\/camp-ice-master-run-ramponcini-da-running\/","og_locale":"it_IT","og_type":"article","og_title":"Camp Ice Master Run ramponcini da running - Sestogrado","og_description":"Il Camp Ice Master Run \u00e8 un ramponcino minimalista e performante, studiato specificamente per il winter running. Le 13 punte in acciaio inossidabile \u2013 robuste, durevoli e distribuite uniformemente sull\u2019interasuperficie della suola \u2013 garantiscono una presa sicura e una trazione precisa, prevenendo pericolose scivolate in presenza di neve, ghiaccio o comunque su terreni a bassa aderenza (fango, erba bagnata, rocce lichenose ecc.). Lunghe 8 mm e quindi particolarmente compatte (senza compromettere la tenuta), le punte non creano fastidio durante la corsa, e insieme alle robuste micro-catene contribuiscono alla leggerezza dell\u2019attrezzo a vantaggio delle prestazioni dell\u2019atleta. L\u2019innovativo sistema di fissaggio \u00e8 particolarmente avvolgente e permette di indossare e togliere il ramponcino molto rapidamente. La custodia in dotazione, estremamente compatta e leggera, garantisce il trasporto del prodotto in qualsiasi situazione, senza problemi di ingombro o peso.","og_url":"https:\/\/www.sestogrado.it\/it\/prodotto\/camp-ice-master-run-ramponcini-da-running\/","og_site_name":"Sestogrado","article_publisher":"https:\/\/www.facebook.com\/pages\/Sestogrado\/1542635979353017?ref=bookmarks","article_modified_time":"2026-01-24T18:44:13+00:00","og_image":[{"width":1000,"height":1000,"url":"https:\/\/www.sestogrado.it\/wp-content\/uploads\/2021\/10\/01-L.jpg","type":"image\/jpeg"}],"twitter_misc":{"Disponibilit\u00e0":"In stock"},"schema":{"@context":"https:\/\/schema.org","@graph":[{"@type":"WebPage","@id":"https:\/\/www.sestogrado.it\/it\/prodotto\/camp-ice-master-run-ramponcini-da-running\/","url":"https:\/\/www.sestogrado.it\/it\/prodotto\/camp-ice-master-run-ramponcini-da-running\/","name":"Camp Ice Master Run ramponcini da running - Sestogrado","isPartOf":{"@id":"https:\/\/www.sestogrado.it\/it\/#website"},"primaryImageOfPage":{"@id":"https:\/\/www.sestogrado.it\/it\/prodotto\/camp-ice-master-run-ramponcini-da-running\/#primaryimage"},"image":{"@id":"https:\/\/www.sestogrado.it\/prodotto\/camp-ice-master-run-ramponcini-da-running\/#primaryimage"},"thumbnailUrl":"https:\/\/www.sestogrado.it\/wp-content\/uploads\/2021\/10\/01-L.jpg","datePublished":"2023-07-28T14:37:50+00:00","dateModified":"2026-01-24T18:44:13+00:00","description":"Il Camp Ice Master Run \u00e8 un ramponcino minimalista e performante, studiato specificamente per il winter running. Le 13 punte in acciaio inossidabile \u2013 robuste, durevoli e distribuite uniformemente sull\u2019interasuperficie della suola \u2013 garantiscono una presa sicura e una trazione precisa, prevenendo pericolose scivolate in presenza di neve, ghiaccio o comunque su terreni a bassa aderenza (fango, erba bagnata, rocce lichenose ecc.). Lunghe 8 mm e quindi particolarmente compatte (senza compromettere la tenuta), le punte non creano fastidio durante la corsa, e insieme alle robuste micro-catene contribuiscono alla leggerezza dell\u2019attrezzo a vantaggio delle prestazioni dell\u2019atleta. L\u2019innovativo sistema di fissaggio \u00e8 particolarmente avvolgente e permette di indossare e togliere il ramponcino molto rapidamente. La custodia in dotazione, estremamente compatta e leggera, garantisce il trasporto del prodotto in qualsiasi situazione, senza problemi di ingombro o peso.","breadcrumb":{"@id":"https:\/\/www.sestogrado.it\/it\/prodotto\/camp-ice-master-run-ramponcini-da-running\/#breadcrumb"},"inLanguage":"it-IT","potentialAction":[{"@type":"ReadAction","target":[["https:\/\/www.sestogrado.it\/it\/prodotto\/camp-ice-master-run-ramponcini-da-running\/"]]}]},{"@type":"ImageObject","inLanguage":"it-IT","@id":"https:\/\/www.sestogrado.it\/it\/prodotto\/camp-ice-master-run-ramponcini-da-running\/#primaryimage","url":"https:\/\/www.sestogrado.it\/wp-content\/uploads\/2021\/10\/01-L.jpg","contentUrl":"https:\/\/www.sestogrado.it\/wp-content\/uploads\/2021\/10\/01-L.jpg","width":1000,"height":1000,"caption":"Ice Master Run L"},{"@type":"BreadcrumbList","@id":"https:\/\/www.sestogrado.it\/it\/prodotto\/camp-ice-master-run-ramponcini-da-running\/#breadcrumb","itemListElement":[{"@type":"ListItem","position":1,"name":"Home","item":"https:\/\/www.sestogrado.it\/it\/"},{"@type":"ListItem","position":2,"name":"Shop","item":"https:\/\/www.sestogrado.it\/it\/shop\/"},{"@type":"ListItem","position":3,"name":"Camp Ice Master Run ramponcini da running"}]},{"@type":"WebSite","@id":"https:\/\/www.sestogrado.it\/it\/#website","url":"https:\/\/www.sestogrado.it\/it\/","name":"Sestogrado","description":"yes we climb","publisher":{"@id":"https:\/\/www.sestogrado.it\/it\/#organization"},"potentialAction":[{"@type":"SearchAction","target":{"@type":"EntryPoint","urlTemplate":"https:\/\/www.sestogrado.it\/it\/?s={search_term_string}"},"query-input":{"@type":"PropertyValueSpecification","valueRequired":true,"valueName":"search_term_string"}}],"inLanguage":"it-IT"},{"@type":"Organization","@id":"https:\/\/www.sestogrado.it\/it\/#organization","name":"Sestogrado","url":"https:\/\/www.sestogrado.it\/it\/","logo":{"@type":"ImageObject","inLanguage":"it-IT","@id":"https:\/\/www.sestogrado.it\/it\/#\/schema\/logo\/image\/","url":"https:\/\/www.sestogrado.it\/wp-content\/uploads\/2015\/03\/sestogrado-favicon.png","contentUrl":"https:\/\/www.sestogrado.it\/wp-content\/uploads\/2015\/03\/sestogrado-favicon.png","width":260,"height":260,"caption":"Sestogrado"},"image":{"@id":"https:\/\/www.sestogrado.it\/it\/#\/schema\/logo\/image\/"},"sameAs":["https:\/\/www.facebook.com\/pages\/Sestogrado\/1542635979353017?ref=bookmarks","https:\/\/www.youtube.com\/channel\/UC847kAfTkaJsWpc1jtQwr3Q"],"hasMerchantReturnPolicy":{"@type":"MerchantReturnPolicy","merchantReturnLink":"https:\/\/www.sestogrado.it\/it\/termini-e-condizioni\/"}}]},"product_brand":"Camp","og_availability":"instock","product_availability":"instock","product_condition":"new"},"_links":{"self":[{"href":"https:\/\/www.sestogrado.it\/it\/wp-json\/wp\/v2\/product\/81497","targetHints":{"allow":["GET"]}}],"collection":[{"href":"https:\/\/www.sestogrado.it\/it\/wp-json\/wp\/v2\/product"}],"about":[{"href":"https:\/\/www.sestogrado.it\/it\/wp-json\/wp\/v2\/types\/product"}],"replies":[{"embeddable":true,"href":"https:\/\/www.sestogrado.it\/it\/wp-json\/wp\/v2\/comments?post=81497"}],"wp:featuredmedia":[{"embeddable":true,"href":"https:\/\/www.sestogrado.it\/it\/wp-json\/wp\/v2\/media\/82198"}],"wp:attachment":[{"href":"https:\/\/www.sestogrado.it\/it\/wp-json\/wp\/v2\/media?parent=81497"}],"wp:term":[{"taxonomy":"product_brand","embeddable":true,"href":"https:\/\/www.sestogrado.it\/it\/wp-json\/wp\/v2\/product_brand?post=81497"},{"taxonomy":"product_cat","embeddable":true,"href":"https:\/\/www.sestogrado.it\/it\/wp-json\/wp\/v2\/product_cat?post=81497"},{"taxonomy":"product_tag","embeddable":true,"href":"https:\/\/www.sestogrado.it\/it\/wp-json\/wp\/v2\/product_tag?post=81497"}],"curies":[{"name":"wp","href":"https:\/\/api.w.org\/{rel}","templated":true}]}}