{"id":81482,"date":"2023-09-24T14:29:52","date_gmt":"2023-09-24T12:29:52","guid":{"rendered":"https:\/\/www.sestogrado.it\/?post_type=product&#038;p=81482"},"modified":"2026-04-14T08:22:44","modified_gmt":"2026-04-14T06:22:44","slug":"camp-ice-master-evo-ramponi-ramponcini-da-ghiaccio","status":"publish","type":"product","link":"https:\/\/www.sestogrado.it\/it\/prodotto\/camp-ice-master-evo-ramponi-ramponcini-da-ghiaccio\/","title":{"rendered":"Camp Ice Master EVO ramponcini antiscivolo"},"content":{"rendered":"<p>I Camp Ice Master Evo sono dei ramponcini da ghiaccio, evoluzione degli storici <a href=\"https:\/\/www.sestogrado.it\/it\/prodotto\/camp-ice-master-ramponi\/\" target=\"_blank\" rel=\"noopener\">Ice Master<\/a>, con caratteristiche che li rendono ancora pi\u00f9 performanti. L&#8217;Ice Master Evo \u00e8 facile e veloce da calzare, si adatta<br \/>\na qualsiasi tipo di scarpa o scarpone ed \u00e8 pensato per l\u2019escursionista pi\u00f9 esigente, in cerca di un prodotto estremamente resistente e ideale per utilizzi frequenti. Con le sue 13 punte in acciaio inossidabile, che insieme alle catene di collegamento dello stesso materiale assicurano un\u2019eccezionale robustezza e durata, l\u2019Ice Master Evo garantisce una presa sicura e una trazione precisa, prevenendo pericolose scivolate in presenza di neve, ghiaccio o comunque su fondi a bassa aderenza (fango, erba bagnata, rocce lichenose, ecc.).<\/p>\n<ul>\n<li>Ramponcino polivalente che aiuta a incrementare la stabilit\u00e0 su neve, ghiaccio e terreni a bassa aderenza<\/li>\n<li>Parte anteriore snodata per garantire una camminata naturale<\/li>\n<li>13 punte da 15 mm in acciaio inossidabile collegate da resistenti catene nello stesso materiale<\/li>\n<li>Semplice e sicuro sistema di fissaggio in materiale elastico, con cinturino che garantisce la massima stabilit\u00e0 sulla calzatura<\/li>\n<li>Disponibile in 4 misure per calzature dal numero 36 al numero 47<\/li>\n<li>Custodia rigida in dotazione, funzionale e compatta, con fori di ventilazione per favorire l\u2019asciugatura del prodotto<\/li>\n<\/ul>\n<p><strong>Taglie:<\/strong><\/p>\n<p>Taglia S 36\/38 &#8211; Viola<br \/>\nTaglia M 39\/41 &#8211; Arancione<br \/>\nTaglia L 42\/44 &#8211; Azzurro<br \/>\nTaglia XL 45\/47 &#8211; Grigio Chiaro<\/p>\n<p>&nbsp;<\/p>\n<p>Innovazione e cura dei dettagli fanno sempre la differenza: non soltanto quando si tratta di attrezzi da alpinismo ad alto livello, come piccozze e ramponi, ma anche nell\u2019ambito dei prodotti da escursionismo; senza dimenticare che il know-how acquisito nello sviluppo degli articoli pi\u00f9 tecnici va sempre a beneficio di quelli pi\u00f9 semplici. \u00c8 su queste basi che nasce la <strong>nuova linea di ramponcini antiscivolo CAMP<\/strong>, risultato di decenni di esperienza nella realizzazione di attrezzi da ghiaccio diventati leggendari.<\/p>\n<p>Scegliere i ramponcini CAMP significa entrare in una storia all\u2019insegna dell\u2019eccellenza, trovandosi di fronte una gamma completa in grado di soddisfare tutte le esigenze. Non un unico modello per ogni situazione, ma diversi prodotti specifici per l\u2019escursionista, il winter runner e in generale per chi vuole passare il proprio tempo libero all\u2019aria aperta, sulla neve e non solo: utilizzatori diversi che richiedono caratteristiche diverse, declinate al meglio da ciascuno degli articoli presentati. I ramponcini CAMP, caratterizzati da soluzioni tecniche innovative a vantaggio delle prestazioni, della durata e della funzionalit\u00e0, si montano facilmente e rapidamente su diversi tipi di calzature, incrementando l\u2019aderenza e la stabilit\u00e0 sui terreni scivolosi e scongiurando il rischio di pericolose scivolate. Pratici da tenere nello zaino per entrare in azione ogni volta che ce n\u2019\u00e8 bisogno, sono pronti a diventare compagni fidati e inseparabili di tutti i frequentatori della montagna invernale.<\/p>","protected":false},"excerpt":{"rendered":"<p>I Camp Ice Master Evo sono dei ramponcini da ghiaccio, evoluzione degli storici Ice Master, con caratteristiche che li rendono [&hellip;]<\/p>\n","protected":false},"featured_media":81484,"comment_status":"open","ping_status":"closed","template":"","meta":{"_acf_changed":false},"product_brand":[31],"product_cat":[153],"product_tag":[],"class_list":{"0":"post-81482","1":"product","2":"type-product","3":"status-publish","4":"has-post-thumbnail","6":"product_brand-camp","7":"product_cat-ramponi","9":"first","10":"instock","11":"sale","12":"taxable","13":"shipping-taxable","14":"purchasable","15":"product-type-variable"},"acf":[],"yoast_head":"<!-- This site is optimized with the Yoast SEO plugin v26.4 - https:\/\/yoast.com\/wordpress\/plugins\/seo\/ -->\n<title>Camp Ice Master EVO ramponcini antiscivolo - Sestogrado<\/title>\n<meta name=\"description\" content=\"I Camp Ice Master Evo sono dei ramponcini da ghiaccio, evoluzione degli storici Ice Master, con caratteristiche che li rendono ancora pi\u00f9 performanti. L&#039;Ice Master Evo \u00e8 facile e veloce da calzare, si adattaa qualsiasi tipo di scarpa o scarpone ed \u00e8 pensato per l\u2019escursionista pi\u00f9 esigente, in cerca di un prodotto estremamente resistente e ideale per utilizzi frequenti. Con le sue 13 punte in acciaio inossidabile, che insieme alle catene di collegamento dello stesso materiale assicurano un\u2019eccezionale robustezza e durata, l\u2019Ice Master Evo garantisce una presa sicura e una trazione precisa, prevenendo pericolose scivolate in presenza di neve, ghiaccio o comunque su fondi a bassa aderenza (fango, erba bagnata, rocce lichenose, ecc.).\" \/>\n<meta name=\"robots\" content=\"index, follow, max-snippet:-1, max-image-preview:large, max-video-preview:-1\" \/>\n<link rel=\"canonical\" href=\"https:\/\/www.sestogrado.it\/it\/prodotto\/camp-ice-master-evo-ramponi-ramponcini-da-ghiaccio\/\" \/>\n<meta property=\"og:locale\" content=\"it_IT\" \/>\n<meta property=\"og:type\" content=\"article\" \/>\n<meta property=\"og:title\" content=\"Camp Ice Master EVO ramponcini antiscivolo - Sestogrado\" \/>\n<meta property=\"og:description\" content=\"I Camp Ice Master Evo sono dei ramponcini da ghiaccio, evoluzione degli storici Ice Master, con caratteristiche che li rendono ancora pi\u00f9 performanti. L&#039;Ice Master Evo \u00e8 facile e veloce da calzare, si adattaa qualsiasi tipo di scarpa o scarpone ed \u00e8 pensato per l\u2019escursionista pi\u00f9 esigente, in cerca di un prodotto estremamente resistente e ideale per utilizzi frequenti. Con le sue 13 punte in acciaio inossidabile, che insieme alle catene di collegamento dello stesso materiale assicurano un\u2019eccezionale robustezza e durata, l\u2019Ice Master Evo garantisce una presa sicura e una trazione precisa, prevenendo pericolose scivolate in presenza di neve, ghiaccio o comunque su fondi a bassa aderenza (fango, erba bagnata, rocce lichenose, ecc.).\" \/>\n<meta property=\"og:url\" content=\"https:\/\/www.sestogrado.it\/it\/prodotto\/camp-ice-master-evo-ramponi-ramponcini-da-ghiaccio\/\" \/>\n<meta property=\"og:site_name\" content=\"Sestogrado\" \/>\n<meta property=\"article:publisher\" content=\"https:\/\/www.facebook.com\/pages\/Sestogrado\/1542635979353017?ref=bookmarks\" \/>\n<meta property=\"article:modified_time\" content=\"2026-04-14T06:22:44+00:00\" \/>\n<meta property=\"og:image\" content=\"https:\/\/www.sestogrado.it\/wp-content\/uploads\/2021\/09\/01-L.jpg\" \/>\n\t<meta property=\"og:image:width\" content=\"1000\" \/>\n\t<meta property=\"og:image:height\" content=\"1000\" \/>\n\t<meta property=\"og:image:type\" content=\"image\/jpeg\" \/>\n<meta name=\"twitter:label1\" content=\"Disponibilit\u00e0\" \/>\n\t<meta name=\"twitter:data1\" content=\"In stock\" \/>\n<script type=\"application\/ld+json\" class=\"yoast-schema-graph\">{\"@context\":\"https:\/\/schema.org\",\"@graph\":[{\"@type\":\"WebPage\",\"@id\":\"https:\/\/www.sestogrado.it\/it\/prodotto\/camp-ice-master-evo-ramponi-ramponcini-da-ghiaccio\/\",\"url\":\"https:\/\/www.sestogrado.it\/it\/prodotto\/camp-ice-master-evo-ramponi-ramponcini-da-ghiaccio\/\",\"name\":\"Camp Ice Master EVO ramponcini antiscivolo - Sestogrado\",\"isPartOf\":{\"@id\":\"https:\/\/www.sestogrado.it\/it\/#website\"},\"primaryImageOfPage\":{\"@id\":\"https:\/\/www.sestogrado.it\/it\/prodotto\/camp-ice-master-evo-ramponi-ramponcini-da-ghiaccio\/#primaryimage\"},\"image\":{\"@id\":\"https:\/\/www.sestogrado.it\/prodotto\/camp-ice-master-evo-ramponi-ramponcini-da-ghiaccio\/#primaryimage\"},\"thumbnailUrl\":\"https:\/\/www.sestogrado.it\/wp-content\/uploads\/2021\/09\/01-L.jpg\",\"datePublished\":\"2023-09-24T12:29:52+00:00\",\"dateModified\":\"2026-04-14T06:22:44+00:00\",\"description\":\"I Camp Ice Master Evo sono dei ramponcini da ghiaccio, evoluzione degli storici Ice Master, con caratteristiche che li rendono ancora pi\u00f9 performanti. L'Ice Master Evo \u00e8 facile e veloce da calzare, si adattaa qualsiasi tipo di scarpa o scarpone ed \u00e8 pensato per l\u2019escursionista pi\u00f9 esigente, in cerca di un prodotto estremamente resistente e ideale per utilizzi frequenti. Con le sue 13 punte in acciaio inossidabile, che insieme alle catene di collegamento dello stesso materiale assicurano un\u2019eccezionale robustezza e durata, l\u2019Ice Master Evo garantisce una presa sicura e una trazione precisa, prevenendo pericolose scivolate in presenza di neve, ghiaccio o comunque su fondi a bassa aderenza (fango, erba bagnata, rocce lichenose, ecc.).\",\"breadcrumb\":{\"@id\":\"https:\/\/www.sestogrado.it\/it\/prodotto\/camp-ice-master-evo-ramponi-ramponcini-da-ghiaccio\/#breadcrumb\"},\"inLanguage\":\"it-IT\",\"potentialAction\":[{\"@type\":\"ReadAction\",\"target\":[[\"https:\/\/www.sestogrado.it\/it\/prodotto\/camp-ice-master-evo-ramponi-ramponcini-da-ghiaccio\/\"]]}]},{\"@type\":\"ImageObject\",\"inLanguage\":\"it-IT\",\"@id\":\"https:\/\/www.sestogrado.it\/it\/prodotto\/camp-ice-master-evo-ramponi-ramponcini-da-ghiaccio\/#primaryimage\",\"url\":\"https:\/\/www.sestogrado.it\/wp-content\/uploads\/2021\/09\/01-L.jpg\",\"contentUrl\":\"https:\/\/www.sestogrado.it\/wp-content\/uploads\/2021\/09\/01-L.jpg\",\"width\":1000,\"height\":1000,\"caption\":\"ice master evo L\"},{\"@type\":\"BreadcrumbList\",\"@id\":\"https:\/\/www.sestogrado.it\/it\/prodotto\/camp-ice-master-evo-ramponi-ramponcini-da-ghiaccio\/#breadcrumb\",\"itemListElement\":[{\"@type\":\"ListItem\",\"position\":1,\"name\":\"Home\",\"item\":\"https:\/\/www.sestogrado.it\/it\/\"},{\"@type\":\"ListItem\",\"position\":2,\"name\":\"Shop\",\"item\":\"https:\/\/www.sestogrado.it\/it\/shop\/\"},{\"@type\":\"ListItem\",\"position\":3,\"name\":\"Camp Ice Master EVO ramponcini antiscivolo\"}]},{\"@type\":\"WebSite\",\"@id\":\"https:\/\/www.sestogrado.it\/it\/#website\",\"url\":\"https:\/\/www.sestogrado.it\/it\/\",\"name\":\"Sestogrado\",\"description\":\"yes we climb\",\"publisher\":{\"@id\":\"https:\/\/www.sestogrado.it\/it\/#organization\"},\"potentialAction\":[{\"@type\":\"SearchAction\",\"target\":{\"@type\":\"EntryPoint\",\"urlTemplate\":\"https:\/\/www.sestogrado.it\/it\/?s={search_term_string}\"},\"query-input\":{\"@type\":\"PropertyValueSpecification\",\"valueRequired\":true,\"valueName\":\"search_term_string\"}}],\"inLanguage\":\"it-IT\"},{\"@type\":\"Organization\",\"@id\":\"https:\/\/www.sestogrado.it\/it\/#organization\",\"name\":\"Sestogrado\",\"url\":\"https:\/\/www.sestogrado.it\/it\/\",\"logo\":{\"@type\":\"ImageObject\",\"inLanguage\":\"it-IT\",\"@id\":\"https:\/\/www.sestogrado.it\/it\/#\/schema\/logo\/image\/\",\"url\":\"https:\/\/www.sestogrado.it\/wp-content\/uploads\/2015\/03\/sestogrado-favicon.png\",\"contentUrl\":\"https:\/\/www.sestogrado.it\/wp-content\/uploads\/2015\/03\/sestogrado-favicon.png\",\"width\":260,\"height\":260,\"caption\":\"Sestogrado\"},\"image\":{\"@id\":\"https:\/\/www.sestogrado.it\/it\/#\/schema\/logo\/image\/\"},\"sameAs\":[\"https:\/\/www.facebook.com\/pages\/Sestogrado\/1542635979353017?ref=bookmarks\",\"https:\/\/www.youtube.com\/channel\/UC847kAfTkaJsWpc1jtQwr3Q\"],\"hasMerchantReturnPolicy\":{\"@type\":\"MerchantReturnPolicy\",\"merchantReturnLink\":\"https:\/\/www.sestogrado.it\/it\/termini-e-condizioni\/\"}}]}<\/script>\n<meta property=\"product:brand\" content=\"Camp\" \/>\n<meta property=\"og:availability\" content=\"instock\" \/>\n<meta property=\"product:availability\" content=\"instock\" \/>\n<meta property=\"product:condition\" content=\"new\" \/>\n<!-- \/ Yoast SEO plugin. -->","yoast_head_json":{"title":"Camp Ice Master EVO ramponcini antiscivolo - Sestogrado","description":"I Camp Ice Master Evo sono dei ramponcini da ghiaccio, evoluzione degli storici Ice Master, con caratteristiche che li rendono ancora pi\u00f9 performanti. L'Ice Master Evo \u00e8 facile e veloce da calzare, si adattaa qualsiasi tipo di scarpa o scarpone ed \u00e8 pensato per l\u2019escursionista pi\u00f9 esigente, in cerca di un prodotto estremamente resistente e ideale per utilizzi frequenti. Con le sue 13 punte in acciaio inossidabile, che insieme alle catene di collegamento dello stesso materiale assicurano un\u2019eccezionale robustezza e durata, l\u2019Ice Master Evo garantisce una presa sicura e una trazione precisa, prevenendo pericolose scivolate in presenza di neve, ghiaccio o comunque su fondi a bassa aderenza (fango, erba bagnata, rocce lichenose, ecc.).","robots":{"index":"index","follow":"follow","max-snippet":"max-snippet:-1","max-image-preview":"max-image-preview:large","max-video-preview":"max-video-preview:-1"},"canonical":"https:\/\/www.sestogrado.it\/it\/prodotto\/camp-ice-master-evo-ramponi-ramponcini-da-ghiaccio\/","og_locale":"it_IT","og_type":"article","og_title":"Camp Ice Master EVO ramponcini antiscivolo - Sestogrado","og_description":"I Camp Ice Master Evo sono dei ramponcini da ghiaccio, evoluzione degli storici Ice Master, con caratteristiche che li rendono ancora pi\u00f9 performanti. L'Ice Master Evo \u00e8 facile e veloce da calzare, si adattaa qualsiasi tipo di scarpa o scarpone ed \u00e8 pensato per l\u2019escursionista pi\u00f9 esigente, in cerca di un prodotto estremamente resistente e ideale per utilizzi frequenti. Con le sue 13 punte in acciaio inossidabile, che insieme alle catene di collegamento dello stesso materiale assicurano un\u2019eccezionale robustezza e durata, l\u2019Ice Master Evo garantisce una presa sicura e una trazione precisa, prevenendo pericolose scivolate in presenza di neve, ghiaccio o comunque su fondi a bassa aderenza (fango, erba bagnata, rocce lichenose, ecc.).","og_url":"https:\/\/www.sestogrado.it\/it\/prodotto\/camp-ice-master-evo-ramponi-ramponcini-da-ghiaccio\/","og_site_name":"Sestogrado","article_publisher":"https:\/\/www.facebook.com\/pages\/Sestogrado\/1542635979353017?ref=bookmarks","article_modified_time":"2026-04-14T06:22:44+00:00","og_image":[{"width":1000,"height":1000,"url":"https:\/\/www.sestogrado.it\/wp-content\/uploads\/2021\/09\/01-L.jpg","type":"image\/jpeg"}],"twitter_misc":{"Disponibilit\u00e0":"In stock"},"schema":{"@context":"https:\/\/schema.org","@graph":[{"@type":"WebPage","@id":"https:\/\/www.sestogrado.it\/it\/prodotto\/camp-ice-master-evo-ramponi-ramponcini-da-ghiaccio\/","url":"https:\/\/www.sestogrado.it\/it\/prodotto\/camp-ice-master-evo-ramponi-ramponcini-da-ghiaccio\/","name":"Camp Ice Master EVO ramponcini antiscivolo - Sestogrado","isPartOf":{"@id":"https:\/\/www.sestogrado.it\/it\/#website"},"primaryImageOfPage":{"@id":"https:\/\/www.sestogrado.it\/it\/prodotto\/camp-ice-master-evo-ramponi-ramponcini-da-ghiaccio\/#primaryimage"},"image":{"@id":"https:\/\/www.sestogrado.it\/prodotto\/camp-ice-master-evo-ramponi-ramponcini-da-ghiaccio\/#primaryimage"},"thumbnailUrl":"https:\/\/www.sestogrado.it\/wp-content\/uploads\/2021\/09\/01-L.jpg","datePublished":"2023-09-24T12:29:52+00:00","dateModified":"2026-04-14T06:22:44+00:00","description":"I Camp Ice Master Evo sono dei ramponcini da ghiaccio, evoluzione degli storici Ice Master, con caratteristiche che li rendono ancora pi\u00f9 performanti. L'Ice Master Evo \u00e8 facile e veloce da calzare, si adattaa qualsiasi tipo di scarpa o scarpone ed \u00e8 pensato per l\u2019escursionista pi\u00f9 esigente, in cerca di un prodotto estremamente resistente e ideale per utilizzi frequenti. Con le sue 13 punte in acciaio inossidabile, che insieme alle catene di collegamento dello stesso materiale assicurano un\u2019eccezionale robustezza e durata, l\u2019Ice Master Evo garantisce una presa sicura e una trazione precisa, prevenendo pericolose scivolate in presenza di neve, ghiaccio o comunque su fondi a bassa aderenza (fango, erba bagnata, rocce lichenose, ecc.).","breadcrumb":{"@id":"https:\/\/www.sestogrado.it\/it\/prodotto\/camp-ice-master-evo-ramponi-ramponcini-da-ghiaccio\/#breadcrumb"},"inLanguage":"it-IT","potentialAction":[{"@type":"ReadAction","target":[["https:\/\/www.sestogrado.it\/it\/prodotto\/camp-ice-master-evo-ramponi-ramponcini-da-ghiaccio\/"]]}]},{"@type":"ImageObject","inLanguage":"it-IT","@id":"https:\/\/www.sestogrado.it\/it\/prodotto\/camp-ice-master-evo-ramponi-ramponcini-da-ghiaccio\/#primaryimage","url":"https:\/\/www.sestogrado.it\/wp-content\/uploads\/2021\/09\/01-L.jpg","contentUrl":"https:\/\/www.sestogrado.it\/wp-content\/uploads\/2021\/09\/01-L.jpg","width":1000,"height":1000,"caption":"ice master evo L"},{"@type":"BreadcrumbList","@id":"https:\/\/www.sestogrado.it\/it\/prodotto\/camp-ice-master-evo-ramponi-ramponcini-da-ghiaccio\/#breadcrumb","itemListElement":[{"@type":"ListItem","position":1,"name":"Home","item":"https:\/\/www.sestogrado.it\/it\/"},{"@type":"ListItem","position":2,"name":"Shop","item":"https:\/\/www.sestogrado.it\/it\/shop\/"},{"@type":"ListItem","position":3,"name":"Camp Ice Master EVO ramponcini antiscivolo"}]},{"@type":"WebSite","@id":"https:\/\/www.sestogrado.it\/it\/#website","url":"https:\/\/www.sestogrado.it\/it\/","name":"Sestogrado","description":"yes we climb","publisher":{"@id":"https:\/\/www.sestogrado.it\/it\/#organization"},"potentialAction":[{"@type":"SearchAction","target":{"@type":"EntryPoint","urlTemplate":"https:\/\/www.sestogrado.it\/it\/?s={search_term_string}"},"query-input":{"@type":"PropertyValueSpecification","valueRequired":true,"valueName":"search_term_string"}}],"inLanguage":"it-IT"},{"@type":"Organization","@id":"https:\/\/www.sestogrado.it\/it\/#organization","name":"Sestogrado","url":"https:\/\/www.sestogrado.it\/it\/","logo":{"@type":"ImageObject","inLanguage":"it-IT","@id":"https:\/\/www.sestogrado.it\/it\/#\/schema\/logo\/image\/","url":"https:\/\/www.sestogrado.it\/wp-content\/uploads\/2015\/03\/sestogrado-favicon.png","contentUrl":"https:\/\/www.sestogrado.it\/wp-content\/uploads\/2015\/03\/sestogrado-favicon.png","width":260,"height":260,"caption":"Sestogrado"},"image":{"@id":"https:\/\/www.sestogrado.it\/it\/#\/schema\/logo\/image\/"},"sameAs":["https:\/\/www.facebook.com\/pages\/Sestogrado\/1542635979353017?ref=bookmarks","https:\/\/www.youtube.com\/channel\/UC847kAfTkaJsWpc1jtQwr3Q"],"hasMerchantReturnPolicy":{"@type":"MerchantReturnPolicy","merchantReturnLink":"https:\/\/www.sestogrado.it\/it\/termini-e-condizioni\/"}}]},"product_brand":"Camp","og_availability":"instock","product_availability":"instock","product_condition":"new"},"_links":{"self":[{"href":"https:\/\/www.sestogrado.it\/it\/wp-json\/wp\/v2\/product\/81482","targetHints":{"allow":["GET"]}}],"collection":[{"href":"https:\/\/www.sestogrado.it\/it\/wp-json\/wp\/v2\/product"}],"about":[{"href":"https:\/\/www.sestogrado.it\/it\/wp-json\/wp\/v2\/types\/product"}],"replies":[{"embeddable":true,"href":"https:\/\/www.sestogrado.it\/it\/wp-json\/wp\/v2\/comments?post=81482"}],"wp:featuredmedia":[{"embeddable":true,"href":"https:\/\/www.sestogrado.it\/it\/wp-json\/wp\/v2\/media\/81484"}],"wp:attachment":[{"href":"https:\/\/www.sestogrado.it\/it\/wp-json\/wp\/v2\/media?parent=81482"}],"wp:term":[{"taxonomy":"product_brand","embeddable":true,"href":"https:\/\/www.sestogrado.it\/it\/wp-json\/wp\/v2\/product_brand?post=81482"},{"taxonomy":"product_cat","embeddable":true,"href":"https:\/\/www.sestogrado.it\/it\/wp-json\/wp\/v2\/product_cat?post=81482"},{"taxonomy":"product_tag","embeddable":true,"href":"https:\/\/www.sestogrado.it\/it\/wp-json\/wp\/v2\/product_tag?post=81482"}],"curies":[{"name":"wp","href":"https:\/\/api.w.org\/{rel}","templated":true}]}}